{"id":122492,"date":"2024-05-15T14:21:12","date_gmt":"2024-05-15T14:21:12","guid":{"rendered":"https:\/\/bas-ip.com\/?page_id=122492"},"modified":"2024-11-05T14:50:25","modified_gmt":"2024-11-05T14:50:25","slug":"policy-for-support-av-inbyggd-programvara","status":"publish","type":"page","link":"https:\/\/bas-ip.com\/sv\/policy-for-support-av-inbyggd-programvara\/","title":{"rendered":"Policy f\u00f6r support av inbyggd programvara"},"content":{"rendered":"<p><strong>Underh\u00e5ll av fast programvara<\/strong><\/p>\n\n\n\n<p id=\"block-ee68b003-5746-48ae-a94d-3b46b3eededf\">BAS-IP kan, efter eget gottfinnande, ge ett grundl\u00e4ggande firmware-support under den till\u00e4mpliga garantiperioden f\u00f6r h\u00e5rdvaran. Under garantiperioden kan BAS-IP sl\u00e4ppa underh\u00e5llsversioner eller buggfixar till maskinvaran.<\/p>\n\n\n\n<p id=\"block-7e65c67f-01a6-48e8-a27c-cbf387e391ff\">N\u00e4r garantiperioden har l\u00f6pt ut kommer BAS-IP inte l\u00e4ngre att utveckla, underh\u00e5lla eller testa den aktuella inbyggda programvaran. BAS-IP kan dock, efter eget gottfinnande och p\u00e5 produktbasis, erbjuda support efter utg\u00e5ngen av garantiperioden. All BAS-IP-firmware, inklusive men inte begr\u00e4nsat till firmware som levereras f\u00f6rinstallerad p\u00e5 BAS-IP-h\u00e5rdvara och d\u00e4r h\u00e5rdvara \u00e4r f\u00f6rem\u00e5l f\u00f6r RMA-tj\u00e4nst, levereras &#8221;som den \u00e4r&#8221;.<\/p>\n\n\n\n<p>BAS-IP:s inbyggda programvara omfattas inte av BAS-IP:s garanti.<\/p>\n\n\n\n<p><\/p>\n\n\n\n<p><\/p>","protected":false},"excerpt":{"rendered":"<p>Underh\u00e5ll av fast programvara BAS-IP kan, efter eget gottfinnande, ge ett grundl\u00e4ggande firmware-support under den till\u00e4mpliga garantiperioden f\u00f6r h\u00e5rdvaran. Under garantiperioden kan BAS-IP sl\u00e4ppa underh\u00e5llsversioner eller buggfixar till maskinvaran. N\u00e4r garantiperioden har l\u00f6pt ut kommer BAS-IP inte l\u00e4ngre att utveckla, underh\u00e5lla eller testa den aktuella inbyggda programvaran. BAS-IP kan dock, efter eget gottfinnande och p\u00e5 [&hellip;]<\/p>","protected":false},"author":3,"featured_media":0,"parent":0,"menu_order":0,"comment_status":"closed","ping_status":"closed","template":"","meta":{"inline_featured_image":false,"footnotes":""},"class_list":["post-122492","page","type-page","status-publish","hentry"],"acf":[],"_links":{"self":[{"href":"https:\/\/bas-ip.com\/sv\/wp-json\/wp\/v2\/pages\/122492","targetHints":{"allow":["GET"]}}],"collection":[{"href":"https:\/\/bas-ip.com\/sv\/wp-json\/wp\/v2\/pages"}],"about":[{"href":"https:\/\/bas-ip.com\/sv\/wp-json\/wp\/v2\/types\/page"}],"author":[{"embeddable":true,"href":"https:\/\/bas-ip.com\/sv\/wp-json\/wp\/v2\/users\/3"}],"replies":[{"embeddable":true,"href":"https:\/\/bas-ip.com\/sv\/wp-json\/wp\/v2\/comments?post=122492"}],"version-history":[{"count":1,"href":"https:\/\/bas-ip.com\/sv\/wp-json\/wp\/v2\/pages\/122492\/revisions"}],"predecessor-version":[{"id":122493,"href":"https:\/\/bas-ip.com\/sv\/wp-json\/wp\/v2\/pages\/122492\/revisions\/122493"}],"wp:attachment":[{"href":"https:\/\/bas-ip.com\/sv\/wp-json\/wp\/v2\/media?parent=122492"}],"curies":[{"name":"wp","href":"https:\/\/api.w.org\/{rel}","templated":true}]}}