{"id":121720,"date":"2024-02-14T09:43:47","date_gmt":"2024-02-14T09:43:47","guid":{"rendered":"https:\/\/bas-ip.com\/?page_id=121720"},"modified":"2024-11-04T18:12:03","modified_gmt":"2024-11-04T18:12:03","slug":"axis","status":"publish","type":"page","link":"https:\/\/bas-ip.com\/sv\/axis\/","title":{"rendered":"Axis"},"content":{"rendered":"<div class=\"wp-block-image\">\n<figure class=\"aligncenter size-medium\"><img loading=\"lazy\" decoding=\"async\" width=\"300\" height=\"108\" src=\"https:\/\/bas-ip.com\/wp-content\/uploads\/2024\/02\/Axis_Communications_logo.svg-300x108.png\" alt=\"\" class=\"wp-image-108863\" srcset=\"https:\/\/bas-ip.com\/wp-content\/uploads\/2024\/02\/Axis_Communications_logo.svg-300x108.png 300w,  https:\/\/bas-ip.com\/wp-content\/uploads\/2024\/02\/Axis_Communications_logo.svg-1024x369.png 1024w,  https:\/\/bas-ip.com\/wp-content\/uploads\/2024\/02\/Axis_Communications_logo.svg-768x277.png 768w,  https:\/\/bas-ip.com\/wp-content\/uploads\/2024\/02\/Axis_Communications_logo.svg-767x276.png 767w,  https:\/\/bas-ip.com\/wp-content\/uploads\/2024\/02\/Axis_Communications_logo.svg.png 1280w\" sizes=\"auto, (max-width: 300px) 100vw, 300px\" \/><\/figure>\n<\/div>\n\n\n<p>Integreringen av BAS-IP intercoms med AXIS CCTV-kameror, s\u00e4rskilt f\u00f6r ALPR-funktionen (Automatic License Plate Recognition), inneb\u00e4r en enkel men effektiv installation. Denna integration m\u00f6jligg\u00f6r s\u00f6ml\u00f6s drift och kostnadseffektivitet genom att eliminera behovet av professionell ALPR-programvara. H\u00e4r f\u00f6ljer en detaljerad beskrivning av hur denna integration fungerar:<\/p>\n\n\n\n<p><strong>\u00d6versikt \u00f6ver integration<\/strong><\/p>\n\n\n\n<p>M\u00e5ls\u00e4ttning: Att automatisera grind\u00f6ppning genom nummerpl\u00e5tsigenk\u00e4nning med hj\u00e4lp av BAS-IP intercoms och AXIS CCTV-kameror med ALPR-funktion.<\/p>\n\n\n\n<p><strong>Komponenter:<\/strong><\/p>\n\n\n\n<p><strong>1.<\/strong> BAS-IP Intercom Panel: Ett sofistikerat intercom-system som kan integreras med IP-kameror.<\/p>\n\n\n\n<p id=\"block-71b4e203-79f6-41e5-9b03-45f8003e9e6e\"><strong>2. <\/strong>AXIS-kamera med ALPR-funktionalitet: Specifika modeller som AXIS P1455-LE-3, AXIS P3245-LVE-3 eller AXIS Q1700-LE \u00e4r l\u00e4mpliga f\u00f6r denna integration.<\/p>\n\n\n\n<p><strong>3.<\/strong> Databas f\u00f6r registreringsskyltar: Lagrad antingen i utomhuspanelens minne i BAS-IP intercom eller i programvaran BAS-IP Link.<\/p>\n\n\n\n<p><strong>Hur det fungerar<\/strong><\/p>\n\n\n\n<p><strong>1.<\/strong> Installation och konfigurering: Anv\u00e4ndaren k\u00f6per en BAS-IP intercom-panel och en AXIS-kamera utrustad med ALPR-teknik.<\/p>\n\n\n\n<p id=\"block-46798681-6d10-4b13-9463-80cef77d3bbd\"><strong>2.<\/strong> N\u00e4tverkskonfiguration: AXIS-kameran och BAS-IP-ing\u00e5ngspanelen m\u00e5ste finnas p\u00e5 samma subn\u00e4t f\u00f6r att kunna kommunicera effektivt.<\/p>\n\n\n\n<p id=\"block-01cde660-4e9a-41ac-a6ed-a05658958454\"><strong>3.<\/strong> Registrering av registreringsskyltar: Fordonets registreringsskyltar registreras och lagras. Detta kan g\u00f6ras via intercomens webbgr\u00e4nssnitt eller programvaran BAS-IP Link.<\/p>\n\n\n\n<p id=\"block-18a41844-cfcd-4331-abed-674a71e5e1d8\"><strong>4.<\/strong> Skanning av registreringsskylt: N\u00e4r ett fordon n\u00e4rmar sig grinden l\u00e4ser AXIS-kameran av registreringsskylten.<\/p>\n\n\n\n<p><strong>5.<\/strong> Erk\u00e4nnande och \u00e5tg\u00e4rd: Om den skannade registreringsskylten matchar en i den lagrade databasen, utl\u00f6ser BAS-IP intercom-panelen att grinden \u00f6ppnas automatiskt.<\/p>\n\n\n\n<p><strong>F\u00f6rdelar<\/strong><\/p>\n\n\n\n<p>Kostnadseffektivt: Eliminerar behovet av dyr professionell ALPR-programvara.<\/p>\n\n\n\n<p id=\"block-89af15c3-bf55-46ba-903e-c74a2fe054d1\">Anv\u00e4ndarv\u00e4nlighet: Enkel installation och anv\u00e4ndarv\u00e4nlig hantering av registreringsskyltar via webbgr\u00e4nssnittet eller BAS-IP-programvaran.<\/p>\n\n\n\n<p id=\"block-5cb44ecc-ad1d-496c-951b-b0d353fea6c2\">F\u00f6rb\u00e4ttrad s\u00e4kerhet: Automatiserad grinddrift baserad p\u00e5 identifierade registreringsskyltar ger ett extra s\u00e4kerhetslager.<\/p>\n\n\n\n<p>Flexibilitet: L\u00e4mplig f\u00f6r olika till\u00e4mpningar, t.ex. bostadsomr\u00e5den, kontorsbyggnader eller inh\u00e4gnade bostadsomr\u00e5den.<\/p>\n\n\n\n<p>Genom att kombinera den avancerade tekniken i BAS-IP intercoms med precisionen i AXIS-kameror utrustade med ALPR, kan anv\u00e4ndarna njuta av en h\u00f6g niv\u00e5 av s\u00e4kerhet och bekv\u00e4mlighet utan behov av ytterligare ALPR-programvara.<\/p>\n\n\n<!-- START Block Sign Up --><section id=\"block_629678229e935\" class=\"sign-up-section\">\r\n\r\n    <div class=\"form-holder js-form\" data-aos=\"fade-right\">\r\n                    <div class=\"title-block h3\">Sign up for connection<\/div>\r\n        \r\n                    <div class=\"text-block\">\r\n                Filling out all the information needed to answer you as quickly as possible            <\/div>\r\n        \r\n                    \n<div class=\"wpcf7 no-js\" id=\"wpcf7-f102-o1\" lang=\"en-US\" dir=\"ltr\">\n<div class=\"screen-reader-response\"><p role=\"status\" aria-live=\"polite\" aria-atomic=\"true\"><\/p> <ul><\/ul><\/div>\n<form action=\"\/sv\/wp-json\/wp\/v2\/pages\/121720#wpcf7-f102-o1\" method=\"post\" class=\"wpcf7-form init\" aria-label=\"Contact form\" enctype=\"multipart\/form-data\" novalidate=\"novalidate\" data-status=\"init\">\n<div style=\"display: none;\">\n<input type=\"hidden\" name=\"_wpcf7\" value=\"102\" \/>\n<input type=\"hidden\" name=\"_wpcf7_version\" value=\"5.8.3\" \/>\n<input type=\"hidden\" name=\"_wpcf7_locale\" value=\"en_US\" \/>\n<input type=\"hidden\" name=\"_wpcf7_unit_tag\" value=\"wpcf7-f102-o1\" \/>\n<input type=\"hidden\" name=\"_wpcf7_container_post\" value=\"0\" \/>\n<input type=\"hidden\" name=\"_wpcf7_posted_data_hash\" value=\"\" \/>\n<input type=\"hidden\" name=\"_wpcf7_recaptcha_response\" value=\"\" \/>\n<\/div>\n<div class=\"row\"> \n <label><span class=\"label-text\">Name<\/span> \n  <span class=\"wpcf7-form-control-wrap\" data-name=\"text-full-name\"><input size=\"40\" class=\"wpcf7-form-control wpcf7-text wpcf7-validates-as-required\" aria-required=\"true\" aria-invalid=\"false\" placeholder=\"Name\" value=\"\" type=\"text\" name=\"text-full-name\" \/><\/span><\/label> \n<\/div> \n<div class=\"row\"> \n <label><span class=\"label-text\">Phone*<\/span> \n<span class=\"wpcf7-form-control-wrap\" data-name=\"phonetext-270\"><input size=\"40\" class=\"wpcf7-form-control wpcf7-phonetext wpcf7-validates-as-required wpcf7-text wpcf7-validates-as-phonetext\" aria-required=\"true\" aria-invalid=\"false\" placeholder=\"Phone*\" value=\"\" type=\"text\" name=\"phonetext-270\" \/><input type=\"hidden\" name=\"phonetext-270-country-code\" class=\"wpcf7-phonetext-country-code\" \/><\/span><\/label> \n<\/div> \n<div class=\"row\"> \n <label><span class=\"label-text\">E-mail<\/span> \n  <span class=\"wpcf7-form-control-wrap\" data-name=\"email-e-mail\"><input size=\"40\" class=\"wpcf7-form-control wpcf7-email wpcf7-validates-as-required wpcf7-text wpcf7-validates-as-email\" aria-required=\"true\" aria-invalid=\"false\" placeholder=\"E-mail\" value=\"\" type=\"email\" name=\"email-e-mail\" \/><\/span><\/label> \n<\/div> \n<div class=\"row\"><span>Your country<\/span> \n <label><span class=\"wpcf7-form-control-wrap\" data-name=\"countrytext-126\"><input size=\"40\" class=\"wpcf7-form-control wpcf7-countrytext wpcf7-text wpcf7-validates-as-countrytext\" aria-invalid=\"false\" value=\"\" type=\"text\" name=\"countrytext-126\" \/><\/span> <\/label>\n<\/div> \n<div class=\"row\"> \n <button type=\"submit\" class=\"btn\">Send<\/button> \n<\/div> \n<div class=\"row\"> \n <span class=\"wpcf7-form-control-wrap\" data-name=\"checkbox-931\"><span class=\"wpcf7-form-control wpcf7-checkbox\"><span class=\"wpcf7-list-item first\"><label><input type=\"checkbox\" name=\"checkbox-931[]\" value=\"Integrator\" \/><span class=\"wpcf7-list-item-label\">Integrator<\/span><\/label><\/span><span class=\"wpcf7-list-item\"><label><input type=\"checkbox\" name=\"checkbox-931[]\" value=\"Builder\" \/><span class=\"wpcf7-list-item-label\">Builder<\/span><\/label><\/span><span class=\"wpcf7-list-item last\"><label><input type=\"checkbox\" name=\"checkbox-931[]\" value=\"End-User\" \/><span class=\"wpcf7-list-item-label\">End-User<\/span><\/label><\/span><\/span><\/span> \n<\/div> \n<div class=\"row row-upload-file\"> \n <label class=\"upload-file-block js-upload-file\">Attach file \n  <span class=\"wpcf7-form-control-wrap\" data-name=\"file-466\"><input size=\"40\" class=\"wpcf7-form-control wpcf7-file\" accept=\"audio\/*,video\/*,image\/*\" aria-invalid=\"false\" type=\"file\" name=\"file-466\" \/><\/span><\/label> \n<\/div><input type='hidden' class='wpcf7-pum' value='{\"closepopup\":false,\"closedelay\":0,\"openpopup\":false,\"openpopup_id\":0}' \/><div class=\"wpcf7-response-output\" aria-hidden=\"true\"><\/div>\n<\/form>\n<\/div>\n            <\/div>\r\n\r\n\t\t    <div class=\"text-holder\" data-aos=\"fade-left\">\r\n\t\t\t\t\t\t    <h3 class=\"title-block\">How Can We Help?<\/h3>\r\n\t\t\t\r\n\t\t\t                <div class=\"text-block\">\r\n                    Please select a topic below related to your inquiry. If you don&#8217;t find what you need, fill out our contact form.                <\/div>\r\n\t\t\t\r\n\t\t\t\t\t\t    <ul class=\"link-list\">\r\n\t\t\t\t\t\t\t\t\t\t\t\t\t\t\t\t\t\t<li>\r\n\t\t\t\t\t\t\t\t\t\t\t\t\t\t\t\t    <strong>Get Inspired<\/strong>\r\n\t\t\t\t\t\t\t\t\t\t\t\t\t\t\t\t\t\t\t\t\t\t\t\t    <a href=\"\/features\/\">\r\n\t\t\t\t\t\t\t\t        Discover what&#8217;s beneath our intercom\t\t\t\t\t\t\t\t    <\/a>\r\n\t\t\t\t\t\t\t\t\t\t\t\t\t\t\t<\/li>\r\n\t\t\t\t\t\t\t\t\t\t\t\t\t\t\t\t\t\t\t\t\t\t\t\t<li>\r\n\t\t\t\t\t\t\t\t\t\t\t\t\t\t\t\t    <strong>Become a Partner<\/strong>\r\n\t\t\t\t\t\t\t\t\t\t\t\t\t\t\t\t\t\t\t\t\t\t\t\t    <a href=\"\/distributors\/\">\r\n\t\t\t\t\t\t\t\t        Expand your business with BAS-IP intercom\t\t\t\t\t\t\t\t    <\/a>\r\n\t\t\t\t\t\t\t\t\t\t\t\t\t\t\t<\/li>\r\n\t\t\t\t\t\t\t\t\t\t\t\t\t\t\t\t\t\t\t\t\t\t\t\t<li>\r\n\t\t\t\t\t\t\t\t\t\t\t\t\t\t\t\t    <strong>Check the Guides<\/strong>\r\n\t\t\t\t\t\t\t\t\t\t\t\t\t\t\t\t\t\t\t\t\t\t\t\t    <a href=\"\/support\/\">\r\n\t\t\t\t\t\t\t\t        Download detailed manuals and schemes\t\t\t\t\t\t\t\t    <\/a>\r\n\t\t\t\t\t\t\t\t\t\t\t\t\t\t\t<\/li>\r\n\t\t\t\t\t\t\t\t\t\t\t\t\t\t\t<\/ul>\r\n\t\t\t\r\n\t\t\t\t\t\t    <h3 class=\"title-block\">Our contacts<\/h3>\r\n\t\t\t\r\n\t\t\t\t\t\t\t<ul class=\"contact-list\">\r\n\t\t\t\t\t\t\t\t\t\t\t\t\t\t\t\t\t\t<li>\r\n\t\t\t\t\t\t\t\t\t\t\t\t\t\t\t\t\t<strong>Sales:<\/strong>\r\n\t\t\t\t\t\t\t\t\t\t\t\t\t\t\t\t\t\t\t\t\t\t\t\t    <a href=\"mailto:&#115;&#97;l&#101;&#115;&#64;&#98;&#97;&#115;-&#105;p.&#99;&#111;m\">sa&#108;&#101;&#115;&#64;&#98;a&#115;-ip&#46;c&#111;&#109;<\/a>\r\n\t\t\t\t\t\t\t\t\t\t\t\t\t\t\t<\/li>\r\n\t\t\t\t\t\t\t\t\t\t\t\t\t\t\t\t\t\t\t\t\t\t\t\t<li>\r\n\t\t\t\t\t\t\t\t\t\t\t\t\t\t\t\t\t<strong>Technical support:<\/strong>\r\n\t\t\t\t\t\t\t\t\t\t\t\t\t\t\t\t\t\t\t\t\t\t\t\t    <a href=\"mailto:&#115;upp&#111;r&#116;&#64;&#98;as&#45;&#105;&#112;&#46;com\">&#115;u&#112;&#112;ort&#64;&#98;&#97;&#115;&#45;ip&#46;&#99;o&#109;<\/a>\r\n\t\t\t\t\t\t\t\t\t\t\t\t\t\t\t<\/li>\r\n\t\t\t\t\t\t\t\t\t\t\t\t\t\t\t<\/ul>\r\n\t\t\t\t\t<\/div>\r\n\t<\/section>\r\n\r\n\r\n\r\n<!-- END Block Sign Up -->","protected":false},"excerpt":{"rendered":"<p>Integreringen av BAS-IP intercoms med AXIS CCTV-kameror, s\u00e4rskilt f\u00f6r ALPR-funktionen (Automatic License Plate Recognition), inneb\u00e4r en enkel men effektiv installation. Denna integration m\u00f6jligg\u00f6r s\u00f6ml\u00f6s drift och kostnadseffektivitet genom att eliminera behovet av professionell ALPR-programvara. H\u00e4r f\u00f6ljer en detaljerad beskrivning av hur denna integration fungerar: \u00d6versikt \u00f6ver integration M\u00e5ls\u00e4ttning: Att automatisera grind\u00f6ppning genom nummerpl\u00e5tsigenk\u00e4nning med hj\u00e4lp [&hellip;]<\/p>","protected":false},"author":3,"featured_media":0,"parent":0,"menu_order":0,"comment_status":"closed","ping_status":"closed","template":"page-custom-breadcrumbs.php","meta":{"inline_featured_image":false,"footnotes":""},"class_list":["post-121720","page","type-page","status-publish","hentry"],"acf":[],"_links":{"self":[{"href":"https:\/\/bas-ip.com\/sv\/wp-json\/wp\/v2\/pages\/121720","targetHints":{"allow":["GET"]}}],"collection":[{"href":"https:\/\/bas-ip.com\/sv\/wp-json\/wp\/v2\/pages"}],"about":[{"href":"https:\/\/bas-ip.com\/sv\/wp-json\/wp\/v2\/types\/page"}],"author":[{"embeddable":true,"href":"https:\/\/bas-ip.com\/sv\/wp-json\/wp\/v2\/users\/3"}],"replies":[{"embeddable":true,"href":"https:\/\/bas-ip.com\/sv\/wp-json\/wp\/v2\/comments?post=121720"}],"version-history":[{"count":1,"href":"https:\/\/bas-ip.com\/sv\/wp-json\/wp\/v2\/pages\/121720\/revisions"}],"predecessor-version":[{"id":121721,"href":"https:\/\/bas-ip.com\/sv\/wp-json\/wp\/v2\/pages\/121720\/revisions\/121721"}],"wp:attachment":[{"href":"https:\/\/bas-ip.com\/sv\/wp-json\/wp\/v2\/media?parent=121720"}],"curies":[{"name":"wp","href":"https:\/\/api.w.org\/{rel}","templated":true}]}}