{"id":150035,"date":"2025-02-06T12:58:36","date_gmt":"2025-02-06T12:58:36","guid":{"rendered":"https:\/\/bas-ip.com\/napco\/"},"modified":"2025-11-18T15:23:12","modified_gmt":"2025-11-18T15:23:12","slug":"napco","status":"publish","type":"page","link":"https:\/\/bas-ip.com\/sr\/napco\/","title":{"rendered":"NAPCO"},"content":{"rendered":"<h2 class=\"wp-block-heading\">BAS-IP i NAPCO: Integracija za Pogodno Upravljanje Pristupom<\/h2>\n\n\n<div class=\"wp-block-image\">\n<figure class=\"aligncenter size-full\"><img loading=\"lazy\" decoding=\"async\" width=\"900\" height=\"183\" src=\"https:\/\/bas-ip.com\/wp-content\/uploads\/2025\/02\/napco-security-logo.png\" alt=\"\" class=\"wp-image-130197\" srcset=\"https:\/\/bas-ip.com\/wp-content\/uploads\/2025\/02\/napco-security-logo.png 900w,  https:\/\/bas-ip.com\/wp-content\/uploads\/2025\/02\/napco-security-logo-300x61.png 300w,  https:\/\/bas-ip.com\/wp-content\/uploads\/2025\/02\/napco-security-logo-768x156.png 768w,  https:\/\/bas-ip.com\/wp-content\/uploads\/2025\/02\/napco-security-logo-767x156.png 767w\" sizes=\"auto, (max-width: 900px) 100vw, 900px\" \/><\/figure>\n<\/div>\n\n<p data-path-to-node=\"15\">Integracija sa <b>NAPCO<\/b> sistemom funkcioni\u0161e preko <b>Android<\/b> panela <b>AV-08FB<\/b>. Povezivanjem panela sa softverom <b>Card Access Software v1.2.x<\/b>, korisnici mogu upravljati akreditivima putem jedinstvenog interfejsa, elimini\u0161u\u0107i potrebu za posebnim veb interfejsom, \u0161to pojednostavljuje proces.<\/p>\n<p data-path-to-node=\"16\">Integracija pokriva <b>kontrolu pristupa<\/b>, <b>video nadzor<\/b> i <b>pra\u0107enje u realnom vremenu<\/b>, \u010dine\u0107i sistem fleksibilnim i pogodnim, posebno za stambene komplekse i kancelarije gde su brzo upravljanje i hitan odgovor na doga\u0111aje klju\u010dni.<\/p>\n<p data-path-to-node=\"18\">\u00a0<\/p>\n<h3>Prednosti Integracije BAS-IP i NAPCO:<\/h3>\n<p>\u00a0<\/p>\n<ul>\n<li data-path-to-node=\"19,0,0\"><b>Lako\u0107a Upravljanja:<\/b> Jedan interfejs omogu\u0107ava korisnicima lako upravljanje akreditivima i pristupom, pojednostavljuju\u0107i administrativni proces.<\/li>\n<li data-path-to-node=\"19,0,0\"><b>Fleksibilan Sistem:<\/b> Integracija omogu\u0107ava kori\u0161\u0107enje razli\u010ditih funkcija, uklju\u010duju\u0107i kontrolu pristupa i video nadzor, \u010dine\u0107i sistem raznovrsnim.<\/li>\n<li data-path-to-node=\"19,0,0\"><b>Pra\u0107enje u Realnom Vremenu:<\/b> Mogu\u0107nost pra\u0107enja doga\u0111aja u realnom vremenu pobolj\u0161ava bezbednost i omogu\u0107ava br\u017ei odgovor na incidente.<\/li>\n<li data-path-to-node=\"19,0,0\"><b>Idealno za Stambene i Poslovne Komplekse:<\/b> Re\u0161enje je prilago\u0111eno objektima gde su neophodni brz odgovor i pogodno upravljanje pristupom.<\/li>\n<\/ul>\n<p data-path-to-node=\"21\">\u00a0<\/p>\n<h3>Klju\u010dni Aspekti Integracije:<\/h3>\n<p>\u00a0<\/p>\n<p data-path-to-node=\"22\">Saradnja izme\u0111u <b>BAS-IP<\/b> i <b>NAPCO<\/b> nudi:<\/p>\n<ul>\n<li data-path-to-node=\"23,0,0\">Integraciju sa panelom <b>AV-08FB<\/b> i softverom <b>Card Access<\/b>, pru\u017eaju\u0107i pogodno upravljanje pristupom.<\/li>\n<li data-path-to-node=\"23,0,0\">Povezanost izme\u0111u razli\u010ditih aspekata bezbednosti, kao \u0161to su video nadzor i kontrola pristupa.<\/li>\n<li data-path-to-node=\"23,0,0\">Fleksibilne konfiguracije za prilago\u0111avanje razli\u010ditim potrebama korisnika.<\/li>\n<\/ul>\n<p data-path-to-node=\"24\">Ova integracija omogu\u0107ava objedinjavanje upravljanja pristupom i video nadzora u jedan sistem, \u0161to je \u010dini idealnim re\u0161enjem za moderne objekte. Saradnja izme\u0111u <b>BAS-IP<\/b> i <b>NAPCO<\/b> pru\u017ea efikasan i siguran alat za upravljanje i pra\u0107enje pristupa.<\/p>\n<p data-path-to-node=\"25\">Za detaljnije smernice za instalaciju i konfiguraciju, pogledajte na\u0161 <a href=\"https:\/\/basip.atlassian.net\/wiki\/spaces\/Integrations\/pages\/248479748\/Integration+with+NAPCO\" target=\"_blank\" rel=\"noopener\"><b>Wiki Priru\u010dnik<\/b><\/a>.<\/p>\n\n<!-- START Block Sign Up --><section id=\"block_629678229e935\" class=\"sign-up-section\">\r\n\r\n    <div class=\"form-holder js-form\" data-aos=\"fade-right\">\r\n                    <div class=\"title-block h3\">Sign up for connection<\/div>\r\n        \r\n                    <div class=\"text-block\">\r\n                Filling out all the information needed to answer you as quickly as possible            <\/div>\r\n        \r\n                    \n<div class=\"wpcf7 no-js\" id=\"wpcf7-f102-o1\" lang=\"en-US\" dir=\"ltr\">\n<div class=\"screen-reader-response\"><p role=\"status\" aria-live=\"polite\" aria-atomic=\"true\"><\/p> <ul><\/ul><\/div>\n<form action=\"\/sr\/wp-json\/wp\/v2\/pages\/150035#wpcf7-f102-o1\" method=\"post\" class=\"wpcf7-form init\" aria-label=\"Contact form\" enctype=\"multipart\/form-data\" novalidate=\"novalidate\" data-status=\"init\">\n<div style=\"display: none;\">\n<input type=\"hidden\" name=\"_wpcf7\" value=\"102\" \/>\n<input type=\"hidden\" name=\"_wpcf7_version\" value=\"5.8.3\" \/>\n<input type=\"hidden\" name=\"_wpcf7_locale\" value=\"en_US\" \/>\n<input type=\"hidden\" name=\"_wpcf7_unit_tag\" value=\"wpcf7-f102-o1\" \/>\n<input type=\"hidden\" name=\"_wpcf7_container_post\" value=\"0\" \/>\n<input type=\"hidden\" name=\"_wpcf7_posted_data_hash\" value=\"\" \/>\n<input type=\"hidden\" name=\"_wpcf7_recaptcha_response\" value=\"\" \/>\n<\/div>\n<div class=\"row\"> \n <label><span class=\"label-text\">Name<\/span> \n  <span class=\"wpcf7-form-control-wrap\" data-name=\"text-full-name\"><input size=\"40\" class=\"wpcf7-form-control wpcf7-text wpcf7-validates-as-required\" aria-required=\"true\" aria-invalid=\"false\" placeholder=\"Name\" value=\"\" type=\"text\" name=\"text-full-name\" \/><\/span><\/label> \n<\/div> \n<div class=\"row\"> \n <label><span class=\"label-text\">Phone*<\/span> \n<span class=\"wpcf7-form-control-wrap\" data-name=\"phonetext-270\"><input size=\"40\" class=\"wpcf7-form-control wpcf7-phonetext wpcf7-validates-as-required wpcf7-text wpcf7-validates-as-phonetext\" aria-required=\"true\" aria-invalid=\"false\" placeholder=\"Phone*\" value=\"\" type=\"text\" name=\"phonetext-270\" \/><input type=\"hidden\" name=\"phonetext-270-country-code\" class=\"wpcf7-phonetext-country-code\" \/><\/span><\/label> \n<\/div> \n<div class=\"row\"> \n <label><span class=\"label-text\">E-mail<\/span> \n  <span class=\"wpcf7-form-control-wrap\" data-name=\"email-e-mail\"><input size=\"40\" class=\"wpcf7-form-control wpcf7-email wpcf7-validates-as-required wpcf7-text wpcf7-validates-as-email\" aria-required=\"true\" aria-invalid=\"false\" placeholder=\"E-mail\" value=\"\" type=\"email\" name=\"email-e-mail\" \/><\/span><\/label> \n<\/div> \n<div class=\"row\"><span>Your country<\/span> \n <label><span class=\"wpcf7-form-control-wrap\" data-name=\"countrytext-126\"><input size=\"40\" class=\"wpcf7-form-control wpcf7-countrytext wpcf7-text wpcf7-validates-as-countrytext\" aria-invalid=\"false\" value=\"\" type=\"text\" name=\"countrytext-126\" \/><\/span> <\/label>\n<\/div> \n<div class=\"row\"> \n <button type=\"submit\" class=\"btn\">Send<\/button> \n<\/div> \n<div class=\"row\"> \n <span class=\"wpcf7-form-control-wrap\" data-name=\"checkbox-931\"><span class=\"wpcf7-form-control wpcf7-checkbox\"><span class=\"wpcf7-list-item first\"><label><input type=\"checkbox\" name=\"checkbox-931[]\" value=\"Integrator\" \/><span class=\"wpcf7-list-item-label\">Integrator<\/span><\/label><\/span><span class=\"wpcf7-list-item\"><label><input type=\"checkbox\" name=\"checkbox-931[]\" value=\"Builder\" \/><span class=\"wpcf7-list-item-label\">Builder<\/span><\/label><\/span><span class=\"wpcf7-list-item last\"><label><input type=\"checkbox\" name=\"checkbox-931[]\" value=\"End-User\" \/><span class=\"wpcf7-list-item-label\">End-User<\/span><\/label><\/span><\/span><\/span> \n<\/div> \n<div class=\"row row-upload-file\"> \n <label class=\"upload-file-block js-upload-file\">Attach file \n  <span class=\"wpcf7-form-control-wrap\" data-name=\"file-466\"><input size=\"40\" class=\"wpcf7-form-control wpcf7-file\" accept=\"audio\/*,video\/*,image\/*\" aria-invalid=\"false\" type=\"file\" name=\"file-466\" \/><\/span><\/label> \n<\/div><input type='hidden' class='wpcf7-pum' value='{\"closepopup\":false,\"closedelay\":0,\"openpopup\":false,\"openpopup_id\":0}' \/><div class=\"wpcf7-response-output\" aria-hidden=\"true\"><\/div>\n<\/form>\n<\/div>\n            <\/div>\r\n\r\n\t\t    <div class=\"text-holder\" data-aos=\"fade-left\">\r\n\t\t\t\t\t\t    <h3 class=\"title-block\">How Can We Help?<\/h3>\r\n\t\t\t\r\n\t\t\t                <div class=\"text-block\">\r\n                    Please select a topic below related to your inquiry. If you don&#8217;t find what you need, fill out our contact form.                <\/div>\r\n\t\t\t\r\n\t\t\t\t\t\t    <ul class=\"link-list\">\r\n\t\t\t\t\t\t\t\t\t\t\t\t\t\t\t\t\t\t<li>\r\n\t\t\t\t\t\t\t\t\t\t\t\t\t\t\t\t    <strong>Get Inspired<\/strong>\r\n\t\t\t\t\t\t\t\t\t\t\t\t\t\t\t\t\t\t\t\t\t\t\t\t    <a href=\"\/features\/\">\r\n\t\t\t\t\t\t\t\t        Discover what&#8217;s beneath our intercom\t\t\t\t\t\t\t\t    <\/a>\r\n\t\t\t\t\t\t\t\t\t\t\t\t\t\t\t<\/li>\r\n\t\t\t\t\t\t\t\t\t\t\t\t\t\t\t\t\t\t\t\t\t\t\t\t<li>\r\n\t\t\t\t\t\t\t\t\t\t\t\t\t\t\t\t    <strong>Become a Partner<\/strong>\r\n\t\t\t\t\t\t\t\t\t\t\t\t\t\t\t\t\t\t\t\t\t\t\t\t    <a href=\"\/distributors\/\">\r\n\t\t\t\t\t\t\t\t        Expand your business with BAS-IP intercom\t\t\t\t\t\t\t\t    <\/a>\r\n\t\t\t\t\t\t\t\t\t\t\t\t\t\t\t<\/li>\r\n\t\t\t\t\t\t\t\t\t\t\t\t\t\t\t\t\t\t\t\t\t\t\t\t<li>\r\n\t\t\t\t\t\t\t\t\t\t\t\t\t\t\t\t    <strong>Check the Guides<\/strong>\r\n\t\t\t\t\t\t\t\t\t\t\t\t\t\t\t\t\t\t\t\t\t\t\t\t    <a href=\"\/support\/\">\r\n\t\t\t\t\t\t\t\t        Download detailed manuals and schemes\t\t\t\t\t\t\t\t    <\/a>\r\n\t\t\t\t\t\t\t\t\t\t\t\t\t\t\t<\/li>\r\n\t\t\t\t\t\t\t\t\t\t\t\t\t\t\t<\/ul>\r\n\t\t\t\r\n\t\t\t\t\t\t    <h3 class=\"title-block\">Our contacts<\/h3>\r\n\t\t\t\r\n\t\t\t\t\t\t\t<ul class=\"contact-list\">\r\n\t\t\t\t\t\t\t\t\t\t\t\t\t\t\t\t\t\t<li>\r\n\t\t\t\t\t\t\t\t\t\t\t\t\t\t\t\t\t<strong>Sales:<\/strong>\r\n\t\t\t\t\t\t\t\t\t\t\t\t\t\t\t\t\t\t\t\t\t\t\t\t    <a href=\"mailto:&#115;&#97;les&#64;&#98;a&#115;-&#105;p.&#99;om\">&#115;&#97;les&#64;b&#97;&#115;-ip.&#99;om<\/a>\r\n\t\t\t\t\t\t\t\t\t\t\t\t\t\t\t<\/li>\r\n\t\t\t\t\t\t\t\t\t\t\t\t\t\t\t\t\t\t\t\t\t\t\t\t<li>\r\n\t\t\t\t\t\t\t\t\t\t\t\t\t\t\t\t\t<strong>Technical support:<\/strong>\r\n\t\t\t\t\t\t\t\t\t\t\t\t\t\t\t\t\t\t\t\t\t\t\t\t    <a href=\"mailto:su&#112;po&#114;&#116;&#64;ba&#115;-&#105;p.c&#111;m\">sup&#112;&#111;&#114;&#116;&#64;bas&#45;ip.c&#111;m<\/a>\r\n\t\t\t\t\t\t\t\t\t\t\t\t\t\t\t<\/li>\r\n\t\t\t\t\t\t\t\t\t\t\t\t\t\t\t<\/ul>\r\n\t\t\t\t\t<\/div>\r\n\t<\/section>\r\n\r\n\r\n\r\n<!-- END Block Sign Up -->","protected":false},"excerpt":{"rendered":"<p>BAS-IP i NAPCO: Integracija za Pogodno Upravljanje Pristupom Integracija sa NAPCO sistemom funkcioni\u0161e preko Android panela AV-08FB. Povezivanjem panela sa softverom Card Access Software v1.2.x, korisnici mogu upravljati akreditivima putem jedinstvenog interfejsa, elimini\u0161u\u0107i potrebu za posebnim veb interfejsom, \u0161to pojednostavljuje proces. Integracija pokriva kontrolu pristupa, video nadzor i pra\u0107enje u realnom vremenu, \u010dine\u0107i sistem fleksibilnim [&hellip;]<\/p>","protected":false},"author":1,"featured_media":0,"parent":0,"menu_order":0,"comment_status":"closed","ping_status":"closed","template":"page-custom-breadcrumbs.php","meta":{"inline_featured_image":false,"footnotes":""},"class_list":["post-150035","page","type-page","status-publish","hentry"],"acf":[],"_links":{"self":[{"href":"https:\/\/bas-ip.com\/sr\/wp-json\/wp\/v2\/pages\/150035","targetHints":{"allow":["GET"]}}],"collection":[{"href":"https:\/\/bas-ip.com\/sr\/wp-json\/wp\/v2\/pages"}],"about":[{"href":"https:\/\/bas-ip.com\/sr\/wp-json\/wp\/v2\/types\/page"}],"author":[{"embeddable":true,"href":"https:\/\/bas-ip.com\/sr\/wp-json\/wp\/v2\/users\/1"}],"replies":[{"embeddable":true,"href":"https:\/\/bas-ip.com\/sr\/wp-json\/wp\/v2\/comments?post=150035"}],"version-history":[{"count":2,"href":"https:\/\/bas-ip.com\/sr\/wp-json\/wp\/v2\/pages\/150035\/revisions"}],"predecessor-version":[{"id":150150,"href":"https:\/\/bas-ip.com\/sr\/wp-json\/wp\/v2\/pages\/150035\/revisions\/150150"}],"wp:attachment":[{"href":"https:\/\/bas-ip.com\/sr\/wp-json\/wp\/v2\/media?parent=150035"}],"curies":[{"name":"wp","href":"https:\/\/api.w.org\/{rel}","templated":true}]}}