{"id":147967,"date":"2025-02-06T14:14:40","date_gmt":"2025-02-06T14:14:40","guid":{"rendered":"https:\/\/bas-ip.com\/actentry-vanderbilt\/"},"modified":"2025-11-12T14:10:09","modified_gmt":"2025-11-12T14:10:09","slug":"actentry-vanderbilt","status":"publish","type":"page","link":"https:\/\/bas-ip.com\/sr\/actentry-vanderbilt\/","title":{"rendered":"ACTentry (Vanderbilt)"},"content":{"rendered":"<h2 class=\"wp-block-heading\">BAS-IP i ACTentry: Redefinisanje kontrole pristupa uz pametnu integraciju<\/h2>\n\n\n<div class=\"wp-block-image\">\n<figure class=\"aligncenter size-full\"><img loading=\"lazy\" decoding=\"async\" width=\"594\" height=\"321\" src=\"https:\/\/bas-ip.com\/wp-content\/uploads\/2025\/02\/ACTpro.png\" alt=\"\" class=\"wp-image-130372\" srcset=\"https:\/\/bas-ip.com\/wp-content\/uploads\/2025\/02\/ACTpro.png 594w,  https:\/\/bas-ip.com\/wp-content\/uploads\/2025\/02\/ACTpro-300x162.png 300w\" sizes=\"auto, (max-width: 594px) 100vw, 594px\" \/><\/figure>\n<\/div>\n\n<p><b>ACTentry<\/b> transformi\u0161e tradicionalnu kontrolu pristupa zamenjuju\u0107i fizi\u010dke ulazne telefone re\u0161enjem zasnovanim na softveru. U kombinaciji sa BAS-IP interfonskim panelima, ova integracija omogu\u0107ava napredno upravljanje posetiocima, spajaju\u0107i video i audio interakciju sa besprekornom kontrolom pristupa direktno putem platforme <b>ACTpro<\/b>.<\/p>\n<p>Podr\u017eani modeli kao \u0161to su <b>AA-12FB2M<\/b> i <b>AV-03BD<\/b> se lako povezuju sa ACTentry-jem, omogu\u0107avaju\u0107i operaterima da nadgledaju ulaz posetilaca, upravljaju vratima i prate aktivnosti u realnom vremenu. Ova sinergija pobolj\u0161ava bezbednosne tokove rada i pojednostavljuje operacije za svako moderno okru\u017eenje.<\/p>\n<h4 dir=\"auto\"><span class=\"heading-content\">Za\u0161to odabrati ovu integraciju?<\/span><\/h4>\n<ul>\n<li dir=\"auto\"><b>Pojednostavljeno rukovanje posetiocima:<\/b> Upravljajte vratima i komunicirajte sa posetiocima koriste\u0107i video i audio u\u017eivo sa va\u0161eg ra\u010dunara.<\/li>\n<li dir=\"auto\"><b>Efikasna kontrola:<\/b> Centralizovano upravljanje interfonskim sistemima i pristupnim ta\u010dkama u okviru ACTentry interfejsa.<\/li>\n<li dir=\"auto\"><b>Pametna konfiguracija:<\/b> Prilagodite postavke interfonije pomo\u0107u sigurnih akreditiva za pristup, pra\u0107enja u\u017eivo i fleksibilnih korisni\u010dkih opcija.<\/li>\n<li dir=\"auto\"><b>Isplativo upravljanje:<\/b> Smanjite zavisnost od hardvera kori\u0161\u0107enjem softvera za operacije ulaska kroz vrata.<\/li>\n<li dir=\"auto\"><b>Besprekorna kompatibilnost:<\/b> Dizajnirano da glatko radi sa ACTpro i naprednom interfonskom tehnologijom BAS-IP-a.<\/li>\n<\/ul>\n<h4 dir=\"auto\"><span class=\"heading-content\">Istaknute karakteristike integracije<\/span><\/h4>\n<p dir=\"auto\">Saradnja BAS-IP-a i ACTentry-ja uvodi:<\/p>\n<ul>\n<li dir=\"auto\">Sigurnu i intuitivnu komunikaciju zasnovanu na <b>SIP<\/b> protokolu izme\u0111u interfona i ACTentry softvera.<\/li>\n<li dir=\"auto\">Centralizovanu sinhronizaciju licenci i lako pode\u0161avanje putem ACTentry servera.<\/li>\n<li dir=\"auto\">Konfigurabilne dozvole pristupa i pra\u0107enje u\u017eivo prilago\u0111eno dinami\u010dnim potrebama korisnika.<\/li>\n<li dir=\"auto\">Vi\u0161ejezi\u010dni interfejs i robusno upravljanje lozinkama za globalnu primenljivost.<\/li>\n<\/ul>\n<p>Ovo re\u0161enje je krojeno za objekte kojima je prioritet pojednostavljeno upravljanje pristupom, nude\u0107i fleksibilnu i pouzdanu alternativu zastarelim sistemima zasnovanim na hardveru. Kombinovanjem BAS-IP-ove stru\u010dnosti u interfoniji sa pametnom tehnologijom ACTentry-ja, operateri dobijaju prakti\u010dan alat, pogodan za skaliranje, za svakodnevnu bezbednost i prakti\u010dnost.<\/p>\n<p>Za detaljna uputstva o instalaciji i konfiguraciji, pogledajte na\u0161 <a href=\"https:\/\/basip.atlassian.net\/wiki\/spaces\/Integrations\/pages\/250019867\/Integration+with+ACRE+Vanderbilt\" target=\"_blank\" rel=\"noopener\">Wiki priru\u010dnik<\/a>.<\/p>\n\n<!-- START Block Sign Up --><section id=\"block_629678229e935\" class=\"sign-up-section\">\r\n\r\n    <div class=\"form-holder js-form\" data-aos=\"fade-right\">\r\n                    <div class=\"title-block h3\">Sign up for connection<\/div>\r\n        \r\n                    <div class=\"text-block\">\r\n                Filling out all the information needed to answer you as quickly as possible            <\/div>\r\n        \r\n                    \n<div class=\"wpcf7 no-js\" id=\"wpcf7-f102-o1\" lang=\"en-US\" dir=\"ltr\">\n<div class=\"screen-reader-response\"><p role=\"status\" aria-live=\"polite\" aria-atomic=\"true\"><\/p> <ul><\/ul><\/div>\n<form action=\"\/sr\/wp-json\/wp\/v2\/pages\/147967#wpcf7-f102-o1\" method=\"post\" class=\"wpcf7-form init\" aria-label=\"Contact form\" enctype=\"multipart\/form-data\" novalidate=\"novalidate\" data-status=\"init\">\n<div style=\"display: none;\">\n<input type=\"hidden\" name=\"_wpcf7\" value=\"102\" \/>\n<input type=\"hidden\" name=\"_wpcf7_version\" value=\"5.8.3\" \/>\n<input type=\"hidden\" name=\"_wpcf7_locale\" value=\"en_US\" \/>\n<input type=\"hidden\" name=\"_wpcf7_unit_tag\" value=\"wpcf7-f102-o1\" \/>\n<input type=\"hidden\" name=\"_wpcf7_container_post\" value=\"0\" \/>\n<input type=\"hidden\" name=\"_wpcf7_posted_data_hash\" value=\"\" \/>\n<input type=\"hidden\" name=\"_wpcf7_recaptcha_response\" value=\"\" \/>\n<\/div>\n<div class=\"row\"> \n <label><span class=\"label-text\">Name<\/span> \n  <span class=\"wpcf7-form-control-wrap\" data-name=\"text-full-name\"><input size=\"40\" class=\"wpcf7-form-control wpcf7-text wpcf7-validates-as-required\" aria-required=\"true\" aria-invalid=\"false\" placeholder=\"Name\" value=\"\" type=\"text\" name=\"text-full-name\" \/><\/span><\/label> \n<\/div> \n<div class=\"row\"> \n <label><span class=\"label-text\">Phone*<\/span> \n<span class=\"wpcf7-form-control-wrap\" data-name=\"phonetext-270\"><input size=\"40\" class=\"wpcf7-form-control wpcf7-phonetext wpcf7-validates-as-required wpcf7-text wpcf7-validates-as-phonetext\" aria-required=\"true\" aria-invalid=\"false\" placeholder=\"Phone*\" value=\"\" type=\"text\" name=\"phonetext-270\" \/><input type=\"hidden\" name=\"phonetext-270-country-code\" class=\"wpcf7-phonetext-country-code\" \/><\/span><\/label> \n<\/div> \n<div class=\"row\"> \n <label><span class=\"label-text\">E-mail<\/span> \n  <span class=\"wpcf7-form-control-wrap\" data-name=\"email-e-mail\"><input size=\"40\" class=\"wpcf7-form-control wpcf7-email wpcf7-validates-as-required wpcf7-text wpcf7-validates-as-email\" aria-required=\"true\" aria-invalid=\"false\" placeholder=\"E-mail\" value=\"\" type=\"email\" name=\"email-e-mail\" \/><\/span><\/label> \n<\/div> \n<div class=\"row\"><span>Your country<\/span> \n <label><span class=\"wpcf7-form-control-wrap\" data-name=\"countrytext-126\"><input size=\"40\" class=\"wpcf7-form-control wpcf7-countrytext wpcf7-text wpcf7-validates-as-countrytext\" aria-invalid=\"false\" value=\"\" type=\"text\" name=\"countrytext-126\" \/><\/span> <\/label>\n<\/div> \n<div class=\"row\"> \n <button type=\"submit\" class=\"btn\">Send<\/button> \n<\/div> \n<div class=\"row\"> \n <span class=\"wpcf7-form-control-wrap\" data-name=\"checkbox-931\"><span class=\"wpcf7-form-control wpcf7-checkbox\"><span class=\"wpcf7-list-item first\"><label><input type=\"checkbox\" name=\"checkbox-931[]\" value=\"Integrator\" \/><span class=\"wpcf7-list-item-label\">Integrator<\/span><\/label><\/span><span class=\"wpcf7-list-item\"><label><input type=\"checkbox\" name=\"checkbox-931[]\" value=\"Builder\" \/><span class=\"wpcf7-list-item-label\">Builder<\/span><\/label><\/span><span class=\"wpcf7-list-item last\"><label><input type=\"checkbox\" name=\"checkbox-931[]\" value=\"End-User\" \/><span class=\"wpcf7-list-item-label\">End-User<\/span><\/label><\/span><\/span><\/span> \n<\/div> \n<div class=\"row row-upload-file\"> \n <label class=\"upload-file-block js-upload-file\">Attach file \n  <span class=\"wpcf7-form-control-wrap\" data-name=\"file-466\"><input size=\"40\" class=\"wpcf7-form-control wpcf7-file\" accept=\"audio\/*,video\/*,image\/*\" aria-invalid=\"false\" type=\"file\" name=\"file-466\" \/><\/span><\/label> \n<\/div><input type='hidden' class='wpcf7-pum' value='{\"closepopup\":false,\"closedelay\":0,\"openpopup\":false,\"openpopup_id\":0}' \/><div class=\"wpcf7-response-output\" aria-hidden=\"true\"><\/div>\n<\/form>\n<\/div>\n            <\/div>\r\n\r\n\t\t    <div class=\"text-holder\" data-aos=\"fade-left\">\r\n\t\t\t\t\t\t    <h3 class=\"title-block\">How Can We Help?<\/h3>\r\n\t\t\t\r\n\t\t\t                <div class=\"text-block\">\r\n                    Please select a topic below related to your inquiry. If you don&#8217;t find what you need, fill out our contact form.                <\/div>\r\n\t\t\t\r\n\t\t\t\t\t\t    <ul class=\"link-list\">\r\n\t\t\t\t\t\t\t\t\t\t\t\t\t\t\t\t\t\t<li>\r\n\t\t\t\t\t\t\t\t\t\t\t\t\t\t\t\t    <strong>Get Inspired<\/strong>\r\n\t\t\t\t\t\t\t\t\t\t\t\t\t\t\t\t\t\t\t\t\t\t\t\t    <a href=\"\/features\/\">\r\n\t\t\t\t\t\t\t\t        Discover what&#8217;s beneath our intercom\t\t\t\t\t\t\t\t    <\/a>\r\n\t\t\t\t\t\t\t\t\t\t\t\t\t\t\t<\/li>\r\n\t\t\t\t\t\t\t\t\t\t\t\t\t\t\t\t\t\t\t\t\t\t\t\t<li>\r\n\t\t\t\t\t\t\t\t\t\t\t\t\t\t\t\t    <strong>Become a Partner<\/strong>\r\n\t\t\t\t\t\t\t\t\t\t\t\t\t\t\t\t\t\t\t\t\t\t\t\t    <a href=\"\/distributors\/\">\r\n\t\t\t\t\t\t\t\t        Expand your business with BAS-IP intercom\t\t\t\t\t\t\t\t    <\/a>\r\n\t\t\t\t\t\t\t\t\t\t\t\t\t\t\t<\/li>\r\n\t\t\t\t\t\t\t\t\t\t\t\t\t\t\t\t\t\t\t\t\t\t\t\t<li>\r\n\t\t\t\t\t\t\t\t\t\t\t\t\t\t\t\t    <strong>Check the Guides<\/strong>\r\n\t\t\t\t\t\t\t\t\t\t\t\t\t\t\t\t\t\t\t\t\t\t\t\t    <a href=\"\/support\/\">\r\n\t\t\t\t\t\t\t\t        Download detailed manuals and schemes\t\t\t\t\t\t\t\t    <\/a>\r\n\t\t\t\t\t\t\t\t\t\t\t\t\t\t\t<\/li>\r\n\t\t\t\t\t\t\t\t\t\t\t\t\t\t\t<\/ul>\r\n\t\t\t\r\n\t\t\t\t\t\t    <h3 class=\"title-block\">Our contacts<\/h3>\r\n\t\t\t\r\n\t\t\t\t\t\t\t<ul class=\"contact-list\">\r\n\t\t\t\t\t\t\t\t\t\t\t\t\t\t\t\t\t\t<li>\r\n\t\t\t\t\t\t\t\t\t\t\t\t\t\t\t\t\t<strong>Sales:<\/strong>\r\n\t\t\t\t\t\t\t\t\t\t\t\t\t\t\t\t\t\t\t\t\t\t\t\t    <a href=\"mailto:&#115;&#97;&#108;&#101;&#115;&#64;&#98;a&#115;&#45;&#105;&#112;.com\">sa&#108;es&#64;&#98;&#97;&#115;-i&#112;.c&#111;&#109;<\/a>\r\n\t\t\t\t\t\t\t\t\t\t\t\t\t\t\t<\/li>\r\n\t\t\t\t\t\t\t\t\t\t\t\t\t\t\t\t\t\t\t\t\t\t\t\t<li>\r\n\t\t\t\t\t\t\t\t\t\t\t\t\t\t\t\t\t<strong>Technical support:<\/strong>\r\n\t\t\t\t\t\t\t\t\t\t\t\t\t\t\t\t\t\t\t\t\t\t\t\t    <a href=\"mailto:su&#112;p&#111;rt&#64;b&#97;&#115;&#45;ip.&#99;o&#109;\">&#115;&#117;&#112;por&#116;&#64;&#98;&#97;&#115;-ip.&#99;&#111;&#109;<\/a>\r\n\t\t\t\t\t\t\t\t\t\t\t\t\t\t\t<\/li>\r\n\t\t\t\t\t\t\t\t\t\t\t\t\t\t\t<\/ul>\r\n\t\t\t\t\t<\/div>\r\n\t<\/section>\r\n\r\n\r\n\r\n<!-- END Block Sign Up -->","protected":false},"excerpt":{"rendered":"<p>BAS-IP i ACTentry: Redefinisanje kontrole pristupa uz pametnu integraciju ACTentry transformi\u0161e tradicionalnu kontrolu pristupa zamenjuju\u0107i fizi\u010dke ulazne telefone re\u0161enjem zasnovanim na softveru. U kombinaciji sa BAS-IP interfonskim panelima, ova integracija omogu\u0107ava napredno upravljanje posetiocima, spajaju\u0107i video i audio interakciju sa besprekornom kontrolom pristupa direktno putem platforme ACTpro. Podr\u017eani modeli kao \u0161to su AA-12FB2M i AV-03BD [&hellip;]<\/p>","protected":false},"author":1,"featured_media":0,"parent":0,"menu_order":0,"comment_status":"closed","ping_status":"closed","template":"page-custom-breadcrumbs.php","meta":{"inline_featured_image":false,"footnotes":""},"class_list":["post-147967","page","type-page","status-publish","hentry"],"acf":[],"_links":{"self":[{"href":"https:\/\/bas-ip.com\/sr\/wp-json\/wp\/v2\/pages\/147967","targetHints":{"allow":["GET"]}}],"collection":[{"href":"https:\/\/bas-ip.com\/sr\/wp-json\/wp\/v2\/pages"}],"about":[{"href":"https:\/\/bas-ip.com\/sr\/wp-json\/wp\/v2\/types\/page"}],"author":[{"embeddable":true,"href":"https:\/\/bas-ip.com\/sr\/wp-json\/wp\/v2\/users\/1"}],"replies":[{"embeddable":true,"href":"https:\/\/bas-ip.com\/sr\/wp-json\/wp\/v2\/comments?post=147967"}],"version-history":[{"count":2,"href":"https:\/\/bas-ip.com\/sr\/wp-json\/wp\/v2\/pages\/147967\/revisions"}],"predecessor-version":[{"id":148140,"href":"https:\/\/bas-ip.com\/sr\/wp-json\/wp\/v2\/pages\/147967\/revisions\/148140"}],"wp:attachment":[{"href":"https:\/\/bas-ip.com\/sr\/wp-json\/wp\/v2\/media?parent=147967"}],"curies":[{"name":"wp","href":"https:\/\/api.w.org\/{rel}","templated":true}]}}