{"id":145735,"date":"2025-09-22T13:03:10","date_gmt":"2025-09-22T13:03:10","guid":{"rendered":"https:\/\/bas-ip.com\/career\/"},"modified":"2025-10-06T12:59:58","modified_gmt":"2025-10-06T12:59:58","slug":"career","status":"publish","type":"page","link":"https:\/\/bas-ip.com\/sr\/career\/","title":{"rendered":"\u041a\u0430\u0440\u0438\u0458\u0435\u0440\u0430"},"content":{"rendered":"<!-- START Block Career Hero -->   <div class=\"careers-hero\" style=\"background-image:url(https:\/\/bas-ip.com\/wp-content\/uploads\/2025\/09\/career_top_bg_2-scaled.jpg)\">\r\n    <div class=\"careers-hero__overlay\"><\/div>\r\n    <div class=\"careers-container careers-hero__content\">\r\n      <h1 class=\"careers-hero__title\">Tra\u017eimo <span>stru\u010dne ljude<\/span><\/h1>\r\n              <p class=\"careers-hero__subtitle\">We develop cutting-edge solutions in the field of security \u2014 from IP intercoms to access control and video surveillance systems.<br> But the most important thing we\u2019re building is a team.<\/p>\r\n                    <a class=\"careers-btn careers-btn--primary\" href=\"https:\/\/bas-ip.com\/vacancies\/\">\r\n          \u0441\u0430\u0440\u0430\u0452\u0443\u0458\u0442\u0435 \u0441\u0430 \u043d\u0430\u043c\u0430        <\/a>\r\n          <\/div>\r\n  <\/div>\r\n     <section class=\"careers-benefits\">\r\n    <div class=\"careers-container\">\r\n              <h2 class=\"careers-section-title\">\u0417\u0430\u0448\u0442\u043e \u043d\u0430\u043c \u0441\u0435 \u043f\u0440\u0438\u0434\u0440\u0443\u0436\u0438\u0442\u0438<\/h2>\r\n                    <div class=\"careers-benefits__grid\">\r\n                      <div class=\"careers-benefit\">\r\n                              <div class=\"careers-benefit__icon\"><img decoding=\"async\" src=\"https:\/\/bas-ip.com\/wp-content\/uploads\/2025\/09\/hugeicons_global.svg\" alt=\"icon\"><\/div>\r\n                                            <h3>\u0414\u0430\u0459\u0438\u043d\u0441\u043a\u0438 \u0443\u043f\u0440\u0430\u0432\u0459\u0430\u043d\u043e<\/h3>\r\n                                            <p>\u0420\u0430\u0434\u0438\u0442\u0435 \u0441\u0430 \u0431\u0438\u043b\u043e \u043a\u043e\u0433 \u043c\u0435\u0441\u0442\u0430 \u0443 \u0441\u0432\u0435\u0442\u0443<\/p>\r\n                          <\/div>\r\n                      <div class=\"careers-benefit\">\r\n                              <div class=\"careers-benefit__icon\"><img decoding=\"async\" src=\"https:\/\/bas-ip.com\/wp-content\/uploads\/2025\/09\/iconoir_brain.svg\" alt=\"icon\"><\/div>\r\n                                            <h3>\u0418\u043d\u043e\u0432\u0430\u0442\u0438\u0432\u043d\u0438 \u043f\u0440\u043e\u0438\u0437\u0432\u043e\u0434\u0438<\/h3>\r\n                                            <p>\u041d\u0430\u0458\u0441\u0430\u0432\u0440\u0435\u043c\u0435\u043d\u0438\u0458\u0430 \u0442\u0435\u0445\u043d\u043e\u043b\u043e\u0433\u0438\u0458\u0430 \u043d\u0430 \u0442\u0440\u0436\u0438\u0448\u0442\u0443 \u0431\u0435\u0437\u0431\u0435\u0434\u043d\u043e\u0441\u0442\u0438<\/p>\r\n                          <\/div>\r\n                      <div class=\"careers-benefit\">\r\n                              <div class=\"careers-benefit__icon\"><img decoding=\"async\" src=\"https:\/\/bas-ip.com\/wp-content\/uploads\/2025\/09\/fluent_people-team-16-regular.svg\" alt=\"icon\"><\/div>\r\n                                            <h3>\u0413\u043b\u043e\u0431\u0430\u043b\u043d\u0438 \u0442\u0438\u043c<\/h3>\r\n                                            <p>\u0421\u0430\u0440\u0430\u0452\u0443\u0458\u0442\u0435 \u043f\u0440\u0435\u043a\u043e \u0433\u0440\u0430\u043d\u0438\u0446\u0430 \u0438 \u0432\u0440\u0435\u043c\u0435\u043d\u0441\u043a\u0438\u0445 \u0437\u043e\u043d\u0430<\/p>\r\n                          <\/div>\r\n                      <div class=\"careers-benefit\">\r\n                              <div class=\"careers-benefit__icon\"><img decoding=\"async\" src=\"https:\/\/bas-ip.com\/wp-content\/uploads\/2025\/09\/tabler_rocket.svg\" alt=\"icon\"><\/div>\r\n                                            <h3>\u0412\u043e\u0452\u0435\u043d\u043e \u0440\u0430\u0441\u0442\u043e\u043c<\/h3>\r\n                                            <p>\u041f\u043e\u0434\u0440\u0436\u0430\u0432\u0430\u043c\u043e \u0432\u0430\u0448\u0435 \u0443\u0447\u0435\u045a\u0435 \u0438 \u0440\u0430\u0437\u0432\u043e\u0458 \u043a\u0430\u0440\u0438\u0458\u0435\u0440\u0435<\/p>\r\n                          <\/div>\r\n                      <div class=\"careers-benefit\">\r\n                              <div class=\"careers-benefit__icon\"><img decoding=\"async\" src=\"https:\/\/bas-ip.com\/wp-content\/uploads\/2025\/09\/octicon_goal-24.svg\" alt=\"icon\"><\/div>\r\n                                            <h3>\u0420\u0435\u0437\u0443\u043b\u0442\u0430\u0442\u0438 \u043f\u0440\u0435 \u0431\u0438\u0440\u043e\u043a\u0440\u0430\u0442\u0438\u0458\u0435<\/h3>\r\n                                            <p>\u0426\u0435\u043d\u0438\u043c\u043e \u0430\u043a\u0446\u0438\u0458\u0443 \u0438 \u043e\u0434\u0433\u043e\u0432\u043e\u0440\u043d\u043e\u0441\u0442<\/p>\r\n                          <\/div>\r\n                      <div class=\"careers-benefit\">\r\n                              <div class=\"careers-benefit__icon\"><img decoding=\"async\" src=\"https:\/\/bas-ip.com\/wp-content\/uploads\/2025\/09\/hugeicons_idea.svg\" alt=\"icon\"><\/div>\r\n                                            <h3>\u0422\u0432\u043e\u0458 \u0433\u043b\u0430\u0441 \u0458\u0435 \u0432\u0430\u0436\u0430\u043d<\/h3>\r\n                                            <p>\u0418\u043d\u0438\u0446\u0438\u0458\u0430\u0442\u0438\u0432\u0430 \u0458\u0435 \u0434\u043e\u0431\u0440\u043e\u0434\u043e\u0448\u043b\u0430 \u0438 \u043d\u0430\u0433\u0440\u0430\u0452\u0435\u043d\u0430<\/p>\r\n                          <\/div>\r\n                  <\/div>\r\n          <\/div>\r\n  <\/section>\r\n    <section class=\"careers-vision\">\r\n    <div class=\"careers-container careers-vision__grid\">\r\n      <div class=\"careers-vision__media\">\r\n                  <img decoding=\"async\" src=\"https:\/\/bas-ip.com\/wp-content\/uploads\/2025\/09\/vision.jpg\" alt=\"\" class=\"careers-vision__img careers-vision__img--single\">\r\n              <\/div>\r\n      <div class=\"careers-vision__text\">\r\n                  <h2 class=\"careers-section-title careers-section-title--left\">\u043d\u0430\u0448\u0430 \u0432\u0438\u0437\u0438\u0458\u0430<\/h2>\r\n                          <p data-start=\"322\" data-end=\"538\">U BAS-IP-u \u0107ete prona\u0107i prilike za rast, inspirativne projekte i globalni tim koji oblikuje budu\u0107nost inteligentne bezbednosti. Mi smo vi\u0161e od 60 ljudi koji rade iz razli\u010ditih delova sveta \u2014 bez granica za talenat.<\/p>\n<p data-start=\"540\" data-end=\"689\">Na\u0161 tim okuplja profesionalce iz R&amp;D-a, prodaje, podr\u0161ke, marketinga, nabavke i logistike, finansija i HR-a. Mi smo raznoliki \u2013 i to je na\u0161a snaga.<\/p>\n<p data-start=\"691\" data-end=\"838\" data-is-last-node=\"\" data-is-only-node=\"\">Podr\u017eavamo nove \u010dlanove, inspiri\u0161emo jedni druge, donosimo odluke brzo i cenimo inicijativu. Ovde ne\u0107ete samo raditi \u2014 ovde \u0107ete praviti razliku.<\/p>\n                          <a class=\"careers-btn careers-btn--primary\" href=\"https:\/\/bas-ip.com\/vacancies\/\">\r\n            \u0441\u0430\u0440\u0430\u0452\u0443\u0458\u0442\u0435 \u0441\u0430 \u043d\u0430\u043c\u0430          <\/a>\r\n              <\/div>\r\n    <\/div>\r\n  <\/section>\r\n  <section class=\"careers-values\">\r\n    <div class=\"careers-container\">\r\n              <h2 class=\"careers-section-title\">\u041d\u0430\u0448\u0435 \u0432\u0440\u0435\u0434\u043d\u043e\u0441\u0442\u0438<\/h2>\r\n        <p>\u0423 BAS-IP, \u043d\u0430\u0448\u0430 \u043a\u0443\u043b\u0442\u0443\u0440\u0430 \u0458\u0435 \u0438\u0437\u0433\u0440\u0430\u0452\u0435\u043d\u0430 \u043d\u0430 \u0432\u0438\u0448\u0435 \u043e\u0434 \u0446\u0438\u0459\u0435\u0432\u0430 \u2013 \u043e\u0431\u043b\u0438\u043a\u0443\u0458\u0443 \u0458\u0435 \u0437\u0430\u0458\u0435\u0434\u043d\u0438\u0447\u043a\u0435 \u0432\u0440\u0435\u0434\u043d\u043e\u0441\u0442\u0438 \u043a\u043e\u0458\u0435 \u0432\u043e\u0434\u0435 \u043d\u0430\u0448 \u0441\u0432\u0430\u043a\u043e\u0434\u043d\u0435\u0432\u043d\u0438 \u0440\u0430\u0434:<\/p>\r\n                    <div class=\"careers-values__grid\">\r\n                      <article class=\"careers-card\">\r\n                              <img decoding=\"async\" src=\"https:\/\/bas-ip.com\/wp-content\/uploads\/2025\/09\/honesty3.jpg\" alt=\"\">\r\n                            <div class=\"careers-card__body\">\r\n                                  <h3>\u0418\u0441\u043a\u0440\u0435\u043d\u043e\u0441\u0442<\/h3>\r\n                                                  <p>\u041e\u0442\u0432\u043e\u0440\u0435\u043d\u043e\u0441\u0442 \u0438 \u0442\u0440\u0430\u043d\u0441\u043f\u0430\u0440\u0435\u043d\u0442\u043d\u043e\u0441\u0442 \u0443 \u0441\u0432\u0435\u043c\u0443 \u0448\u0442\u043e \u0440\u0430\u0434\u0438\u043c\u043e<\/p>\r\n                              <\/div>\r\n            <\/article>\r\n                      <article class=\"careers-card\">\r\n                              <img decoding=\"async\" src=\"https:\/\/bas-ip.com\/wp-content\/uploads\/2025\/09\/optimism.jpg\" alt=\"\">\r\n                            <div class=\"careers-card__body\">\r\n                                  <h3>\u041e\u043f\u0442\u0438\u043c\u0438\u0437\u0430\u043c<\/h3>\r\n                                                  <p>\u0412\u0435\u0440\u0430 \u0443 \u0441\u0435\u0431\u0435 \u0438 \u0443\u0441\u043f\u0435\u0445 \u043d\u0430\u0448\u0435\u0433 \u0442\u0438\u043c\u0430<\/p>\r\n                              <\/div>\r\n            <\/article>\r\n                      <article class=\"careers-card\">\r\n                              <img decoding=\"async\" src=\"https:\/\/bas-ip.com\/wp-content\/uploads\/2025\/09\/support2.jpg\" alt=\"\">\r\n                            <div class=\"careers-card__body\">\r\n                                  <h3>\u041f\u043e\u0434\u0440\u0448\u043a\u0430<\/h3>\r\n                                                  <p>\u041f\u043e\u043c\u0430\u0436\u0443\u045b\u0438 \u0458\u0435\u0434\u043d\u0438 \u0434\u0440\u0443\u0433\u0438\u043c\u0430 \u0459\u0443\u0431\u0430\u0437\u043d\u043e\u0448\u045b\u0443 \u0438 \u043f\u0430\u0436\u045a\u043e\u043c<\/p>\r\n                              <\/div>\r\n            <\/article>\r\n                      <article class=\"careers-card\">\r\n                              <img decoding=\"async\" src=\"https:\/\/bas-ip.com\/wp-content\/uploads\/2025\/09\/selfdev-1.jpg\" alt=\"\">\r\n                            <div class=\"careers-card__body\">\r\n                                  <h3>\u0421\u0430\u043c\u043e\u0440\u0430\u0437\u0432\u043e\u0458<\/h3>\r\n                                                  <p>\u0423\u0432\u0435\u043a \u0442\u0435\u0436\u0438\u043c\u043e \u0434\u0430 \u0443\u0447\u0438\u043c\u043e \u0438 \u0440\u0430\u0441\u0442\u0435\u043c\u043e<\/p>\r\n                              <\/div>\r\n            <\/article>\r\n                  <\/div>\r\n          <\/div>\r\n  <\/section>\r\n    <section class=\"careers-banner\">\r\n    <div class=\"careers-banner__bg\" style=\"background-image:url(https:\/\/bas-ip.com\/wp-content\/uploads\/2025\/09\/careerbannerbg1-scaled.jpg)\"><\/div>\r\n    <div class=\"careers-container careers-banner__content\">\r\n              <p class=\"careers-banner__title\">MI NE GRADIMO SAMO TEHNOLOGIJU \u2014 <span>MI GRADIMO<br>\r\nTIM<\/span> KOJI ODRA\u017dAVA OVE VREDNOSTI NA SVAKOM KORAKU.<\/p>\r\n          <\/div>\r\n  <\/section>\r\n\r\n  \r\n    <section id=\"open\" class=\"careers-open\">\r\n    <div class=\"careers-container careers-open__inner\">\r\n              <h2 class=\"careers-section-title\">\u041e\u0442\u0432\u043e\u0440\u0435\u043d\u0435 \u043f\u043e\u0437\u0438\u0446\u0438\u0458\u0435<\/h2>\r\n                    <p>\u0418\u0441\u0442\u0440\u0430\u0436\u0438\u0442\u0435 \u043d\u0430\u0448\u0435 \u0442\u0440\u0435\u043d\u0443\u0442\u043d\u0435 \u043e\u0442\u0432\u043e\u0440\u0435\u043d\u0435 \u043f\u043e\u0437\u0438\u0446\u0438\u0458\u0435 \u0438 \u043f\u0440\u0438\u0458\u0430\u0432\u0438\u0442\u0435 \u0441\u0435 \u0434\u0438\u0440\u0435\u043a\u0442\u043d\u043e. \u0423\u0432\u0435\u043a \u0442\u0440\u0430\u0436\u0438\u043c\u043e \u0441\u0442\u0440\u0430\u0441\u0442\u0432\u0435\u043d\u0435 \u043f\u0440\u043e\u0444\u0435\u0441\u0438\u043e\u043d\u0430\u043b\u0446\u0435 \u0434\u0430 \u043d\u0430\u043c \u0441\u0435 \u043f\u0440\u0438\u0434\u0440\u0443\u0436\u0435.<\/p>\r\n                    <a class=\"careers-btn careers-btn--primary\" href=\"https:\/\/bas-ip.com\/vacancies\/\">\r\n          \u0441\u0430\u0440\u0430\u0452\u0443\u0458\u0442\u0435 \u0441\u0430 \u043d\u0430\u043c\u0430        <\/a>\r\n          <\/div>\r\n  <\/section><!-- END Block Career Hero -->","protected":false},"excerpt":{"rendered":"","protected":false},"author":2,"featured_media":0,"parent":0,"menu_order":0,"comment_status":"closed","ping_status":"closed","template":"","meta":{"inline_featured_image":false,"footnotes":""},"class_list":["post-145735","page","type-page","status-publish","hentry"],"acf":[],"_links":{"self":[{"href":"https:\/\/bas-ip.com\/sr\/wp-json\/wp\/v2\/pages\/145735","targetHints":{"allow":["GET"]}}],"collection":[{"href":"https:\/\/bas-ip.com\/sr\/wp-json\/wp\/v2\/pages"}],"about":[{"href":"https:\/\/bas-ip.com\/sr\/wp-json\/wp\/v2\/types\/page"}],"author":[{"embeddable":true,"href":"https:\/\/bas-ip.com\/sr\/wp-json\/wp\/v2\/users\/2"}],"replies":[{"embeddable":true,"href":"https:\/\/bas-ip.com\/sr\/wp-json\/wp\/v2\/comments?post=145735"}],"version-history":[{"count":3,"href":"https:\/\/bas-ip.com\/sr\/wp-json\/wp\/v2\/pages\/145735\/revisions"}],"predecessor-version":[{"id":145938,"href":"https:\/\/bas-ip.com\/sr\/wp-json\/wp\/v2\/pages\/145735\/revisions\/145938"}],"wp:attachment":[{"href":"https:\/\/bas-ip.com\/sr\/wp-json\/wp\/v2\/media?parent=145735"}],"curies":[{"name":"wp","href":"https:\/\/api.w.org\/{rel}","templated":true}]}}