{"id":133787,"date":"2023-03-27T16:07:41","date_gmt":"2023-03-27T16:07:41","guid":{"rendered":"https:\/\/bas-ip.com\/gates\/"},"modified":"2025-03-18T14:56:20","modified_gmt":"2025-03-18T14:56:20","slug":"gates","status":"publish","type":"page","link":"https:\/\/bas-ip.com\/sr\/gates\/","title":{"rendered":"\u0413\u0435\u0458\u0442\u0441"},"content":{"rendered":"<h1 class=\"wp-block-heading\"><strong>\u0421\u0438\u0441\u0442\u0435\u043c \u0438\u043d\u0442\u0435\u0440\u043a\u043e\u043c\u0430 \u0437\u0430 \u043a\u0430\u043f\u0438\u0458\u0443: \u041f\u043e\u0431\u043e\u0459\u0448\u0430\u0458\u0442\u0435 \u0441\u0432\u043e\u0458\u0443 \u0441\u0438\u0433\u0443\u0440\u043d\u043e\u0441\u0442<\/strong><\/h1>\n\n\n\n<p>Dobrodo\u0161li u budu\u0107nost upravljanja pristupom nekretninama, gde se udobnost, sigurnost i najnovija tehnologija spajaju. Sa BAS-IP sistemom interkoma za kapiju, mo\u017eete iskusiti neuporedivu kontrolu nad pristupnim ta\u010dkama va\u0161e nekretnine. Bilo da je re\u010d o stambenoj ku\u0107i, stambenom kompleksu ili komercijalnom objektu, na\u0161i interkom sistemi za kapije nude jedinstvene funkcije koje zadovoljavaju sve va\u0161e potrebe. Prou\u010di\u0107emo klju\u010dne karakteristike i prednosti BAS-IP interkoma za kapije, pru\u017eaju\u0107i vam sve informacije koje su vam potrebne da donesete informisanu odluku.<\/p>\n\n\n\n<h2 class=\"wp-block-heading\"><strong>\u0417\u0430\u0448\u0442\u043e \u043e\u0434\u0430\u0431\u0440\u0430\u0442\u0438 BAS-IP \u0438\u043d\u0442\u0435\u0440\u0444\u043e\u043d\u0441\u043a\u0438 \u0441\u0438\u0441\u0442\u0435\u043c \u043a\u0430\u043f\u0438\u0458\u0430?<\/strong><\/h2>\n\n\n\n<p>BAS-IP sistemi interkoma za kapiju pru\u017eaju brojne funkcije koje ih izdvajaju od tradicionalnih sistema interkoma za kapiju. Evo nekih od glavnih prednosti odabira BAS-IP sistema interkoma za ulaznu kapiju:<\/p>\n\n\n<!-- START Block Features --><section id=\"block_6430528dc3f3e\" class=\"features-section\">\r\n\t\r\n    <div class=\"features-list\">\r\n                    <div class=\"features-item\" data-aos=\"fade-up\">\r\n    <div class=\"features-box\">\r\n                    <div class=\"image-holder\">\r\n                <img loading=\"lazy\" decoding=\"async\" width=\"350\" height=\"320\" src=\"https:\/\/bas-ip.com\/wp-content\/uploads\/2023\/04\/1-3-350x320.jpg\" class=\"attachment-thumbnail_350x320 size-thumbnail_350x320\" alt=\"\" \/>            <\/div>\r\n        \r\n        <div class=\"text-holder\">\r\n                        <h3 class=\"title-block\">\u0411\u0435\u0441\u043f\u0440\u0435\u043a\u043e\u0440\u043d\u0430 \u0438\u043d\u0442\u0435\u0433\u0440\u0430\u0446\u0438\u0458\u0430 \u0443\u043d\u0443\u0442\u0430\u0440 IP \u043b\u043e\u043a\u0430\u043b\u043d\u0435 \u043c\u0440\u0435\u0436\u0435<\/h3>\r\n          \r\n                        <div class=\"text-block\">\r\n                <p>BAS-IP sistemi interkoma za kapiju dizajnirani su da besprekorno rade unutar iste IP lokalne mre\u017ee, \u010dime se obezbe\u0111uje laka instalacija i konfiguracija. Ova besprekidna integracija omogu\u0107ava vam da bez problema integri\u0161ete va\u0161 interkom sistem u postoje\u0107u mre\u017enu infrastrukturu, minimiziraju\u0107i probleme sa kompatibilno\u0161\u0107u i smanjuju\u0107i slo\u017eenost.<\/p>\n              <\/div>\r\n                  <\/div>\r\n    <\/div>\r\n<\/div>\r\n                    <div class=\"features-item\" data-aos=\"fade-up\">\r\n    <div class=\"features-box\">\r\n                    <div class=\"image-holder\">\r\n                <img loading=\"lazy\" decoding=\"async\" width=\"350\" height=\"320\" src=\"https:\/\/bas-ip.com\/wp-content\/uploads\/2023\/04\/2-3-350x320.jpg\" class=\"attachment-thumbnail_350x320 size-thumbnail_350x320\" alt=\"\" \/>            <\/div>\r\n        \r\n        <div class=\"text-holder\">\r\n                        <h3 class=\"title-block\">\u041f\u043e\u0432\u0435\u0437\u0438\u0432\u0430\u045a\u0435 \u043d\u0430 \u0432\u0435\u043b\u0438\u043a\u0435 \u0443\u0434\u0430\u0459\u0435\u043d\u043e\u0441\u0442\u0438<\/h3>\r\n          \r\n                        <div class=\"text-block\">\r\n                <p>Jedna od izuzetnih karakteristika BAS-IP sistema interkoma za kapiju je njihova sposobnost da rade na velikim udaljenostima. Ovo ih \u010dini idealnim izborom za velike nekretnine, prostrane stambene komplekse ili komercijalne objekte gde pristupne ta\u010dke mogu biti ra\u0161irene. Sa BAS-IP re\u0161enjima za interkom kapije, mo\u017eete odr\u017eati sigurnu komunikaciju i kontrolu na celoj svojoj nekretnini, bez obzira na udaljenost.<\/p>\n              <\/div>\r\n                  <\/div>\r\n    <\/div>\r\n<\/div>\r\n                    <div class=\"features-item\" data-aos=\"fade-up\">\r\n    <div class=\"features-box\">\r\n                    <div class=\"image-holder\">\r\n                <img loading=\"lazy\" decoding=\"async\" width=\"350\" height=\"320\" src=\"https:\/\/bas-ip.com\/wp-content\/uploads\/2023\/04\/3-3-350x320.jpg\" class=\"attachment-thumbnail_350x320 size-thumbnail_350x320\" alt=\"\" \/>            <\/div>\r\n        \r\n        <div class=\"text-holder\">\r\n                        <h3 class=\"title-block\">\u041a\u043e\u043d\u0442\u0440\u043e\u043b\u0430 \u043a\u0430\u043f\u0438\u0458\u0435 \u0437\u0430\u0441\u043d\u043e\u0432\u0430\u043d\u0430 \u043d\u0430 \u0440\u0430\u0447\u0443\u043d\u0430\u0440\u0443<\/h3>\r\n          \r\n                        <div class=\"text-block\">\r\n                <p>BAS-IP sistemi interkoma za kapiju nude fleksibilnost otvaranja i upravljanja va\u0161im kapijama sa ra\u010dunara. To zna\u010di da mo\u017eete daljinski i prakti\u010dno kontrolisati pristup bez potrebe za posve\u0107enim fizi\u010dkim interfejsom. Bilo da ste kod ku\u0107e ili u kancelariji, ima\u0107ete potpunu kontrolu nad pristupnim ta\u010dkama va\u0161e nekretnine, pravo na dohvat ruke.<\/p>\n              <\/div>\r\n                  <\/div>\r\n    <\/div>\r\n<\/div>\r\n                    <div class=\"features-item\" data-aos=\"fade-up\">\r\n    <div class=\"features-box\">\r\n                    <div class=\"image-holder\">\r\n                <img loading=\"lazy\" decoding=\"async\" width=\"350\" height=\"320\" src=\"https:\/\/bas-ip.com\/wp-content\/uploads\/2023\/04\/4-3-350x320.jpg\" class=\"attachment-thumbnail_350x320 size-thumbnail_350x320\" alt=\"\" \/>            <\/div>\r\n        \r\n        <div class=\"text-holder\">\r\n                        <h3 class=\"title-block\">\u0414\u0432\u043e\u0441\u0442\u0440\u0443\u043a\u0438 \u043c\u043e\u0434\u0443\u043b \u0431\u0440\u0430\u0432\u0435 \u0437\u0430 \u0443\u043f\u0440\u0430\u0432\u0459\u0430\u045a\u0435 \u0432\u0438\u0448\u0435\u0441\u0442\u0440\u0443\u043a\u0438\u043c \u0432\u0440\u0430\u0442\u0438\u043c\u0430<\/h3>\r\n          \r\n                        <div class=\"text-block\">\r\n                <p>BAS-IP SH-42 modul za dualni zaklju\u010davanje omogu\u0107ava vam da istovremeno kontroli\u0161ete dve kapije koriste\u0107i jedan sistem interkoma za kapiju. Ova funkcija je savr\u0161ena za nekretnine sa vi\u0161e pristupnih ta\u010daka ili odvojenim ulazima za pe\u0161ake i vozila, omogu\u0107avaju\u0107i efikasno upravljanje svim va\u0161im kapijama sa jednog centralizovanog sistema.<\/p>\n              <\/div>\r\n                  <\/div>\r\n    <\/div>\r\n<\/div>\r\n                    <div class=\"features-item\" data-aos=\"fade-up\">\r\n    <div class=\"features-box\">\r\n                    <div class=\"image-holder\">\r\n                <img loading=\"lazy\" decoding=\"async\" width=\"350\" height=\"320\" src=\"https:\/\/bas-ip.com\/wp-content\/uploads\/2023\/04\/5-4-350x320.jpg\" class=\"attachment-thumbnail_350x320 size-thumbnail_350x320\" alt=\"\" \/>            <\/div>\r\n        \r\n        <div class=\"text-holder\">\r\n                        <h3 class=\"title-block\">Integracija sa postoje\u0107im IP CCTV sistemima<\/h3>\r\n          \r\n                        <div class=\"text-block\">\r\n                <p>BAS-IP video interkom sistemi za kapiju mogu se lako integrisati sa va\u0161om postoje\u0107om IP CCTV infrastrukturom. Ovo vam omogu\u0107ava da pratite i kontroli\u0161ete pristupne ta\u010dke va\u0161e nekretnine koriste\u0107i isti interfejs kao i va\u0161e sigurnosne kamere, pojednostavljuju\u0107i upravljanje sigurno\u0161\u0107u i pove\u0107avaju\u0107i ukupnu efikasnost.<\/p>\n              <\/div>\r\n                  <\/div>\r\n    <\/div>\r\n<\/div>\r\n                    <div class=\"features-item\" data-aos=\"fade-up\">\r\n    <div class=\"features-box\">\r\n                    <div class=\"image-holder\">\r\n                <img loading=\"lazy\" decoding=\"async\" width=\"350\" height=\"320\" src=\"https:\/\/bas-ip.com\/wp-content\/uploads\/2023\/04\/6-3-350x320.jpg\" class=\"attachment-thumbnail_350x320 size-thumbnail_350x320\" alt=\"\" \/>            <\/div>\r\n        \r\n        <div class=\"text-holder\">\r\n                        <h3 class=\"title-block\">Integracija sa prepoznavanjem registarskih tablica<\/h3>\r\n          \r\n                        <div class=\"text-block\">\r\n                <p>BAS-IP ulazni paneli mogu se integrisati sa kamerama za prepoznavanje registarskih tablica, omogu\u0107avaju\u0107i automatizovan pristup za unapred autorizovana vozila. Ova napredna funkcija zna\u010dajno pobolj\u0161ava sigurnost i udobnost automatskim otvaranjem rampi za autorizovana vozila, smanjuju\u0107i vreme \u010dekanja i potrebu za ru\u010dnim upravljanjem pristupom.<\/p>\n              <\/div>\r\n                  <\/div>\r\n    <\/div>\r\n<\/div>\r\n            <\/div>\r\n<\/section>\r\n<!-- END Block Features -->\n\n\n<h2 class=\"wp-block-heading\"><strong>Kompatibilno sa razli\u010ditim vrstama kapija<\/strong><\/h2>\n\n\n\n<p>BAS-IP interkomi za kapiju mogu se integrisati sa razli\u010ditim mehanizmima kapija, pru\u017eaju\u0107i besprekorno iskustvo komunikacije za korisnike.<\/p>\n\n\n\n<ol class=\"wp-block-list\">\n<li><strong>Krilne kapije:<\/strong> Ove kapije se otvaraju i zatvaraju pomeranjem u krilu, bilo ka unutra ili ka spolja. Popularne su u stambenim i komercijalnim prostorima zbog svog klasi\u010dnog izgleda i jednostavnosti upotrebe.<\/li>\n\n\n\n<li><strong>Klizne kapije:<\/strong> \u010cesto se koriste u komercijalnim i industrijskim objektima, klizne kapije se pomeraju horizontalno du\u017e \u0161ina kako bi se otvorile i zatvorile.<\/li>\n\n\n\n<li><strong>Rampaste kapije:<\/strong> \u010cesto se nalaze na parkirali\u0161tima i u podru\u010djima sa kontrolisanim pristupom, rampaste kapije koriste vertikalnu ramu za kontrolu ulaska i izlaska.<\/li>\n\n\n\n<li><strong>Dvoslojne kapije:<\/strong> Ove kapije se sastoje od dva panela koja se savijaju zajedno prilikom otvaranja, \u010dime \u0161tede prostor i pru\u017eaju elegantan izgled.<\/li>\n\n\n\n<li><strong>Vertikalno podizne kapije:<\/strong> Obi\u010dno se koriste u podru\u010djima sa visokim stepenom sigurnosti, vertikalno podizne kapije se pomeraju gore i dole kako bi se otvorile i zatvorile.<\/li>\n\n\n\n<li><strong>Okretna vrata:<\/strong> \u010cesta u \u010dvori\u0161tima javnog prevoza i nekim komercijalnim zgradama, okretna vrata kontroli\u0161u pristup tako \u0161to omogu\u0107avaju samo jednoj osobi da pro\u0111e u isto vreme.<\/li>\n\n\n\n<li><strong>Pe\u0161acke kapije:<\/strong> Ove kapije su dizajnirane specifi\u010dno za pe\u0161a\u010dki saobra\u0107aj i mogu se na\u0107i u razli\u010ditim okru\u017eenjima, kao \u0161to su stambene zajednice, parkovi ili komercijalni kompleksi.<\/li>\n<\/ol>\n\n\n\n<p>Prilagodljivost BAS-IP interkoma \u010dini ga idealnim izborom za \u0161irok spektar vrsta kapija, obezbe\u0111uju\u0107i efikasnu i sigurnu kontrolu pristupa za stambene, komercijalne i industrijske nekretnine.<\/p>\n\n\n\n<h2 class=\"wp-block-heading\"><strong>Razumevanje komponenti BAS-IP sistema interkoma za kapije<\/strong><\/h2>\n\n\n\n<p>BAS-IP sistemi interkoma za kapiju sastoje se od tri glavne komponente, od kojih svaka ima klju\u010dnu ulogu u stvaranju sveobuhvatnog i efikasnog sistema interkoma za ulaz na kapiju:<\/p>\n\n\n<!-- START Block Features --><section id=\"block_643053d1c3f45\" class=\"features-section\">\r\n\t\r\n    <div class=\"features-list\">\r\n                    <div class=\"features-item\" data-aos=\"fade-up\">\r\n    <div class=\"features-box\">\r\n                    <div class=\"image-holder\">\r\n                <img loading=\"lazy\" decoding=\"async\" width=\"350\" height=\"320\" src=\"https:\/\/bas-ip.com\/wp-content\/uploads\/2023\/04\/7-1-350x320.jpg\" class=\"attachment-thumbnail_350x320 size-thumbnail_350x320\" alt=\"\" \/>            <\/div>\r\n        \r\n        <div class=\"text-holder\">\r\n                        <h3 class=\"title-block\">IP interkom vrata panela<\/h3>\r\n          \r\n                        <div class=\"text-block\">\r\n                <p>BAS-IP ulazni paneli slu\u017ee kao primarni interfejs za va\u0161 sistem interkoma za kapiju. Dizajnirani su da budu izdr\u017eljivi, otporni na vremenske uslove i jednostavni za kori\u0161\u0107enje. Sa \u0161irokim izborom dizajna i zavr\u0161nih obrada, ovi paneli mogu se prilagoditi estetskom izgledu va\u0161e nekretnine. Sa ugra\u0111enim kamerama, mikrofonima i zvu\u010dnicima, BAS-IP paneli omogu\u0107avaju kristalno jasnu audio i video komunikaciju izme\u0111u posetioca i stanara ili obezbe\u0111enja.<\/p>\n              <\/div>\r\n                  <\/div>\r\n    <\/div>\r\n<\/div>\r\n                    <div class=\"features-item\" data-aos=\"fade-up\">\r\n    <div class=\"features-box\">\r\n                    <div class=\"image-holder\">\r\n                <img loading=\"lazy\" decoding=\"async\" width=\"350\" height=\"320\" src=\"https:\/\/bas-ip.com\/wp-content\/uploads\/2023\/04\/8-1-350x320.jpg\" class=\"attachment-thumbnail_350x320 size-thumbnail_350x320\" alt=\"\" \/>            <\/div>\r\n        \r\n        <div class=\"text-holder\">\r\n                        <h3 class=\"title-block\">Video telefoni<\/h3>\r\n          \r\n                        <div class=\"text-block\">\r\n                <p>BAS-IP video telefoni slu\u017ee kao unutra\u0161nji interfejs za va\u0161 interkom sistem, omogu\u0107avaju\u0107i vam da vidite i razgovarate sa posetiocima na va\u0161oj kapiji. Ovi ure\u0111aji nude visokokvalitetnu video i audio komunikaciju, obezbe\u0111uju\u0107i da mo\u017eete jasno identifikovati i komunicirati sa posetiocima pre nego \u0161to im odobrite pristup va\u0161oj nekretnini.<\/p>\n              <\/div>\r\n                  <\/div>\r\n    <\/div>\r\n<\/div>\r\n                    <div class=\"features-item\" data-aos=\"fade-up\">\r\n    <div class=\"features-box\">\r\n                    <div class=\"image-holder\">\r\n                <img loading=\"lazy\" decoding=\"async\" width=\"350\" height=\"320\" src=\"https:\/\/bas-ip.com\/wp-content\/uploads\/2023\/04\/9-1-350x320.jpg\" class=\"attachment-thumbnail_350x320 size-thumbnail_350x320\" alt=\"\" \/>            <\/div>\r\n        \r\n        <div class=\"text-holder\">\r\n                        <h3 class=\"title-block\">POE prekida\u010di<\/h3>\r\n          \r\n                        <div class=\"text-block\">\r\n                <p>Power over Ethernet (POE) prekida\u010di su klju\u010dna komponenta BAS-IP interkoma za elektri\u010dne kapije. Oni pru\u017eaju i napajanje i podatkovnu povezanost za va\u0161e interkom ure\u0111aje koriste\u0107i jedan Ethernet kabl. Ovo pojednostavljuje instalaciju, smanjuje nered sa kablovima i obezbe\u0111uje pouzdanu, visok brzu vezu izme\u0111u komponenti va\u0161eg sistema interkoma za kapiju.<\/p>\n              <\/div>\r\n                  <\/div>\r\n    <\/div>\r\n<\/div>\r\n            <\/div>\r\n<\/section>\r\n<!-- END Block Features -->\n\n<!-- START Block FAQ --><section id=\"block_6421c0e7ae86e\" class=\"faq-section\">\r\n\t\t    <h2 class=\"title-section\" data-aos=\"fade-right\">\u0427\u0435\u0441\u0442\u043e \u043f\u043e\u0441\u0442\u0430\u0432\u0459\u0430\u043d\u0430 \u043f\u0438\u0442\u0430\u045a\u0430 (\u0424\u0410\u041a)<\/h2>\r\n\t\t\t    <div class=\"faq-list js-accordion\" data-aos=\"fade-up\">\r\n\t\t\t\t\t\t\t\t\t\t\t    <div class=\"accordion-item faq-item\">\r\n                        <div class=\"accordion-opener\">\r\n                            Q: \u041c\u043e\u0433\u0443 \u043b\u0438 \u0434\u0430 \u043a\u043e\u0440\u0438\u0441\u0442\u0438\u043c BAS-IP \u0438\u043d\u0442\u0435\u0440\u0444\u043e\u043d \u0441\u0438\u0441\u0442\u0435\u043c \u0441\u0430 \u0441\u0432\u043e\u0458\u043e\u043c \u043f\u043e\u0441\u0442\u043e\u0458\u0435\u045b\u043e\u043c IP \u043b\u043e\u043a\u0430\u043b\u043d\u043e\u043c \u043c\u0440\u0435\u0436\u043e\u043c?                            <i class=\"fa-solid fa-chevron-down\"><\/i>\r\n                        <\/div>\r\n                        <div class=\"accordion-slide\">\r\n\t\t\t\t\t\t    <p>Da, BAS-IP sistemi interkoma za kapiju dizajnirani su da besprekorno rade unutar va\u0161e postoje\u0107e IP lokalne mre\u017ee, \u0161to omogu\u0107ava laku i bezproblemati\u010dnu integraciju.<\/p>\n                        <\/div>\r\n\t\t\t\t\t<\/div>\r\n\t\t\t\t\t\t\t\t\t\t\t\t\t\t\t    <div class=\"accordion-item faq-item\">\r\n                        <div class=\"accordion-opener\">\r\n                            Q: \u041a\u0430\u043a\u043e BAS-IP \u0438\u043d\u0442\u0435\u0440\u0444\u043e\u043d\u0441\u043a\u0438 \u0441\u0438\u0441\u0442\u0435\u043c\u0438 \u0437\u0430 \u043a\u0430\u043f\u0438\u0458\u0435 \u0440\u0430\u0434\u0435 \u043d\u0430 \u0432\u0435\u043b\u0438\u043a\u0438\u043c \u0443\u0434\u0430\u0459\u0435\u043d\u043e\u0441\u0442\u0438\u043c\u0430?                            <i class=\"fa-solid fa-chevron-down\"><\/i>\r\n                        <\/div>\r\n                        <div class=\"accordion-slide\">\r\n\t\t\t\t\t\t    <p>BAS-IP sistemi interkoma za kapiju dizajnirani su da efikasno rade na velikim udaljenostima, \u0161to ih \u010dini idealnim izborom za nekretnine sa ra\u0161irenim pristupnim ta\u010dkama ili velike objekte.<\/p>\n                        <\/div>\r\n\t\t\t\t\t<\/div>\r\n\t\t\t\t\t\t\t\t\t\t\t\t\t\t\t    <div class=\"accordion-item faq-item\">\r\n                        <div class=\"accordion-opener\">\r\n                            Q: \u041a\u0430\u043a\u043e \u043c\u043e\u0433\u0443 \u0434\u0430 \u0438\u043d\u0442\u0435\u0433\u0440\u0438\u0448\u0435\u043c \u0441\u0432\u043e\u0458 BAS-IP \u0432\u0438\u0434\u0435\u043e \u0438\u043d\u0442\u0435\u0440\u0444\u043e\u043d \u0441\u0430 \u0441\u0432\u043e\u0458\u0438\u043c \u043f\u043e\u0441\u0442\u043e\u0458\u0435\u045b\u0438\u043c IP CCTV \u0441\u0438\u0441\u0442\u0435\u043c\u043e\u043c?                            <i class=\"fa-solid fa-chevron-down\"><\/i>\r\n                        <\/div>\r\n                        <div class=\"accordion-slide\">\r\n\t\t\t\t\t\t    <p>BAS-IP sistemi interkoma za kapiju mogu se lako integrisati sa va\u0161om postoje\u0107om IP CCTV infrastrukturom, omogu\u0107avaju\u0107i vam da upravljate i pratite pristupne ta\u010dke va\u0161e nekretnine koriste\u0107i isti interfejs kao i va\u0161e sigurnosne kamere.<\/p>\n                        <\/div>\r\n\t\t\t\t\t<\/div>\r\n\t\t\t\t\t\t\t\t\t\t\t\t\t\t\t    <div class=\"accordion-item faq-item\">\r\n                        <div class=\"accordion-opener\">\r\n                            Q: \u0414\u0430 \u043b\u0438 \u0458\u0435 \u043c\u043e\u0433\u0443\u045b\u0435 \u043a\u043e\u043d\u0442\u0440\u043e\u043b\u0438\u0441\u0430\u0442\u0438 \u0432\u0438\u0448\u0435 \u043a\u0430\u043f\u0438\u0458\u0430 \u043a\u043e\u0440\u0438\u0441\u0442\u0435\u045b\u0438 \u0458\u0435\u0434\u0430\u043d BAS-IP \u0438\u043d\u0442\u0435\u0440\u0444\u043e\u043d\u0441\u043a\u0438 \u0443\u0440\u0435\u0452\u0430\u0458?                            <i class=\"fa-solid fa-chevron-down\"><\/i>\r\n                        <\/div>\r\n                        <div class=\"accordion-slide\">\r\n\t\t\t\t\t\t    <p>Da, sa BAS-IP SH-42 modulom za dualno zaklju\u010davanje, mo\u017eete istovremeno kontrolisati dve kapije koriste\u0107i jedan sistem interkoma za kapiju. Ova funkcija je savr\u0161ena za nekretnine sa vi\u0161e pristupnih ta\u010daka ili odvojenim ulazima za pe\u0161ake i vozila<\/p>\n                        <\/div>\r\n\t\t\t\t\t<\/div>\r\n\t\t\t\t\t\t\t\t\t<\/div>\r\n\t<\/section>\r\n<!-- END Block FAQ -->\n\n\n<p>BAS-IP sistemi interkoma za kapiju nude savr\u0161en spoj udobnosti, sigurnosti i napredne tehnologije za neuporedivu kontrolu pristupa va\u0161oj nekretnini. Sa jedinstvenim karakteristikama kao \u0161to su besprekidna integracija sa IP lokalnom mre\u017eom, povezivanje na velikim udaljenostima, kontrola kapije putem ra\u010dunara, funkcionalnost dualnog modula za zaklju\u010davanje, integracija sa IP CCTV sistemom i kompatibilnost sa kamerama za prepoznavanje registarskih tablica, BAS-IP interkom sistemi za kapije su izuzetan izbor za svakog vlasnika nekretnine koji \u017eeli da unapredi upravljanje pristupom.<\/p>\n\n\n\n<p>Izborom BAS-IP sistema interkoma za ulaznu kapiju, ula\u017eete u re\u0161enje koje se lako prilago\u0111ava va\u0161im potrebama, raste sa va\u0161om nekretninom i pru\u017ea vam mirnu savest znaju\u0107i da je va\u0161a nekretnina sigurna i dostupna samo onima kojima verujete. Iskusite razliku koju BAS-IP interkom sistem za kapiju mo\u017ee doneti va\u0161oj nekretnini ve\u0107 danas.<\/p>","protected":false},"excerpt":{"rendered":"<p>\u0421\u0438\u0441\u0442\u0435\u043c \u0438\u043d\u0442\u0435\u0440\u043a\u043e\u043c\u0430 \u0437\u0430 \u043a\u0430\u043f\u0438\u0458\u0443: \u041f\u043e\u0431\u043e\u0459\u0448\u0430\u0458\u0442\u0435 \u0441\u0432\u043e\u0458\u0443 \u0441\u0438\u0433\u0443\u0440\u043d\u043e\u0441\u0442 Dobrodo\u0161li u budu\u0107nost upravljanja pristupom nekretninama, gde se udobnost, sigurnost i najnovija tehnologija spajaju. Sa BAS-IP sistemom interkoma za kapiju, mo\u017eete iskusiti neuporedivu kontrolu nad pristupnim ta\u010dkama va\u0161e nekretnine. Bilo da je re\u010d o stambenoj ku\u0107i, stambenom kompleksu ili komercijalnom objektu, na\u0161i interkom sistemi za kapije nude jedinstvene [&hellip;]<\/p>","protected":false},"author":1,"featured_media":0,"parent":0,"menu_order":0,"comment_status":"closed","ping_status":"closed","template":"","meta":{"inline_featured_image":false,"footnotes":""},"class_list":["post-133787","page","type-page","status-publish","hentry"],"acf":[],"_links":{"self":[{"href":"https:\/\/bas-ip.com\/sr\/wp-json\/wp\/v2\/pages\/133787","targetHints":{"allow":["GET"]}}],"collection":[{"href":"https:\/\/bas-ip.com\/sr\/wp-json\/wp\/v2\/pages"}],"about":[{"href":"https:\/\/bas-ip.com\/sr\/wp-json\/wp\/v2\/types\/page"}],"author":[{"embeddable":true,"href":"https:\/\/bas-ip.com\/sr\/wp-json\/wp\/v2\/users\/1"}],"replies":[{"embeddable":true,"href":"https:\/\/bas-ip.com\/sr\/wp-json\/wp\/v2\/comments?post=133787"}],"version-history":[{"count":4,"href":"https:\/\/bas-ip.com\/sr\/wp-json\/wp\/v2\/pages\/133787\/revisions"}],"predecessor-version":[{"id":133910,"href":"https:\/\/bas-ip.com\/sr\/wp-json\/wp\/v2\/pages\/133787\/revisions\/133910"}],"wp:attachment":[{"href":"https:\/\/bas-ip.com\/sr\/wp-json\/wp\/v2\/media?parent=133787"}],"curies":[{"name":"wp","href":"https:\/\/api.w.org\/{rel}","templated":true}]}}