{"id":77592,"date":"2022-10-19T09:56:51","date_gmt":"2022-10-19T09:56:51","guid":{"rendered":"https:\/\/bas-ip.com\/?page_id=77592"},"modified":"2023-05-02T09:09:50","modified_gmt":"2023-05-02T09:09:50","slug":"personalizacija","status":"publish","type":"page","link":"https:\/\/bas-ip.com\/sl\/personalizacija\/","title":{"rendered":"Personalizacija"},"content":{"rendered":"<!-- START Block Home Hero Slider --><section id=\"block_63dcf9efc6125\" class=\"home-hero-slider-section js-home-hero-slider-section\">\r\n            <div class=\"home-hero-slide\">\r\n        <picture>\r\n            \r\n            \r\n                        <img decoding=\"async\" class=\"d-block w-100\" src=\"https:\/\/bas-ip.com\/wp-content\/uploads\/2023\/02\/1_main.jpg\"\r\n                alt=\"slide\">\r\n            \r\n        <\/picture>\r\n        <div class=\"container\">\r\n            <div class=\"text-holder fullsize__device\">\r\n                                <div class=\"h1 title-page\">Re\u0161itve po meri za vsakogar<\/div>\r\n                                                <div class=\"text-block\">\r\n                    Izberite barvo, velikost, material, na\u010din namestitve in graviranje!                <\/div>\r\n                                            <\/div>\r\n            <div class=\"text-holder medium__device__show\">\r\n                                                            <\/div>\r\n            <div class=\"text-holder small__device__show\">\r\n                                                            <\/div>\r\n        <\/div>\r\n    <\/div>\r\n        <\/section>\r\n<!-- END Block Home Hero Slider -->\n\n<!-- START Block Product Installation --><section id=\"block_63dd0dfdc612a\" class=\"product-installation-section\">\r\n\t<div class=\"text-holder\">\r\n                            <div class=\"text-section\" data-aos=\"fade-right\">\r\n                <p>V podjetju BAS-IP se zavedamo, da ima <b>kak\u0161na stranka edinstvene potrebe in \u017eelje<\/b>. Zato vam ponujamo \u0161tevilne mo\u017enosti prilagajanja, da bodo na\u0161i domofonski sistemi popolnoma prilagojeni va\u0161im zahtevam. <\/p>\n            <\/div>\r\n            <\/div>\r\n\r\n\t\t    <div class=\"installation-blocks-list\">\r\n\t\t\t\t\t\t\t\t\t\t\t\t<div class=\"installation-block-item image-position-left\">\r\n\t\t\t\t\t\t<div class=\"text-holder\" data-aos=\"fade-left\">\r\n                                                            <h3 class=\"h2 title-section\">Graviranje<\/h3>\r\n                            \r\n                                                            <div class=\"text-section\">\r\n                                  <p>Svoj domofon prilagodite z individualnimi gravurami, kot so logotip podjetja, ime stavbe ali imena posameznikov v stanovanjskih soseskah.<br \/>\nGraviranje lahko interkomu doda vrednost na ve\u010d na\u010dinov, tako da postane privla\u010dnej\u0161i, bolj prilagojen in funkcionalen. Izbolj\u0161a lahko celoten videz vhodne plo\u0161\u010de, zaradi \u010desar je privla\u010dnej\u0161a za potencialne stranke ali uporabnike.<br \/>\nGraviranje po meri omogo\u010da dodajanje personaliziranega besedila ali simbolov, kot so ime, logotip podjetja ali monogram. Zaradi te stopnje personalizacije je lahko domofonska plo\u0161\u010da edinstvena in za lastnika dragocenej\u0161a.<br \/>\nZa podjetja lahko graviranje logotipa ali imena podjetja na panel domofona slu\u017ei kot subtilno orodje za oblikovanje blagovne znamke, ki krepi identiteto podjetja.<\/p>\n                                <\/div>\r\n                                                    <\/div>\r\n\r\n                                                    <div class=\"image-holder\" data-aos=\"fade-right\">\r\n                                <div class=\"image-block\">\r\n                                    <img loading=\"lazy\" decoding=\"async\" width=\"944\" height=\"560\" src=\"https:\/\/bas-ip.com\/wp-content\/uploads\/2023\/02\/2_block_1.png\" class=\"attachment-full size-full\" alt=\"Engraving\" srcset=\"https:\/\/bas-ip.com\/wp-content\/uploads\/2023\/02\/2_block_1.png 944w,  https:\/\/bas-ip.com\/wp-content\/uploads\/2023\/02\/2_block_1-300x178.png 300w,  https:\/\/bas-ip.com\/wp-content\/uploads\/2023\/02\/2_block_1-768x456.png 768w,  https:\/\/bas-ip.com\/wp-content\/uploads\/2023\/02\/2_block_1-767x455.png 767w\" sizes=\"auto, (max-width: 944px) 100vw, 944px\" \/>                                <\/div>\r\n                            <\/div>\r\n                            \t\t\t\t\t<\/div>\r\n\t\t\t\t\t\t\t\t\t\t\t\t\t\t\t\t<div class=\"installation-block-item image-position-right\">\r\n\t\t\t\t\t\t<div class=\"text-holder\" data-aos=\"fade-right\">\r\n                                                            <h3 class=\"h2 title-section\">Materiali<\/h3>\r\n                            \r\n                                                            <div class=\"text-section\">\r\n                                  <p>Ponosni smo, da lahko svojim strankam ponudimo pestro izbiro <b>visokakovostnih materialov<\/b>:<\/p>\n<p>1. Iz\u017earevajte razko\u0161je in glamur z na\u0161imi skrbno izdelanimi <b>British Brass <b>domofonske plo\u0161\u010de<\/b>. Vsak element je mojstrsko zasnovan tako, da ustvarja ob\u010dutek veli\u010dastnosti in zagotavlja izjemno vzdr\u017eljivost, kar zagotavlja, da bo va\u0161 vhodni sistem vzdr\u017eal preizkus \u010dasa.<br \/>\n2. Z na\u0161imi elegantnimi <b>aluminijastimi<\/b> domofonskimi plo\u0161\u010dami se lotite sodobnega minimalizma. Aluminij, ki slovi po svoji lahkosti in hkrati trdnosti, je odli\u010dno odporen proti koroziji, zato je idealna izbira tako za stanovanjska kot poslovna okolja.<br \/>\n3. Cenite brez\u010dasno privla\u010dnost na\u0161ih sistemov domofonov iz <b>nevarnega jekla<\/b>. Z vrhunsko trdnostjo in odpornostjo proti koroziji imajo ti paneli prefinjeno polirano povr\u0161ino in zlahka zdru\u017eujejo slog in prakti\u010dnost.<br \/>\n4. Z na\u0161imi <b>barvanimi kovinskimi<\/b> domofonskimi plo\u0161\u010dami sprostite svojo ustvarjalnost. Te plo\u0161\u010de, ki jih je mogo\u010de prilagoditi, so na voljo v \u0161tevilnih \u017eivahnih barvah in zaklju\u010dnih obdelavah ter vam omogo\u010dajo, da izrazite svoj edinstven okus in osebnost, hkrati pa u\u017eivate v vzdr\u017eljivosti in zanesljivosti kovinske konstrukcije.<\/p>\n                                <\/div>\r\n                                                    <\/div>\r\n\r\n                                                    <div class=\"image-holder\" data-aos=\"fade-left\">\r\n                                <div class=\"image-block\">\r\n                                    <img loading=\"lazy\" decoding=\"async\" width=\"944\" height=\"560\" src=\"https:\/\/bas-ip.com\/wp-content\/uploads\/2023\/02\/2_block_2.png\" class=\"attachment-full size-full\" alt=\"FLEXIBILITY OF MATERIALS\" srcset=\"https:\/\/bas-ip.com\/wp-content\/uploads\/2023\/02\/2_block_2.png 944w,  https:\/\/bas-ip.com\/wp-content\/uploads\/2023\/02\/2_block_2-300x178.png 300w,  https:\/\/bas-ip.com\/wp-content\/uploads\/2023\/02\/2_block_2-768x456.png 768w,  https:\/\/bas-ip.com\/wp-content\/uploads\/2023\/02\/2_block_2-767x455.png 767w\" sizes=\"auto, (max-width: 944px) 100vw, 944px\" \/>                                <\/div>\r\n                            <\/div>\r\n                            \t\t\t\t\t<\/div>\r\n\t\t\t\t\t\t\t\t\t\t\t\t\t\t\t\t<div class=\"installation-block-item image-position-left\">\r\n\t\t\t\t\t\t<div class=\"text-holder\" data-aos=\"fade-left\">\r\n                                                            <h3 class=\"h2 title-section\">Barve<\/h3>\r\n                            \r\n                                                            <div class=\"text-section\">\r\n                                  <p>Odprite svet brezmejne ustvarjalnosti s kolekcijo barv po meri BAS-IP, kjer va\u0161a domi\u0161ljija postane klju\u010d do ustvarjanja popolne vhodne plo\u0161\u010de. Zavedamo se, da <b>va\u0161a nepremi\u010dnina je podalj\u0161ek va\u0161ega osebnega sloga<\/b>, zato vam z veseljem ponujamo neomejene mo\u017enosti izbire barv za uresni\u010ditev va\u0161e vizije.<br \/>\nS kolekcijo barv po meri BAS-IP niste ve\u010d omejeni na omejeno barvno paleto.<\/b>. Izbirate lahko med \u0161irokim naborom odtenkov, tonov in barvnih odtenkov, ki se popolnoma ujemajo z zunanjostjo va\u0161e nepremi\u010dnine, ali pa se drzno izrazite s kontrastno barvo.<br \/>\nNa\u0161e <b>barve<\/b> so odporne proti UV-\u017earkom in so zasnovane tako, da kljubujejo elementom ter zagotavljajo trajno lepoto in vzdr\u017eljivost.<br \/>\nNa\u0161i usposobljeni tehniki skrbno nanesejo izbrano barvo in tako zagotovijo brezhiben, enakomeren zaklju\u010dek vsake vhodne plo\u0161\u010de BAS-IP. <b>Do\u017eivite popoln spoj <b>umetnosti<\/b> in tehnologije, saj na\u0161a ekipa skrbno oblikuje vsako plo\u0161\u010do po va\u0161ih natan\u010dnih specifikacijah.<\/p>\n                                <\/div>\r\n                                                    <\/div>\r\n\r\n                                                    <div class=\"image-holder\" data-aos=\"fade-right\">\r\n                                <div class=\"image-block\">\r\n                                    <img loading=\"lazy\" decoding=\"async\" width=\"1920\" height=\"960\" src=\"https:\/\/bas-ip.com\/wp-content\/uploads\/2023\/02\/Individual-Color-Solution2-1.png\" class=\"attachment-full size-full\" alt=\"\" srcset=\"https:\/\/bas-ip.com\/wp-content\/uploads\/2023\/02\/Individual-Color-Solution2-1.png 1920w,  https:\/\/bas-ip.com\/wp-content\/uploads\/2023\/02\/Individual-Color-Solution2-1-300x150.png 300w,  https:\/\/bas-ip.com\/wp-content\/uploads\/2023\/02\/Individual-Color-Solution2-1-1024x512.png 1024w,  https:\/\/bas-ip.com\/wp-content\/uploads\/2023\/02\/Individual-Color-Solution2-1-768x384.png 768w,  https:\/\/bas-ip.com\/wp-content\/uploads\/2023\/02\/Individual-Color-Solution2-1-1536x768.png 1536w,  https:\/\/bas-ip.com\/wp-content\/uploads\/2023\/02\/Individual-Color-Solution2-1-767x384.png 767w,  https:\/\/bas-ip.com\/wp-content\/uploads\/2023\/02\/Individual-Color-Solution2-1-1534x767.png 1534w\" sizes=\"auto, (max-width: 1920px) 100vw, 1920px\" \/>                                <\/div>\r\n                            <\/div>\r\n                            \t\t\t\t\t<\/div>\r\n\t\t\t\t\t\t\t\t\t<\/div>\r\n\t<\/section>\r\n<!-- END Block Product Installation -->\n\n<!-- START Block Video Banner -->    <div data-aos=\"fade-up\" class=\"video-banner-section-wrapper\">\r\n        <section id=\"block_63dcf4d0c6123\" class=\"video-banner-section\" style=\"background-image: url('https:\/\/bas-ip.com\/wp-content\/uploads\/2023\/02\/4_long-for-sait.jpg');\">\r\n            <div class=\"container\">\r\n                <div class=\"text-holder\" data-aos=\"fade-right\" data-aos-delay=\"300\">\r\n                                        <h2 class=\"title-section\">Zamenjava bralnika UKEY<\/h2>\r\n                                                          <div class=\"text-section\">\r\n                        <p>Mo\u017enost zamenjave trenutnega \u010ditalnika UKEY v vhodnih plo\u0161\u010dah s \u010ditalnikom, ki ga zahteva gradbenik\/naro\u010dnik, ko je to res potrebno. <\/p>\n                      <\/div>\r\n                                  <\/div>\r\n                                    <a href=\"https:\/\/bas-ip.com\/wp-content\/uploads\/2023\/02\/reader.mp4\" data-fancybox class=\"icon-play\" data-aos=\"fade-left\" data-aos-delay=\"300\">\r\n                        <svg width=\"74\" height=\"74\" viewBox=\"0 0 74 74\" fill=\"none\" xmlns=\"http:\/\/www.w3.org\/2000\/svg\">\r\n                            <path d=\"M47.0084 35.0371C49.685 36.5593 49.7101 40.4083 47.0535 41.9652L34.4076 49.3762C31.751 50.9331 28.4052 49.0303 28.3852 45.9512L28.29 31.2941C28.27 28.2149 31.5907 26.2688 34.2673 27.791L47.0084 35.0371Z\" fill=\"currentColor\"\/>\r\n                            <circle cx=\"37\" cy=\"37\" r=\"36.5\" stroke=\"currentColor\"\/>\r\n                        <\/svg>\r\n                        <span><\/span>\r\n                    <\/a>\r\n                            <\/div>\r\n        <\/section>\r\n    <\/div>\r\n<!-- END Block Video Banner -->\n\n<!-- START Block Info Boxes Gated Community --><section id=\"block_63dceb1ec611f\" class=\"info-boxes-gated-community-section\">\r\n\t\t    <h2 class=\"title-section\" data-aos=\"fade-right\">Razli\u010dne mo\u017enosti namestitve<\/h2>\r\n\t\r\n\t\t    <div class=\"features-list\">\r\n            \t\t\t\t\t\t\t\t\t\t\t\t<div class=\"features-item\" data-aos=\"fade-up\" data-aos-delay=\"100\">\r\n\t\t\t\t\t\t<div class=\"features-box\">\r\n\t\t\t\t\t\t\t\t\t\t\t\t\t\t\t<div class=\"image-holder\">\r\n\t\t\t\t\t\t\t\t\t<img loading=\"lazy\" decoding=\"async\" width=\"350\" height=\"320\" src=\"https:\/\/bas-ip.com\/wp-content\/uploads\/2023\/02\/5_block_3-1-350x320.jpg\" class=\"attachment-thumbnail_350x320 size-thumbnail_350x320\" alt=\"The Pedestal\" srcset=\"https:\/\/bas-ip.com\/wp-content\/uploads\/2023\/02\/5_block_3-1.jpg 350w,  https:\/\/bas-ip.com\/wp-content\/uploads\/2023\/02\/5_block_3-1-300x274.jpg 300w\" sizes=\"auto, (max-width: 350px) 100vw, 350px\" \/>\t\t\t\t\t\t\t\t<\/div>\r\n\t\t\t\t\t\t\t\r\n\t\t\t\t\t\t\t<div class=\"text-holder\">\r\n\t\t\t\t\t\t\t\t\t\t\t\t\t\t\t\t\t<h3 class=\"title-block\">Podstavek<\/h3>\r\n\t\t\t\t\t\t\t\t\r\n\t\t\t\t\t\t\t\t\t\t\t\t\t\t\t<\/div>\r\n\t\t\t\t\t\t<\/div>\r\n\t\t\t\t\t<\/div>\r\n\t\t\t\t              \t\t\t\t\t\t\t\t\t\t\t\t<div class=\"features-item\" data-aos=\"fade-up\" data-aos-delay=\"200\">\r\n\t\t\t\t\t\t<div class=\"features-box\">\r\n\t\t\t\t\t\t\t\t\t\t\t\t\t\t\t<div class=\"image-holder\">\r\n\t\t\t\t\t\t\t\t\t<img loading=\"lazy\" decoding=\"async\" width=\"350\" height=\"320\" src=\"https:\/\/bas-ip.com\/wp-content\/uploads\/2023\/02\/5_block_2-1-350x320.jpg\" class=\"attachment-thumbnail_350x320 size-thumbnail_350x320\" alt=\"Wall Mounting\" srcset=\"https:\/\/bas-ip.com\/wp-content\/uploads\/2023\/02\/5_block_2-1.jpg 350w,  https:\/\/bas-ip.com\/wp-content\/uploads\/2023\/02\/5_block_2-1-300x274.jpg 300w\" sizes=\"auto, (max-width: 350px) 100vw, 350px\" \/>\t\t\t\t\t\t\t\t<\/div>\r\n\t\t\t\t\t\t\t\r\n\t\t\t\t\t\t\t<div class=\"text-holder\">\r\n\t\t\t\t\t\t\t\t\t\t\t\t\t\t\t\t\t<h3 class=\"title-block\">Pritrditev na steno<\/h3>\r\n\t\t\t\t\t\t\t\t\r\n\t\t\t\t\t\t\t\t\t\t\t\t\t\t\t<\/div>\r\n\t\t\t\t\t\t<\/div>\r\n\t\t\t\t\t<\/div>\r\n\t\t\t\t              \t\t\t\t\t\t\t\t\t\t\t\t<div class=\"features-item\" data-aos=\"fade-up\" data-aos-delay=\"300\">\r\n\t\t\t\t\t\t<div class=\"features-box\">\r\n\t\t\t\t\t\t\t\t\t\t\t\t\t\t\t<div class=\"image-holder\">\r\n\t\t\t\t\t\t\t\t\t<img loading=\"lazy\" decoding=\"async\" width=\"350\" height=\"320\" src=\"https:\/\/bas-ip.com\/wp-content\/uploads\/2023\/02\/5_block_1-1-350x320.jpg\" class=\"attachment-thumbnail_350x320 size-thumbnail_350x320\" alt=\"Flush Mounting\" srcset=\"https:\/\/bas-ip.com\/wp-content\/uploads\/2023\/02\/5_block_1-1.jpg 350w,  https:\/\/bas-ip.com\/wp-content\/uploads\/2023\/02\/5_block_1-1-300x274.jpg 300w\" sizes=\"auto, (max-width: 350px) 100vw, 350px\" \/>\t\t\t\t\t\t\t\t<\/div>\r\n\t\t\t\t\t\t\t\r\n\t\t\t\t\t\t\t<div class=\"text-holder\">\r\n\t\t\t\t\t\t\t\t\t\t\t\t\t\t\t\t\t<h3 class=\"title-block\">Vgradnja v isti ravnini<\/h3>\r\n\t\t\t\t\t\t\t\t\r\n\t\t\t\t\t\t\t\t\t\t\t\t\t\t\t<\/div>\r\n\t\t\t\t\t\t<\/div>\r\n\t\t\t\t\t<\/div>\r\n\t\t\t\t              \t\t\t\t\t<\/div>\r\n\t<\/section>\r\n<!-- END Block Info Boxes Gated Community -->\n\n<!-- START Block Product Installation --><section id=\"block_641db96570b23\" class=\"product-installation-section\">\r\n\t<div class=\"text-holder\">\r\n                    <\/div>\r\n\r\n\t\t    <div class=\"installation-blocks-list\">\r\n\t\t\t\t\t\t\t\t\t\t\t\t<div class=\"installation-block-item image-position-left\">\r\n\t\t\t\t\t\t<div class=\"text-holder\" data-aos=\"fade-left\">\r\n                                                            <h3 class=\"h2 title-section\">Izberite BAS-IP, kjer se neprekosljiva kakovost sre\u010da z brez\u010dasno eleganco<\/h3>\r\n                            \r\n                                                            <div class=\"text-section\">\r\n                                  <p>Izkusite <b>neprimerljivo zmogljivost<\/b> in <b>neprekosljiv slog<\/b> iz prefinjene kolekcije domofonov BAS-IP. Na\u0161a raznolika ponudba izdelkov, zasnovana z mislijo na va\u0161e potrebe, zagotavlja, da lahko najdete popolno re\u0161itev za svojo nepremi\u010dnino, ne glede na to, ali i\u0161\u010dete pridih klasi\u010dne elegance ali sodobnega okrasja.<\/p>\n<p>Izbolj\u0161ajte svoj sistem za nadzor dostopa in naredite trajen vtis s skrbno zasnovanimi komunikacijskimi sistemi za vrata BAS-IP. Na\u0161a zavezanost kakovosti, inovacijam in oblikovanju zagotavlja, da lahko u\u017eivate v lepoti in funkcionalnosti v enem prefinjenem paketu.<\/p>\n<p>\u0160e danes investirajte v domofonski sistem BAS-IP in odkrijte razliko, ki jo lahko naredijo izjemni materiali in izdelava. Spremenite svoj vhodni hodnik v osupljivo osrednjo to\u010dko, ki bo odra\u017eala va\u0161 zahtevni okus in zavezanost k odli\u010dnosti.<\/p>\n                                <\/div>\r\n                                                    <\/div>\r\n\r\n                                                    <div class=\"image-holder\" data-aos=\"fade-right\">\r\n                                <div class=\"image-block\">\r\n                                    <img loading=\"lazy\" decoding=\"async\" width=\"799\" height=\"439\" src=\"https:\/\/bas-ip.com\/wp-content\/uploads\/2023\/03\/18_2.jpg\" class=\"attachment-full size-full\" alt=\"\" srcset=\"https:\/\/bas-ip.com\/wp-content\/uploads\/2023\/03\/18_2.jpg 799w,  https:\/\/bas-ip.com\/wp-content\/uploads\/2023\/03\/18_2-300x165.jpg 300w,  https:\/\/bas-ip.com\/wp-content\/uploads\/2023\/03\/18_2-768x422.jpg 768w,  https:\/\/bas-ip.com\/wp-content\/uploads\/2023\/03\/18_2-767x421.jpg 767w\" sizes=\"auto, (max-width: 799px) 100vw, 799px\" \/>                                <\/div>\r\n                            <\/div>\r\n                            \t\t\t\t\t<\/div>\r\n\t\t\t\t\t\t\t\t\t<\/div>\r\n\t<\/section>\r\n<!-- END Block Product Installation -->\n\n<!-- START Block Sign Up --><section id=\"block_629678229e935\" class=\"sign-up-section\">\r\n\r\n    <div class=\"form-holder js-form\" data-aos=\"fade-right\">\r\n                    <div class=\"title-block h3\">Sign up for connection<\/div>\r\n        \r\n                    <div class=\"text-block\">\r\n                Filling out all the information needed to answer you as quickly as possible            <\/div>\r\n        \r\n                    \n<div class=\"wpcf7 no-js\" id=\"wpcf7-f102-o1\" lang=\"en-US\" dir=\"ltr\">\n<div class=\"screen-reader-response\"><p role=\"status\" aria-live=\"polite\" aria-atomic=\"true\"><\/p> <ul><\/ul><\/div>\n<form action=\"\/sl\/wp-json\/wp\/v2\/pages\/77592#wpcf7-f102-o1\" method=\"post\" class=\"wpcf7-form init\" aria-label=\"Contact form\" enctype=\"multipart\/form-data\" novalidate=\"novalidate\" data-status=\"init\">\n<div style=\"display: none;\">\n<input type=\"hidden\" name=\"_wpcf7\" value=\"102\" \/>\n<input type=\"hidden\" name=\"_wpcf7_version\" value=\"5.8.3\" \/>\n<input type=\"hidden\" name=\"_wpcf7_locale\" value=\"en_US\" \/>\n<input type=\"hidden\" name=\"_wpcf7_unit_tag\" value=\"wpcf7-f102-o1\" \/>\n<input type=\"hidden\" name=\"_wpcf7_container_post\" value=\"0\" \/>\n<input type=\"hidden\" name=\"_wpcf7_posted_data_hash\" value=\"\" \/>\n<input type=\"hidden\" name=\"_wpcf7_recaptcha_response\" value=\"\" \/>\n<\/div>\n<div class=\"row\"> \n <label><span class=\"label-text\">Name<\/span> \n  <span class=\"wpcf7-form-control-wrap\" data-name=\"text-full-name\"><input size=\"40\" class=\"wpcf7-form-control wpcf7-text wpcf7-validates-as-required\" aria-required=\"true\" aria-invalid=\"false\" placeholder=\"Name\" value=\"\" type=\"text\" name=\"text-full-name\" \/><\/span><\/label> \n<\/div> \n<div class=\"row\"> \n <label><span class=\"label-text\">Phone*<\/span> \n<span class=\"wpcf7-form-control-wrap\" data-name=\"phonetext-270\"><input size=\"40\" class=\"wpcf7-form-control wpcf7-phonetext wpcf7-validates-as-required wpcf7-text wpcf7-validates-as-phonetext\" aria-required=\"true\" aria-invalid=\"false\" placeholder=\"Phone*\" value=\"\" type=\"text\" name=\"phonetext-270\" \/><input type=\"hidden\" name=\"phonetext-270-country-code\" class=\"wpcf7-phonetext-country-code\" \/><\/span><\/label> \n<\/div> \n<div class=\"row\"> \n <label><span class=\"label-text\">E-mail<\/span> \n  <span class=\"wpcf7-form-control-wrap\" data-name=\"email-e-mail\"><input size=\"40\" class=\"wpcf7-form-control wpcf7-email wpcf7-validates-as-required wpcf7-text wpcf7-validates-as-email\" aria-required=\"true\" aria-invalid=\"false\" placeholder=\"E-mail\" value=\"\" type=\"email\" name=\"email-e-mail\" \/><\/span><\/label> \n<\/div> \n<div class=\"row\"><span>Your country<\/span> \n <label><span class=\"wpcf7-form-control-wrap\" data-name=\"countrytext-126\"><input size=\"40\" class=\"wpcf7-form-control wpcf7-countrytext wpcf7-text wpcf7-validates-as-countrytext\" aria-invalid=\"false\" value=\"\" type=\"text\" name=\"countrytext-126\" \/><\/span> <\/label>\n<\/div> \n<div class=\"row\"> \n <button type=\"submit\" class=\"btn\">Send<\/button> \n<\/div> \n<div class=\"row\"> \n <span class=\"wpcf7-form-control-wrap\" data-name=\"checkbox-931\"><span class=\"wpcf7-form-control wpcf7-checkbox\"><span class=\"wpcf7-list-item first\"><label><input type=\"checkbox\" name=\"checkbox-931[]\" value=\"Integrator\" \/><span class=\"wpcf7-list-item-label\">Integrator<\/span><\/label><\/span><span class=\"wpcf7-list-item\"><label><input type=\"checkbox\" name=\"checkbox-931[]\" value=\"Builder\" \/><span class=\"wpcf7-list-item-label\">Builder<\/span><\/label><\/span><span class=\"wpcf7-list-item last\"><label><input type=\"checkbox\" name=\"checkbox-931[]\" value=\"End-User\" \/><span class=\"wpcf7-list-item-label\">End-User<\/span><\/label><\/span><\/span><\/span> \n<\/div> \n<div class=\"row row-upload-file\"> \n <label class=\"upload-file-block js-upload-file\">Attach file \n  <span class=\"wpcf7-form-control-wrap\" data-name=\"file-466\"><input size=\"40\" class=\"wpcf7-form-control wpcf7-file\" accept=\"audio\/*,video\/*,image\/*\" aria-invalid=\"false\" type=\"file\" name=\"file-466\" \/><\/span><\/label> \n<\/div><input type='hidden' class='wpcf7-pum' value='{\"closepopup\":false,\"closedelay\":0,\"openpopup\":false,\"openpopup_id\":0}' \/><div class=\"wpcf7-response-output\" aria-hidden=\"true\"><\/div>\n<\/form>\n<\/div>\n            <\/div>\r\n\r\n\t\t    <div class=\"text-holder\" data-aos=\"fade-left\">\r\n\t\t\t\t\t\t    <h3 class=\"title-block\">How Can We Help?<\/h3>\r\n\t\t\t\r\n\t\t\t                <div class=\"text-block\">\r\n                    Please select a topic below related to your inquiry. If you don&#8217;t find what you need, fill out our contact form.                <\/div>\r\n\t\t\t\r\n\t\t\t\t\t\t    <ul class=\"link-list\">\r\n\t\t\t\t\t\t\t\t\t\t\t\t\t\t\t\t\t\t<li>\r\n\t\t\t\t\t\t\t\t\t\t\t\t\t\t\t\t    <strong>Get Inspired<\/strong>\r\n\t\t\t\t\t\t\t\t\t\t\t\t\t\t\t\t\t\t\t\t\t\t\t\t    <a href=\"\/features\/\">\r\n\t\t\t\t\t\t\t\t        Discover what&#8217;s beneath our intercom\t\t\t\t\t\t\t\t    <\/a>\r\n\t\t\t\t\t\t\t\t\t\t\t\t\t\t\t<\/li>\r\n\t\t\t\t\t\t\t\t\t\t\t\t\t\t\t\t\t\t\t\t\t\t\t\t<li>\r\n\t\t\t\t\t\t\t\t\t\t\t\t\t\t\t\t    <strong>Become a Partner<\/strong>\r\n\t\t\t\t\t\t\t\t\t\t\t\t\t\t\t\t\t\t\t\t\t\t\t\t    <a href=\"\/distributors\/\">\r\n\t\t\t\t\t\t\t\t        Expand your business with BAS-IP intercom\t\t\t\t\t\t\t\t    <\/a>\r\n\t\t\t\t\t\t\t\t\t\t\t\t\t\t\t<\/li>\r\n\t\t\t\t\t\t\t\t\t\t\t\t\t\t\t\t\t\t\t\t\t\t\t\t<li>\r\n\t\t\t\t\t\t\t\t\t\t\t\t\t\t\t\t    <strong>Check the Guides<\/strong>\r\n\t\t\t\t\t\t\t\t\t\t\t\t\t\t\t\t\t\t\t\t\t\t\t\t    <a href=\"\/support\/\">\r\n\t\t\t\t\t\t\t\t        Download detailed manuals and schemes\t\t\t\t\t\t\t\t    <\/a>\r\n\t\t\t\t\t\t\t\t\t\t\t\t\t\t\t<\/li>\r\n\t\t\t\t\t\t\t\t\t\t\t\t\t\t\t<\/ul>\r\n\t\t\t\r\n\t\t\t\t\t\t    <h3 class=\"title-block\">Our contacts<\/h3>\r\n\t\t\t\r\n\t\t\t\t\t\t\t<ul class=\"contact-list\">\r\n\t\t\t\t\t\t\t\t\t\t\t\t\t\t\t\t\t\t<li>\r\n\t\t\t\t\t\t\t\t\t\t\t\t\t\t\t\t\t<strong>Sales:<\/strong>\r\n\t\t\t\t\t\t\t\t\t\t\t\t\t\t\t\t\t\t\t\t\t\t\t\t    <a href=\"mailto:s&#97;l&#101;&#115;&#64;b&#97;&#115;-ip&#46;c&#111;m\">&#115;a&#108;&#101;s&#64;&#98;as&#45;ip&#46;&#99;o&#109;<\/a>\r\n\t\t\t\t\t\t\t\t\t\t\t\t\t\t\t<\/li>\r\n\t\t\t\t\t\t\t\t\t\t\t\t\t\t\t\t\t\t\t\t\t\t\t\t<li>\r\n\t\t\t\t\t\t\t\t\t\t\t\t\t\t\t\t\t<strong>Technical support:<\/strong>\r\n\t\t\t\t\t\t\t\t\t\t\t\t\t\t\t\t\t\t\t\t\t\t\t\t    <a href=\"mailto:s&#117;&#112;&#112;&#111;rt&#64;ba&#115;&#45;ip.&#99;om\">sup&#112;o&#114;&#116;&#64;&#98;&#97;&#115;&#45;i&#112;&#46;co&#109;<\/a>\r\n\t\t\t\t\t\t\t\t\t\t\t\t\t\t\t<\/li>\r\n\t\t\t\t\t\t\t\t\t\t\t\t\t\t\t<\/ul>\r\n\t\t\t\t\t<\/div>\r\n\t<\/section>\r\n\r\n\r\n\r\n<!-- END Block Sign Up -->\n\n<!-- START Block Info Boxes Gated Community --><!-- END Block Info Boxes Gated Community -->","protected":false},"excerpt":{"rendered":"","protected":false},"author":1,"featured_media":0,"parent":0,"menu_order":0,"comment_status":"closed","ping_status":"closed","template":"","meta":{"inline_featured_image":false,"footnotes":""},"class_list":["post-77592","page","type-page","status-publish","hentry"],"acf":[],"_links":{"self":[{"href":"https:\/\/bas-ip.com\/sl\/wp-json\/wp\/v2\/pages\/77592","targetHints":{"allow":["GET"]}}],"collection":[{"href":"https:\/\/bas-ip.com\/sl\/wp-json\/wp\/v2\/pages"}],"about":[{"href":"https:\/\/bas-ip.com\/sl\/wp-json\/wp\/v2\/types\/page"}],"author":[{"embeddable":true,"href":"https:\/\/bas-ip.com\/sl\/wp-json\/wp\/v2\/users\/1"}],"replies":[{"embeddable":true,"href":"https:\/\/bas-ip.com\/sl\/wp-json\/wp\/v2\/comments?post=77592"}],"version-history":[{"count":2,"href":"https:\/\/bas-ip.com\/sl\/wp-json\/wp\/v2\/pages\/77592\/revisions"}],"predecessor-version":[{"id":77632,"href":"https:\/\/bas-ip.com\/sl\/wp-json\/wp\/v2\/pages\/77592\/revisions\/77632"}],"wp:attachment":[{"href":"https:\/\/bas-ip.com\/sl\/wp-json\/wp\/v2\/media?parent=77592"}],"curies":[{"name":"wp","href":"https:\/\/api.w.org\/{rel}","templated":true}]}}