{"id":36627,"date":"2022-05-31T21:22:07","date_gmt":"2022-05-31T21:22:07","guid":{"rendered":"https:\/\/bas-ip.com\/?page_id=36627"},"modified":"2025-12-25T11:10:26","modified_gmt":"2025-12-25T11:10:26","slug":"integrations","status":"publish","type":"page","link":"https:\/\/bas-ip.com\/sl\/integracije\/","title":{"rendered":"Integracije"},"content":{"rendered":"<!-- START Block General Hero --><section id=\"block_62968804c83f8\" class=\"general-hero-section\">\r\n\t<div class=\"text-holder\" data-aos=\"fade-right\">\r\n                    <h1 class=\"page-title\">Maksimizirajte prednosti svojega domofona z integracijami BAS-IP<\/h1>\r\n                                    <div class=\"text-section\">\r\n                <p>BAS-IP tesno sodeluje z vodilnimi proizvajalci programske in strojne opreme na podro\u010dju sistemov za nadzor dostopa, varnosti in informacijske tehnologije.<\/p>\n            <\/div>\r\n            <\/div>\r\n\t        <div class=\"image-holder\" data-aos=\"fade-left\">\r\n\t        <img loading=\"lazy\" decoding=\"async\" width=\"900\" height=\"671\" src=\"https:\/\/bas-ip.com\/wp-content\/uploads\/2022\/05\/Frame-6.svg\" class=\"attachment-large size-large\" alt=\"Audio Video IP Intercom Integrations\" \/>        <\/div>\r\n\t<\/section>\r\n<!-- END Block General Hero -->\n\n<!-- START Block Integrations Intro --><section id=\"block_62968ab105155\" class=\"integrations-intro-section\">\r\n\t\t    <h2 class=\"title-section\" data-aos=\"fade-right\">Zdru\u017eite vse sisteme v eni sami napravi<\/h2>\r\n\t\t        <div class=\"text-block\" data-aos=\"fade-right\">\r\n\t        <p>Z integracijami \u0161irimo potencial in upravljamo razli\u010dne sisteme za nadzor dostopa in avtomatizacijo pametnega doma v eni napravi. Nenehno razvijamo nove re\u0161itve in si prizadevamo, da bi na\u0161im strankam po vsem svetu zagotovili najbolj\u0161e storitve. \u010ce vas zanima integracija va\u0161e blagovne znamke z BAS-IP, nas preprosto kontaktirajte.<\/p>\n        <\/div>\r\n\t<\/section>\r\n<!-- END Block Integrations Intro -->\n\n<!-- START Block Integrations Text & Image --><section id=\"block_62968ac005156\" class=\"integrations-text-image-section\">\r\n\t\t<div class=\"image-holder\" data-aos=\"fade-left\">\r\n\t\t<img loading=\"lazy\" decoding=\"async\" width=\"791\" height=\"339\" src=\"https:\/\/bas-ip.com\/wp-content\/uploads\/2022\/09\/1-1.jpg\" class=\"attachment-large size-large\" alt=\"Audio video intercom with access control integration\" srcset=\"https:\/\/bas-ip.com\/wp-content\/uploads\/2022\/09\/1-1.jpg 791w,  https:\/\/bas-ip.com\/wp-content\/uploads\/2022\/09\/1-1-300x129.jpg 300w,  https:\/\/bas-ip.com\/wp-content\/uploads\/2022\/09\/1-1-768x329.jpg 768w,  https:\/\/bas-ip.com\/wp-content\/uploads\/2022\/09\/1-1-767x329.jpg 767w\" sizes=\"auto, (max-width: 791px) 100vw, 791px\" \/>\t<\/div>\r\n\t\r\n\t<div class=\"text-holder\" data-aos=\"fade-right\">\r\n\t\t\t\t<h3 class=\"title-block\">Nadzor dostopa<\/h3>\r\n\t\t\t\t\t\t<div class=\"text-block\">\r\n\t\t\t<p data-path-to-node=\"1\"><b data-path-to-node=\"1\" data-index-in-node=\"0\">BAS-IP<\/b> je avdio-video domofonski sistem z integracijo kontrole pristopa, ki ponuja celovito programsko in strojno zdru\u017eljivost z ve\u010dino opreme za sisteme kontrole pristopa (ACS).<\/p>\n<p data-path-to-node=\"2\">Implementacija domofonskih sistemov BAS-IP skupaj s sistemom kontrole pristopa je izjemno privla\u010dna za investitorje, monta\u017ena podjetja in komercialne objekte, kot so pisarne in trgovski centri. Z zdru\u017eitvijo obeh sistemov v enotno re\u0161itev se je vzpostavila raven varnosti in uporabni\u0161ke prijaznosti brez primere:<\/p>\n<ul data-path-to-node=\"3\">\n<li>\n<p data-path-to-node=\"3,0,0\"><b data-path-to-node=\"3,0,0\" data-index-in-node=\"0\">Celovita integracija \u010ditalnikov pristopa<\/b> znotraj plo\u0161\u010d BAS-IP v programsko opremo sistema za kontrolo pristopa, kar omogo\u010da branje, dodajanje in brisanje identifikatorjev.<\/p>\n<\/li>\n<li>\n<p data-path-to-node=\"3,1,0\"><b data-path-to-node=\"3,1,0\" data-index-in-node=\"0\">Poenostavljen vmesnik<\/b> za kontrolo pristopa.<\/p>\n<\/li>\n<li>\n<p data-path-to-node=\"3,2,0\"><b data-path-to-node=\"3,2,0\" data-index-in-node=\"0\">Uporaba pametnih telefonov<\/b> kot identifikacijskih orodij.<\/p>\n<\/li>\n<li>\n<p data-path-to-node=\"3,3,0\"><b data-path-to-node=\"3,3,0\" data-index-in-node=\"0\">Zdru\u017een dnevnik dogodkov<\/b> z nastavljivimi filtri.<\/p>\n<\/li>\n<li>\n<p data-path-to-node=\"3,4,0\"><b data-path-to-node=\"3,4,0\" data-index-in-node=\"0\">Centralizirano dodeljevanje ravni pristopa<\/b> na napravah BAS-IP in opremi proizvajalcev sistemov za kontrolo pristopa.<\/p>\n<\/li>\n<\/ul>\t\t<\/div>\r\n\t\t\r\n\t\t\t\t<h4 class=\"title-logo-block\">Blagovne znamke, s katerimi sodelujemo<\/h4>\r\n\t\t\r\n\t\t\r\n\t\t<ul class=\"logo-list\">\r\n\t\t\t\t\t\t<li class=\"logo-item\">\r\n\t\t\t\t\r\n\t\t\t\t<img loading=\"lazy\" decoding=\"async\" width=\"300\" height=\"83\" src=\"https:\/\/bas-ip.com\/wp-content\/uploads\/2022\/11\/inner-range-logo-300x83.png\" class=\"attachment-medium size-medium\" alt=\"\" srcset=\"https:\/\/bas-ip.com\/wp-content\/uploads\/2022\/11\/inner-range-logo-300x83.png 300w,  https:\/\/bas-ip.com\/wp-content\/uploads\/2022\/11\/inner-range-logo-768x212.png 768w,  https:\/\/bas-ip.com\/wp-content\/uploads\/2022\/11\/inner-range-logo-767x212.png 767w,  https:\/\/bas-ip.com\/wp-content\/uploads\/2022\/11\/inner-range-logo.png 836w\" sizes=\"auto, (max-width: 300px) 100vw, 300px\" \/>\r\n\t\t\t\t\r\n\t\t\t<\/li>\r\n\t\t\t\t\t\t<li class=\"logo-item\">\r\n\t\t\t\t\r\n\t\t\t\t<img loading=\"lazy\" decoding=\"async\" width=\"300\" height=\"88\" src=\"https:\/\/bas-ip.com\/wp-content\/uploads\/2022\/11\/u-prox_logo-300x88.png\" class=\"attachment-medium size-medium\" alt=\"\" srcset=\"https:\/\/bas-ip.com\/wp-content\/uploads\/2022\/11\/u-prox_logo-300x88.png 300w,  https:\/\/bas-ip.com\/wp-content\/uploads\/2022\/11\/u-prox_logo.png 674w\" sizes=\"auto, (max-width: 300px) 100vw, 300px\" \/>\r\n\t\t\t\t\r\n\t\t\t<\/li>\r\n\t\t\t\t\t\t<li class=\"logo-item\">\r\n\t\t\t\t\r\n\t\t\t\t<img loading=\"lazy\" decoding=\"async\" width=\"300\" height=\"74\" src=\"https:\/\/bas-ip.com\/wp-content\/uploads\/2022\/11\/galaxy-control-systems-300x74.png\" class=\"attachment-medium size-medium\" alt=\"\" srcset=\"https:\/\/bas-ip.com\/wp-content\/uploads\/2022\/11\/galaxy-control-systems-300x74.png 300w,  https:\/\/bas-ip.com\/wp-content\/uploads\/2022\/11\/galaxy-control-systems-768x190.png 768w,  https:\/\/bas-ip.com\/wp-content\/uploads\/2022\/11\/galaxy-control-systems-767x190.png 767w,  https:\/\/bas-ip.com\/wp-content\/uploads\/2022\/11\/galaxy-control-systems.png 924w\" sizes=\"auto, (max-width: 300px) 100vw, 300px\" \/>\r\n\t\t\t\t\r\n\t\t\t<\/li>\r\n\t\t\t\t\t\t<li class=\"logo-item\">\r\n\t\t\t\t\r\n\t\t\t\t<img loading=\"lazy\" decoding=\"async\" width=\"300\" height=\"120\" src=\"https:\/\/bas-ip.com\/wp-content\/uploads\/2023\/02\/Gallagher-long-300x120.png\" class=\"attachment-medium size-medium\" alt=\"\" srcset=\"https:\/\/bas-ip.com\/wp-content\/uploads\/2023\/02\/Gallagher-long-300x120.png 300w,  https:\/\/bas-ip.com\/wp-content\/uploads\/2023\/02\/Gallagher-long.png 500w\" sizes=\"auto, (max-width: 300px) 100vw, 300px\" \/>\r\n\t\t\t\t\r\n\t\t\t<\/li>\r\n\t\t\t\t\t\t<li class=\"logo-item\">\r\n\t\t\t\t\r\n\t\t\t\t<img loading=\"lazy\" decoding=\"async\" width=\"300\" height=\"62\" src=\"https:\/\/bas-ip.com\/wp-content\/uploads\/2024\/08\/napco_logo-1-300x62.png\" class=\"attachment-medium size-medium\" alt=\"\" srcset=\"https:\/\/bas-ip.com\/wp-content\/uploads\/2024\/08\/napco_logo-1-300x62.png 300w,  https:\/\/bas-ip.com\/wp-content\/uploads\/2024\/08\/napco_logo-1-1024x213.png 1024w,  https:\/\/bas-ip.com\/wp-content\/uploads\/2024\/08\/napco_logo-1-768x160.png 768w,  https:\/\/bas-ip.com\/wp-content\/uploads\/2024\/08\/napco_logo-1-767x159.png 767w,  https:\/\/bas-ip.com\/wp-content\/uploads\/2024\/08\/napco_logo-1.png 1227w\" sizes=\"auto, (max-width: 300px) 100vw, 300px\" \/>\r\n\t\t\t\t\r\n\t\t\t<\/li>\r\n\t\t\t\t\t\t<li class=\"logo-item\">\r\n\t\t\t\t\r\n\t\t\t\t<img loading=\"lazy\" decoding=\"async\" width=\"300\" height=\"48\" src=\"https:\/\/bas-ip.com\/wp-content\/uploads\/2025\/02\/Rosslare_logo_new-300x48.png\" class=\"attachment-medium size-medium\" alt=\"\" srcset=\"https:\/\/bas-ip.com\/wp-content\/uploads\/2025\/02\/Rosslare_logo_new-300x48.png 300w,  https:\/\/bas-ip.com\/wp-content\/uploads\/2025\/02\/Rosslare_logo_new-1024x166.png 1024w,  https:\/\/bas-ip.com\/wp-content\/uploads\/2025\/02\/Rosslare_logo_new-768x124.png 768w,  https:\/\/bas-ip.com\/wp-content\/uploads\/2025\/02\/Rosslare_logo_new-767x124.png 767w,  https:\/\/bas-ip.com\/wp-content\/uploads\/2025\/02\/Rosslare_logo_new.png 1064w\" sizes=\"auto, (max-width: 300px) 100vw, 300px\" \/>\r\n\t\t\t\t\r\n\t\t\t<\/li>\r\n\t\t\t\t\t\t<li class=\"logo-item\">\r\n\t\t\t\t\r\n\t\t\t\t<img loading=\"lazy\" decoding=\"async\" width=\"300\" height=\"162\" src=\"https:\/\/bas-ip.com\/wp-content\/uploads\/2025\/02\/ACTpro-300x162.png\" class=\"attachment-medium size-medium\" alt=\"\" srcset=\"https:\/\/bas-ip.com\/wp-content\/uploads\/2025\/02\/ACTpro-300x162.png 300w,  https:\/\/bas-ip.com\/wp-content\/uploads\/2025\/02\/ACTpro.png 594w\" sizes=\"auto, (max-width: 300px) 100vw, 300px\" \/>\r\n\t\t\t\t\r\n\t\t\t<\/li>\r\n\t\t\t\t\t\t<li class=\"logo-item\">\r\n\t\t\t\t\r\n\t\t\t\t<img loading=\"lazy\" decoding=\"async\" width=\"300\" height=\"175\" src=\"https:\/\/bas-ip.com\/wp-content\/uploads\/2025\/06\/Condo-Control2-300x175.png\" class=\"attachment-medium size-medium\" alt=\"\" srcset=\"https:\/\/bas-ip.com\/wp-content\/uploads\/2025\/06\/Condo-Control2-300x175.png 300w,  https:\/\/bas-ip.com\/wp-content\/uploads\/2025\/06\/Condo-Control2-1024x596.png 1024w,  https:\/\/bas-ip.com\/wp-content\/uploads\/2025\/06\/Condo-Control2-768x447.png 768w,  https:\/\/bas-ip.com\/wp-content\/uploads\/2025\/06\/Condo-Control2-767x447.png 767w,  https:\/\/bas-ip.com\/wp-content\/uploads\/2025\/06\/Condo-Control2.png 1178w\" sizes=\"auto, (max-width: 300px) 100vw, 300px\" \/>\r\n\t\t\t\t\r\n\t\t\t<\/li>\r\n\t\t\t\t\t<\/ul>\r\n\t\t\t<\/div>\r\n<\/section>\r\n<!-- END Block Integrations Text & Image -->\n\n<!-- START Block Integrations Text & Image --><section id=\"block_62968bc905157\" class=\"integrations-text-image-section\">\r\n\t\t<div class=\"image-holder\" data-aos=\"fade-left\">\r\n\t\t<img loading=\"lazy\" decoding=\"async\" width=\"791\" height=\"339\" src=\"https:\/\/bas-ip.com\/wp-content\/uploads\/2022\/09\/2-2.jpg\" class=\"attachment-large size-large\" alt=\"\" srcset=\"https:\/\/bas-ip.com\/wp-content\/uploads\/2022\/09\/2-2.jpg 791w,  https:\/\/bas-ip.com\/wp-content\/uploads\/2022\/09\/2-2-300x129.jpg 300w,  https:\/\/bas-ip.com\/wp-content\/uploads\/2022\/09\/2-2-768x329.jpg 768w,  https:\/\/bas-ip.com\/wp-content\/uploads\/2022\/09\/2-2-767x329.jpg 767w\" sizes=\"auto, (max-width: 791px) 100vw, 791px\" \/>\t<\/div>\r\n\t\r\n\t<div class=\"text-holder\" data-aos=\"fade-right\">\r\n\t\t\t\t<h3 class=\"title-block\">CCTV<\/h3>\r\n\t\t\t\t\t\t<div class=\"text-block\">\r\n\t\t\t<p><a href=\"https:\/\/bas-ip.com\/sl\/kategorija-opreme\/domofon-s-kamero\/\">Vhodne plo\u0161\u010de<\/a> BAS-IP digitalno prena\u0161ajo video podatke, kar omogo\u010da snemanje na NVR (omre\u017eni video snemalnik). Tak\u0161na plo\u0161\u010da presega svojo vlogo zgolj naprave za spro\u017eitev klica znotraj domofonskega sistema in slu\u017ei tudi kot popolnoma delujo\u010da IP kamera za dodatno spremljanje in snemanje videa, kar omogo\u010da nadaljnjo analitiko in statistiko.<\/p>\n<p>Poleg tega so te klicne plo\u0161\u010de opremljene z vgrajenim mikrofonom, ki ga je mogo\u010de prilagoditi za zaznavanje povi\u0161ane ravni hrupa ali krikov, nato pa poslati signal na NVR. Sistem lahko celo konfigurirate tako, da ob zaznavi dogodka spro\u017ei snemanje prek kamere vhodne plo\u0161\u010de in ve\u010d sosednjih kamer, kar zagotavlja celovit pogled.<\/p>\t\t<\/div>\r\n\t\t\r\n\t\t\t\t<h4 class=\"title-logo-block\">Blagovne znamke, s katerimi sodelujemo<\/h4>\r\n\t\t\r\n\t\t\r\n\t\t<ul class=\"logo-list\">\r\n\t\t\t\t\t\t<li class=\"logo-item\">\r\n\t\t\t\t\r\n\t\t\t\t<img loading=\"lazy\" decoding=\"async\" width=\"300\" height=\"54\" src=\"https:\/\/bas-ip.com\/wp-content\/uploads\/2022\/11\/Hikvision-logo1-300x54.png\" class=\"attachment-medium size-medium\" alt=\"\" srcset=\"https:\/\/bas-ip.com\/wp-content\/uploads\/2022\/11\/Hikvision-logo1-300x54.png 300w,  https:\/\/bas-ip.com\/wp-content\/uploads\/2022\/11\/Hikvision-logo1-768x138.png 768w,  https:\/\/bas-ip.com\/wp-content\/uploads\/2022\/11\/Hikvision-logo1-767x138.png 767w,  https:\/\/bas-ip.com\/wp-content\/uploads\/2022\/11\/Hikvision-logo1.png 900w\" sizes=\"auto, (max-width: 300px) 100vw, 300px\" \/>\r\n\t\t\t\t\r\n\t\t\t<\/li>\r\n\t\t\t\t\t\t<li class=\"logo-item\">\r\n\t\t\t\t\r\n\t\t\t\t<img loading=\"lazy\" decoding=\"async\" width=\"300\" height=\"110\" src=\"https:\/\/bas-ip.com\/wp-content\/uploads\/2022\/11\/axis-logo2-300x110.png\" class=\"attachment-medium size-medium\" alt=\"\" srcset=\"https:\/\/bas-ip.com\/wp-content\/uploads\/2022\/11\/axis-logo2-300x110.png 300w,  https:\/\/bas-ip.com\/wp-content\/uploads\/2022\/11\/axis-logo2-768x283.png 768w,  https:\/\/bas-ip.com\/wp-content\/uploads\/2022\/11\/axis-logo2-767x282.png 767w,  https:\/\/bas-ip.com\/wp-content\/uploads\/2022\/11\/axis-logo2.png 899w\" sizes=\"auto, (max-width: 300px) 100vw, 300px\" \/>\r\n\t\t\t\t\r\n\t\t\t<\/li>\r\n\t\t\t\t\t<\/ul>\r\n\t\t\t<\/div>\r\n<\/section>\r\n<!-- END Block Integrations Text & Image -->\n\n<!-- START Block Integrations Text & Image --><section id=\"block_62968c2505159\" class=\"integrations-text-image-section\">\r\n\t\t<div class=\"image-holder\" data-aos=\"fade-left\">\r\n\t\t<img loading=\"lazy\" decoding=\"async\" width=\"791\" height=\"339\" src=\"https:\/\/bas-ip.com\/wp-content\/uploads\/2022\/09\/3-1.jpg\" class=\"attachment-large size-large\" alt=\"\" srcset=\"https:\/\/bas-ip.com\/wp-content\/uploads\/2022\/09\/3-1.jpg 791w,  https:\/\/bas-ip.com\/wp-content\/uploads\/2022\/09\/3-1-300x129.jpg 300w,  https:\/\/bas-ip.com\/wp-content\/uploads\/2022\/09\/3-1-768x329.jpg 768w,  https:\/\/bas-ip.com\/wp-content\/uploads\/2022\/09\/3-1-767x329.jpg 767w\" sizes=\"auto, (max-width: 791px) 100vw, 791px\" \/>\t<\/div>\r\n\t\r\n\t<div class=\"text-holder\" data-aos=\"fade-right\">\r\n\t\t\t\t<h3 class=\"title-block\">Pametna doma\u010da avtomatizacija<\/h3>\r\n\t\t\t\t\t\t<div class=\"text-block\">\r\n\t\t\t<p><a href=\"https:\/\/bas-ip.com\/sl\/kategorija-opreme\/video-domofon\/\">Notranji monitorji<\/a> BAS-IP ne slu\u017eijo le kot domofoni, temve\u010d tudi kot krmilniki za druge naprave pametnega doma. V bistvu se na\u0161 monitor spremeni v nadzorno plo\u0161\u010do za napreden doma\u010di sistem. Razli\u010dna dejanja, kot so upravljanje osvetlitve, glasbe in klimatske naprave, je mogo\u010de izvajati neposredno z monitorja domofona.<\/p>\n<p>Nasprotno pa se video in klici iz zunanjih panelov BAS-IP preusmerijo neposredno na obstoje\u010de nadzorne plo\u0161\u010de pametnega doma, name\u0161\u010dene na lokaciji.<\/p>\t\t<\/div>\r\n\t\t\r\n\t\t\t\t<h4 class=\"title-logo-block\">Blagovne znamke, s katerimi sodelujemo<\/h4>\r\n\t\t\r\n\t\t\r\n\t\t<ul class=\"logo-list\">\r\n\t\t\t\t\t\t<li class=\"logo-item\">\r\n\t\t\t\t\r\n\t\t\t\t<img loading=\"lazy\" decoding=\"async\" width=\"135\" height=\"40\" src=\"https:\/\/bas-ip.com\/wp-content\/uploads\/2022\/05\/351406-3-1.png\" class=\"attachment-medium size-medium\" alt=\"\" \/>\r\n\t\t\t\t\r\n\t\t\t<\/li>\r\n\t\t\t\t\t<\/ul>\r\n\t\t\t<\/div>\r\n<\/section>\r\n<!-- END Block Integrations Text & Image -->\n\n<!-- START Block Integrations Text & Image --><section id=\"block_65f975e9f18ea\" class=\"integrations-text-image-section\">\r\n\t\t<div class=\"image-holder\" data-aos=\"fade-left\">\r\n\t\t<img loading=\"lazy\" decoding=\"async\" width=\"791\" height=\"339\" src=\"https:\/\/bas-ip.com\/wp-content\/uploads\/2024\/03\/lift.jpg\" class=\"attachment-large size-large\" alt=\"\" srcset=\"https:\/\/bas-ip.com\/wp-content\/uploads\/2024\/03\/lift.jpg 791w,  https:\/\/bas-ip.com\/wp-content\/uploads\/2024\/03\/lift-300x129.jpg 300w,  https:\/\/bas-ip.com\/wp-content\/uploads\/2024\/03\/lift-768x329.jpg 768w,  https:\/\/bas-ip.com\/wp-content\/uploads\/2024\/03\/lift-767x329.jpg 767w\" sizes=\"auto, (max-width: 791px) 100vw, 791px\" \/>\t<\/div>\r\n\t\r\n\t<div class=\"text-holder\" data-aos=\"fade-right\">\r\n\t\t\t\t<h3 class=\"title-block\">Dvigalni sistem<\/h3>\r\n\t\t\t\t\t\t<div class=\"text-block\">\r\n\t\t\t<p data-path-to-node=\"6\">Integracija domofonov BAS-IP z dvigalno opremo zagotavlja uporabnikom celovit sistem varnosti in udobja. Omogo\u010da:<\/p>\n<ul data-path-to-node=\"7\">\n<li>\n<p data-path-to-node=\"7,0,0\"><b data-path-to-node=\"7,0,0\" data-index-in-node=\"0\">Klicanje dvigala<\/b> prek vhodne plo\u0161\u010de z uporabo kartic RFID, PIN-kod, QR-kod ali biometri\u010dnih podatkov.<\/p>\n<\/li>\n<li>\n<p data-path-to-node=\"7,1,0\"><b data-path-to-node=\"7,1,0\" data-index-in-node=\"0\">Omejitev dostopa do nadstropij in dvigal<\/b>, kar omogo\u010da dostop le poobla\u0161\u010denim uporabnikom.<\/p>\n<\/li>\n<li>\n<p data-path-to-node=\"7,2,0\"><b data-path-to-node=\"7,2,0\" data-index-in-node=\"0\">Izbolj\u0161anje varnosti<\/b> z video nadzorom in kontrolo pristopa.<\/p>\n<\/li>\n<li>\n<p data-path-to-node=\"7,3,0\"><b data-path-to-node=\"7,3,0\" data-index-in-node=\"0\">Bolj priro\u010dno in u\u010dinkovito upravljanje stavbe.<\/b><\/p>\n<\/li>\n<\/ul>\t\t<\/div>\r\n\t\t\r\n\t\t\t\t<h4 class=\"title-logo-block\">Blagovne znamke, s katerimi sodelujemo<\/h4>\r\n\t\t\r\n\t\t\r\n\t\t<ul class=\"logo-list\">\r\n\t\t\t\t\t\t<li class=\"logo-item\">\r\n\t\t\t\t\r\n\t\t\t\t<img loading=\"lazy\" decoding=\"async\" width=\"300\" height=\"152\" src=\"https:\/\/bas-ip.com\/wp-content\/uploads\/2023\/06\/800px-Kone.svg-300x152.png\" class=\"attachment-medium size-medium\" alt=\"\" srcset=\"https:\/\/bas-ip.com\/wp-content\/uploads\/2023\/06\/800px-Kone.svg-300x152.png 300w,  https:\/\/bas-ip.com\/wp-content\/uploads\/2023\/06\/800px-Kone.svg-768x389.png 768w,  https:\/\/bas-ip.com\/wp-content\/uploads\/2023\/06\/800px-Kone.svg-767x388.png 767w,  https:\/\/bas-ip.com\/wp-content\/uploads\/2023\/06\/800px-Kone.svg.png 800w\" sizes=\"auto, (max-width: 300px) 100vw, 300px\" \/>\r\n\t\t\t\t\r\n\t\t\t<\/li>\r\n\t\t\t\t\t<\/ul>\r\n\t\t\t<\/div>\r\n<\/section>\r\n<!-- END Block Integrations Text & Image -->\n\n<!-- START Block Integrations Text & Image --><section id=\"block_62968c560515a\" class=\"integrations-text-image-section\">\r\n\t\t<div class=\"image-holder\" data-aos=\"fade-left\">\r\n\t\t<img loading=\"lazy\" decoding=\"async\" width=\"791\" height=\"339\" src=\"https:\/\/bas-ip.com\/wp-content\/uploads\/2022\/09\/4.jpg\" class=\"attachment-large size-large\" alt=\"\" srcset=\"https:\/\/bas-ip.com\/wp-content\/uploads\/2022\/09\/4.jpg 791w,  https:\/\/bas-ip.com\/wp-content\/uploads\/2022\/09\/4-300x129.jpg 300w,  https:\/\/bas-ip.com\/wp-content\/uploads\/2022\/09\/4-768x329.jpg 768w,  https:\/\/bas-ip.com\/wp-content\/uploads\/2022\/09\/4-767x329.jpg 767w\" sizes=\"auto, (max-width: 791px) 100vw, 791px\" \/>\t<\/div>\r\n\t\r\n\t<div class=\"text-holder\" data-aos=\"fade-right\">\r\n\t\t\t\t<h3 class=\"title-block\">Microsoft Teams (snemanje v oblaku)<\/h3>\r\n\t\t\t\t\t\t<div class=\"text-block\">\r\n\t\t\t<p>Ta integracija omogo\u010da komunikacijo interkoma BAS-IP s platformo Microsoft Teams. Uporabniki Microsoft Teamsa lahko sprejemajo dohodne klice prek interkoma \u2013 z dvosmernim zvokom in videom v \u017eivo ter odpirajo vrata obiskovalcem.<\/p>\t\t<\/div>\r\n\t\t\r\n\t\t\t\t<h4 class=\"title-logo-block\">Blagovne znamke, s katerimi sodelujemo<\/h4>\r\n\t\t\r\n\t\t\r\n\t\t<ul class=\"logo-list\">\r\n\t\t\t\t\t\t<li class=\"logo-item\">\r\n\t\t\t\t\r\n\t\t\t\t<img loading=\"lazy\" decoding=\"async\" width=\"200\" height=\"32\" src=\"https:\/\/bas-ip.com\/wp-content\/uploads\/2022\/05\/cybertwice-logo-1.png\" class=\"attachment-medium size-medium\" alt=\"\" \/>\r\n\t\t\t\t\r\n\t\t\t<\/li>\r\n\t\t\t\t\t<\/ul>\r\n\t\t\t<\/div>\r\n<\/section>\r\n<!-- END Block Integrations Text & Image -->\n\n<!-- START Block Integrations Text & Image --><section id=\"block_62968cd10515b\" class=\"integrations-text-image-section\">\r\n\t\t<div class=\"image-holder\" data-aos=\"fade-left\">\r\n\t\t<img loading=\"lazy\" decoding=\"async\" width=\"791\" height=\"339\" src=\"https:\/\/bas-ip.com\/wp-content\/uploads\/2022\/09\/5.jpg\" class=\"attachment-large size-large\" alt=\"\" srcset=\"https:\/\/bas-ip.com\/wp-content\/uploads\/2022\/09\/5.jpg 791w,  https:\/\/bas-ip.com\/wp-content\/uploads\/2022\/09\/5-300x129.jpg 300w,  https:\/\/bas-ip.com\/wp-content\/uploads\/2022\/09\/5-768x329.jpg 768w,  https:\/\/bas-ip.com\/wp-content\/uploads\/2022\/09\/5-767x329.jpg 767w\" sizes=\"auto, (max-width: 791px) 100vw, 791px\" \/>\t<\/div>\r\n\t\r\n\t<div class=\"text-holder\" data-aos=\"fade-right\">\r\n\t\t\t\t<h3 class=\"title-block\">Varnostne platforme<\/h3>\r\n\t\t\t\t\t\t<div class=\"text-block\">\r\n\t\t\t<p>Varnostne platforme zdru\u017eujejo IP video nadzor, nadzor dostopa, sistem upravljanja, samodejno prepoznavanje registrskih tablic (ANPR) ter komunikacijska in analiti\u010dna orodja. Tak\u0161ni sistemi se uporabljajo v obse\u017enih objektih, kjer je za enostavno spremljanje potrebno zdru\u017eiti veliko razli\u010dnih sistemov v eno nadzorno plo\u0161\u010do.<\/p>\t\t<\/div>\r\n\t\t\r\n\t\t\t\t<h4 class=\"title-logo-block\">Blagovne znamke, s katerimi sodelujemo<\/h4>\r\n\t\t\r\n\t\t\r\n\t\t<ul class=\"logo-list\">\r\n\t\t\t\t\t\t<li class=\"logo-item\">\r\n\t\t\t\t\r\n\t\t\t\t<img loading=\"lazy\" decoding=\"async\" width=\"300\" height=\"69\" src=\"https:\/\/bas-ip.com\/wp-content\/uploads\/2025\/02\/Logo_Main-300x69.png\" class=\"attachment-medium size-medium\" alt=\"\" srcset=\"https:\/\/bas-ip.com\/wp-content\/uploads\/2025\/02\/Logo_Main-300x69.png 300w,  https:\/\/bas-ip.com\/wp-content\/uploads\/2025\/02\/Logo_Main-768x177.png 768w,  https:\/\/bas-ip.com\/wp-content\/uploads\/2025\/02\/Logo_Main-767x176.png 767w,  https:\/\/bas-ip.com\/wp-content\/uploads\/2025\/02\/Logo_Main.png 800w\" sizes=\"auto, (max-width: 300px) 100vw, 300px\" \/>\r\n\t\t\t\t\r\n\t\t\t<\/li>\r\n\t\t\t\t\t<\/ul>\r\n\t\t\t<\/div>\r\n<\/section>\r\n<!-- END Block Integrations Text & Image -->\n\n<!-- START Block CTA Banner --><section id=\"block_62968eac884ad\" class=\"cta-banner-section image-positionleft\">\r\n\t        <div class=\"image-holder\" data-aos=\"fade-right\">\r\n\t        <img loading=\"lazy\" decoding=\"async\" width=\"900\" height=\"426\" src=\"https:\/\/bas-ip.com\/wp-content\/uploads\/2022\/05\/Group-36737.svg\" class=\"attachment-large size-large\" alt=\"\" \/>        <\/div>\r\n\t\r\n    <div class=\"text-holder\" data-aos=\"fade-left\">\r\n                    <h2 class=\"title-section\">\u017delite biti integrirani? Preverite na\u0161 API<\/h2>\r\n                            <div class=\"text-block\">\r\n                <p>Lahko nas kontaktirate na <a href=\"mailto:integrations@bas-ip.com\">integrations@bas-ip.com<\/a><\/p>\n            <\/div>\r\n                            <a class=\"btn\" href=\"\/become-integration-partner\/\">\r\n                Postanite integracijski partner            <\/a>\r\n            <\/div>\r\n<\/section>\r\n<!-- END Block CTA Banner -->\n\n<!-- START Block FAQ --><section id=\"block_62968eda884ae\" class=\"faq-section\">\r\n\t\t    <h2 class=\"title-section\" data-aos=\"fade-right\">Pogosta vpra\u0161anja<\/h2>\r\n\t\t\t    <div class=\"faq-list js-accordion\" data-aos=\"fade-up\">\r\n\t\t\t\t\t\t\t\t\t\t\t    <div class=\"accordion-item faq-item\">\r\n                        <div class=\"accordion-opener\">\r\n                            Q: Ali je uporaba integracij draga?                            <i class=\"fa-solid fa-chevron-down\"><\/i>\r\n                        <\/div>\r\n                        <div class=\"accordion-slide\">\r\n\t\t\t\t\t\t    <p>Ne, vse integracije BAS-IP so brezpla\u010dne.<\/p>\n                        <\/div>\r\n\t\t\t\t\t<\/div>\r\n\t\t\t\t\t\t\t\t\t\t\t\t\t\t\t    <div class=\"accordion-item faq-item\">\r\n                        <div class=\"accordion-opener\">\r\n                            Q: Kako dose\u017eem, da se moja integracija uvrsti v uradni imenik?                            <i class=\"fa-solid fa-chevron-down\"><\/i>\r\n                        <\/div>\r\n                        <div class=\"accordion-slide\">\r\n\t\t\t\t\t\t    <p>Imenik integracij je kuriran seznam najbolj priljubljenih blagovnih znamk, ki delujejo z BAS-IP, in se upravlja na podlagi povpra\u0161evanja na\u0161ih strank. \u010ce \u017eelite biti tukaj navedeni, nas lahko kontaktirate.<\/p>\n                        <\/div>\r\n\t\t\t\t\t<\/div>\r\n\t\t\t\t\t\t\t\t\t<\/div>\r\n\t<\/section>\r\n<!-- END Block FAQ -->","protected":false},"excerpt":{"rendered":"","protected":false},"author":1,"featured_media":0,"parent":0,"menu_order":0,"comment_status":"closed","ping_status":"closed","template":"","meta":{"inline_featured_image":false,"footnotes":""},"class_list":["post-36627","page","type-page","status-publish","hentry"],"acf":[],"_links":{"self":[{"href":"https:\/\/bas-ip.com\/sl\/wp-json\/wp\/v2\/pages\/36627","targetHints":{"allow":["GET"]}}],"collection":[{"href":"https:\/\/bas-ip.com\/sl\/wp-json\/wp\/v2\/pages"}],"about":[{"href":"https:\/\/bas-ip.com\/sl\/wp-json\/wp\/v2\/types\/page"}],"author":[{"embeddable":true,"href":"https:\/\/bas-ip.com\/sl\/wp-json\/wp\/v2\/users\/1"}],"replies":[{"embeddable":true,"href":"https:\/\/bas-ip.com\/sl\/wp-json\/wp\/v2\/comments?post=36627"}],"version-history":[{"count":5,"href":"https:\/\/bas-ip.com\/sl\/wp-json\/wp\/v2\/pages\/36627\/revisions"}],"predecessor-version":[{"id":153995,"href":"https:\/\/bas-ip.com\/sl\/wp-json\/wp\/v2\/pages\/36627\/revisions\/153995"}],"wp:attachment":[{"href":"https:\/\/bas-ip.com\/sl\/wp-json\/wp\/v2\/media?parent=36627"}],"curies":[{"name":"wp","href":"https:\/\/api.w.org\/{rel}","templated":true}]}}