{"id":160289,"date":"2026-02-02T03:51:00","date_gmt":"2026-02-02T03:51:00","guid":{"rendered":"https:\/\/bas-ip.com\/hartman\/"},"modified":"2026-03-25T12:16:34","modified_gmt":"2026-03-25T12:16:34","slug":"hartman","status":"publish","type":"page","link":"https:\/\/bas-ip.com\/sl\/hartman\/","title":{"rendered":"Hartman"},"content":{"rendered":"<h2>BAS-IP in Hartman Controls napovedujeta integracijo za novo definicijo upravljanja dostopa v stavbe<\/h2>\n<p><img loading=\"lazy\" decoding=\"async\" class=\"aligncenter size-large wp-image-155099\" src=\"https:\/\/bas-ip.com\/wp-content\/uploads\/2026\/02\/Hartman_logo_n-1024x296.png\" alt=\"\" width=\"900\" height=\"260\" srcset=\"https:\/\/bas-ip.com\/wp-content\/uploads\/2026\/02\/Hartman_logo_n-1024x296.png 1024w,  https:\/\/bas-ip.com\/wp-content\/uploads\/2026\/02\/Hartman_logo_n-300x87.png 300w,  https:\/\/bas-ip.com\/wp-content\/uploads\/2026\/02\/Hartman_logo_n-768x222.png 768w,  https:\/\/bas-ip.com\/wp-content\/uploads\/2026\/02\/Hartman_logo_n-1536x444.png 1536w,  https:\/\/bas-ip.com\/wp-content\/uploads\/2026\/02\/Hartman_logo_n-2048x592.png 2048w,  https:\/\/bas-ip.com\/wp-content\/uploads\/2026\/02\/Hartman_logo_n-1920x555.png 1920w,  https:\/\/bas-ip.com\/wp-content\/uploads\/2026\/02\/Hartman_logo_n-767x222.png 767w,  https:\/\/bas-ip.com\/wp-content\/uploads\/2026\/02\/Hartman_logo_n-1534x443.png 1534w\" sizes=\"auto, (max-width: 900px) 100vw, 900px\" \/><\/p>\n<p data-path-to-node=\"1\"><strong>BAS-IP, vodilni razvijalec IP domofonskih sistemov, in Hartman Controls, vodilni na podro\u010dju integriranih platform za nadzor dostopa, sta napovedala strate\u0161ko integracijo. To partnerstvo zdru\u017euje napredne vhodne plo\u0161\u010de BAS-IP z ekosistemom Odyssey, kar zagotavlja enotno, prilagodljivo re\u0161itev za sodobne stanovanjske in poslovne stavbe.<\/strong><\/p>\n<p data-path-to-node=\"2\">Jedro te integracije je brezhibno usklajevanje med strojno opremo BAS-IP in <strong>platformo Odyssey<\/strong>. Z uporabo komunikacije na podlagi protokola SIP in BAS-IP Open API sistemi delujejo usklajeno za upravljanje poverilnic, komunikacije in varnosti prek enotnega, centraliziranega vmesnika.<\/p>\n<p data-path-to-node=\"3\">Sistem Odyssey slu\u017ei kot primarno vozli\u0161\u010de za upravljanje. Varnostni operaterji lahko upravljajo stanovalce, vrata in dovoljenja, medtem ko platforma BAS-IP Link zagotavlja, da se vsi konfiguracijski podatki \u2013 vklju\u010dno s parametri SIP in imeniki stikov \u2013 samodejno sinhronizirajo po celotni domofonski infrastrukturi.<\/p>\n<h3 data-path-to-node=\"4\">Glavne prednosti:<\/h3>\n<ul>\n<li data-path-to-node=\"5,0,0\"><b data-path-to-node=\"5,0,0\" data-index-in-node=\"0\">Centralizirano upravljanje<\/b> \u2013 Enoten nadzor dostopa, domofonov in videa znotraj ekosistema Odyssey.<\/li>\n<li data-path-to-node=\"5,1,0\"><b data-path-to-node=\"5,1,0\" data-index-in-node=\"0\">Izbolj\u0161ana mobilnost<\/b> \u2013 Stanovalci in osebje lahko prejemajo domofonske klice prek mobilnih aplikacij HC-Key in HC-Admin.<\/li>\n<li data-path-to-node=\"5,2,0\"><b data-path-to-node=\"5,2,0\" data-index-in-node=\"0\">Avtomatizirana sinhronizacija<\/b> \u2013 Sinhronizacija imenikov in nastavitev SIP v realnem \u010dasu prek BAS-IP Open API.<\/li>\n<li data-path-to-node=\"5,3,0\"><b data-path-to-node=\"5,3,0\" data-index-in-node=\"0\">Prilagodljiva arhitektura<\/b> \u2013 Re\u0161itev, pripravljena na prihodnost, primerna za ve\u010dstanovanjske, poslovne in me\u0161ane objekte.<\/li>\n<\/ul>\n<h3 data-path-to-node=\"6\">Kako integracija deluje:<\/h3>\n<ol>\n<li data-path-to-node=\"7,0,0\"><b data-path-to-node=\"7,0,0\" data-index-in-node=\"0\">Registracija:<\/b> Administrator upravlja poverilnice in podatke o stanovalcih znotraj platforme Hartman Odyssey.<\/li>\n<li data-path-to-node=\"7,1,0\"><b data-path-to-node=\"7,1,0\" data-index-in-node=\"0\">Sinhronizacija:<\/b> Z uporabo BAS-IP Open API Odyssey sinhronizira ra\u010dune SIP in imenike stikov neposredno na vhodne plo\u0161\u010de.<\/li>\n<li data-path-to-node=\"7,2,0\"><b data-path-to-node=\"7,2,0\" data-index-in-node=\"0\">Klicanje:<\/b> Obiskovalec izbere ime iz imenika na plo\u0161\u010di BAS-IP. Klic je usmerjen prek infrastrukture Odyssey SIP.<\/li>\n<li data-path-to-node=\"7,3,0\"><b data-path-to-node=\"7,3,0\" data-index-in-node=\"0\">Komunikacija:<\/b> Stanovalci ali operaterji prejmejo klic v mobilni aplikaciji HC-Key, namizni programski opremi Odyssey ali na fiksnih delovnih postajah.<\/li>\n<li data-path-to-node=\"7,4,0\"><b data-path-to-node=\"7,4,0\" data-index-in-node=\"0\">Dostop:<\/b> Vrata se odklenejo na daljavo prek integriranega vmesnika Odyssey, ob tem pa se ohranja varen sistem bele\u017eenja dogodkov.<\/li>\n<\/ol>\n<p data-path-to-node=\"8\">Ta integracija odpravlja te\u017eavo &#8220;fragmentiranega sistema&#8221; in nadome\u0161\u010da samostojne komponente s kohezivnim okoljem, ki skraj\u0161a \u010das zagona za integratorje in izbolj\u0161a vsakodnevno izku\u0161njo uporabnikov stavbe.<\/p>\n\n<!-- START Block Sign Up --><section id=\"block_629678229e935\" class=\"sign-up-section\">\r\n\r\n    <div class=\"form-holder js-form\" data-aos=\"fade-right\">\r\n                    <div class=\"title-block h3\">Sign up for connection<\/div>\r\n        \r\n                    <div class=\"text-block\">\r\n                Filling out all the information needed to answer you as quickly as possible            <\/div>\r\n        \r\n                    \n<div class=\"wpcf7 no-js\" id=\"wpcf7-f102-o1\" lang=\"en-US\" dir=\"ltr\">\n<div class=\"screen-reader-response\"><p role=\"status\" aria-live=\"polite\" aria-atomic=\"true\"><\/p> <ul><\/ul><\/div>\n<form action=\"\/sl\/wp-json\/wp\/v2\/pages\/160289#wpcf7-f102-o1\" method=\"post\" class=\"wpcf7-form init\" aria-label=\"Contact form\" enctype=\"multipart\/form-data\" novalidate=\"novalidate\" data-status=\"init\">\n<div style=\"display: none;\">\n<input type=\"hidden\" name=\"_wpcf7\" value=\"102\" \/>\n<input type=\"hidden\" name=\"_wpcf7_version\" value=\"5.8.3\" \/>\n<input type=\"hidden\" name=\"_wpcf7_locale\" value=\"en_US\" \/>\n<input type=\"hidden\" name=\"_wpcf7_unit_tag\" value=\"wpcf7-f102-o1\" \/>\n<input type=\"hidden\" name=\"_wpcf7_container_post\" value=\"0\" \/>\n<input type=\"hidden\" name=\"_wpcf7_posted_data_hash\" value=\"\" \/>\n<input type=\"hidden\" name=\"_wpcf7_recaptcha_response\" value=\"\" \/>\n<\/div>\n<div class=\"row\"> \n <label><span class=\"label-text\">Name<\/span> \n  <span class=\"wpcf7-form-control-wrap\" data-name=\"text-full-name\"><input size=\"40\" class=\"wpcf7-form-control wpcf7-text wpcf7-validates-as-required\" aria-required=\"true\" aria-invalid=\"false\" placeholder=\"Name\" value=\"\" type=\"text\" name=\"text-full-name\" \/><\/span><\/label> \n<\/div> \n<div class=\"row\"> \n <label><span class=\"label-text\">Phone*<\/span> \n<span class=\"wpcf7-form-control-wrap\" data-name=\"phonetext-270\"><input size=\"40\" class=\"wpcf7-form-control wpcf7-phonetext wpcf7-validates-as-required wpcf7-text wpcf7-validates-as-phonetext\" aria-required=\"true\" aria-invalid=\"false\" placeholder=\"Phone*\" value=\"\" type=\"text\" name=\"phonetext-270\" \/><input type=\"hidden\" name=\"phonetext-270-country-code\" class=\"wpcf7-phonetext-country-code\" \/><\/span><\/label> \n<\/div> \n<div class=\"row\"> \n <label><span class=\"label-text\">E-mail<\/span> \n  <span class=\"wpcf7-form-control-wrap\" data-name=\"email-e-mail\"><input size=\"40\" class=\"wpcf7-form-control wpcf7-email wpcf7-validates-as-required wpcf7-text wpcf7-validates-as-email\" aria-required=\"true\" aria-invalid=\"false\" placeholder=\"E-mail\" value=\"\" type=\"email\" name=\"email-e-mail\" \/><\/span><\/label> \n<\/div> \n<div class=\"row\"><span>Your country<\/span> \n <label><span class=\"wpcf7-form-control-wrap\" data-name=\"countrytext-126\"><input size=\"40\" class=\"wpcf7-form-control wpcf7-countrytext wpcf7-text wpcf7-validates-as-countrytext\" aria-invalid=\"false\" value=\"\" type=\"text\" name=\"countrytext-126\" \/><\/span> <\/label>\n<\/div> \n<div class=\"row\"> \n <button type=\"submit\" class=\"btn\">Send<\/button> \n<\/div> \n<div class=\"row\"> \n <span class=\"wpcf7-form-control-wrap\" data-name=\"checkbox-931\"><span class=\"wpcf7-form-control wpcf7-checkbox\"><span class=\"wpcf7-list-item first\"><label><input type=\"checkbox\" name=\"checkbox-931[]\" value=\"Integrator\" \/><span class=\"wpcf7-list-item-label\">Integrator<\/span><\/label><\/span><span class=\"wpcf7-list-item\"><label><input type=\"checkbox\" name=\"checkbox-931[]\" value=\"Builder\" \/><span class=\"wpcf7-list-item-label\">Builder<\/span><\/label><\/span><span class=\"wpcf7-list-item last\"><label><input type=\"checkbox\" name=\"checkbox-931[]\" value=\"End-User\" \/><span class=\"wpcf7-list-item-label\">End-User<\/span><\/label><\/span><\/span><\/span> \n<\/div> \n<div class=\"row row-upload-file\"> \n <label class=\"upload-file-block js-upload-file\">Attach file \n  <span class=\"wpcf7-form-control-wrap\" data-name=\"file-466\"><input size=\"40\" class=\"wpcf7-form-control wpcf7-file\" accept=\"audio\/*,video\/*,image\/*\" aria-invalid=\"false\" type=\"file\" name=\"file-466\" \/><\/span><\/label> \n<\/div><input type='hidden' class='wpcf7-pum' value='{\"closepopup\":false,\"closedelay\":0,\"openpopup\":false,\"openpopup_id\":0}' \/><div class=\"wpcf7-response-output\" aria-hidden=\"true\"><\/div>\n<\/form>\n<\/div>\n            <\/div>\r\n\r\n\t\t    <div class=\"text-holder\" data-aos=\"fade-left\">\r\n\t\t\t\t\t\t    <h3 class=\"title-block\">How Can We Help?<\/h3>\r\n\t\t\t\r\n\t\t\t                <div class=\"text-block\">\r\n                    Please select a topic below related to your inquiry. If you don&#8217;t find what you need, fill out our contact form.                <\/div>\r\n\t\t\t\r\n\t\t\t\t\t\t    <ul class=\"link-list\">\r\n\t\t\t\t\t\t\t\t\t\t\t\t\t\t\t\t\t\t<li>\r\n\t\t\t\t\t\t\t\t\t\t\t\t\t\t\t\t    <strong>Get Inspired<\/strong>\r\n\t\t\t\t\t\t\t\t\t\t\t\t\t\t\t\t\t\t\t\t\t\t\t\t    <a href=\"\/features\/\">\r\n\t\t\t\t\t\t\t\t        Discover what&#8217;s beneath our intercom\t\t\t\t\t\t\t\t    <\/a>\r\n\t\t\t\t\t\t\t\t\t\t\t\t\t\t\t<\/li>\r\n\t\t\t\t\t\t\t\t\t\t\t\t\t\t\t\t\t\t\t\t\t\t\t\t<li>\r\n\t\t\t\t\t\t\t\t\t\t\t\t\t\t\t\t    <strong>Become a Partner<\/strong>\r\n\t\t\t\t\t\t\t\t\t\t\t\t\t\t\t\t\t\t\t\t\t\t\t\t    <a href=\"\/distributors\/\">\r\n\t\t\t\t\t\t\t\t        Expand your business with BAS-IP intercom\t\t\t\t\t\t\t\t    <\/a>\r\n\t\t\t\t\t\t\t\t\t\t\t\t\t\t\t<\/li>\r\n\t\t\t\t\t\t\t\t\t\t\t\t\t\t\t\t\t\t\t\t\t\t\t\t<li>\r\n\t\t\t\t\t\t\t\t\t\t\t\t\t\t\t\t    <strong>Check the Guides<\/strong>\r\n\t\t\t\t\t\t\t\t\t\t\t\t\t\t\t\t\t\t\t\t\t\t\t\t    <a href=\"\/support\/\">\r\n\t\t\t\t\t\t\t\t        Download detailed manuals and schemes\t\t\t\t\t\t\t\t    <\/a>\r\n\t\t\t\t\t\t\t\t\t\t\t\t\t\t\t<\/li>\r\n\t\t\t\t\t\t\t\t\t\t\t\t\t\t\t<\/ul>\r\n\t\t\t\r\n\t\t\t\t\t\t    <h3 class=\"title-block\">Our contacts<\/h3>\r\n\t\t\t\r\n\t\t\t\t\t\t\t<ul class=\"contact-list\">\r\n\t\t\t\t\t\t\t\t\t\t\t\t\t\t\t\t\t\t<li>\r\n\t\t\t\t\t\t\t\t\t\t\t\t\t\t\t\t\t<strong>Sales:<\/strong>\r\n\t\t\t\t\t\t\t\t\t\t\t\t\t\t\t\t\t\t\t\t\t\t\t\t    <a href=\"mailto:&#115;al&#101;s&#64;bas&#45;ip.c&#111;m\">sa&#108;&#101;&#115;&#64;&#98;a&#115;&#45;i&#112;&#46;c&#111;&#109;<\/a>\r\n\t\t\t\t\t\t\t\t\t\t\t\t\t\t\t<\/li>\r\n\t\t\t\t\t\t\t\t\t\t\t\t\t\t\t\t\t\t\t\t\t\t\t\t<li>\r\n\t\t\t\t\t\t\t\t\t\t\t\t\t\t\t\t\t<strong>Technical support:<\/strong>\r\n\t\t\t\t\t\t\t\t\t\t\t\t\t\t\t\t\t\t\t\t\t\t\t\t    <a href=\"mailto:suppor&#116;&#64;&#98;&#97;&#115;&#45;i&#112;.&#99;&#111;&#109;\">supp&#111;&#114;&#116;&#64;&#98;a&#115;&#45;&#105;p&#46;&#99;o&#109;<\/a>\r\n\t\t\t\t\t\t\t\t\t\t\t\t\t\t\t<\/li>\r\n\t\t\t\t\t\t\t\t\t\t\t\t\t\t\t<\/ul>\r\n\t\t\t\t\t<\/div>\r\n\t<\/section>\r\n\r\n\r\n\r\n<!-- END Block Sign Up -->\n\n\n<p><\/p>","protected":false},"excerpt":{"rendered":"<p>BAS-IP in Hartman Controls napovedujeta integracijo za novo definicijo upravljanja dostopa v stavbe BAS-IP, vodilni razvijalec IP domofonskih sistemov, in Hartman Controls, vodilni na podro\u010dju integriranih platform za nadzor dostopa, sta napovedala strate\u0161ko integracijo. To partnerstvo zdru\u017euje napredne vhodne plo\u0161\u010de BAS-IP z ekosistemom Odyssey, kar zagotavlja enotno, prilagodljivo re\u0161itev za sodobne stanovanjske in poslovne stavbe. [&hellip;]<\/p>","protected":false},"author":1,"featured_media":0,"parent":0,"menu_order":0,"comment_status":"closed","ping_status":"closed","template":"page-custom-breadcrumbs.php","meta":{"inline_featured_image":false,"footnotes":""},"class_list":["post-160289","page","type-page","status-publish","hentry"],"acf":[],"_links":{"self":[{"href":"https:\/\/bas-ip.com\/sl\/wp-json\/wp\/v2\/pages\/160289","targetHints":{"allow":["GET"]}}],"collection":[{"href":"https:\/\/bas-ip.com\/sl\/wp-json\/wp\/v2\/pages"}],"about":[{"href":"https:\/\/bas-ip.com\/sl\/wp-json\/wp\/v2\/types\/page"}],"author":[{"embeddable":true,"href":"https:\/\/bas-ip.com\/sl\/wp-json\/wp\/v2\/users\/1"}],"replies":[{"embeddable":true,"href":"https:\/\/bas-ip.com\/sl\/wp-json\/wp\/v2\/comments?post=160289"}],"version-history":[{"count":2,"href":"https:\/\/bas-ip.com\/sl\/wp-json\/wp\/v2\/pages\/160289\/revisions"}],"predecessor-version":[{"id":160343,"href":"https:\/\/bas-ip.com\/sl\/wp-json\/wp\/v2\/pages\/160289\/revisions\/160343"}],"wp:attachment":[{"href":"https:\/\/bas-ip.com\/sl\/wp-json\/wp\/v2\/media?parent=160289"}],"curies":[{"name":"wp","href":"https:\/\/api.w.org\/{rel}","templated":true}]}}