{"id":149409,"date":"2025-02-06T13:42:37","date_gmt":"2025-02-06T13:42:37","guid":{"rendered":"https:\/\/bas-ip.com\/rosslare\/"},"modified":"2025-11-18T10:57:36","modified_gmt":"2025-11-18T10:57:36","slug":"rosslare","status":"publish","type":"page","link":"https:\/\/bas-ip.com\/sl\/rosslare\/","title":{"rendered":"Rosslare"},"content":{"rendered":"<h2 class=\"wp-block-heading\">BAS-IP in Rosslare: Napredna integracija kontrole dostopa in interkomov<\/h2>\n\n\n<div class=\"wp-block-image\">\n<figure class=\"aligncenter size-large is-resized\"><img loading=\"lazy\" decoding=\"async\" width=\"1024\" height=\"166\" src=\"https:\/\/bas-ip.com\/wp-content\/uploads\/2025\/02\/Rosslare_logo_new-1024x166.png\" alt=\"\" class=\"wp-image-130233\" style=\"width:900px\" srcset=\"https:\/\/bas-ip.com\/wp-content\/uploads\/2025\/02\/Rosslare_logo_new-1024x166.png 1024w,  https:\/\/bas-ip.com\/wp-content\/uploads\/2025\/02\/Rosslare_logo_new-300x48.png 300w,  https:\/\/bas-ip.com\/wp-content\/uploads\/2025\/02\/Rosslare_logo_new-768x124.png 768w,  https:\/\/bas-ip.com\/wp-content\/uploads\/2025\/02\/Rosslare_logo_new-767x124.png 767w,  https:\/\/bas-ip.com\/wp-content\/uploads\/2025\/02\/Rosslare_logo_new.png 1064w\" sizes=\"auto, (max-width: 1024px) 100vw, 1024px\" \/><\/figure>\n<\/div>\n\n<p data-path-to-node=\"2\">Integracija interkom sistemov BAS-IP s platformo AxTraxPro\u2122 podjetja Rosslare zdru\u017euje dve zmogljivi re\u0161itvi za brezhibno upravljanje varnosti in komunikacije. AxTraxPro\u2122 podjetja Rosslare je odli\u010den pri nadzoru dostopnih to\u010dk, uporabni\u0161kih dovoljenjih in spremljanju varnostnih dogodkov, medtem ko BAS-IP Link Cloud Server centralizira upravljanje interkoma in integracijo tretjih oseb. Skupaj ta sistema zagotavljata poenostavljeno delovanje in izbolj\u0161ano varnost za stanovanjske in poslovne nepremi\u010dnine.<\/p>\n<p data-path-to-node=\"3\">Ta enoten pristop omogo\u010da operaterjem, da opravljajo funkcije dostopa in komunikacije preko enega samega vmesnika. AxTraxPro\u2122 upravlja spremljanje in dovoljenja v realnem \u010dasu, medtem ko BAS-IP Link Cloud Server zagotavlja u\u010dinkovito delovanje interkoma. Z integracijo teh tehnologij re\u0161itev poenostavlja administracijo, izbolj\u0161uje varnost in izbolj\u0161uje izku\u0161njo za vse uporabnike.<\/p>\n<p data-path-to-node=\"4\">Cilj te integracije je obravnavati pogoste izzive, s katerimi se sre\u010dujejo operaterji, kot je potreba po preklapljanju med ve\u010d sistemi za kontrolo dostopa in upravljanje interkoma. Z zdru\u017eitvijo teh funkcij imajo uporabniki koristi od izbolj\u0161anega nadzora, hitrej\u0161ega odzivnega \u010dasa na varnostne incidente in uporabniku prijaznej\u0161e izku\u0161nje tako za skrbnike kot za kon\u010dne uporabnike.<\/p>\n<h3>Klju\u010dne prednosti integracije<\/h3>\n<p>\u00a0<\/p>\n<ul>\n<li data-path-to-node=\"7,0,0\"><b>Enotna kontrola:<\/b> Upravljajte dostopne to\u010dke in interkome z ene platforme, kar poenostavi administracijo.<\/li>\n<li data-path-to-node=\"7,0,0\"><b>Izbolj\u0161ana varnost:<\/b> Spremljanje dogodkov v realnem \u010dasu omogo\u010da hitrej\u0161e odzivanje na incidente.<\/li>\n<li data-path-to-node=\"7,0,0\"><b>Izbolj\u0161ana uporabni\u0161ka izku\u0161nja:<\/b> Brez\u0161ivna integracija ponuja povezano izku\u0161njo za operaterje in kon\u010dne uporabnike.<\/li>\n<li data-path-to-node=\"7,0,0\"><b>Prilagodljivost:<\/b> Podpira ve\u010d jezikov in regij za \u0161iroko zdru\u017eljivost.<\/li>\n<li data-path-to-node=\"7,0,0\"><b>Prilagodljivost (Skalabilnost):<\/b> Primerno za nepremi\u010dnine vseh velikosti, od majhnih pisarn do velikih stanovanjskih kompleksov.<\/li>\n<\/ul>\n<p data-path-to-node=\"8\">Za doseganje polnega potenciala te integracije se oba sistema zana\u0161ata na Rosslare AxTraxPro\u2122 GraphQL API in morata biti povezana v isto omre\u017eje. Re\u0161itev podpira ve\u010d jezikov, vklju\u010dno z angle\u0161\u010dino, ukrajin\u0161\u010dino, ru\u0161\u010dino, polj\u0161\u010dino, \u0161pan\u0161\u010dino in tur\u0161\u010dino, in je na voljo v Aziji, Evropi in ZDA.<\/p>\n\n<div class=\"wp-block-image\">\n<figure class=\"aligncenter size-large\"><img loading=\"lazy\" decoding=\"async\" width=\"1024\" height=\"662\" src=\"https:\/\/bas-ip.com\/wp-content\/uploads\/2025\/02\/AxTraxPro-BasIP-Diagram2-1024x662.png\" alt=\"\" class=\"wp-image-130297\" srcset=\"https:\/\/bas-ip.com\/wp-content\/uploads\/2025\/02\/AxTraxPro-BasIP-Diagram2-1024x662.png 1024w,  https:\/\/bas-ip.com\/wp-content\/uploads\/2025\/02\/AxTraxPro-BasIP-Diagram2-300x194.png 300w,  https:\/\/bas-ip.com\/wp-content\/uploads\/2025\/02\/AxTraxPro-BasIP-Diagram2-768x497.png 768w,  https:\/\/bas-ip.com\/wp-content\/uploads\/2025\/02\/AxTraxPro-BasIP-Diagram2-767x496.png 767w,  https:\/\/bas-ip.com\/wp-content\/uploads\/2025\/02\/AxTraxPro-BasIP-Diagram2-1534x992.png 1534w,  https:\/\/bas-ip.com\/wp-content\/uploads\/2025\/02\/AxTraxPro-BasIP-Diagram2.png 1536w\" sizes=\"auto, (max-width: 1024px) 100vw, 1024px\" \/><\/figure>\n<\/div>\n\n<!-- START Block Sign Up --><section id=\"block_629678229e935\" class=\"sign-up-section\">\r\n\r\n    <div class=\"form-holder js-form\" data-aos=\"fade-right\">\r\n                    <div class=\"title-block h3\">Sign up for connection<\/div>\r\n        \r\n                    <div class=\"text-block\">\r\n                Filling out all the information needed to answer you as quickly as possible            <\/div>\r\n        \r\n                    \n<div class=\"wpcf7 no-js\" id=\"wpcf7-f102-o1\" lang=\"en-US\" dir=\"ltr\">\n<div class=\"screen-reader-response\"><p role=\"status\" aria-live=\"polite\" aria-atomic=\"true\"><\/p> <ul><\/ul><\/div>\n<form action=\"\/sl\/wp-json\/wp\/v2\/pages\/149409#wpcf7-f102-o1\" method=\"post\" class=\"wpcf7-form init\" aria-label=\"Contact form\" enctype=\"multipart\/form-data\" novalidate=\"novalidate\" data-status=\"init\">\n<div style=\"display: none;\">\n<input type=\"hidden\" name=\"_wpcf7\" value=\"102\" \/>\n<input type=\"hidden\" name=\"_wpcf7_version\" value=\"5.8.3\" \/>\n<input type=\"hidden\" name=\"_wpcf7_locale\" value=\"en_US\" \/>\n<input type=\"hidden\" name=\"_wpcf7_unit_tag\" value=\"wpcf7-f102-o1\" \/>\n<input type=\"hidden\" name=\"_wpcf7_container_post\" value=\"0\" \/>\n<input type=\"hidden\" name=\"_wpcf7_posted_data_hash\" value=\"\" \/>\n<input type=\"hidden\" name=\"_wpcf7_recaptcha_response\" value=\"\" \/>\n<\/div>\n<div class=\"row\"> \n <label><span class=\"label-text\">Name<\/span> \n  <span class=\"wpcf7-form-control-wrap\" data-name=\"text-full-name\"><input size=\"40\" class=\"wpcf7-form-control wpcf7-text wpcf7-validates-as-required\" aria-required=\"true\" aria-invalid=\"false\" placeholder=\"Name\" value=\"\" type=\"text\" name=\"text-full-name\" \/><\/span><\/label> \n<\/div> \n<div class=\"row\"> \n <label><span class=\"label-text\">Phone*<\/span> \n<span class=\"wpcf7-form-control-wrap\" data-name=\"phonetext-270\"><input size=\"40\" class=\"wpcf7-form-control wpcf7-phonetext wpcf7-validates-as-required wpcf7-text wpcf7-validates-as-phonetext\" aria-required=\"true\" aria-invalid=\"false\" placeholder=\"Phone*\" value=\"\" type=\"text\" name=\"phonetext-270\" \/><input type=\"hidden\" name=\"phonetext-270-country-code\" class=\"wpcf7-phonetext-country-code\" \/><\/span><\/label> \n<\/div> \n<div class=\"row\"> \n <label><span class=\"label-text\">E-mail<\/span> \n  <span class=\"wpcf7-form-control-wrap\" data-name=\"email-e-mail\"><input size=\"40\" class=\"wpcf7-form-control wpcf7-email wpcf7-validates-as-required wpcf7-text wpcf7-validates-as-email\" aria-required=\"true\" aria-invalid=\"false\" placeholder=\"E-mail\" value=\"\" type=\"email\" name=\"email-e-mail\" \/><\/span><\/label> \n<\/div> \n<div class=\"row\"><span>Your country<\/span> \n <label><span class=\"wpcf7-form-control-wrap\" data-name=\"countrytext-126\"><input size=\"40\" class=\"wpcf7-form-control wpcf7-countrytext wpcf7-text wpcf7-validates-as-countrytext\" aria-invalid=\"false\" value=\"\" type=\"text\" name=\"countrytext-126\" \/><\/span> <\/label>\n<\/div> \n<div class=\"row\"> \n <button type=\"submit\" class=\"btn\">Send<\/button> \n<\/div> \n<div class=\"row\"> \n <span class=\"wpcf7-form-control-wrap\" data-name=\"checkbox-931\"><span class=\"wpcf7-form-control wpcf7-checkbox\"><span class=\"wpcf7-list-item first\"><label><input type=\"checkbox\" name=\"checkbox-931[]\" value=\"Integrator\" \/><span class=\"wpcf7-list-item-label\">Integrator<\/span><\/label><\/span><span class=\"wpcf7-list-item\"><label><input type=\"checkbox\" name=\"checkbox-931[]\" value=\"Builder\" \/><span class=\"wpcf7-list-item-label\">Builder<\/span><\/label><\/span><span class=\"wpcf7-list-item last\"><label><input type=\"checkbox\" name=\"checkbox-931[]\" value=\"End-User\" \/><span class=\"wpcf7-list-item-label\">End-User<\/span><\/label><\/span><\/span><\/span> \n<\/div> \n<div class=\"row row-upload-file\"> \n <label class=\"upload-file-block js-upload-file\">Attach file \n  <span class=\"wpcf7-form-control-wrap\" data-name=\"file-466\"><input size=\"40\" class=\"wpcf7-form-control wpcf7-file\" accept=\"audio\/*,video\/*,image\/*\" aria-invalid=\"false\" type=\"file\" name=\"file-466\" \/><\/span><\/label> \n<\/div><input type='hidden' class='wpcf7-pum' value='{\"closepopup\":false,\"closedelay\":0,\"openpopup\":false,\"openpopup_id\":0}' \/><div class=\"wpcf7-response-output\" aria-hidden=\"true\"><\/div>\n<\/form>\n<\/div>\n            <\/div>\r\n\r\n\t\t    <div class=\"text-holder\" data-aos=\"fade-left\">\r\n\t\t\t\t\t\t    <h3 class=\"title-block\">How Can We Help?<\/h3>\r\n\t\t\t\r\n\t\t\t                <div class=\"text-block\">\r\n                    Please select a topic below related to your inquiry. If you don&#8217;t find what you need, fill out our contact form.                <\/div>\r\n\t\t\t\r\n\t\t\t\t\t\t    <ul class=\"link-list\">\r\n\t\t\t\t\t\t\t\t\t\t\t\t\t\t\t\t\t\t<li>\r\n\t\t\t\t\t\t\t\t\t\t\t\t\t\t\t\t    <strong>Get Inspired<\/strong>\r\n\t\t\t\t\t\t\t\t\t\t\t\t\t\t\t\t\t\t\t\t\t\t\t\t    <a href=\"\/features\/\">\r\n\t\t\t\t\t\t\t\t        Discover what&#8217;s beneath our intercom\t\t\t\t\t\t\t\t    <\/a>\r\n\t\t\t\t\t\t\t\t\t\t\t\t\t\t\t<\/li>\r\n\t\t\t\t\t\t\t\t\t\t\t\t\t\t\t\t\t\t\t\t\t\t\t\t<li>\r\n\t\t\t\t\t\t\t\t\t\t\t\t\t\t\t\t    <strong>Become a Partner<\/strong>\r\n\t\t\t\t\t\t\t\t\t\t\t\t\t\t\t\t\t\t\t\t\t\t\t\t    <a href=\"\/distributors\/\">\r\n\t\t\t\t\t\t\t\t        Expand your business with BAS-IP intercom\t\t\t\t\t\t\t\t    <\/a>\r\n\t\t\t\t\t\t\t\t\t\t\t\t\t\t\t<\/li>\r\n\t\t\t\t\t\t\t\t\t\t\t\t\t\t\t\t\t\t\t\t\t\t\t\t<li>\r\n\t\t\t\t\t\t\t\t\t\t\t\t\t\t\t\t    <strong>Check the Guides<\/strong>\r\n\t\t\t\t\t\t\t\t\t\t\t\t\t\t\t\t\t\t\t\t\t\t\t\t    <a href=\"\/support\/\">\r\n\t\t\t\t\t\t\t\t        Download detailed manuals and schemes\t\t\t\t\t\t\t\t    <\/a>\r\n\t\t\t\t\t\t\t\t\t\t\t\t\t\t\t<\/li>\r\n\t\t\t\t\t\t\t\t\t\t\t\t\t\t\t<\/ul>\r\n\t\t\t\r\n\t\t\t\t\t\t    <h3 class=\"title-block\">Our contacts<\/h3>\r\n\t\t\t\r\n\t\t\t\t\t\t\t<ul class=\"contact-list\">\r\n\t\t\t\t\t\t\t\t\t\t\t\t\t\t\t\t\t\t<li>\r\n\t\t\t\t\t\t\t\t\t\t\t\t\t\t\t\t\t<strong>Sales:<\/strong>\r\n\t\t\t\t\t\t\t\t\t\t\t\t\t\t\t\t\t\t\t\t\t\t\t\t    <a href=\"mailto:&#115;&#97;l&#101;&#115;&#64;&#98;a&#115;&#45;ip&#46;&#99;&#111;m\">sa&#108;&#101;s&#64;b&#97;s&#45;&#105;&#112;&#46;&#99;o&#109;<\/a>\r\n\t\t\t\t\t\t\t\t\t\t\t\t\t\t\t<\/li>\r\n\t\t\t\t\t\t\t\t\t\t\t\t\t\t\t\t\t\t\t\t\t\t\t\t<li>\r\n\t\t\t\t\t\t\t\t\t\t\t\t\t\t\t\t\t<strong>Technical support:<\/strong>\r\n\t\t\t\t\t\t\t\t\t\t\t\t\t\t\t\t\t\t\t\t\t\t\t\t    <a href=\"mailto:&#115;u&#112;&#112;&#111;r&#116;&#64;&#98;&#97;&#115;&#45;&#105;p.c&#111;&#109;\">&#115;&#117;p&#112;o&#114;t&#64;&#98;as&#45;ip.&#99;om<\/a>\r\n\t\t\t\t\t\t\t\t\t\t\t\t\t\t\t<\/li>\r\n\t\t\t\t\t\t\t\t\t\t\t\t\t\t\t<\/ul>\r\n\t\t\t\t\t<\/div>\r\n\t<\/section>\r\n\r\n\r\n\r\n<!-- END Block Sign Up -->","protected":false},"excerpt":{"rendered":"<p>BAS-IP in Rosslare: Napredna integracija kontrole dostopa in interkomov Integracija interkom sistemov BAS-IP s platformo AxTraxPro\u2122 podjetja Rosslare zdru\u017euje dve zmogljivi re\u0161itvi za brezhibno upravljanje varnosti in komunikacije. AxTraxPro\u2122 podjetja Rosslare je odli\u010den pri nadzoru dostopnih to\u010dk, uporabni\u0161kih dovoljenjih in spremljanju varnostnih dogodkov, medtem ko BAS-IP Link Cloud Server centralizira upravljanje interkoma in integracijo tretjih [&hellip;]<\/p>","protected":false},"author":1,"featured_media":0,"parent":0,"menu_order":0,"comment_status":"closed","ping_status":"closed","template":"page-custom-breadcrumbs.php","meta":{"inline_featured_image":false,"footnotes":""},"class_list":["post-149409","page","type-page","status-publish","hentry"],"acf":[],"_links":{"self":[{"href":"https:\/\/bas-ip.com\/sl\/wp-json\/wp\/v2\/pages\/149409","targetHints":{"allow":["GET"]}}],"collection":[{"href":"https:\/\/bas-ip.com\/sl\/wp-json\/wp\/v2\/pages"}],"about":[{"href":"https:\/\/bas-ip.com\/sl\/wp-json\/wp\/v2\/types\/page"}],"author":[{"embeddable":true,"href":"https:\/\/bas-ip.com\/sl\/wp-json\/wp\/v2\/users\/1"}],"replies":[{"embeddable":true,"href":"https:\/\/bas-ip.com\/sl\/wp-json\/wp\/v2\/comments?post=149409"}],"version-history":[{"count":2,"href":"https:\/\/bas-ip.com\/sl\/wp-json\/wp\/v2\/pages\/149409\/revisions"}],"predecessor-version":[{"id":149984,"href":"https:\/\/bas-ip.com\/sl\/wp-json\/wp\/v2\/pages\/149409\/revisions\/149984"}],"wp:attachment":[{"href":"https:\/\/bas-ip.com\/sl\/wp-json\/wp\/v2\/media?parent=149409"}],"curies":[{"name":"wp","href":"https:\/\/api.w.org\/{rel}","templated":true}]}}