{"id":145737,"date":"2025-09-22T13:03:10","date_gmt":"2025-09-22T13:03:10","guid":{"rendered":"https:\/\/bas-ip.com\/career\/"},"modified":"2025-10-06T13:08:55","modified_gmt":"2025-10-06T13:08:55","slug":"career","status":"publish","type":"page","link":"https:\/\/bas-ip.com\/sl\/career\/","title":{"rendered":"Kariera"},"content":{"rendered":"<!-- START Block Career Hero -->   <div class=\"careers-hero\" style=\"background-image:url(https:\/\/bas-ip.com\/wp-content\/uploads\/2025\/09\/career_top_bg_2-scaled.jpg)\">\r\n    <div class=\"careers-hero__overlay\"><\/div>\r\n    <div class=\"careers-container careers-hero__content\">\r\n      <h1 class=\"careers-hero__title\">I\u0161\u010demo <span>usposobljene<\/span> ljudi<\/h1>\r\n              <p class=\"careers-hero__subtitle\">Razvijamo najsodobnej\u0161e re\u0161itve na podro\u010dju varnosti \u2014 od IP domofonov do kontrole dostopa in videonadzornih sistemov.<br>\r\nToda najpomembnej\u0161e, kar gradimo, je ekipa.<\/p>\r\n                    <a class=\"careers-btn careers-btn--primary\" href=\"https:\/\/bas-ip.com\/vacancies\/\">\r\n          sodelujte z nami        <\/a>\r\n          <\/div>\r\n  <\/div>\r\n     <section class=\"careers-benefits\">\r\n    <div class=\"careers-container\">\r\n              <h2 class=\"careers-section-title\">Zakaj se nam pridru\u017eiti<\/h2>\r\n                    <div class=\"careers-benefits__grid\">\r\n                      <div class=\"careers-benefit\">\r\n                              <div class=\"careers-benefit__icon\"><img decoding=\"async\" src=\"https:\/\/bas-ip.com\/wp-content\/uploads\/2025\/09\/hugeicons_global.svg\" alt=\"icon\"><\/div>\r\n                                            <h3>Na daljavo najprej<\/h3>\r\n                                            <p>Delo od kjer koli na svetu<\/p>\r\n                          <\/div>\r\n                      <div class=\"careers-benefit\">\r\n                              <div class=\"careers-benefit__icon\"><img decoding=\"async\" src=\"https:\/\/bas-ip.com\/wp-content\/uploads\/2025\/09\/iconoir_brain.svg\" alt=\"icon\"><\/div>\r\n                                            <h3>Inovativni izdelki<\/h3>\r\n                                            <p>Najsodobnej\u0161a tehnologija na varnostnem trgu<\/p>\r\n                          <\/div>\r\n                      <div class=\"careers-benefit\">\r\n                              <div class=\"careers-benefit__icon\"><img decoding=\"async\" src=\"https:\/\/bas-ip.com\/wp-content\/uploads\/2025\/09\/fluent_people-team-16-regular.svg\" alt=\"icon\"><\/div>\r\n                                            <h3>Globalna ekipa<\/h3>\r\n                                            <p>Sodelujte prek meja in \u010dasovnih pasov<\/p>\r\n                          <\/div>\r\n                      <div class=\"careers-benefit\">\r\n                              <div class=\"careers-benefit__icon\"><img decoding=\"async\" src=\"https:\/\/bas-ip.com\/wp-content\/uploads\/2025\/09\/tabler_rocket.svg\" alt=\"icon\"><\/div>\r\n                                            <h3>Rastno usmerjeno<\/h3>\r\n                                            <p>Podpiramo va\u0161e u\u010denje in karierni razvoj<\/p>\r\n                          <\/div>\r\n                      <div class=\"careers-benefit\">\r\n                              <div class=\"careers-benefit__icon\"><img decoding=\"async\" src=\"https:\/\/bas-ip.com\/wp-content\/uploads\/2025\/09\/octicon_goal-24.svg\" alt=\"icon\"><\/div>\r\n                                            <h3>Rezultati namesto birokracije<\/h3>\r\n                                            <p>Cenimo dejanja in odgovornost<\/p>\r\n                          <\/div>\r\n                      <div class=\"careers-benefit\">\r\n                              <div class=\"careers-benefit__icon\"><img decoding=\"async\" src=\"https:\/\/bas-ip.com\/wp-content\/uploads\/2025\/09\/hugeicons_idea.svg\" alt=\"icon\"><\/div>\r\n                                            <h3>Tvoj glas je pomemben<\/h3>\r\n                                            <p>Pobuda je dobrodo\u0161la in nagrajena<\/p>\r\n                          <\/div>\r\n                  <\/div>\r\n          <\/div>\r\n  <\/section>\r\n    <section class=\"careers-vision\">\r\n    <div class=\"careers-container careers-vision__grid\">\r\n      <div class=\"careers-vision__media\">\r\n                  <img decoding=\"async\" src=\"https:\/\/bas-ip.com\/wp-content\/uploads\/2025\/09\/vision.jpg\" alt=\"\" class=\"careers-vision__img careers-vision__img--single\">\r\n              <\/div>\r\n      <div class=\"careers-vision__text\">\r\n                  <h2 class=\"careers-section-title careers-section-title--left\">na\u0161a vizija<\/h2>\r\n                          <p data-start=\"321\" data-end=\"534\">V BAS-IP boste na\u0161li prilo\u017enosti za rast, navdihujo\u010de projekte in globalno ekipo, ki oblikuje prihodnost inteligentne varnosti. Smo ve\u010d kot 60 ljudi, ki delamo iz razli\u010dnih koti\u010dkov sveta \u2014 brez meja za talente.<\/p>\n<p data-start=\"536\" data-end=\"693\">Na\u0161a ekipa zdru\u017euje strokovnjake za R&amp;R, prodajo, podporo, marketing, nabavo in logistiko, finance ter kadrovske zadeve. Smo raznoliki \u2013 in to je na\u0161a mo\u010d.<\/p>\n<p data-start=\"695\" data-end=\"847\" data-is-last-node=\"\" data-is-only-node=\"\">Podpiramo novince, navdihujemo drug drugega, hitro sprejemamo odlo\u010ditve in cenimo pobudo. Tukaj ne boste samo delali \u2014 tukaj boste pustili svoj pe\u010dat.<\/p>\n                          <a class=\"careers-btn careers-btn--primary\" href=\"https:\/\/bas-ip.com\/vacancies\/\">\r\n            sodelujte z nami          <\/a>\r\n              <\/div>\r\n    <\/div>\r\n  <\/section>\r\n  <section class=\"careers-values\">\r\n    <div class=\"careers-container\">\r\n              <h2 class=\"careers-section-title\">Na\u0161e vrednote<\/h2>\r\n        <p>V podjetju BAS-IP na\u0161a kultura temelji na ve\u010d kot le ciljih \u2013 oblikujejo jo skupne vrednote, ki nas vodijo pri vsakodnevnem delu:<\/p>\r\n                    <div class=\"careers-values__grid\">\r\n                      <article class=\"careers-card\">\r\n                              <img decoding=\"async\" src=\"https:\/\/bas-ip.com\/wp-content\/uploads\/2025\/09\/honesty3.jpg\" alt=\"\">\r\n                            <div class=\"careers-card__body\">\r\n                                  <h3>Iskrenost<\/h3>\r\n                                                  <p>Odprtost in preglednost pri vsem, kar po\u010dnemo<\/p>\r\n                              <\/div>\r\n            <\/article>\r\n                      <article class=\"careers-card\">\r\n                              <img decoding=\"async\" src=\"https:\/\/bas-ip.com\/wp-content\/uploads\/2025\/09\/optimism.jpg\" alt=\"\">\r\n                            <div class=\"careers-card__body\">\r\n                                  <h3>Optimizem<\/h3>\r\n                                                  <p>Vera v sebe in uspeh na\u0161e ekipe<\/p>\r\n                              <\/div>\r\n            <\/article>\r\n                      <article class=\"careers-card\">\r\n                              <img decoding=\"async\" src=\"https:\/\/bas-ip.com\/wp-content\/uploads\/2025\/09\/support2.jpg\" alt=\"\">\r\n                            <div class=\"careers-card__body\">\r\n                                  <h3>Podpora<\/h3>\r\n                                                  <p>Pomagati si z ljubeznijo in skrbjo<\/p>\r\n                              <\/div>\r\n            <\/article>\r\n                      <article class=\"careers-card\">\r\n                              <img decoding=\"async\" src=\"https:\/\/bas-ip.com\/wp-content\/uploads\/2025\/09\/selfdev-1.jpg\" alt=\"\">\r\n                            <div class=\"careers-card__body\">\r\n                                  <h3>Samorazvoj<\/h3>\r\n                                                  <p>Vedno si prizadevamo za u\u010denje in rast<\/p>\r\n                              <\/div>\r\n            <\/article>\r\n                  <\/div>\r\n          <\/div>\r\n  <\/section>\r\n    <section class=\"careers-banner\">\r\n    <div class=\"careers-banner__bg\" style=\"background-image:url(https:\/\/bas-ip.com\/wp-content\/uploads\/2025\/09\/careerbannerbg1-scaled.jpg)\"><\/div>\r\n    <div class=\"careers-container careers-banner__content\">\r\n              <p class=\"careers-banner__title\">NE GRADIMO SAMO TEHNOLOGIJE \u2014 <span>GRADIMO<br>\r\nEKIPO<\/span>, KI ODRA\u017dA TE VREDNOTE NA VSAKEM KORAKU.<\/p>\r\n          <\/div>\r\n  <\/section>\r\n\r\n  \r\n    <section id=\"open\" class=\"careers-open\">\r\n    <div class=\"careers-container careers-open__inner\">\r\n              <h2 class=\"careers-section-title\">Odprta delovna mesta<\/h2>\r\n                    <p>Oglejte si na\u0161a trenutna prosta delovna mesta in se prijavite neposredno. Vedno i\u0161\u010demo strastne strokovnjake, ki bi se nam pridru\u017eili na na\u0161i poti.<\/p>\r\n                    <a class=\"careers-btn careers-btn--primary\" href=\"https:\/\/bas-ip.com\/vacancies\/\">\r\n          sodelujte z nami        <\/a>\r\n          <\/div>\r\n  <\/section><!-- END Block Career Hero -->","protected":false},"excerpt":{"rendered":"","protected":false},"author":2,"featured_media":0,"parent":0,"menu_order":0,"comment_status":"closed","ping_status":"closed","template":"","meta":{"inline_featured_image":false,"footnotes":""},"class_list":["post-145737","page","type-page","status-publish","hentry"],"acf":[],"_links":{"self":[{"href":"https:\/\/bas-ip.com\/sl\/wp-json\/wp\/v2\/pages\/145737","targetHints":{"allow":["GET"]}}],"collection":[{"href":"https:\/\/bas-ip.com\/sl\/wp-json\/wp\/v2\/pages"}],"about":[{"href":"https:\/\/bas-ip.com\/sl\/wp-json\/wp\/v2\/types\/page"}],"author":[{"embeddable":true,"href":"https:\/\/bas-ip.com\/sl\/wp-json\/wp\/v2\/users\/2"}],"replies":[{"embeddable":true,"href":"https:\/\/bas-ip.com\/sl\/wp-json\/wp\/v2\/comments?post=145737"}],"version-history":[{"count":3,"href":"https:\/\/bas-ip.com\/sl\/wp-json\/wp\/v2\/pages\/145737\/revisions"}],"predecessor-version":[{"id":145944,"href":"https:\/\/bas-ip.com\/sl\/wp-json\/wp\/v2\/pages\/145737\/revisions\/145944"}],"wp:attachment":[{"href":"https:\/\/bas-ip.com\/sl\/wp-json\/wp\/v2\/media?parent=145737"}],"curies":[{"name":"wp","href":"https:\/\/api.w.org\/{rel}","templated":true}]}}