{"id":140971,"date":"2025-06-03T12:48:57","date_gmt":"2025-06-03T12:48:57","guid":{"rendered":"https:\/\/bas-ip.com\/condo-control\/"},"modified":"2025-08-06T10:25:08","modified_gmt":"2025-08-06T10:25:08","slug":"condo-control","status":"publish","type":"page","link":"https:\/\/bas-ip.com\/sl\/condo-control\/","title":{"rendered":"Condo Control"},"content":{"rendered":"<h2>BAS-IP in Condo Control napovedujeta integracijo za izbolj\u0161anje stanovanjske izku\u0161nje<\/h2>\n\n<div class=\"wp-block-image\">\n<figure class=\"aligncenter size-large\"><img loading=\"lazy\" decoding=\"async\" width=\"1024\" height=\"235\" src=\"https:\/\/bas-ip.com\/wp-content\/uploads\/2025\/06\/Condo-Control-1024x235.png\" alt=\"\" class=\"wp-image-138764\" srcset=\"https:\/\/bas-ip.com\/wp-content\/uploads\/2025\/06\/Condo-Control-1024x235.png 1024w,  https:\/\/bas-ip.com\/wp-content\/uploads\/2025\/06\/Condo-Control-300x69.png 300w,  https:\/\/bas-ip.com\/wp-content\/uploads\/2025\/06\/Condo-Control-768x177.png 768w,  https:\/\/bas-ip.com\/wp-content\/uploads\/2025\/06\/Condo-Control-767x176.png 767w,  https:\/\/bas-ip.com\/wp-content\/uploads\/2025\/06\/Condo-Control.png 1266w\" sizes=\"auto, (max-width: 1024px) 100vw, 1024px\" \/><\/figure>\n<\/div>\n\n<p>BAS-IP, vodilni razvijalec IP-interkom sistemov, in Condo Control, celovita platforma za digitalizacijo delovanja za ve\u010d kot 2 milijona stanovalcev, sta danes naznanila strate\u0161ko integracijo. To sodelovanje ustvarja enoten vir resni\u010dnih podatkov za stanovalce, odpravlja podvajanje vnosov in omogo\u010da brezhibno sinhronizacijo podatkov med sistemoma, kar prina\u0161a novo raven udobja in natan\u010dnosti podatkov za stanovalce in upravitelje nepremi\u010dnin v Kanadi.<\/p>\n<p>Klju\u010dna zna\u010dilnost te integracije je sinhronizacija seznama stanovalcev s platforme Condo Control z interkomi BAS-IP. Namesto vna\u0161anja \u0161tevilk stanovanj obiskovalci brskajo po abecednem pametnem imeniku, se dotaknejo imena in klicna plo\u0161\u010da zdaj prika\u017ee imenik z imeni stanovalcev, kar zagotavlja bolj intuitiven in uporabni\u0161ko usmerjen pristop.<\/p>\n<p>Sistem Condo Control slu\u017ei kot primarni vmesnik za upravitelje nepremi\u010dnin, ki lahko enostavno dodajajo, bri\u0161ejo in posodabljajo zapise stanovalcev. Te spremembe se samodejno prenesejo v pametni imenik interkom sistema prek platforme za upravljanje BAS-IP Link, ki deluje kot vmesna programska oprema. BAS-IP Link upravlja tudi postopek klicanja in zagotavlja zanesljivo komunikacijo.<\/p>\n<p>Ta izbolj\u0161ava je bila izvedena ob upo\u0161tevanju preferenc kanadskih stanovalcev, ki so vajeni prejemati klice na svoje osebne mobilne \u0161tevilke in ne na fiksno napravo v stanovanju.<\/p>\n<p>\u00bbNa\u0161e poslanstvo je digitalizirati in poenostaviti delovanje skupnosti,\u00ab je dejal Brian Bosscher, Condo Control. \u00bbPartnerstvo z BAS-IP omogo\u010da upraviteljem, da podatke posodobijo enkrat, stanovalcem pa daje brezhiben, mobilni dostop, ki ga pri\u010dakujejo.\u00ab<\/p>\n<p><strong><u>Glavne prednosti:<\/u><\/strong><\/p>\n<ul>\n<li><b>Brez podvojenih vnosov<\/b> \u2013 zapisi stanovalcev se prena\u0161ajo samodejno.<\/li>\n<li><b>Klici dose\u017eejo pravo osebo \u017ee prvi\u010d<\/b> \u2013 manj ponovnih klicev iz avle.<\/li>\n<li><b>Mobilna izku\u0161nja na prvem mestu<\/b> \u2013 stanovalci lahko odgovarjajo s katerega koli mobilnega telefona.<\/li>\n<li><b>Vedno posodobljeno:<\/b> telefonske \u0161tevilke in podatki o selitvah se sinhronizirajo takoj.<\/li>\n<\/ul>\n<p><strong><u>Postopek klicanja je bil izbolj\u0161an za maksimalno fleksibilnost:<\/u><\/strong><\/p>\n<ul>\n<li><b>Neposredno klicanje stanovalca:<\/b> Obiskovalci lahko pokli\u010dejo dolo\u010denega stanovalca na njegovo osebno telefonsko \u0161tevilko ali v mobilni aplikaciji BAS-IP Link tako, da izberejo njegovo ime iz pametnega imenika ali vpi\u0161ejo dolo\u010deno kodo.<\/li>\n<li><b>Klicanje stanovanja:<\/b> Tradicionalna mo\u017enost hkratnega klicanja vseh stanovalcev v stanovanju je \u0161e vedno na voljo.<\/li>\n<li><b>Hibridni model:<\/b> Obe mo\u017enosti se lahko podpirata so\u010dasno na eni sami klicni napravi.<\/li>\n<\/ul>\n<p><strong><u>Kako deluje integracija:<\/u><\/strong><\/p>\n<ul>\n<li><b>Registracija:<\/b> Upravitelj registrira stanovalca v sistem Condo Control in doda njegove kontaktne podatke.<\/li>\n<li><b>Sinhronizacija:<\/b> Stre\u017enik BAS-IP Link samodejno po\u0161lje podatke stanovalca v pametni imenik klicne plo\u0161\u010de.<\/li>\n<li><b>Klic:<\/b> Kurir ali gost izbere stanovalca po imenu ali vpi\u0161e njegovo kodo.<\/li>\n<li><b>Odgovor:<\/b> Stanovalec odgovori na klic s plo\u0161\u010de na svojo osebno mobilno \u0161tevilko (prek povezanega Twilio SIP trunka) ali v aplikaciji BAS-IP Link.<\/li>\n<li><b>Dostop:<\/b> Stanovalec lahko daljinsko odpre vrata.<\/li>\n<\/ul>\n<p>Integracija zagotavlja tudi samodejne posodobitve podatkov. Vsakr\u0161ne spremembe telefonske \u0161tevilke stanovalca, izbris uporabnika ali seje mobilne aplikacije v sistemu Condo Control se takoj odrazijo v shemi posredovanja BAS-IP Link, kar zagotavlja, da so kontaktni podatki vedno posodobljeni.<\/p>\n<p>Ta integracija predstavlja pomemben korak naprej pri ustvarjanju pametnej\u0161ih in udobnej\u0161ih bivalnih prostorov. Z zdru\u017eevanjem najsodobnej\u0161e tehnologije IP-interkomov BAS-IP z zmogljivimi zmo\u017enostmi upravljanja nepremi\u010dnin Condo Control podjetji ponujata re\u0161itev, ki ustreza sodobnim potrebam stanovalcev in poenostavlja delovni proces za upravitelje.<\/p>\n\n<!-- START Block Sign Up --><section id=\"block_629678229e935\" class=\"sign-up-section\">\r\n\r\n    <div class=\"form-holder js-form\" data-aos=\"fade-right\">\r\n                    <div class=\"title-block h3\">Sign up for connection<\/div>\r\n        \r\n                    <div class=\"text-block\">\r\n                Filling out all the information needed to answer you as quickly as possible            <\/div>\r\n        \r\n                    \n<div class=\"wpcf7 no-js\" id=\"wpcf7-f102-o1\" lang=\"en-US\" dir=\"ltr\">\n<div class=\"screen-reader-response\"><p role=\"status\" aria-live=\"polite\" aria-atomic=\"true\"><\/p> <ul><\/ul><\/div>\n<form action=\"\/sl\/wp-json\/wp\/v2\/pages\/140971#wpcf7-f102-o1\" method=\"post\" class=\"wpcf7-form init\" aria-label=\"Contact form\" enctype=\"multipart\/form-data\" novalidate=\"novalidate\" data-status=\"init\">\n<div style=\"display: none;\">\n<input type=\"hidden\" name=\"_wpcf7\" value=\"102\" \/>\n<input type=\"hidden\" name=\"_wpcf7_version\" value=\"5.8.3\" \/>\n<input type=\"hidden\" name=\"_wpcf7_locale\" value=\"en_US\" \/>\n<input type=\"hidden\" name=\"_wpcf7_unit_tag\" value=\"wpcf7-f102-o1\" \/>\n<input type=\"hidden\" name=\"_wpcf7_container_post\" value=\"0\" \/>\n<input type=\"hidden\" name=\"_wpcf7_posted_data_hash\" value=\"\" \/>\n<input type=\"hidden\" name=\"_wpcf7_recaptcha_response\" value=\"\" \/>\n<\/div>\n<div class=\"row\"> \n <label><span class=\"label-text\">Name<\/span> \n  <span class=\"wpcf7-form-control-wrap\" data-name=\"text-full-name\"><input size=\"40\" class=\"wpcf7-form-control wpcf7-text wpcf7-validates-as-required\" aria-required=\"true\" aria-invalid=\"false\" placeholder=\"Name\" value=\"\" type=\"text\" name=\"text-full-name\" \/><\/span><\/label> \n<\/div> \n<div class=\"row\"> \n <label><span class=\"label-text\">Phone*<\/span> \n<span class=\"wpcf7-form-control-wrap\" data-name=\"phonetext-270\"><input size=\"40\" class=\"wpcf7-form-control wpcf7-phonetext wpcf7-validates-as-required wpcf7-text wpcf7-validates-as-phonetext\" aria-required=\"true\" aria-invalid=\"false\" placeholder=\"Phone*\" value=\"\" type=\"text\" name=\"phonetext-270\" \/><input type=\"hidden\" name=\"phonetext-270-country-code\" class=\"wpcf7-phonetext-country-code\" \/><\/span><\/label> \n<\/div> \n<div class=\"row\"> \n <label><span class=\"label-text\">E-mail<\/span> \n  <span class=\"wpcf7-form-control-wrap\" data-name=\"email-e-mail\"><input size=\"40\" class=\"wpcf7-form-control wpcf7-email wpcf7-validates-as-required wpcf7-text wpcf7-validates-as-email\" aria-required=\"true\" aria-invalid=\"false\" placeholder=\"E-mail\" value=\"\" type=\"email\" name=\"email-e-mail\" \/><\/span><\/label> \n<\/div> \n<div class=\"row\"><span>Your country<\/span> \n <label><span class=\"wpcf7-form-control-wrap\" data-name=\"countrytext-126\"><input size=\"40\" class=\"wpcf7-form-control wpcf7-countrytext wpcf7-text wpcf7-validates-as-countrytext\" aria-invalid=\"false\" value=\"\" type=\"text\" name=\"countrytext-126\" \/><\/span> <\/label>\n<\/div> \n<div class=\"row\"> \n <button type=\"submit\" class=\"btn\">Send<\/button> \n<\/div> \n<div class=\"row\"> \n <span class=\"wpcf7-form-control-wrap\" data-name=\"checkbox-931\"><span class=\"wpcf7-form-control wpcf7-checkbox\"><span class=\"wpcf7-list-item first\"><label><input type=\"checkbox\" name=\"checkbox-931[]\" value=\"Integrator\" \/><span class=\"wpcf7-list-item-label\">Integrator<\/span><\/label><\/span><span class=\"wpcf7-list-item\"><label><input type=\"checkbox\" name=\"checkbox-931[]\" value=\"Builder\" \/><span class=\"wpcf7-list-item-label\">Builder<\/span><\/label><\/span><span class=\"wpcf7-list-item last\"><label><input type=\"checkbox\" name=\"checkbox-931[]\" value=\"End-User\" \/><span class=\"wpcf7-list-item-label\">End-User<\/span><\/label><\/span><\/span><\/span> \n<\/div> \n<div class=\"row row-upload-file\"> \n <label class=\"upload-file-block js-upload-file\">Attach file \n  <span class=\"wpcf7-form-control-wrap\" data-name=\"file-466\"><input size=\"40\" class=\"wpcf7-form-control wpcf7-file\" accept=\"audio\/*,video\/*,image\/*\" aria-invalid=\"false\" type=\"file\" name=\"file-466\" \/><\/span><\/label> \n<\/div><input type='hidden' class='wpcf7-pum' value='{\"closepopup\":false,\"closedelay\":0,\"openpopup\":false,\"openpopup_id\":0}' \/><div class=\"wpcf7-response-output\" aria-hidden=\"true\"><\/div>\n<\/form>\n<\/div>\n            <\/div>\r\n\r\n\t\t    <div class=\"text-holder\" data-aos=\"fade-left\">\r\n\t\t\t\t\t\t    <h3 class=\"title-block\">How Can We Help?<\/h3>\r\n\t\t\t\r\n\t\t\t                <div class=\"text-block\">\r\n                    Please select a topic below related to your inquiry. If you don&#8217;t find what you need, fill out our contact form.                <\/div>\r\n\t\t\t\r\n\t\t\t\t\t\t    <ul class=\"link-list\">\r\n\t\t\t\t\t\t\t\t\t\t\t\t\t\t\t\t\t\t<li>\r\n\t\t\t\t\t\t\t\t\t\t\t\t\t\t\t\t    <strong>Get Inspired<\/strong>\r\n\t\t\t\t\t\t\t\t\t\t\t\t\t\t\t\t\t\t\t\t\t\t\t\t    <a href=\"\/features\/\">\r\n\t\t\t\t\t\t\t\t        Discover what&#8217;s beneath our intercom\t\t\t\t\t\t\t\t    <\/a>\r\n\t\t\t\t\t\t\t\t\t\t\t\t\t\t\t<\/li>\r\n\t\t\t\t\t\t\t\t\t\t\t\t\t\t\t\t\t\t\t\t\t\t\t\t<li>\r\n\t\t\t\t\t\t\t\t\t\t\t\t\t\t\t\t    <strong>Become a Partner<\/strong>\r\n\t\t\t\t\t\t\t\t\t\t\t\t\t\t\t\t\t\t\t\t\t\t\t\t    <a href=\"\/distributors\/\">\r\n\t\t\t\t\t\t\t\t        Expand your business with BAS-IP intercom\t\t\t\t\t\t\t\t    <\/a>\r\n\t\t\t\t\t\t\t\t\t\t\t\t\t\t\t<\/li>\r\n\t\t\t\t\t\t\t\t\t\t\t\t\t\t\t\t\t\t\t\t\t\t\t\t<li>\r\n\t\t\t\t\t\t\t\t\t\t\t\t\t\t\t\t    <strong>Check the Guides<\/strong>\r\n\t\t\t\t\t\t\t\t\t\t\t\t\t\t\t\t\t\t\t\t\t\t\t\t    <a href=\"\/support\/\">\r\n\t\t\t\t\t\t\t\t        Download detailed manuals and schemes\t\t\t\t\t\t\t\t    <\/a>\r\n\t\t\t\t\t\t\t\t\t\t\t\t\t\t\t<\/li>\r\n\t\t\t\t\t\t\t\t\t\t\t\t\t\t\t<\/ul>\r\n\t\t\t\r\n\t\t\t\t\t\t    <h3 class=\"title-block\">Our contacts<\/h3>\r\n\t\t\t\r\n\t\t\t\t\t\t\t<ul class=\"contact-list\">\r\n\t\t\t\t\t\t\t\t\t\t\t\t\t\t\t\t\t\t<li>\r\n\t\t\t\t\t\t\t\t\t\t\t\t\t\t\t\t\t<strong>Sales:<\/strong>\r\n\t\t\t\t\t\t\t\t\t\t\t\t\t\t\t\t\t\t\t\t\t\t\t\t    <a href=\"mailto:s&#97;&#108;e&#115;&#64;ba&#115;&#45;&#105;p&#46;&#99;om\">sa&#108;&#101;s&#64;&#98;&#97;s-ip&#46;&#99;o&#109;<\/a>\r\n\t\t\t\t\t\t\t\t\t\t\t\t\t\t\t<\/li>\r\n\t\t\t\t\t\t\t\t\t\t\t\t\t\t\t\t\t\t\t\t\t\t\t\t<li>\r\n\t\t\t\t\t\t\t\t\t\t\t\t\t\t\t\t\t<strong>Technical support:<\/strong>\r\n\t\t\t\t\t\t\t\t\t\t\t\t\t\t\t\t\t\t\t\t\t\t\t\t    <a href=\"mailto:s&#117;&#112;p&#111;&#114;t&#64;b&#97;&#115;-&#105;&#112;&#46;com\">sup&#112;&#111;&#114;t&#64;&#98;a&#115;-&#105;p&#46;&#99;o&#109;<\/a>\r\n\t\t\t\t\t\t\t\t\t\t\t\t\t\t\t<\/li>\r\n\t\t\t\t\t\t\t\t\t\t\t\t\t\t\t<\/ul>\r\n\t\t\t\t\t<\/div>\r\n\t<\/section>\r\n\r\n\r\n\r\n<!-- END Block Sign Up -->","protected":false},"excerpt":{"rendered":"<p>BAS-IP in Condo Control napovedujeta integracijo za izbolj\u0161anje stanovanjske izku\u0161nje BAS-IP, vodilni razvijalec IP-interkom sistemov, in Condo Control, celovita platforma za digitalizacijo delovanja za ve\u010d kot 2 milijona stanovalcev, sta danes naznanila strate\u0161ko integracijo. To sodelovanje ustvarja enoten vir resni\u010dnih podatkov za stanovalce, odpravlja podvajanje vnosov in omogo\u010da brezhibno sinhronizacijo podatkov med sistemoma, kar prina\u0161a [&hellip;]<\/p>","protected":false},"author":1,"featured_media":0,"parent":0,"menu_order":0,"comment_status":"closed","ping_status":"closed","template":"page-custom-breadcrumbs.php","meta":{"inline_featured_image":false,"footnotes":""},"class_list":["post-140971","page","type-page","status-publish","hentry"],"acf":[],"_links":{"self":[{"href":"https:\/\/bas-ip.com\/sl\/wp-json\/wp\/v2\/pages\/140971","targetHints":{"allow":["GET"]}}],"collection":[{"href":"https:\/\/bas-ip.com\/sl\/wp-json\/wp\/v2\/pages"}],"about":[{"href":"https:\/\/bas-ip.com\/sl\/wp-json\/wp\/v2\/types\/page"}],"author":[{"embeddable":true,"href":"https:\/\/bas-ip.com\/sl\/wp-json\/wp\/v2\/users\/1"}],"replies":[{"embeddable":true,"href":"https:\/\/bas-ip.com\/sl\/wp-json\/wp\/v2\/comments?post=140971"}],"version-history":[{"count":3,"href":"https:\/\/bas-ip.com\/sl\/wp-json\/wp\/v2\/pages\/140971\/revisions"}],"predecessor-version":[{"id":141007,"href":"https:\/\/bas-ip.com\/sl\/wp-json\/wp\/v2\/pages\/140971\/revisions\/141007"}],"wp:attachment":[{"href":"https:\/\/bas-ip.com\/sl\/wp-json\/wp\/v2\/media?parent=140971"}],"curies":[{"name":"wp","href":"https:\/\/api.w.org\/{rel}","templated":true}]}}