{"id":133970,"date":"2023-03-27T09:32:04","date_gmt":"2023-03-27T09:32:04","guid":{"rendered":"https:\/\/bas-ip.com\/medical\/"},"modified":"2025-03-24T10:45:23","modified_gmt":"2025-03-24T10:45:23","slug":"medical","status":"publish","type":"page","link":"https:\/\/bas-ip.com\/sl\/medical\/","title":{"rendered":"Za bolni\u0161nice\/Zdravstvene ustanove"},"content":{"rendered":"<h1 class=\"wp-block-heading\"><strong>Bolni\u0161ni\u010dni domofonski sistem BAS-IP &#8211; Elevate Patient Care<\/strong><\/h1>\n\n\n\n<p>Medicinska industrija se nenehno razvija, da bi pacientom zagotovila najbolj\u0161o mo\u017eno oskrbo. Ker komunikacija igra klju\u010dno vlogo pri zagotavljanju u\u010dinkovitih in varnih medicinskih storitev, je nadgradnja na vrhunski bolni\u0161ni\u0161ki interkomski sistem nujna. Inovativni medicinski interkomski sistemi BAS-IP, zasnovani posebej za \u010diste prostore in medicinske ustanove, prina\u0161ajo neprekosljivo udobje in zanesljivost zdravstvenim delavcem in njihovim pacientom. V tem \u010dlanku bomo raziskali lastnosti in prednosti bolni\u0161ni\u010dnega interkoma BAS-IP ter kako lahko revolucionirajo delovanje medicinskih ustanov.<\/p>\n\n\n\n<h2 class=\"wp-block-heading\"><strong>Mo\u010d bolni\u0161ni\u010dnega interkoma BAS-IP<\/strong><\/h2>\n\n\n<!-- START Block Features --><section id=\"block_64304f018b5e4\" class=\"features-section\">\r\n\t\r\n    <div class=\"features-list\">\r\n                    <div class=\"features-item\" data-aos=\"fade-up\">\r\n    <div class=\"features-box\">\r\n                    <div class=\"image-holder\">\r\n                <img loading=\"lazy\" decoding=\"async\" width=\"350\" height=\"320\" src=\"https:\/\/bas-ip.com\/wp-content\/uploads\/2023\/04\/1-2-350x320.jpg\" class=\"attachment-thumbnail_350x320 size-thumbnail_350x320\" alt=\"\" \/>            <\/div>\r\n        \r\n        <div class=\"text-holder\">\r\n                        <h3 class=\"title-block\">Brez\u0161ivna integracija z lokalnimi omre\u017eji IP<\/h3>\r\n          \r\n                        <div class=\"text-block\">\r\n                <p>Ena od pomembnih prednosti medicinskih interkomskih sistemov BAS-IP je njihova sposobnost brezskrbnega delovanja znotraj istega IP lokalnega omre\u017eja. Ta zdru\u017eljivost zagotavlja brezskrbno komunikacijo med razli\u010dnimi interkomskimi napravami, kar zmanj\u0161uje zakasnitev in izbolj\u0161uje splo\u0161no u\u010dinkovitost.<\/p>\n              <\/div>\r\n                  <\/div>\r\n    <\/div>\r\n<\/div>\r\n                    <div class=\"features-item\" data-aos=\"fade-up\">\r\n    <div class=\"features-box\">\r\n                    <div class=\"image-holder\">\r\n                <img loading=\"lazy\" decoding=\"async\" width=\"350\" height=\"320\" src=\"https:\/\/bas-ip.com\/wp-content\/uploads\/2023\/04\/2-2-350x320.jpg\" class=\"attachment-thumbnail_350x320 size-thumbnail_350x320\" alt=\"\" \/>            <\/div>\r\n        \r\n        <div class=\"text-holder\">\r\n                        <h3 class=\"title-block\">Napredne funkcije za izbolj\u0161ano komunikacijo<\/h3>\r\n          \r\n                        <div class=\"text-block\">\r\n                <p>BAS-IP ponuja \u0161irok spekter edinstvenih lastnosti za svoj bolni\u0161ni\u010dni interkomski sistem, ki ga lo\u010dijo od konkurence. Nekatere od teh lastnosti vklju\u010dujejo HD video klice, nadzor dostopa in zdru\u017eljivost z razli\u010dnimi IP napravami, kar zagotavlja poenostavljeno komunikacijo in ve\u010djo varnost za medicinske ustanove.<\/p>\n              <\/div>\r\n                  <\/div>\r\n    <\/div>\r\n<\/div>\r\n                    <div class=\"features-item\" data-aos=\"fade-up\">\r\n    <div class=\"features-box\">\r\n                    <div class=\"image-holder\">\r\n                <img loading=\"lazy\" decoding=\"async\" width=\"350\" height=\"320\" src=\"https:\/\/bas-ip.com\/wp-content\/uploads\/2023\/04\/3-2-350x320.jpg\" class=\"attachment-thumbnail_350x320 size-thumbnail_350x320\" alt=\"\" \/>            <\/div>\r\n        \r\n        <div class=\"text-holder\">\r\n                        <h3 class=\"title-block\">Zmogljivosti interkoma \u010diste sobe<\/h3>\r\n          \r\n                        <div class=\"text-block\">\r\n                <p>\u010cisti prostori zahtevajo stroge higienske standarde, zato je bolni\u0161ni\u010dni interkomski sistem BAS-IP zasnovan tako, da izpolnjuje te zahteve. Interkom za \u010diste prostore zagotavlja, da komunikacija med zdravstvenimi delavci ostane neprekinjena, ne da bi ogrozila sterilnost in varnost teh specializiranih okolij.<\/p>\n              <\/div>\r\n                  <\/div>\r\n    <\/div>\r\n<\/div>\r\n            <\/div>\r\n<\/section>\r\n<!-- END Block Features -->\n\n\n<h2 class=\"wp-block-heading\"><strong>Visokokakovostne komponente strojne opreme BAS-IP<\/strong><\/h2>\n\n\n<!-- START Block Features --><section id=\"block_64304f888b5e8\" class=\"features-section\">\r\n\t\r\n    <div class=\"features-list\">\r\n                    <div class=\"features-item\" data-aos=\"fade-up\">\r\n    <div class=\"features-box\">\r\n                    <div class=\"image-holder\">\r\n                <img loading=\"lazy\" decoding=\"async\" width=\"350\" height=\"320\" src=\"https:\/\/bas-ip.com\/wp-content\/uploads\/2023\/04\/4-2-350x320.jpg\" class=\"attachment-thumbnail_350x320 size-thumbnail_350x320\" alt=\"\" \/>            <\/div>\r\n        \r\n        <div class=\"text-holder\">\r\n                        <h3 class=\"title-block\">AV-04AFD \u2013 Najbolj\u0161a interkom naprava<\/h3>\r\n          \r\n                        <div class=\"text-block\">\r\n                <p>AV-04AFD je vsestranska interkomska naprava, zasnovana za zagotavljanje vrhunskih zmogljivosti v medicinskih ustanovah. S svojimi zmogljivostmi HD avdio klicev, integracijo nadzora dostopa in zdru\u017eljivostjo z razli\u010dnimi IP napravami ponuja brezkonkuren\u010dne lastnosti komunikacije in varnosti v elegantni in moderni obliki.<\/p>\n              <\/div>\r\n                  <\/div>\r\n    <\/div>\r\n<\/div>\r\n                    <div class=\"features-item\" data-aos=\"fade-up\">\r\n    <div class=\"features-box\">\r\n                    <div class=\"image-holder\">\r\n                <img loading=\"lazy\" decoding=\"async\" width=\"350\" height=\"320\" src=\"https:\/\/bas-ip.com\/wp-content\/uploads\/2023\/04\/5-3-350x320.jpg\" class=\"attachment-thumbnail_350x320 size-thumbnail_350x320\" alt=\"\" \/>            <\/div>\r\n        \r\n        <div class=\"text-holder\">\r\n                        <h3 class=\"title-block\">AM-02 \u2013 U\u010dinkovit terminal Consierge<\/h3>\r\n          \r\n                        <div class=\"text-block\">\r\n                <p>Konzicijarni terminal AM-02 zagotavlja jasno in zanesljivo komunikacijo med zdravstvenimi delavci. Ta enostavna naprava za namestitev se lahko brezskrbno integrira v bolni\u0161ni\u010dni interkomski sistem, kar omogo\u010da u\u010dinkovito in stro\u0161kovno ugodno re\u0161itev za medicinske ustanove.<\/p>\n              <\/div>\r\n                  <\/div>\r\n    <\/div>\r\n<\/div>\r\n                    <div class=\"features-item\" data-aos=\"fade-up\">\r\n    <div class=\"features-box\">\r\n                    <div class=\"image-holder\">\r\n                <img loading=\"lazy\" decoding=\"async\" width=\"350\" height=\"320\" src=\"https:\/\/bas-ip.com\/wp-content\/uploads\/2023\/04\/6-2-350x320.jpg\" class=\"attachment-thumbnail_350x320 size-thumbnail_350x320\" alt=\"\" \/>            <\/div>\r\n        \r\n        <div class=\"text-holder\">\r\n                        <h3 class=\"title-block\">SH-31TM &#8211; Temperaturni modul vhodne plo\u0161\u010de<\/h3>\r\n          \r\n                        <div class=\"text-block\">\r\n                <p>Modul za temperaturo vratnega interkoma z brezsti\u010dnim merjenjem temperature zapestja je klju\u010dni del bolni\u0161ni\u010dnega interkomskega sistema. Ta inovativna naprava zdru\u017euje funkcije nadzora dostopa in zdravstvenega pregleda, da zagotovi varno in za\u0161\u010diteno okolje tako za paciente kot za osebje v zdravstvenih ustanovah.<\/p>\n              <\/div>\r\n                  <\/div>\r\n    <\/div>\r\n<\/div>\r\n            <\/div>\r\n<\/section>\r\n<!-- END Block Features -->\n\n<!-- START Block FAQ --><section id=\"block_642163c6f4e28\" class=\"faq-section\">\r\n\t\t    <h2 class=\"title-section\" data-aos=\"fade-right\">Pogosto zastavljena vpra\u0161anja (FAQ)<\/h2>\r\n\t\t\t    <div class=\"faq-list js-accordion\" data-aos=\"fade-up\">\r\n\t\t\t\t\t\t\t\t\t\t\t    <div class=\"accordion-item faq-item\">\r\n                        <div class=\"accordion-opener\">\r\n                            Q: Kako bolni\u0161ni\u010dni interkom sistem BAS-IP izbolj\u0161a u\u010dinkovitost zdravstvenih ustanov?                            <i class=\"fa-solid fa-chevron-down\"><\/i>\r\n                        <\/div>\r\n                        <div class=\"accordion-slide\">\r\n\t\t\t\t\t\t    <p>Bolni\u0161ni\u010dni interkomski sistem BAS-IP omogo\u010da zdravstvenim delavcem brezskrbno in varno komunikacijo, kar pove\u010duje splo\u0161no u\u010dinkovitost. Z integracijo naprednih funkcij, kot so HD avdio in video klici, nadzor dostopa ter zdru\u017eljivost z razli\u010dnimi IP napravami, sistem poenostavi komunikacijo in zmanj\u0161a odzivni \u010das v kriti\u010dnih situacijah.<\/p>\n                        <\/div>\r\n\t\t\t\t\t<\/div>\r\n\t\t\t\t\t\t\t\t\t\t\t\t\t\t\t    <div class=\"accordion-item faq-item\">\r\n                        <div class=\"accordion-opener\">\r\n                            Q: Ali je mogo\u010de bolni\u0161ni\u010dni domofonski sistem BAS-IP prilagoditi zahtevam dolo\u010dene zdravstvene ustanove?                            <i class=\"fa-solid fa-chevron-down\"><\/i>\r\n                        <\/div>\r\n                        <div class=\"accordion-slide\">\r\n\t\t\t\t\t\t    <p>Da, bolni\u0161ni\u010dni interkomski sistem BAS-IP se lahko prilagodi specifi\u010dnim potrebam medicinske ustanove. Njegova zdru\u017eljivost z razli\u010dnimi IP napravami in brezskrbna integracija z IP lokalnimi omre\u017eji zagotavljata, da se sistem lahko prilagodi in zagotovi najbolj u\u010dinkovito in u\u010dinkovito komunikacijsko re\u0161itev za va\u0161o ustanovo.<\/p>\n                        <\/div>\r\n\t\t\t\t\t<\/div>\r\n\t\t\t\t\t\t\t\t\t\t\t\t\t\t\t    <div class=\"accordion-item faq-item\">\r\n                        <div class=\"accordion-opener\">\r\n                            Q: Zakaj je domofon za \u010diste sobe BAS-IP primeren za sterilna okolja?                            <i class=\"fa-solid fa-chevron-down\"><\/i>\r\n                        <\/div>\r\n                        <div class=\"accordion-slide\">\r\n\t\t\t\t\t\t    <p>Interkom BAS-IP za \u010diste prostore je zasnovan tako, da izpolnjuje stroge higienske standarde, ki so potrebni v sterilnih okoljih. Sistem zagotavlja neprekinjeno komunikacijo, ne da bi ogrozil sterilnost in varnost \u010distih prostorov, zaradi \u010desar je idealna izbira za medicinske ustanove s strogimi higienskimi zahtevami.<\/p>\n                        <\/div>\r\n\t\t\t\t\t<\/div>\r\n\t\t\t\t\t\t\t\t\t\t\t\t\t\t\t    <div class=\"accordion-item faq-item\">\r\n                        <div class=\"accordion-opener\">\r\n                            Q: Kako enostavno je namestiti in vzdr\u017eevati bolni\u0161ni\u010dni domofonski sistem BAS-IP?                            <i class=\"fa-solid fa-chevron-down\"><\/i>\r\n                        <\/div>\r\n                        <div class=\"accordion-slide\">\r\n\t\t\t\t\t\t    <p>Bolni\u0161ni\u010dni interkomski sistem BAS-IP je zasnovan za enostavno namestitev in vzdr\u017eevanje. Brezskrbna integracija sistema z IP lokalnimi omre\u017eji poenostavi postopek namestitve, medtem ko visoko kakovostne strojne komponente, kot sta AV-04AFD in AM-02, zagotavljajo zanesljivost in trajnost za dolgoro\u010dno uporabo.<\/p>\n                        <\/div>\r\n\t\t\t\t\t<\/div>\r\n\t\t\t\t\t\t\t\t\t<\/div>\r\n\t<\/section>\r\n<!-- END Block FAQ -->\n\n\n<p>Bolni\u0161ni\u010dni interkomski sistem BAS-IP ponuja napredno komunikacijsko re\u0161itev za medicinske ustanove, ki izbolj\u0161a u\u010dinkovitost, varnost in higieno. Nadgradite na bolni\u0161ni\u010dni interkomski sistem BAS-IP \u0161e danes in izkusite razliko v komunikaciji in delovanju va\u0161e zdravstvene ustanove.<\/p>","protected":false},"excerpt":{"rendered":"<p>Bolni\u0161ni\u010dni domofonski sistem BAS-IP &#8211; Elevate Patient Care Medicinska industrija se nenehno razvija, da bi pacientom zagotovila najbolj\u0161o mo\u017eno oskrbo. Ker komunikacija igra klju\u010dno vlogo pri zagotavljanju u\u010dinkovitih in varnih medicinskih storitev, je nadgradnja na vrhunski bolni\u0161ni\u0161ki interkomski sistem nujna. Inovativni medicinski interkomski sistemi BAS-IP, zasnovani posebej za \u010diste prostore in medicinske ustanove, prina\u0161ajo neprekosljivo [&hellip;]<\/p>","protected":false},"author":1,"featured_media":0,"parent":0,"menu_order":0,"comment_status":"closed","ping_status":"closed","template":"","meta":{"inline_featured_image":false,"footnotes":""},"class_list":["post-133970","page","type-page","status-publish","hentry"],"acf":[],"_links":{"self":[{"href":"https:\/\/bas-ip.com\/sl\/wp-json\/wp\/v2\/pages\/133970","targetHints":{"allow":["GET"]}}],"collection":[{"href":"https:\/\/bas-ip.com\/sl\/wp-json\/wp\/v2\/pages"}],"about":[{"href":"https:\/\/bas-ip.com\/sl\/wp-json\/wp\/v2\/types\/page"}],"author":[{"embeddable":true,"href":"https:\/\/bas-ip.com\/sl\/wp-json\/wp\/v2\/users\/1"}],"replies":[{"embeddable":true,"href":"https:\/\/bas-ip.com\/sl\/wp-json\/wp\/v2\/comments?post=133970"}],"version-history":[{"count":4,"href":"https:\/\/bas-ip.com\/sl\/wp-json\/wp\/v2\/pages\/133970\/revisions"}],"predecessor-version":[{"id":134061,"href":"https:\/\/bas-ip.com\/sl\/wp-json\/wp\/v2\/pages\/133970\/revisions\/134061"}],"wp:attachment":[{"href":"https:\/\/bas-ip.com\/sl\/wp-json\/wp\/v2\/media?parent=133970"}],"curies":[{"name":"wp","href":"https:\/\/api.w.org\/{rel}","templated":true}]}}