{"id":133789,"date":"2023-03-27T16:07:41","date_gmt":"2023-03-27T16:07:41","guid":{"rendered":"https:\/\/bas-ip.com\/gates\/"},"modified":"2025-03-19T10:47:17","modified_gmt":"2025-03-19T10:47:17","slug":"gates","status":"publish","type":"page","link":"https:\/\/bas-ip.com\/sl\/gates\/","title":{"rendered":"Vrata"},"content":{"rendered":"<h1 class=\"wp-block-heading\"><strong>Sistem domofona za vrata: Izbolj\u0161ajte svojo varnost<\/strong><\/h1>\n\n\n\n<p>Dobrodo\u0161li v prihodnost upravljanja dostopa do nepremi\u010dnin, kjer se zdru\u017eujejo udobje, varnost in najsodobnej\u0161a tehnologija. Z domofonskim sistemom BAS-IP za vrata boste do\u017eiveli neprimerljivo kontrolo nad dostopnimi to\u010dkami va\u0161e nepremi\u010dnine. Ne glede na to, ali gre za stanovanjsko hi\u0161o, stanovanjski kompleks ali poslovni objekt, na\u0161i domofoni za vrata ponujajo edinstvene funkcije, prilagojene va\u0161im potrebam. Predstavili vam bomo klju\u010dne zna\u010dilnosti in prednosti domofonskega sistema BAS-IP za vrata ter vam zagotovili vse informacije, ki jih potrebujete za sprejemanje informirane odlo\u010ditve.<\/p>\n\n\n\n<h2 class=\"wp-block-heading\"><strong>Zakaj izbrati domofonski sistem BAS-IP?<\/strong><\/h2>\n\n\n\n<p>Domofonski sistemi BAS-IP za vrata ponujajo \u0161tevilne funkcije, ki jih lo\u010dujejo od tradicionalnih domofonov za vrata. Tukaj so nekatere klju\u010dne prednosti izbire domofonskega sistema BAS-IP za vhodna vrata:<\/p>\n\n\n<!-- START Block Features --><section id=\"block_6430528dc3f3e\" class=\"features-section\">\r\n\t\r\n    <div class=\"features-list\">\r\n                    <div class=\"features-item\" data-aos=\"fade-up\">\r\n    <div class=\"features-box\">\r\n                    <div class=\"image-holder\">\r\n                <img loading=\"lazy\" decoding=\"async\" width=\"350\" height=\"320\" src=\"https:\/\/bas-ip.com\/wp-content\/uploads\/2023\/04\/1-3-350x320.jpg\" class=\"attachment-thumbnail_350x320 size-thumbnail_350x320\" alt=\"\" \/>            <\/div>\r\n        \r\n        <div class=\"text-holder\">\r\n                        <h3 class=\"title-block\">Brezhibna integracija v lokalno IP omre\u017eje<\/h3>\r\n          \r\n                        <div class=\"text-block\">\r\n                <p>Domofonski sistemi BAS-IP za vrata so zasnovani za nemoteno delovanje znotraj istega lokalnega IP omre\u017eja, kar omogo\u010da enostavno namestitev in konfiguracijo. Ta brezhibna integracija vam omogo\u010da preprosto vklju\u010ditev domofonskega sistema v obstoje\u010do omre\u017eno infrastrukturo, s \u010dimer zmanj\u0161ate te\u017eave s kompatibilnostjo in poenostavite celoten proces.<\/p>\n              <\/div>\r\n                  <\/div>\r\n    <\/div>\r\n<\/div>\r\n                    <div class=\"features-item\" data-aos=\"fade-up\">\r\n    <div class=\"features-box\">\r\n                    <div class=\"image-holder\">\r\n                <img loading=\"lazy\" decoding=\"async\" width=\"350\" height=\"320\" src=\"https:\/\/bas-ip.com\/wp-content\/uploads\/2023\/04\/2-3-350x320.jpg\" class=\"attachment-thumbnail_350x320 size-thumbnail_350x320\" alt=\"\" \/>            <\/div>\r\n        \r\n        <div class=\"text-holder\">\r\n                        <h3 class=\"title-block\">Povezljivost na dolge razdalje<\/h3>\r\n          \r\n                        <div class=\"text-block\">\r\n                <p>Ena izmed izstopajo\u010dih lastnosti domofonskih sistemov BAS-IP za vrata je njihova sposobnost delovanja na dolge razdalje. To jih naredi idealno izbiro za velike nepremi\u010dnine, obse\u017ene stanovanjske komplekse ali poslovne objekte, kjer so dostopne to\u010dke razpr\u0161ene. Z re\u0161itvami domofonov BAS-IP za vrata lahko ohranite varno komunikacijo in nadzor nad celotno nepremi\u010dnino, ne glede na razdaljo.<\/p>\n              <\/div>\r\n                  <\/div>\r\n    <\/div>\r\n<\/div>\r\n                    <div class=\"features-item\" data-aos=\"fade-up\">\r\n    <div class=\"features-box\">\r\n                    <div class=\"image-holder\">\r\n                <img loading=\"lazy\" decoding=\"async\" width=\"350\" height=\"320\" src=\"https:\/\/bas-ip.com\/wp-content\/uploads\/2023\/04\/3-3-350x320.jpg\" class=\"attachment-thumbnail_350x320 size-thumbnail_350x320\" alt=\"\" \/>            <\/div>\r\n        \r\n        <div class=\"text-holder\">\r\n                        <h3 class=\"title-block\">Nadzor vrat preko ra\u010dunalnika<\/h3>\r\n          \r\n                        <div class=\"text-block\">\r\n                <p>Domofonski sistemi BAS-IP za vrata omogo\u010dajo prilagodljivost pri odpiranju in upravljanju vrat neposredno z ra\u010dunalnika. To pomeni, da lahko dostop nadzorujete na daljavo in udobno, brez potrebe po namenskem fizi\u010dnem vmesniku. Ne glede na to, ali ste doma ali v pisarni, boste imeli popoln nadzor nad dostopnimi to\u010dkami va\u0161e nepremi\u010dnine na dosegu roke.<\/p>\n              <\/div>\r\n                  <\/div>\r\n    <\/div>\r\n<\/div>\r\n                    <div class=\"features-item\" data-aos=\"fade-up\">\r\n    <div class=\"features-box\">\r\n                    <div class=\"image-holder\">\r\n                <img loading=\"lazy\" decoding=\"async\" width=\"350\" height=\"320\" src=\"https:\/\/bas-ip.com\/wp-content\/uploads\/2023\/04\/4-3-350x320.jpg\" class=\"attachment-thumbnail_350x320 size-thumbnail_350x320\" alt=\"\" \/>            <\/div>\r\n        \r\n        <div class=\"text-holder\">\r\n                        <h3 class=\"title-block\">Modul z dvojnim zaklepanjem za upravljanje ve\u010d vrat<\/h3>\r\n          \r\n                        <div class=\"text-block\">\r\n                <p>Modul z dvojnim zaklepanjem BAS-IP SH-42 omogo\u010da hkratno upravljanje dveh vrat z enim samim domofonskim sistemom za vrata. Ta funkcija je idealna za nepremi\u010dnine z ve\u010d dostopnimi to\u010dkami ali lo\u010denimi pe\u0161 in vozni\u0161kimi vhodi, saj omogo\u010da u\u010dinkovito upravljanje vseh vrat z enega centraliziranega sistema.<\/p>\n              <\/div>\r\n                  <\/div>\r\n    <\/div>\r\n<\/div>\r\n                    <div class=\"features-item\" data-aos=\"fade-up\">\r\n    <div class=\"features-box\">\r\n                    <div class=\"image-holder\">\r\n                <img loading=\"lazy\" decoding=\"async\" width=\"350\" height=\"320\" src=\"https:\/\/bas-ip.com\/wp-content\/uploads\/2023\/04\/5-4-350x320.jpg\" class=\"attachment-thumbnail_350x320 size-thumbnail_350x320\" alt=\"\" \/>            <\/div>\r\n        \r\n        <div class=\"text-holder\">\r\n                        <h3 class=\"title-block\">Integracija z obstoje\u010dimi IP CCTV sistemi<\/h3>\r\n          \r\n                        <div class=\"text-block\">\r\n                <p>Domofonski video sistemi BAS-IP za vrata se lahko enostavno integrirajo z obstoje\u010do IP CCTV infrastrukturo. To vam omogo\u010da spremljanje in nadzor dostopnih to\u010dk va\u0161e nepremi\u010dnine z istim vmesnikom, kot ga uporabljate za varnostne kamere, kar poenostavi upravljanje varnosti in pove\u010duje splo\u0161no u\u010dinkovitost.<\/p>\n              <\/div>\r\n                  <\/div>\r\n    <\/div>\r\n<\/div>\r\n                    <div class=\"features-item\" data-aos=\"fade-up\">\r\n    <div class=\"features-box\">\r\n                    <div class=\"image-holder\">\r\n                <img loading=\"lazy\" decoding=\"async\" width=\"350\" height=\"320\" src=\"https:\/\/bas-ip.com\/wp-content\/uploads\/2023\/04\/6-3-350x320.jpg\" class=\"attachment-thumbnail_350x320 size-thumbnail_350x320\" alt=\"\" \/>            <\/div>\r\n        \r\n        <div class=\"text-holder\">\r\n                        <h3 class=\"title-block\">Integracija prepoznavanja registrskih tablic<\/h3>\r\n          \r\n                        <div class=\"text-block\">\r\n                <p>Vhodni paneli BAS-IP se lahko integrirajo s kamerami za prepoznavanje registrskih tablic, kar omogo\u010da avtomatizacijo dostopa za predhodno poobla\u0161\u010dena vozila. Ta napredna funkcija pomembno pove\u010duje varnost in udobje z avtomatskim odpiranjem ovir za poobla\u0161\u010dena vozila, zmanj\u0161anjem \u010dakalnih \u010dasov in zmanj\u0161anjem potrebe po ro\u010dnem nadzoru dostopa.<\/p>\n              <\/div>\r\n                  <\/div>\r\n    <\/div>\r\n<\/div>\r\n            <\/div>\r\n<\/section>\r\n<!-- END Block Features -->\n\n\n<h2 class=\"wp-block-heading\"><strong>Zdru\u017eljiv z razli\u010dnimi vrstami vrat<\/strong><\/h2>\n\n\n\n<p>Domofonski sistemi BAS-IP za vrata se lahko integrirajo z razli\u010dnimi mehanizmi vrat, kar uporabnikom zagotavlja brezskrbno izku\u0161njo komunikacije:<\/p>\n\n\n\n<ol class=\"wp-block-list\">\n<li><strong>Vrata na nihaj:<\/strong> Ta vrata se odpirajo in zapirajo z nihajnim gibanjem, bodisi navznoter bodisi navzven. So priljubljena v stanovanjskih in komercialnih objektih zaradi svojega klasi\u010dnega videza in enostavne uporabe.<\/li>\n\n\n\n<li><strong>Drsna vrata:<\/strong> Pogosto uporabljena v komercialnih in industrijskih okoljih, drsna vrata se premikajo horizontalno po tirnici, da se odprejo in zaprejo.<\/li>\n\n\n\n<li><strong>Ovira vrata:<\/strong> Pogosto najdemo v parkiri\u0161\u010dih in obmo\u010djih z nadzorovanim dostopom, ovira vrata uporabljajo vertikalno roko za nadzor vstopa in izstopa.<\/li>\n\n\n\n<li><strong>Bi-folding vrata:<\/strong> Ta vrata so sestavljena iz dveh panelov, ki se zlo\u017eijo skupaj, ko se odpirajo, kar prihrani prostor in zagotavlja eleganten videz.<\/li>\n\n\n\n<li><strong>Vertikalna dvigalka vrata:<\/strong> Obi\u010dajno uporabljena v obmo\u010djih z visoko varnostjo, vertikalna dvigalka vrata se premikajo navzgor in navzdol, da se odprejo in zaprejo.<\/li>\n\n\n\n<li><strong>Turnstili:<\/strong> Pogosti v javnih prevoznih vozli\u0161\u010dih in nekaterih komercialnih stavbah, turnstili nadzorujejo dostop z omogo\u010danjem, da skozi preide le ena oseba naenkrat.<\/li>\n\n\n\n<li><strong>Pe\u0161 vrata: <\/strong>Ta vrata so zasnovana posebej za pe\u0161ce in jih najdemo v razli\u010dnih okoljih, kot so stanovanjske skupnosti, parki ali komercialni kompleksi.<\/li>\n<\/ol>\n\n\n\n<p>Prilagodljivost domofonskega sistema BAS-IP ga naredi idealno izbiro za \u0161irok spekter vrst vrat, kar zagotavlja u\u010dinkovito in varno kontrolo dostopa za stanovanjske, komercialne in industrijske nepremi\u010dnine.<\/p>\n\n\n\n<h2 class=\"wp-block-heading\"><strong>Razumevanje sestavnih delov sistema BAS-IP domofona za vrata<\/strong><\/h2>\n\n\n\n<p>Sistemi BAS-IP domofona za vrata sestojijo iz treh glavnih komponent, ki vsaka igra klju\u010dno vlogo pri ustvarjanju celovitega in u\u010dinkovitega sistema za vstop na vrata:<\/p>\n\n\n<!-- START Block Features --><section id=\"block_643053d1c3f45\" class=\"features-section\">\r\n\t\r\n    <div class=\"features-list\">\r\n                    <div class=\"features-item\" data-aos=\"fade-up\">\r\n    <div class=\"features-box\">\r\n                    <div class=\"image-holder\">\r\n                <img loading=\"lazy\" decoding=\"async\" width=\"350\" height=\"320\" src=\"https:\/\/bas-ip.com\/wp-content\/uploads\/2023\/04\/7-1-350x320.jpg\" class=\"attachment-thumbnail_350x320 size-thumbnail_350x320\" alt=\"\" \/>            <\/div>\r\n        \r\n        <div class=\"text-holder\">\r\n                        <h3 class=\"title-block\">IP domofonski vhodni paneli<\/h3>\r\n          \r\n                        <div class=\"text-block\">\r\n                <p>Vhodni paneli BAS-IP za domofon so glavni vmesnik za va\u0161 sistem domofona za vrata. Zasnovani so tako, da so trpe\u017eni, odporni na vremenske vplive in enostavni za uporabo. Na voljo so v razli\u010dnih oblikah in zaklju\u010dkih, ki jih je mogo\u010de prilagoditi estetiki va\u0161e nepremi\u010dnine. Z vgrajenimi kamerami, mikrofoni in zvo\u010dniki omogo\u010dajo paneli BAS-IP kristalno jasno avdio in video komunikacijo med obiskovalcem ter prebivalcem ali varnostnim osebjem.<\/p>\n              <\/div>\r\n                  <\/div>\r\n    <\/div>\r\n<\/div>\r\n                    <div class=\"features-item\" data-aos=\"fade-up\">\r\n    <div class=\"features-box\">\r\n                    <div class=\"image-holder\">\r\n                <img loading=\"lazy\" decoding=\"async\" width=\"350\" height=\"320\" src=\"https:\/\/bas-ip.com\/wp-content\/uploads\/2023\/04\/8-1-350x320.jpg\" class=\"attachment-thumbnail_350x320 size-thumbnail_350x320\" alt=\"\" \/>            <\/div>\r\n        \r\n        <div class=\"text-holder\">\r\n                        <h3 class=\"title-block\">Video telefoni<\/h3>\r\n          \r\n                        <div class=\"text-block\">\r\n                <p>Video telefoni BAS-IP slu\u017eijo kot notranji vmesnik za va\u0161 domofonski sistem, ki vam omogo\u010da, da vidite in komunicirate z obiskovalci na va\u0161ih vratih. Te naprave ponujajo visoko kakovostno video in avdio komunikacijo, kar vam omogo\u010da, da jasno prepoznate in se pogovarjate z obiskovalci, preden jim omogo\u010dite dostop do va\u0161e nepremi\u010dnine.<\/p>\n              <\/div>\r\n                  <\/div>\r\n    <\/div>\r\n<\/div>\r\n                    <div class=\"features-item\" data-aos=\"fade-up\">\r\n    <div class=\"features-box\">\r\n                    <div class=\"image-holder\">\r\n                <img loading=\"lazy\" decoding=\"async\" width=\"350\" height=\"320\" src=\"https:\/\/bas-ip.com\/wp-content\/uploads\/2023\/04\/9-1-350x320.jpg\" class=\"attachment-thumbnail_350x320 size-thumbnail_350x320\" alt=\"\" \/>            <\/div>\r\n        \r\n        <div class=\"text-holder\">\r\n                        <h3 class=\"title-block\">POE stikala<\/h3>\r\n          \r\n                        <div class=\"text-block\">\r\n                <p>Stikala Power over Ethernet (POE) so klju\u010dna komponenta sistema BAS-IP domofona za elektri\u010dna vrata. Omogo\u010dajo tako napajanje kot tudi podatkovno povezljivost za va\u0161e domofonske naprave z uporabo enega samega Ethernet kabla. To poenostavi namestitev, zmanj\u0161a zmedo kablov in zagotovi zanesljivo ter hitro povezavo med komponentami va\u0161ega sistema za domofon na vratih.<\/p>\n              <\/div>\r\n                  <\/div>\r\n    <\/div>\r\n<\/div>\r\n            <\/div>\r\n<\/section>\r\n<!-- END Block Features -->\n\n<!-- START Block FAQ --><section id=\"block_6421c0e7ae86e\" class=\"faq-section\">\r\n\t\t    <h2 class=\"title-section\" data-aos=\"fade-right\">Pogosto zastavljena vpra\u0161anja (FAQ)<\/h2>\r\n\t\t\t    <div class=\"faq-list js-accordion\" data-aos=\"fade-up\">\r\n\t\t\t\t\t\t\t\t\t\t\t    <div class=\"accordion-item faq-item\">\r\n                        <div class=\"accordion-opener\">\r\n                            Q: Ali lahko uporabljam domofonski sistem BAS-IP z mojim obstoje\u010dim lokalnim omre\u017ejem IP?                            <i class=\"fa-solid fa-chevron-down\"><\/i>\r\n                        <\/div>\r\n                        <div class=\"accordion-slide\">\r\n\t\t\t\t\t\t    <p>Da, sistemi BAS-IP domofonov za vrata so zasnovani za brezskrbno delovanje znotraj va\u0161ega obstoje\u010dega IP lokalnega omre\u017eja, kar omogo\u010da enostavno in brezskrbno integracijo.<\/p>\n                        <\/div>\r\n\t\t\t\t\t<\/div>\r\n\t\t\t\t\t\t\t\t\t\t\t\t\t\t\t    <div class=\"accordion-item faq-item\">\r\n                        <div class=\"accordion-opener\">\r\n                            Q: Kako se domofonski sistemi BAS-IP za vrata obnesejo na velikih razdaljah?                            <i class=\"fa-solid fa-chevron-down\"><\/i>\r\n                        <\/div>\r\n                        <div class=\"accordion-slide\">\r\n\t\t\t\t\t\t    <p>Sistemi BAS-IP domofonov za vrata so zasnovani za u\u010dinkovito delovanje na dolge razdalje, kar jih naredi idealno izbiro za nepremi\u010dnine z razpr\u0161enimi dostopnimi to\u010dkami ali velikimi objekti.<\/p>\n                        <\/div>\r\n\t\t\t\t\t<\/div>\r\n\t\t\t\t\t\t\t\t\t\t\t\t\t\t\t    <div class=\"accordion-item faq-item\">\r\n                        <div class=\"accordion-opener\">\r\n                            Q: Kako lahko svoj video domofon z vrati BAS-IP integriram z obstoje\u010dim sistemom IP CCTV?                            <i class=\"fa-solid fa-chevron-down\"><\/i>\r\n                        <\/div>\r\n                        <div class=\"accordion-slide\">\r\n\t\t\t\t\t\t    <p>Sistemi BAS-IP domofonov za vrata se lahko enostavno integrirajo z va\u0161o obstoje\u010do IP CCTV infrastrukturo, kar vam omogo\u010da, da upravljate in spremljate dostopne to\u010dke va\u0161e nepremi\u010dnine z istim vmesnikom, ki ga uporabljate za varnostne kamere.<\/p>\n                        <\/div>\r\n\t\t\t\t\t<\/div>\r\n\t\t\t\t\t\t\t\t\t\t\t\t\t\t\t    <div class=\"accordion-item faq-item\">\r\n                        <div class=\"accordion-opener\">\r\n                            Q: Ali je mo\u017eno krmiliti ve\u010d vrat z eno domofonsko napravo BAS-IP?                            <i class=\"fa-solid fa-chevron-down\"><\/i>\r\n                        <\/div>\r\n                        <div class=\"accordion-slide\">\r\n\t\t\t\t\t\t    <p>Da, z modulom BAS-IP SH-42 z dvojnim zaklepanjem lahko hkrati upravljate z dvema vrati z enim samim domofonskim sistemom za vrata. Ta funkcija je idealna za nepremi\u010dnine z ve\u010d dostopnimi to\u010dkami ali lo\u010denimi pe\u0161 in vozni\u0161kimi vhodi.<\/p>\n                        <\/div>\r\n\t\t\t\t\t<\/div>\r\n\t\t\t\t\t\t\t\t\t<\/div>\r\n\t<\/section>\r\n<!-- END Block FAQ -->\n\n\n<p>Sistemi BAS-IP domofonov za vrata ponujajo popolno me\u0161anico udobja, varnosti in napredne tehnologije za neprimerljiv nadzor dostopa do va\u0161e nepremi\u010dnine. Z edinstvenimi funkcijami, kot so brezskrbna integracija v IP lokalno omre\u017eje, povezljivost na dolge razdalje, nadzor vrat preko ra\u010dunalnika, funkcionalnost modula z dvojnim zaklepanjem, integracija z IP CCTV sistemi in zdru\u017eljivost s kamerami za prepoznavanje registrskih tablic, so sistemi BAS-IP domofonov za vrata izjemna izbira za vsakogar, ki \u017eeli izbolj\u0161ati upravljanje dostopa.<\/p>\n\n\n\n<p>Z izbiro BAS-IP sistema za vhodna vrata vlagate v re\u0161itev, ki se bo enostavno prilagodila va\u0161im potrebam, rasla z va\u0161o nepremi\u010dnino in vam zagotavljala mirnost, saj boste vedeli, da je va\u0161a nepremi\u010dnina varna in dostopna le tistim, ki jim zaupate. Do\u017eivite razliko, ki jo lahko sistem BAS-IP za vrata prinese va\u0161i nepremi\u010dnini \u017ee danes.<\/p>","protected":false},"excerpt":{"rendered":"<p>Sistem domofona za vrata: Izbolj\u0161ajte svojo varnost Dobrodo\u0161li v prihodnost upravljanja dostopa do nepremi\u010dnin, kjer se zdru\u017eujejo udobje, varnost in najsodobnej\u0161a tehnologija. Z domofonskim sistemom BAS-IP za vrata boste do\u017eiveli neprimerljivo kontrolo nad dostopnimi to\u010dkami va\u0161e nepremi\u010dnine. Ne glede na to, ali gre za stanovanjsko hi\u0161o, stanovanjski kompleks ali poslovni objekt, na\u0161i domofoni za vrata [&hellip;]<\/p>","protected":false},"author":1,"featured_media":0,"parent":0,"menu_order":0,"comment_status":"closed","ping_status":"closed","template":"","meta":{"inline_featured_image":false,"footnotes":""},"class_list":["post-133789","page","type-page","status-publish","hentry"],"acf":[],"_links":{"self":[{"href":"https:\/\/bas-ip.com\/sl\/wp-json\/wp\/v2\/pages\/133789","targetHints":{"allow":["GET"]}}],"collection":[{"href":"https:\/\/bas-ip.com\/sl\/wp-json\/wp\/v2\/pages"}],"about":[{"href":"https:\/\/bas-ip.com\/sl\/wp-json\/wp\/v2\/types\/page"}],"author":[{"embeddable":true,"href":"https:\/\/bas-ip.com\/sl\/wp-json\/wp\/v2\/users\/1"}],"replies":[{"embeddable":true,"href":"https:\/\/bas-ip.com\/sl\/wp-json\/wp\/v2\/comments?post=133789"}],"version-history":[{"count":4,"href":"https:\/\/bas-ip.com\/sl\/wp-json\/wp\/v2\/pages\/133789\/revisions"}],"predecessor-version":[{"id":133914,"href":"https:\/\/bas-ip.com\/sl\/wp-json\/wp\/v2\/pages\/133789\/revisions\/133914"}],"wp:attachment":[{"href":"https:\/\/bas-ip.com\/sl\/wp-json\/wp\/v2\/media?parent=133789"}],"curies":[{"name":"wp","href":"https:\/\/api.w.org\/{rel}","templated":true}]}}