{"id":133508,"date":"2023-03-27T12:22:38","date_gmt":"2023-03-27T12:22:38","guid":{"rendered":"https:\/\/bas-ip.com\/school\/"},"modified":"2025-03-13T11:30:02","modified_gmt":"2025-03-13T11:30:02","slug":"school","status":"publish","type":"page","link":"https:\/\/bas-ip.com\/sl\/school\/","title":{"rendered":"\u0160ola"},"content":{"rendered":"<h1 class=\"wp-block-heading\"><strong>Domofonski sistemi za \u0161ole<\/strong><\/h1>\n\n\n\n<p>V dana\u0161njem svetu sta nemotena komunikacija in varnost bistveni sestavni deli vsake izobra\u017eevalne ustanove. U\u010dinkovit \u0161olski domofonski sistem ne le zagotavlja hitro komunikacijo, temve\u010d tudi izbolj\u0161uje varnost u\u010dencev, u\u010diteljev in osebja. Predstavljamo vam domofonski sistem BAS-IP za \u0161ole \u2013 vrhunsko re\u0161itev, ki zdru\u017euje robustno tehnologijo, inovativne funkcije in neprimerljivo zmogljivost. Ta \u010dlanek se poglablja v klju\u010dne lastnosti in prednosti domofonskih sistemov BAS-IP ter prikazuje, zakaj so najbolj\u0161a izbira za va\u0161o \u0161olo.<\/p>\n\n\n\n<h2 class=\"wp-block-heading\"><strong>Mo\u010d IP interkoma za \u0161ole<\/strong><\/h2>\n\n\n\n<h3 class=\"wp-block-heading\"><strong>\u017di\u010dni IP interkom sistem: vrhunska izbira<\/strong><\/h3>\n\n\n\n<p>Medtem ko brez\u017ei\u010dni domofonski sistemi ponujajo dolo\u010deno raven udobja, \u017ei\u010dni IP domofonski sistemi zagotavljajo vi\u0161jo raven zanesljivosti, varnosti in zmogljivosti. Z uporabo domofonskega sistema BAS-IP za \u0161ole vlagate v varno in stabilno re\u0161itev, ki zagotavlja neprekinjeno komunikacijo in nadzor.<\/p>\n\n\n\n<h3 class=\"wp-block-heading\"><strong>Celovita re\u0161itev za izobra\u017eevalne ustanove<\/strong><\/h3>\n\n\n\n<p>Domofonski sistem BAS-IP je zasnovan tako, da ustreza \u0161olam, kampusom in fakultetam. Brezhibno zdru\u017euje avdio panele, konzolne terminale in stikala POE, s \u010dimer ustvarja enotno komunikacijsko omre\u017eje, ki je tako u\u010dinkovito kot stro\u0161kovno u\u010dinkovito. S svojimi edinstvenimi funkcijami, kot je nadzor temperature na \u0161olskem vhodu, ta domofonski sistem zagotavlja izbolj\u0161ano varnost in udobje za vse uporabnike.<\/p>\n\n\n\n<h2 class=\"wp-block-heading\"><strong>Klju\u010dne komponente \u0161olskega domofonskega sistema BAS-IP<\/strong><\/h2>\n\n\n<!-- START Block Features --><section id=\"block_6430565dc8a2b\" class=\"features-section\">\r\n\t\r\n    <div class=\"features-list\">\r\n                    <div class=\"features-item\" data-aos=\"fade-up\">\r\n    <div class=\"features-box\">\r\n                    <div class=\"image-holder\">\r\n                <img loading=\"lazy\" decoding=\"async\" width=\"350\" height=\"320\" src=\"https:\/\/bas-ip.com\/wp-content\/uploads\/2023\/04\/1-4-350x320.jpg\" class=\"attachment-thumbnail_350x320 size-thumbnail_350x320\" alt=\"\" \/>            <\/div>\r\n        \r\n        <div class=\"text-holder\">\r\n                        <h3 class=\"title-block\">Zvo\u010dna plo\u0161\u010da BAS-IP AV-04AFD<\/h3>\r\n          \r\n                        <div class=\"text-block\">\r\n                <p>Avdio plo\u0161\u010da AV-04AFD je cenovno ugodna in bogata s funkcijami domofonska re\u0161itev, zasnovana posebej za izobra\u017eevalne ustanove. Omogo\u010da kristalno jasno komunikacijo med razli\u010dnimi obmo\u010dji \u0161ole, hkrati pa zagotavlja hiter nadzor dostopa.<\/p>\n              <\/div>\r\n                  <\/div>\r\n    <\/div>\r\n<\/div>\r\n                    <div class=\"features-item\" data-aos=\"fade-up\">\r\n    <div class=\"features-box\">\r\n                    <div class=\"image-holder\">\r\n                <img loading=\"lazy\" decoding=\"async\" width=\"350\" height=\"320\" src=\"https:\/\/bas-ip.com\/wp-content\/uploads\/2023\/04\/2-4-350x320.jpg\" class=\"attachment-thumbnail_350x320 size-thumbnail_350x320\" alt=\"\" \/>            <\/div>\r\n        \r\n        <div class=\"text-holder\">\r\n                        <h3 class=\"title-block\">BAS-IP AM-02 Concierge terminal<\/h3>\r\n          \r\n                        <div class=\"text-block\">\r\n                <p>Konzolni terminal AM-02 slu\u017ei kot osrednja nadzorna to\u010dka za celoten domofonski sistem, ki osebju omogo\u010da upravljanje klicev, nadzor vhodov in enostavno odobritev dostopa. Njegov uporabniku prijazen vmesnik ga naredi idealno izbiro za u\u010dinkovito komunikacijo in administracijo.<\/p>\n              <\/div>\r\n                  <\/div>\r\n    <\/div>\r\n<\/div>\r\n                    <div class=\"features-item\" data-aos=\"fade-up\">\r\n    <div class=\"features-box\">\r\n                    <div class=\"image-holder\">\r\n                <img loading=\"lazy\" decoding=\"async\" width=\"350\" height=\"320\" src=\"https:\/\/bas-ip.com\/wp-content\/uploads\/2023\/04\/3-4-350x320.jpg\" class=\"attachment-thumbnail_350x320 size-thumbnail_350x320\" alt=\"\" \/>            <\/div>\r\n        \r\n        <div class=\"text-holder\">\r\n                        <h3 class=\"title-block\">BAS-IP SH-20.16 16-portno POE stikalo<\/h3>\r\n          \r\n                        <div class=\"text-block\">\r\n                <p>16-portno stikalo POE SH-20.16 zagotavlja potrebno napajanje in povezljivost za domofonski sistem BAS-IP, s \u010dimer zagotavlja gladko in neprekinjeno delovanje po \u0161olskem kampusu.<\/p>\n              <\/div>\r\n                  <\/div>\r\n    <\/div>\r\n<\/div>\r\n                    <div class=\"features-item\" data-aos=\"fade-up\">\r\n    <div class=\"features-box\">\r\n                    <div class=\"image-holder\">\r\n                <img loading=\"lazy\" decoding=\"async\" width=\"350\" height=\"320\" src=\"https:\/\/bas-ip.com\/wp-content\/uploads\/2023\/04\/4-4-350x320.jpg\" class=\"attachment-thumbnail_350x320 size-thumbnail_350x320\" alt=\"\" \/>            <\/div>\r\n        \r\n        <div class=\"text-holder\">\r\n                        <h3 class=\"title-block\">Temperaturni model BAS-IP SH-31TM<\/h3>\r\n          \r\n                        <div class=\"text-block\">\r\n                <p>Temperaturni model SH-31TM je mogo\u010de namestiti na vhodu v \u0161olo, kar omogo\u010da spremljanje temperature v realnem \u010dasu in pomaga ohranjati zdravo okolje za u\u010dence, osebje in obiskovalce. Z dodajanjem te dodatne varnostne plasti lahko va\u0161a \u0161ola proaktivno obravnava morebitne zdravstvene te\u017eave in zagotovi dobro po\u010dutje vseh na kampusu.<\/p>\n              <\/div>\r\n                  <\/div>\r\n    <\/div>\r\n<\/div>\r\n                    <div class=\"features-item features-full-width\" data-aos=\"fade-up\">\r\n    <div class=\"features-box image-position-left\">\r\n                <div class=\"image-holder\">\r\n            <img loading=\"lazy\" decoding=\"async\" width=\"1\" height=\"1\" src=\"https:\/\/bas-ip.com\/wp-content\/uploads\/2023\/04\/school-1.svg\" class=\"attachment-thumbnail_350x320 size-thumbnail_350x320\" alt=\"\" \/>          <\/div>\r\n      \r\n      <div class=\"text-holder\">\r\n                        <h3 class=\"title-block\">Izkori\u0161\u010danje omre\u017eij IP za brezhibno integracijo<\/h3>\r\n          \r\n                        <div class=\"text-block\">\r\n                <p>Domofonski sistemi BAS-IP so zasnovani za brezhibno delovanje znotraj obstoje\u010dega IP lokalnega omre\u017eja va\u0161e \u0161ole, kar omogo\u010da enostavno namestitev in vzdr\u017eevanje. Ta integracija olaj\u0161a bolj\u0161o komunikacijo, nadzor dostopa in varnost v izobra\u017eevalni ustanovi.<\/p>\n              <\/div>\r\n                <\/div>\r\n    <\/div>\r\n<\/div>\r\n                    <div class=\"features-item features-full-width\" data-aos=\"fade-up\">\r\n    <div class=\"features-box image-position-right\">\r\n                <div class=\"image-holder\">\r\n            <img loading=\"lazy\" decoding=\"async\" width=\"1\" height=\"1\" src=\"https:\/\/bas-ip.com\/wp-content\/uploads\/2023\/04\/collage-1.svg\" class=\"attachment-thumbnail_350x320 size-thumbnail_350x320\" alt=\"\" \/>          <\/div>\r\n      \r\n      <div class=\"text-holder\">\r\n                        <h3 class=\"title-block\">Oddaljeni dostop in nadzor iz va\u0161ega ra\u010dunalnika<\/h3>\r\n          \r\n                        <div class=\"text-block\">\r\n                <p>Z naprednim domofonskim sistemom BAS-IP lahko \u0161olsko osebje preprosto uporablja svoje osebne ra\u010dunalnike za komunikacijo prek domofona, spremljanje vhodov in nadzor dostopa do vrat. Ta prilagodljivost omogo\u010da izbolj\u0161ane odzivne \u010dase in ve\u010djo u\u010dinkovitost pri upravljanju vsakodnevnih nalog in nujnih primerov.<\/p>\n              <\/div>\r\n                <\/div>\r\n    <\/div>\r\n<\/div>\r\n            <\/div>\r\n<\/section>\r\n<!-- END Block Features -->\n\n<!-- START Block FAQ --><section id=\"block_64218de5ac119\" class=\"faq-section\">\r\n\t\t    <h2 class=\"title-section\" data-aos=\"fade-right\">Pogosto zastavljena vpra\u0161anja<\/h2>\r\n\t\t\t    <div class=\"faq-list js-accordion\" data-aos=\"fade-up\">\r\n\t\t\t\t\t\t\t\t\t\t\t    <div class=\"accordion-item faq-item\">\r\n                        <div class=\"accordion-opener\">\r\n                            Q: Ali je domofonski sistem BAS-IP za \u0161ole enostavno integrirati v na\u0161o obstoje\u010do infrastrukturo?                            <i class=\"fa-solid fa-chevron-down\"><\/i>\r\n                        <\/div>\r\n                        <div class=\"accordion-slide\">\r\n\t\t\t\t\t\t    <p>Da, domofonski sistemi BAS-IP se lahko enostavno integrirajo v obstoje\u010de IP lokalno omre\u017eje va\u0161e \u0161ole, kar omogo\u010da nemoten in stro\u0161kovno u\u010dinkovit postopek namestitve.<\/p>\n                        <\/div>\r\n\t\t\t\t\t<\/div>\r\n\t\t\t\t\t\t\t\t\t\t\t\t\t\t\t    <div class=\"accordion-item faq-item\">\r\n                        <div class=\"accordion-opener\">\r\n                            Q: Kako domofonski sistem BAS-IP zagotavlja varnost na\u0161ih \u0161tudentov in zaposlenih?                            <i class=\"fa-solid fa-chevron-down\"><\/i>\r\n                        <\/div>\r\n                        <div class=\"accordion-slide\">\r\n\t\t\t\t\t\t    <p>Domofonski sistem BAS-IP ponuja \u0161tevilne varnostne funkcije, kot so nadzor temperature na vhodih, hiter nadzor dostopa in mo\u017enost spremljanja ter upravljanja komunikacije in dostopa do vrat z va\u0161ega osebnega ra\u010dunalnika, kar zagotavlja varno okolje za vse.<\/p>\n                        <\/div>\r\n\t\t\t\t\t<\/div>\r\n\t\t\t\t\t\t\t\t\t\t\t\t\t\t\t    <div class=\"accordion-item faq-item\">\r\n                        <div class=\"accordion-opener\">\r\n                            Q: Ali je domofonski sistem BAS-IP kompatibilen z drugimi komunikacijskimi napravami in sistemi?                            <i class=\"fa-solid fa-chevron-down\"><\/i>\r\n                        <\/div>\r\n                        <div class=\"accordion-slide\">\r\n\t\t\t\t\t\t    <p>Da, domofonski sistem BAS-IP je zasnovan za brezhibno delovanje z razli\u010dnimi komunikacijskimi napravami in sistemi, kar zagotavlja celovito in prilagodljivo re\u0161itev za komunikacijske potrebe va\u0161e \u0161ole.<\/p>\n                        <\/div>\r\n\t\t\t\t\t<\/div>\r\n\t\t\t\t\t\t\t\t\t\t\t\t\t\t\t    <div class=\"accordion-item faq-item\">\r\n                        <div class=\"accordion-opener\">\r\n                            Q: Kako zanesljivi so \u017ei\u010dni IP domofonski sistemi v primerjavi z brez\u017ei\u010dnimi domofonskimi sistemi?                            <i class=\"fa-solid fa-chevron-down\"><\/i>\r\n                        <\/div>\r\n                        <div class=\"accordion-slide\">\r\n\t\t\t\t\t\t    <p>\u017di\u010dni IP domofonski sistemi, kot je domofonski sistem BAS-IP za \u0161ole, ponujajo vrhunsko zanesljivost, varnost in zmogljivost v primerjavi z brez\u017ei\u010dnimi domofonskimi sistemi. Zagotavljajo stabilno, neprekinjeno komunikacijo in nadzor, zaradi \u010desar so idealna izbira za izobra\u017eevalne ustanove.<\/p>\n                        <\/div>\r\n\t\t\t\t\t<\/div>\r\n\t\t\t\t\t\t\t\t\t\t\t\t\t\t\t    <div class=\"accordion-item faq-item\">\r\n                        <div class=\"accordion-opener\">\r\n                            Q: Ali lahko domofonski sistem BAS-IP prilagodimo posebnim potrebam na\u0161e \u0161ole?                            <i class=\"fa-solid fa-chevron-down\"><\/i>\r\n                        <\/div>\r\n                        <div class=\"accordion-slide\">\r\n\t\t\t\t\t\t    <p>Da, domofonski sistem BAS-IP je zelo prilagodljiv in ga je mogo\u010de prilagoditi edinstvenim zahtevam va\u0161e \u0161ole. Njegova modularna zasnova omogo\u010da dodajanje razli\u010dnih komponent, kot je temperaturni model, za izbolj\u0161anje varnosti in funkcionalnosti.<\/p>\n                        <\/div>\r\n\t\t\t\t\t<\/div>\r\n\t\t\t\t\t\t\t\t\t<\/div>\r\n\t<\/section>\r\n<!-- END Block FAQ -->\n\n\n<p>Vlaganje v zanesljiv, s funkcijami bogat in varen domofonski sistem je klju\u010dnega pomena za varnost in u\u010dinkovitost katere koli izobra\u017eevalne ustanove. Domofonski sistem BAS-IP za \u0161ole ponuja neprimerljivo zmogljivost, inovativne funkcije in brezhibno integracijo z obstoje\u010dimi IP-omre\u017eji. Z izbiro BAS-IP vlagate v prihodnost komunikacijske in varnostne infrastrukture va\u0161e \u0161ole. Do\u017eivite revolucijo v komunikaciji z najbolj\u0161im \u0161olskim domofonskim sistemom \u2013 BAS-IP. Izbolj\u0161ajte varnost, komunikacijo in splo\u0161no okolje va\u0161e izobra\u017eevalne ustanove ter zagotovite dobro po\u010dutje u\u010dencev, osebja in obiskovalcev. Ne sklepajte kompromisov glede kakovosti; zaupajte BAS-IP, da bo va\u0161i \u0161oli zagotovil izjemno zmogljivost in zanesljivost.<\/p>","protected":false},"excerpt":{"rendered":"<p>Domofonski sistemi za \u0161ole V dana\u0161njem svetu sta nemotena komunikacija in varnost bistveni sestavni deli vsake izobra\u017eevalne ustanove. U\u010dinkovit \u0161olski domofonski sistem ne le zagotavlja hitro komunikacijo, temve\u010d tudi izbolj\u0161uje varnost u\u010dencev, u\u010diteljev in osebja. Predstavljamo vam domofonski sistem BAS-IP za \u0161ole \u2013 vrhunsko re\u0161itev, ki zdru\u017euje robustno tehnologijo, inovativne funkcije in neprimerljivo zmogljivost. Ta [&hellip;]<\/p>","protected":false},"author":1,"featured_media":0,"parent":0,"menu_order":0,"comment_status":"closed","ping_status":"closed","template":"","meta":{"inline_featured_image":false,"footnotes":""},"class_list":["post-133508","page","type-page","status-publish","hentry"],"acf":[],"_links":{"self":[{"href":"https:\/\/bas-ip.com\/sl\/wp-json\/wp\/v2\/pages\/133508","targetHints":{"allow":["GET"]}}],"collection":[{"href":"https:\/\/bas-ip.com\/sl\/wp-json\/wp\/v2\/pages"}],"about":[{"href":"https:\/\/bas-ip.com\/sl\/wp-json\/wp\/v2\/types\/page"}],"author":[{"embeddable":true,"href":"https:\/\/bas-ip.com\/sl\/wp-json\/wp\/v2\/users\/1"}],"replies":[{"embeddable":true,"href":"https:\/\/bas-ip.com\/sl\/wp-json\/wp\/v2\/comments?post=133508"}],"version-history":[{"count":3,"href":"https:\/\/bas-ip.com\/sl\/wp-json\/wp\/v2\/pages\/133508\/revisions"}],"predecessor-version":[{"id":133625,"href":"https:\/\/bas-ip.com\/sl\/wp-json\/wp\/v2\/pages\/133508\/revisions\/133625"}],"wp:attachment":[{"href":"https:\/\/bas-ip.com\/sl\/wp-json\/wp\/v2\/media?parent=133508"}],"curies":[{"name":"wp","href":"https:\/\/api.w.org\/{rel}","templated":true}]}}