{"id":133259,"date":"2023-03-27T09:04:54","date_gmt":"2023-03-27T09:04:54","guid":{"rendered":"https:\/\/bas-ip.com\/%d1%82%d1%8a%d1%80%d0%b3%d0%be%d0%b2%d1%81%d0%ba%d0%b8-%d0%bf%d1%80%d0%be%d0%bc%d0%b8%d1%88%d0%bb%d0%b5%d0%bd%d0%b8\/"},"modified":"2025-03-11T11:43:58","modified_gmt":"2025-03-11T11:43:58","slug":"commercial","status":"publish","type":"page","link":"https:\/\/bas-ip.com\/sl\/komercialno\/industrijsko\/","title":{"rendered":"Komercialno\/industrijsko"},"content":{"rendered":"<h1 class=\"wp-block-heading\"><strong>Revolucionirajte svojo delovno okolje s poslovnimi interkom sistemi<\/strong><\/h1>\n\n\n\n<p>Ko tehnologija nenehno napreduje, je za podjetja klju\u010dnega pomena, da ostanejo v koraku z najnovej\u0161imi dose\u017eki. Ena od tak\u0161nih novosti je integracija poslovnih interkom sistemov, ki zagotavljajo izbolj\u0161ano varnost in u\u010dinkovito komunikacijo za pisarne in poslovne prostore. IP interkomi BAS-IP ponujajo celovito re\u0161itev z vrsto edinstvenih lastnosti, ki so prilagojene sodobnemu delovnemu okolju. Raziskali bomo prednosti sprejetja poslovnega interkom sistema in podrobneje preu\u010dili vrhunske izdelke BAS-IP.<\/p>\n\n\n\n<h2 class=\"wp-block-heading\"><strong>Zakaj izbrati BAS-IP za svoj poslovni domofonski sistem?<\/strong><\/h2>\n\n\n\n<p>BAS-IP je pionir v razvoju naprednih interkom sistemov za podjetja, ki ponuja vrsto inovativnih izdelkov, zasnovanih za izpolnjevanje zahtev sodobnih delovnih okolij. Z integracijo najsodobnej\u0161ih funkcij in zanesljive strojne opreme, komercialni interkom sistemi BAS-IP zagotavljajo u\u010dinkovito komunikacijo in pove\u010dano varnost tako za pisarne kot industrijske objekte.<\/p>\n\n\n<!-- START Block Features --><section id=\"block_642edd596eeb4\" class=\"features-section\">\r\n\t\r\n    <div class=\"features-list\">\r\n                    <div class=\"features-item\" data-aos=\"fade-up\">\r\n    <div class=\"features-box\">\r\n                    <div class=\"image-holder\">\r\n                <img loading=\"lazy\" decoding=\"async\" width=\"350\" height=\"320\" src=\"https:\/\/bas-ip.com\/wp-content\/uploads\/2023\/04\/1-350x320.jpg\" class=\"attachment-thumbnail_350x320 size-thumbnail_350x320\" alt=\"\" \/>            <\/div>\r\n        \r\n        <div class=\"text-holder\">\r\n                        <h3 class=\"title-block\">Mo\u010d IP interkomov v delovnem okolju<\/h3>\r\n          \r\n                        <div class=\"text-block\">\r\n                <p>IP interkom sistemi BAS-IP ponujajo \u0161irok spekter prednosti, vklju\u010dno z brezskrbno integracijo v obstoje\u010de IP lokalne mre\u017ee.<\/p>\n<p>To omogo\u010da zaposlenim, da enostavno dostopajo do interkom sistema in odpirajo vrata s svojih ra\u010dunalnikov, kar poenostavi komunikacijo in varnost v pisarni.<\/p>\n<p>Poleg tega IP-podprta infrastruktura omogo\u010da skalabilnost in prilagodljivost, kar zagotavlja, da se va\u0161 poslovni interkom sistem lahko \u0161iri in razvija skupaj z va\u0161o organizacijo.<\/p>\n              <\/div>\r\n                  <\/div>\r\n    <\/div>\r\n<\/div>\r\n                    <div class=\"features-item\" data-aos=\"fade-up\">\r\n    <div class=\"features-box\">\r\n                    <div class=\"image-holder\">\r\n                <img loading=\"lazy\" decoding=\"async\" width=\"350\" height=\"320\" src=\"https:\/\/bas-ip.com\/wp-content\/uploads\/2023\/04\/2-350x320.jpg\" class=\"attachment-thumbnail_350x320 size-thumbnail_350x320\" alt=\"Business intercom systems\" \/>            <\/div>\r\n        \r\n        <div class=\"text-holder\">\r\n                        <h3 class=\"title-block\">Vrhunske strojne komponente<\/h3>\r\n          \r\n                        <div class=\"text-block\">\r\n                <p>Najbolj\u0161i poslovni interkom sistem BAS-IP je sestavljen iz AV-08FBL, AT-10 in BR-AT10. Ti sestavni deli delujejo skupaj, da zagotavljajo izjemno zmogljivost in uporabni\u0161ko izku\u0161njo, zaradi \u010desar so idealni za pisarne in poslovne prostore.<\/p>\n<p>AV-08FBL: Ta zunanja plo\u0161\u010da ima eleganten dizajn, vgrajeno kamero in RFID bralnik, kar zagotavlja varnostni nadzor dostopa in vizualno identifikacijo obiskovalcev.<\/p>\n<p>AT-10: Ta elegantna notranja na dotik ob\u010dutljiva plo\u0161\u010da ponuja zaslon visoke lo\u010dljivosti, intuitiven uporabni\u0161ki vmesnik in zdru\u017eljivost z razli\u010dnimi pametnimi napravami in varnostnimi napravami.<\/p>\n<p>BR-AT10: Ta ve\u010dfunkcijski stojalo za mizo omogo\u010da enostavno namestitev AT-10 plo\u0161\u010de na mizo.<\/p>\n              <\/div>\r\n                  <\/div>\r\n    <\/div>\r\n<\/div>\r\n                    <div class=\"features-item\" data-aos=\"fade-up\">\r\n    <div class=\"features-box\">\r\n                    <div class=\"image-holder\">\r\n                <img loading=\"lazy\" decoding=\"async\" width=\"350\" height=\"320\" src=\"https:\/\/bas-ip.com\/wp-content\/uploads\/2023\/04\/3-350x320.jpg\" class=\"attachment-thumbnail_350x320 size-thumbnail_350x320\" alt=\"\" \/>            <\/div>\r\n        \r\n        <div class=\"text-holder\">\r\n                        <h3 class=\"title-block\">Zanesljiva podpora strankam in storitve<\/h3>\r\n          \r\n                        <div class=\"text-block\">\r\n                <p>BAS-IP se zavezuje k zagotavljanju izjemne storitve za stranke, ponuja strokovno pomo\u010d in podporo za svoje izdelke skozi celoten postopek namestitve in tudi po njem.<\/p>\n<p>Na\u0161a strokovna ekipa za podporo vam lahko pomaga pri re\u0161evanju morebitnih te\u017eav, ki se lahko pojavijo, in zagotovi, da va\u0161 poslovni interkom sistem ostane funkcionalen in u\u010dinkovit.<\/p>\n<p>Poleg tega na\u0161e zavezni\u0161tvo za stalne raziskave in razvoj pomeni, da bodo izdelki BAS-IP \u0161e naprej izbolj\u0161evani, kar zagotavlja, da bo va\u0161 poslovni interkom sistem vedno na vrhu tehnologije in zmogljivosti.<\/p>\n              <\/div>\r\n                  <\/div>\r\n    <\/div>\r\n<\/div>\r\n            <\/div>\r\n<\/section>\r\n<!-- END Block Features -->\n\n\n<h2 class=\"wp-block-heading\"><strong>Klju\u010dne lastnosti poslovnih interkom sistemov BAS-IP<\/strong><\/h2>\n\n\n\n<p>Interkom sistemi BAS-IP za podjetja se pona\u0161ajo z vrsto edinstvenih lastnosti, ki jih lo\u010dijo od konkurence. Z izkori\u0161\u010danjem teh naprednih zmogljivosti lahko izbolj\u0161ate u\u010dinkovitost, varnost in splo\u0161no funkcionalnost va\u0161ega delovnega okolja.<\/p>\n\n\n<!-- START Block Features --><section id=\"block_642edfc06eeba\" class=\"features-section\">\r\n\t\r\n    <div class=\"features-list\">\r\n                    <div class=\"features-item\" data-aos=\"fade-up\">\r\n    <div class=\"features-box\">\r\n                    <div class=\"image-holder\">\r\n                <img loading=\"lazy\" decoding=\"async\" width=\"350\" height=\"320\" src=\"https:\/\/bas-ip.com\/wp-content\/uploads\/2023\/04\/4-350x320.jpg\" class=\"attachment-thumbnail_350x320 size-thumbnail_350x320\" alt=\"\" \/>            <\/div>\r\n        \r\n        <div class=\"text-holder\">\r\n                        <h3 class=\"title-block\">\u017di\u010dni interkom sistemi za podjetja<\/h3>\r\n          \r\n                        <div class=\"text-block\">\r\n                <p>Medtem ko brez\u017ei\u010dna tehnologija \u0161e naprej pridobiva priljubljenost, \u017ei\u010dni interkom sistemi za podjetja ponujajo \u0161tevilne prednosti, vklju\u010dno z ve\u010djo zanesljivostjo, zmanj\u0161ano motnjami in izbolj\u0161ano varnostjo. \u017di\u010dni interkom sistemi BAS-IP so zasnovani za zagotavljanje dosledne zmogljivosti, kar zagotavlja brezskrbno komunikacijo in nadzor dostopa v va\u0161i pisarni ali poslovnem objektu.<\/p>\n              <\/div>\r\n                  <\/div>\r\n    <\/div>\r\n<\/div>\r\n                    <div class=\"features-item\" data-aos=\"fade-up\">\r\n    <div class=\"features-box\">\r\n                    <div class=\"image-holder\">\r\n                <img loading=\"lazy\" decoding=\"async\" width=\"350\" height=\"320\" src=\"https:\/\/bas-ip.com\/wp-content\/uploads\/2023\/04\/5-1-350x320.jpg\" class=\"attachment-thumbnail_350x320 size-thumbnail_350x320\" alt=\"\" \/>            <\/div>\r\n        \r\n        <div class=\"text-holder\">\r\n                        <h3 class=\"title-block\">Integracija interkomov za mizo in pisarni\u0161kih interkomov<\/h3>\r\n          \r\n                        <div class=\"text-block\">\r\n                <p>Interkom sistemi BAS-IP za podjetja se enostavno integrirajo v sisteme za namizne telefone in pisarni\u0161ke interkome, kar zaposlenim omogo\u010da enostavno komunikacijo znotraj delovnega prostora. To spodbuja sodelovalno okolje in zagotavlja hitro in natan\u010dno posredovanje pomembnih informacij.<\/p>\n              <\/div>\r\n                  <\/div>\r\n    <\/div>\r\n<\/div>\r\n                    <div class=\"features-item\" data-aos=\"fade-up\">\r\n    <div class=\"features-box\">\r\n                    <div class=\"image-holder\">\r\n                <img loading=\"lazy\" decoding=\"async\" width=\"350\" height=\"320\" src=\"https:\/\/bas-ip.com\/wp-content\/uploads\/2023\/04\/6-350x320.jpg\" class=\"attachment-thumbnail_350x320 size-thumbnail_350x320\" alt=\"\" \/>            <\/div>\r\n        \r\n        <div class=\"text-holder\">\r\n                        <h3 class=\"title-block\">Zdru\u017eljivost industrijskega interkom sistema<\/h3>\r\n          \r\n                        <div class=\"text-block\">\r\n                <p>Za podjetja, ki delujejo v industrijskih okoljih, interkom sistemi BAS-IP zagotavljajo robustne komunikacijske re\u0161itve, zasnovane za odpornost na te\u017eke pogoje. Z implementacijo zanesljivega industrijskega interkom sistema lahko ohranite u\u010dinkovito komunikacijo in varen nadzor dostopa tudi v najbolj zahtevnih okoljih.<\/p>\n              <\/div>\r\n                  <\/div>\r\n    <\/div>\r\n<\/div>\r\n            <\/div>\r\n<\/section>\r\n<!-- END Block Features -->\n\n<!-- START Block FAQ --><section id=\"block_64215db07ecd6\" class=\"faq-section\">\r\n\t\t    <h2 class=\"title-section\" data-aos=\"fade-right\">Pogosta vpra\u0161anja o poslovnih interkom sistemih<\/h2>\r\n\t\t\t    <div class=\"faq-list js-accordion\" data-aos=\"fade-up\">\r\n\t\t\t\t\t\t\t\t\t\t\t    <div class=\"accordion-item faq-item\">\r\n                        <div class=\"accordion-opener\">\r\n                            Q: Kako lahko poslovni domofon izbolj\u0161a varnost pisarne?                            <i class=\"fa-solid fa-chevron-down\"><\/i>\r\n                        <\/div>\r\n                        <div class=\"accordion-slide\">\r\n\t\t\t\t\t\t    <p>Z vklju\u010ditvijo funkcij, kot so video nadzor, nadzor dostopa in identifikacija obiskovalcev, poslovni interkom sistemi pomagajo za\u0161\u010dititi va\u0161o pisarno ali poslovni objekt pred nepoobla\u0161\u010denim dostopom in morebitnimi gro\u017enjami.<\/p>\n                        <\/div>\r\n\t\t\t\t\t<\/div>\r\n\t\t\t\t\t\t\t\t\t\t\t\t\t\t\t    <div class=\"accordion-item faq-item\">\r\n                        <div class=\"accordion-opener\">\r\n                            Q: Ali lahko integriram BAS-IP domofonski sistem v svoje obstoje\u010de IP lokalno omre\u017eje?                            <i class=\"fa-solid fa-chevron-down\"><\/i>\r\n                        <\/div>\r\n                        <div class=\"accordion-slide\">\r\n\t\t\t\t\t\t    <p>Da, interkom sistemi BAS-IP se brez te\u017eav integrirajo v obstoje\u010de IP lokalne mre\u017ee, kar zaposlenim omogo\u010da dostop do sistema in odpiranje vrat s svojih ra\u010dunalnikov in drugih povezanih naprav. To poenostavi komunikacijo in nadzor dostopa znotraj va\u0161ega delovnega okolja.<\/p>\n                        <\/div>\r\n\t\t\t\t\t<\/div>\r\n\t\t\t\t\t\t\t\t\t\t\t\t\t\t\t    <div class=\"accordion-item faq-item\">\r\n                        <div class=\"accordion-opener\">\r\n                            Q: Zakaj so \u017ei\u010dni domofonski sistemi BAS-IP bolj\u0161a izbira od brez\u017ei\u010dnih mo\u017enosti?                            <i class=\"fa-solid fa-chevron-down\"><\/i>\r\n                        <\/div>\r\n                        <div class=\"accordion-slide\">\r\n\t\t\t\t\t\t    <p>\u017di\u010dni interkom sistemi ponujajo ve\u010djo zanesljivost, zmanj\u0161ano motnje in izbolj\u0161ano varnost v primerjavi z brez\u017ei\u010dnimi mo\u017enostmi. \u017di\u010dni interkom sistemi BAS-IP so zasnovani za zagotavljanje dosledne zmogljivosti, zaradi \u010desar so idealni za podjetja, ki i\u0161\u010dejo zanesljive komunikacijske re\u0161itve.<\/p>\n                        <\/div>\r\n\t\t\t\t\t<\/div>\r\n\t\t\t\t\t\t\t\t\t\t\t\t\t\t\t    <div class=\"accordion-item faq-item\">\r\n                        <div class=\"accordion-opener\">\r\n                            Q: Ali so domofonski sistemi BAS-IP primerni za industrijska okolja?                            <i class=\"fa-solid fa-chevron-down\"><\/i>\r\n                        <\/div>\r\n                        <div class=\"accordion-slide\">\r\n\t\t\t\t\t\t    <p>Da, interkom sistemi BAS-IP so zasnovani tako, da so zdru\u017eljivi z industrijskimi okolji. Ti robustni sistemi lahko prenesejo te\u017eke pogoje, kar zagotavlja u\u010dinkovito komunikacijo in varen nadzor dostopa v razli\u010dnih industrijah<\/p>\n                        <\/div>\r\n\t\t\t\t\t<\/div>\r\n\t\t\t\t\t\t\t\t\t\t\t\t\t\t\t    <div class=\"accordion-item faq-item\">\r\n                        <div class=\"accordion-opener\">\r\n                            Q: Ali so domofonski sistemi BAS-IP primerni za industrijska okolja?                            <i class=\"fa-solid fa-chevron-down\"><\/i>\r\n                        <\/div>\r\n                        <div class=\"accordion-slide\">\r\n\t\t\t\t\t\t    <p>Da, interkom sistemi BAS-IP so zasnovani tako, da so zdru\u017eljivi z razli\u010dnimi pametnimi pisarni\u0161kimi napravami, kot so sistemi za osvetlitev in nadzor temperature. To omogo\u010da brezskrbno integracijo in izbolj\u0161ano splo\u0161no funkcionalnost v va\u0161em delovnem prostoru.<\/p>\n                        <\/div>\r\n\t\t\t\t\t<\/div>\r\n\t\t\t\t\t\t\t\t\t<\/div>\r\n\t<\/section>\r\n<!-- END Block FAQ -->\n\n\n<p>V dana\u0161njem hitrem poslovnem svetu so u\u010dinkovita komunikacija in robustni varnostni ukrepi klju\u010dnega pomena. Poslovni interkom sistemi BAS-IP ponujajo celovito re\u0161itev, ki zdru\u017euje najsodobnej\u0161e funkcije, zanesljivo strojno opremo in brezskrbno integracijo v obstoje\u010de IP lokalne mre\u017ee. Z implementacijo BAS-IP interkom sistema v svojo pisarno ali poslovni objekt lahko izbolj\u0161ate komunikacijo, varnost in splo\u0161no funkcionalnost delovnega okolja. Izkusite prednosti svetovnega razreda interkom sistema in revolucionirajte svoje delovno okolje z inovativnimi interkom re\u0161itvami BAS-IP. Raziskujte mo\u017enosti u\u010dinkovite komunikacije, napredne varnosti in brezskrbne integracije, ki lahko omogo\u010dijo va\u0161emu podjetju, da uspeva v vse bolj povezanim svetu<\/p>","protected":false},"excerpt":{"rendered":"<p>Revolucionirajte svojo delovno okolje s poslovnimi interkom sistemi Ko tehnologija nenehno napreduje, je za podjetja klju\u010dnega pomena, da ostanejo v koraku z najnovej\u0161imi dose\u017eki. Ena od tak\u0161nih novosti je integracija poslovnih interkom sistemov, ki zagotavljajo izbolj\u0161ano varnost in u\u010dinkovito komunikacijo za pisarne in poslovne prostore. IP interkomi BAS-IP ponujajo celovito re\u0161itev z vrsto edinstvenih lastnosti, [&hellip;]<\/p>","protected":false},"author":1,"featured_media":0,"parent":0,"menu_order":0,"comment_status":"closed","ping_status":"closed","template":"","meta":{"inline_featured_image":false,"footnotes":""},"class_list":["post-133259","page","type-page","status-publish","hentry"],"acf":[],"_links":{"self":[{"href":"https:\/\/bas-ip.com\/sl\/wp-json\/wp\/v2\/pages\/133259","targetHints":{"allow":["GET"]}}],"collection":[{"href":"https:\/\/bas-ip.com\/sl\/wp-json\/wp\/v2\/pages"}],"about":[{"href":"https:\/\/bas-ip.com\/sl\/wp-json\/wp\/v2\/types\/page"}],"author":[{"embeddable":true,"href":"https:\/\/bas-ip.com\/sl\/wp-json\/wp\/v2\/users\/1"}],"replies":[{"embeddable":true,"href":"https:\/\/bas-ip.com\/sl\/wp-json\/wp\/v2\/comments?post=133259"}],"version-history":[{"count":5,"href":"https:\/\/bas-ip.com\/sl\/wp-json\/wp\/v2\/pages\/133259\/revisions"}],"predecessor-version":[{"id":133384,"href":"https:\/\/bas-ip.com\/sl\/wp-json\/wp\/v2\/pages\/133259\/revisions\/133384"}],"wp:attachment":[{"href":"https:\/\/bas-ip.com\/sl\/wp-json\/wp\/v2\/media?parent=133259"}],"curies":[{"name":"wp","href":"https:\/\/api.w.org\/{rel}","templated":true}]}}