{"id":133099,"date":"2023-03-28T17:03:55","date_gmt":"2023-03-28T17:03:55","guid":{"rendered":"https:\/\/bas-ip.com\/case-studies\/"},"modified":"2025-03-07T09:37:43","modified_gmt":"2025-03-07T09:37:43","slug":"case-studies","status":"publish","type":"page","link":"https:\/\/bas-ip.com\/sl\/case-studies\/","title":{"rendered":"Re\u0161itve"},"content":{"rendered":"<h1 class=\"wp-block-heading\"><strong>Interkom sistemi<\/strong><\/h1>\n\n\n\n<p>BAS-IP je vodilni ponudnik vrhunskih interkom re\u0161itev za razli\u010dne industrije, ki ponuja izjemne varnostne in komunikacijske izku\u0161nje. V tem \u010dlanku raziskujemo \u0161est prepri\u010dljivih \u0161tudij primerov interkomov, ki prikazujejo vsestranskost in u\u010dinkovitost izdelkov BAS-IP v razli\u010dnih okoljih. Od ve\u010dstanovanjskih stavb do bolni\u0161ni\u010dnih objektov, te \u0161tudije primerov poudarjajo transformativno mo\u010d interkom sistemov BAS-IP.<\/p>\n\n\n<!-- START Block Info 3 Columns with links --><section id=\"block_6437b6d9794a8\" class=\"info-columns-section\">\r\n   <div class=\"column-list\">\r\n                        <div class=\"column-item\" data-aos=\"fade-up\" data-aos-delay=\"100\">\r\n                  <div class=\"image-block\">\r\n            <a href=\"\/building-intercom-system\/\">\r\n               <img loading=\"lazy\" decoding=\"async\" width=\"320\" height=\"232\" src=\"https:\/\/bas-ip.com\/wp-content\/uploads\/2023\/04\/1-5.jpg\" class=\"attachment-thumbnail_345x250 size-thumbnail_345x250\" alt=\"\" srcset=\"https:\/\/bas-ip.com\/wp-content\/uploads\/2023\/04\/1-5.jpg 320w,  https:\/\/bas-ip.com\/wp-content\/uploads\/2023\/04\/1-5-300x218.jpg 300w\" sizes=\"auto, (max-width: 320px) 100vw, 320px\" \/><\/a>\r\n         <\/div>\r\n         \r\n                  <a href=\"\/building-intercom-system\/\">\r\n            <h3 class=\"title-section\">Stavba z ve\u010d stanovanji: gladka izku\u0161nja bivanja<\/h3>\r\n         <\/a>\r\n                           <div class=\"text-block\">\r\n            <p>Interkom re\u0161itve BAS-IP so revolucionarno spremenile na\u010din, kako stanovalci interagirajo s svojim bivalnim okoljem. V ve\u010dstanovanjski stavbi uvedba interkom sistema BAS-IP ni samo izbolj\u0161ala varnosti, ampak je tudi olaj\u0161ala brezhibno komunikacijo med stanovalci, obiskovalci in upravljanjem stavbe. Uporabniku prijazen vmesnik sistema in integracija s tehnologijo pametnega doma sta stanovalcem zagotovila novo raven udobja in dostopnosti, s \u010dimer sta izbolj\u0161ala njihovo bivalno izku\u0161njo.<\/p>\n         <\/div>\r\n               <\/div>\r\n                              <div class=\"column-item\" data-aos=\"fade-up\" data-aos-delay=\"200\">\r\n                  <div class=\"image-block\">\r\n            <a href=\"\/business-intercom-systems-for-office\/\">\r\n               <img loading=\"lazy\" decoding=\"async\" width=\"320\" height=\"232\" src=\"https:\/\/bas-ip.com\/wp-content\/uploads\/2023\/04\/2-5.jpg\" class=\"attachment-thumbnail_345x250 size-thumbnail_345x250\" alt=\"\" srcset=\"https:\/\/bas-ip.com\/wp-content\/uploads\/2023\/04\/2-5.jpg 320w,  https:\/\/bas-ip.com\/wp-content\/uploads\/2023\/04\/2-5-300x218.jpg 300w\" sizes=\"auto, (max-width: 320px) 100vw, 320px\" \/><\/a>\r\n         <\/div>\r\n         \r\n                  <a href=\"\/business-intercom-systems-for-office\/\">\r\n            <h3 class=\"title-section\">Komercialni sektor: optimizacija operacij in varnosti<\/h3>\r\n         <\/a>\r\n                           <div class=\"text-block\">\r\n            <p>V komercialnem ali industrijskem okolju sta u\u010dinkovita komunikacija in varnost klju\u010dnega pomena za nemoteno delovanje. Interkom re\u0161itve BAS-IP so imele klju\u010dno vlogo pri izbolj\u0161anju poteka dela in varnostnih ukrepov v velikem proizvodnem obratu. Z integracijo interkom sistema s kontrolo dostopa, video nadzorom in funkcijami za odzivanje v sili je obrat do\u017eivel znatno izbolj\u0161anje komunikacije in splo\u0161ne varnosti.<\/p>\n         <\/div>\r\n               <\/div>\r\n                              <div class=\"column-item\" data-aos=\"fade-up\" data-aos-delay=\"300\">\r\n                  <div class=\"image-block\">\r\n            <a href=\"\/intercom-systems-for-home-and-house\/\">\r\n               <img loading=\"lazy\" decoding=\"async\" width=\"320\" height=\"232\" src=\"https:\/\/bas-ip.com\/wp-content\/uploads\/2023\/04\/3-5.jpg\" class=\"attachment-thumbnail_345x250 size-thumbnail_345x250\" alt=\"\" srcset=\"https:\/\/bas-ip.com\/wp-content\/uploads\/2023\/04\/3-5.jpg 320w,  https:\/\/bas-ip.com\/wp-content\/uploads\/2023\/04\/3-5-300x218.jpg 300w\" sizes=\"auto, (max-width: 320px) 100vw, 320px\" \/><\/a>\r\n         <\/div>\r\n         \r\n                  <a href=\"\/intercom-systems-for-home-and-house\/\">\r\n            <h3 class=\"title-section\">Doma\u010de okolje: krepitev varnosti in povezave<\/h3>\r\n         <\/a>\r\n                           <div class=\"text-block\">\r\n            <p>Ker lastniki stanovanj vse bolj dajejo prednost varnosti in tehnologiji pametnega doma, so interkom re\u0161itve BAS-IP postale priljubljena izbira. V primestnem domu namestitev interkom sistema BAS-IP ni samo pove\u010dala varnosti, ampak je tudi izbolj\u0161ala povezljivost z dru\u017einskimi \u010dlani in gosti. Intuitivni vmesnik in zdru\u017eljivost s pametnimi telefoni sta lastnikom stanovanj omogo\u010dila, da brez te\u017eav nadzorujejo svojo lastnino in komunicirajo, kar ustvarja varno in povezano bivalno okolje.<\/p>\n         <\/div>\r\n               <\/div>\r\n                              <div class=\"column-item\" data-aos=\"fade-up\" data-aos-delay=\"400\">\r\n                  <div class=\"image-block\">\r\n            <a href=\"\/medical-hospital-intercom-system\/\">\r\n               <img loading=\"lazy\" decoding=\"async\" width=\"320\" height=\"232\" src=\"https:\/\/bas-ip.com\/wp-content\/uploads\/2023\/04\/4-5.jpg\" class=\"attachment-thumbnail_345x250 size-thumbnail_345x250\" alt=\"\" srcset=\"https:\/\/bas-ip.com\/wp-content\/uploads\/2023\/04\/4-5.jpg 320w,  https:\/\/bas-ip.com\/wp-content\/uploads\/2023\/04\/4-5-300x218.jpg 300w\" sizes=\"auto, (max-width: 320px) 100vw, 320px\" \/><\/a>\r\n         <\/div>\r\n         \r\n                  <a href=\"\/medical-hospital-intercom-system\/\">\r\n            <h3 class=\"title-section\">Zdravstveni objekt: utrjevanje nege pacientov in varnosti<\/h3>\r\n         <\/a>\r\n                           <div class=\"text-block\">\r\n            <p>Bolni\u0161nice in medicinski objekti zahtevajo napredne komunikacijske sisteme, da zagotovijo u\u010dinkovito oskrbo pacientov in varnost. V najsodobnej\u0161i bolni\u0161nici so bile interkom re\u0161itve BAS-IP uporabljene za poenostavitev komunikacije med medicinskim osebjem, pacienti in obiskovalci. Sistem je omogo\u010dil hiter odziv na nujne primere, izbolj\u0161al zasebnost pacientov in izbolj\u0161al splo\u0161no varnost bolni\u0161nice. Integracija interkom sistema BAS-IP se je izkazala za prelomnico pri zagotavljanju izjemne oskrbe pacientov.<\/p>\n         <\/div>\r\n               <\/div>\r\n                              <div class=\"column-item\" data-aos=\"fade-up\" data-aos-delay=\"500\">\r\n                  <div class=\"image-block\">\r\n            <a href=\"\/intercom-systems-for-schools\/\">\r\n               <img loading=\"lazy\" decoding=\"async\" width=\"320\" height=\"232\" src=\"https:\/\/bas-ip.com\/wp-content\/uploads\/2023\/04\/5-5.jpg\" class=\"attachment-thumbnail_345x250 size-thumbnail_345x250\" alt=\"\" srcset=\"https:\/\/bas-ip.com\/wp-content\/uploads\/2023\/04\/5-5.jpg 320w,  https:\/\/bas-ip.com\/wp-content\/uploads\/2023\/04\/5-5-300x218.jpg 300w\" sizes=\"auto, (max-width: 320px) 100vw, 320px\" \/><\/a>\r\n         <\/div>\r\n         \r\n                  <a href=\"\/intercom-systems-for-schools\/\">\r\n            <h3 class=\"title-section\">Izobra\u017eevalna ustanova: ustvarjanje varnega izobra\u017eevalnega okolja<\/h3>\r\n         <\/a>\r\n                           <div class=\"text-block\">\r\n            <p>Izobra\u017eevalne ustanove potrebujejo robustne varnostne in komunikacijske sisteme za za\u0161\u010dito u\u010dencev in osebja. V napredni \u0161oli so bile interkom re\u0161itve BAS-IP klju\u010dnega pomena pri zagotavljanju varnega u\u010dnega okolja. Sistem je omogo\u010dil brezhibno komunikacijo med u\u010dilnicami, administrativnimi pisarnami in zunanjimi obiskovalci, s \u010dimer je zagotovil varnost u\u010dencev in osebja. Poleg tega je integracija interkom sistema s kontrolo dostopa in funkcijami video nadzora znatno izbolj\u0161ala splo\u0161no varnost \u0161ole.<\/p>\n         <\/div>\r\n               <\/div>\r\n                              <div class=\"column-item\" data-aos=\"fade-up\" data-aos-delay=\"600\">\r\n                  <div class=\"image-block\">\r\n            <a href=\"\/gate-intercom-system\/\">\r\n               <img loading=\"lazy\" decoding=\"async\" width=\"320\" height=\"232\" src=\"https:\/\/bas-ip.com\/wp-content\/uploads\/2023\/04\/6-4.jpg\" class=\"attachment-thumbnail_345x250 size-thumbnail_345x250\" alt=\"\" srcset=\"https:\/\/bas-ip.com\/wp-content\/uploads\/2023\/04\/6-4.jpg 320w,  https:\/\/bas-ip.com\/wp-content\/uploads\/2023\/04\/6-4-300x218.jpg 300w\" sizes=\"auto, (max-width: 320px) 100vw, 320px\" \/><\/a>\r\n         <\/div>\r\n         \r\n                  <a href=\"\/gate-intercom-system\/\">\r\n            <h3 class=\"title-section\">Vhodna vrata: oja\u010ditev varnosti oboda<\/h3>\r\n         <\/a>\r\n                           <div class=\"text-block\">\r\n            <p>Varnost vrat je klju\u010dnega pomena za za\u0161\u010dito lastnine in ohranjanje zasebnosti. V luksuznem stanovanjskem naselju so bile uvedene interkom re\u0161itve BAS-IP za krepitev obodne varnosti. Sistem je stanovalcem omogo\u010dil, da na daljavo odobrijo ali zavrnejo dostop obiskovalcem, integracija z video nadzorom pa je omogo\u010dila nemoteno spremljanje vhodov in izhodov naselja. Ta napredna interkom re\u0161itev je prispevala k pove\u010danemu ob\u010dutku varnosti in miru za stanovalce.<\/p>\n         <\/div>\r\n               <\/div>\r\n                     <\/div>\r\n<\/section>\r\n<!-- END Block Info 3 Columns with links -->\n\n\n<p>Te \u0161tudije primerov interkomov prikazujejo izjemno vsestranskost in u\u010dinkovitost interkom re\u0161itev BAS-IP v razli\u010dnih sektorjih. Od stanovanjskih skupnosti do bolni\u0161nic je implementacija interkom sistemov BAS-IP preoblikovala komunikacijo, varnost in splo\u0161no uporabni\u0161ko izku\u0161njo. Ker se tehnologija \u0161e naprej razvija, BAS-IP ostaja zavezan zagotavljanju inovativnih in vrhunskih interkom re\u0161itev, ki ustrezajo razvijajo\u010dim se potrebam razli\u010dnih industrij.<\/p>\n\n\n<!-- START Block FAQ --><section id=\"block_64231e53deae2\" class=\"faq-section\">\r\n\t\t    <h2 class=\"title-section\" data-aos=\"fade-right\">Frequently Asked Questions<\/h2>\r\n\t\t\t    <div class=\"faq-list js-accordion\" data-aos=\"fade-up\">\r\n\t\t\t\t\t\t\t\t\t\t\t    <div class=\"accordion-item faq-item\">\r\n                        <div class=\"accordion-opener\">\r\n                            Q: Kako BAS-IP zagotavlja varnost in zanesljivost svojih interkom re\u0161itev?                            <i class=\"fa-solid fa-chevron-down\"><\/i>\r\n                        <\/div>\r\n                        <div class=\"accordion-slide\">\r\n\t\t\t\t\t\t    <p>BAS-IP uporablja napredne protokole \u0161ifriranja in robustno strojno opremo, da zagotovi varnost in zanesljivost svojih interkom sistemov. Ta zaveza zagotavljanju vrhunske tehnologije je BAS-IP naredila zaupanja vredno izbiro za razli\u010dne industrije po vsem svetu.<\/p>\n                        <\/div>\r\n\t\t\t\t\t<\/div>\r\n\t\t\t\t\t\t\t\t\t\t\t\t\t\t\t    <div class=\"accordion-item faq-item\">\r\n                        <div class=\"accordion-opener\">\r\n                            Q: Kako interkom re\u0161itve BAS-IP prispevajo k energetski u\u010dinkovitosti?                            <i class=\"fa-solid fa-chevron-down\"><\/i>\r\n                        <\/div>\r\n                        <div class=\"accordion-slide\">\r\n\t\t\t\t\t\t    <p>Interkom sistemi BAS-IP so zasnovani z mislijo na energetsko u\u010dinkovitost. Z vklju\u010ditvijo funkcij, kot so osvetlitev, aktivirana z gibanjem, pametna kontrola klime in na\u010dini pripravljenosti za var\u010devanje z energijo, interkom re\u0161itve BAS-IP prispevajo k bolj zelenemu in trajnostnemu okolju.<\/p>\n                        <\/div>\r\n\t\t\t\t\t<\/div>\r\n\t\t\t\t\t\t\t\t\t\t\t\t\t\t\t    <div class=\"accordion-item faq-item\">\r\n                        <div class=\"accordion-opener\">\r\n                            Q: Kak\u0161no podporo BAS-IP nudi za svoje interkom re\u0161itve?                            <i class=\"fa-solid fa-chevron-down\"><\/i>\r\n                        <\/div>\r\n                        <div class=\"accordion-slide\">\r\n\t\t\t\t\t\t    <p>BAS-IP je zavezan zagotavljanju izjemne podpore strankam, nudi celovito tehni\u010dno pomo\u010d in vire za zagotovitev nemotene implementacije in delovanja svojih interkom sistemov. Ta predanost zadovoljstvu strank je BAS-IP-u prinesla izjemno ugled v industriji.<\/p>\n                        <\/div>\r\n\t\t\t\t\t<\/div>\r\n\t\t\t\t\t\t\t\t\t<\/div>\r\n\t<\/section>\r\n<!-- END Block FAQ -->","protected":false},"excerpt":{"rendered":"<p>Interkom sistemi BAS-IP je vodilni ponudnik vrhunskih interkom re\u0161itev za razli\u010dne industrije, ki ponuja izjemne varnostne in komunikacijske izku\u0161nje. V tem \u010dlanku raziskujemo \u0161est prepri\u010dljivih \u0161tudij primerov interkomov, ki prikazujejo vsestranskost in u\u010dinkovitost izdelkov BAS-IP v razli\u010dnih okoljih. Od ve\u010dstanovanjskih stavb do bolni\u0161ni\u010dnih objektov, te \u0161tudije primerov poudarjajo transformativno mo\u010d interkom sistemov BAS-IP. Te \u0161tudije [&hellip;]<\/p>","protected":false},"author":1,"featured_media":0,"parent":0,"menu_order":0,"comment_status":"closed","ping_status":"closed","template":"","meta":{"inline_featured_image":false,"footnotes":""},"class_list":["post-133099","page","type-page","status-publish","hentry"],"acf":[],"_links":{"self":[{"href":"https:\/\/bas-ip.com\/sl\/wp-json\/wp\/v2\/pages\/133099","targetHints":{"allow":["GET"]}}],"collection":[{"href":"https:\/\/bas-ip.com\/sl\/wp-json\/wp\/v2\/pages"}],"about":[{"href":"https:\/\/bas-ip.com\/sl\/wp-json\/wp\/v2\/types\/page"}],"author":[{"embeddable":true,"href":"https:\/\/bas-ip.com\/sl\/wp-json\/wp\/v2\/users\/1"}],"replies":[{"embeddable":true,"href":"https:\/\/bas-ip.com\/sl\/wp-json\/wp\/v2\/comments?post=133099"}],"version-history":[{"count":3,"href":"https:\/\/bas-ip.com\/sl\/wp-json\/wp\/v2\/pages\/133099\/revisions"}],"predecessor-version":[{"id":133203,"href":"https:\/\/bas-ip.com\/sl\/wp-json\/wp\/v2\/pages\/133099\/revisions\/133203"}],"wp:attachment":[{"href":"https:\/\/bas-ip.com\/sl\/wp-json\/wp\/v2\/media?parent=133099"}],"curies":[{"name":"wp","href":"https:\/\/api.w.org\/{rel}","templated":true}]}}