{"id":131245,"date":"2025-02-19T15:47:09","date_gmt":"2025-02-19T15:47:09","guid":{"rendered":"https:\/\/bas-ip.com\/intercom-migration-to-link\/"},"modified":"2025-02-25T11:42:36","modified_gmt":"2025-02-25T11:42:36","slug":"intercom-migration-to-link","status":"publish","type":"page","link":"https:\/\/bas-ip.com\/sl\/intercom-migration-to-link\/","title":{"rendered":"Migracija iz Intercoma na Link"},"content":{"rendered":"<h2 data-sourcepos=\"1:1-1:50\">Intercom se seli na Link: Kaj to pomeni za vas?<\/h2>\n<p data-sourcepos=\"3:1-3:331\">Od 4. marca 2025 aplikacija Intercom za Android ne bo ve\u010d na voljo v trgovini Google Play. Vendar pa bosta spletna razli\u010dica in aplikacija za iOS \u0161e naprej delovali brez kakr\u0161nih koli sprememb, stre\u017eniki Intercom pa bodo ostali aktivni, da se zagotovi stabilnost in dostop do va\u0161ih podatkov, dokler se podpora za stre\u017enik ne kon\u010da.<\/p>\n<p data-sourcepos=\"5:1-5:217\">Vabimo vas, da preidete na Link \u2013 zmogljivo re\u0161itev, zasnovano za va\u0161e udobje. Platforma ponuja napredne zmogljivosti upravljanja, visoko raven stabilnosti in varnosti, ki ustreza najnovej\u0161im industrijskim standardom.<\/p>\n<p data-sourcepos=\"7:1-7:151\">Razumemo, da lahko ta sprememba spro\u017ei vpra\u0161anja, zato smo pripravili podrobna navodila in celovito podporo, da bo prehod \u010dim bolj gladek in enostaven.<\/p>\n<h2 data-sourcepos=\"9:1-9:31\">Zakaj izvajamo to spremembo?<\/h2>\n<p data-sourcepos=\"11:1-11:381\">Na\u0161a odlo\u010ditev za prehod na Link je posledica potrebe, da vam zagotovimo bolj\u0161o kakovost storitev in sodobna orodja za upravljanje naprav. Aplikacija Intercom za Android je zastarela in ne ustreza ve\u010d trenutnim zahtevam. Namesto da bi posodabljali staro platformo, smo se odlo\u010dili razviti zmogljivej\u0161o in uporabniku prijaznej\u0161o re\u0161itev, ki bo postavila nov standard za va\u0161e udobje.<\/p>\n<h2 data-sourcepos=\"13:1-13:15\">Kaj je Link?<\/h2>\n<p data-sourcepos=\"15:1-15:185\">Link je platforma, zasnovana za tiste, ki cenijo udobje in zanesljivost. Nadome\u0161\u010da Intercom in ponuja ve\u010d funkcij, izbolj\u0161an dizajn in dolgoro\u010dno podporo. To lahko pri\u010dakujete od Linka:<\/p>\n<ul data-sourcepos=\"17:1-21:0\">\n<li data-sourcepos=\"17:1-17:101\"><strong>Prenovljen vmesnik:<\/strong> Preprost in intuitiven dizajn, ustvarjen za brezhibno uporabni\u0161ko izku\u0161njo.<\/li>\n<li data-sourcepos=\"18:1-18:128\"><strong>Podpora za sodobne naprave:<\/strong> Link je zdru\u017eljiv z najnovej\u0161imi operacijskimi sistemi in se integrira z novimi tehnologijami.<\/li>\n<li data-sourcepos=\"19:1-19:131\"><strong>Napredne funkcije:<\/strong> Upravljanje dostopa, varnost in prilagodljiva konfiguracija naprav \u2013 vse to je na voljo na novi platformi.<\/li>\n<li data-sourcepos=\"20:1-21:0\"><strong>Stabilnost in zanesljivost:<\/strong> Zasnovan za obvladovanje visokih obremenitev, kar zagotavlja nemoteno delovanje.<\/li>\n<\/ul>\n<h2 data-sourcepos=\"22:1-22:28\">Kako bo potekala selitev?<\/h2>\n<p data-sourcepos=\"24:1-24:343\">Proces selitve smo naredili \u010dim bolj enostaven. Aktivni ra\u010duni Intercom bodo samodejno preseljeni na platformo Link, uporabniki pa bodo prejeli licence za osnovno razli\u010dico, ki so enake \u0161tevilu SIP-\u0161tevilk v svojem ra\u010dunu. Proces je zasnovan tako, da zmanj\u0161a morebitne te\u017eave in hkrati zagotovi dostop do vseh razpolo\u017eljivih funkcij platforme.<\/p>\n<p data-sourcepos=\"26:1-26:45\">Za lastnike nepremi\u010dnin bo selitev preprosta:<\/p>\n<ol data-sourcepos=\"28:1-30:0\">\n<li data-sourcepos=\"28:1-28:68\">Nastavite svoj ra\u010dun in pove\u017eite naprave za domofon s stre\u017enikom.<\/li>\n<li data-sourcepos=\"29:1-30:0\">Izpolnite tabelo s podatki o stanovalcih in jo nalo\u017eite v sistem.<\/li>\n<\/ol>\n<p data-sourcepos=\"31:1-31:140\">Sistem bo poskrbel za ostalo: ustvaril bo uporabni\u0161ke ra\u010dune, poslal vabila, konfiguriral naprave za domofon in odobril dostop do platforme.<\/p>\n<p data-sourcepos=\"33:1-33:106\">Stanovalci bodo morali le dokon\u010dati registracijo prek vabila \u2013 in \u017ee lahko za\u010dnejo uporabljati nov sistem.<\/p>\n<h2 data-sourcepos=\"35:1-35:29\">Kaj bo naredila platforma:<\/h2>\n<ul data-sourcepos=\"37:1-40:0\">\n<li data-sourcepos=\"37:1-37:98\">Samodejno bo povezala uporabni\u0161ke ra\u010dune z njihovimi napravami in zagotovila dostop do storitve.<\/li>\n<li data-sourcepos=\"38:1-38:91\">Konfigurirala bo integracijo domofona, vklju\u010dno s sinhronizacijo imenika, \u010de bo potrebno.<\/li>\n<li data-sourcepos=\"39:1-40:0\">Obdelala bo podatke in izdala licence za osnovno razli\u010dico za Link.<\/li>\n<\/ul>\n<p data-sourcepos=\"41:1-41:154\">Za bolj zapletene primere, kot je delo s starej\u0161imi napravami ali ro\u010dni prenos podatkov, smo razvili orodja, ki partnerjem pomagajo poenostaviti postopek.<\/p>\n<h2 data-sourcepos=\"43:1-43:30\">Kak\u0161ne so prednosti za vas?<\/h2>\n<p data-sourcepos=\"45:1-45:88\">Da bi bila selitev \u010dim bolj koristna, platforma Link ponuja \u0161iroko paleto novih funkcij:<\/p>\n<p data-sourcepos=\"47:1-47:24\"><strong>Upravljanje dostopa:<\/strong><\/p>\n<ul data-sourcepos=\"49:1-50:0\">\n<li data-sourcepos=\"49:1-50:0\">Popoln nadzor nad dostopom do stavbe prek mobilne aplikacije, vklju\u010dno z oddaljenim odklepanjem vrat in upravljanjem dostopa gostov.<\/li>\n<\/ul>\n<p data-sourcepos=\"51:1-51:40\"><strong>Izbolj\u0161ane zmogljivosti interakcije:<\/strong><\/p>\n<ul data-sourcepos=\"53:1-54:0\">\n<li data-sourcepos=\"53:1-54:0\">Integracija s sodobnimi napravami, kot sta Apple Watch in Siri, upravljanje dru\u017einskih dogodkov in rezervacija sob prek platforme.<\/li>\n<\/ul>\n<p data-sourcepos=\"55:1-55:29\"><strong>Bele\u017eenje in spremljanje:<\/strong><\/p>\n<ul data-sourcepos=\"57:1-58:0\">\n<li data-sourcepos=\"57:1-58:0\">Ogled zgodovine klicev, dnevnikov dostopa in upravljanje urnikov in omejitev.<\/li>\n<\/ul>\n<p data-sourcepos=\"59:1-59:32\"><strong>Modularnost in prilagajanje:<\/strong><\/p>\n<ul data-sourcepos=\"61:1-62:0\">\n<li data-sourcepos=\"61:1-62:0\">Ustvarjanje prostorov za stanovanjske in poslovne nepremi\u010dnine, konfiguriranje prilagodljivih pravil za preusmeritev klicev in upravljanje telefonskih imenikov.<\/li>\n<\/ul>\n<p data-sourcepos=\"63:1-63:33\"><strong>Napredne telefonske funkcije:<\/strong><\/p>\n<ul data-sourcepos=\"65:1-66:0\">\n<li data-sourcepos=\"65:1-66:0\">Podpora za SIP-trunks, virtualne \u0161tevilke in funkcionalnost softphone za brezhibno komunikacijo.<\/li>\n<\/ul>\n<p data-sourcepos=\"67:1-67:21\"><strong>Varnostna orodja:<\/strong><\/p>\n<ul data-sourcepos=\"69:1-70:0\">\n<li data-sourcepos=\"69:1-70:0\">Integracija z napravami za klic v sili, upravljanje dostopa do dvigala in nadzor nad omejenimi obmo\u010dji.<\/li>\n<\/ul>\n<h2 data-sourcepos=\"71:1-71:34\">Kako bomo obvestili uporabnike?<\/h2>\n<p data-sourcepos=\"73:1-73:75\">Pripravili smo vrsto obvestil, ki vas bodo vodila skozi vsako fazo selitve:<\/p>\n<ul data-sourcepos=\"75:1-79:0\">\n<li data-sourcepos=\"75:1-75:171\"><strong>Informativna e-po\u0161tna sporo\u010dila:<\/strong> Prejeli boste e-po\u0161tna sporo\u010dila s podrobnostmi o spremembah, \u010dasovnici selitve, prednostih Linka in navodili za selitev po korakih.<\/li>\n<li data-sourcepos=\"76:1-76:116\"><strong>Vabila za registracijo:<\/strong> Po selitvi podatkov boste prejeli vabilo za dokon\u010danje registracije na novi platformi.<\/li>\n<li data-sourcepos=\"77:1-77:137\"><strong>Opomniki:<\/strong> Po potrebi bomo poslali opomnike, da zagotovimo, da boste dokon\u010dali nastavitev in za\u010deli uporabljati Link brez odla\u0161anja.<\/li>\n<li data-sourcepos=\"78:1-79:0\"><strong>Podpora uporabnikom:<\/strong> Na\u0161a ekipa bo na voljo za odgovore na va\u0161a vpra\u0161anja prek e-po\u0161te in drugih kanalov za podporo.<\/li>\n<\/ul>\n<h2 data-sourcepos=\"80:1-80:50\">Selitev iz Intercoma na Link: vodnik po korakih<\/h2>\n<p data-sourcepos=\"82:1-82:277\">Da bi zagotovili nemoten prehod, boste med 20. in 25. februarjem prejeli vabilo, da se pridru\u017eite novemu stre\u017eniku Link. To vabilo bo poslano na e-po\u0161tni naslov, ki ste ga uporabili za registracijo v Intercomu. V tem obdobju preverite mapo \u00bbPrejeto\u00ab (in mapo z ne\u017eeleno po\u0161to).<\/p>\n<h2 data-sourcepos=\"84:1-84:24\">Za\u010detek uporabe Linka<\/h2>\n<ol data-sourcepos=\"86:1-90:0\">\n<li data-sourcepos=\"86:1-86:107\"><strong>Sprejmite vabilo:<\/strong> Kliknite povezavo v e-po\u0161tnem sporo\u010dilu z vabilom, da dostopate do stre\u017enika Link.<\/li>\n<li data-sourcepos=\"87:1-87:82\"><strong>Ustvarite geslo:<\/strong> Pozvani boste, da ustvarite novo geslo za svoj ra\u010dun Link.<\/li>\n<li data-sourcepos=\"88:1-88:127\"><strong>Prijavite se:<\/strong> Ko ustvarite geslo, se lahko prijavite v stre\u017enik Link z registriranim e-po\u0161tnim naslovom in novim geslom.<\/li>\n<li data-sourcepos=\"89:1-90:0\"><strong>Sledite navodilom za nastavitev:<\/strong> Po prijavi boste vodeni skozi postopek nastavitve. Navodila se bodo razlikovala glede na vrsto uporabnika in opremo.<\/li>\n<\/ol>\n<h2 data-sourcepos=\"91:1-91:35\">Navodila za posamezne uporabnike<\/h2>\n<p data-sourcepos=\"93:1-93:112\">Da bi bil postopek selitve \u010dim bolj enostaven, smo pripravili podrobna navodila za razli\u010dne skupine uporabnikov:<\/p>\n<p data-sourcepos=\"95:1-95:14\"><strong>Partnerji<\/strong><strong style=\"font-size: revert; color: initial;\">:<\/strong><\/p>\n<div id=\"model-response-message-contentr_7cc64dd4d44cdcb4\" class=\"markdown markdown-main-panel\" dir=\"ltr\">\n<ul>\n<li><a href=\"https:\/\/basip.atlassian.net\/wiki\/spaces\/migrationtothelink\/pages\/354812908\" target=\"_blank\" rel=\"noopener\">Lastniki nove opreme ali tisti, ki so odgovorni za njeno namestitev\/nastavitev<\/a><\/li>\n<li><a href=\"https:\/\/basip.atlassian.net\/wiki\/spaces\/migrationtothelink\/pages\/354713882\" target=\"_blank\" rel=\"noopener\">Lastniki stare opreme (ali tisti, ki so odgovorni za njeno namestitev\/nastavitev), ki je ni mogo\u010de povezati z novim stre\u017enikom Link<\/a><\/li>\n<li><a style=\"font-size: revert;\" href=\"https:\/\/basip.atlassian.net\/wiki\/spaces\/migrationtothelink\/pages\/354877460\" target=\"_blank\" rel=\"noopener\">Lastniki stare opreme (ali tisti, ki so odgovorni za njeno namestitev\/nastavitev), ki <em>lahko<\/em> vzpostavi povezavo z novim stre\u017enikom Link<\/a><\/li>\n<\/ul>\n<p><strong>Stanovalci stanovanjskih kompleksov ali zasebni stranke:<\/strong><\/p>\n<ul>\n<li><a href=\"https:\/\/basip.atlassian.net\/wiki\/spaces\/migrationtothelink\/pages\/354713902\" target=\"_blank\" rel=\"noopener\">Uporabniki Intercoma, ki nimajo domofona, imajo pa mobilno aplikacijo<\/a><\/li>\n<li><a href=\"https:\/\/basip.atlassian.net\/wiki\/spaces\/migrationtothelink\/pages\/354713892\" target=\"_blank\" rel=\"noopener\">Uporabniki Intercoma, ki imajo tako domofon kot mobilno aplikacijo<\/a><\/li>\n<\/ul>\n<p data-sourcepos=\"5:3-5:221\">Spodbujamo vas, da pregledate navodila, ki so relevantna za va\u0161 tip uporabnika in opremo. \u010ce imate kakr\u0161na koli vpra\u0161anja ali potrebujete pomo\u010d med postopkom selitve, ne oklevajte in se obrnite na na\u0161o ekipo za podporo.<\/p>\n<p data-sourcepos=\"7:3-7:126\">Prepri\u010dani smo, da boste u\u017eivali v izbolj\u0161ani izku\u0161nji komunikacije, ki jo ponuja Link. Hvala vam za va\u0161o nadaljnjo podporo!<\/p>\n<p data-sourcepos=\"9:3-9:20\">Dobrodo\u0161li v Link!<\/p>\n<\/div>\n\n<!-- START Block Sign Up --><section id=\"block_629678229e935\" class=\"sign-up-section\">\r\n\r\n    <div class=\"form-holder js-form\" data-aos=\"fade-right\">\r\n                    <div class=\"title-block h3\">Sign up for connection<\/div>\r\n        \r\n                    <div class=\"text-block\">\r\n                Filling out all the information needed to answer you as quickly as possible            <\/div>\r\n        \r\n                    \n<div class=\"wpcf7 no-js\" id=\"wpcf7-f102-o1\" lang=\"en-US\" dir=\"ltr\">\n<div class=\"screen-reader-response\"><p role=\"status\" aria-live=\"polite\" aria-atomic=\"true\"><\/p> <ul><\/ul><\/div>\n<form action=\"\/sl\/wp-json\/wp\/v2\/pages\/131245#wpcf7-f102-o1\" method=\"post\" class=\"wpcf7-form init\" aria-label=\"Contact form\" enctype=\"multipart\/form-data\" novalidate=\"novalidate\" data-status=\"init\">\n<div style=\"display: none;\">\n<input type=\"hidden\" name=\"_wpcf7\" value=\"102\" \/>\n<input type=\"hidden\" name=\"_wpcf7_version\" value=\"5.8.3\" \/>\n<input type=\"hidden\" name=\"_wpcf7_locale\" value=\"en_US\" \/>\n<input type=\"hidden\" name=\"_wpcf7_unit_tag\" value=\"wpcf7-f102-o1\" \/>\n<input type=\"hidden\" name=\"_wpcf7_container_post\" value=\"0\" \/>\n<input type=\"hidden\" name=\"_wpcf7_posted_data_hash\" value=\"\" \/>\n<input type=\"hidden\" name=\"_wpcf7_recaptcha_response\" value=\"\" \/>\n<\/div>\n<div class=\"row\"> \n <label><span class=\"label-text\">Name<\/span> \n  <span class=\"wpcf7-form-control-wrap\" data-name=\"text-full-name\"><input size=\"40\" class=\"wpcf7-form-control wpcf7-text wpcf7-validates-as-required\" aria-required=\"true\" aria-invalid=\"false\" placeholder=\"Name\" value=\"\" type=\"text\" name=\"text-full-name\" \/><\/span><\/label> \n<\/div> \n<div class=\"row\"> \n <label><span class=\"label-text\">Phone*<\/span> \n<span class=\"wpcf7-form-control-wrap\" data-name=\"phonetext-270\"><input size=\"40\" class=\"wpcf7-form-control wpcf7-phonetext wpcf7-validates-as-required wpcf7-text wpcf7-validates-as-phonetext\" aria-required=\"true\" aria-invalid=\"false\" placeholder=\"Phone*\" value=\"\" type=\"text\" name=\"phonetext-270\" \/><input type=\"hidden\" name=\"phonetext-270-country-code\" class=\"wpcf7-phonetext-country-code\" \/><\/span><\/label> \n<\/div> \n<div class=\"row\"> \n <label><span class=\"label-text\">E-mail<\/span> \n  <span class=\"wpcf7-form-control-wrap\" data-name=\"email-e-mail\"><input size=\"40\" class=\"wpcf7-form-control wpcf7-email wpcf7-validates-as-required wpcf7-text wpcf7-validates-as-email\" aria-required=\"true\" aria-invalid=\"false\" placeholder=\"E-mail\" value=\"\" type=\"email\" name=\"email-e-mail\" \/><\/span><\/label> \n<\/div> \n<div class=\"row\"><span>Your country<\/span> \n <label><span class=\"wpcf7-form-control-wrap\" data-name=\"countrytext-126\"><input size=\"40\" class=\"wpcf7-form-control wpcf7-countrytext wpcf7-text wpcf7-validates-as-countrytext\" aria-invalid=\"false\" value=\"\" type=\"text\" name=\"countrytext-126\" \/><\/span> <\/label>\n<\/div> \n<div class=\"row\"> \n <button type=\"submit\" class=\"btn\">Send<\/button> \n<\/div> \n<div class=\"row\"> \n <span class=\"wpcf7-form-control-wrap\" data-name=\"checkbox-931\"><span class=\"wpcf7-form-control wpcf7-checkbox\"><span class=\"wpcf7-list-item first\"><label><input type=\"checkbox\" name=\"checkbox-931[]\" value=\"Integrator\" \/><span class=\"wpcf7-list-item-label\">Integrator<\/span><\/label><\/span><span class=\"wpcf7-list-item\"><label><input type=\"checkbox\" name=\"checkbox-931[]\" value=\"Builder\" \/><span class=\"wpcf7-list-item-label\">Builder<\/span><\/label><\/span><span class=\"wpcf7-list-item last\"><label><input type=\"checkbox\" name=\"checkbox-931[]\" value=\"End-User\" \/><span class=\"wpcf7-list-item-label\">End-User<\/span><\/label><\/span><\/span><\/span> \n<\/div> \n<div class=\"row row-upload-file\"> \n <label class=\"upload-file-block js-upload-file\">Attach file \n  <span class=\"wpcf7-form-control-wrap\" data-name=\"file-466\"><input size=\"40\" class=\"wpcf7-form-control wpcf7-file\" accept=\"audio\/*,video\/*,image\/*\" aria-invalid=\"false\" type=\"file\" name=\"file-466\" \/><\/span><\/label> \n<\/div><input type='hidden' class='wpcf7-pum' value='{\"closepopup\":false,\"closedelay\":0,\"openpopup\":false,\"openpopup_id\":0}' \/><div class=\"wpcf7-response-output\" aria-hidden=\"true\"><\/div>\n<\/form>\n<\/div>\n            <\/div>\r\n\r\n\t\t    <div class=\"text-holder\" data-aos=\"fade-left\">\r\n\t\t\t\t\t\t    <h3 class=\"title-block\">How Can We Help?<\/h3>\r\n\t\t\t\r\n\t\t\t                <div class=\"text-block\">\r\n                    Please select a topic below related to your inquiry. If you don&#8217;t find what you need, fill out our contact form.                <\/div>\r\n\t\t\t\r\n\t\t\t\t\t\t    <ul class=\"link-list\">\r\n\t\t\t\t\t\t\t\t\t\t\t\t\t\t\t\t\t\t<li>\r\n\t\t\t\t\t\t\t\t\t\t\t\t\t\t\t\t    <strong>Get Inspired<\/strong>\r\n\t\t\t\t\t\t\t\t\t\t\t\t\t\t\t\t\t\t\t\t\t\t\t\t    <a href=\"\/features\/\">\r\n\t\t\t\t\t\t\t\t        Discover what&#8217;s beneath our intercom\t\t\t\t\t\t\t\t    <\/a>\r\n\t\t\t\t\t\t\t\t\t\t\t\t\t\t\t<\/li>\r\n\t\t\t\t\t\t\t\t\t\t\t\t\t\t\t\t\t\t\t\t\t\t\t\t<li>\r\n\t\t\t\t\t\t\t\t\t\t\t\t\t\t\t\t    <strong>Become a Partner<\/strong>\r\n\t\t\t\t\t\t\t\t\t\t\t\t\t\t\t\t\t\t\t\t\t\t\t\t    <a href=\"\/distributors\/\">\r\n\t\t\t\t\t\t\t\t        Expand your business with BAS-IP intercom\t\t\t\t\t\t\t\t    <\/a>\r\n\t\t\t\t\t\t\t\t\t\t\t\t\t\t\t<\/li>\r\n\t\t\t\t\t\t\t\t\t\t\t\t\t\t\t\t\t\t\t\t\t\t\t\t<li>\r\n\t\t\t\t\t\t\t\t\t\t\t\t\t\t\t\t    <strong>Check the Guides<\/strong>\r\n\t\t\t\t\t\t\t\t\t\t\t\t\t\t\t\t\t\t\t\t\t\t\t\t    <a href=\"\/support\/\">\r\n\t\t\t\t\t\t\t\t        Download detailed manuals and schemes\t\t\t\t\t\t\t\t    <\/a>\r\n\t\t\t\t\t\t\t\t\t\t\t\t\t\t\t<\/li>\r\n\t\t\t\t\t\t\t\t\t\t\t\t\t\t\t<\/ul>\r\n\t\t\t\r\n\t\t\t\t\t\t    <h3 class=\"title-block\">Our contacts<\/h3>\r\n\t\t\t\r\n\t\t\t\t\t\t\t<ul class=\"contact-list\">\r\n\t\t\t\t\t\t\t\t\t\t\t\t\t\t\t\t\t\t<li>\r\n\t\t\t\t\t\t\t\t\t\t\t\t\t\t\t\t\t<strong>Sales:<\/strong>\r\n\t\t\t\t\t\t\t\t\t\t\t\t\t\t\t\t\t\t\t\t\t\t\t\t    <a href=\"mailto:sa&#108;&#101;s&#64;&#98;&#97;&#115;-&#105;p.c&#111;&#109;\">&#115;&#97;l&#101;s&#64;bas-&#105;p.&#99;&#111;&#109;<\/a>\r\n\t\t\t\t\t\t\t\t\t\t\t\t\t\t\t<\/li>\r\n\t\t\t\t\t\t\t\t\t\t\t\t\t\t\t\t\t\t\t\t\t\t\t\t<li>\r\n\t\t\t\t\t\t\t\t\t\t\t\t\t\t\t\t\t<strong>Technical support:<\/strong>\r\n\t\t\t\t\t\t\t\t\t\t\t\t\t\t\t\t\t\t\t\t\t\t\t\t    <a href=\"mailto:s&#117;&#112;&#112;or&#116;&#64;ba&#115;-&#105;p.co&#109;\">&#115;&#117;&#112;port&#64;b&#97;s-ip.&#99;&#111;m<\/a>\r\n\t\t\t\t\t\t\t\t\t\t\t\t\t\t\t<\/li>\r\n\t\t\t\t\t\t\t\t\t\t\t\t\t\t\t<\/ul>\r\n\t\t\t\t\t<\/div>\r\n\t<\/section>\r\n\r\n\r\n\r\n<!-- END Block Sign Up -->","protected":false},"excerpt":{"rendered":"<p>Intercom se seli na Link: Kaj to pomeni za vas? Od 4. marca 2025 aplikacija Intercom za Android ne bo ve\u010d na voljo v trgovini Google Play. Vendar pa bosta spletna razli\u010dica in aplikacija za iOS \u0161e naprej delovali brez kakr\u0161nih koli sprememb, stre\u017eniki Intercom pa bodo ostali aktivni, da se zagotovi stabilnost in dostop [&hellip;]<\/p>","protected":false},"author":1,"featured_media":0,"parent":0,"menu_order":0,"comment_status":"closed","ping_status":"closed","template":"","meta":{"inline_featured_image":false,"footnotes":""},"class_list":["post-131245","page","type-page","status-publish","hentry"],"acf":[],"_links":{"self":[{"href":"https:\/\/bas-ip.com\/sl\/wp-json\/wp\/v2\/pages\/131245","targetHints":{"allow":["GET"]}}],"collection":[{"href":"https:\/\/bas-ip.com\/sl\/wp-json\/wp\/v2\/pages"}],"about":[{"href":"https:\/\/bas-ip.com\/sl\/wp-json\/wp\/v2\/types\/page"}],"author":[{"embeddable":true,"href":"https:\/\/bas-ip.com\/sl\/wp-json\/wp\/v2\/users\/1"}],"replies":[{"embeddable":true,"href":"https:\/\/bas-ip.com\/sl\/wp-json\/wp\/v2\/comments?post=131245"}],"version-history":[{"count":3,"href":"https:\/\/bas-ip.com\/sl\/wp-json\/wp\/v2\/pages\/131245\/revisions"}],"predecessor-version":[{"id":131549,"href":"https:\/\/bas-ip.com\/sl\/wp-json\/wp\/v2\/pages\/131245\/revisions\/131549"}],"wp:attachment":[{"href":"https:\/\/bas-ip.com\/sl\/wp-json\/wp\/v2\/media?parent=131245"}],"curies":[{"name":"wp","href":"https:\/\/api.w.org\/{rel}","templated":true}]}}