{"id":123094,"date":"2023-03-31T12:50:05","date_gmt":"2023-03-31T12:50:05","guid":{"rendered":"https:\/\/bas-ip.com\/?page_id=123094"},"modified":"2025-03-14T10:11:30","modified_gmt":"2025-03-14T10:11:30","slug":"dvigalo-dvigalo","status":"publish","type":"page","link":"https:\/\/bas-ip.com\/sl\/dvigalo\/","title":{"rendered":"Dvigalo"},"content":{"rendered":"<h1 class=\"wp-block-heading\"><strong>Interkom za dvigala, ki temelji na tehnologiji IP<\/strong><\/h1>\n\n\n\n<p>V vedno bolj povezanem svetu je komunikacija postala najpomembnej\u0161a. To \u0161e posebej velja za okolja, v katerih sta varnost in dostopnost klju\u010dnega pomena, na primer v dvigalih. Domofonski sistem v dvigalih ima klju\u010dno vlogo pri zagotavljanju dobrega po\u010dutja potnikov in vse bolj velja za obvezen element. Spoznajmo prednosti uporabe dvi\u017enih domofonskih sistemov BAS-IP, ki temeljijo na protokolu IP, in kako revolucionarno spreminjajo izku\u0161nje v dvigalih.<\/p>\n\n\n<!-- START Block Features --><section id=\"block_6437d003aff43\" class=\"features-section\">\r\n\t\r\n    <div class=\"features-list\">\r\n                    <div class=\"features-item\" data-aos=\"fade-up\">\r\n    <div class=\"features-box\">\r\n                    <div class=\"image-holder\">\r\n                <img loading=\"lazy\" decoding=\"async\" width=\"350\" height=\"320\" src=\"https:\/\/bas-ip.com\/wp-content\/uploads\/2023\/04\/1-6-350x320.jpg\" class=\"attachment-thumbnail_350x320 size-thumbnail_350x320\" alt=\"\" \/>            <\/div>\r\n        \r\n        <div class=\"text-holder\">\r\n                        <h3 class=\"title-block\">Potreba po domofonih v dvigalih<\/h3>\r\n          \r\n                        <div class=\"text-block\">\r\n                <p>Domofoni v dvigalih slu\u017eijo kot re\u0161ilna bilka za potnike v nujnih primerih ali ob tehni\u010dnih te\u017eavah. Zagotavljajo neposreden komunikacijski kanal z vodstvom stavbe ali re\u0161evalnimi slu\u017ebami, kar zagotavlja hitro pomo\u010d, ko je ta potrebna. Zato je zanesljiv in u\u010dinkovit domofonski sistem v dvigalih bistvenega pomena za ohranjanje varnostnih standardov in pomirjanje potnikov.<\/p>\n              <\/div>\r\n                  <\/div>\r\n    <\/div>\r\n<\/div>\r\n                    <div class=\"features-item\" data-aos=\"fade-up\">\r\n    <div class=\"features-box\">\r\n                    <div class=\"image-holder\">\r\n                <img loading=\"lazy\" decoding=\"async\" width=\"350\" height=\"320\" src=\"https:\/\/bas-ip.com\/wp-content\/uploads\/2023\/04\/2-6-350x320.jpg\" class=\"attachment-thumbnail_350x320 size-thumbnail_350x320\" alt=\"\" \/>            <\/div>\r\n        \r\n        <div class=\"text-holder\">\r\n                        <h3 class=\"title-block\">Domofoni na osnovi IP: korak nad tradicionalnimi sistemi<\/h3>\r\n          \r\n                        <div class=\"text-block\">\r\n                <p>Tradicionalni analogni domofonski sistemi so \u017ee vrsto let standard. Vendar se je s prihodom re\u0161itev na osnovi protokola IP, ki uporabljajo internetni protokol (IP) in protokol SIP (Session Initiation Protocol), spremenila paradigma komuniciranja v dvigalih.<\/p>\n              <\/div>\r\n                  <\/div>\r\n    <\/div>\r\n<\/div>\r\n                    <div class=\"features-item\" data-aos=\"fade-up\">\r\n    <div class=\"features-box\">\r\n                    <div class=\"image-holder\">\r\n                <img loading=\"lazy\" decoding=\"async\" width=\"350\" height=\"320\" src=\"https:\/\/bas-ip.com\/wp-content\/uploads\/2023\/04\/3-6-350x320.jpg\" class=\"attachment-thumbnail_350x320 size-thumbnail_350x320\" alt=\"\" \/>            <\/div>\r\n        \r\n        <div class=\"text-holder\">\r\n                        <h3 class=\"title-block\">Partnerstvo z globalnimi proizvajalci dvigal<\/h3>\r\n          \r\n                        <div class=\"text-block\">\r\n                <p>BAS-IP je vzpostavil partnerstva z vodilnimi proizvajalci dvigal, kot je Kone, da bi zagotovil nemoteno integracijo z njihovimi izdelki. To sodelovanje omogo\u010da popoln nadzor nad dvigali Kone iz interkomov BAS-IP, name\u0161\u010denih v stanovanjih, kar ustvarja celovito in poenostavljeno uporabni\u0161ko izku\u0161njo.<\/p>\n              <\/div>\r\n                  <\/div>\r\n    <\/div>\r\n<\/div>\r\n            <\/div>\r\n<\/section>\r\n<!-- END Block Features -->\n\n\n<h2 class=\"wp-block-heading\"><strong>Prednosti interkomov za dvigala BAS-IP<\/strong><\/h2>\n\n\n\n<p>V primerjavi s tradicionalnimi analognimi sistemi imajo interkomi za dvigala na osnovi IP, kot je re\u0161itev BAS-IP, ve\u010d prednosti:<\/p>\n\n\n<!-- START Block Features --><section id=\"block_6437d09daff47\" class=\"features-section\">\r\n\t\r\n    <div class=\"features-list\">\r\n                    <div class=\"features-item\" data-aos=\"fade-up\">\r\n    <div class=\"features-box\">\r\n                    <div class=\"image-holder\">\r\n                <img loading=\"lazy\" decoding=\"async\" width=\"350\" height=\"320\" src=\"https:\/\/bas-ip.com\/wp-content\/uploads\/2023\/04\/4-6-350x320.jpg\" class=\"attachment-thumbnail_350x320 size-thumbnail_350x320\" alt=\"\" \/>            <\/div>\r\n        \r\n        <div class=\"text-holder\">\r\n                        <h3 class=\"title-block\">Izbolj\u0161ana kakovost zvoka in videa<\/h3>\r\n          \r\n                        <div class=\"text-block\">\r\n                <p>Interkomi BAS-IP imajo vgrajene kamere, ki upravi stavbe in varnostnemu osebju omogo\u010dajo spremljanje dejavnosti v dvigalu v realnem \u010dasu. Ta funkcija ne izbolj\u0161uje le splo\u0161ne varnosti stavbe, temve\u010d tudi odvra\u010da morebitne storilce kaznivih dejanj.<\/p>\n              <\/div>\r\n                  <\/div>\r\n    <\/div>\r\n<\/div>\r\n                    <div class=\"features-item\" data-aos=\"fade-up\">\r\n    <div class=\"features-box\">\r\n                    <div class=\"image-holder\">\r\n                <img loading=\"lazy\" decoding=\"async\" width=\"350\" height=\"320\" src=\"https:\/\/bas-ip.com\/wp-content\/uploads\/2023\/04\/5-6-350x320.jpg\" class=\"attachment-thumbnail_350x320 size-thumbnail_350x320\" alt=\"\" \/>            <\/div>\r\n        \r\n        <div class=\"text-holder\">\r\n                        <h3 class=\"title-block\">Neomejeno \u0161tevilo naprav in podpora za terminale Concierge<\/h3>\r\n          \r\n                        <div class=\"text-block\">\r\n                <p>Re\u0161itev BAS-IP podpira neomejeno \u0161tevilo naprav v omre\u017eju, vklju\u010dno z vklju\u010ditvijo terminala concierge. Ta raz\u0161irljivost zagotavlja, da lahko sistem raste skupaj s stavbo in se prilagaja morebitnim spremembam zahtev, ne da bi pri tem ogrozil zmogljivost ali zanesljivost.<\/p>\n              <\/div>\r\n                  <\/div>\r\n    <\/div>\r\n<\/div>\r\n                    <div class=\"features-item\" data-aos=\"fade-up\">\r\n    <div class=\"features-box\">\r\n                    <div class=\"image-holder\">\r\n                <img loading=\"lazy\" decoding=\"async\" width=\"350\" height=\"320\" src=\"https:\/\/bas-ip.com\/wp-content\/uploads\/2023\/04\/6-5-350x320.jpg\" class=\"attachment-thumbnail_350x320 size-thumbnail_350x320\" alt=\"\" \/>            <\/div>\r\n        \r\n        <div class=\"text-holder\">\r\n                        <h3 class=\"title-block\">La\u017eja namestitev in vzdr\u017eevanje<\/h3>\r\n          \r\n                        <div class=\"text-block\">\r\n                <p>IP-domofoni za dvigala uporabljajo obstoje\u010do omre\u017eno infrastrukturo, zato je njihova namestitev in vzdr\u017eevanje preprostej\u0161e in stro\u0161kovno u\u010dinkovitej\u0161e.<\/p>\n<p>V dana\u0161njem vse bolj povezanem svetu ni mogo\u010de preceniti potrebe po u\u010dinkoviti in zanesljivi komunikaciji v dvigalih. Domofonski sistemi za dvigala na osnovi protokola IP, kot je re\u0161itev BAS-IP, so postali zlati standard na tem podro\u010dju in ponujajo \u0161tevilne prednosti v primerjavi s tradicionalnimi analognimi sistemi. Od izbolj\u0161ane kakovosti zvoka in videa do brezhibne integracije z drugimi sistemi za upravljanje stavb, interkomi IP spreminjajo izku\u0161njo z dvigali na bolje. Tako lahko lastniki, upravitelji in uporabniki stavb u\u017eivajo v ve\u010dji varnosti, udobju in miru.<\/p>\n              <\/div>\r\n                  <\/div>\r\n    <\/div>\r\n<\/div>\r\n            <\/div>\r\n<\/section>\r\n<!-- END Block Features -->\n\n<!-- START Block FAQ --><section id=\"block_6426d69cbc4a0\" class=\"faq-section\">\r\n\t\t    <h2 class=\"title-section\" data-aos=\"fade-right\">Pogosto zastavljena vpra\u0161anja<\/h2>\r\n\t\t\t    <div class=\"faq-list js-accordion\" data-aos=\"fade-up\">\r\n\t\t\t\t\t\t\t\t\t\t\t    <div class=\"accordion-item faq-item\">\r\n                        <div class=\"accordion-opener\">\r\n                            Q: Zakaj so domofoni za dvigala obvezni?                            <i class=\"fa-solid fa-chevron-down\"><\/i>\r\n                        <\/div>\r\n                        <div class=\"accordion-slide\">\r\n\t\t\t\t\t\t    <p>Domofoni v dvigalih veljajo za obvezne, saj zagotavljajo neposreden komunikacijski kanal med potniki in upravo stavbe ali re\u0161evalnimi slu\u017ebami, kar zagotavlja pravo\u010dasno pomo\u010d v nujnih primerih ali ob tehni\u010dnih te\u017eavah.<\/p>\n                        <\/div>\r\n\t\t\t\t\t<\/div>\r\n\t\t\t\t\t\t\t\t\t\t\t\t\t\t\t    <div class=\"accordion-item faq-item\">\r\n                        <div class=\"accordion-opener\">\r\n                            Q: Zakaj so domofoni za dvigala na osnovi IP bolj\u0161i od tradicionalnih analognih sistemov?                            <i class=\"fa-solid fa-chevron-down\"><\/i>\r\n                        <\/div>\r\n                        <div class=\"accordion-slide\">\r\n\t\t\t\t\t\t    <p>Domofoni za dvigala na osnovi IP, kot je re\u0161itev BAS-IP, imajo v primerjavi s tradicionalnimi analognimi sistemi ve\u010d prednosti, vklju\u010dno z izbolj\u0161ano kakovostjo zvoka in videa, raz\u0161irljivostjo, la\u017ejo namestitvijo in vzdr\u017eevanjem, vgrajenimi funkcijami kamer ter nemoteno integracijo z drugimi sistemi na osnovi IP.<\/p>\n                        <\/div>\r\n\t\t\t\t\t<\/div>\r\n\t\t\t\t\t\t\t\t\t\t\t\t\t\t\t    <div class=\"accordion-item faq-item\">\r\n                        <div class=\"accordion-opener\">\r\n                            Q: Kako funkcija vgrajene kamere v IP domofonih izbolj\u0161a varnost dvigal?                            <i class=\"fa-solid fa-chevron-down\"><\/i>\r\n                        <\/div>\r\n                        <div class=\"accordion-slide\">\r\n\t\t\t\t\t\t    <p>Funkcija vgrajene kamere v interkomih IP omogo\u010da upravi stavbe in varnostnemu osebju spremljanje dejavnosti v dvigalu v realnem \u010dasu. Ta dodatna raven varnosti lahko odvra\u010da morebitne kr\u0161itelje in zagotavlja vizualne dokaze v primeru kakr\u0161nih koli incidentov.<\/p>\n                        <\/div>\r\n\t\t\t\t\t<\/div>\r\n\t\t\t\t\t\t\t\t\t\t\t\t\t\t\t    <div class=\"accordion-item faq-item\">\r\n                        <div class=\"accordion-opener\">\r\n                            Q: Ali lahko domofoni za dvigala na osnovi IP delujejo z drugimi sistemi za upravljanje zgradb?                            <i class=\"fa-solid fa-chevron-down\"><\/i>\r\n                        <\/div>\r\n                        <div class=\"accordion-slide\">\r\n\t\t\t\t\t\t    <p>Da, interkomi za dvigala na osnovi protokola IP so zasnovani tako, da jih je mogo\u010de brez te\u017eav povezati z drugimi sistemi za upravljanje stavb na osnovi protokola IP. To omogo\u010da bolj povezan in u\u010dinkovit ekosistem za upravljanje stavb ter pove\u010duje splo\u0161no varnost in udobje.<\/p>\n                        <\/div>\r\n\t\t\t\t\t<\/div>\r\n\t\t\t\t\t\t\t\t\t\t\t\t\t\t\t    <div class=\"accordion-item faq-item\">\r\n                        <div class=\"accordion-opener\">\r\n                            Q: Kako partnerstvo med BAS-IP in proizvajalci dvigal, kot je Kone, koristi uporabnikom?                            <i class=\"fa-solid fa-chevron-down\"><\/i>\r\n                        <\/div>\r\n                        <div class=\"accordion-slide\">\r\n\t\t\t\t\t\t    <p>Partnerstvo med BAS-IP in proizvajalci dvigal, kot je Kone, omogo\u010da nemoteno integracijo njihovih izdelkov. To sodelovanje omogo\u010da popoln nadzor nad dvigali Kone iz interkomov BAS-IP, name\u0161\u010denih v stanovanjih, kar zagotavlja celovito in poenostavljeno uporabni\u0161ko izku\u0161njo.<\/p>\n                        <\/div>\r\n\t\t\t\t\t<\/div>\r\n\t\t\t\t\t\t\t\t\t<\/div>\r\n\t<\/section>\r\n<!-- END Block FAQ -->","protected":false},"excerpt":{"rendered":"<p>Interkom za dvigala, ki temelji na tehnologiji IP V vedno bolj povezanem svetu je komunikacija postala najpomembnej\u0161a. To \u0161e posebej velja za okolja, v katerih sta varnost in dostopnost klju\u010dnega pomena, na primer v dvigalih. Domofonski sistem v dvigalih ima klju\u010dno vlogo pri zagotavljanju dobrega po\u010dutja potnikov in vse bolj velja za obvezen element. Spoznajmo [&hellip;]<\/p>","protected":false},"author":3,"featured_media":0,"parent":0,"menu_order":0,"comment_status":"closed","ping_status":"closed","template":"","meta":{"inline_featured_image":false,"footnotes":""},"class_list":["post-123094","page","type-page","status-publish","hentry"],"acf":[],"_links":{"self":[{"href":"https:\/\/bas-ip.com\/sl\/wp-json\/wp\/v2\/pages\/123094","targetHints":{"allow":["GET"]}}],"collection":[{"href":"https:\/\/bas-ip.com\/sl\/wp-json\/wp\/v2\/pages"}],"about":[{"href":"https:\/\/bas-ip.com\/sl\/wp-json\/wp\/v2\/types\/page"}],"author":[{"embeddable":true,"href":"https:\/\/bas-ip.com\/sl\/wp-json\/wp\/v2\/users\/3"}],"replies":[{"embeddable":true,"href":"https:\/\/bas-ip.com\/sl\/wp-json\/wp\/v2\/comments?post=123094"}],"version-history":[{"count":3,"href":"https:\/\/bas-ip.com\/sl\/wp-json\/wp\/v2\/pages\/123094\/revisions"}],"predecessor-version":[{"id":133688,"href":"https:\/\/bas-ip.com\/sl\/wp-json\/wp\/v2\/pages\/123094\/revisions\/133688"}],"wp:attachment":[{"href":"https:\/\/bas-ip.com\/sl\/wp-json\/wp\/v2\/media?parent=123094"}],"curies":[{"name":"wp","href":"https:\/\/api.w.org\/{rel}","templated":true}]}}