{"id":122488,"date":"2024-05-15T14:21:12","date_gmt":"2024-05-15T14:21:12","guid":{"rendered":"https:\/\/bas-ip.com\/?page_id=122488"},"modified":"2024-11-05T14:48:45","modified_gmt":"2024-11-05T14:48:45","slug":"politika-podpore-za-vdelano-programsko-opremo","status":"publish","type":"page","link":"https:\/\/bas-ip.com\/sl\/politika-podpore-za-vdelano-programsko-opremo\/","title":{"rendered":"Politika podpore za vdelano programsko opremo"},"content":{"rendered":"<p><strong>Vzdr\u017eevanje vdelane programske opreme<\/strong><\/p>\n\n\n\n<p id=\"block-c7c7b528-baae-46ec-9e52-46a2a8c3830a\">BAS-IP lahko po lastni presoji zagotovi osnovno podporo za strojno programsko opremo med veljavnim garancijskim obdobjem za strojno opremo. Med garancijskim obdobjem lahko BAS-IP izda vzdr\u017eevalne izdaje ali popravke napak v strojni opremi.<\/p>\n\n\n\n<p id=\"block-59953916-f7f9-4016-9ec3-cdf53ffcbbab\">Po preteku garancijskega obdobja BAS-IP ne bo ve\u010d razvijal, vzdr\u017eeval ali preizku\u0161al zadevne strojne programske opreme. Vendar pa lahko BAS-IP po lastni izbiri in na podlagi posameznega izdelka nudi podporo tudi po izteku garancijskega obdobja. Vsa vdelana programska oprema BAS-IP, med drugim tudi vdelana programska oprema, ki je predhodno name\u0161\u010dena na strojni opremi BAS-IP in za katero velja storitev RMA, je dobavljena &#8220;tak\u0161na, kot je&#8221;.<\/p>\n\n\n\n<p>Za vdelano programsko opremo BAS-IP ne velja garancija BAS-IP.<\/p>\n\n\n\n<p><\/p>\n\n\n\n<p><\/p>","protected":false},"excerpt":{"rendered":"<p>Vzdr\u017eevanje vdelane programske opreme BAS-IP lahko po lastni presoji zagotovi osnovno podporo za strojno programsko opremo med veljavnim garancijskim obdobjem za strojno opremo. Med garancijskim obdobjem lahko BAS-IP izda vzdr\u017eevalne izdaje ali popravke napak v strojni opremi. Po preteku garancijskega obdobja BAS-IP ne bo ve\u010d razvijal, vzdr\u017eeval ali preizku\u0161al zadevne strojne programske opreme. Vendar pa [&hellip;]<\/p>","protected":false},"author":3,"featured_media":0,"parent":0,"menu_order":0,"comment_status":"closed","ping_status":"closed","template":"","meta":{"inline_featured_image":false,"footnotes":""},"class_list":["post-122488","page","type-page","status-publish","hentry"],"acf":[],"_links":{"self":[{"href":"https:\/\/bas-ip.com\/sl\/wp-json\/wp\/v2\/pages\/122488","targetHints":{"allow":["GET"]}}],"collection":[{"href":"https:\/\/bas-ip.com\/sl\/wp-json\/wp\/v2\/pages"}],"about":[{"href":"https:\/\/bas-ip.com\/sl\/wp-json\/wp\/v2\/types\/page"}],"author":[{"embeddable":true,"href":"https:\/\/bas-ip.com\/sl\/wp-json\/wp\/v2\/users\/3"}],"replies":[{"embeddable":true,"href":"https:\/\/bas-ip.com\/sl\/wp-json\/wp\/v2\/comments?post=122488"}],"version-history":[{"count":1,"href":"https:\/\/bas-ip.com\/sl\/wp-json\/wp\/v2\/pages\/122488\/revisions"}],"predecessor-version":[{"id":122489,"href":"https:\/\/bas-ip.com\/sl\/wp-json\/wp\/v2\/pages\/122488\/revisions\/122489"}],"wp:attachment":[{"href":"https:\/\/bas-ip.com\/sl\/wp-json\/wp\/v2\/media?parent=122488"}],"curies":[{"name":"wp","href":"https:\/\/api.w.org\/{rel}","templated":true}]}}