{"id":121716,"date":"2024-02-14T09:43:47","date_gmt":"2024-02-14T09:43:47","guid":{"rendered":"https:\/\/bas-ip.com\/?page_id=121716"},"modified":"2024-11-04T18:05:39","modified_gmt":"2024-11-04T18:05:39","slug":"axis","status":"publish","type":"page","link":"https:\/\/bas-ip.com\/sl\/axis\/","title":{"rendered":"Axis"},"content":{"rendered":"<div class=\"wp-block-image\">\n<figure class=\"aligncenter size-medium\"><img loading=\"lazy\" decoding=\"async\" width=\"300\" height=\"108\" src=\"https:\/\/bas-ip.com\/wp-content\/uploads\/2024\/02\/Axis_Communications_logo.svg-300x108.png\" alt=\"\" class=\"wp-image-108863\" srcset=\"https:\/\/bas-ip.com\/wp-content\/uploads\/2024\/02\/Axis_Communications_logo.svg-300x108.png 300w,  https:\/\/bas-ip.com\/wp-content\/uploads\/2024\/02\/Axis_Communications_logo.svg-1024x369.png 1024w,  https:\/\/bas-ip.com\/wp-content\/uploads\/2024\/02\/Axis_Communications_logo.svg-768x277.png 768w,  https:\/\/bas-ip.com\/wp-content\/uploads\/2024\/02\/Axis_Communications_logo.svg-767x276.png 767w,  https:\/\/bas-ip.com\/wp-content\/uploads\/2024\/02\/Axis_Communications_logo.svg.png 1280w\" sizes=\"auto, (max-width: 300px) 100vw, 300px\" \/><\/figure>\n<\/div>\n\n\n<p>Integracija interkomov BAS-IP s kamerami AXIS CCTV, zlasti za funkcijo samodejnega prepoznavanja registrskih tablic (ALPR), vklju\u010duje preprosto, a u\u010dinkovito nastavitev. Ta integracija omogo\u010da nemoteno delovanje in stro\u0161kovno u\u010dinkovitost, saj odpravlja potrebo po profesionalni programski opremi ALPR. Tukaj je podroben opis delovanja te integracije:<\/p>\n\n\n\n<p><strong>Pregled integracije<\/strong><\/p>\n\n\n\n<p>Cilj: avtomatizirati odpiranje vrat s pomo\u010djo prepoznavanja registrskih tablic z uporabo interkomov BAS-IP in kamer AXIS CCTV z mo\u017enostjo ALPR.<\/p>\n\n\n\n<p><strong>Sestavine:<\/strong><\/p>\n\n\n\n<p><strong>1.<\/strong> Interkomska plo\u0161\u010da BAS-IP: Vklju\u010duje kamere IP, ki jih je mogo\u010de povezati z naprednim domofonskim sistemom.<\/p>\n\n\n\n<p id=\"block-e9a5787b-a161-4bda-978e-961241a6f7eb\"><strong>2. <\/strong>Kamera AXIS s funkcijo ALPR: AXIS P1455-LE-3, AXIS P3245-LVE-3 ali AXIS Q1700-LE so primerni za to integracijo.<\/p>\n\n\n\n<p><strong>3.<\/strong> Podatkovna zbirka registrskih tablic: Vmesnik BAS-IP ali programska oprema BAS-IP Link: shranjena v pomnilniku zunanje plo\u0161\u010de domofona BAS-IP ali v programski opremi BAS-IP Link.<\/p>\n\n\n\n<p><strong>Kako deluje<\/strong><\/p>\n\n\n\n<p><strong>1.<\/strong> Namestitev in nastavitev: Uporabnik kupi domofonsko plo\u0161\u010do BAS-IP in kamero AXIS, opremljeno s tehnologijo ALPR.<\/p>\n\n\n\n<p id=\"block-e38aa314-363c-4794-bbec-0d2031de9497\"><strong>2.<\/strong> Konfiguracija omre\u017eja: Kamera AXIS in vhodna plo\u0161\u010da BAS-IP morata biti za u\u010dinkovito komunikacijo v istem podomre\u017eju.<\/p>\n\n\n\n<p id=\"block-5f1f9bb3-fb13-4231-9499-fa01325511a5\"><strong>3.<\/strong> Registracija registrske tablice: Registracija in hramba registrskih tablic vozil. To lahko storite prek spletnega vmesnika domofona ali programske opreme BAS-IP Link.<\/p>\n\n\n\n<p id=\"block-f6d951bb-85f7-4d46-ab0a-2c27a1fb4b6d\"><strong>4.<\/strong> Skeniranje registrskih tablic: Ko se vozilo pribli\u017ea vratom, kamera AXIS skenira registrsko tablico.<\/p>\n\n\n\n<p><strong>5.<\/strong> Prepoznavanje in ukrepanje: \u010ce se opti\u010dno prebrana tablica ujema s tablico v shranjeni zbirki podatkov, domofonska plo\u0161\u010da BAS-IP spro\u017ei samodejno odpiranje vrat.<\/p>\n\n\n\n<p><strong>Prednosti<\/strong><\/p>\n\n\n\n<p>Stro\u0161kovna u\u010dinkovitost: Ne potrebujete drage profesionalne programske opreme ALPR.<\/p>\n\n\n\n<p id=\"block-018e5313-68a9-4de3-867b-a20b5d09e507\">Enostavna uporaba: Enostavna nastavitev in uporabniku prijazno upravljanje registrskih tablic prek spletnega vmesnika ali programske opreme BAS-IP.<\/p>\n\n\n\n<p id=\"block-497008f0-23ce-497e-88da-11432c5dd7ce\">Izbolj\u0161ana varnost: Avtomatizirano delovanje vrat na podlagi prepoznanih registrskih tablic pomeni dodatno stopnjo varnosti.<\/p>\n\n\n\n<p>Prilagodljivost: Primerno za razli\u010dne aplikacije, kot so stanovanjski kompleksi, poslovne stavbe ali ograjene skupnosti.<\/p>\n\n\n\n<p>Z zdru\u017eitvijo napredne tehnologije interkomov BAS-IP in natan\u010dnosti kamer AXIS, opremljenih z ALPR, lahko uporabniki u\u017eivajo v visoki stopnji varnosti in udobja brez potrebe po dodatni programski opremi ALPR.<\/p>\n\n\n<!-- START Block Sign Up --><section id=\"block_629678229e935\" class=\"sign-up-section\">\r\n\r\n    <div class=\"form-holder js-form\" data-aos=\"fade-right\">\r\n                    <div class=\"title-block h3\">Sign up for connection<\/div>\r\n        \r\n                    <div class=\"text-block\">\r\n                Filling out all the information needed to answer you as quickly as possible            <\/div>\r\n        \r\n                    \n<div class=\"wpcf7 no-js\" id=\"wpcf7-f102-o1\" lang=\"en-US\" dir=\"ltr\">\n<div class=\"screen-reader-response\"><p role=\"status\" aria-live=\"polite\" aria-atomic=\"true\"><\/p> <ul><\/ul><\/div>\n<form action=\"\/sl\/wp-json\/wp\/v2\/pages\/121716#wpcf7-f102-o1\" method=\"post\" class=\"wpcf7-form init\" aria-label=\"Contact form\" enctype=\"multipart\/form-data\" novalidate=\"novalidate\" data-status=\"init\">\n<div style=\"display: none;\">\n<input type=\"hidden\" name=\"_wpcf7\" value=\"102\" \/>\n<input type=\"hidden\" name=\"_wpcf7_version\" value=\"5.8.3\" \/>\n<input type=\"hidden\" name=\"_wpcf7_locale\" value=\"en_US\" \/>\n<input type=\"hidden\" name=\"_wpcf7_unit_tag\" value=\"wpcf7-f102-o1\" \/>\n<input type=\"hidden\" name=\"_wpcf7_container_post\" value=\"0\" \/>\n<input type=\"hidden\" name=\"_wpcf7_posted_data_hash\" value=\"\" \/>\n<input type=\"hidden\" name=\"_wpcf7_recaptcha_response\" value=\"\" \/>\n<\/div>\n<div class=\"row\"> \n <label><span class=\"label-text\">Name<\/span> \n  <span class=\"wpcf7-form-control-wrap\" data-name=\"text-full-name\"><input size=\"40\" class=\"wpcf7-form-control wpcf7-text wpcf7-validates-as-required\" aria-required=\"true\" aria-invalid=\"false\" placeholder=\"Name\" value=\"\" type=\"text\" name=\"text-full-name\" \/><\/span><\/label> \n<\/div> \n<div class=\"row\"> \n <label><span class=\"label-text\">Phone*<\/span> \n<span class=\"wpcf7-form-control-wrap\" data-name=\"phonetext-270\"><input size=\"40\" class=\"wpcf7-form-control wpcf7-phonetext wpcf7-validates-as-required wpcf7-text wpcf7-validates-as-phonetext\" aria-required=\"true\" aria-invalid=\"false\" placeholder=\"Phone*\" value=\"\" type=\"text\" name=\"phonetext-270\" \/><input type=\"hidden\" name=\"phonetext-270-country-code\" class=\"wpcf7-phonetext-country-code\" \/><\/span><\/label> \n<\/div> \n<div class=\"row\"> \n <label><span class=\"label-text\">E-mail<\/span> \n  <span class=\"wpcf7-form-control-wrap\" data-name=\"email-e-mail\"><input size=\"40\" class=\"wpcf7-form-control wpcf7-email wpcf7-validates-as-required wpcf7-text wpcf7-validates-as-email\" aria-required=\"true\" aria-invalid=\"false\" placeholder=\"E-mail\" value=\"\" type=\"email\" name=\"email-e-mail\" \/><\/span><\/label> \n<\/div> \n<div class=\"row\"><span>Your country<\/span> \n <label><span class=\"wpcf7-form-control-wrap\" data-name=\"countrytext-126\"><input size=\"40\" class=\"wpcf7-form-control wpcf7-countrytext wpcf7-text wpcf7-validates-as-countrytext\" aria-invalid=\"false\" value=\"\" type=\"text\" name=\"countrytext-126\" \/><\/span> <\/label>\n<\/div> \n<div class=\"row\"> \n <button type=\"submit\" class=\"btn\">Send<\/button> \n<\/div> \n<div class=\"row\"> \n <span class=\"wpcf7-form-control-wrap\" data-name=\"checkbox-931\"><span class=\"wpcf7-form-control wpcf7-checkbox\"><span class=\"wpcf7-list-item first\"><label><input type=\"checkbox\" name=\"checkbox-931[]\" value=\"Integrator\" \/><span class=\"wpcf7-list-item-label\">Integrator<\/span><\/label><\/span><span class=\"wpcf7-list-item\"><label><input type=\"checkbox\" name=\"checkbox-931[]\" value=\"Builder\" \/><span class=\"wpcf7-list-item-label\">Builder<\/span><\/label><\/span><span class=\"wpcf7-list-item last\"><label><input type=\"checkbox\" name=\"checkbox-931[]\" value=\"End-User\" \/><span class=\"wpcf7-list-item-label\">End-User<\/span><\/label><\/span><\/span><\/span> \n<\/div> \n<div class=\"row row-upload-file\"> \n <label class=\"upload-file-block js-upload-file\">Attach file \n  <span class=\"wpcf7-form-control-wrap\" data-name=\"file-466\"><input size=\"40\" class=\"wpcf7-form-control wpcf7-file\" accept=\"audio\/*,video\/*,image\/*\" aria-invalid=\"false\" type=\"file\" name=\"file-466\" \/><\/span><\/label> \n<\/div><input type='hidden' class='wpcf7-pum' value='{\"closepopup\":false,\"closedelay\":0,\"openpopup\":false,\"openpopup_id\":0}' \/><div class=\"wpcf7-response-output\" aria-hidden=\"true\"><\/div>\n<\/form>\n<\/div>\n            <\/div>\r\n\r\n\t\t    <div class=\"text-holder\" data-aos=\"fade-left\">\r\n\t\t\t\t\t\t    <h3 class=\"title-block\">How Can We Help?<\/h3>\r\n\t\t\t\r\n\t\t\t                <div class=\"text-block\">\r\n                    Please select a topic below related to your inquiry. If you don&#8217;t find what you need, fill out our contact form.                <\/div>\r\n\t\t\t\r\n\t\t\t\t\t\t    <ul class=\"link-list\">\r\n\t\t\t\t\t\t\t\t\t\t\t\t\t\t\t\t\t\t<li>\r\n\t\t\t\t\t\t\t\t\t\t\t\t\t\t\t\t    <strong>Get Inspired<\/strong>\r\n\t\t\t\t\t\t\t\t\t\t\t\t\t\t\t\t\t\t\t\t\t\t\t\t    <a href=\"\/features\/\">\r\n\t\t\t\t\t\t\t\t        Discover what&#8217;s beneath our intercom\t\t\t\t\t\t\t\t    <\/a>\r\n\t\t\t\t\t\t\t\t\t\t\t\t\t\t\t<\/li>\r\n\t\t\t\t\t\t\t\t\t\t\t\t\t\t\t\t\t\t\t\t\t\t\t\t<li>\r\n\t\t\t\t\t\t\t\t\t\t\t\t\t\t\t\t    <strong>Become a Partner<\/strong>\r\n\t\t\t\t\t\t\t\t\t\t\t\t\t\t\t\t\t\t\t\t\t\t\t\t    <a href=\"\/distributors\/\">\r\n\t\t\t\t\t\t\t\t        Expand your business with BAS-IP intercom\t\t\t\t\t\t\t\t    <\/a>\r\n\t\t\t\t\t\t\t\t\t\t\t\t\t\t\t<\/li>\r\n\t\t\t\t\t\t\t\t\t\t\t\t\t\t\t\t\t\t\t\t\t\t\t\t<li>\r\n\t\t\t\t\t\t\t\t\t\t\t\t\t\t\t\t    <strong>Check the Guides<\/strong>\r\n\t\t\t\t\t\t\t\t\t\t\t\t\t\t\t\t\t\t\t\t\t\t\t\t    <a href=\"\/support\/\">\r\n\t\t\t\t\t\t\t\t        Download detailed manuals and schemes\t\t\t\t\t\t\t\t    <\/a>\r\n\t\t\t\t\t\t\t\t\t\t\t\t\t\t\t<\/li>\r\n\t\t\t\t\t\t\t\t\t\t\t\t\t\t\t<\/ul>\r\n\t\t\t\r\n\t\t\t\t\t\t    <h3 class=\"title-block\">Our contacts<\/h3>\r\n\t\t\t\r\n\t\t\t\t\t\t\t<ul class=\"contact-list\">\r\n\t\t\t\t\t\t\t\t\t\t\t\t\t\t\t\t\t\t<li>\r\n\t\t\t\t\t\t\t\t\t\t\t\t\t\t\t\t\t<strong>Sales:<\/strong>\r\n\t\t\t\t\t\t\t\t\t\t\t\t\t\t\t\t\t\t\t\t\t\t\t\t    <a href=\"mailto:sa&#108;&#101;s&#64;bas-i&#112;.co&#109;\">&#115;&#97;&#108;&#101;&#115;&#64;b&#97;s-&#105;&#112;.c&#111;&#109;<\/a>\r\n\t\t\t\t\t\t\t\t\t\t\t\t\t\t\t<\/li>\r\n\t\t\t\t\t\t\t\t\t\t\t\t\t\t\t\t\t\t\t\t\t\t\t\t<li>\r\n\t\t\t\t\t\t\t\t\t\t\t\t\t\t\t\t\t<strong>Technical support:<\/strong>\r\n\t\t\t\t\t\t\t\t\t\t\t\t\t\t\t\t\t\t\t\t\t\t\t\t    <a href=\"mailto:&#115;uppo&#114;t&#64;b&#97;s&#45;&#105;p&#46;&#99;&#111;m\">&#115;upp&#111;r&#116;&#64;b&#97;&#115;&#45;&#105;p.c&#111;&#109;<\/a>\r\n\t\t\t\t\t\t\t\t\t\t\t\t\t\t\t<\/li>\r\n\t\t\t\t\t\t\t\t\t\t\t\t\t\t\t<\/ul>\r\n\t\t\t\t\t<\/div>\r\n\t<\/section>\r\n\r\n\r\n\r\n<!-- END Block Sign Up -->","protected":false},"excerpt":{"rendered":"<p>Integracija interkomov BAS-IP s kamerami AXIS CCTV, zlasti za funkcijo samodejnega prepoznavanja registrskih tablic (ALPR), vklju\u010duje preprosto, a u\u010dinkovito nastavitev. Ta integracija omogo\u010da nemoteno delovanje in stro\u0161kovno u\u010dinkovitost, saj odpravlja potrebo po profesionalni programski opremi ALPR. Tukaj je podroben opis delovanja te integracije: Pregled integracije Cilj: avtomatizirati odpiranje vrat s pomo\u010djo prepoznavanja registrskih tablic z [&hellip;]<\/p>","protected":false},"author":3,"featured_media":0,"parent":0,"menu_order":0,"comment_status":"closed","ping_status":"closed","template":"page-custom-breadcrumbs.php","meta":{"inline_featured_image":false,"footnotes":""},"class_list":["post-121716","page","type-page","status-publish","hentry"],"acf":[],"_links":{"self":[{"href":"https:\/\/bas-ip.com\/sl\/wp-json\/wp\/v2\/pages\/121716","targetHints":{"allow":["GET"]}}],"collection":[{"href":"https:\/\/bas-ip.com\/sl\/wp-json\/wp\/v2\/pages"}],"about":[{"href":"https:\/\/bas-ip.com\/sl\/wp-json\/wp\/v2\/types\/page"}],"author":[{"embeddable":true,"href":"https:\/\/bas-ip.com\/sl\/wp-json\/wp\/v2\/users\/3"}],"replies":[{"embeddable":true,"href":"https:\/\/bas-ip.com\/sl\/wp-json\/wp\/v2\/comments?post=121716"}],"version-history":[{"count":1,"href":"https:\/\/bas-ip.com\/sl\/wp-json\/wp\/v2\/pages\/121716\/revisions"}],"predecessor-version":[{"id":121717,"href":"https:\/\/bas-ip.com\/sl\/wp-json\/wp\/v2\/pages\/121716\/revisions\/121717"}],"wp:attachment":[{"href":"https:\/\/bas-ip.com\/sl\/wp-json\/wp\/v2\/media?parent=121716"}],"curies":[{"name":"wp","href":"https:\/\/api.w.org\/{rel}","templated":true}]}}