{"id":36335,"date":"2022-05-31T21:22:07","date_gmt":"2022-05-31T21:22:07","guid":{"rendered":"https:\/\/bas-ip.com\/?page_id=36335"},"modified":"2025-12-25T10:34:30","modified_gmt":"2025-12-25T10:34:30","slug":"integrations","status":"publish","type":"page","link":"https:\/\/bas-ip.com\/ro\/integrari\/","title":{"rendered":"Integr\u0103ri"},"content":{"rendered":"<!-- START Block General Hero --><section id=\"block_62968804c83f8\" class=\"general-hero-section\">\r\n\t<div class=\"text-holder\" data-aos=\"fade-right\">\r\n                    <h1 class=\"page-title\">Maximiza\u021bi beneficiile interfonului dvs. cu integr\u0103ri BAS-IP<\/h1>\r\n                                    <div class=\"text-section\">\r\n                <p>BAS-IP colaboreaz\u0103 \u00eendeaproape cu produc\u0103tori de software \u0219i hardware de top \u00een domeniile sistemelor de control al accesului, securit\u0103\u021bii \u0219i tehnologiei informa\u021biei.<\/p>\n            <\/div>\r\n            <\/div>\r\n\t        <div class=\"image-holder\" data-aos=\"fade-left\">\r\n\t        <img loading=\"lazy\" decoding=\"async\" width=\"900\" height=\"671\" src=\"https:\/\/bas-ip.com\/wp-content\/uploads\/2022\/05\/Frame-6.svg\" class=\"attachment-large size-large\" alt=\"Audio Video IP Intercom Integrations\" \/>        <\/div>\r\n\t<\/section>\r\n<!-- END Block General Hero -->\n\n<!-- START Block Integrations Intro --><section id=\"block_62968ab105155\" class=\"integrations-intro-section\">\r\n\t\t    <h2 class=\"title-section\" data-aos=\"fade-right\">Unifica\u021bi toate sistemele \u00eentr-un singur dispozitiv<\/h2>\r\n\t\t        <div class=\"text-block\" data-aos=\"fade-right\">\r\n\t        <p>Prin integr\u0103ri, extindem poten\u021bialul \u0219i gestion\u0103m diverse sisteme de control al accesului \u0219i automatizare inteligent\u0103 a locuin\u021belor \u00eentr-un singur aparat. Dezvolt\u0103m constant noi solu\u021bii \u0219i ne str\u0103duim s\u0103 oferim servicii de cea mai bun\u0103 calitate clien\u021bilor no\u0219tri din \u00eentreaga lume. Dac\u0103 sunte\u021bi interesa\u021bi s\u0103 v\u0103 integra\u021bi brandul cu BAS-IP, contacta\u021bi-ne.<\/p>\n        <\/div>\r\n\t<\/section>\r\n<!-- END Block Integrations Intro -->\n\n<!-- START Block Integrations Text & Image --><section id=\"block_62968ac005156\" class=\"integrations-text-image-section\">\r\n\t\t<div class=\"image-holder\" data-aos=\"fade-left\">\r\n\t\t<img loading=\"lazy\" decoding=\"async\" width=\"791\" height=\"339\" src=\"https:\/\/bas-ip.com\/wp-content\/uploads\/2022\/09\/1-1.jpg\" class=\"attachment-large size-large\" alt=\"Audio video intercom with access control integration\" srcset=\"https:\/\/bas-ip.com\/wp-content\/uploads\/2022\/09\/1-1.jpg 791w,  https:\/\/bas-ip.com\/wp-content\/uploads\/2022\/09\/1-1-300x129.jpg 300w,  https:\/\/bas-ip.com\/wp-content\/uploads\/2022\/09\/1-1-768x329.jpg 768w,  https:\/\/bas-ip.com\/wp-content\/uploads\/2022\/09\/1-1-767x329.jpg 767w\" sizes=\"auto, (max-width: 791px) 100vw, 791px\" \/>\t<\/div>\r\n\t\r\n\t<div class=\"text-holder\" data-aos=\"fade-right\">\r\n\t\t\t\t<h3 class=\"title-block\">Access Control<\/h3>\r\n\t\t\t\t\t\t<div class=\"text-block\">\r\n\t\t\t<p data-path-to-node=\"1\"><b data-path-to-node=\"1\" data-index-in-node=\"0\">BAS-IP<\/b> este un sistem de videointerfonie cu integrare pentru control acces, oferind o compatibilitate software \u0219i hardware complet\u0103 cu majoritatea echipamentelor ACS (Sisteme de Control Acces).<\/p>\n<p data-path-to-node=\"2\">Implementarea sistemelor de interfonie BAS-IP \u00eempreun\u0103 cu un sistem de control acces reprezint\u0103 o solu\u021bie extrem de atractiv\u0103 pentru dezvoltatori, firme de instal\u0103ri \u0219i propriet\u0103\u021bi comerciale, cum ar fi birourile \u0219i centrele comerciale. Prin fuziunea celor dou\u0103 sisteme \u00eentr-unul singur, a ap\u0103rut un grad de securitate \u0219i u\u0219urin\u021b\u0103 \u00een utilizare f\u0103r\u0103 precedent:<\/p>\n<ul data-path-to-node=\"3\">\n<li>\n<p data-path-to-node=\"3,0,0\"><b data-path-to-node=\"3,0,0\" data-index-in-node=\"0\">Integrarea complet\u0103 a cititoarelor de acces<\/b> din panourile BAS-IP \u00een software-ul sistemului de control acces, permi\u021b\u00e2nd citirea, ad\u0103ugarea \u0219i \u0219tergerea identificatorilor.<\/p>\n<\/li>\n<li>\n<p data-path-to-node=\"3,1,0\"><b data-path-to-node=\"3,1,0\" data-index-in-node=\"0\">Interfa\u021b\u0103 de control acces simplificat\u0103.<\/b><\/p>\n<\/li>\n<li>\n<p data-path-to-node=\"3,2,0\"><b data-path-to-node=\"3,2,0\" data-index-in-node=\"0\">Utilizarea smartphone-urilor<\/b> ca instrumente de identificare.<\/p>\n<\/li>\n<li>\n<p data-path-to-node=\"3,3,0\"><b data-path-to-node=\"3,3,0\" data-index-in-node=\"0\">Jurnal de evenimente consolidat<\/b>, dotat cu filtre ajustabile.<\/p>\n<\/li>\n<li>\n<p data-path-to-node=\"3,4,0\"><b data-path-to-node=\"3,4,0\" data-index-in-node=\"0\">Alocarea centralizat\u0103 a nivelurilor de acces<\/b> at\u00e2t pe dispozitivele BAS-IP, c\u00e2t \u0219i pe cele ale produc\u0103torilor de ACS.<\/p>\n<\/li>\n<\/ul>\t\t<\/div>\r\n\t\t\r\n\t\t\t\t<h4 class=\"title-logo-block\">M\u0103rci cu care suntem integra\u021bi<\/h4>\r\n\t\t\r\n\t\t\r\n\t\t<ul class=\"logo-list\">\r\n\t\t\t\t\t\t<li class=\"logo-item\">\r\n\t\t\t\t\r\n\t\t\t\t<img loading=\"lazy\" decoding=\"async\" width=\"300\" height=\"83\" src=\"https:\/\/bas-ip.com\/wp-content\/uploads\/2022\/11\/inner-range-logo-300x83.png\" class=\"attachment-medium size-medium\" alt=\"\" srcset=\"https:\/\/bas-ip.com\/wp-content\/uploads\/2022\/11\/inner-range-logo-300x83.png 300w,  https:\/\/bas-ip.com\/wp-content\/uploads\/2022\/11\/inner-range-logo-768x212.png 768w,  https:\/\/bas-ip.com\/wp-content\/uploads\/2022\/11\/inner-range-logo-767x212.png 767w,  https:\/\/bas-ip.com\/wp-content\/uploads\/2022\/11\/inner-range-logo.png 836w\" sizes=\"auto, (max-width: 300px) 100vw, 300px\" \/>\r\n\t\t\t\t\r\n\t\t\t<\/li>\r\n\t\t\t\t\t\t<li class=\"logo-item\">\r\n\t\t\t\t\r\n\t\t\t\t<img loading=\"lazy\" decoding=\"async\" width=\"300\" height=\"88\" src=\"https:\/\/bas-ip.com\/wp-content\/uploads\/2022\/11\/u-prox_logo-300x88.png\" class=\"attachment-medium size-medium\" alt=\"\" srcset=\"https:\/\/bas-ip.com\/wp-content\/uploads\/2022\/11\/u-prox_logo-300x88.png 300w,  https:\/\/bas-ip.com\/wp-content\/uploads\/2022\/11\/u-prox_logo.png 674w\" sizes=\"auto, (max-width: 300px) 100vw, 300px\" \/>\r\n\t\t\t\t\r\n\t\t\t<\/li>\r\n\t\t\t\t\t\t<li class=\"logo-item\">\r\n\t\t\t\t\r\n\t\t\t\t<img loading=\"lazy\" decoding=\"async\" width=\"300\" height=\"74\" src=\"https:\/\/bas-ip.com\/wp-content\/uploads\/2022\/11\/galaxy-control-systems-300x74.png\" class=\"attachment-medium size-medium\" alt=\"\" srcset=\"https:\/\/bas-ip.com\/wp-content\/uploads\/2022\/11\/galaxy-control-systems-300x74.png 300w,  https:\/\/bas-ip.com\/wp-content\/uploads\/2022\/11\/galaxy-control-systems-768x190.png 768w,  https:\/\/bas-ip.com\/wp-content\/uploads\/2022\/11\/galaxy-control-systems-767x190.png 767w,  https:\/\/bas-ip.com\/wp-content\/uploads\/2022\/11\/galaxy-control-systems.png 924w\" sizes=\"auto, (max-width: 300px) 100vw, 300px\" \/>\r\n\t\t\t\t\r\n\t\t\t<\/li>\r\n\t\t\t\t\t\t<li class=\"logo-item\">\r\n\t\t\t\t\r\n\t\t\t\t<img loading=\"lazy\" decoding=\"async\" width=\"300\" height=\"120\" src=\"https:\/\/bas-ip.com\/wp-content\/uploads\/2023\/02\/Gallagher-long-300x120.png\" class=\"attachment-medium size-medium\" alt=\"\" srcset=\"https:\/\/bas-ip.com\/wp-content\/uploads\/2023\/02\/Gallagher-long-300x120.png 300w,  https:\/\/bas-ip.com\/wp-content\/uploads\/2023\/02\/Gallagher-long.png 500w\" sizes=\"auto, (max-width: 300px) 100vw, 300px\" \/>\r\n\t\t\t\t\r\n\t\t\t<\/li>\r\n\t\t\t\t\t\t<li class=\"logo-item\">\r\n\t\t\t\t\r\n\t\t\t\t<img loading=\"lazy\" decoding=\"async\" width=\"300\" height=\"62\" src=\"https:\/\/bas-ip.com\/wp-content\/uploads\/2024\/08\/napco_logo-1-300x62.png\" class=\"attachment-medium size-medium\" alt=\"\" srcset=\"https:\/\/bas-ip.com\/wp-content\/uploads\/2024\/08\/napco_logo-1-300x62.png 300w,  https:\/\/bas-ip.com\/wp-content\/uploads\/2024\/08\/napco_logo-1-1024x213.png 1024w,  https:\/\/bas-ip.com\/wp-content\/uploads\/2024\/08\/napco_logo-1-768x160.png 768w,  https:\/\/bas-ip.com\/wp-content\/uploads\/2024\/08\/napco_logo-1-767x159.png 767w,  https:\/\/bas-ip.com\/wp-content\/uploads\/2024\/08\/napco_logo-1.png 1227w\" sizes=\"auto, (max-width: 300px) 100vw, 300px\" \/>\r\n\t\t\t\t\r\n\t\t\t<\/li>\r\n\t\t\t\t\t\t<li class=\"logo-item\">\r\n\t\t\t\t\r\n\t\t\t\t<img loading=\"lazy\" decoding=\"async\" width=\"300\" height=\"48\" src=\"https:\/\/bas-ip.com\/wp-content\/uploads\/2025\/02\/Rosslare_logo_new-300x48.png\" class=\"attachment-medium size-medium\" alt=\"\" srcset=\"https:\/\/bas-ip.com\/wp-content\/uploads\/2025\/02\/Rosslare_logo_new-300x48.png 300w,  https:\/\/bas-ip.com\/wp-content\/uploads\/2025\/02\/Rosslare_logo_new-1024x166.png 1024w,  https:\/\/bas-ip.com\/wp-content\/uploads\/2025\/02\/Rosslare_logo_new-768x124.png 768w,  https:\/\/bas-ip.com\/wp-content\/uploads\/2025\/02\/Rosslare_logo_new-767x124.png 767w,  https:\/\/bas-ip.com\/wp-content\/uploads\/2025\/02\/Rosslare_logo_new.png 1064w\" sizes=\"auto, (max-width: 300px) 100vw, 300px\" \/>\r\n\t\t\t\t\r\n\t\t\t<\/li>\r\n\t\t\t\t\t\t<li class=\"logo-item\">\r\n\t\t\t\t\r\n\t\t\t\t<img loading=\"lazy\" decoding=\"async\" width=\"300\" height=\"162\" src=\"https:\/\/bas-ip.com\/wp-content\/uploads\/2025\/02\/ACTpro-300x162.png\" class=\"attachment-medium size-medium\" alt=\"\" srcset=\"https:\/\/bas-ip.com\/wp-content\/uploads\/2025\/02\/ACTpro-300x162.png 300w,  https:\/\/bas-ip.com\/wp-content\/uploads\/2025\/02\/ACTpro.png 594w\" sizes=\"auto, (max-width: 300px) 100vw, 300px\" \/>\r\n\t\t\t\t\r\n\t\t\t<\/li>\r\n\t\t\t\t\t\t<li class=\"logo-item\">\r\n\t\t\t\t\r\n\t\t\t\t<img loading=\"lazy\" decoding=\"async\" width=\"300\" height=\"175\" src=\"https:\/\/bas-ip.com\/wp-content\/uploads\/2025\/06\/Condo-Control2-300x175.png\" class=\"attachment-medium size-medium\" alt=\"\" srcset=\"https:\/\/bas-ip.com\/wp-content\/uploads\/2025\/06\/Condo-Control2-300x175.png 300w,  https:\/\/bas-ip.com\/wp-content\/uploads\/2025\/06\/Condo-Control2-1024x596.png 1024w,  https:\/\/bas-ip.com\/wp-content\/uploads\/2025\/06\/Condo-Control2-768x447.png 768w,  https:\/\/bas-ip.com\/wp-content\/uploads\/2025\/06\/Condo-Control2-767x447.png 767w,  https:\/\/bas-ip.com\/wp-content\/uploads\/2025\/06\/Condo-Control2.png 1178w\" sizes=\"auto, (max-width: 300px) 100vw, 300px\" \/>\r\n\t\t\t\t\r\n\t\t\t<\/li>\r\n\t\t\t\t\t<\/ul>\r\n\t\t\t<\/div>\r\n<\/section>\r\n<!-- END Block Integrations Text & Image -->\n\n<!-- START Block Integrations Text & Image --><section id=\"block_62968bc905157\" class=\"integrations-text-image-section\">\r\n\t\t<div class=\"image-holder\" data-aos=\"fade-left\">\r\n\t\t<img loading=\"lazy\" decoding=\"async\" width=\"791\" height=\"339\" src=\"https:\/\/bas-ip.com\/wp-content\/uploads\/2022\/09\/2-2.jpg\" class=\"attachment-large size-large\" alt=\"\" srcset=\"https:\/\/bas-ip.com\/wp-content\/uploads\/2022\/09\/2-2.jpg 791w,  https:\/\/bas-ip.com\/wp-content\/uploads\/2022\/09\/2-2-300x129.jpg 300w,  https:\/\/bas-ip.com\/wp-content\/uploads\/2022\/09\/2-2-768x329.jpg 768w,  https:\/\/bas-ip.com\/wp-content\/uploads\/2022\/09\/2-2-767x329.jpg 767w\" sizes=\"auto, (max-width: 791px) 100vw, 791px\" \/>\t<\/div>\r\n\t\r\n\t<div class=\"text-holder\" data-aos=\"fade-right\">\r\n\t\t\t\t<h3 class=\"title-block\">CCTV<\/h3>\r\n\t\t\t\t\t\t<div class=\"text-block\">\r\n\t\t\t<p><a href=\"https:\/\/bas-ip.com\/ro\/categoria-hardware\/interfon-bloc\/\">Panourile de intrare<\/a> BAS-IP transmit date video digital, permi\u021b\u00e2nd \u00eenregistrarea pe un NVR (Network Video Recorder). Un astfel de panou \u00ee\u0219i dep\u0103\u0219e\u0219te rolul de simplu dispozitiv de ini\u021biere a apelurilor \u00een cadrul unui sistem de interfonie, servind \u0219i ca o camer\u0103 IP complet func\u021bional\u0103 pentru monitorizare suplimentar\u0103 \u0219i \u00eenregistrare video, facilit\u00e2nd analize \u0219i statistici ulterioare.<\/p>\n<p>\u00cen plus, aceste panouri de apel sunt echipate cu un microfon integrat care poate fi ajustat pentru a detecta niveluri ridicate de zgomot sau \u021bipete, trimi\u021b\u00e2nd ulterior un semnal c\u0103tre NVR. Pute\u021bi chiar configura sistemul s\u0103 ini\u021bieze \u00eenregistrarea prin camera panoului de intrare \u0219i prin mai multe camere adiacente atunci c\u00e2nd este detectat un eveniment, asigur\u00e2nd o perspectiv\u0103 complet\u0103.<\/p>\t\t<\/div>\r\n\t\t\r\n\t\t\t\t<h4 class=\"title-logo-block\">M\u0103rci cu care suntem integra\u021bi<\/h4>\r\n\t\t\r\n\t\t\r\n\t\t<ul class=\"logo-list\">\r\n\t\t\t\t\t\t<li class=\"logo-item\">\r\n\t\t\t\t\r\n\t\t\t\t<img loading=\"lazy\" decoding=\"async\" width=\"300\" height=\"54\" src=\"https:\/\/bas-ip.com\/wp-content\/uploads\/2022\/11\/Hikvision-logo1-300x54.png\" class=\"attachment-medium size-medium\" alt=\"\" srcset=\"https:\/\/bas-ip.com\/wp-content\/uploads\/2022\/11\/Hikvision-logo1-300x54.png 300w,  https:\/\/bas-ip.com\/wp-content\/uploads\/2022\/11\/Hikvision-logo1-768x138.png 768w,  https:\/\/bas-ip.com\/wp-content\/uploads\/2022\/11\/Hikvision-logo1-767x138.png 767w,  https:\/\/bas-ip.com\/wp-content\/uploads\/2022\/11\/Hikvision-logo1.png 900w\" sizes=\"auto, (max-width: 300px) 100vw, 300px\" \/>\r\n\t\t\t\t\r\n\t\t\t<\/li>\r\n\t\t\t\t\t\t<li class=\"logo-item\">\r\n\t\t\t\t\r\n\t\t\t\t<img loading=\"lazy\" decoding=\"async\" width=\"300\" height=\"110\" src=\"https:\/\/bas-ip.com\/wp-content\/uploads\/2022\/11\/axis-logo2-300x110.png\" class=\"attachment-medium size-medium\" alt=\"\" srcset=\"https:\/\/bas-ip.com\/wp-content\/uploads\/2022\/11\/axis-logo2-300x110.png 300w,  https:\/\/bas-ip.com\/wp-content\/uploads\/2022\/11\/axis-logo2-768x283.png 768w,  https:\/\/bas-ip.com\/wp-content\/uploads\/2022\/11\/axis-logo2-767x282.png 767w,  https:\/\/bas-ip.com\/wp-content\/uploads\/2022\/11\/axis-logo2.png 899w\" sizes=\"auto, (max-width: 300px) 100vw, 300px\" \/>\r\n\t\t\t\t\r\n\t\t\t<\/li>\r\n\t\t\t\t\t<\/ul>\r\n\t\t\t<\/div>\r\n<\/section>\r\n<!-- END Block Integrations Text & Image -->\n\n<!-- START Block Integrations Text & Image --><section id=\"block_62968c2505159\" class=\"integrations-text-image-section\">\r\n\t\t<div class=\"image-holder\" data-aos=\"fade-left\">\r\n\t\t<img loading=\"lazy\" decoding=\"async\" width=\"791\" height=\"339\" src=\"https:\/\/bas-ip.com\/wp-content\/uploads\/2022\/09\/3-1.jpg\" class=\"attachment-large size-large\" alt=\"\" srcset=\"https:\/\/bas-ip.com\/wp-content\/uploads\/2022\/09\/3-1.jpg 791w,  https:\/\/bas-ip.com\/wp-content\/uploads\/2022\/09\/3-1-300x129.jpg 300w,  https:\/\/bas-ip.com\/wp-content\/uploads\/2022\/09\/3-1-768x329.jpg 768w,  https:\/\/bas-ip.com\/wp-content\/uploads\/2022\/09\/3-1-767x329.jpg 767w\" sizes=\"auto, (max-width: 791px) 100vw, 791px\" \/>\t<\/div>\r\n\t\r\n\t<div class=\"text-holder\" data-aos=\"fade-right\">\r\n\t\t\t\t<h3 class=\"title-block\">Automatizare inteligent\u0103 a casei<\/h3>\r\n\t\t\t\t\t\t<div class=\"text-block\">\r\n\t\t\t<p><a href=\"https:\/\/bas-ip.com\/ro\/categoria-hardware\/videointerfon\/\">Monitoarele de interior<\/a> BAS-IP servesc nu doar ca interfoane, ci \u0219i ca \u0219i controlere pentru alte dispozitive inteligente pentru cas\u0103. Practic, monitorul nostru se transform\u0103 \u00eentr-un panou de control pentru un sistem avansat pentru cas\u0103. Diverse ac\u021biuni, cum ar fi gestionarea iluminatului, muzicii \u0219i climatiz\u0103rii, pot fi executate direct de pe monitorul interfon.<\/p>\n<p>\u00cen schimb, semnalele video \u0219i apelurile de la panourile exterioare BAS-IP sunt direc\u021bionate direct c\u0103tre panourile de control inteligente pentru cas\u0103 preexistente instalate la loca\u021bie.<\/p>\t\t<\/div>\r\n\t\t\r\n\t\t\t\t<h4 class=\"title-logo-block\">M\u0103rci cu care suntem integra\u021bi<\/h4>\r\n\t\t\r\n\t\t\r\n\t\t<ul class=\"logo-list\">\r\n\t\t\t\t\t\t<li class=\"logo-item\">\r\n\t\t\t\t\r\n\t\t\t\t<img loading=\"lazy\" decoding=\"async\" width=\"135\" height=\"40\" src=\"https:\/\/bas-ip.com\/wp-content\/uploads\/2022\/05\/351406-3-1.png\" class=\"attachment-medium size-medium\" alt=\"\" \/>\r\n\t\t\t\t\r\n\t\t\t<\/li>\r\n\t\t\t\t\t<\/ul>\r\n\t\t\t<\/div>\r\n<\/section>\r\n<!-- END Block Integrations Text & Image -->\n\n<!-- START Block Integrations Text & Image --><section id=\"block_65f975e9f18ea\" class=\"integrations-text-image-section\">\r\n\t\t<div class=\"image-holder\" data-aos=\"fade-left\">\r\n\t\t<img loading=\"lazy\" decoding=\"async\" width=\"791\" height=\"339\" src=\"https:\/\/bas-ip.com\/wp-content\/uploads\/2024\/03\/lift.jpg\" class=\"attachment-large size-large\" alt=\"\" srcset=\"https:\/\/bas-ip.com\/wp-content\/uploads\/2024\/03\/lift.jpg 791w,  https:\/\/bas-ip.com\/wp-content\/uploads\/2024\/03\/lift-300x129.jpg 300w,  https:\/\/bas-ip.com\/wp-content\/uploads\/2024\/03\/lift-768x329.jpg 768w,  https:\/\/bas-ip.com\/wp-content\/uploads\/2024\/03\/lift-767x329.jpg 767w\" sizes=\"auto, (max-width: 791px) 100vw, 791px\" \/>\t<\/div>\r\n\t\r\n\t<div class=\"text-holder\" data-aos=\"fade-right\">\r\n\t\t\t\t<h3 class=\"title-block\">Sistem de ridicare<\/h3>\r\n\t\t\t\t\t\t<div class=\"text-block\">\r\n\t\t\t<p data-path-to-node=\"6\">Integrarea interfoanelor BAS-IP cu echipamentele pentru lift ofer\u0103 un sistem cuprinz\u0103tor de securitate \u0219i confort pentru utilizatori. Aceasta permite:<\/p>\n<ul data-path-to-node=\"7\">\n<li>\n<p data-path-to-node=\"7,0,0\"><b data-path-to-node=\"7,0,0\" data-index-in-node=\"0\">Chemarea liftului<\/b> de la panoul de intrare, utiliz\u00e2nd carduri RFID, coduri PIN, coduri QR sau date biometrice.<\/p>\n<\/li>\n<li>\n<p data-path-to-node=\"7,1,0\"><b data-path-to-node=\"7,1,0\" data-index-in-node=\"0\">Restric\u021bionarea accesului la etaje \u0219i lifturi<\/b>, permi\u021b\u00e2nd accesul doar utilizatorilor autoriza\u021bi.<\/p>\n<\/li>\n<li>\n<p data-path-to-node=\"7,2,0\"><b data-path-to-node=\"7,2,0\" data-index-in-node=\"0\">Sporirea securit\u0103\u021bii<\/b> prin monitorizare video \u0219i control acces.<\/p>\n<\/li>\n<li>\n<p data-path-to-node=\"7,3,0\"><b data-path-to-node=\"7,3,0\" data-index-in-node=\"0\">Eficientizarea gestion\u0103rii cl\u0103dirii<\/b>, f\u0103c\u00e2nd-o mai practic\u0103 \u0219i mai u\u0219oar\u0103.<\/p>\n<\/li>\n<\/ul>\t\t<\/div>\r\n\t\t\r\n\t\t\t\t<h4 class=\"title-logo-block\">M\u0103rci cu care suntem integra\u021bi<\/h4>\r\n\t\t\r\n\t\t\r\n\t\t<ul class=\"logo-list\">\r\n\t\t\t\t\t\t<li class=\"logo-item\">\r\n\t\t\t\t\r\n\t\t\t\t<img loading=\"lazy\" decoding=\"async\" width=\"300\" height=\"152\" src=\"https:\/\/bas-ip.com\/wp-content\/uploads\/2023\/06\/800px-Kone.svg-300x152.png\" class=\"attachment-medium size-medium\" alt=\"\" srcset=\"https:\/\/bas-ip.com\/wp-content\/uploads\/2023\/06\/800px-Kone.svg-300x152.png 300w,  https:\/\/bas-ip.com\/wp-content\/uploads\/2023\/06\/800px-Kone.svg-768x389.png 768w,  https:\/\/bas-ip.com\/wp-content\/uploads\/2023\/06\/800px-Kone.svg-767x388.png 767w,  https:\/\/bas-ip.com\/wp-content\/uploads\/2023\/06\/800px-Kone.svg.png 800w\" sizes=\"auto, (max-width: 300px) 100vw, 300px\" \/>\r\n\t\t\t\t\r\n\t\t\t<\/li>\r\n\t\t\t\t\t<\/ul>\r\n\t\t\t<\/div>\r\n<\/section>\r\n<!-- END Block Integrations Text & Image -->\n\n<!-- START Block Integrations Text & Image --><section id=\"block_62968c560515a\" class=\"integrations-text-image-section\">\r\n\t\t<div class=\"image-holder\" data-aos=\"fade-left\">\r\n\t\t<img loading=\"lazy\" decoding=\"async\" width=\"791\" height=\"339\" src=\"https:\/\/bas-ip.com\/wp-content\/uploads\/2022\/09\/4.jpg\" class=\"attachment-large size-large\" alt=\"\" srcset=\"https:\/\/bas-ip.com\/wp-content\/uploads\/2022\/09\/4.jpg 791w,  https:\/\/bas-ip.com\/wp-content\/uploads\/2022\/09\/4-300x129.jpg 300w,  https:\/\/bas-ip.com\/wp-content\/uploads\/2022\/09\/4-768x329.jpg 768w,  https:\/\/bas-ip.com\/wp-content\/uploads\/2022\/09\/4-767x329.jpg 767w\" sizes=\"auto, (max-width: 791px) 100vw, 791px\" \/>\t<\/div>\r\n\t\r\n\t<div class=\"text-holder\" data-aos=\"fade-right\">\r\n\t\t\t\t<h3 class=\"title-block\">Microsoft Teams (\u00eenregistrare \u00een cloud)<\/h3>\r\n\t\t\t\t\t\t<div class=\"text-block\">\r\n\t\t\t<p>Aceast\u0103 integrare permite interfonului BAS-IP s\u0103 comunice cu platforma Microsoft Teams. Utilizatorii Microsoft Teams pot r\u0103spunde la apelurile interfon primite \u2013 cu audio bidirec\u021bional \u0219i video live \u0219i pot deschide u\u0219ile pentru vizitatori.<\/p>\t\t<\/div>\r\n\t\t\r\n\t\t\t\t<h4 class=\"title-logo-block\">M\u0103rci cu care suntem integra\u021bi<\/h4>\r\n\t\t\r\n\t\t\r\n\t\t<ul class=\"logo-list\">\r\n\t\t\t\t\t\t<li class=\"logo-item\">\r\n\t\t\t\t\r\n\t\t\t\t<img loading=\"lazy\" decoding=\"async\" width=\"200\" height=\"32\" src=\"https:\/\/bas-ip.com\/wp-content\/uploads\/2022\/05\/cybertwice-logo-1.png\" class=\"attachment-medium size-medium\" alt=\"\" \/>\r\n\t\t\t\t\r\n\t\t\t<\/li>\r\n\t\t\t\t\t<\/ul>\r\n\t\t\t<\/div>\r\n<\/section>\r\n<!-- END Block Integrations Text & Image -->\n\n<!-- START Block Integrations Text & Image --><section id=\"block_62968cd10515b\" class=\"integrations-text-image-section\">\r\n\t\t<div class=\"image-holder\" data-aos=\"fade-left\">\r\n\t\t<img loading=\"lazy\" decoding=\"async\" width=\"791\" height=\"339\" src=\"https:\/\/bas-ip.com\/wp-content\/uploads\/2022\/09\/5.jpg\" class=\"attachment-large size-large\" alt=\"\" srcset=\"https:\/\/bas-ip.com\/wp-content\/uploads\/2022\/09\/5.jpg 791w,  https:\/\/bas-ip.com\/wp-content\/uploads\/2022\/09\/5-300x129.jpg 300w,  https:\/\/bas-ip.com\/wp-content\/uploads\/2022\/09\/5-768x329.jpg 768w,  https:\/\/bas-ip.com\/wp-content\/uploads\/2022\/09\/5-767x329.jpg 767w\" sizes=\"auto, (max-width: 791px) 100vw, 791px\" \/>\t<\/div>\r\n\t\r\n\t<div class=\"text-holder\" data-aos=\"fade-right\">\r\n\t\t\t\t<h3 class=\"title-block\">Platforme de securitate<\/h3>\r\n\t\t\t\t\t\t<div class=\"text-block\">\r\n\t\t\t<p>Platformele de securitate combin\u0103 supravegherea video IP, controlul accesului, sistemele de management, recunoa\u0219terea automat\u0103 a pl\u0103cu\u021belor de \u00eenmatriculare (ANPR) \u0219i instrumentele de comunicare \u0219i analiz\u0103. Astfel de sisteme sunt utilizate \u00een instala\u021bii extinse, unde este necesar s\u0103 se includ\u0103 mai multe sisteme diferite \u00eentr-un singur tablou de bord pentru o monitorizare u\u0219oar\u0103.<\/p>\t\t<\/div>\r\n\t\t\r\n\t\t\t\t<h4 class=\"title-logo-block\">M\u0103rci cu care suntem integra\u021bi<\/h4>\r\n\t\t\r\n\t\t\r\n\t\t<ul class=\"logo-list\">\r\n\t\t\t\t\t\t<li class=\"logo-item\">\r\n\t\t\t\t\r\n\t\t\t\t<img loading=\"lazy\" decoding=\"async\" width=\"300\" height=\"69\" src=\"https:\/\/bas-ip.com\/wp-content\/uploads\/2025\/02\/Logo_Main-300x69.png\" class=\"attachment-medium size-medium\" alt=\"\" srcset=\"https:\/\/bas-ip.com\/wp-content\/uploads\/2025\/02\/Logo_Main-300x69.png 300w,  https:\/\/bas-ip.com\/wp-content\/uploads\/2025\/02\/Logo_Main-768x177.png 768w,  https:\/\/bas-ip.com\/wp-content\/uploads\/2025\/02\/Logo_Main-767x176.png 767w,  https:\/\/bas-ip.com\/wp-content\/uploads\/2025\/02\/Logo_Main.png 800w\" sizes=\"auto, (max-width: 300px) 100vw, 300px\" \/>\r\n\t\t\t\t\r\n\t\t\t<\/li>\r\n\t\t\t\t\t<\/ul>\r\n\t\t\t<\/div>\r\n<\/section>\r\n<!-- END Block Integrations Text & Image -->\n\n<!-- START Block CTA Banner --><section id=\"block_62968eac884ad\" class=\"cta-banner-section image-positionleft\">\r\n\t        <div class=\"image-holder\" data-aos=\"fade-right\">\r\n\t        <img loading=\"lazy\" decoding=\"async\" width=\"900\" height=\"426\" src=\"https:\/\/bas-ip.com\/wp-content\/uploads\/2022\/05\/Group-36737.svg\" class=\"attachment-large size-large\" alt=\"\" \/>        <\/div>\r\n\t\r\n    <div class=\"text-holder\" data-aos=\"fade-left\">\r\n                    <h2 class=\"title-section\">Vrei s\u0103 fii integrat? Verific\u0103 API-ul nostru<\/h2>\r\n                            <div class=\"text-block\">\r\n                <p>Ne pute\u021bi contacta la adresa <a href=\"mailto:integrations@bas-ip.com\">integrations@bas-ip.com<\/a><\/p>\n            <\/div>\r\n                            <a class=\"btn\" href=\"\/become-integration-partner\/\">\r\n                Deveni\u021bi partener de integrare            <\/a>\r\n            <\/div>\r\n<\/section>\r\n<!-- END Block CTA Banner -->\n\n<!-- START Block FAQ --><section id=\"block_62968eda884ae\" class=\"faq-section\">\r\n\t\t    <h2 class=\"title-section\" data-aos=\"fade-right\">FAQ<\/h2>\r\n\t\t\t    <div class=\"faq-list js-accordion\" data-aos=\"fade-up\">\r\n\t\t\t\t\t\t\t\t\t\t\t    <div class=\"accordion-item faq-item\">\r\n                        <div class=\"accordion-opener\">\r\n                            Q: Integr\u0103rile cost\u0103 bani pentru utilizare?                            <i class=\"fa-solid fa-chevron-down\"><\/i>\r\n                        <\/div>\r\n                        <div class=\"accordion-slide\">\r\n\t\t\t\t\t\t    <p>Nu, toate integr\u0103rile BAS-IP sunt gratuite.<\/p>\n                        <\/div>\r\n\t\t\t\t\t<\/div>\r\n\t\t\t\t\t\t\t\t\t\t\t\t\t\t\t    <div class=\"accordion-item faq-item\">\r\n                        <div class=\"accordion-opener\">\r\n                            Q: Cum pot lista integrarea mea \u00een directorul oficial?                            <i class=\"fa-solid fa-chevron-down\"><\/i>\r\n                        <\/div>\r\n                        <div class=\"accordion-slide\">\r\n\t\t\t\t\t\t    <p>Directorul de integr\u0103ri este o list\u0103 atent selec\u021bionat\u0103 a celor mai populare m\u0103rci care lucreaz\u0103 cu BAS-IP \u0219i este gestionat\u0103 \u00een func\u021bie de cererea clien\u021bilor no\u0219tri. Cu toate acestea, nu ezita\u021bi s\u0103 ne contacta\u021bi dac\u0103 dori\u021bi s\u0103 fi\u021bi lista\u021bi aici.<\/p>\n                        <\/div>\r\n\t\t\t\t\t<\/div>\r\n\t\t\t\t\t\t\t\t\t<\/div>\r\n\t<\/section>\r\n<!-- END Block FAQ -->","protected":false},"excerpt":{"rendered":"","protected":false},"author":1,"featured_media":0,"parent":0,"menu_order":0,"comment_status":"closed","ping_status":"closed","template":"","meta":{"inline_featured_image":false,"footnotes":""},"class_list":["post-36335","page","type-page","status-publish","hentry"],"acf":[],"_links":{"self":[{"href":"https:\/\/bas-ip.com\/ro\/wp-json\/wp\/v2\/pages\/36335","targetHints":{"allow":["GET"]}}],"collection":[{"href":"https:\/\/bas-ip.com\/ro\/wp-json\/wp\/v2\/pages"}],"about":[{"href":"https:\/\/bas-ip.com\/ro\/wp-json\/wp\/v2\/types\/page"}],"author":[{"embeddable":true,"href":"https:\/\/bas-ip.com\/ro\/wp-json\/wp\/v2\/users\/1"}],"replies":[{"embeddable":true,"href":"https:\/\/bas-ip.com\/ro\/wp-json\/wp\/v2\/comments?post=36335"}],"version-history":[{"count":5,"href":"https:\/\/bas-ip.com\/ro\/wp-json\/wp\/v2\/pages\/36335\/revisions"}],"predecessor-version":[{"id":153983,"href":"https:\/\/bas-ip.com\/ro\/wp-json\/wp\/v2\/pages\/36335\/revisions\/153983"}],"wp:attachment":[{"href":"https:\/\/bas-ip.com\/ro\/wp-json\/wp\/v2\/media?parent=36335"}],"curies":[{"name":"wp","href":"https:\/\/api.w.org\/{rel}","templated":true}]}}