{"id":160283,"date":"2026-02-02T03:51:00","date_gmt":"2026-02-02T03:51:00","guid":{"rendered":"https:\/\/bas-ip.com\/hartman\/"},"modified":"2026-03-25T12:11:22","modified_gmt":"2026-03-25T12:11:22","slug":"hartman","status":"publish","type":"page","link":"https:\/\/bas-ip.com\/ro\/hartman\/","title":{"rendered":"Hartman"},"content":{"rendered":"<h2>BAS-IP \u0219i Hartman Controls anun\u021b\u0103 o integrare pentru a redefini gestionarea accesului \u00een cl\u0103diri<\/h2>\n<p><img loading=\"lazy\" decoding=\"async\" class=\"aligncenter size-large wp-image-155099\" src=\"https:\/\/bas-ip.com\/wp-content\/uploads\/2026\/02\/Hartman_logo_n-1024x296.png\" alt=\"\" width=\"900\" height=\"260\" srcset=\"https:\/\/bas-ip.com\/wp-content\/uploads\/2026\/02\/Hartman_logo_n-1024x296.png 1024w,  https:\/\/bas-ip.com\/wp-content\/uploads\/2026\/02\/Hartman_logo_n-300x87.png 300w,  https:\/\/bas-ip.com\/wp-content\/uploads\/2026\/02\/Hartman_logo_n-768x222.png 768w,  https:\/\/bas-ip.com\/wp-content\/uploads\/2026\/02\/Hartman_logo_n-1536x444.png 1536w,  https:\/\/bas-ip.com\/wp-content\/uploads\/2026\/02\/Hartman_logo_n-2048x592.png 2048w,  https:\/\/bas-ip.com\/wp-content\/uploads\/2026\/02\/Hartman_logo_n-1920x555.png 1920w,  https:\/\/bas-ip.com\/wp-content\/uploads\/2026\/02\/Hartman_logo_n-767x222.png 767w,  https:\/\/bas-ip.com\/wp-content\/uploads\/2026\/02\/Hartman_logo_n-1534x443.png 1534w\" sizes=\"auto, (max-width: 900px) 100vw, 900px\" \/><\/p>\n<p data-path-to-node=\"1\"><strong>BAS-IP, un dezvoltator de top de sisteme de interfonie IP, \u0219i Hartman Controls, lider \u00een platforme integrate de control al accesului, au anun\u021bat o integrare strategic\u0103. Acest parteneriat combin\u0103 panourile de intrare avansate ale BAS-IP cu ecosistemul Odyssey, oferind o solu\u021bie unificat\u0103 \u0219i scalabil\u0103 pentru cl\u0103diri reziden\u021biale \u0219i comerciale moderne.<\/strong><\/p>\n<p data-path-to-node=\"2\">Nucleul acestei integr\u0103ri este coordonarea perfect\u0103 \u00eentre hardware-ul BAS-IP \u0219i <strong>platforma Odyssey<\/strong>. Prin utilizarea comunic\u0103rii bazate pe SIP \u0219i a API-ului deschis BAS-IP (Open API), sistemele lucreaz\u0103 \u00een unison pentru a gestiona creden\u021bialele, comunicarea \u0219i securitatea dintr-o singur\u0103 interfa\u021b\u0103 centralizat\u0103.<\/p>\n<p data-path-to-node=\"3\">Sistemul Odyssey serve\u0219te ca hub principal de gestionare. Operatorii de securitate pot gestiona reziden\u021bii, u\u0219ile \u0219i permisiunile, \u00een timp ce platforma BAS-IP Link asigur\u0103 c\u0103 toate datele de configurare \u2014 inclusiv parametrii SIP \u0219i directoarele de contacte \u2014 sunt sincronizate automat \u00een \u00eentreaga infrastructur\u0103 de interfonie.<\/p>\n<h3 data-path-to-node=\"4\">Beneficii principale:<\/h3>\n<ul>\n<li data-path-to-node=\"5,0,0\"><b data-path-to-node=\"5,0,0\" data-index-in-node=\"0\">Gestionare centralizat\u0103<\/b> \u2013 Control unificat al accesului, interfoanelor \u0219i monitoriz\u0103rii video \u00een cadrul ecosistemului Odyssey.<\/li>\n<li data-path-to-node=\"5,1,0\"><b data-path-to-node=\"5,1,0\" data-index-in-node=\"0\">Mobilitate sporit\u0103<\/b> \u2013 Reziden\u021bii \u0219i personalul pot primi apeluri de interfon prin intermediul aplica\u021biilor mobile HC-Key \u0219i HC-Admin.<\/li>\n<li data-path-to-node=\"5,2,0\"><b data-path-to-node=\"5,2,0\" data-index-in-node=\"0\">Sincronizare automat\u0103<\/b> \u2013 Sincronizarea \u00een timp real a agendelor de contacte \u0219i a set\u0103rilor SIP prin BAS-IP Open API.<\/li>\n<li data-path-to-node=\"5,3,0\"><b data-path-to-node=\"5,3,0\" data-index-in-node=\"0\">Arhitectur\u0103 scalabil\u0103<\/b> \u2013 O solu\u021bie preg\u0103tit\u0103 pentru viitor, potrivit\u0103 pentru proiecte multi-locatar, comerciale \u0219i cu destina\u021bie mixt\u0103.<\/li>\n<\/ul>\n<h3 data-path-to-node=\"6\">Cum func\u021bioneaz\u0103 integrarea:<\/h3>\n<ol>\n<li data-path-to-node=\"7,0,0\"><b data-path-to-node=\"7,0,0\" data-index-in-node=\"0\">\u00cenregistrare:<\/b> Administratorul gestioneaz\u0103 creden\u021bialele \u0219i datele reziden\u021bilor \u00een cadrul platformei Hartman Odyssey.<\/li>\n<li data-path-to-node=\"7,1,0\"><b data-path-to-node=\"7,1,0\" data-index-in-node=\"0\">Sincronizare:<\/b> Folosind BAS-IP Open API, Odyssey sincronizeaz\u0103 conturile SIP \u0219i directoarele de contacte direct c\u0103tre panourile de intrare.<\/li>\n<li data-path-to-node=\"7,2,0\"><b data-path-to-node=\"7,2,0\" data-index-in-node=\"0\">Apelare:<\/b> Un vizitator selecteaz\u0103 un nume din directorul panoului BAS-IP. Apelul este direc\u021bionat prin infrastructura SIP Odyssey.<\/li>\n<li data-path-to-node=\"7,3,0\"><b data-path-to-node=\"7,3,0\" data-index-in-node=\"0\">Comunicare:<\/b> Reziden\u021bii sau operatorii primesc apelul pe aplica\u021bia mobil\u0103 HC-Key, pe software-ul desktop Odyssey sau pe sta\u021biile de lucru fixe.<\/li>\n<li data-path-to-node=\"7,4,0\"><b data-path-to-node=\"7,4,0\" data-index-in-node=\"0\">Acces:<\/b> U\u0219a este deblocat\u0103 de la distan\u021b\u0103 prin interfa\u021ba integrat\u0103 Odyssey, men\u021bin\u00e2nd un sistem securizat de eviden\u021b\u0103 a evenimentelor.<\/li>\n<\/ol>\n<p data-path-to-node=\"8\">Aceast\u0103 integrare elimin\u0103 problema \u201esistemelor fragmentate\u201d, \u00eenlocuind componentele de sine st\u0103t\u0103toare cu un mediu coeziv care reduce timpul de punere \u00een func\u021biune pentru integratori \u0219i \u00eembun\u0103t\u0103\u021be\u0219te experien\u021ba zilnic\u0103 a ocupan\u021bilor cl\u0103dirii.<\/p>\n\n<!-- START Block Sign Up --><section id=\"block_629678229e935\" class=\"sign-up-section\">\r\n\r\n    <div class=\"form-holder js-form\" data-aos=\"fade-right\">\r\n                    <div class=\"title-block h3\">Sign up for connection<\/div>\r\n        \r\n                    <div class=\"text-block\">\r\n                Filling out all the information needed to answer you as quickly as possible            <\/div>\r\n        \r\n                    \n<div class=\"wpcf7 no-js\" id=\"wpcf7-f102-o1\" lang=\"en-US\" dir=\"ltr\">\n<div class=\"screen-reader-response\"><p role=\"status\" aria-live=\"polite\" aria-atomic=\"true\"><\/p> <ul><\/ul><\/div>\n<form action=\"\/ro\/wp-json\/wp\/v2\/pages\/160283#wpcf7-f102-o1\" method=\"post\" class=\"wpcf7-form init\" aria-label=\"Contact form\" enctype=\"multipart\/form-data\" novalidate=\"novalidate\" data-status=\"init\">\n<div style=\"display: none;\">\n<input type=\"hidden\" name=\"_wpcf7\" value=\"102\" \/>\n<input type=\"hidden\" name=\"_wpcf7_version\" value=\"5.8.3\" \/>\n<input type=\"hidden\" name=\"_wpcf7_locale\" value=\"en_US\" \/>\n<input type=\"hidden\" name=\"_wpcf7_unit_tag\" value=\"wpcf7-f102-o1\" \/>\n<input type=\"hidden\" name=\"_wpcf7_container_post\" value=\"0\" \/>\n<input type=\"hidden\" name=\"_wpcf7_posted_data_hash\" value=\"\" \/>\n<input type=\"hidden\" name=\"_wpcf7_recaptcha_response\" value=\"\" \/>\n<\/div>\n<div class=\"row\"> \n <label><span class=\"label-text\">Name<\/span> \n  <span class=\"wpcf7-form-control-wrap\" data-name=\"text-full-name\"><input size=\"40\" class=\"wpcf7-form-control wpcf7-text wpcf7-validates-as-required\" aria-required=\"true\" aria-invalid=\"false\" placeholder=\"Name\" value=\"\" type=\"text\" name=\"text-full-name\" \/><\/span><\/label> \n<\/div> \n<div class=\"row\"> \n <label><span class=\"label-text\">Phone*<\/span> \n<span class=\"wpcf7-form-control-wrap\" data-name=\"phonetext-270\"><input size=\"40\" class=\"wpcf7-form-control wpcf7-phonetext wpcf7-validates-as-required wpcf7-text wpcf7-validates-as-phonetext\" aria-required=\"true\" aria-invalid=\"false\" placeholder=\"Phone*\" value=\"\" type=\"text\" name=\"phonetext-270\" \/><input type=\"hidden\" name=\"phonetext-270-country-code\" class=\"wpcf7-phonetext-country-code\" \/><\/span><\/label> \n<\/div> \n<div class=\"row\"> \n <label><span class=\"label-text\">E-mail<\/span> \n  <span class=\"wpcf7-form-control-wrap\" data-name=\"email-e-mail\"><input size=\"40\" class=\"wpcf7-form-control wpcf7-email wpcf7-validates-as-required wpcf7-text wpcf7-validates-as-email\" aria-required=\"true\" aria-invalid=\"false\" placeholder=\"E-mail\" value=\"\" type=\"email\" name=\"email-e-mail\" \/><\/span><\/label> \n<\/div> \n<div class=\"row\"><span>Your country<\/span> \n <label><span class=\"wpcf7-form-control-wrap\" data-name=\"countrytext-126\"><input size=\"40\" class=\"wpcf7-form-control wpcf7-countrytext wpcf7-text wpcf7-validates-as-countrytext\" aria-invalid=\"false\" value=\"\" type=\"text\" name=\"countrytext-126\" \/><\/span> <\/label>\n<\/div> \n<div class=\"row\"> \n <button type=\"submit\" class=\"btn\">Send<\/button> \n<\/div> \n<div class=\"row\"> \n <span class=\"wpcf7-form-control-wrap\" data-name=\"checkbox-931\"><span class=\"wpcf7-form-control wpcf7-checkbox\"><span class=\"wpcf7-list-item first\"><label><input type=\"checkbox\" name=\"checkbox-931[]\" value=\"Integrator\" \/><span class=\"wpcf7-list-item-label\">Integrator<\/span><\/label><\/span><span class=\"wpcf7-list-item\"><label><input type=\"checkbox\" name=\"checkbox-931[]\" value=\"Builder\" \/><span class=\"wpcf7-list-item-label\">Builder<\/span><\/label><\/span><span class=\"wpcf7-list-item last\"><label><input type=\"checkbox\" name=\"checkbox-931[]\" value=\"End-User\" \/><span class=\"wpcf7-list-item-label\">End-User<\/span><\/label><\/span><\/span><\/span> \n<\/div> \n<div class=\"row row-upload-file\"> \n <label class=\"upload-file-block js-upload-file\">Attach file \n  <span class=\"wpcf7-form-control-wrap\" data-name=\"file-466\"><input size=\"40\" class=\"wpcf7-form-control wpcf7-file\" accept=\"audio\/*,video\/*,image\/*\" aria-invalid=\"false\" type=\"file\" name=\"file-466\" \/><\/span><\/label> \n<\/div><input type='hidden' class='wpcf7-pum' value='{\"closepopup\":false,\"closedelay\":0,\"openpopup\":false,\"openpopup_id\":0}' \/><div class=\"wpcf7-response-output\" aria-hidden=\"true\"><\/div>\n<\/form>\n<\/div>\n            <\/div>\r\n\r\n\t\t    <div class=\"text-holder\" data-aos=\"fade-left\">\r\n\t\t\t\t\t\t    <h3 class=\"title-block\">How Can We Help?<\/h3>\r\n\t\t\t\r\n\t\t\t                <div class=\"text-block\">\r\n                    Please select a topic below related to your inquiry. If you don&#8217;t find what you need, fill out our contact form.                <\/div>\r\n\t\t\t\r\n\t\t\t\t\t\t    <ul class=\"link-list\">\r\n\t\t\t\t\t\t\t\t\t\t\t\t\t\t\t\t\t\t<li>\r\n\t\t\t\t\t\t\t\t\t\t\t\t\t\t\t\t    <strong>Get Inspired<\/strong>\r\n\t\t\t\t\t\t\t\t\t\t\t\t\t\t\t\t\t\t\t\t\t\t\t\t    <a href=\"\/features\/\">\r\n\t\t\t\t\t\t\t\t        Discover what&#8217;s beneath our intercom\t\t\t\t\t\t\t\t    <\/a>\r\n\t\t\t\t\t\t\t\t\t\t\t\t\t\t\t<\/li>\r\n\t\t\t\t\t\t\t\t\t\t\t\t\t\t\t\t\t\t\t\t\t\t\t\t<li>\r\n\t\t\t\t\t\t\t\t\t\t\t\t\t\t\t\t    <strong>Become a Partner<\/strong>\r\n\t\t\t\t\t\t\t\t\t\t\t\t\t\t\t\t\t\t\t\t\t\t\t\t    <a href=\"\/distributors\/\">\r\n\t\t\t\t\t\t\t\t        Expand your business with BAS-IP intercom\t\t\t\t\t\t\t\t    <\/a>\r\n\t\t\t\t\t\t\t\t\t\t\t\t\t\t\t<\/li>\r\n\t\t\t\t\t\t\t\t\t\t\t\t\t\t\t\t\t\t\t\t\t\t\t\t<li>\r\n\t\t\t\t\t\t\t\t\t\t\t\t\t\t\t\t    <strong>Check the Guides<\/strong>\r\n\t\t\t\t\t\t\t\t\t\t\t\t\t\t\t\t\t\t\t\t\t\t\t\t    <a href=\"\/support\/\">\r\n\t\t\t\t\t\t\t\t        Download detailed manuals and schemes\t\t\t\t\t\t\t\t    <\/a>\r\n\t\t\t\t\t\t\t\t\t\t\t\t\t\t\t<\/li>\r\n\t\t\t\t\t\t\t\t\t\t\t\t\t\t\t<\/ul>\r\n\t\t\t\r\n\t\t\t\t\t\t    <h3 class=\"title-block\">Our contacts<\/h3>\r\n\t\t\t\r\n\t\t\t\t\t\t\t<ul class=\"contact-list\">\r\n\t\t\t\t\t\t\t\t\t\t\t\t\t\t\t\t\t\t<li>\r\n\t\t\t\t\t\t\t\t\t\t\t\t\t\t\t\t\t<strong>Sales:<\/strong>\r\n\t\t\t\t\t\t\t\t\t\t\t\t\t\t\t\t\t\t\t\t\t\t\t\t    <a href=\"mailto:sal&#101;&#115;&#64;ba&#115;-&#105;&#112;.&#99;&#111;&#109;\">sale&#115;&#64;&#98;&#97;&#115;&#45;i&#112;.&#99;om<\/a>\r\n\t\t\t\t\t\t\t\t\t\t\t\t\t\t\t<\/li>\r\n\t\t\t\t\t\t\t\t\t\t\t\t\t\t\t\t\t\t\t\t\t\t\t\t<li>\r\n\t\t\t\t\t\t\t\t\t\t\t\t\t\t\t\t\t<strong>Technical support:<\/strong>\r\n\t\t\t\t\t\t\t\t\t\t\t\t\t\t\t\t\t\t\t\t\t\t\t\t    <a href=\"mailto:sup&#112;or&#116;&#64;b&#97;s-&#105;p.c&#111;m\">s&#117;p&#112;&#111;rt&#64;bas&#45;i&#112;&#46;&#99;o&#109;<\/a>\r\n\t\t\t\t\t\t\t\t\t\t\t\t\t\t\t<\/li>\r\n\t\t\t\t\t\t\t\t\t\t\t\t\t\t\t<\/ul>\r\n\t\t\t\t\t<\/div>\r\n\t<\/section>\r\n\r\n\r\n\r\n<!-- END Block Sign Up -->\n\n\n<p><\/p>","protected":false},"excerpt":{"rendered":"<p>BAS-IP \u0219i Hartman Controls anun\u021b\u0103 o integrare pentru a redefini gestionarea accesului \u00een cl\u0103diri BAS-IP, un dezvoltator de top de sisteme de interfonie IP, \u0219i Hartman Controls, lider \u00een platforme integrate de control al accesului, au anun\u021bat o integrare strategic\u0103. Acest parteneriat combin\u0103 panourile de intrare avansate ale BAS-IP cu ecosistemul Odyssey, oferind o solu\u021bie [&hellip;]<\/p>","protected":false},"author":1,"featured_media":0,"parent":0,"menu_order":0,"comment_status":"closed","ping_status":"closed","template":"page-custom-breadcrumbs.php","meta":{"inline_featured_image":false,"footnotes":""},"class_list":["post-160283","page","type-page","status-publish","hentry"],"acf":[],"_links":{"self":[{"href":"https:\/\/bas-ip.com\/ro\/wp-json\/wp\/v2\/pages\/160283","targetHints":{"allow":["GET"]}}],"collection":[{"href":"https:\/\/bas-ip.com\/ro\/wp-json\/wp\/v2\/pages"}],"about":[{"href":"https:\/\/bas-ip.com\/ro\/wp-json\/wp\/v2\/types\/page"}],"author":[{"embeddable":true,"href":"https:\/\/bas-ip.com\/ro\/wp-json\/wp\/v2\/users\/1"}],"replies":[{"embeddable":true,"href":"https:\/\/bas-ip.com\/ro\/wp-json\/wp\/v2\/comments?post=160283"}],"version-history":[{"count":2,"href":"https:\/\/bas-ip.com\/ro\/wp-json\/wp\/v2\/pages\/160283\/revisions"}],"predecessor-version":[{"id":160339,"href":"https:\/\/bas-ip.com\/ro\/wp-json\/wp\/v2\/pages\/160283\/revisions\/160339"}],"wp:attachment":[{"href":"https:\/\/bas-ip.com\/ro\/wp-json\/wp\/v2\/media?parent=160283"}],"curies":[{"name":"wp","href":"https:\/\/api.w.org\/{rel}","templated":true}]}}