{"id":148196,"date":"2025-02-06T12:39:32","date_gmt":"2025-02-06T12:39:32","guid":{"rendered":"https:\/\/bas-ip.com\/hikvision\/"},"modified":"2025-11-19T11:54:10","modified_gmt":"2025-11-19T11:54:10","slug":"hikvision","status":"publish","type":"page","link":"https:\/\/bas-ip.com\/ro\/hikvision\/","title":{"rendered":"Hikvision"},"content":{"rendered":"<h2 class=\"wp-block-heading\"><strong>BAS-IP \u0219i Hikvision: Integrare pentru Managementul Inteligent al Accesului<\/strong><\/h2>\n\n\n<div class=\"wp-block-image\">\n<figure class=\"aligncenter size-full\"><img loading=\"lazy\" decoding=\"async\" width=\"900\" height=\"254\" src=\"https:\/\/bas-ip.com\/wp-content\/uploads\/2025\/02\/Hikvision-logo_n.png\" alt=\"\" class=\"wp-image-130158\" srcset=\"https:\/\/bas-ip.com\/wp-content\/uploads\/2025\/02\/Hikvision-logo_n.png 900w,  https:\/\/bas-ip.com\/wp-content\/uploads\/2025\/02\/Hikvision-logo_n-300x85.png 300w,  https:\/\/bas-ip.com\/wp-content\/uploads\/2025\/02\/Hikvision-logo_n-768x217.png 768w,  https:\/\/bas-ip.com\/wp-content\/uploads\/2025\/02\/Hikvision-logo_n-767x216.png 767w\" sizes=\"auto, (max-width: 900px) 100vw, 900px\" \/><\/figure>\n<\/div>\n\n<p data-path-to-node=\"1\">Integrarea <b>BAS-IP<\/b> \u0219i <b>Hikvision<\/b> ofer\u0103 o solu\u021bie modern\u0103 pentru gestionarea automat\u0103 a accesului prin recunoa\u0219terea pl\u0103cu\u021belor de \u00eenmatriculare. <b>Hikvision<\/b> ofer\u0103 posibilitatea de a utiliza pl\u0103cu\u021bele de \u00eenmatriculare ca identificatori pentru deschiderea automat\u0103 a barierei\/por\u021bii, utiliz\u00e2nd op\u021biunea <b>ALPR<\/b> (Automatic License Plate Recognition \u2013 Recunoa\u0219terea Automat\u0103 a Pl\u0103cu\u021belor de \u00cenmatriculare).<\/p>\n<p data-path-to-node=\"2\">Serverul <b>BAS-IP Link<\/b> este compatibil nu numai cu camerele <b>Axis<\/b>, ci \u0219i cu camere de la al\u021bi produc\u0103tori, cum ar fi <b>Axxon One<\/b>. Acest lucru extinde posibilit\u0103\u021bile de integrare \u0219i utilizarea <b>ALPR<\/b> pentru recunoa\u0219tere \u0219i scanare, f\u0103c\u00e2nd-o potrivit\u0103 pentru spa\u021biile moderne \u00een care automatizarea \u0219i securitatea sunt esen\u021biale.<\/p>\n<p data-path-to-node=\"4\">\u00a0<\/p>\n<h3>Beneficiile Integr\u0103rii BAS-IP \u0219i Hikvision:<\/h3>\n<p>\u00a0<\/p>\n<ul>\n<li data-path-to-node=\"5,0,0\"><b>Management Automat al Accesului:<\/b> Utilizarea pl\u0103cu\u021belor de \u00eenmatriculare pentru deschiderea automat\u0103 a por\u021bii simplific\u0103 procesul de intrare \u0219i cre\u0219te nivelul de securitate.<\/li>\n<li data-path-to-node=\"5,0,0\"><b>Compatibilitate cu Diverse Camere:<\/b> Suportul pentru camere de la <b>Axis<\/b>, <b>Axxon One<\/b> \u0219i al\u021bi produc\u0103tori ofer\u0103 flexibilitate \u0219i alegere \u00een construirea sistemului de supraveghere.<\/li>\n<li data-path-to-node=\"5,0,0\"><b>U\u0219urin\u021b\u0103 \u00een Configurare:<\/b> Integrarea este u\u0219or de configurat prin intermediul serverului <b>BAS-IP Link<\/b>, simplific\u00e2nd procesul de implementare.<\/li>\n<li data-path-to-node=\"5,0,0\"><b>Suport ALPR:<\/b> Utilizarea tehnologiilor <b>ALPR<\/b> avansate permite recunoa\u0219terea precis\u0103 \u0219i rapid\u0103 a pl\u0103cu\u021belor de \u00eenmatriculare, sporind eficien\u021ba accesului.<\/li>\n<\/ul>\n<p data-path-to-node=\"7\">\u00a0<\/p>\n<h3>Puncte Cheie ale Integr\u0103rii:<\/h3>\n<p>\u00a0<\/p>\n<p data-path-to-node=\"8\">Colaborarea dintre <b>BAS-IP<\/b> \u0219i <b>Hikvision<\/b> ofer\u0103:<\/p>\n<ul>\n<li data-path-to-node=\"9,0,0\">Capacitatea de a integra recunoa\u0219terea pl\u0103cu\u021belor de \u00eenmatriculare cu tehnologiile <b>BAS-IP<\/b> pentru gestionarea accesului.<\/li>\n<li data-path-to-node=\"9,0,0\">Func\u021bii de supraveghere \u00eembun\u0103t\u0103\u021bite datorit\u0103 compatibilit\u0103\u021bii cu camerele.<\/li>\n<li data-path-to-node=\"9,0,0\">Configura\u021bii flexibile pentru optimizarea performan\u021bei sistemului.<\/li>\n<\/ul>\n<p data-path-to-node=\"10\">Aceast\u0103 solu\u021bie este conceput\u0103 pentru propriet\u0103\u021bile care doresc s\u0103 optimizeze managementul accesului \u0219i s\u0103 \u00eembun\u0103t\u0103\u021beasc\u0103 securitatea folosind tehnologii moderne. Eforturile comune ale <b>BAS-IP<\/b> \u0219i <b>Hikvision<\/b> creeaz\u0103 un instrument fiabil \u0219i eficient pentru asigurarea siguran\u021bei \u0219i confortului.<\/p>\n<p data-path-to-node=\"11\">Pentru \u00eendrum\u0103ri mai detaliate privind instalarea \u0219i configurarea, v\u0103 rug\u0103m s\u0103 consulta\u021bi <a href=\"_wp_link_placeholder\" data-wplink-edit=\"true\"><b>Manualul nostru Wiki<\/b><\/a>.<\/p>\n\n<!-- START Block Sign Up --><section id=\"block_629678229e935\" class=\"sign-up-section\">\r\n\r\n    <div class=\"form-holder js-form\" data-aos=\"fade-right\">\r\n                    <div class=\"title-block h3\">Sign up for connection<\/div>\r\n        \r\n                    <div class=\"text-block\">\r\n                Filling out all the information needed to answer you as quickly as possible            <\/div>\r\n        \r\n                    \n<div class=\"wpcf7 no-js\" id=\"wpcf7-f102-o1\" lang=\"en-US\" dir=\"ltr\">\n<div class=\"screen-reader-response\"><p role=\"status\" aria-live=\"polite\" aria-atomic=\"true\"><\/p> <ul><\/ul><\/div>\n<form action=\"\/ro\/wp-json\/wp\/v2\/pages\/148196#wpcf7-f102-o1\" method=\"post\" class=\"wpcf7-form init\" aria-label=\"Contact form\" enctype=\"multipart\/form-data\" novalidate=\"novalidate\" data-status=\"init\">\n<div style=\"display: none;\">\n<input type=\"hidden\" name=\"_wpcf7\" value=\"102\" \/>\n<input type=\"hidden\" name=\"_wpcf7_version\" value=\"5.8.3\" \/>\n<input type=\"hidden\" name=\"_wpcf7_locale\" value=\"en_US\" \/>\n<input type=\"hidden\" name=\"_wpcf7_unit_tag\" value=\"wpcf7-f102-o1\" \/>\n<input type=\"hidden\" name=\"_wpcf7_container_post\" value=\"0\" \/>\n<input type=\"hidden\" name=\"_wpcf7_posted_data_hash\" value=\"\" \/>\n<input type=\"hidden\" name=\"_wpcf7_recaptcha_response\" value=\"\" \/>\n<\/div>\n<div class=\"row\"> \n <label><span class=\"label-text\">Name<\/span> \n  <span class=\"wpcf7-form-control-wrap\" data-name=\"text-full-name\"><input size=\"40\" class=\"wpcf7-form-control wpcf7-text wpcf7-validates-as-required\" aria-required=\"true\" aria-invalid=\"false\" placeholder=\"Name\" value=\"\" type=\"text\" name=\"text-full-name\" \/><\/span><\/label> \n<\/div> \n<div class=\"row\"> \n <label><span class=\"label-text\">Phone*<\/span> \n<span class=\"wpcf7-form-control-wrap\" data-name=\"phonetext-270\"><input size=\"40\" class=\"wpcf7-form-control wpcf7-phonetext wpcf7-validates-as-required wpcf7-text wpcf7-validates-as-phonetext\" aria-required=\"true\" aria-invalid=\"false\" placeholder=\"Phone*\" value=\"\" type=\"text\" name=\"phonetext-270\" \/><input type=\"hidden\" name=\"phonetext-270-country-code\" class=\"wpcf7-phonetext-country-code\" \/><\/span><\/label> \n<\/div> \n<div class=\"row\"> \n <label><span class=\"label-text\">E-mail<\/span> \n  <span class=\"wpcf7-form-control-wrap\" data-name=\"email-e-mail\"><input size=\"40\" class=\"wpcf7-form-control wpcf7-email wpcf7-validates-as-required wpcf7-text wpcf7-validates-as-email\" aria-required=\"true\" aria-invalid=\"false\" placeholder=\"E-mail\" value=\"\" type=\"email\" name=\"email-e-mail\" \/><\/span><\/label> \n<\/div> \n<div class=\"row\"><span>Your country<\/span> \n <label><span class=\"wpcf7-form-control-wrap\" data-name=\"countrytext-126\"><input size=\"40\" class=\"wpcf7-form-control wpcf7-countrytext wpcf7-text wpcf7-validates-as-countrytext\" aria-invalid=\"false\" value=\"\" type=\"text\" name=\"countrytext-126\" \/><\/span> <\/label>\n<\/div> \n<div class=\"row\"> \n <button type=\"submit\" class=\"btn\">Send<\/button> \n<\/div> \n<div class=\"row\"> \n <span class=\"wpcf7-form-control-wrap\" data-name=\"checkbox-931\"><span class=\"wpcf7-form-control wpcf7-checkbox\"><span class=\"wpcf7-list-item first\"><label><input type=\"checkbox\" name=\"checkbox-931[]\" value=\"Integrator\" \/><span class=\"wpcf7-list-item-label\">Integrator<\/span><\/label><\/span><span class=\"wpcf7-list-item\"><label><input type=\"checkbox\" name=\"checkbox-931[]\" value=\"Builder\" \/><span class=\"wpcf7-list-item-label\">Builder<\/span><\/label><\/span><span class=\"wpcf7-list-item last\"><label><input type=\"checkbox\" name=\"checkbox-931[]\" value=\"End-User\" \/><span class=\"wpcf7-list-item-label\">End-User<\/span><\/label><\/span><\/span><\/span> \n<\/div> \n<div class=\"row row-upload-file\"> \n <label class=\"upload-file-block js-upload-file\">Attach file \n  <span class=\"wpcf7-form-control-wrap\" data-name=\"file-466\"><input size=\"40\" class=\"wpcf7-form-control wpcf7-file\" accept=\"audio\/*,video\/*,image\/*\" aria-invalid=\"false\" type=\"file\" name=\"file-466\" \/><\/span><\/label> \n<\/div><input type='hidden' class='wpcf7-pum' value='{\"closepopup\":false,\"closedelay\":0,\"openpopup\":false,\"openpopup_id\":0}' \/><div class=\"wpcf7-response-output\" aria-hidden=\"true\"><\/div>\n<\/form>\n<\/div>\n            <\/div>\r\n\r\n\t\t    <div class=\"text-holder\" data-aos=\"fade-left\">\r\n\t\t\t\t\t\t    <h3 class=\"title-block\">How Can We Help?<\/h3>\r\n\t\t\t\r\n\t\t\t                <div class=\"text-block\">\r\n                    Please select a topic below related to your inquiry. If you don&#8217;t find what you need, fill out our contact form.                <\/div>\r\n\t\t\t\r\n\t\t\t\t\t\t    <ul class=\"link-list\">\r\n\t\t\t\t\t\t\t\t\t\t\t\t\t\t\t\t\t\t<li>\r\n\t\t\t\t\t\t\t\t\t\t\t\t\t\t\t\t    <strong>Get Inspired<\/strong>\r\n\t\t\t\t\t\t\t\t\t\t\t\t\t\t\t\t\t\t\t\t\t\t\t\t    <a href=\"\/features\/\">\r\n\t\t\t\t\t\t\t\t        Discover what&#8217;s beneath our intercom\t\t\t\t\t\t\t\t    <\/a>\r\n\t\t\t\t\t\t\t\t\t\t\t\t\t\t\t<\/li>\r\n\t\t\t\t\t\t\t\t\t\t\t\t\t\t\t\t\t\t\t\t\t\t\t\t<li>\r\n\t\t\t\t\t\t\t\t\t\t\t\t\t\t\t\t    <strong>Become a Partner<\/strong>\r\n\t\t\t\t\t\t\t\t\t\t\t\t\t\t\t\t\t\t\t\t\t\t\t\t    <a href=\"\/distributors\/\">\r\n\t\t\t\t\t\t\t\t        Expand your business with BAS-IP intercom\t\t\t\t\t\t\t\t    <\/a>\r\n\t\t\t\t\t\t\t\t\t\t\t\t\t\t\t<\/li>\r\n\t\t\t\t\t\t\t\t\t\t\t\t\t\t\t\t\t\t\t\t\t\t\t\t<li>\r\n\t\t\t\t\t\t\t\t\t\t\t\t\t\t\t\t    <strong>Check the Guides<\/strong>\r\n\t\t\t\t\t\t\t\t\t\t\t\t\t\t\t\t\t\t\t\t\t\t\t\t    <a href=\"\/support\/\">\r\n\t\t\t\t\t\t\t\t        Download detailed manuals and schemes\t\t\t\t\t\t\t\t    <\/a>\r\n\t\t\t\t\t\t\t\t\t\t\t\t\t\t\t<\/li>\r\n\t\t\t\t\t\t\t\t\t\t\t\t\t\t\t<\/ul>\r\n\t\t\t\r\n\t\t\t\t\t\t    <h3 class=\"title-block\">Our contacts<\/h3>\r\n\t\t\t\r\n\t\t\t\t\t\t\t<ul class=\"contact-list\">\r\n\t\t\t\t\t\t\t\t\t\t\t\t\t\t\t\t\t\t<li>\r\n\t\t\t\t\t\t\t\t\t\t\t\t\t\t\t\t\t<strong>Sales:<\/strong>\r\n\t\t\t\t\t\t\t\t\t\t\t\t\t\t\t\t\t\t\t\t\t\t\t\t    <a href=\"mailto:sale&#115;&#64;&#98;&#97;&#115;&#45;&#105;&#112;&#46;co&#109;\">&#115;&#97;&#108;e&#115;&#64;b&#97;s-ip.c&#111;&#109;<\/a>\r\n\t\t\t\t\t\t\t\t\t\t\t\t\t\t\t<\/li>\r\n\t\t\t\t\t\t\t\t\t\t\t\t\t\t\t\t\t\t\t\t\t\t\t\t<li>\r\n\t\t\t\t\t\t\t\t\t\t\t\t\t\t\t\t\t<strong>Technical support:<\/strong>\r\n\t\t\t\t\t\t\t\t\t\t\t\t\t\t\t\t\t\t\t\t\t\t\t\t    <a href=\"mailto:s&#117;&#112;p&#111;rt&#64;b&#97;s-ip&#46;com\">s&#117;&#112;&#112;&#111;rt&#64;b&#97;s&#45;&#105;p&#46;c&#111;&#109;<\/a>\r\n\t\t\t\t\t\t\t\t\t\t\t\t\t\t\t<\/li>\r\n\t\t\t\t\t\t\t\t\t\t\t\t\t\t\t<\/ul>\r\n\t\t\t\t\t<\/div>\r\n\t<\/section>\r\n\r\n\r\n\r\n<!-- END Block Sign Up -->\n\n\n<p><\/p>","protected":false},"excerpt":{"rendered":"<p>BAS-IP \u0219i Hikvision: Integrare pentru Managementul Inteligent al Accesului Integrarea BAS-IP \u0219i Hikvision ofer\u0103 o solu\u021bie modern\u0103 pentru gestionarea automat\u0103 a accesului prin recunoa\u0219terea pl\u0103cu\u021belor de \u00eenmatriculare. Hikvision ofer\u0103 posibilitatea de a utiliza pl\u0103cu\u021bele de \u00eenmatriculare ca identificatori pentru deschiderea automat\u0103 a barierei\/por\u021bii, utiliz\u00e2nd op\u021biunea ALPR (Automatic License Plate Recognition \u2013 Recunoa\u0219terea Automat\u0103 a Pl\u0103cu\u021belor [&hellip;]<\/p>","protected":false},"author":1,"featured_media":0,"parent":0,"menu_order":0,"comment_status":"closed","ping_status":"closed","template":"page-custom-breadcrumbs.php","meta":{"inline_featured_image":false,"footnotes":""},"class_list":["post-148196","page","type-page","status-publish","hentry"],"acf":[],"_links":{"self":[{"href":"https:\/\/bas-ip.com\/ro\/wp-json\/wp\/v2\/pages\/148196","targetHints":{"allow":["GET"]}}],"collection":[{"href":"https:\/\/bas-ip.com\/ro\/wp-json\/wp\/v2\/pages"}],"about":[{"href":"https:\/\/bas-ip.com\/ro\/wp-json\/wp\/v2\/types\/page"}],"author":[{"embeddable":true,"href":"https:\/\/bas-ip.com\/ro\/wp-json\/wp\/v2\/users\/1"}],"replies":[{"embeddable":true,"href":"https:\/\/bas-ip.com\/ro\/wp-json\/wp\/v2\/comments?post=148196"}],"version-history":[{"count":2,"href":"https:\/\/bas-ip.com\/ro\/wp-json\/wp\/v2\/pages\/148196\/revisions"}],"predecessor-version":[{"id":150439,"href":"https:\/\/bas-ip.com\/ro\/wp-json\/wp\/v2\/pages\/148196\/revisions\/150439"}],"wp:attachment":[{"href":"https:\/\/bas-ip.com\/ro\/wp-json\/wp\/v2\/media?parent=148196"}],"curies":[{"name":"wp","href":"https:\/\/api.w.org\/{rel}","templated":true}]}}