{"id":145733,"date":"2025-09-22T13:03:10","date_gmt":"2025-09-22T13:03:10","guid":{"rendered":"https:\/\/bas-ip.com\/career\/"},"modified":"2025-10-06T12:54:29","modified_gmt":"2025-10-06T12:54:29","slug":"career","status":"publish","type":"page","link":"https:\/\/bas-ip.com\/ro\/career\/","title":{"rendered":"Carier\u0103"},"content":{"rendered":"<!-- START Block Career Hero -->   <div class=\"careers-hero\" style=\"background-image:url(https:\/\/bas-ip.com\/wp-content\/uploads\/2025\/09\/career_top_bg_2-scaled.jpg)\">\r\n    <div class=\"careers-hero__overlay\"><\/div>\r\n    <div class=\"careers-container careers-hero__content\">\r\n      <h1 class=\"careers-hero__title\">C\u0103ut\u0103m <span>oameni califica\u021bi<\/span><\/h1>\r\n              <p class=\"careers-hero__subtitle\">Dezvolt\u0103m solu\u021bii de ultim\u0103 genera\u021bie \u00een domeniul securit\u0103\u021bii \u2014 de la interfoane IP la controlul accesului \u0219i sisteme de supraveghere video.<br>\r\nDar cel mai important lucru pe care \u00eel construim este o echip\u0103.<\/p>\r\n                    <a class=\"careers-btn careers-btn--primary\" href=\"https:\/\/bas-ip.com\/vacancies\/\">\r\n          lucreaz\u0103 cu noi        <\/a>\r\n          <\/div>\r\n  <\/div>\r\n     <section class=\"careers-benefits\">\r\n    <div class=\"careers-container\">\r\n              <h2 class=\"careers-section-title\">De ce s\u0103 ni te al\u0103turi?<\/h2>\r\n                    <div class=\"careers-benefits__grid\">\r\n                      <div class=\"careers-benefit\">\r\n                              <div class=\"careers-benefit__icon\"><img decoding=\"async\" src=\"https:\/\/bas-ip.com\/wp-content\/uploads\/2025\/09\/hugeicons_global.svg\" alt=\"icon\"><\/div>\r\n                                            <h3>Remote-first<\/h3>\r\n                                            <p>Lucreaz\u0103 de oriunde din lume<\/p>\r\n                          <\/div>\r\n                      <div class=\"careers-benefit\">\r\n                              <div class=\"careers-benefit__icon\"><img decoding=\"async\" src=\"https:\/\/bas-ip.com\/wp-content\/uploads\/2025\/09\/iconoir_brain.svg\" alt=\"icon\"><\/div>\r\n                                            <h3>Produse inovatoare<\/h3>\r\n                                            <p>Tehnologie de ultim\u0103 genera\u021bie pe pia\u021ba securit\u0103\u021bii<\/p>\r\n                          <\/div>\r\n                      <div class=\"careers-benefit\">\r\n                              <div class=\"careers-benefit__icon\"><img decoding=\"async\" src=\"https:\/\/bas-ip.com\/wp-content\/uploads\/2025\/09\/fluent_people-team-16-regular.svg\" alt=\"icon\"><\/div>\r\n                                            <h3>Echipa global\u0103<\/h3>\r\n                                            <p>Colabora\u021bi dincolo de grani\u021be \u0219i fusuri orare<\/p>\r\n                          <\/div>\r\n                      <div class=\"careers-benefit\">\r\n                              <div class=\"careers-benefit__icon\"><img decoding=\"async\" src=\"https:\/\/bas-ip.com\/wp-content\/uploads\/2025\/09\/tabler_rocket.svg\" alt=\"icon\"><\/div>\r\n                                            <h3>Condus de cre\u0219tere<\/h3>\r\n                                            <p>\u00ce\u021bi sus\u021binem \u00eenv\u0103\u021barea \u0219i dezvoltarea carierei<\/p>\r\n                          <\/div>\r\n                      <div class=\"careers-benefit\">\r\n                              <div class=\"careers-benefit__icon\"><img decoding=\"async\" src=\"https:\/\/bas-ip.com\/wp-content\/uploads\/2025\/09\/octicon_goal-24.svg\" alt=\"icon\"><\/div>\r\n                                            <h3>Rezultate peste birocra\u021bie<\/h3>\r\n                                            <p>Pre\u021buim ac\u021biunea \u0219i responsabilitatea<\/p>\r\n                          <\/div>\r\n                      <div class=\"careers-benefit\">\r\n                              <div class=\"careers-benefit__icon\"><img decoding=\"async\" src=\"https:\/\/bas-ip.com\/wp-content\/uploads\/2025\/09\/hugeicons_idea.svg\" alt=\"icon\"><\/div>\r\n                                            <h3>Vocea ta conteaz\u0103<\/h3>\r\n                                            <p>Ini\u021biativa este binevenit\u0103 \u0219i recompensat\u0103<\/p>\r\n                          <\/div>\r\n                  <\/div>\r\n          <\/div>\r\n  <\/section>\r\n    <section class=\"careers-vision\">\r\n    <div class=\"careers-container careers-vision__grid\">\r\n      <div class=\"careers-vision__media\">\r\n                  <img decoding=\"async\" src=\"https:\/\/bas-ip.com\/wp-content\/uploads\/2025\/09\/vision.jpg\" alt=\"\" class=\"careers-vision__img careers-vision__img--single\">\r\n              <\/div>\r\n      <div class=\"careers-vision__text\">\r\n                  <h2 class=\"careers-section-title careers-section-title--left\">viziunea noastr\u0103<\/h2>\r\n                          <p data-start=\"371\" data-end=\"615\">La BAS-IP vei g\u0103si oportunit\u0103\u021bi de dezvoltare, proiecte inspira\u021bionale \u0219i o echip\u0103 global\u0103 care modeleaz\u0103 viitorul securit\u0103\u021bii inteligente. Suntem peste 60 de persoane care lucreaz\u0103 din diferite col\u021buri ale lumii \u2014 f\u0103r\u0103 grani\u021be pentru talent.<\/p>\n<p data-start=\"617\" data-end=\"789\">Echipa noastr\u0103 reune\u0219te profesioni\u0219ti din domeniile R&amp;D, v\u00e2nz\u0103ri, suport, marketing, achizi\u021bii &amp; logistic\u0103, finan\u021be \u0219i HR. Suntem diver\u0219i \u2013 \u0219i aceasta este for\u021ba noastr\u0103.<\/p>\n<p data-start=\"791\" data-end=\"925\" data-is-last-node=\"\" data-is-only-node=\"\">Sus\u021binem noii colegi, ne inspir\u0103m reciproc, lu\u0103m decizii rapid \u0219i apreciem ini\u021biativa. Aici, nu vei munci doar \u2014 vei avea un impact.<\/p>\n                          <a class=\"careers-btn careers-btn--primary\" href=\"https:\/\/bas-ip.com\/vacancies\/\">\r\n            lucreaz\u0103 cu noi          <\/a>\r\n              <\/div>\r\n    <\/div>\r\n  <\/section>\r\n  <section class=\"careers-values\">\r\n    <div class=\"careers-container\">\r\n              <h2 class=\"careers-section-title\">Valorile noastre<\/h2>\r\n        <p>La BAS-IP, cultura noastr\u0103 este construit\u0103 pe mai mult dec\u00e2t obiective \u2013 este modelat\u0103 de valori comune care ne ghideaz\u0103 modul \u00een care lucr\u0103m \u00een fiecare zi:<\/p>\r\n                    <div class=\"careers-values__grid\">\r\n                      <article class=\"careers-card\">\r\n                              <img decoding=\"async\" src=\"https:\/\/bas-ip.com\/wp-content\/uploads\/2025\/09\/honesty3.jpg\" alt=\"\">\r\n                            <div class=\"careers-card__body\">\r\n                                  <h3>Onestitate<\/h3>\r\n                                                  <p>Deschidere \u0219i transparen\u021b\u0103 \u00een tot ceea ce facem<\/p>\r\n                              <\/div>\r\n            <\/article>\r\n                      <article class=\"careers-card\">\r\n                              <img decoding=\"async\" src=\"https:\/\/bas-ip.com\/wp-content\/uploads\/2025\/09\/optimism.jpg\" alt=\"\">\r\n                            <div class=\"careers-card__body\">\r\n                                  <h3>Optimism<\/h3>\r\n                                                  <p>\u00cencredere \u00een noi \u00een\u0219ine \u0219i \u00een succesul echipei noastre<\/p>\r\n                              <\/div>\r\n            <\/article>\r\n                      <article class=\"careers-card\">\r\n                              <img decoding=\"async\" src=\"https:\/\/bas-ip.com\/wp-content\/uploads\/2025\/09\/support2.jpg\" alt=\"\">\r\n                            <div class=\"careers-card__body\">\r\n                                  <h3>Sprijin<\/h3>\r\n                                                  <p>Ajut\u00e2ndu-ne reciproc cu bun\u0103tate \u0219i grij\u0103<\/p>\r\n                              <\/div>\r\n            <\/article>\r\n                      <article class=\"careers-card\">\r\n                              <img decoding=\"async\" src=\"https:\/\/bas-ip.com\/wp-content\/uploads\/2025\/09\/selfdev-1.jpg\" alt=\"\">\r\n                            <div class=\"careers-card__body\">\r\n                                  <h3>Autodezvoltare<\/h3>\r\n                                                  <p>\u00centotdeauna str\u0103duindu-m\u0103 s\u0103 \u00eenv\u0103\u021b \u0219i s\u0103 cresc<\/p>\r\n                              <\/div>\r\n            <\/article>\r\n                  <\/div>\r\n          <\/div>\r\n  <\/section>\r\n    <section class=\"careers-banner\">\r\n    <div class=\"careers-banner__bg\" style=\"background-image:url(https:\/\/bas-ip.com\/wp-content\/uploads\/2025\/09\/careerbannerbg1-scaled.jpg)\"><\/div>\r\n    <div class=\"careers-container careers-banner__content\">\r\n              <p class=\"careers-banner__title\">NU CONSTRUIM DOAR TEHNOLOGIE \u2014 <span>CONSTRUIM<br>\r\nO ECHIP\u0102<\/span> CARE REFLECT\u0102 ACESTE VALORI LA FIECARE PAS.<\/p>\r\n          <\/div>\r\n  <\/section>\r\n\r\n  \r\n    <section id=\"open\" class=\"careers-open\">\r\n    <div class=\"careers-container careers-open__inner\">\r\n              <h2 class=\"careers-section-title\">Pozi\u021bii deschise<\/h2>\r\n                    <p>Exploreaz\u0103 posturile noastre vacante actuale \u0219i aplic\u0103 direct. Suntem mereu \u00een c\u0103utarea unor profesioni\u0219ti pasiona\u021bi care s\u0103 ni se al\u0103ture.<\/p>\r\n                    <a class=\"careers-btn careers-btn--primary\" href=\"https:\/\/bas-ip.com\/vacancies\/\">\r\n          lucreaz\u0103 cu noi        <\/a>\r\n          <\/div>\r\n  <\/section><!-- END Block Career Hero -->","protected":false},"excerpt":{"rendered":"","protected":false},"author":2,"featured_media":0,"parent":0,"menu_order":0,"comment_status":"closed","ping_status":"closed","template":"","meta":{"inline_featured_image":false,"footnotes":""},"class_list":["post-145733","page","type-page","status-publish","hentry"],"acf":[],"_links":{"self":[{"href":"https:\/\/bas-ip.com\/ro\/wp-json\/wp\/v2\/pages\/145733","targetHints":{"allow":["GET"]}}],"collection":[{"href":"https:\/\/bas-ip.com\/ro\/wp-json\/wp\/v2\/pages"}],"about":[{"href":"https:\/\/bas-ip.com\/ro\/wp-json\/wp\/v2\/types\/page"}],"author":[{"embeddable":true,"href":"https:\/\/bas-ip.com\/ro\/wp-json\/wp\/v2\/users\/2"}],"replies":[{"embeddable":true,"href":"https:\/\/bas-ip.com\/ro\/wp-json\/wp\/v2\/comments?post=145733"}],"version-history":[{"count":3,"href":"https:\/\/bas-ip.com\/ro\/wp-json\/wp\/v2\/pages\/145733\/revisions"}],"predecessor-version":[{"id":145935,"href":"https:\/\/bas-ip.com\/ro\/wp-json\/wp\/v2\/pages\/145733\/revisions\/145935"}],"wp:attachment":[{"href":"https:\/\/bas-ip.com\/ro\/wp-json\/wp\/v2\/media?parent=145733"}],"curies":[{"name":"wp","href":"https:\/\/api.w.org\/{rel}","templated":true}]}}