{"id":140965,"date":"2025-06-03T12:48:57","date_gmt":"2025-06-03T12:48:57","guid":{"rendered":"https:\/\/bas-ip.com\/condo-control\/"},"modified":"2025-08-06T09:52:34","modified_gmt":"2025-08-06T09:52:34","slug":"condo-control","status":"publish","type":"page","link":"https:\/\/bas-ip.com\/ro\/condo-control\/","title":{"rendered":"Condo Control"},"content":{"rendered":"<h2>BAS-IP \u0219i Condo Control anun\u021b\u0103 integrarea pentru a \u00eembun\u0103t\u0103\u021bi experien\u021ba de locuit a reziden\u021bilor<\/h2>\n\n<div class=\"wp-block-image\">\n<figure class=\"aligncenter size-large\"><img loading=\"lazy\" decoding=\"async\" width=\"1024\" height=\"235\" src=\"https:\/\/bas-ip.com\/wp-content\/uploads\/2025\/06\/Condo-Control-1024x235.png\" alt=\"\" class=\"wp-image-138764\" srcset=\"https:\/\/bas-ip.com\/wp-content\/uploads\/2025\/06\/Condo-Control-1024x235.png 1024w,  https:\/\/bas-ip.com\/wp-content\/uploads\/2025\/06\/Condo-Control-300x69.png 300w,  https:\/\/bas-ip.com\/wp-content\/uploads\/2025\/06\/Condo-Control-768x177.png 768w,  https:\/\/bas-ip.com\/wp-content\/uploads\/2025\/06\/Condo-Control-767x176.png 767w,  https:\/\/bas-ip.com\/wp-content\/uploads\/2025\/06\/Condo-Control.png 1266w\" sizes=\"auto, (max-width: 1024px) 100vw, 1024px\" \/><\/figure>\n<\/div>\n\n<p>BAS-IP, un dezvoltator de top de sisteme de interfoane IP, \u0219i Condo Control, platforma all-in-one care digitalizeaz\u0103 opera\u021biunile pentru peste 2 milioane de reziden\u021bi, au anun\u021bat ast\u0103zi o integrare strategic\u0103. Aceast\u0103 colaborare creeaz\u0103 o surs\u0103 unic\u0103 de adev\u0103r pentru datele reziden\u021bilor, elimin\u00e2nd introducerea duplicat\u0103 \u0219i permi\u021b\u00e2nd sincronizarea perfect\u0103 a datelor reziden\u021bilor \u00eentre cele dou\u0103 sisteme, oferind un nou nivel de confort \u0219i acurate\u021be a datelor pentru reziden\u021bi \u0219i administratorii de propriet\u0103\u021bi din Canada.<\/p>\n<p>Caracteristica cheie a acestei integr\u0103ri este sincronizarea listei de reziden\u021bi de pe platforma Condo Control cu interfoanele BAS-IP. \u00cen loc s\u0103 formeze numerele de apartament, vizitatorii pot derula un director inteligent alfabetizat, pot atinge un nume, iar panoul de apel afi\u0219eaz\u0103 acum o agend\u0103 telefonic\u0103 cu numele reziden\u021bilor, oferind o abordare mai intuitiv\u0103 \u0219i centrat\u0103 pe utilizator.<\/p>\n<p>Sistemul Condo Control serve\u0219te drept interfa\u021b\u0103 principal\u0103 pentru administratorii de propriet\u0103\u021bi, pentru a ad\u0103uga, \u0219terge \u0219i actualiza cu u\u0219urin\u021b\u0103 \u00eenregistr\u0103rile reziden\u021bilor. Aceste modific\u0103ri sunt transferate automat c\u0103tre directorul inteligent al sistemului de interfon prin intermediul platformei de gestionare BAS-IP Link, care ac\u021bioneaz\u0103 ca un middleware. BAS-IP Link gestioneaz\u0103, de asemenea, procesul de apelare, asigur\u00e2nd o comunicare fiabil\u0103.<\/p>\n<p>Aceast\u0103 \u00eembun\u0103t\u0103\u021bire a fost implementat\u0103 \u021bin\u00e2nd cont de preferin\u021bele reziden\u021bilor canadieni, care sunt obi\u0219nui\u021bi s\u0103 primeasc\u0103 apeluri pe numerele lor de telefon mobil personale, mai degrab\u0103 dec\u00e2t pe un dispozitiv fix \u00een apartament.<\/p>\n<p>\u201eMisiunea noastr\u0103 este de a digitaliza \u0219i eficientiza opera\u021biunile comunit\u0103\u021bii\u201d, a declarat Brian Bosscher, Condo Control. \u201eParteneriatul cu BAS-IP permite administratorilor s\u0103 actualizeze datele o singur\u0103 dat\u0103 \u0219i ofer\u0103 reziden\u021bilor accesul mobil, f\u0103r\u0103 probleme, pe care \u00eel a\u0219teapt\u0103.\u201d<\/p>\n<p><strong><u>Principalele beneficii:<\/u><\/strong><\/p>\n<ul>\n<li><b>Zero introduceri duble<\/b> \u2013 \u00eenregistr\u0103rile reziden\u021bilor circul\u0103 automat.<\/li>\n<li><b>Apelurile ajung la persoana potrivit\u0103 de la prima \u00eencercare<\/b> \u2013 mai pu\u021bine apeluri returnate din hol.<\/li>\n<li><b>Experien\u021b\u0103 mobile-first<\/b> \u2013 reziden\u021bii pot r\u0103spunde de pe orice telefon mobil.<\/li>\n<li><b>\u00centotdeauna la zi:<\/b> numerele de telefon \u0219i mut\u0103rile se sincronizeaz\u0103 instantaneu.<\/li>\n<\/ul>\n<p><strong><u>Procesul de apelare a fost \u00eembun\u0103t\u0103\u021bit pentru o flexibilitate maxim\u0103:<\/u><\/strong><\/p>\n<ul>\n<li><b>Apelare direct\u0103 c\u0103tre rezident:<\/b> Vizitatorii pot apela un anumit rezident pe num\u0103rul s\u0103u de telefon personal sau \u00een aplica\u021bia mobil\u0103 BAS-IP Link, select\u00e2ndu-i numele din directorul inteligent sau form\u00e2nd un cod specific.<\/li>\n<li><b>Apelare la apartament:<\/b> Op\u021biunea tradi\u021bional\u0103 de a apela simultan to\u021bi reziden\u021bii dintr-un apartament este \u00eenc\u0103 disponibil\u0103.<\/li>\n<li><b>Model hibrid:<\/b> Ambele op\u021biuni pot fi suportate concomitent pe un singur dispozitiv de apelare<\/li>\n<\/ul>\n<p><strong><u>Cum func\u021bioneaz\u0103 integrarea:<\/u><\/strong><\/p>\n<ul>\n<li><b>\u00cenregistrare:<\/b> Administratorul \u00eenregistreaz\u0103 un rezident \u00een sistemul Condo Control \u0219i adaug\u0103 informa\u021biile de contact ale acestuia.<\/li>\n<li><b>Sincronizare:<\/b> Serverul BAS-IP Link trimite automat datele rezidentului c\u0103tre directorul inteligent al panoului de apel.<\/li>\n<li><b>Apel:<\/b> Un curier sau un oaspete selecteaz\u0103 rezidentul dup\u0103 nume sau formeaz\u0103 codul acestuia.<\/li>\n<li><b>R\u0103spuns:<\/b> Rezidentul r\u0103spunde la apel de pe panou, pe num\u0103rul s\u0103u de telefon mobil personal (printr-un trunk SIP Twilio conectat) sau \u00een aplica\u021bia BAS-IP Link.<\/li>\n<li><b>Acces:<\/b> Rezidentul poate deschide u\u0219a de la distan\u021b\u0103.<\/li>\n<\/ul>\n<p>Integrarea asigur\u0103, de asemenea, actualiz\u0103ri automate ale datelor. Orice modific\u0103ri ale num\u0103rului de telefon al unui rezident, \u0219tergerea unui utilizator sau o sesiune de aplica\u021bie mobil\u0103 \u00een sistemul Condo Control se reflect\u0103 imediat \u00een schema de redirec\u021bionare BAS-IP Link, garant\u00e2nd c\u0103 informa\u021biile de contact sunt \u00eentotdeauna actuale.<\/p>\n<p>Aceast\u0103 integrare reprezint\u0103 un pas semnificativ \u00eenainte \u00een crearea unor spa\u021bii de locuit mai inteligente \u0219i mai convenabile. Prin combinarea tehnologiei de interfonie IP de ultim\u0103 genera\u021bie de la BAS-IP cu capabilit\u0103\u021bile puternice de gestionare a propriet\u0103\u021bii de la Condo Control, companiile ofer\u0103 o solu\u021bie care r\u0103spunde nevoilor moderne ale reziden\u021bilor \u0219i simplific\u0103 fluxul de lucru pentru administratori.<\/p>\n\n<!-- START Block Sign Up --><section id=\"block_629678229e935\" class=\"sign-up-section\">\r\n\r\n    <div class=\"form-holder js-form\" data-aos=\"fade-right\">\r\n                    <div class=\"title-block h3\">Sign up for connection<\/div>\r\n        \r\n                    <div class=\"text-block\">\r\n                Filling out all the information needed to answer you as quickly as possible            <\/div>\r\n        \r\n                    \n<div class=\"wpcf7 no-js\" id=\"wpcf7-f102-o1\" lang=\"en-US\" dir=\"ltr\">\n<div class=\"screen-reader-response\"><p role=\"status\" aria-live=\"polite\" aria-atomic=\"true\"><\/p> <ul><\/ul><\/div>\n<form action=\"\/ro\/wp-json\/wp\/v2\/pages\/140965#wpcf7-f102-o1\" method=\"post\" class=\"wpcf7-form init\" aria-label=\"Contact form\" enctype=\"multipart\/form-data\" novalidate=\"novalidate\" data-status=\"init\">\n<div style=\"display: none;\">\n<input type=\"hidden\" name=\"_wpcf7\" value=\"102\" \/>\n<input type=\"hidden\" name=\"_wpcf7_version\" value=\"5.8.3\" \/>\n<input type=\"hidden\" name=\"_wpcf7_locale\" value=\"en_US\" \/>\n<input type=\"hidden\" name=\"_wpcf7_unit_tag\" value=\"wpcf7-f102-o1\" \/>\n<input type=\"hidden\" name=\"_wpcf7_container_post\" value=\"0\" \/>\n<input type=\"hidden\" name=\"_wpcf7_posted_data_hash\" value=\"\" \/>\n<input type=\"hidden\" name=\"_wpcf7_recaptcha_response\" value=\"\" \/>\n<\/div>\n<div class=\"row\"> \n <label><span class=\"label-text\">Name<\/span> \n  <span class=\"wpcf7-form-control-wrap\" data-name=\"text-full-name\"><input size=\"40\" class=\"wpcf7-form-control wpcf7-text wpcf7-validates-as-required\" aria-required=\"true\" aria-invalid=\"false\" placeholder=\"Name\" value=\"\" type=\"text\" name=\"text-full-name\" \/><\/span><\/label> \n<\/div> \n<div class=\"row\"> \n <label><span class=\"label-text\">Phone*<\/span> \n<span class=\"wpcf7-form-control-wrap\" data-name=\"phonetext-270\"><input size=\"40\" class=\"wpcf7-form-control wpcf7-phonetext wpcf7-validates-as-required wpcf7-text wpcf7-validates-as-phonetext\" aria-required=\"true\" aria-invalid=\"false\" placeholder=\"Phone*\" value=\"\" type=\"text\" name=\"phonetext-270\" \/><input type=\"hidden\" name=\"phonetext-270-country-code\" class=\"wpcf7-phonetext-country-code\" \/><\/span><\/label> \n<\/div> \n<div class=\"row\"> \n <label><span class=\"label-text\">E-mail<\/span> \n  <span class=\"wpcf7-form-control-wrap\" data-name=\"email-e-mail\"><input size=\"40\" class=\"wpcf7-form-control wpcf7-email wpcf7-validates-as-required wpcf7-text wpcf7-validates-as-email\" aria-required=\"true\" aria-invalid=\"false\" placeholder=\"E-mail\" value=\"\" type=\"email\" name=\"email-e-mail\" \/><\/span><\/label> \n<\/div> \n<div class=\"row\"><span>Your country<\/span> \n <label><span class=\"wpcf7-form-control-wrap\" data-name=\"countrytext-126\"><input size=\"40\" class=\"wpcf7-form-control wpcf7-countrytext wpcf7-text wpcf7-validates-as-countrytext\" aria-invalid=\"false\" value=\"\" type=\"text\" name=\"countrytext-126\" \/><\/span> <\/label>\n<\/div> \n<div class=\"row\"> \n <button type=\"submit\" class=\"btn\">Send<\/button> \n<\/div> \n<div class=\"row\"> \n <span class=\"wpcf7-form-control-wrap\" data-name=\"checkbox-931\"><span class=\"wpcf7-form-control wpcf7-checkbox\"><span class=\"wpcf7-list-item first\"><label><input type=\"checkbox\" name=\"checkbox-931[]\" value=\"Integrator\" \/><span class=\"wpcf7-list-item-label\">Integrator<\/span><\/label><\/span><span class=\"wpcf7-list-item\"><label><input type=\"checkbox\" name=\"checkbox-931[]\" value=\"Builder\" \/><span class=\"wpcf7-list-item-label\">Builder<\/span><\/label><\/span><span class=\"wpcf7-list-item last\"><label><input type=\"checkbox\" name=\"checkbox-931[]\" value=\"End-User\" \/><span class=\"wpcf7-list-item-label\">End-User<\/span><\/label><\/span><\/span><\/span> \n<\/div> \n<div class=\"row row-upload-file\"> \n <label class=\"upload-file-block js-upload-file\">Attach file \n  <span class=\"wpcf7-form-control-wrap\" data-name=\"file-466\"><input size=\"40\" class=\"wpcf7-form-control wpcf7-file\" accept=\"audio\/*,video\/*,image\/*\" aria-invalid=\"false\" type=\"file\" name=\"file-466\" \/><\/span><\/label> \n<\/div><input type='hidden' class='wpcf7-pum' value='{\"closepopup\":false,\"closedelay\":0,\"openpopup\":false,\"openpopup_id\":0}' \/><div class=\"wpcf7-response-output\" aria-hidden=\"true\"><\/div>\n<\/form>\n<\/div>\n            <\/div>\r\n\r\n\t\t    <div class=\"text-holder\" data-aos=\"fade-left\">\r\n\t\t\t\t\t\t    <h3 class=\"title-block\">How Can We Help?<\/h3>\r\n\t\t\t\r\n\t\t\t                <div class=\"text-block\">\r\n                    Please select a topic below related to your inquiry. If you don&#8217;t find what you need, fill out our contact form.                <\/div>\r\n\t\t\t\r\n\t\t\t\t\t\t    <ul class=\"link-list\">\r\n\t\t\t\t\t\t\t\t\t\t\t\t\t\t\t\t\t\t<li>\r\n\t\t\t\t\t\t\t\t\t\t\t\t\t\t\t\t    <strong>Get Inspired<\/strong>\r\n\t\t\t\t\t\t\t\t\t\t\t\t\t\t\t\t\t\t\t\t\t\t\t\t    <a href=\"\/features\/\">\r\n\t\t\t\t\t\t\t\t        Discover what&#8217;s beneath our intercom\t\t\t\t\t\t\t\t    <\/a>\r\n\t\t\t\t\t\t\t\t\t\t\t\t\t\t\t<\/li>\r\n\t\t\t\t\t\t\t\t\t\t\t\t\t\t\t\t\t\t\t\t\t\t\t\t<li>\r\n\t\t\t\t\t\t\t\t\t\t\t\t\t\t\t\t    <strong>Become a Partner<\/strong>\r\n\t\t\t\t\t\t\t\t\t\t\t\t\t\t\t\t\t\t\t\t\t\t\t\t    <a href=\"\/distributors\/\">\r\n\t\t\t\t\t\t\t\t        Expand your business with BAS-IP intercom\t\t\t\t\t\t\t\t    <\/a>\r\n\t\t\t\t\t\t\t\t\t\t\t\t\t\t\t<\/li>\r\n\t\t\t\t\t\t\t\t\t\t\t\t\t\t\t\t\t\t\t\t\t\t\t\t<li>\r\n\t\t\t\t\t\t\t\t\t\t\t\t\t\t\t\t    <strong>Check the Guides<\/strong>\r\n\t\t\t\t\t\t\t\t\t\t\t\t\t\t\t\t\t\t\t\t\t\t\t\t    <a href=\"\/support\/\">\r\n\t\t\t\t\t\t\t\t        Download detailed manuals and schemes\t\t\t\t\t\t\t\t    <\/a>\r\n\t\t\t\t\t\t\t\t\t\t\t\t\t\t\t<\/li>\r\n\t\t\t\t\t\t\t\t\t\t\t\t\t\t\t<\/ul>\r\n\t\t\t\r\n\t\t\t\t\t\t    <h3 class=\"title-block\">Our contacts<\/h3>\r\n\t\t\t\r\n\t\t\t\t\t\t\t<ul class=\"contact-list\">\r\n\t\t\t\t\t\t\t\t\t\t\t\t\t\t\t\t\t\t<li>\r\n\t\t\t\t\t\t\t\t\t\t\t\t\t\t\t\t\t<strong>Sales:<\/strong>\r\n\t\t\t\t\t\t\t\t\t\t\t\t\t\t\t\t\t\t\t\t\t\t\t\t    <a href=\"mailto:s&#97;&#108;es&#64;bas-&#105;&#112;&#46;&#99;om\">s&#97;le&#115;&#64;b&#97;&#115;&#45;ip.com<\/a>\r\n\t\t\t\t\t\t\t\t\t\t\t\t\t\t\t<\/li>\r\n\t\t\t\t\t\t\t\t\t\t\t\t\t\t\t\t\t\t\t\t\t\t\t\t<li>\r\n\t\t\t\t\t\t\t\t\t\t\t\t\t\t\t\t\t<strong>Technical support:<\/strong>\r\n\t\t\t\t\t\t\t\t\t\t\t\t\t\t\t\t\t\t\t\t\t\t\t\t    <a href=\"mailto:&#115;&#117;&#112;p&#111;&#114;&#116;&#64;bas-i&#112;.&#99;o&#109;\">su&#112;p&#111;&#114;&#116;&#64;bas&#45;&#105;p&#46;&#99;o&#109;<\/a>\r\n\t\t\t\t\t\t\t\t\t\t\t\t\t\t\t<\/li>\r\n\t\t\t\t\t\t\t\t\t\t\t\t\t\t\t<\/ul>\r\n\t\t\t\t\t<\/div>\r\n\t<\/section>\r\n\r\n\r\n\r\n<!-- END Block Sign Up -->","protected":false},"excerpt":{"rendered":"<p>BAS-IP \u0219i Condo Control anun\u021b\u0103 integrarea pentru a \u00eembun\u0103t\u0103\u021bi experien\u021ba de locuit a reziden\u021bilor BAS-IP, un dezvoltator de top de sisteme de interfoane IP, \u0219i Condo Control, platforma all-in-one care digitalizeaz\u0103 opera\u021biunile pentru peste 2 milioane de reziden\u021bi, au anun\u021bat ast\u0103zi o integrare strategic\u0103. Aceast\u0103 colaborare creeaz\u0103 o surs\u0103 unic\u0103 de adev\u0103r pentru datele reziden\u021bilor, [&hellip;]<\/p>","protected":false},"author":1,"featured_media":0,"parent":0,"menu_order":0,"comment_status":"closed","ping_status":"closed","template":"page-custom-breadcrumbs.php","meta":{"inline_featured_image":false,"footnotes":""},"class_list":["post-140965","page","type-page","status-publish","hentry"],"acf":[],"_links":{"self":[{"href":"https:\/\/bas-ip.com\/ro\/wp-json\/wp\/v2\/pages\/140965","targetHints":{"allow":["GET"]}}],"collection":[{"href":"https:\/\/bas-ip.com\/ro\/wp-json\/wp\/v2\/pages"}],"about":[{"href":"https:\/\/bas-ip.com\/ro\/wp-json\/wp\/v2\/types\/page"}],"author":[{"embeddable":true,"href":"https:\/\/bas-ip.com\/ro\/wp-json\/wp\/v2\/users\/1"}],"replies":[{"embeddable":true,"href":"https:\/\/bas-ip.com\/ro\/wp-json\/wp\/v2\/comments?post=140965"}],"version-history":[{"count":3,"href":"https:\/\/bas-ip.com\/ro\/wp-json\/wp\/v2\/pages\/140965\/revisions"}],"predecessor-version":[{"id":140998,"href":"https:\/\/bas-ip.com\/ro\/wp-json\/wp\/v2\/pages\/140965\/revisions\/140998"}],"wp:attachment":[{"href":"https:\/\/bas-ip.com\/ro\/wp-json\/wp\/v2\/media?parent=140965"}],"curies":[{"name":"wp","href":"https:\/\/api.w.org\/{rel}","templated":true}]}}