{"id":133964,"date":"2023-03-27T09:32:04","date_gmt":"2023-03-27T09:32:04","guid":{"rendered":"https:\/\/bas-ip.com\/medical\/"},"modified":"2025-03-24T09:18:25","modified_gmt":"2025-03-24T09:18:25","slug":"medical","status":"publish","type":"page","link":"https:\/\/bas-ip.com\/ro\/medical\/","title":{"rendered":"Pentru spitale\/Facilit\u0103\u021bi medicale"},"content":{"rendered":"<h1 class=\"wp-block-heading\"><strong>Sistem de interfon pentru spital de la BAS-IP &#8211; Elevate Patient Care<\/strong><\/h1>\n\n\n\n<p>Industria medical\u0103 evolueaz\u0103 continuu pentru a oferi pacien\u021bilor cea mai bun\u0103 \u00eengrijire posibil\u0103. Deoarece comunicarea joac\u0103 un rol crucial \u00een furnizarea de servicii medicale eficiente \u0219i sigure, modernizarea la un sistem de interfon de spital de ultim\u0103 genera\u021bie este o necesitate. Sistemele de interfon medicale inovatoare de la BAS-IP, proiectate special pentru camere curate \u0219i facilit\u0103\u021bi medicale, aduc un confort \u0219i o fiabilitate de neegalat profesioni\u0219tilor din domeniul s\u0103n\u0103t\u0103\u021bii \u0219i pacien\u021bilor lor. \u00cen acest articol, explor\u0103m caracteristicile \u0219i beneficiile interfonului de spital BAS-IP \u0219i modul \u00een care acesta poate revolu\u021biona modul \u00een care func\u021bioneaz\u0103 facilit\u0103\u021bile medicale.<\/p>\n\n\n\n<h2 class=\"wp-block-heading\"><strong>Puterea interfonului spitalului BAS-IP<\/strong><\/h2>\n\n\n<!-- START Block Features --><section id=\"block_64304f018b5e4\" class=\"features-section\">\r\n\t\r\n    <div class=\"features-list\">\r\n                    <div class=\"features-item\" data-aos=\"fade-up\">\r\n    <div class=\"features-box\">\r\n                    <div class=\"image-holder\">\r\n                <img loading=\"lazy\" decoding=\"async\" width=\"350\" height=\"320\" src=\"https:\/\/bas-ip.com\/wp-content\/uploads\/2023\/04\/1-2-350x320.jpg\" class=\"attachment-thumbnail_350x320 size-thumbnail_350x320\" alt=\"\" \/>            <\/div>\r\n        \r\n        <div class=\"text-holder\">\r\n                        <h3 class=\"title-block\">Integrare perfect\u0103 cu re\u021belele locale IP<\/h3>\r\n          \r\n                        <div class=\"text-block\">\r\n                <p>Unul dintre avantajele semnificative ale sistemelor de interfon medicale BAS-IP este capacitatea lor de a opera f\u0103r\u0103 probleme \u00een aceea\u0219i re\u021bea local\u0103 IP. Aceast\u0103 compatibilitate asigur\u0103 o comunicare fluent\u0103 \u00eentre diferite dispozitive de interfon, reduc\u00e2nd laten\u021ba \u0219i \u00eembun\u0103t\u0103\u021bind eficien\u021ba general\u0103.<\/p>\n              <\/div>\r\n                  <\/div>\r\n    <\/div>\r\n<\/div>\r\n                    <div class=\"features-item\" data-aos=\"fade-up\">\r\n    <div class=\"features-box\">\r\n                    <div class=\"image-holder\">\r\n                <img loading=\"lazy\" decoding=\"async\" width=\"350\" height=\"320\" src=\"https:\/\/bas-ip.com\/wp-content\/uploads\/2023\/04\/2-2-350x320.jpg\" class=\"attachment-thumbnail_350x320 size-thumbnail_350x320\" alt=\"\" \/>            <\/div>\r\n        \r\n        <div class=\"text-holder\">\r\n                        <h3 class=\"title-block\">Func\u021bii avansate pentru comunicare \u00eembun\u0103t\u0103\u021bit\u0103<\/h3>\r\n          \r\n                        <div class=\"text-block\">\r\n                <p>BAS-IP ofer\u0103 o gam\u0103 larg\u0103 de caracteristici unice pentru sistemul lor de interfon pentru spitale, diferen\u021biindu-l de concuren\u021bi. Unele dintre aceste caracteristici includ apeluri video HD, control acces \u0219i compatibilitate cu diverse dispozitive IP, asigur\u00e2nd o comunicare simplificat\u0103 \u0219i o securitate sporit\u0103 pentru unit\u0103\u021bile medicale.<\/p>\n              <\/div>\r\n                  <\/div>\r\n    <\/div>\r\n<\/div>\r\n                    <div class=\"features-item\" data-aos=\"fade-up\">\r\n    <div class=\"features-box\">\r\n                    <div class=\"image-holder\">\r\n                <img loading=\"lazy\" decoding=\"async\" width=\"350\" height=\"320\" src=\"https:\/\/bas-ip.com\/wp-content\/uploads\/2023\/04\/3-2-350x320.jpg\" class=\"attachment-thumbnail_350x320 size-thumbnail_350x320\" alt=\"\" \/>            <\/div>\r\n        \r\n        <div class=\"text-holder\">\r\n                        <h3 class=\"title-block\">Capacit\u0103\u021bi de interfon \u00een camer\u0103 curat\u0103<\/h3>\r\n          \r\n                        <div class=\"text-block\">\r\n                <p>Camerele curate necesit\u0103 standarde de igien\u0103 stricte, iar sistemul de interfon pentru spitale de la BAS-IP este proiectat pentru a \u00eendeplini aceste cerin\u021be. Interfonul pentru camere curate asigur\u0103 c\u0103 comunicarea dintre profesioni\u0219tii din domeniul s\u0103n\u0103t\u0103\u021bii r\u0103m\u00e2ne ne\u00eentrerupt\u0103, f\u0103r\u0103 a compromite sterilitatea \u0219i siguran\u021ba acestor medii specializate.<\/p>\n              <\/div>\r\n                  <\/div>\r\n    <\/div>\r\n<\/div>\r\n            <\/div>\r\n<\/section>\r\n<!-- END Block Features -->\n\n\n<h2 class=\"wp-block-heading\"><strong>Componentele hardware de \u00eenalt\u0103 calitate ale BAS-IP<\/strong><\/h2>\n\n\n<!-- START Block Features --><section id=\"block_64304f888b5e8\" class=\"features-section\">\r\n\t\r\n    <div class=\"features-list\">\r\n                    <div class=\"features-item\" data-aos=\"fade-up\">\r\n    <div class=\"features-box\">\r\n                    <div class=\"image-holder\">\r\n                <img loading=\"lazy\" decoding=\"async\" width=\"350\" height=\"320\" src=\"https:\/\/bas-ip.com\/wp-content\/uploads\/2023\/04\/4-2-350x320.jpg\" class=\"attachment-thumbnail_350x320 size-thumbnail_350x320\" alt=\"\" \/>            <\/div>\r\n        \r\n        <div class=\"text-holder\">\r\n                        <h3 class=\"title-block\">AV-04AFD \u2013 Dispozitivul de interfon suprem<\/h3>\r\n          \r\n                        <div class=\"text-block\">\r\n                <p>AV-04AFD este un dispozitiv de interfon versatil, conceput pentru a oferi performan\u021be de top pentru unit\u0103\u021bile medicale. Cu capacit\u0103\u021bile sale de apel audio HD, integrarea controlului accesului \u0219i compatibilitatea cu diverse dispozitive IP, acesta ofer\u0103 caracteristici de comunicare \u0219i securitate de neegalat \u00eentr-un design elegant \u0219i modern.<\/p>\n              <\/div>\r\n                  <\/div>\r\n    <\/div>\r\n<\/div>\r\n                    <div class=\"features-item\" data-aos=\"fade-up\">\r\n    <div class=\"features-box\">\r\n                    <div class=\"image-holder\">\r\n                <img loading=\"lazy\" decoding=\"async\" width=\"350\" height=\"320\" src=\"https:\/\/bas-ip.com\/wp-content\/uploads\/2023\/04\/5-3-350x320.jpg\" class=\"attachment-thumbnail_350x320 size-thumbnail_350x320\" alt=\"\" \/>            <\/div>\r\n        \r\n        <div class=\"text-holder\">\r\n                        <h3 class=\"title-block\">AM-02 \u2013 Terminal Consierge eficient<\/h3>\r\n          \r\n                        <div class=\"text-block\">\r\n                <p>Terminalul de concierge AM-02 asigur\u0103 o comunicare clar\u0103 \u0219i fiabil\u0103 \u00eentre profesioni\u0219tii din domeniul s\u0103n\u0103t\u0103\u021bii. Acest dispozitiv u\u0219or de instalat poate fi integrat perfect \u00een sistemul de interfon pentru spitale, oferind o solu\u021bie eficient\u0103 \u0219i rentabil\u0103 pentru unit\u0103\u021bile medicale.<\/p>\n              <\/div>\r\n                  <\/div>\r\n    <\/div>\r\n<\/div>\r\n                    <div class=\"features-item\" data-aos=\"fade-up\">\r\n    <div class=\"features-box\">\r\n                    <div class=\"image-holder\">\r\n                <img loading=\"lazy\" decoding=\"async\" width=\"350\" height=\"320\" src=\"https:\/\/bas-ip.com\/wp-content\/uploads\/2023\/04\/6-2-350x320.jpg\" class=\"attachment-thumbnail_350x320 size-thumbnail_350x320\" alt=\"\" \/>            <\/div>\r\n        \r\n        <div class=\"text-holder\">\r\n                        <h3 class=\"title-block\">SH-31TM &#8211; Modul de temperatur\u0103 al panoului de intrare<\/h3>\r\n          \r\n                        <div class=\"text-block\">\r\n                <p>Modulul de interfon pentru u\u0219\u0103 cu m\u0103surare non-contact a temperaturii la \u00eencheietura m\u00e2inii este o parte esen\u021bial\u0103 a unui sistem de interfon pentru spitale. Acest dispozitiv inovator combin\u0103 controlul accesului \u0219i func\u021biile de screening al s\u0103n\u0103t\u0103\u021bii pentru a asigura un mediu sigur \u0219i securizat at\u00e2t pentru pacien\u021bi, c\u00e2t \u0219i pentru personalul din unit\u0103\u021bile medicale.<\/p>\n              <\/div>\r\n                  <\/div>\r\n    <\/div>\r\n<\/div>\r\n            <\/div>\r\n<\/section>\r\n<!-- END Block Features -->\n\n<!-- START Block FAQ --><section id=\"block_642163c6f4e28\" class=\"faq-section\">\r\n\t\t    <h2 class=\"title-section\" data-aos=\"fade-right\">\u00centreb\u0103ri frecvente (FAQs)<\/h2>\r\n\t\t\t    <div class=\"faq-list js-accordion\" data-aos=\"fade-up\">\r\n\t\t\t\t\t\t\t\t\t\t\t    <div class=\"accordion-item faq-item\">\r\n                        <div class=\"accordion-opener\">\r\n                            Q: Cum \u00eembun\u0103t\u0103\u021be\u0219te sistemul de interfon al spitalelor BAS-IP eficien\u021ba institu\u021biilor medicale?                            <i class=\"fa-solid fa-chevron-down\"><\/i>\r\n                        <\/div>\r\n                        <div class=\"accordion-slide\">\r\n\t\t\t\t\t\t    <p>Sistemul de interfon pentru spitale de la BAS-IP permite profesioni\u0219tilor din domeniul s\u0103n\u0103t\u0103\u021bii s\u0103 comunice f\u0103r\u0103 probleme \u0219i \u00een siguran\u021b\u0103, sporind eficien\u021ba general\u0103. Prin integrarea caracteristicilor avansate, cum ar fi apelurile audio \u0219i video HD, controlul accesului \u0219i compatibilitatea cu diverse dispozitive IP, sistemul simplific\u0103 comunicarea \u0219i reduce timpul de r\u0103spuns \u00een situa\u021bii critice.<\/p>\n                        <\/div>\r\n\t\t\t\t\t<\/div>\r\n\t\t\t\t\t\t\t\t\t\t\t\t\t\t\t    <div class=\"accordion-item faq-item\">\r\n                        <div class=\"accordion-opener\">\r\n                            Q: Sistemul de interfon de spital BAS-IP poate fi personalizat pentru a se potrivi cerin\u021belor specifice unei unit\u0103\u021bi medicale?                            <i class=\"fa-solid fa-chevron-down\"><\/i>\r\n                        <\/div>\r\n                        <div class=\"accordion-slide\">\r\n\t\t\t\t\t\t    <p>Da, sistemul de interfon pentru spitale BAS-IP poate fi adaptat pentru a satisface nevoile specifice ale unei unit\u0103\u021bi medicale. Compatibilitatea sa cu diverse dispozitive IP \u0219i integrarea perfect\u0103 cu re\u021belele locale IP asigur\u0103 c\u0103 sistemul poate fi personalizat pentru a oferi cea mai eficient\u0103 \u0219i eficace solu\u021bie de comunicare pentru unitatea dumneavoastr\u0103.<\/p>\n                        <\/div>\r\n\t\t\t\t\t<\/div>\r\n\t\t\t\t\t\t\t\t\t\t\t\t\t\t\t    <div class=\"accordion-item faq-item\">\r\n                        <div class=\"accordion-opener\">\r\n                            Q: Ce face ca interfonul pentru camer\u0103 curat\u0103 de la BAS-IP s\u0103 fie potrivit pentru medii sterile?                            <i class=\"fa-solid fa-chevron-down\"><\/i>\r\n                        <\/div>\r\n                        <div class=\"accordion-slide\">\r\n\t\t\t\t\t\t    <p>Interfonul pentru camere curate de la BAS-IP este proiectat pentru a \u00eendeplini standardele igienice stricte necesare \u00een medii sterile. Sistemul asigur\u0103 o comunicare ne\u00eentrerupt\u0103 f\u0103r\u0103 a compromite sterilitatea \u0219i siguran\u021ba camerelor curate, ceea ce \u00eel face o alegere ideal\u0103 pentru unit\u0103\u021bile medicale cu cerin\u021be stricte de igien\u0103.<\/p>\n                        <\/div>\r\n\t\t\t\t\t<\/div>\r\n\t\t\t\t\t\t\t\t\t\t\t\t\t\t\t    <div class=\"accordion-item faq-item\">\r\n                        <div class=\"accordion-opener\">\r\n                            Q: C\u00e2t de u\u0219or este instalarea \u0219i \u00eentre\u021binerea sistemului de interfon al spitalului BAS-IP?                            <i class=\"fa-solid fa-chevron-down\"><\/i>\r\n                        <\/div>\r\n                        <div class=\"accordion-slide\">\r\n\t\t\t\t\t\t    <p>Sistemul de interfon pentru spitale de la BAS-IP este proiectat pentru instalare \u0219i \u00eentre\u021binere u\u0219oar\u0103. Integrarea perfect\u0103 a sistemului cu re\u021belele locale IP simplific\u0103 procesul de instalare, \u00een timp ce componentele hardware de \u00eenalt\u0103 calitate, cum ar fi AV-04AFD \u0219i AM-02, asigur\u0103 fiabilitate \u0219i durabilitate pentru utilizare pe termen lung.<\/p>\n                        <\/div>\r\n\t\t\t\t\t<\/div>\r\n\t\t\t\t\t\t\t\t\t<\/div>\r\n\t<\/section>\r\n<!-- END Block FAQ -->\n\n\n<p>Sistemul de interfon pentru spitale de la BAS-IP ofer\u0103 o solu\u021bie de comunicare avansat\u0103 pentru unit\u0103\u021bile medicale, \u00eembun\u0103t\u0103\u021bind eficien\u021ba, securitatea \u0219i igiena. Moderniza\u021bi-v\u0103 ast\u0103zi la sistemul de interfon pentru spitale de la BAS-IP \u0219i experimenta\u021bi diferen\u021ba \u00een comunicarea \u0219i opera\u021biunile unit\u0103\u021bii dumneavoastr\u0103 medicale.<\/p>","protected":false},"excerpt":{"rendered":"<p>Sistem de interfon pentru spital de la BAS-IP &#8211; Elevate Patient Care Industria medical\u0103 evolueaz\u0103 continuu pentru a oferi pacien\u021bilor cea mai bun\u0103 \u00eengrijire posibil\u0103. Deoarece comunicarea joac\u0103 un rol crucial \u00een furnizarea de servicii medicale eficiente \u0219i sigure, modernizarea la un sistem de interfon de spital de ultim\u0103 genera\u021bie este o necesitate. Sistemele de [&hellip;]<\/p>","protected":false},"author":1,"featured_media":0,"parent":0,"menu_order":0,"comment_status":"closed","ping_status":"closed","template":"","meta":{"inline_featured_image":false,"footnotes":""},"class_list":["post-133964","page","type-page","status-publish","hentry"],"acf":[],"_links":{"self":[{"href":"https:\/\/bas-ip.com\/ro\/wp-json\/wp\/v2\/pages\/133964","targetHints":{"allow":["GET"]}}],"collection":[{"href":"https:\/\/bas-ip.com\/ro\/wp-json\/wp\/v2\/pages"}],"about":[{"href":"https:\/\/bas-ip.com\/ro\/wp-json\/wp\/v2\/types\/page"}],"author":[{"embeddable":true,"href":"https:\/\/bas-ip.com\/ro\/wp-json\/wp\/v2\/users\/1"}],"replies":[{"embeddable":true,"href":"https:\/\/bas-ip.com\/ro\/wp-json\/wp\/v2\/comments?post=133964"}],"version-history":[{"count":3,"href":"https:\/\/bas-ip.com\/ro\/wp-json\/wp\/v2\/pages\/133964\/revisions"}],"predecessor-version":[{"id":134048,"href":"https:\/\/bas-ip.com\/ro\/wp-json\/wp\/v2\/pages\/133964\/revisions\/134048"}],"wp:attachment":[{"href":"https:\/\/bas-ip.com\/ro\/wp-json\/wp\/v2\/media?parent=133964"}],"curies":[{"name":"wp","href":"https:\/\/api.w.org\/{rel}","templated":true}]}}