{"id":133783,"date":"2023-03-27T16:07:41","date_gmt":"2023-03-27T16:07:41","guid":{"rendered":"https:\/\/bas-ip.com\/gates\/"},"modified":"2025-03-18T14:23:45","modified_gmt":"2025-03-18T14:23:45","slug":"gates","status":"publish","type":"page","link":"https:\/\/bas-ip.com\/ro\/gates\/","title":{"rendered":"Portile"},"content":{"rendered":"<h1 class=\"wp-block-heading\"><strong>Sistem de interfon pentru por\u021bi: \u00eembun\u0103t\u0103\u021bi\u021bi-v\u0103 securitatea<\/strong><\/h1>\n\n\n\n<p>Bine a\u021bi venit \u00een viitorul managementului accesului \u00een propriet\u0103\u021bi, unde confortul, securitatea \u0219i tehnologia de ultim\u0103 or\u0103 se \u00eent\u00e2lnesc. Cu un sistem de interfon BAS-IP pentru por\u021bi, pute\u021bi experimenta un control f\u0103r\u0103 egal asupra punctelor de acces ale propriet\u0103\u021bii dumneavoastr\u0103. Indiferent dac\u0103 este vorba despre o cas\u0103 reziden\u021bial\u0103, un complex de apartamente sau o unitate comercial\u0103, sistemele noastre de interfon pentru por\u021bi ofer\u0103 func\u021bii unice care r\u0103spund tuturor nevoilor dumneavoastr\u0103. Vom explora principalele caracteristici \u0219i avantaje ale interfonului BAS-IP pentru por\u021bi, oferindu-v\u0103 toate informa\u021biile necesare pentru a lua o decizie informat\u0103.<\/p>\n\n\n\n<h2 class=\"wp-block-heading\"><strong>De ce s\u0103 alege\u021bi un sistem de poart\u0103 de interfon BAS-IP?<\/strong><\/h2>\n\n\n\n<p>Sistemele de interfon BAS-IP pentru por\u021bi ofer\u0103 o multitudine de func\u021bii care le diferen\u021biaz\u0103 de interfoanele tradi\u021bionale pentru por\u021bi. Iat\u0103 c\u00e2teva dintre principalele beneficii ale alegerii unui sistem de interfon BAS-IP pentru poarta principal\u0103:<\/p>\n\n\n<!-- START Block Features --><section id=\"block_6430528dc3f3e\" class=\"features-section\">\r\n\t\r\n    <div class=\"features-list\">\r\n                    <div class=\"features-item\" data-aos=\"fade-up\">\r\n    <div class=\"features-box\">\r\n                    <div class=\"image-holder\">\r\n                <img loading=\"lazy\" decoding=\"async\" width=\"350\" height=\"320\" src=\"https:\/\/bas-ip.com\/wp-content\/uploads\/2023\/04\/1-3-350x320.jpg\" class=\"attachment-thumbnail_350x320 size-thumbnail_350x320\" alt=\"\" \/>            <\/div>\r\n        \r\n        <div class=\"text-holder\">\r\n                        <h3 class=\"title-block\">Integrare perfect\u0103 \u00een re\u021beaua local\u0103 IP<\/h3>\r\n          \r\n                        <div class=\"text-block\">\r\n                <p>Sistemele de interfon BAS-IP pentru por\u021bi sunt concepute pentru a func\u021biona f\u0103r\u0103 probleme \u00een cadrul acelea\u0219i re\u021bele locale IP, asigur\u00e2nd o instalare \u0219i configurare u\u0219oare. Aceast\u0103 integrare perfect\u0103 v\u0103 permite s\u0103 \u00eencorpora\u021bi cu u\u0219urin\u021b\u0103 sistemul de interfon \u00een infrastructura existent\u0103 a re\u021belei, minimiz\u00e2nd problemele de compatibilitate \u0219i reduc\u00e2nd complexitatea.<\/p>\n              <\/div>\r\n                  <\/div>\r\n    <\/div>\r\n<\/div>\r\n                    <div class=\"features-item\" data-aos=\"fade-up\">\r\n    <div class=\"features-box\">\r\n                    <div class=\"image-holder\">\r\n                <img loading=\"lazy\" decoding=\"async\" width=\"350\" height=\"320\" src=\"https:\/\/bas-ip.com\/wp-content\/uploads\/2023\/04\/2-3-350x320.jpg\" class=\"attachment-thumbnail_350x320 size-thumbnail_350x320\" alt=\"\" \/>            <\/div>\r\n        \r\n        <div class=\"text-holder\">\r\n                        <h3 class=\"title-block\">Conectivitate pe distan\u021be lungi<\/h3>\r\n          \r\n                        <div class=\"text-block\">\r\n                <p>Unul dintre cele mai remarcabile caracteristici ale sistemelor de interfon BAS-IP pentru por\u021bi este capacitatea lor de a func\u021biona pe distan\u021be mari. Acest lucru le face o alegere ideal\u0103 pentru propriet\u0103\u021bi mari, complexe reziden\u021biale extinse sau unit\u0103\u021bi comerciale, unde punctele de acces pot fi dispersate. Cu solu\u021biile BAS-IP pentru interfoane de por\u021bi, pute\u021bi men\u021bine o comunicare \u0219i un control securizat pe \u00eentreaga dumneavoastr\u0103 proprietate, indiferent de distan\u021b\u0103.<\/p>\n              <\/div>\r\n                  <\/div>\r\n    <\/div>\r\n<\/div>\r\n                    <div class=\"features-item\" data-aos=\"fade-up\">\r\n    <div class=\"features-box\">\r\n                    <div class=\"image-holder\">\r\n                <img loading=\"lazy\" decoding=\"async\" width=\"350\" height=\"320\" src=\"https:\/\/bas-ip.com\/wp-content\/uploads\/2023\/04\/3-3-350x320.jpg\" class=\"attachment-thumbnail_350x320 size-thumbnail_350x320\" alt=\"\" \/>            <\/div>\r\n        \r\n        <div class=\"text-holder\">\r\n                        <h3 class=\"title-block\">Control por\u021bi bazat pe PC<\/h3>\r\n          \r\n                        <div class=\"text-block\">\r\n                <p>Sistemele de interfon BAS-IP pentru por\u021bi ofer\u0103 flexibilitatea de a deschide \u0219i gestiona por\u021bile de pe un PC. Aceasta \u00eenseamn\u0103 c\u0103 pute\u021bi controla accesul de la distan\u021b\u0103 \u0219i convenabil, f\u0103r\u0103 a fi nevoie de o interfa\u021b\u0103 fizic\u0103 dedicat\u0103. Indiferent dac\u0103 sunte\u021bi acas\u0103 sau la birou, ve\u021bi avea control complet asupra punctelor de acces ale propriet\u0103\u021bii dumneavoastr\u0103, chiar la \u00eendem\u00e2na dumneavoastr\u0103.<\/p>\n              <\/div>\r\n                  <\/div>\r\n    <\/div>\r\n<\/div>\r\n                    <div class=\"features-item\" data-aos=\"fade-up\">\r\n    <div class=\"features-box\">\r\n                    <div class=\"image-holder\">\r\n                <img loading=\"lazy\" decoding=\"async\" width=\"350\" height=\"320\" src=\"https:\/\/bas-ip.com\/wp-content\/uploads\/2023\/04\/4-3-350x320.jpg\" class=\"attachment-thumbnail_350x320 size-thumbnail_350x320\" alt=\"\" \/>            <\/div>\r\n        \r\n        <div class=\"text-holder\">\r\n                        <h3 class=\"title-block\">Modul Dual Lock pentru gestionarea mai multor por\u021bi<\/h3>\r\n          \r\n                        <div class=\"text-block\">\r\n                <p>Modulul BAS-IP SH-42 pentru dublu sistem de \u00eencuietori v\u0103 permite s\u0103 controla\u021bi dou\u0103 por\u021bi simultan folosind un singur sistem de interfon pentru poart\u0103. Aceast\u0103 func\u021bie este perfect\u0103 pentru propriet\u0103\u021bi cu multiple puncte de acces sau intr\u0103ri separate pentru pietoni \u0219i vehicule, permi\u021b\u00e2nd o gestionare eficient\u0103 a tuturor por\u021bilor dintr-un sistem centralizat.<\/p>\n              <\/div>\r\n                  <\/div>\r\n    <\/div>\r\n<\/div>\r\n                    <div class=\"features-item\" data-aos=\"fade-up\">\r\n    <div class=\"features-box\">\r\n                    <div class=\"image-holder\">\r\n                <img loading=\"lazy\" decoding=\"async\" width=\"350\" height=\"320\" src=\"https:\/\/bas-ip.com\/wp-content\/uploads\/2023\/04\/5-4-350x320.jpg\" class=\"attachment-thumbnail_350x320 size-thumbnail_350x320\" alt=\"\" \/>            <\/div>\r\n        \r\n        <div class=\"text-holder\">\r\n                        <h3 class=\"title-block\">Integrare cu sisteme IP CCTV existente<\/h3>\r\n          \r\n                        <div class=\"text-block\">\r\n                <p>Sistemele de interfon video BAS-IP pentru por\u021bi se pot integra u\u0219or cu infrastructura dumneavoastr\u0103 IP existent\u0103 de supraveghere video. Aceasta v\u0103 permite s\u0103 monitoriza\u021bi \u0219i s\u0103 controla\u021bi punctele de acces ale propriet\u0103\u021bii dumneavoastr\u0103 folosind aceea\u0219i interfa\u021b\u0103 ca \u0219i camerele de securitate, simplific\u00e2nd gestionarea securit\u0103\u021bii \u0219i \u00eembun\u0103t\u0103\u021bind eficien\u021ba general\u0103.<\/p>\n              <\/div>\r\n                  <\/div>\r\n    <\/div>\r\n<\/div>\r\n                    <div class=\"features-item\" data-aos=\"fade-up\">\r\n    <div class=\"features-box\">\r\n                    <div class=\"image-holder\">\r\n                <img loading=\"lazy\" decoding=\"async\" width=\"350\" height=\"320\" src=\"https:\/\/bas-ip.com\/wp-content\/uploads\/2023\/04\/6-3-350x320.jpg\" class=\"attachment-thumbnail_350x320 size-thumbnail_350x320\" alt=\"\" \/>            <\/div>\r\n        \r\n        <div class=\"text-holder\">\r\n                        <h3 class=\"title-block\">Integrarea recunoa\u0219terii pl\u0103cu\u021belor de \u00eenmatriculare<\/h3>\r\n          \r\n                        <div class=\"text-block\">\r\n                <p>Panourile de intrare BAS-IP pot fi integrate cu camere de recunoa\u0219tere a numerelor de \u00eenmatriculare, permi\u021b\u00e2nd automatizarea accesului pentru vehiculele pre-autorizate. Aceast\u0103 func\u021bie avansat\u0103 \u00eembun\u0103t\u0103\u021be\u0219te semnificativ securitatea \u0219i confortul prin deschiderea automat\u0103 a barierei pentru vehiculele autorizate, minimiz\u00e2nd timpii de a\u0219teptare \u0219i reduc\u00e2nd necesitatea unui control manual al accesului.<\/p>\n              <\/div>\r\n                  <\/div>\r\n    <\/div>\r\n<\/div>\r\n            <\/div>\r\n<\/section>\r\n<!-- END Block Features -->\n\n\n<h2 class=\"wp-block-heading\"><strong>Compatibil cu diferite tipuri de por\u021bi<\/strong><\/h2>\n\n\n\n<p>Interfoanele BAS-IP pentru por\u021bi pot fi integrate cu diferite mecanisme de poart\u0103, oferind o experien\u021b\u0103 de comunicare fluid\u0103 pentru utilizatori:<\/p>\n\n\n\n<ol class=\"wp-block-list\">\n<li><strong>Swing gates:<\/strong> Por\u021bi batante: Aceste por\u021bi se deschid \u0219i se \u00eenchid printr-o mi\u0219care de balansare, fie spre interior, fie spre exterior. Sunt populare \u00een medii reziden\u021biale \u0219i comerciale datorit\u0103 aspectului lor clasic \u0219i u\u0219urin\u021bei de utilizare.<\/li>\n\n\n\n<li><strong>Sliding gates:<\/strong> Por\u021bi glisante: Folosite frecvent \u00een medii comerciale \u0219i industriale, por\u021bile glisante se deplaseaz\u0103 orizontal de-a lungul unei \u0219ine pentru a se deschide \u0219i \u00eenchide.<\/li>\n\n\n\n<li><strong>Barrier gates:<\/strong> Bariere: G\u0103site adesea \u00een parc\u0103ri \u0219i zone cu acces controlat, barierele utilizeaz\u0103 un bra\u021b vertical pentru a controla intrarea \u0219i ie\u0219irea.<\/li>\n\n\n\n<li><strong>Bi-folding gates:<\/strong> Por\u021bi pliabile: Aceste por\u021bi sunt formate din dou\u0103 panouri care se pliaz\u0103 \u00eempreun\u0103 la deschidere, economisind spa\u021biu \u0219i oferind un aspect elegant.<\/li>\n\n\n\n<li><strong>Vertical lift gates:<\/strong> Por\u021bi cu ridicare vertical\u0103: Folosite de obicei \u00een zone cu securitate ridicat\u0103, por\u021bile cu ridicare vertical\u0103 se deplaseaz\u0103 \u00een sus \u0219i \u00een jos pentru a se deschide \u0219i \u00eenchide.<\/li>\n\n\n\n<li><strong>Turnstiles:<\/strong> Turniche\u021bi: Frecven\u021bi \u00een noduri de transport public \u0219i unele cl\u0103diri comerciale, turniche\u021bii controleaz\u0103 accesul, permi\u021b\u00e2nd trecerea unei singure persoane odat\u0103.<\/li>\n\n\n\n<li><strong>Pedestrian gates:<\/strong> Por\u021bi pietonale: Aceste por\u021bi sunt proiectate special pentru traficul pietonal \u0219i pot fi g\u0103site \u00een diverse medii, cum ar fi comunit\u0103\u021bi reziden\u021biale, parcuri sau complexe comerciale.<\/li>\n<\/ol>\n\n\n\n<p>Adaptabilitatea interfonului BAS-IP \u00eel face o alegere ideal\u0103 pentru o gam\u0103 larg\u0103 de tipuri de por\u021bi, asigur\u00e2nd un control al accesului eficient \u0219i sigur pentru propriet\u0103\u021bi reziden\u021biale, comerciale \u0219i industriale.<\/p>\n\n\n\n<h2 class=\"wp-block-heading\"><strong>\u00cen\u021belegerea componentelor unui sistem de interfon BAS-IP pentru por\u021bi<\/strong><\/h2>\n\n\n\n<p>Sistemele de interfon pentru por\u021bi BAS-IP sunt compuse din trei componente principale, fiecare av\u00e2nd un rol crucial \u00een crearea unui sistem de interfon pentru intrarea pe poart\u0103 cuprinz\u0103tor \u0219i eficient:<\/p>\n\n\n<!-- START Block Features --><section id=\"block_643053d1c3f45\" class=\"features-section\">\r\n\t\r\n    <div class=\"features-list\">\r\n                    <div class=\"features-item\" data-aos=\"fade-up\">\r\n    <div class=\"features-box\">\r\n                    <div class=\"image-holder\">\r\n                <img loading=\"lazy\" decoding=\"async\" width=\"350\" height=\"320\" src=\"https:\/\/bas-ip.com\/wp-content\/uploads\/2023\/04\/7-1-350x320.jpg\" class=\"attachment-thumbnail_350x320 size-thumbnail_350x320\" alt=\"\" \/>            <\/div>\r\n        \r\n        <div class=\"text-holder\">\r\n                        <h3 class=\"title-block\">Panouri pentru u\u0219i interfon IP<\/h3>\r\n          \r\n                        <div class=\"text-block\">\r\n                <p>Panourile de intrare BAS-IP servesc drept interfa\u021ba principal\u0103 pentru sistemul dumneavoastr\u0103 de interfon pentru poart\u0103. Acestea sunt proiectate pentru a fi durabile, rezistente la intemperii \u0219i u\u0219or de utilizat. Cu o gam\u0103 de modele \u0219i finisaje, aceste panouri pot fi personalizate pentru a se potrivi esteticii propriet\u0103\u021bii dumneavoastr\u0103. Dispun\u00e2nd de camere, microfoane \u0219i difuzoare \u00eencorporate, panourile de intrare BAS-IP asigur\u0103 o comunicare audio \u0219i video clar\u0103 \u00eentre vizitator \u0219i rezident sau personalul de securitate.<\/p>\n              <\/div>\r\n                  <\/div>\r\n    <\/div>\r\n<\/div>\r\n                    <div class=\"features-item\" data-aos=\"fade-up\">\r\n    <div class=\"features-box\">\r\n                    <div class=\"image-holder\">\r\n                <img loading=\"lazy\" decoding=\"async\" width=\"350\" height=\"320\" src=\"https:\/\/bas-ip.com\/wp-content\/uploads\/2023\/04\/8-1-350x320.jpg\" class=\"attachment-thumbnail_350x320 size-thumbnail_350x320\" alt=\"\" \/>            <\/div>\r\n        \r\n        <div class=\"text-holder\">\r\n                        <h3 class=\"title-block\">Telefoane video<\/h3>\r\n          \r\n                        <div class=\"text-block\">\r\n                <p>Videointerfoanele BAS-IP servesc drept interfa\u021ba intern\u0103 pentru sistemul dumneavoastr\u0103 de interfon, permi\u021b\u00e2ndu-v\u0103 s\u0103 vede\u021bi \u0219i s\u0103 vorbi\u021bi cu vizitatorii de la poart\u0103. Aceste dispozitive ofer\u0103 comunicare video \u0219i audio de \u00eenalt\u0103 calitate, asigur\u00e2ndu-v\u0103 c\u0103 pute\u021bi identifica \u0219i comunica clar cu vizitatorii dumneavoastr\u0103 \u00eenainte de a le acorda accesul la proprietatea dumneavoastr\u0103.<\/p>\n              <\/div>\r\n                  <\/div>\r\n    <\/div>\r\n<\/div>\r\n                    <div class=\"features-item\" data-aos=\"fade-up\">\r\n    <div class=\"features-box\">\r\n                    <div class=\"image-holder\">\r\n                <img loading=\"lazy\" decoding=\"async\" width=\"350\" height=\"320\" src=\"https:\/\/bas-ip.com\/wp-content\/uploads\/2023\/04\/9-1-350x320.jpg\" class=\"attachment-thumbnail_350x320 size-thumbnail_350x320\" alt=\"\" \/>            <\/div>\r\n        \r\n        <div class=\"text-holder\">\r\n                        <h3 class=\"title-block\">Comutatoare POE<\/h3>\r\n          \r\n                        <div class=\"text-block\">\r\n                <p>Comutatoarele Power over Ethernet (POE) sunt o component\u0103 esen\u021bial\u0103 a unui interfon BAS-IP pentru por\u021bi electrice. Acestea asigur\u0103 at\u00e2t alimentarea cu energie, c\u00e2t \u0219i conectivitatea de date pentru dispozitivele dumneavoastr\u0103 de interfon, folosind un singur cablu Ethernet. Acest lucru simplific\u0103 instalarea, reduce dezordinea cablurilor \u0219i asigur\u0103 o conexiune fiabil\u0103, de mare vitez\u0103 \u00eentre componentele interfonului dumneavoastr\u0103 pentru poart\u0103.<\/p>\n              <\/div>\r\n                  <\/div>\r\n    <\/div>\r\n<\/div>\r\n            <\/div>\r\n<\/section>\r\n<!-- END Block Features -->\n\n<!-- START Block FAQ --><section id=\"block_6421c0e7ae86e\" class=\"faq-section\">\r\n\t\t    <h2 class=\"title-section\" data-aos=\"fade-right\">\u00centreb\u0103ri frecvente (FAQs)<\/h2>\r\n\t\t\t    <div class=\"faq-list js-accordion\" data-aos=\"fade-up\">\r\n\t\t\t\t\t\t\t\t\t\t\t    <div class=\"accordion-item faq-item\">\r\n                        <div class=\"accordion-opener\">\r\n                            Q: Pot folosi un sistem de poart\u0103 de interfon BAS-IP cu re\u021beaua mea local\u0103 IP existent\u0103?                            <i class=\"fa-solid fa-chevron-down\"><\/i>\r\n                        <\/div>\r\n                        <div class=\"accordion-slide\">\r\n\t\t\t\t\t\t    <p>Da, sistemele de interfon pentru por\u021bi BAS-IP sunt proiectate s\u0103 func\u021bioneze perfect \u00een cadrul re\u021belei dumneavoastr\u0103 locale IP existente, f\u0103c\u00e2nd integrarea u\u0219oar\u0103 \u0219i f\u0103r\u0103 probleme.<\/p>\n                        <\/div>\r\n\t\t\t\t\t<\/div>\r\n\t\t\t\t\t\t\t\t\t\t\t\t\t\t\t    <div class=\"accordion-item faq-item\">\r\n                        <div class=\"accordion-opener\">\r\n                            Q: Cum func\u021bioneaz\u0103 sistemele de interfon BAS-IP pentru por\u021bi pe distan\u021be lungi?                            <i class=\"fa-solid fa-chevron-down\"><\/i>\r\n                        <\/div>\r\n                        <div class=\"accordion-slide\">\r\n\t\t\t\t\t\t    <p>Sistemele de interfon pentru por\u021bi BAS-IP sunt proiectate s\u0103 func\u021bioneze eficient pe distan\u021be lungi, ceea ce le face o alegere ideal\u0103 pentru propriet\u0103\u021bile cu puncte de acces dispersate sau pentru facilit\u0103\u021bi mari.<\/p>\n                        <\/div>\r\n\t\t\t\t\t<\/div>\r\n\t\t\t\t\t\t\t\t\t\t\t\t\t\t\t    <div class=\"accordion-item faq-item\">\r\n                        <div class=\"accordion-opener\">\r\n                            Q: Cum pot integra videointerfonul meu BAS-IP cu sistemul IP CCTV existent?                            <i class=\"fa-solid fa-chevron-down\"><\/i>\r\n                        <\/div>\r\n                        <div class=\"accordion-slide\">\r\n\t\t\t\t\t\t    <p>Sistemele de interfon pentru por\u021bi BAS-IP pot fi integrate cu u\u0219urin\u021b\u0103 \u00een infrastructura dumneavoastr\u0103 IP CCTV existent\u0103, permi\u021b\u00e2ndu-v\u0103 s\u0103 gestiona\u021bi \u0219i s\u0103 monitoriza\u021bi punctele de acces ale propriet\u0103\u021bii dumneavoastr\u0103 utiliz\u00e2nd aceea\u0219i interfa\u021b\u0103 ca \u0219i camerele de securitate.<\/p>\n                        <\/div>\r\n\t\t\t\t\t<\/div>\r\n\t\t\t\t\t\t\t\t\t\t\t\t\t\t\t    <div class=\"accordion-item faq-item\">\r\n                        <div class=\"accordion-opener\">\r\n                            Q: Este posibil s\u0103 controla\u021bi mai multe por\u021bi folosind un singur dispozitiv de interfon BAS-IP?                            <i class=\"fa-solid fa-chevron-down\"><\/i>\r\n                        <\/div>\r\n                        <div class=\"accordion-slide\">\r\n\t\t\t\t\t\t    <p>Da, cu modulul de blocare dual\u0103 BAS-IP SH-42, pute\u021bi controla dou\u0103 por\u021bi simultan folosind un singur sistem de interfon pentru poart\u0103. Aceast\u0103 caracteristic\u0103 este perfect\u0103 pentru propriet\u0103\u021bile cu puncte de acces multiple sau intr\u0103ri separate pentru pietoni \u0219i vehicule.<\/p>\n                        <\/div>\r\n\t\t\t\t\t<\/div>\r\n\t\t\t\t\t\t\t\t\t<\/div>\r\n\t<\/section>\r\n<!-- END Block FAQ -->\n\n\n<p>Sistemele de interfon pentru por\u021bi BAS-IP ofer\u0103 o combina\u021bie perfect\u0103 de confort, securitate \u0219i tehnologie avansat\u0103 pentru un control de neegalat asupra accesului la proprietatea dumneavoastr\u0103. Cu caracteristici unice, cum ar fi integrarea perfect\u0103 \u00een re\u021beaua local\u0103 IP, conectivitate pe distan\u021be lungi, controlul por\u021bii bazat pe PC, func\u021bionalitatea modulului de blocare dual\u0103, integrarea sistemului CCTV IP \u0219i compatibilitatea cu camerele de recunoa\u0219tere a pl\u0103cu\u021belor de \u00eenmatriculare, sistemele de interfon BAS-IP pentru por\u021bi sunt o alegere excep\u021bional\u0103 pentru orice proprietar care dore\u0219te s\u0103-\u0219i \u00eembun\u0103t\u0103\u021beasc\u0103 gestionarea accesului.<\/p>\n\n\n\n<p>Aleg\u00e2nd un sistem de interfon pentru poarta frontal\u0103 BAS-IP, ve\u021bi investi \u00eentr-o solu\u021bie care se poate adapta cu u\u0219urin\u021b\u0103 la nevoile dumneavoastr\u0103, poate cre\u0219te odat\u0103 cu proprietatea dumneavoastr\u0103 \u0219i v\u0103 poate oferi lini\u0219tea sufleteasc\u0103 care vine odat\u0103 cu \u0219tiin\u021ba c\u0103 proprietatea dumneavoastr\u0103 este sigur\u0103 \u0219i accesibil\u0103 doar celor \u00een care ave\u021bi \u00eencredere. Experimenta\u021bi diferen\u021ba pe care un sistem de interfon pentru poart\u0103 BAS-IP o poate face pentru proprietatea dumneavoastr\u0103 ast\u0103zi.<\/p>","protected":false},"excerpt":{"rendered":"<p>Sistem de interfon pentru por\u021bi: \u00eembun\u0103t\u0103\u021bi\u021bi-v\u0103 securitatea Bine a\u021bi venit \u00een viitorul managementului accesului \u00een propriet\u0103\u021bi, unde confortul, securitatea \u0219i tehnologia de ultim\u0103 or\u0103 se \u00eent\u00e2lnesc. Cu un sistem de interfon BAS-IP pentru por\u021bi, pute\u021bi experimenta un control f\u0103r\u0103 egal asupra punctelor de acces ale propriet\u0103\u021bii dumneavoastr\u0103. Indiferent dac\u0103 este vorba despre o cas\u0103 reziden\u021bial\u0103, [&hellip;]<\/p>","protected":false},"author":1,"featured_media":0,"parent":0,"menu_order":0,"comment_status":"closed","ping_status":"closed","template":"","meta":{"inline_featured_image":false,"footnotes":""},"class_list":["post-133783","page","type-page","status-publish","hentry"],"acf":[],"_links":{"self":[{"href":"https:\/\/bas-ip.com\/ro\/wp-json\/wp\/v2\/pages\/133783","targetHints":{"allow":["GET"]}}],"collection":[{"href":"https:\/\/bas-ip.com\/ro\/wp-json\/wp\/v2\/pages"}],"about":[{"href":"https:\/\/bas-ip.com\/ro\/wp-json\/wp\/v2\/types\/page"}],"author":[{"embeddable":true,"href":"https:\/\/bas-ip.com\/ro\/wp-json\/wp\/v2\/users\/1"}],"replies":[{"embeddable":true,"href":"https:\/\/bas-ip.com\/ro\/wp-json\/wp\/v2\/comments?post=133783"}],"version-history":[{"count":3,"href":"https:\/\/bas-ip.com\/ro\/wp-json\/wp\/v2\/pages\/133783\/revisions"}],"predecessor-version":[{"id":133903,"href":"https:\/\/bas-ip.com\/ro\/wp-json\/wp\/v2\/pages\/133783\/revisions\/133903"}],"wp:attachment":[{"href":"https:\/\/bas-ip.com\/ro\/wp-json\/wp\/v2\/media?parent=133783"}],"curies":[{"name":"wp","href":"https:\/\/api.w.org\/{rel}","templated":true}]}}