{"id":133502,"date":"2023-03-27T12:22:38","date_gmt":"2023-03-27T12:22:38","guid":{"rendered":"https:\/\/bas-ip.com\/school\/"},"modified":"2025-03-13T11:04:08","modified_gmt":"2025-03-13T11:04:08","slug":"school","status":"publish","type":"page","link":"https:\/\/bas-ip.com\/ro\/school\/","title":{"rendered":"\u015ecoal\u0103"},"content":{"rendered":"<h1 class=\"wp-block-heading\"><strong>Sisteme de interfon pentru \u0219coli<\/strong><\/h1>\n\n\n\n<p>\u00cen lumea de ast\u0103zi, comunicarea f\u0103r\u0103 \u00eentreruperi \u0219i securitatea sunt componente esen\u021biale ale oric\u0103rei institu\u021bii de \u00eenv\u0103\u021b\u0103m\u00e2nt. Un sistem interfon eficient pentru \u0219coli nu numai c\u0103 asigur\u0103 o comunicare rapid\u0103, ci \u0219i spore\u0219te siguran\u021ba elevilor, profesorilor \u0219i personalului. V\u0103 prezent\u0103m sistemul interfon BAS-IP pentru \u0219coli, solu\u021bia suprem\u0103 care combin\u0103 tehnologie robust\u0103, caracteristici inovatoare \u0219i performan\u021b\u0103 de neegalat. Acest articol analizeaz\u0103 caracteristicile \u0219i avantajele cheie ale sistemelor interfon BAS-IP, demonstr\u00e2nd de ce acestea sunt cea mai bun\u0103 alegere pentru \u0219coala dumneavoastr\u0103.<\/p>\n\n\n\n<h2 class=\"wp-block-heading\"><strong>Puterea interfonului IP pentru \u0219coli<\/strong><\/h2>\n\n\n\n<h3 class=\"wp-block-heading\"><strong>Sistem de interfon IP cu fir: alegerea superioar\u0103<\/strong><\/h3>\n\n\n\n<p>\u0412\u043e\u0442 \u043f\u0435\u0440\u0435\u0432\u043e\u0434 \u043d\u0430 \u0440\u0443\u043c\u044b\u043d\u0441\u043a\u0438\u0439:<\/p>\n\n\n\n<p>De\u0219i sistemele interfon wireless ofer\u0103 un anumit nivel de comoditate, sistemele interfon IP cablate ofer\u0103 un nivel mai ridicat de fiabilitate, securitate \u0219i performan\u021b\u0103. Utiliz\u00e2nd sistemul interfon BAS-IP pentru \u0219coli, investi\u021bi \u00eentr-o solu\u021bie sigur\u0103 \u0219i stabil\u0103, care garanteaz\u0103 comunicare \u0219i control ne\u00eentrerupte.<\/p>\n\n\n\n<h3 class=\"wp-block-heading\"><strong>O solu\u021bie cuprinz\u0103toare pentru institu\u021biile de \u00eenv\u0103\u021b\u0103m\u00e2nt<\/strong><\/h3>\n\n\n\n<p>Sistemul interfon BAS-IP este conceput pentru a deservi \u0219coli, campusuri \u0219i colegii. Acesta integreaz\u0103 perfect panouri audio, terminale de concierge \u0219i switch-uri POE, cre\u00e2nd o re\u021bea de comunicare unificat\u0103, care este at\u00e2t eficient\u0103, c\u00e2t \u0219i rentabil\u0103. Cu caracteristicile sale unice, cum ar fi monitorizarea temperaturii la intrarea \u00een \u0219coal\u0103, acest sistem interfon asigur\u0103 o siguran\u021b\u0103 \u0219i un confort sporit pentru to\u021bi utilizatorii.<\/p>\n\n\n\n<h2 class=\"wp-block-heading\"><strong>Componentele cheie ale sistemului de interfon \u0219colar BAS-IP<\/strong><\/h2>\n\n\n<!-- START Block Features --><section id=\"block_6430565dc8a2b\" class=\"features-section\">\r\n\t\r\n    <div class=\"features-list\">\r\n                    <div class=\"features-item\" data-aos=\"fade-up\">\r\n    <div class=\"features-box\">\r\n                    <div class=\"image-holder\">\r\n                <img loading=\"lazy\" decoding=\"async\" width=\"350\" height=\"320\" src=\"https:\/\/bas-ip.com\/wp-content\/uploads\/2023\/04\/1-4-350x320.jpg\" class=\"attachment-thumbnail_350x320 size-thumbnail_350x320\" alt=\"\" \/>            <\/div>\r\n        \r\n        <div class=\"text-holder\">\r\n                        <h3 class=\"title-block\">Panou audio BAS-IP AV-04AFD<\/h3>\r\n          \r\n                        <div class=\"text-block\">\r\n                <p>Panoul audio AV-04AFD este o solu\u021bie interfon accesibil\u0103 \u0219i bogat\u0103 \u00een func\u021bii, conceput\u0103 special pentru institu\u021biile de \u00eenv\u0103\u021b\u0103m\u00e2nt. Acesta permite o comunicare clar\u0103 ca cristalul \u00eentre diferitele zone ale \u0219colii, asigur\u00e2nd \u00een acela\u0219i timp un control rapid al accesului.<\/p>\n              <\/div>\r\n                  <\/div>\r\n    <\/div>\r\n<\/div>\r\n                    <div class=\"features-item\" data-aos=\"fade-up\">\r\n    <div class=\"features-box\">\r\n                    <div class=\"image-holder\">\r\n                <img loading=\"lazy\" decoding=\"async\" width=\"350\" height=\"320\" src=\"https:\/\/bas-ip.com\/wp-content\/uploads\/2023\/04\/2-4-350x320.jpg\" class=\"attachment-thumbnail_350x320 size-thumbnail_350x320\" alt=\"\" \/>            <\/div>\r\n        \r\n        <div class=\"text-holder\">\r\n                        <h3 class=\"title-block\">Terminal de concierge BAS-IP AM-02<\/h3>\r\n          \r\n                        <div class=\"text-block\">\r\n                <p>Terminalul de concierge AM-02 serve\u0219te ca punct de control central pentru \u00eentregul sistem interfon, permi\u021b\u00e2nd personalului s\u0103 gestioneze apelurile, s\u0103 monitorizeze intr\u0103rile \u0219i s\u0103 acorde acces cu u\u0219urin\u021b\u0103. Interfa\u021ba sa u\u0219or de utilizat \u00eel face alegerea perfect\u0103 pentru comunicare \u0219i administrare eficiente.<\/p>\n              <\/div>\r\n                  <\/div>\r\n    <\/div>\r\n<\/div>\r\n                    <div class=\"features-item\" data-aos=\"fade-up\">\r\n    <div class=\"features-box\">\r\n                    <div class=\"image-holder\">\r\n                <img loading=\"lazy\" decoding=\"async\" width=\"350\" height=\"320\" src=\"https:\/\/bas-ip.com\/wp-content\/uploads\/2023\/04\/3-4-350x320.jpg\" class=\"attachment-thumbnail_350x320 size-thumbnail_350x320\" alt=\"\" \/>            <\/div>\r\n        \r\n        <div class=\"text-holder\">\r\n                        <h3 class=\"title-block\">Switch POE BAS-IP SH-20.16 cu 16 porturi<\/h3>\r\n          \r\n                        <div class=\"text-block\">\r\n                <p>Switch-ul POE SH-20.16 cu 16 porturi asigur\u0103 alimentarea \u0219i conectivitatea necesar\u0103 pentru sistemul interfon BAS-IP, garant\u00e2nd o func\u021bionare lin\u0103 \u0219i ne\u00eentrerupt\u0103 pe \u00eentregul campus \u0219colar.<\/p>\n              <\/div>\r\n                  <\/div>\r\n    <\/div>\r\n<\/div>\r\n                    <div class=\"features-item\" data-aos=\"fade-up\">\r\n    <div class=\"features-box\">\r\n                    <div class=\"image-holder\">\r\n                <img loading=\"lazy\" decoding=\"async\" width=\"350\" height=\"320\" src=\"https:\/\/bas-ip.com\/wp-content\/uploads\/2023\/04\/4-4-350x320.jpg\" class=\"attachment-thumbnail_350x320 size-thumbnail_350x320\" alt=\"\" \/>            <\/div>\r\n        \r\n        <div class=\"text-holder\">\r\n                        <h3 class=\"title-block\">Model de temperatur\u0103 BAS-IP SH-31TM<\/h3>\r\n          \r\n                        <div class=\"text-block\">\r\n                <p>Modelul de temperatur\u0103 SH-31TM poate fi instalat la intrarea \u00een \u0219coal\u0103, permi\u021b\u00e2nd monitorizarea temperaturii \u00een timp real \u0219i ajut\u00e2nd la men\u021binerea unui mediu s\u0103n\u0103tos pentru elevi, personal \u0219i vizitatori. Prin ad\u0103ugarea acestui strat suplimentar de siguran\u021b\u0103, \u0219coala dumneavoastr\u0103 poate aborda proactiv poten\u021bialele probleme de s\u0103n\u0103tate \u0219i poate asigura bun\u0103starea tuturor celor afla\u021bi \u00een campus.<\/p>\n              <\/div>\r\n                  <\/div>\r\n    <\/div>\r\n<\/div>\r\n                    <div class=\"features-item features-full-width\" data-aos=\"fade-up\">\r\n    <div class=\"features-box image-position-left\">\r\n                <div class=\"image-holder\">\r\n            <img loading=\"lazy\" decoding=\"async\" width=\"1\" height=\"1\" src=\"https:\/\/bas-ip.com\/wp-content\/uploads\/2023\/04\/school-1.svg\" class=\"attachment-thumbnail_350x320 size-thumbnail_350x320\" alt=\"\" \/>          <\/div>\r\n      \r\n      <div class=\"text-holder\">\r\n                        <h3 class=\"title-block\">Utilizarea re\u021belelor IP pentru o integrare perfect\u0103<\/h3>\r\n          \r\n                        <div class=\"text-block\">\r\n                <p>Sistemele interfon BAS-IP sunt proiectate s\u0103 func\u021bioneze perfect \u00een re\u021beaua local\u0103 IP existent\u0103 a \u0219colii dumneavoastr\u0103, permi\u021b\u00e2nd instalarea \u0219i \u00eentre\u021binerea u\u0219oar\u0103. Aceast\u0103 integrare faciliteaz\u0103 o comunicare mai bun\u0103, controlul accesului \u0219i securitatea \u00een \u00eentreaga institu\u021bie de \u00eenv\u0103\u021b\u0103m\u00e2nt.<\/p>\n              <\/div>\r\n                <\/div>\r\n    <\/div>\r\n<\/div>\r\n                    <div class=\"features-item features-full-width\" data-aos=\"fade-up\">\r\n    <div class=\"features-box image-position-right\">\r\n                <div class=\"image-holder\">\r\n            <img loading=\"lazy\" decoding=\"async\" width=\"1\" height=\"1\" src=\"https:\/\/bas-ip.com\/wp-content\/uploads\/2023\/04\/collage-1.svg\" class=\"attachment-thumbnail_350x320 size-thumbnail_350x320\" alt=\"\" \/>          <\/div>\r\n      \r\n      <div class=\"text-holder\">\r\n                        <h3 class=\"title-block\">Acces \u0219i control de la distan\u021b\u0103 de pe computer<\/h3>\r\n          \r\n                        <div class=\"text-block\">\r\n                <p>Cu sistemul interfon avansat BAS-IP, personalul \u0219colii poate utiliza cu u\u0219urin\u021b\u0103 PC-urile pentru a comunica prin interfon, pentru a monitoriza intr\u0103rile \u0219i pentru a controla accesul la u\u0219i. Aceast\u0103 flexibilitate permite timpi de r\u0103spuns \u00eembun\u0103t\u0103\u021bi\u021bi \u0219i o eficien\u021b\u0103 sporit\u0103 \u00een gestionarea sarcinilor zilnice \u0219i a situa\u021biilor de urgen\u021b\u0103.<\/p>\n              <\/div>\r\n                <\/div>\r\n    <\/div>\r\n<\/div>\r\n            <\/div>\r\n<\/section>\r\n<!-- END Block Features -->\n\n<!-- START Block FAQ --><section id=\"block_64218de5ac119\" class=\"faq-section\">\r\n\t\t    <h2 class=\"title-section\" data-aos=\"fade-right\">\u00centreb\u0103ri frecvente<\/h2>\r\n\t\t\t    <div class=\"faq-list js-accordion\" data-aos=\"fade-up\">\r\n\t\t\t\t\t\t\t\t\t\t\t    <div class=\"accordion-item faq-item\">\r\n                        <div class=\"accordion-opener\">\r\n                            Q: Sistemul de interfon BAS-IP pentru \u0219coli poate fi u\u0219or integrat \u00een infrastructura noastr\u0103 existent\u0103?                            <i class=\"fa-solid fa-chevron-down\"><\/i>\r\n                        <\/div>\r\n                        <div class=\"accordion-slide\">\r\n\t\t\t\t\t\t    <p>Da, sistemele interfon BAS-IP pot fi integrate cu u\u0219urin\u021b\u0103 \u00een re\u021beaua local\u0103 IP existent\u0103 a \u0219colii dumneavoastr\u0103, permi\u021b\u00e2nd un proces de instalare simplu \u0219i rentabil.<\/p>\n                        <\/div>\r\n\t\t\t\t\t<\/div>\r\n\t\t\t\t\t\t\t\t\t\t\t\t\t\t\t    <div class=\"accordion-item faq-item\">\r\n                        <div class=\"accordion-opener\">\r\n                            Q: Cum asigur\u0103 sistemul de interfon BAS-IP siguran\u021ba studen\u021bilor \u0219i a personalului nostru?                            <i class=\"fa-solid fa-chevron-down\"><\/i>\r\n                        <\/div>\r\n                        <div class=\"accordion-slide\">\r\n\t\t\t\t\t\t    <p>Sistemul interfon BAS-IP ofer\u0103 multiple func\u021bii de siguran\u021b\u0103, cum ar fi monitorizarea temperaturii la intr\u0103ri, controlul rapid al accesului \u0219i capacitatea de a monitoriza \u0219i gestiona comunica\u021biile \u0219i accesul la u\u0219i de pe PC-ul dumneavoastr\u0103, asigur\u00e2nd un mediu sigur pentru to\u021bi.<\/p>\n                        <\/div>\r\n\t\t\t\t\t<\/div>\r\n\t\t\t\t\t\t\t\t\t\t\t\t\t\t\t    <div class=\"accordion-item faq-item\">\r\n                        <div class=\"accordion-opener\">\r\n                            Q: Este sistemul de interfon BAS-IP compatibil cu alte dispozitive \u0219i sisteme de comunica\u021bii?                            <i class=\"fa-solid fa-chevron-down\"><\/i>\r\n                        <\/div>\r\n                        <div class=\"accordion-slide\">\r\n\t\t\t\t\t\t    <p>Da, sistemul interfon BAS-IP este proiectat s\u0103 func\u021bioneze perfect cu o varietate de dispozitive \u0219i sisteme de comunicare, oferind o solu\u021bie cuprinz\u0103toare \u0219i flexibil\u0103 pentru nevoile de comunicare ale \u0219colii dumneavoastr\u0103.<\/p>\n                        <\/div>\r\n\t\t\t\t\t<\/div>\r\n\t\t\t\t\t\t\t\t\t\t\t\t\t\t\t    <div class=\"accordion-item faq-item\">\r\n                        <div class=\"accordion-opener\">\r\n                            Q: C\u00e2t de fiabile sunt sistemele de interfon IP cu fir \u00een compara\u021bie cu sistemele de interfon f\u0103r\u0103 fir?                            <i class=\"fa-solid fa-chevron-down\"><\/i>\r\n                        <\/div>\r\n                        <div class=\"accordion-slide\">\r\n\t\t\t\t\t\t    <p>Sistemele interfon IP cablate, cum ar fi sistemul interfon BAS-IP pentru \u0219coli, ofer\u0103 fiabilitate, securitate \u0219i performan\u021b\u0103 superioare \u00een compara\u021bie cu sistemele interfon wireless. Acestea asigur\u0103 o comunicare \u0219i un control stabile, ne\u00eentrerupte, ceea ce le face alegerea ideal\u0103 pentru institu\u021biile de \u00eenv\u0103\u021b\u0103m\u00e2nt.<\/p>\n                        <\/div>\r\n\t\t\t\t\t<\/div>\r\n\t\t\t\t\t\t\t\t\t\t\t\t\t\t\t    <div class=\"accordion-item faq-item\">\r\n                        <div class=\"accordion-opener\">\r\n                            Q: Putem personaliza sistemul de interfon BAS-IP pentru a r\u0103spunde nevoilor specifice ale \u0219colii noastre?                            <i class=\"fa-solid fa-chevron-down\"><\/i>\r\n                        <\/div>\r\n                        <div class=\"accordion-slide\">\r\n\t\t\t\t\t\t    <p>Da, sistemul interfon BAS-IP este foarte personalizabil \u0219i poate fi adaptat pentru a satisface cerin\u021bele unice ale \u0219colii dumneavoastr\u0103. Designul s\u0103u modular permite ad\u0103ugarea diferitelor componente, cum ar fi modelul de temperatur\u0103, pentru a spori siguran\u021ba \u0219i func\u021bionalitatea.<\/p>\n                        <\/div>\r\n\t\t\t\t\t<\/div>\r\n\t\t\t\t\t\t\t\t\t<\/div>\r\n\t<\/section>\r\n<!-- END Block FAQ -->\n\n\n<p>Investi\u021bia \u00eentr-un sistem interfon fiabil, bogat \u00een func\u021bii \u0219i sigur este crucial\u0103 pentru siguran\u021ba \u0219i eficien\u021ba oric\u0103rei institu\u021bii de \u00eenv\u0103\u021b\u0103m\u00e2nt. Sistemul interfon BAS-IP pentru \u0219coli ofer\u0103 performan\u021be de neegalat, func\u021bii inovatoare \u0219i integrare perfect\u0103 cu re\u021belele IP existente. Aleg\u00e2nd BAS-IP, investi\u021bi \u00een viitorul infrastructurii de comunicare \u0219i securitate a \u0219colii dumneavoastr\u0103. Experimenta\u021bi revolu\u021bia \u00een comunicare cu cel mai bun sistem interfon \u0219colar \u2013 BAS-IP. \u00cembun\u0103t\u0103\u021bi\u021bi siguran\u021ba, comunicarea \u0219i mediul general al institu\u021biei dumneavoastr\u0103 de \u00eenv\u0103\u021b\u0103m\u00e2nt, asigur\u00e2nd bun\u0103starea elevilor, personalului \u0219i vizitatorilor. Nu face\u021bi compromisuri la calitate; ave\u021bi \u00eencredere \u00een BAS-IP pentru a oferi performan\u021be \u0219i fiabilitate excep\u021bionale pentru \u0219coala dumneavoastr\u0103.<\/p>","protected":false},"excerpt":{"rendered":"<p>Sisteme de interfon pentru \u0219coli \u00cen lumea de ast\u0103zi, comunicarea f\u0103r\u0103 \u00eentreruperi \u0219i securitatea sunt componente esen\u021biale ale oric\u0103rei institu\u021bii de \u00eenv\u0103\u021b\u0103m\u00e2nt. Un sistem interfon eficient pentru \u0219coli nu numai c\u0103 asigur\u0103 o comunicare rapid\u0103, ci \u0219i spore\u0219te siguran\u021ba elevilor, profesorilor \u0219i personalului. V\u0103 prezent\u0103m sistemul interfon BAS-IP pentru \u0219coli, solu\u021bia suprem\u0103 care combin\u0103 tehnologie [&hellip;]<\/p>","protected":false},"author":1,"featured_media":0,"parent":0,"menu_order":0,"comment_status":"closed","ping_status":"closed","template":"","meta":{"inline_featured_image":false,"footnotes":""},"class_list":["post-133502","page","type-page","status-publish","hentry"],"acf":[],"_links":{"self":[{"href":"https:\/\/bas-ip.com\/ro\/wp-json\/wp\/v2\/pages\/133502","targetHints":{"allow":["GET"]}}],"collection":[{"href":"https:\/\/bas-ip.com\/ro\/wp-json\/wp\/v2\/pages"}],"about":[{"href":"https:\/\/bas-ip.com\/ro\/wp-json\/wp\/v2\/types\/page"}],"author":[{"embeddable":true,"href":"https:\/\/bas-ip.com\/ro\/wp-json\/wp\/v2\/users\/1"}],"replies":[{"embeddable":true,"href":"https:\/\/bas-ip.com\/ro\/wp-json\/wp\/v2\/comments?post=133502"}],"version-history":[{"count":3,"href":"https:\/\/bas-ip.com\/ro\/wp-json\/wp\/v2\/pages\/133502\/revisions"}],"predecessor-version":[{"id":133616,"href":"https:\/\/bas-ip.com\/ro\/wp-json\/wp\/v2\/pages\/133502\/revisions\/133616"}],"wp:attachment":[{"href":"https:\/\/bas-ip.com\/ro\/wp-json\/wp\/v2\/media?parent=133502"}],"curies":[{"name":"wp","href":"https:\/\/api.w.org\/{rel}","templated":true}]}}