{"id":133253,"date":"2023-03-27T09:04:54","date_gmt":"2023-03-27T09:04:54","guid":{"rendered":"https:\/\/bas-ip.com\/%d1%82%d1%8a%d1%80%d0%b3%d0%be%d0%b2%d1%81%d0%ba%d0%b8-%d0%bf%d1%80%d0%be%d0%bc%d0%b8%d1%88%d0%bb%d0%b5%d0%bd%d0%b8\/"},"modified":"2025-03-11T10:01:17","modified_gmt":"2025-03-11T10:01:17","slug":"commercial","status":"publish","type":"page","link":"https:\/\/bas-ip.com\/ro\/comercial-industrial\/","title":{"rendered":"Comercial \/ Industrial"},"content":{"rendered":"<h1 class=\"wp-block-heading\"><strong>Revolu\u021bioneaz\u0103-\u021bi locul de munc\u0103 cu sistemele de interfonie pentru afaceri<\/strong><\/h1>\n\n\n\n<p>Pe m\u0103sur\u0103 ce tehnologia continu\u0103 s\u0103 progreseze, este esen\u021bial ca afacerea ta s\u0103 r\u0103m\u00e2n\u0103 la curent cu cele mai recente inova\u021bii. Un astfel de progres este integrarea sistemelor de interfonie pentru afaceri, care ofer\u0103 securitate sporit\u0103 \u0219i comunicare eficient\u0103 pentru birouri \u0219i propriet\u0103\u021bi comerciale. Interfoanele IP de la BAS-IP ofer\u0103 o solu\u021bie complet\u0103, av\u00e2nd o varietate de caracteristici unice care se potrivesc perfect locurilor de munc\u0103 moderne. Vom explora beneficiile adopt\u0103rii unui sistem de interfonie pentru afaceri \u0219i vom detalia produsele de top ale BAS-IP.<\/p>\n\n\n\n<h2 class=\"wp-block-heading\"><strong>De ce s\u0103 alegi BAS-IP pentru sistemul t\u0103u de interfonie pentru afaceri?<\/strong><\/h2>\n\n\n\n<p>BAS-IP a fost un pionier \u00een dezvoltarea sistemelor avansate de interfonie pentru afaceri, oferind o gam\u0103 de produse inovatoare concepute pentru a r\u0103spunde cerin\u021belor locurilor de munc\u0103 moderne. Prin integrarea caracteristicilor de ultim\u0103 or\u0103 \u0219i a hardware-ului fiabil, sistemele de interfonie comerciale BAS-IP asigur\u0103 o comunicare eficient\u0103 \u0219i o securitate sporit\u0103 at\u00e2t pentru birouri, c\u00e2t \u0219i pentru facilit\u0103\u021bi industriale.<\/p>\n\n\n<!-- START Block Features --><section id=\"block_642edd596eeb4\" class=\"features-section\">\r\n\t\r\n    <div class=\"features-list\">\r\n                    <div class=\"features-item\" data-aos=\"fade-up\">\r\n    <div class=\"features-box\">\r\n                    <div class=\"image-holder\">\r\n                <img loading=\"lazy\" decoding=\"async\" width=\"350\" height=\"320\" src=\"https:\/\/bas-ip.com\/wp-content\/uploads\/2023\/04\/1-350x320.jpg\" class=\"attachment-thumbnail_350x320 size-thumbnail_350x320\" alt=\"\" \/>            <\/div>\r\n        \r\n        <div class=\"text-holder\">\r\n                        <h3 class=\"title-block\">The Power of IP Intercoms in the Workplace<\/h3>\r\n          \r\n                        <div class=\"text-block\">\r\n                <p>Sistemele de interfonie IP de la BAS-IP ofer\u0103 o gam\u0103 larg\u0103 de avantaje, inclusiv integrarea f\u0103r\u0103 probleme \u00een re\u021belele locale IP existente.<\/p>\n<p>Acest lucru le permite angaja\u021bilor s\u0103 acceseze u\u0219or sistemul de interfonie \u0219i s\u0103 deschid\u0103 u\u0219ile de pe calculatoarele lor, simplific\u00e2nd comunicarea \u0219i securitatea \u00een cadrul biroului.<\/p>\n<p>Mai mult, infrastructura bazat\u0103 pe IP permite scalabilitate \u0219i adaptabilitate, asigur\u00e2ndu-se c\u0103 sistemul t\u0103u de interfonie pentru afaceri poate cre\u0219te \u0219i evolua odat\u0103 cu organiza\u021bia ta.<\/p>\n              <\/div>\r\n                  <\/div>\r\n    <\/div>\r\n<\/div>\r\n                    <div class=\"features-item\" data-aos=\"fade-up\">\r\n    <div class=\"features-box\">\r\n                    <div class=\"image-holder\">\r\n                <img loading=\"lazy\" decoding=\"async\" width=\"350\" height=\"320\" src=\"https:\/\/bas-ip.com\/wp-content\/uploads\/2023\/04\/2-350x320.jpg\" class=\"attachment-thumbnail_350x320 size-thumbnail_350x320\" alt=\"Business intercom systems\" \/>            <\/div>\r\n        \r\n        <div class=\"text-holder\">\r\n                        <h3 class=\"title-block\">Componente hardware de ultim\u0103 genera\u021bie<\/h3>\r\n          \r\n                        <div class=\"text-block\">\r\n                <p>Cel mai bun sistem de interfonie pentru afaceri de la BAS-IP const\u0103 din AV-08FBL, AT-10 \u0219i BR-AT10. Aceste componente lucreaz\u0103 \u00eempreun\u0103 pentru a oferi performan\u021be excep\u021bionale \u0219i o experien\u021b\u0103 de utilizare de top, fiind ideale pentru birouri \u0219i propriet\u0103\u021bi comerciale.<\/p>\n<p>AV-08FBL: Acest panou exterior are un design elegant, camer\u0103 \u00eencorporat\u0103 \u0219i cititor RFID, asigur\u00e2nd un control al accesului sigur \u0219i identificarea vizual\u0103 a vizitatorilor.<\/p>\n<p>AT-10: Acest panou interior elegant cu ecran tactil ofer\u0103 o rezolu\u021bie \u00eenalt\u0103, interfa\u021b\u0103 intuitiv\u0103 \u0219i compatibilitate cu diverse dispozitive inteligente pentru cas\u0103 \u0219i securitate.<\/p>\n<p>BR-AT10: Acest suport de birou multifunc\u021bional faciliteaz\u0103 instalarea u\u0219oar\u0103 a panoului AT-10 pe birou.<\/p>\n              <\/div>\r\n                  <\/div>\r\n    <\/div>\r\n<\/div>\r\n                    <div class=\"features-item\" data-aos=\"fade-up\">\r\n    <div class=\"features-box\">\r\n                    <div class=\"image-holder\">\r\n                <img loading=\"lazy\" decoding=\"async\" width=\"350\" height=\"320\" src=\"https:\/\/bas-ip.com\/wp-content\/uploads\/2023\/04\/3-350x320.jpg\" class=\"attachment-thumbnail_350x320 size-thumbnail_350x320\" alt=\"\" \/>            <\/div>\r\n        \r\n        <div class=\"text-holder\">\r\n                        <h3 class=\"title-block\">Suport \u0219i servicii clien\u021bi de \u00eencredere<\/h3>\r\n          \r\n                        <div class=\"text-block\">\r\n                <p>BAS-IP se angajeaz\u0103 s\u0103 ofere un serviciu clien\u021bi excep\u021bional, oferind asisten\u021b\u0103 profesional\u0103 pentru produsele lor pe parcursul \u00eentregului proces de instalare \u0219i nu numai.<\/p>\n<p>Echipa noastr\u0103 de suport bine preg\u0103tit\u0103 poate ajuta la rezolvarea oric\u0103ror probleme care ar putea ap\u0103rea, asigur\u00e2ndu-se c\u0103 sistemul t\u0103u de interfonie pentru afaceri r\u0103m\u00e2ne func\u021bional \u0219i eficient.<\/p>\n<p>Mai mult, dedicarea noastr\u0103 pentru cercetare \u0219i dezvoltare continu\u0103 \u00eenseamn\u0103 c\u0103 produsele BAS-IP vor continua s\u0103 se \u00eembun\u0103t\u0103\u021beasc\u0103, oferind afacerii tale o solu\u021bie de interfonie care r\u0103m\u00e2ne \u00een frunte \u00een ceea ce prive\u0219te tehnologia \u0219i performan\u021ba.<\/p>\n              <\/div>\r\n                  <\/div>\r\n    <\/div>\r\n<\/div>\r\n            <\/div>\r\n<\/section>\r\n<!-- END Block Features -->\n\n\n<h2 class=\"wp-block-heading\"><strong>Caracteristici cheie ale sistemelor de interfonie BAS-IP pentru afaceri<\/strong><\/h2>\n\n\n\n<p>Sistemele de interfonie BAS-IP pentru afaceri se remarc\u0103 printr-o gam\u0103 de caracteristici unice care le fac s\u0103 ias\u0103 \u00een eviden\u021b\u0103 fa\u021b\u0103 de concuren\u021b\u0103. Prin utilizarea acestor capacit\u0103\u021bi avansate, po\u021bi \u00eembun\u0103t\u0103\u021bi eficien\u021ba, securitatea \u0219i func\u021bionalitatea general\u0103 a locului t\u0103u de munc\u0103.<\/p>\n\n\n<!-- START Block Features --><section id=\"block_642edfc06eeba\" class=\"features-section\">\r\n\t\r\n    <div class=\"features-list\">\r\n                    <div class=\"features-item\" data-aos=\"fade-up\">\r\n    <div class=\"features-box\">\r\n                    <div class=\"image-holder\">\r\n                <img loading=\"lazy\" decoding=\"async\" width=\"350\" height=\"320\" src=\"https:\/\/bas-ip.com\/wp-content\/uploads\/2023\/04\/4-350x320.jpg\" class=\"attachment-thumbnail_350x320 size-thumbnail_350x320\" alt=\"\" \/>            <\/div>\r\n        \r\n        <div class=\"text-holder\">\r\n                        <h3 class=\"title-block\">Sisteme de interfonie pe cablu pentru afaceri<\/h3>\r\n          \r\n                        <div class=\"text-block\">\r\n                <p>De\u0219i tehnologia wireless continu\u0103 s\u0103 c\u00e2\u0219tige popularitate, sistemele de interfonie pe cablu pentru afaceri ofer\u0103 mai multe avantaje, inclusiv fiabilitate sporit\u0103, interferen\u021be reduse \u0219i securitate \u00eembun\u0103t\u0103\u021bit\u0103. Sistemele de interfonie pe cablu BAS-IP sunt concepute pentru a oferi performan\u021be constante, asigur\u00e2nd o comunicare f\u0103r\u0103 \u00eentreruperi \u0219i un control al accesului eficient \u00een biroul sau proprietatea ta comercial\u0103.<\/p>\n              <\/div>\r\n                  <\/div>\r\n    <\/div>\r\n<\/div>\r\n                    <div class=\"features-item\" data-aos=\"fade-up\">\r\n    <div class=\"features-box\">\r\n                    <div class=\"image-holder\">\r\n                <img loading=\"lazy\" decoding=\"async\" width=\"350\" height=\"320\" src=\"https:\/\/bas-ip.com\/wp-content\/uploads\/2023\/04\/5-1-350x320.jpg\" class=\"attachment-thumbnail_350x320 size-thumbnail_350x320\" alt=\"\" \/>            <\/div>\r\n        \r\n        <div class=\"text-holder\">\r\n                        <h3 class=\"title-block\">Integrarea interfonului de birou \u0219i a sistemului de interfonie pentru birou<\/h3>\r\n          \r\n                        <div class=\"text-block\">\r\n                <p>Sistemele de interfonie pentru afaceri BAS-IP pot fi u\u0219or integrate \u00een telefoanele de birou \u0219i \u00een configura\u021biile de interfonie pentru birou, permi\u021b\u00e2nd angaja\u021bilor s\u0103 comunice f\u0103r\u0103 efort \u00een cadrul spa\u021biului de lucru. Aceasta contribuie la crearea unui mediu colaborativ \u0219i asigur\u0103 c\u0103 informa\u021biile importante sunt transmise rapid \u0219i precis.<\/p>\n              <\/div>\r\n                  <\/div>\r\n    <\/div>\r\n<\/div>\r\n                    <div class=\"features-item\" data-aos=\"fade-up\">\r\n    <div class=\"features-box\">\r\n                    <div class=\"image-holder\">\r\n                <img loading=\"lazy\" decoding=\"async\" width=\"350\" height=\"320\" src=\"https:\/\/bas-ip.com\/wp-content\/uploads\/2023\/04\/6-350x320.jpg\" class=\"attachment-thumbnail_350x320 size-thumbnail_350x320\" alt=\"\" \/>            <\/div>\r\n        \r\n        <div class=\"text-holder\">\r\n                        <h3 class=\"title-block\">Compatibilitatea sistemului de interfonie industrial\u0103<\/h3>\r\n          \r\n                        <div class=\"text-block\">\r\n                <p>Pentru afaceri care opereaz\u0103 \u00een medii industriale, sistemele de interfonie BAS-IP ofer\u0103 solu\u021bii de comunicare robuste, concepute s\u0103 reziste \u00een condi\u021bii dificile. Prin implementarea unui sistem de interfonie industrial\u0103 de \u00eencredere, po\u021bi men\u021bine o comunicare eficient\u0103 \u0219i un control al accesului sigur chiar \u0219i \u00een cele mai provocatoare medii.<\/p>\n              <\/div>\r\n                  <\/div>\r\n    <\/div>\r\n<\/div>\r\n            <\/div>\r\n<\/section>\r\n<!-- END Block Features -->\n\n<!-- START Block FAQ --><section id=\"block_64215db07ecd6\" class=\"faq-section\">\r\n\t\t    <h2 class=\"title-section\" data-aos=\"fade-right\">\u00centreb\u0103ri frecvente despre sistemele de interfonie pentru afaceri<\/h2>\r\n\t\t\t    <div class=\"faq-list js-accordion\" data-aos=\"fade-up\">\r\n\t\t\t\t\t\t\t\t\t\t\t    <div class=\"accordion-item faq-item\">\r\n                        <div class=\"accordion-opener\">\r\n                            Q: Cum poate un sistem de interfonie pentru afaceri s\u0103 \u00eembun\u0103t\u0103\u021beasc\u0103 securitatea biroului?                            <i class=\"fa-solid fa-chevron-down\"><\/i>\r\n                        <\/div>\r\n                        <div class=\"accordion-slide\">\r\n\t\t\t\t\t\t    <p>Prin integrarea unor caracteristici precum supravegherea video, controlul accesului \u0219i identificarea vizitatorilor, sistemele de interfonie pentru afaceri contribuie la protejarea biroului sau propriet\u0103\u021bii comerciale \u00eempotriva accesului neautorizat \u0219i a poten\u021bialelor amenin\u021b\u0103ri.<\/p>\n                        <\/div>\r\n\t\t\t\t\t<\/div>\r\n\t\t\t\t\t\t\t\t\t\t\t\t\t\t\t    <div class=\"accordion-item faq-item\">\r\n                        <div class=\"accordion-opener\">\r\n                            Q: Pot integra sistemul de interfonie BAS-IP \u00een re\u021beaua mea IP local\u0103 existent\u0103?                            <i class=\"fa-solid fa-chevron-down\"><\/i>\r\n                        <\/div>\r\n                        <div class=\"accordion-slide\">\r\n\t\t\t\t\t\t    <p>Da, sistemele de interfonie BAS-IP se pot integra perfect \u00een re\u021belele IP locale existente, permi\u021b\u00e2nd angaja\u021bilor s\u0103 acceseze sistemul \u0219i s\u0103 deschid\u0103 u\u0219ile de pe calculatoarele lor \u0219i alte dispozitive conectate. Acest lucru simplific\u0103 comunicarea \u0219i controlul accesului \u00een cadrul locului de munc\u0103.<\/p>\n                        <\/div>\r\n\t\t\t\t\t<\/div>\r\n\t\t\t\t\t\t\t\t\t\t\t\t\t\t\t    <div class=\"accordion-item faq-item\">\r\n                        <div class=\"accordion-opener\">\r\n                            Q: Ce face ca sistemele de interfonie pe cablu BAS-IP s\u0103 fie o alegere mai bun\u0103 dec\u00e2t op\u021biunile wireless?                            <i class=\"fa-solid fa-chevron-down\"><\/i>\r\n                        <\/div>\r\n                        <div class=\"accordion-slide\">\r\n\t\t\t\t\t\t    <p>Sistemele de interfonie pe cablu ofer\u0103 o fiabilitate crescut\u0103, interferen\u021be reduse \u0219i securitate \u00eembun\u0103t\u0103\u021bit\u0103 \u00een compara\u021bie cu op\u021biunile wireless. Sistemele de interfonie pe cablu BAS-IP sunt concepute pentru a oferi performan\u021be constante, f\u0103c\u00e2ndu-le ideale pentru afaceri care caut\u0103 solu\u021bii de comunicare de \u00eencredere.<\/p>\n                        <\/div>\r\n\t\t\t\t\t<\/div>\r\n\t\t\t\t\t\t\t\t\t\t\t\t\t\t\t    <div class=\"accordion-item faq-item\">\r\n                        <div class=\"accordion-opener\">\r\n                            Q: Sunt sistemele de interfonie BAS-IP potrivite pentru medii industriale?                            <i class=\"fa-solid fa-chevron-down\"><\/i>\r\n                        <\/div>\r\n                        <div class=\"accordion-slide\">\r\n\t\t\t\t\t\t    <p>Da, sistemele de interfonie BAS-IP sunt concepute pentru a fi compatibile cu mediile industriale. Aceste sisteme robuste pot rezista \u00een condi\u021bii dificile, asigur\u00e2nd o comunicare eficient\u0103 \u0219i un control al accesului sigur \u00een diverse industrii.<\/p>\n                        <\/div>\r\n\t\t\t\t\t<\/div>\r\n\t\t\t\t\t\t\t\t\t\t\t\t\t\t\t    <div class=\"accordion-item faq-item\">\r\n                        <div class=\"accordion-opener\">\r\n                            Q: Pot s\u0103 folosesc sistemul de interfonie BAS-IP pentru a-l integra cu dispozitivele mele inteligente pentru birou?                            <i class=\"fa-solid fa-chevron-down\"><\/i>\r\n                        <\/div>\r\n                        <div class=\"accordion-slide\">\r\n\t\t\t\t\t\t    <p>Da, sistemele de interfonie BAS-IP sunt concepute pentru a fi compatibile cu o gam\u0103 larg\u0103 de dispozitive inteligente pentru birou, cum ar fi sisteme de iluminat \u0219i control al climatului. Acest lucru permite o integrare perfect\u0103 \u0219i \u00eembun\u0103t\u0103\u021be\u0219te func\u021bionalitatea general\u0103 a spa\u021biului de lucru.<\/p>\n                        <\/div>\r\n\t\t\t\t\t<\/div>\r\n\t\t\t\t\t\t\t\t\t<\/div>\r\n\t<\/section>\r\n<!-- END Block FAQ -->\n\n\n<p>\u00cen lumea afacerilor de ast\u0103zi, caracterizat\u0103 printr-un ritm rapid, comunicarea eficient\u0103 \u0219i m\u0103surile de securitate robuste sunt esen\u021biale. Sistemele de interfonie pentru afaceri BAS-IP ofer\u0103 o solu\u021bie complet\u0103, combin\u00e2nd caracteristici de ultim\u0103 or\u0103, hardware de \u00eencredere \u0219i integrare perfect\u0103 cu re\u021belele IP locale existente. Prin implementarea unui sistem de interfonie BAS-IP pentru biroul sau proprietatea ta comercial\u0103, po\u021bi \u00eembun\u0103t\u0103\u021bi comunicarea, securitatea \u0219i func\u021bionalitatea general\u0103 a locului de munc\u0103. Experimenteaz\u0103 beneficiile unui sistem de interfonie de top \u0219i revolu\u021bioneaz\u0103-\u021bi locul de munc\u0103 cu solu\u021biile inovatoare BAS-IP. Exploreaz\u0103 posibilit\u0103\u021bile de comunicare eficient\u0103, securitate avansat\u0103 \u0219i integrare perfect\u0103, care pot ajuta afacerea ta s\u0103 prospere \u00eentr-o lume din ce \u00een ce mai conectat\u0103.<\/p>","protected":false},"excerpt":{"rendered":"<p>Revolu\u021bioneaz\u0103-\u021bi locul de munc\u0103 cu sistemele de interfonie pentru afaceri Pe m\u0103sur\u0103 ce tehnologia continu\u0103 s\u0103 progreseze, este esen\u021bial ca afacerea ta s\u0103 r\u0103m\u00e2n\u0103 la curent cu cele mai recente inova\u021bii. Un astfel de progres este integrarea sistemelor de interfonie pentru afaceri, care ofer\u0103 securitate sporit\u0103 \u0219i comunicare eficient\u0103 pentru birouri \u0219i propriet\u0103\u021bi comerciale. Interfoanele [&hellip;]<\/p>","protected":false},"author":1,"featured_media":0,"parent":0,"menu_order":0,"comment_status":"closed","ping_status":"closed","template":"","meta":{"inline_featured_image":false,"footnotes":""},"class_list":["post-133253","page","type-page","status-publish","hentry"],"acf":[],"_links":{"self":[{"href":"https:\/\/bas-ip.com\/ro\/wp-json\/wp\/v2\/pages\/133253","targetHints":{"allow":["GET"]}}],"collection":[{"href":"https:\/\/bas-ip.com\/ro\/wp-json\/wp\/v2\/pages"}],"about":[{"href":"https:\/\/bas-ip.com\/ro\/wp-json\/wp\/v2\/types\/page"}],"author":[{"embeddable":true,"href":"https:\/\/bas-ip.com\/ro\/wp-json\/wp\/v2\/users\/1"}],"replies":[{"embeddable":true,"href":"https:\/\/bas-ip.com\/ro\/wp-json\/wp\/v2\/comments?post=133253"}],"version-history":[{"count":5,"href":"https:\/\/bas-ip.com\/ro\/wp-json\/wp\/v2\/pages\/133253\/revisions"}],"predecessor-version":[{"id":133369,"href":"https:\/\/bas-ip.com\/ro\/wp-json\/wp\/v2\/pages\/133253\/revisions\/133369"}],"wp:attachment":[{"href":"https:\/\/bas-ip.com\/ro\/wp-json\/wp\/v2\/media?parent=133253"}],"curies":[{"name":"wp","href":"https:\/\/api.w.org\/{rel}","templated":true}]}}