{"id":133093,"date":"2023-03-28T17:03:55","date_gmt":"2023-03-28T17:03:55","guid":{"rendered":"https:\/\/bas-ip.com\/case-studies\/"},"modified":"2025-03-07T09:13:50","modified_gmt":"2025-03-07T09:13:50","slug":"case-studies","status":"publish","type":"page","link":"https:\/\/bas-ip.com\/ro\/case-studies\/","title":{"rendered":"Solu\u021bii"},"content":{"rendered":"<h1 class=\"wp-block-heading\"><strong>Solu\u021bii de interfonie<\/strong><\/h1>\n\n\n\n<p>BAS-IP este un lider \u00een furnizarea de solu\u021bii de interfonie de ultim\u0103 genera\u021bie pentru diverse industrii, oferind experien\u021be excep\u021bionale de securitate \u0219i comunicare. \u00cen acest articol, explor\u0103m \u0219ase studii de caz conving\u0103toare de interfonie care demonstreaz\u0103 versatilitatea \u0219i eficacitatea produselor BAS-IP \u00een diferite medii. De la cl\u0103diri reziden\u021biale multifamiliale la unit\u0103\u021bi spitalice\u0219ti, aceste studii de caz eviden\u021biaz\u0103 puterea transformatoare a sistemelor de interfonie BAS-IP.<\/p>\n\n\n<!-- START Block Info 3 Columns with links --><section id=\"block_6437b6d9794a8\" class=\"info-columns-section\">\r\n   <div class=\"column-list\">\r\n                        <div class=\"column-item\" data-aos=\"fade-up\" data-aos-delay=\"100\">\r\n                  <div class=\"image-block\">\r\n            <a href=\"\/building-intercom-system\/\">\r\n               <img loading=\"lazy\" decoding=\"async\" width=\"320\" height=\"232\" src=\"https:\/\/bas-ip.com\/wp-content\/uploads\/2023\/04\/1-5.jpg\" class=\"attachment-thumbnail_345x250 size-thumbnail_345x250\" alt=\"\" srcset=\"https:\/\/bas-ip.com\/wp-content\/uploads\/2023\/04\/1-5.jpg 320w,  https:\/\/bas-ip.com\/wp-content\/uploads\/2023\/04\/1-5-300x218.jpg 300w\" sizes=\"auto, (max-width: 320px) 100vw, 320px\" \/><\/a>\r\n         <\/div>\r\n         \r\n                  <a href=\"\/building-intercom-system\/\">\r\n            <h3 class=\"title-section\">Cl\u0103dire Multifamilial\u0103: O Experien\u021b\u0103 de Locuire F\u0103r\u0103 Probleme<\/h3>\r\n         <\/a>\r\n                           <div class=\"text-block\">\r\n            <p>Solu\u021biile de interfonie BAS-IP au revolu\u021bionat modul \u00een care reziden\u021bii interac\u021bioneaz\u0103 cu mediul lor de locuit. \u00centr-o cl\u0103dire multifamilial\u0103, implementarea sistemului de interfonie BAS-IP nu numai c\u0103 a \u00eembun\u0103t\u0103\u021bit securitatea, dar a \u0219i facilitat comunicarea f\u0103r\u0103 probleme \u00eentre chiria\u0219i, vizitatori \u0219i administra\u021bia cl\u0103dirii. Interfa\u021ba u\u0219or de utilizat a sistemului \u0219i integrarea cu tehnologia casei inteligente au oferit un nou nivel de confort \u0219i accesibilitate reziden\u021bilor, ridic\u00e2nd experien\u021ba lor de locuire.<\/p>\n         <\/div>\r\n               <\/div>\r\n                              <div class=\"column-item\" data-aos=\"fade-up\" data-aos-delay=\"200\">\r\n                  <div class=\"image-block\">\r\n            <a href=\"\/business-intercom-systems-for-office\/\">\r\n               <img loading=\"lazy\" decoding=\"async\" width=\"320\" height=\"232\" src=\"https:\/\/bas-ip.com\/wp-content\/uploads\/2023\/04\/2-5.jpg\" class=\"attachment-thumbnail_345x250 size-thumbnail_345x250\" alt=\"\" srcset=\"https:\/\/bas-ip.com\/wp-content\/uploads\/2023\/04\/2-5.jpg 320w,  https:\/\/bas-ip.com\/wp-content\/uploads\/2023\/04\/2-5-300x218.jpg 300w\" sizes=\"auto, (max-width: 320px) 100vw, 320px\" \/><\/a>\r\n         <\/div>\r\n         \r\n                  <a href=\"\/business-intercom-systems-for-office\/\">\r\n            <h3 class=\"title-section\">Comercial: Eficientizarea Opera\u021biunilor \u0219i a Securit\u0103\u021bii<\/h3>\r\n         <\/a>\r\n                           <div class=\"text-block\">\r\n            <p>\u00centr-un mediu comercial sau industrial, comunicarea eficient\u0103 \u0219i securitatea sunt esen\u021biale pentru opera\u021biuni f\u0103r\u0103 probleme. Solu\u021biile de interfonie BAS-IP au jucat un rol esen\u021bial \u00een \u00eembun\u0103t\u0103\u021birea fluxului de lucru \u0219i a m\u0103surilor de siguran\u021b\u0103 \u00eentr-o unitate de produc\u021bie mare. Prin integrarea sistemului de interfonie cu controlul accesului, supravegherea video \u0219i func\u021biile de r\u0103spuns la urgen\u021be, unitatea a experimentat o \u00eembun\u0103t\u0103\u021bire semnificativ\u0103 a comunic\u0103rii \u0219i a securit\u0103\u021bii generale.<\/p>\n         <\/div>\r\n               <\/div>\r\n                              <div class=\"column-item\" data-aos=\"fade-up\" data-aos-delay=\"300\">\r\n                  <div class=\"image-block\">\r\n            <a href=\"\/intercom-systems-for-home-and-house\/\">\r\n               <img loading=\"lazy\" decoding=\"async\" width=\"320\" height=\"232\" src=\"https:\/\/bas-ip.com\/wp-content\/uploads\/2023\/04\/3-5.jpg\" class=\"attachment-thumbnail_345x250 size-thumbnail_345x250\" alt=\"\" srcset=\"https:\/\/bas-ip.com\/wp-content\/uploads\/2023\/04\/3-5.jpg 320w,  https:\/\/bas-ip.com\/wp-content\/uploads\/2023\/04\/3-5-300x218.jpg 300w\" sizes=\"auto, (max-width: 320px) 100vw, 320px\" \/><\/a>\r\n         <\/div>\r\n         \r\n                  <a href=\"\/intercom-systems-for-home-and-house\/\">\r\n            <h3 class=\"title-section\">Locuin\u021b\u0103: \u00cembun\u0103t\u0103\u021birea Siguran\u021bei \u0219i a Conectivit\u0103\u021bii<\/h3>\r\n         <\/a>\r\n                           <div class=\"text-block\">\r\n            <p>Pe m\u0103sur\u0103 ce proprietarii de case acord\u0103 o importan\u021b\u0103 din ce \u00een ce mai mare securit\u0103\u021bii \u0219i tehnologiei casei inteligente, solu\u021biile de interfonie BAS-IP au devenit o alegere popular\u0103. \u00centr-o cas\u0103 suburban\u0103, instalarea unui sistem de interfonie BAS-IP nu numai c\u0103 a sporit securitatea, dar a \u0219i \u00eembun\u0103t\u0103\u021bit conectivitatea cu membrii familiei \u0219i oaspe\u021bi. Interfa\u021ba intuitiv\u0103 \u0219i compatibilitatea cu smartphone-urile au permis proprietarilor s\u0103-\u0219i monitorizeze proprietatea \u0219i s\u0103 comunice f\u0103r\u0103 efort, cre\u00e2nd un mediu de via\u021b\u0103 sigur \u0219i conectat.<\/p>\n         <\/div>\r\n               <\/div>\r\n                              <div class=\"column-item\" data-aos=\"fade-up\" data-aos-delay=\"400\">\r\n                  <div class=\"image-block\">\r\n            <a href=\"\/medical-hospital-intercom-system\/\">\r\n               <img loading=\"lazy\" decoding=\"async\" width=\"320\" height=\"232\" src=\"https:\/\/bas-ip.com\/wp-content\/uploads\/2023\/04\/4-5.jpg\" class=\"attachment-thumbnail_345x250 size-thumbnail_345x250\" alt=\"\" srcset=\"https:\/\/bas-ip.com\/wp-content\/uploads\/2023\/04\/4-5.jpg 320w,  https:\/\/bas-ip.com\/wp-content\/uploads\/2023\/04\/4-5-300x218.jpg 300w\" sizes=\"auto, (max-width: 320px) 100vw, 320px\" \/><\/a>\r\n         <\/div>\r\n         \r\n                  <a href=\"\/medical-hospital-intercom-system\/\">\r\n            <h3 class=\"title-section\">Spital: Consolidarea \u00cengrijirii Pacien\u021bilor \u0219i a Siguran\u021bei<\/h3>\r\n         <\/a>\r\n                           <div class=\"text-block\">\r\n            <p>Spitalele \u0219i unit\u0103\u021bile medicale necesit\u0103 sisteme de comunicare avansate pentru a asigura \u00eengrijirea eficient\u0103 a pacien\u021bilor \u0219i siguran\u021ba. \u00centr-un spital de ultim\u0103 genera\u021bie, solu\u021biile de interfonie BAS-IP au fost utilizate pentru a eficientiza comunicarea dintre personalul medical, pacien\u021bi \u0219i vizitatori. Sistemul a facilitat r\u0103spunsul rapid la urgen\u021be, a sporit confiden\u021bialitatea pacien\u021bilor \u0219i a \u00eembun\u0103t\u0103\u021bit securitatea general\u0103 a spitalului. Integrarea sistemului de interfonie BAS-IP s-a dovedit a fi un element de schimbare \u00een furnizarea de \u00eengrijire excep\u021bional\u0103 a pacien\u021bilor.<\/p>\n         <\/div>\r\n               <\/div>\r\n                              <div class=\"column-item\" data-aos=\"fade-up\" data-aos-delay=\"500\">\r\n                  <div class=\"image-block\">\r\n            <a href=\"\/intercom-systems-for-schools\/\">\r\n               <img loading=\"lazy\" decoding=\"async\" width=\"320\" height=\"232\" src=\"https:\/\/bas-ip.com\/wp-content\/uploads\/2023\/04\/5-5.jpg\" class=\"attachment-thumbnail_345x250 size-thumbnail_345x250\" alt=\"\" srcset=\"https:\/\/bas-ip.com\/wp-content\/uploads\/2023\/04\/5-5.jpg 320w,  https:\/\/bas-ip.com\/wp-content\/uploads\/2023\/04\/5-5-300x218.jpg 300w\" sizes=\"auto, (max-width: 320px) 100vw, 320px\" \/><\/a>\r\n         <\/div>\r\n         \r\n                  <a href=\"\/intercom-systems-for-schools\/\">\r\n            <h3 class=\"title-section\">\u0218coal\u0103: Promovarea unui Mediu de \u00cenv\u0103\u021bare Sigur<\/h3>\r\n         <\/a>\r\n                           <div class=\"text-block\">\r\n            <p>Institu\u021biile de \u00eenv\u0103\u021b\u0103m\u00e2nt au nevoie de sisteme robuste de securitate \u0219i comunicare pentru a proteja elevii \u0219i personalul. \u00centr-o \u0219coal\u0103 progresiv\u0103, solu\u021biile de interfonie BAS-IP au fost esen\u021biale \u00een furnizarea unui mediu de \u00eenv\u0103\u021bare sigur. Sistemul a permis comunicarea f\u0103r\u0103 probleme \u00eentre s\u0103lile de clas\u0103, birourile administrative \u0219i vizitatorii externi, asigur\u00e2nd siguran\u021ba elevilor \u0219i a personalului. \u00cen plus, integrarea sistemului de interfonie cu func\u021biile de control al accesului \u0219i supraveghere video a \u00eembun\u0103t\u0103\u021bit semnificativ securitatea general\u0103 a \u0219colii.<\/p>\n         <\/div>\r\n               <\/div>\r\n                              <div class=\"column-item\" data-aos=\"fade-up\" data-aos-delay=\"600\">\r\n                  <div class=\"image-block\">\r\n            <a href=\"\/gate-intercom-system\/\">\r\n               <img loading=\"lazy\" decoding=\"async\" width=\"320\" height=\"232\" src=\"https:\/\/bas-ip.com\/wp-content\/uploads\/2023\/04\/6-4.jpg\" class=\"attachment-thumbnail_345x250 size-thumbnail_345x250\" alt=\"\" srcset=\"https:\/\/bas-ip.com\/wp-content\/uploads\/2023\/04\/6-4.jpg 320w,  https:\/\/bas-ip.com\/wp-content\/uploads\/2023\/04\/6-4-300x218.jpg 300w\" sizes=\"auto, (max-width: 320px) 100vw, 320px\" \/><\/a>\r\n         <\/div>\r\n         \r\n                  <a href=\"\/gate-intercom-system\/\">\r\n            <h3 class=\"title-section\">Por\u021bi: Consolidarea Securit\u0103\u021bii Perimetrului<\/h3>\r\n         <\/a>\r\n                           <div class=\"text-block\">\r\n            <p>Securitatea por\u021bilor este crucial\u0103 pentru protejarea propriet\u0103\u021bii \u0219i men\u021binerea confiden\u021bialit\u0103\u021bii. \u00centr-o comunitate reziden\u021bial\u0103 de lux, solu\u021biile de interfonie BAS-IP au fost implementate pentru a consolida securitatea perimetrului. Sistemul a permis reziden\u021bilor s\u0103 acorde sau s\u0103 refuze accesul de la distan\u021b\u0103 vizitatorilor, iar integrarea cu supravegherea video a permis monitorizarea continu\u0103 a intr\u0103rilor \u0219i ie\u0219irilor comunit\u0103\u021bii. Aceast\u0103 solu\u021bie de interfonie avansat\u0103 a contribuit la un sentiment sporit de securitate \u0219i lini\u0219te pentru reziden\u021bi.<\/p>\n         <\/div>\r\n               <\/div>\r\n                     <\/div>\r\n<\/section>\r\n<!-- END Block Info 3 Columns with links -->\n\n\n<p>Aceste studii de caz de interfonie demonstreaz\u0103 versatilitatea \u0219i eficacitatea remarcabil\u0103 a solu\u021biilor de interfonie BAS-IP \u00een diverse sectoare. De la comunit\u0103\u021bi reziden\u021biale la spitale, implementarea sistemelor de interfonie BAS-IP a transformat comunicarea, securitatea \u0219i experien\u021ba general\u0103 a utilizatorului. Pe m\u0103sur\u0103 ce tehnologia continu\u0103 s\u0103 avanseze, BAS-IP r\u0103m\u00e2ne angajat s\u0103 furnizeze solu\u021bii de interfonie inovatoare \u0219i superioare, care s\u0103 r\u0103spund\u0103 nevoilor \u00een continu\u0103 evolu\u021bie ale diverselor industrii.<\/p>\n\n\n<!-- START Block FAQ --><section id=\"block_64231e53deae2\" class=\"faq-section\">\r\n\t\t    <h2 class=\"title-section\" data-aos=\"fade-right\">Frequently Asked Questions<\/h2>\r\n\t\t\t    <div class=\"faq-list js-accordion\" data-aos=\"fade-up\">\r\n\t\t\t\t\t\t\t\t\t\t\t    <div class=\"accordion-item faq-item\">\r\n                        <div class=\"accordion-opener\">\r\n                            Q: Cum asigur\u0103 BAS-IP securitatea \u0219i fiabilitatea solu\u021biilor sale de interfonie?                            <i class=\"fa-solid fa-chevron-down\"><\/i>\r\n                        <\/div>\r\n                        <div class=\"accordion-slide\">\r\n\t\t\t\t\t\t    <p>BAS-IP utilizeaz\u0103 protocoale de criptare avansate \u0219i hardware robust pentru a asigura securitatea \u0219i fiabilitatea sistemelor sale de interfonie. Acest angajament de a furniza tehnologie de ultim\u0103 genera\u021bie a f\u0103cut din BAS-IP o alegere de \u00eencredere pentru diverse industrii din \u00eentreaga lume.<\/p>\n                        <\/div>\r\n\t\t\t\t\t<\/div>\r\n\t\t\t\t\t\t\t\t\t\t\t\t\t\t\t    <div class=\"accordion-item faq-item\">\r\n                        <div class=\"accordion-opener\">\r\n                            Q: Cum contribuie solu\u021biile de interfonie BAS-IP la eficien\u021ba energetic\u0103?                            <i class=\"fa-solid fa-chevron-down\"><\/i>\r\n                        <\/div>\r\n                        <div class=\"accordion-slide\">\r\n\t\t\t\t\t\t    <p>Sistemele de interfonie BAS-IP sunt proiectate cu eficien\u021ba energetic\u0103 \u00een minte. Prin \u00eencorporarea unor caracteristici precum iluminatul activat de mi\u0219care, controlul inteligent al climatului \u0219i modurile de a\u0219teptare cu economie de energie, solu\u021biile de interfonie BAS-IP contribuie la un mediu mai verde \u0219i mai durabil.<\/p>\n                        <\/div>\r\n\t\t\t\t\t<\/div>\r\n\t\t\t\t\t\t\t\t\t\t\t\t\t\t\t    <div class=\"accordion-item faq-item\">\r\n                        <div class=\"accordion-opener\">\r\n                            Q: Ce tip de suport ofer\u0103 BAS-IP pentru solu\u021biile sale de interfonie?                            <i class=\"fa-solid fa-chevron-down\"><\/i>\r\n                        <\/div>\r\n                        <div class=\"accordion-slide\">\r\n\t\t\t\t\t\t    <p>BAS-IP se angajeaz\u0103 s\u0103 ofere un suport excep\u021bional clien\u021bilor, oferind asisten\u021b\u0103 tehnic\u0103 cuprinz\u0103toare \u0219i resurse pentru a asigura o implementare \u0219i func\u021bionare f\u0103r\u0103 probleme a sistemelor sale de interfonie. Aceast\u0103 dedicare pentru satisfac\u021bia clien\u021bilor a adus BAS-IP o reputa\u021bie stelar\u0103 \u00een industrie.<\/p>\n                        <\/div>\r\n\t\t\t\t\t<\/div>\r\n\t\t\t\t\t\t\t\t\t<\/div>\r\n\t<\/section>\r\n<!-- END Block FAQ -->","protected":false},"excerpt":{"rendered":"<p>Solu\u021bii de interfonie BAS-IP este un lider \u00een furnizarea de solu\u021bii de interfonie de ultim\u0103 genera\u021bie pentru diverse industrii, oferind experien\u021be excep\u021bionale de securitate \u0219i comunicare. \u00cen acest articol, explor\u0103m \u0219ase studii de caz conving\u0103toare de interfonie care demonstreaz\u0103 versatilitatea \u0219i eficacitatea produselor BAS-IP \u00een diferite medii. De la cl\u0103diri reziden\u021biale multifamiliale la unit\u0103\u021bi spitalice\u0219ti, [&hellip;]<\/p>","protected":false},"author":1,"featured_media":0,"parent":0,"menu_order":0,"comment_status":"closed","ping_status":"closed","template":"","meta":{"inline_featured_image":false,"footnotes":""},"class_list":["post-133093","page","type-page","status-publish","hentry"],"acf":[],"_links":{"self":[{"href":"https:\/\/bas-ip.com\/ro\/wp-json\/wp\/v2\/pages\/133093","targetHints":{"allow":["GET"]}}],"collection":[{"href":"https:\/\/bas-ip.com\/ro\/wp-json\/wp\/v2\/pages"}],"about":[{"href":"https:\/\/bas-ip.com\/ro\/wp-json\/wp\/v2\/types\/page"}],"author":[{"embeddable":true,"href":"https:\/\/bas-ip.com\/ro\/wp-json\/wp\/v2\/users\/1"}],"replies":[{"embeddable":true,"href":"https:\/\/bas-ip.com\/ro\/wp-json\/wp\/v2\/comments?post=133093"}],"version-history":[{"count":3,"href":"https:\/\/bas-ip.com\/ro\/wp-json\/wp\/v2\/pages\/133093\/revisions"}],"predecessor-version":[{"id":133194,"href":"https:\/\/bas-ip.com\/ro\/wp-json\/wp\/v2\/pages\/133093\/revisions\/133194"}],"wp:attachment":[{"href":"https:\/\/bas-ip.com\/ro\/wp-json\/wp\/v2\/media?parent=133093"}],"curies":[{"name":"wp","href":"https:\/\/api.w.org\/{rel}","templated":true}]}}