{"id":131239,"date":"2025-02-19T15:47:09","date_gmt":"2025-02-19T15:47:09","guid":{"rendered":"https:\/\/bas-ip.com\/intercom-migration-to-link\/"},"modified":"2025-02-25T11:22:55","modified_gmt":"2025-02-25T11:22:55","slug":"intercom-migration-to-link","status":"publish","type":"page","link":"https:\/\/bas-ip.com\/ro\/intercom-migration-to-link\/","title":{"rendered":"Migrare Intercom la Link"},"content":{"rendered":"<h2 data-sourcepos=\"1:1-1:58\">Intercom se mut\u0103 pe Link: Ce \u00eenseamn\u0103 asta pentru tine?<\/h2>\n<p data-sourcepos=\"3:1-3:359\">\u00cencep\u00e2nd cu 4 martie 2025, aplica\u021bia Intercom pentru Android nu va mai fi disponibil\u0103 \u00een Magazinul Google Play. Cu toate acestea, versiunea web \u0219i aplica\u021bia iOS vor continua s\u0103 func\u021bioneze f\u0103r\u0103 modific\u0103ri, iar serverele Intercom vor r\u0103m\u00e2ne active pentru a asigura stabilitatea \u0219i accesul la datele dvs. p\u00e2n\u0103 la terminarea perioadei de asisten\u021b\u0103 pentru server.<\/p>\n<p data-sourcepos=\"5:1-5:250\">V\u0103 invit\u0103m s\u0103 trece\u021bi la Link &#8211; o solu\u021bie puternic\u0103 conceput\u0103 pentru confortul dumneavoastr\u0103. Platforma ofer\u0103 capacit\u0103\u021bi avansate de gestionare, un nivel ridicat de stabilitate \u0219i securitate care \u00eendepline\u0219te cele mai recente standarde din industrie.<\/p>\n<p data-sourcepos=\"7:1-7:180\">\u00cen\u021belegem c\u0103 aceast\u0103 schimbare poate ridica \u00eentreb\u0103ri, a\u0219a c\u0103 am preg\u0103tit instruc\u021biuni detaliate \u0219i asisten\u021b\u0103 complet\u0103 pentru a face tranzi\u021bia c\u00e2t mai u\u0219oar\u0103 \u0219i f\u0103r\u0103 efort posibil.<\/p>\n<h2 data-sourcepos=\"9:1-9:33\">De ce facem aceast\u0103 schimbare?<\/h2>\n<p data-sourcepos=\"11:1-11:430\">Decizia noastr\u0103 de a trece la Link este determinat\u0103 de nevoia de a v\u0103 oferi o calitate mai bun\u0103 a serviciilor \u0219i instrumente moderne pentru gestionarea dispozitivelor. Aplica\u021bia Intercom pentru Android este dep\u0103\u0219it\u0103 \u0219i nu mai \u00eendepline\u0219te cerin\u021bele actuale. \u00cen loc s\u0103 actualiz\u0103m vechea platform\u0103, am ales s\u0103 dezvolt\u0103m o solu\u021bie mai puternic\u0103 \u0219i mai u\u0219or de utilizat, care va stabili un nou standard pentru confortul dumneavoastr\u0103.<\/p>\n<h2 data-sourcepos=\"13:1-13:16\">Ce este Link?<\/h2>\n<p data-sourcepos=\"15:1-15:226\">Link este o platform\u0103 conceput\u0103 pentru cei care apreciaz\u0103 confortul \u0219i fiabilitatea. Acesta \u00eenlocuie\u0219te Intercom \u0219i ofer\u0103 mai multe func\u021bii, un design \u00eembun\u0103t\u0103\u021bit \u0219i asisten\u021b\u0103 pe termen lung. Iat\u0103 ce pute\u021bi a\u0219tepta de la Link:<\/p>\n<ul data-sourcepos=\"17:1-21:0\">\n<li data-sourcepos=\"17:1-17:113\"><strong>Interfa\u021b\u0103 reproiectat\u0103:<\/strong> Un design simplu \u0219i intuitiv creat pentru o experien\u021b\u0103 de utilizator f\u0103r\u0103 probleme.<\/li>\n<li data-sourcepos=\"18:1-18:138\"><strong>Suport pentru dispozitive moderne:<\/strong> Link este compatibil cu cele mai recente sisteme de operare \u0219i se integreaz\u0103 cu noile tehnologii.<\/li>\n<li data-sourcepos=\"19:1-19:140\"><strong>Func\u021bii avansate:<\/strong> Gestionarea accesului, securitatea \u0219i configurarea flexibil\u0103 a dispozitivelor &#8211; toate disponibile pe noua platform\u0103.<\/li>\n<li data-sourcepos=\"20:1-21:0\"><strong>Stabilitate \u0219i fiabilitate:<\/strong> Construit pentru a gestiona sarcini mari, asigur\u00e2nd performan\u021b\u0103 ne\u00eentrerupt\u0103.<\/li>\n<\/ul>\n<h2 data-sourcepos=\"22:1-22:29\">Cum va avea loc tranzi\u021bia?<\/h2>\n<p data-sourcepos=\"24:1-24:379\">Am f\u0103cut procesul de tranzi\u021bie c\u00e2t mai u\u0219or posibil. Conturile Intercom active vor fi migrate automat pe platforma Link, iar utilizatorii vor primi licen\u021be pentru versiunea de baz\u0103 egale cu num\u0103rul de numere SIP din contul lor. Procesul este conceput pentru a minimiza orice dificult\u0103\u021bi poten\u021biale, asigur\u00e2nd \u00een acela\u0219i timp accesul la toate func\u021biile disponibile ale platformei.<\/p>\n<p data-sourcepos=\"26:1-26:59\">Pentru proprietarii de propriet\u0103\u021bi, tranzi\u021bia va fi simpl\u0103:<\/p>\n<ol data-sourcepos=\"28:1-30:0\">\n<li data-sourcepos=\"28:1-28:71\">Configura\u021bi-v\u0103 contul \u0219i conecta\u021bi dispozitivele interfon la server.<\/li>\n<li data-sourcepos=\"29:1-30:0\">Completa\u021bi un tabel cu informa\u021biile reziden\u021bilor \u0219i \u00eenc\u0103rca\u021bi-l \u00een sistem.<\/li>\n<\/ol>\n<p data-sourcepos=\"31:1-31:153\">Sistemul se va ocupa de restul: va crea conturi de utilizator, va trimite invita\u021bii, va configura dispozitivele interfon \u0219i va acorda acces la platform\u0103.<\/p>\n<p data-sourcepos=\"33:1-33:131\">Locatarii vor trebui doar s\u0103 finalizeze \u00eenregistrarea prin intermediul invita\u021biei &#8211; \u0219i pot \u00eencepe s\u0103 utilizeze noul sistem imediat.<\/p>\n<h2 data-sourcepos=\"35:1-35:24\">Ce va face platforma:<\/h2>\n<ul data-sourcepos=\"37:1-40:0\">\n<li data-sourcepos=\"37:1-37:96\">Va conecta automat conturile de utilizator la dispozitivele lor \u0219i va oferi acces la serviciu.<\/li>\n<li data-sourcepos=\"38:1-38:101\">Va configura integrarea interfonului, inclusiv sincronizarea agendei telefonice, dac\u0103 este necesar.<\/li>\n<li data-sourcepos=\"39:1-40:0\">Va procesa datele \u0219i va emite licen\u021be pentru versiunea de baz\u0103 pentru Link.<\/li>\n<\/ul>\n<p data-sourcepos=\"41:1-41:175\">Pentru cazuri mai complexe, cum ar fi lucrul cu dispozitive mai vechi sau transferul manual de date, am dezvoltat instrumente pentru a ajuta partenerii s\u0103 simplifice procesul.<\/p>\n<h2 data-sourcepos=\"43:1-43:37\">Care sunt beneficiile pentru tine?<\/h2>\n<p data-sourcepos=\"45:1-45:99\">Pentru a face tranzi\u021bia c\u00e2t mai benefic\u0103 posibil, platforma Link ofer\u0103 o gam\u0103 larg\u0103 de func\u021bii noi:<\/p>\n<p data-sourcepos=\"47:1-47:26\"><strong>Gestionarea accesului:<\/strong><\/p>\n<ul data-sourcepos=\"49:1-50:0\">\n<li data-sourcepos=\"49:1-50:0\">Control deplin asupra accesului la cl\u0103dire prin intermediul aplica\u021biei mobile, inclusiv deblocarea de la distan\u021b\u0103 a u\u0219ilor \u0219i gestionarea accesului oaspe\u021bilor.<\/li>\n<\/ul>\n<p data-sourcepos=\"51:1-51:44\"><strong>Capacit\u0103\u021bi de interac\u021biune \u00eembun\u0103t\u0103\u021bite:<\/strong><\/p>\n<ul data-sourcepos=\"53:1-54:0\">\n<li data-sourcepos=\"53:1-54:0\">Integrare cu dispozitive moderne precum Apple Watch \u0219i Siri, gestionarea evenimentelor familiale \u0219i rezervarea camerelor prin intermediul platformei.<\/li>\n<\/ul>\n<p data-sourcepos=\"55:1-55:35\"><strong>\u00cenregistrarea \u0219i monitorizarea:<\/strong><\/p>\n<ul data-sourcepos=\"57:1-58:0\">\n<li data-sourcepos=\"57:1-58:0\">Vizualiza\u021bi istoricul apelurilor, jurnalele de acces \u0219i gestiona\u021bi programele \u0219i restric\u021biile.<\/li>\n<\/ul>\n<p data-sourcepos=\"59:1-59:34\"><strong>Modularitate \u0219i personalizare:<\/strong><\/p>\n<ul data-sourcepos=\"61:1-62:0\">\n<li data-sourcepos=\"61:1-62:0\">Crea\u021bi spa\u021bii pentru propriet\u0103\u021bi reziden\u021biale \u0219i comerciale, configura\u021bi reguli flexibile de redirec\u021bionare a apelurilor \u0219i gestiona\u021bi directoarele telefonice.<\/li>\n<\/ul>\n<p data-sourcepos=\"63:1-63:34\"><strong>Func\u021bii avansate de telefonie:<\/strong><\/p>\n<ul data-sourcepos=\"65:1-66:0\">\n<li data-sourcepos=\"65:1-66:0\">Suport pentru trunchiuri SIP, numere virtuale \u0219i func\u021bionalitate softphone pentru o comunicare f\u0103r\u0103 probleme.<\/li>\n<\/ul>\n<p data-sourcepos=\"67:1-67:30\"><strong>Instrumente de securitate:<\/strong><\/p>\n<ul data-sourcepos=\"69:1-70:0\">\n<li data-sourcepos=\"69:1-70:0\">Integrare cu dispozitive de apel de urgen\u021b\u0103, gestionarea accesului la lift \u0219i controlul zonelor restric\u021bionate.<\/li>\n<\/ul>\n<h2 data-sourcepos=\"71:1-71:33\">Cum vom notifica utilizatorii?<\/h2>\n<p data-sourcepos=\"73:1-73:84\">Am preg\u0103tit o serie de notific\u0103ri pentru a v\u0103 ghida prin fiecare etap\u0103 a tranzi\u021biei:<\/p>\n<ul data-sourcepos=\"75:1-79:0\">\n<li data-sourcepos=\"75:1-75:161\"><strong>E-mailuri informative:<\/strong> Ve\u021bi primi e-mailuri care detaliaz\u0103 modific\u0103rile, calendarul tranzi\u021biei, beneficiile Link \u0219i instruc\u021biuni pas cu pas pentru migrare.<\/li>\n<li data-sourcepos=\"76:1-76:129\"><strong>Invita\u021bii de \u00eenregistrare:<\/strong> Dup\u0103 migrarea datelor, ve\u021bi primi o invita\u021bie pentru a finaliza \u00eenregistrarea pe noua platform\u0103.<\/li>\n<li data-sourcepos=\"77:1-77:153\"><strong>Mementouri:<\/strong> Dac\u0103 este necesar, vom trimite mementouri pentru a v\u0103 asigura c\u0103 finaliza\u021bi configurarea \u0219i \u00eencepe\u021bi s\u0103 utiliza\u021bi Link f\u0103r\u0103 \u00eent\u00e2rzieri.<\/li>\n<li data-sourcepos=\"78:1-79:0\"><strong>Asisten\u021b\u0103 pentru utilizatori:<\/strong> Echipa noastr\u0103 va fi disponibil\u0103 pentru a r\u0103spunde la \u00eentreb\u0103rile dvs. prin e-mail \u0219i alte canale de asisten\u021b\u0103.<\/li>\n<\/ul>\n<h2 data-sourcepos=\"80:1-80:54\">Migrarea de la Intercom la Link: Un ghid pas cu pas<\/h2>\n<p data-sourcepos=\"82:1-82:308\">Pentru a asigura o tranzi\u021bie lin\u0103, ve\u021bi primi o invita\u021bie de a v\u0103 al\u0103tura noului server Link \u00eentre 20 \u0219i 25 februarie. Aceast\u0103 invita\u021bie va fi trimis\u0103 la adresa de e-mail pe care a\u021bi folosit-o pentru a v\u0103 \u00eenregistra la Intercom. V\u0103 rug\u0103m s\u0103 verifica\u021bi c\u0103su\u021ba de e-mail (\u0219i folderul spam) \u00een aceast\u0103 perioad\u0103.<\/p>\n<h2 data-sourcepos=\"84:1-84:22\">Introducere \u00een Link<\/h2>\n<ol data-sourcepos=\"86:1-90:0\">\n<li data-sourcepos=\"86:1-86:106\"><strong>Accepta\u021bi invita\u021bia:<\/strong> Face\u021bi clic pe linkul din e-mailul de invita\u021bie pentru a accesa serverul Link.<\/li>\n<li data-sourcepos=\"87:1-87:90\"><strong>Crea\u021bi o parol\u0103:<\/strong> Vi se va solicita s\u0103 crea\u021bi o nou\u0103 parol\u0103 pentru contul dvs. Link.<\/li>\n<li data-sourcepos=\"88:1-88:137\"><strong>Conecta\u021bi-v\u0103:<\/strong> Dup\u0103 ce a\u021bi creat parola, v\u0103 pute\u021bi conecta la serverul Link utiliz\u00e2nd adresa de e-mail \u00eenregistrat\u0103 \u0219i noua parol\u0103.<\/li>\n<li data-sourcepos=\"89:1-90:0\"><strong>Urma\u021bi instruc\u021biunile de configurare:<\/strong> Dup\u0103 conectare, ve\u021bi fi ghidat prin procesul de configurare. Instruc\u021biunile vor varia \u00een func\u021bie de tipul de utilizator \u0219i echipament.<\/li>\n<\/ol>\n<h2 data-sourcepos=\"91:1-91:40\">Instruc\u021biuni specifice utilizatorului<\/h2>\n<p data-sourcepos=\"93:1-93:128\">Pentru a face procesul de migrare c\u00e2t mai u\u0219or posibil, am oferit instruc\u021biuni detaliate pentru diferite grupuri de utilizatori:<\/p>\n<p data-sourcepos=\"95:1-95:14\"><strong>Parteneri<\/strong><strong style=\"font-size: revert; color: initial;\">:<\/strong><\/p>\n<div id=\"model-response-message-contentr_7cc64dd4d44cdcb4\" class=\"markdown markdown-main-panel\" dir=\"ltr\">\n<ul>\n<li><a href=\"https:\/\/basip.atlassian.net\/wiki\/spaces\/migrationtothelink\/pages\/354812908\" target=\"_blank\" rel=\"noopener\">Proprietarii de echipamente noi sau cei responsabili de configurarea acestora<\/a><\/li>\n<li><a href=\"https:\/\/basip.atlassian.net\/wiki\/spaces\/migrationtothelink\/pages\/354713882\" target=\"_blank\" rel=\"noopener\">Proprietarii de echipamente vechi (sau cei responsabili de configurarea acestora) care nu pot fi conectate la noul server Link<\/a><\/li>\n<li><a style=\"font-size: revert;\" href=\"https:\/\/basip.atlassian.net\/wiki\/spaces\/migrationtothelink\/pages\/354877460\" target=\"_blank\" rel=\"noopener\">Proprietarii de echipamente vechi (sau cei responsabili de configurarea acestora) care <em>pot<\/em> fi conectate la noul server Link<\/a><\/li>\n<\/ul>\n<p><strong>Locatari ai complexelor reziden\u021biale sau clien\u021bi priva\u021bi:<\/strong><\/p>\n<ul>\n<li><a href=\"https:\/\/basip.atlassian.net\/wiki\/spaces\/migrationtothelink\/pages\/354713902\" target=\"_blank\" rel=\"noopener\">Utilizatori Intercom care nu au interfon, dar au o aplica\u021bie mobil\u0103<\/a><\/li>\n<li><a href=\"https:\/\/basip.atlassian.net\/wiki\/spaces\/migrationtothelink\/pages\/354713892\" target=\"_blank\" rel=\"noopener\">Utilizatori Intercom care au at\u00e2t un interfon, c\u00e2t \u0219i o aplica\u021bie mobil\u0103<\/a><\/li>\n<\/ul>\n<p data-sourcepos=\"5:3-5:266\">V\u0103 \u00eencuraj\u0103m s\u0103 consulta\u021bi instruc\u021biunile relevante pentru tipul dvs. de utilizator \u0219i echipamentul dumneavoastr\u0103. Dac\u0103 ave\u021bi \u00eentreb\u0103ri sau ave\u021bi nevoie de asisten\u021b\u0103 \u00een timpul procesului de migrare, v\u0103 rug\u0103m s\u0103 nu ezita\u021bi s\u0103 contacta\u021bi echipa noastr\u0103 de asisten\u021b\u0103.<\/p>\n<p data-sourcepos=\"7:3-7:154\">Suntem \u00eencrez\u0103tori c\u0103 v\u0103 ve\u021bi bucura de experien\u021ba de comunicare \u00eembun\u0103t\u0103\u021bit\u0103 pe care o ofer\u0103 Link. V\u0103 mul\u021bumim pentru sprijinul dumneavoastr\u0103 continuu!<\/p>\n<p data-sourcepos=\"9:3-9:20\">Bun venit la Link!<\/p>\n<\/div>\n\n<!-- START Block Sign Up --><section id=\"block_629678229e935\" class=\"sign-up-section\">\r\n\r\n    <div class=\"form-holder js-form\" data-aos=\"fade-right\">\r\n                    <div class=\"title-block h3\">Sign up for connection<\/div>\r\n        \r\n                    <div class=\"text-block\">\r\n                Filling out all the information needed to answer you as quickly as possible            <\/div>\r\n        \r\n                    \n<div class=\"wpcf7 no-js\" id=\"wpcf7-f102-o1\" lang=\"en-US\" dir=\"ltr\">\n<div class=\"screen-reader-response\"><p role=\"status\" aria-live=\"polite\" aria-atomic=\"true\"><\/p> <ul><\/ul><\/div>\n<form action=\"\/ro\/wp-json\/wp\/v2\/pages\/131239#wpcf7-f102-o1\" method=\"post\" class=\"wpcf7-form init\" aria-label=\"Contact form\" enctype=\"multipart\/form-data\" novalidate=\"novalidate\" data-status=\"init\">\n<div style=\"display: none;\">\n<input type=\"hidden\" name=\"_wpcf7\" value=\"102\" \/>\n<input type=\"hidden\" name=\"_wpcf7_version\" value=\"5.8.3\" \/>\n<input type=\"hidden\" name=\"_wpcf7_locale\" value=\"en_US\" \/>\n<input type=\"hidden\" name=\"_wpcf7_unit_tag\" value=\"wpcf7-f102-o1\" \/>\n<input type=\"hidden\" name=\"_wpcf7_container_post\" value=\"0\" \/>\n<input type=\"hidden\" name=\"_wpcf7_posted_data_hash\" value=\"\" \/>\n<input type=\"hidden\" name=\"_wpcf7_recaptcha_response\" value=\"\" \/>\n<\/div>\n<div class=\"row\"> \n <label><span class=\"label-text\">Name<\/span> \n  <span class=\"wpcf7-form-control-wrap\" data-name=\"text-full-name\"><input size=\"40\" class=\"wpcf7-form-control wpcf7-text wpcf7-validates-as-required\" aria-required=\"true\" aria-invalid=\"false\" placeholder=\"Name\" value=\"\" type=\"text\" name=\"text-full-name\" \/><\/span><\/label> \n<\/div> \n<div class=\"row\"> \n <label><span class=\"label-text\">Phone*<\/span> \n<span class=\"wpcf7-form-control-wrap\" data-name=\"phonetext-270\"><input size=\"40\" class=\"wpcf7-form-control wpcf7-phonetext wpcf7-validates-as-required wpcf7-text wpcf7-validates-as-phonetext\" aria-required=\"true\" aria-invalid=\"false\" placeholder=\"Phone*\" value=\"\" type=\"text\" name=\"phonetext-270\" \/><input type=\"hidden\" name=\"phonetext-270-country-code\" class=\"wpcf7-phonetext-country-code\" \/><\/span><\/label> \n<\/div> \n<div class=\"row\"> \n <label><span class=\"label-text\">E-mail<\/span> \n  <span class=\"wpcf7-form-control-wrap\" data-name=\"email-e-mail\"><input size=\"40\" class=\"wpcf7-form-control wpcf7-email wpcf7-validates-as-required wpcf7-text wpcf7-validates-as-email\" aria-required=\"true\" aria-invalid=\"false\" placeholder=\"E-mail\" value=\"\" type=\"email\" name=\"email-e-mail\" \/><\/span><\/label> \n<\/div> \n<div class=\"row\"><span>Your country<\/span> \n <label><span class=\"wpcf7-form-control-wrap\" data-name=\"countrytext-126\"><input size=\"40\" class=\"wpcf7-form-control wpcf7-countrytext wpcf7-text wpcf7-validates-as-countrytext\" aria-invalid=\"false\" value=\"\" type=\"text\" name=\"countrytext-126\" \/><\/span> <\/label>\n<\/div> \n<div class=\"row\"> \n <button type=\"submit\" class=\"btn\">Send<\/button> \n<\/div> \n<div class=\"row\"> \n <span class=\"wpcf7-form-control-wrap\" data-name=\"checkbox-931\"><span class=\"wpcf7-form-control wpcf7-checkbox\"><span class=\"wpcf7-list-item first\"><label><input type=\"checkbox\" name=\"checkbox-931[]\" value=\"Integrator\" \/><span class=\"wpcf7-list-item-label\">Integrator<\/span><\/label><\/span><span class=\"wpcf7-list-item\"><label><input type=\"checkbox\" name=\"checkbox-931[]\" value=\"Builder\" \/><span class=\"wpcf7-list-item-label\">Builder<\/span><\/label><\/span><span class=\"wpcf7-list-item last\"><label><input type=\"checkbox\" name=\"checkbox-931[]\" value=\"End-User\" \/><span class=\"wpcf7-list-item-label\">End-User<\/span><\/label><\/span><\/span><\/span> \n<\/div> \n<div class=\"row row-upload-file\"> \n <label class=\"upload-file-block js-upload-file\">Attach file \n  <span class=\"wpcf7-form-control-wrap\" data-name=\"file-466\"><input size=\"40\" class=\"wpcf7-form-control wpcf7-file\" accept=\"audio\/*,video\/*,image\/*\" aria-invalid=\"false\" type=\"file\" name=\"file-466\" \/><\/span><\/label> \n<\/div><input type='hidden' class='wpcf7-pum' value='{\"closepopup\":false,\"closedelay\":0,\"openpopup\":false,\"openpopup_id\":0}' \/><div class=\"wpcf7-response-output\" aria-hidden=\"true\"><\/div>\n<\/form>\n<\/div>\n            <\/div>\r\n\r\n\t\t    <div class=\"text-holder\" data-aos=\"fade-left\">\r\n\t\t\t\t\t\t    <h3 class=\"title-block\">How Can We Help?<\/h3>\r\n\t\t\t\r\n\t\t\t                <div class=\"text-block\">\r\n                    Please select a topic below related to your inquiry. If you don&#8217;t find what you need, fill out our contact form.                <\/div>\r\n\t\t\t\r\n\t\t\t\t\t\t    <ul class=\"link-list\">\r\n\t\t\t\t\t\t\t\t\t\t\t\t\t\t\t\t\t\t<li>\r\n\t\t\t\t\t\t\t\t\t\t\t\t\t\t\t\t    <strong>Get Inspired<\/strong>\r\n\t\t\t\t\t\t\t\t\t\t\t\t\t\t\t\t\t\t\t\t\t\t\t\t    <a href=\"\/features\/\">\r\n\t\t\t\t\t\t\t\t        Discover what&#8217;s beneath our intercom\t\t\t\t\t\t\t\t    <\/a>\r\n\t\t\t\t\t\t\t\t\t\t\t\t\t\t\t<\/li>\r\n\t\t\t\t\t\t\t\t\t\t\t\t\t\t\t\t\t\t\t\t\t\t\t\t<li>\r\n\t\t\t\t\t\t\t\t\t\t\t\t\t\t\t\t    <strong>Become a Partner<\/strong>\r\n\t\t\t\t\t\t\t\t\t\t\t\t\t\t\t\t\t\t\t\t\t\t\t\t    <a href=\"\/distributors\/\">\r\n\t\t\t\t\t\t\t\t        Expand your business with BAS-IP intercom\t\t\t\t\t\t\t\t    <\/a>\r\n\t\t\t\t\t\t\t\t\t\t\t\t\t\t\t<\/li>\r\n\t\t\t\t\t\t\t\t\t\t\t\t\t\t\t\t\t\t\t\t\t\t\t\t<li>\r\n\t\t\t\t\t\t\t\t\t\t\t\t\t\t\t\t    <strong>Check the Guides<\/strong>\r\n\t\t\t\t\t\t\t\t\t\t\t\t\t\t\t\t\t\t\t\t\t\t\t\t    <a href=\"\/support\/\">\r\n\t\t\t\t\t\t\t\t        Download detailed manuals and schemes\t\t\t\t\t\t\t\t    <\/a>\r\n\t\t\t\t\t\t\t\t\t\t\t\t\t\t\t<\/li>\r\n\t\t\t\t\t\t\t\t\t\t\t\t\t\t\t<\/ul>\r\n\t\t\t\r\n\t\t\t\t\t\t    <h3 class=\"title-block\">Our contacts<\/h3>\r\n\t\t\t\r\n\t\t\t\t\t\t\t<ul class=\"contact-list\">\r\n\t\t\t\t\t\t\t\t\t\t\t\t\t\t\t\t\t\t<li>\r\n\t\t\t\t\t\t\t\t\t\t\t\t\t\t\t\t\t<strong>Sales:<\/strong>\r\n\t\t\t\t\t\t\t\t\t\t\t\t\t\t\t\t\t\t\t\t\t\t\t\t    <a href=\"mailto:s&#97;&#108;&#101;s&#64;b&#97;s&#45;ip.&#99;om\">&#115;&#97;les&#64;ba&#115;&#45;i&#112;&#46;&#99;o&#109;<\/a>\r\n\t\t\t\t\t\t\t\t\t\t\t\t\t\t\t<\/li>\r\n\t\t\t\t\t\t\t\t\t\t\t\t\t\t\t\t\t\t\t\t\t\t\t\t<li>\r\n\t\t\t\t\t\t\t\t\t\t\t\t\t\t\t\t\t<strong>Technical support:<\/strong>\r\n\t\t\t\t\t\t\t\t\t\t\t\t\t\t\t\t\t\t\t\t\t\t\t\t    <a href=\"mailto:&#115;up&#112;o&#114;&#116;&#64;ba&#115;&#45;ip.&#99;&#111;&#109;\">&#115;&#117;p&#112;o&#114;&#116;&#64;&#98;as&#45;ip&#46;com<\/a>\r\n\t\t\t\t\t\t\t\t\t\t\t\t\t\t\t<\/li>\r\n\t\t\t\t\t\t\t\t\t\t\t\t\t\t\t<\/ul>\r\n\t\t\t\t\t<\/div>\r\n\t<\/section>\r\n\r\n\r\n\r\n<!-- END Block Sign Up -->","protected":false},"excerpt":{"rendered":"<p>Intercom se mut\u0103 pe Link: Ce \u00eenseamn\u0103 asta pentru tine? \u00cencep\u00e2nd cu 4 martie 2025, aplica\u021bia Intercom pentru Android nu va mai fi disponibil\u0103 \u00een Magazinul Google Play. Cu toate acestea, versiunea web \u0219i aplica\u021bia iOS vor continua s\u0103 func\u021bioneze f\u0103r\u0103 modific\u0103ri, iar serverele Intercom vor r\u0103m\u00e2ne active pentru a asigura stabilitatea \u0219i accesul la [&hellip;]<\/p>","protected":false},"author":1,"featured_media":0,"parent":0,"menu_order":0,"comment_status":"closed","ping_status":"closed","template":"","meta":{"inline_featured_image":false,"footnotes":""},"class_list":["post-131239","page","type-page","status-publish","hentry"],"acf":[],"_links":{"self":[{"href":"https:\/\/bas-ip.com\/ro\/wp-json\/wp\/v2\/pages\/131239","targetHints":{"allow":["GET"]}}],"collection":[{"href":"https:\/\/bas-ip.com\/ro\/wp-json\/wp\/v2\/pages"}],"about":[{"href":"https:\/\/bas-ip.com\/ro\/wp-json\/wp\/v2\/types\/page"}],"author":[{"embeddable":true,"href":"https:\/\/bas-ip.com\/ro\/wp-json\/wp\/v2\/users\/1"}],"replies":[{"embeddable":true,"href":"https:\/\/bas-ip.com\/ro\/wp-json\/wp\/v2\/comments?post=131239"}],"version-history":[{"count":3,"href":"https:\/\/bas-ip.com\/ro\/wp-json\/wp\/v2\/pages\/131239\/revisions"}],"predecessor-version":[{"id":131539,"href":"https:\/\/bas-ip.com\/ro\/wp-json\/wp\/v2\/pages\/131239\/revisions\/131539"}],"wp:attachment":[{"href":"https:\/\/bas-ip.com\/ro\/wp-json\/wp\/v2\/media?parent=131239"}],"curies":[{"name":"wp","href":"https:\/\/api.w.org\/{rel}","templated":true}]}}