{"id":123087,"date":"2023-03-31T12:50:05","date_gmt":"2023-03-31T12:50:05","guid":{"rendered":"https:\/\/bas-ip.com\/?page_id=123087"},"modified":"2025-03-14T10:09:09","modified_gmt":"2025-03-14T10:09:09","slug":"ascensor-lift","status":"publish","type":"page","link":"https:\/\/bas-ip.com\/ro\/lift\/","title":{"rendered":"Lift"},"content":{"rendered":"<h1 class=\"wp-block-heading\"><strong>Interfon pentru lifturi bazat pe tehnologia IP<\/strong><\/h1>\n\n\n\n<p>\u00centr-o lume mereu conectat\u0103, comunicarea a devenit primordial\u0103. Acest lucru este valabil \u00een special \u00een mediile \u00een care siguran\u021ba \u0219i accesibilitatea sunt cruciale, cum ar fi ascensoarele. Sistemul de interfon pentru lifturi joac\u0103 un rol vital \u00een asigurarea bun\u0103st\u0103rii pasagerilor \u0219i este v\u0103zut din ce \u00een ce mai mult ca o caracteristic\u0103 obligatorie. Haide\u021bi s\u0103 analiz\u0103m beneficiile utiliz\u0103rii sistemelor de interfon pentru lifturi bazate pe IP BAS-IP \u0219i modul \u00een care acestea revolu\u021bioneaz\u0103 experien\u021ba ascensorului.<\/p>\n\n\n<!-- START Block Features --><section id=\"block_6437d003aff43\" class=\"features-section\">\r\n\t\r\n    <div class=\"features-list\">\r\n                    <div class=\"features-item\" data-aos=\"fade-up\">\r\n    <div class=\"features-box\">\r\n                    <div class=\"image-holder\">\r\n                <img loading=\"lazy\" decoding=\"async\" width=\"350\" height=\"320\" src=\"https:\/\/bas-ip.com\/wp-content\/uploads\/2023\/04\/1-6-350x320.jpg\" class=\"attachment-thumbnail_350x320 size-thumbnail_350x320\" alt=\"\" \/>            <\/div>\r\n        \r\n        <div class=\"text-holder\">\r\n                        <h3 class=\"title-block\">Nevoia de interfoane \u00een ascensoare<\/h3>\r\n          \r\n                        <div class=\"text-block\">\r\n                <p>Interfoanele pentru lifturi servesc ca o linie de salvare pentru pasageri \u00een caz de urgen\u021b\u0103 sau probleme tehnice. Acestea ofer\u0103 un canal de comunicare direct\u0103 cu conducerea cl\u0103dirii sau cu serviciile de urgen\u021b\u0103, asigur\u00e2nd asisten\u021b\u0103 rapid\u0103 \u00een caz de nevoie. Astfel, existen\u021ba unui sistem de interfon fiabil \u0219i eficient \u00een ascensoare este esen\u021bial\u0103 pentru men\u021binerea standardelor de siguran\u021b\u0103 \u0219i lini\u0219tirea pasagerilor.<\/p>\n              <\/div>\r\n                  <\/div>\r\n    <\/div>\r\n<\/div>\r\n                    <div class=\"features-item\" data-aos=\"fade-up\">\r\n    <div class=\"features-box\">\r\n                    <div class=\"image-holder\">\r\n                <img loading=\"lazy\" decoding=\"async\" width=\"350\" height=\"320\" src=\"https:\/\/bas-ip.com\/wp-content\/uploads\/2023\/04\/2-6-350x320.jpg\" class=\"attachment-thumbnail_350x320 size-thumbnail_350x320\" alt=\"\" \/>            <\/div>\r\n        \r\n        <div class=\"text-holder\">\r\n                        <h3 class=\"title-block\">Interfoane bazate pe IP: Un pas peste sistemele tradi\u021bionale<\/h3>\r\n          \r\n                        <div class=\"text-block\">\r\n                <p>Sistemele de interfon analogice tradi\u021bionale au fost standardul timp de mul\u021bi ani. Cu toate acestea, apari\u021bia solu\u021biilor bazate pe IP, care utilizeaz\u0103 protocolul internet (IP) \u0219i protocolul de ini\u021biere a sesiunii (SIP), a adus o schimbare de paradigm\u0103 \u00een modul \u00een care comunic\u0103m \u00een lifturi.<\/p>\n              <\/div>\r\n                  <\/div>\r\n    <\/div>\r\n<\/div>\r\n                    <div class=\"features-item\" data-aos=\"fade-up\">\r\n    <div class=\"features-box\">\r\n                    <div class=\"image-holder\">\r\n                <img loading=\"lazy\" decoding=\"async\" width=\"350\" height=\"320\" src=\"https:\/\/bas-ip.com\/wp-content\/uploads\/2023\/04\/3-6-350x320.jpg\" class=\"attachment-thumbnail_350x320 size-thumbnail_350x320\" alt=\"\" \/>            <\/div>\r\n        \r\n        <div class=\"text-holder\">\r\n                        <h3 class=\"title-block\">Parteneriat cu produc\u0103torii globali de ascensoare<\/h3>\r\n          \r\n                        <div class=\"text-block\">\r\n                <p>BAS-IP a stabilit parteneriate cu produc\u0103tori de lifturi de top, cum ar fi Kone, pentru a oferi o integrare perfect\u0103 cu produsele lor. Aceast\u0103 colaborare permite controlul complet al lifturilor Kone de la interfoanele BAS-IP instalate \u00een apartamente, cre\u00e2nd o experien\u021b\u0103 de utilizare coerent\u0103 \u0219i ra\u021bionalizat\u0103.<\/p>\n              <\/div>\r\n                  <\/div>\r\n    <\/div>\r\n<\/div>\r\n            <\/div>\r\n<\/section>\r\n<!-- END Block Features -->\n\n\n<h2 class=\"wp-block-heading\"><strong>Avantajele interfoanelor de lift BAS-IP<\/strong><\/h2>\n\n\n\n<p>\u00cen compara\u021bie cu sistemele analogice tradi\u021bionale, interfoanele pentru lifturi bazate pe IP, precum solu\u021bia BAS-IP, ofer\u0103 mai multe avantaje:<\/p>\n\n\n<!-- START Block Features --><section id=\"block_6437d09daff47\" class=\"features-section\">\r\n\t\r\n    <div class=\"features-list\">\r\n                    <div class=\"features-item\" data-aos=\"fade-up\">\r\n    <div class=\"features-box\">\r\n                    <div class=\"image-holder\">\r\n                <img loading=\"lazy\" decoding=\"async\" width=\"350\" height=\"320\" src=\"https:\/\/bas-ip.com\/wp-content\/uploads\/2023\/04\/4-6-350x320.jpg\" class=\"attachment-thumbnail_350x320 size-thumbnail_350x320\" alt=\"\" \/>            <\/div>\r\n        \r\n        <div class=\"text-holder\">\r\n                        <h3 class=\"title-block\">Calitate audio \u0219i video \u00eembun\u0103t\u0103\u021bit\u0103<\/h3>\r\n          \r\n                        <div class=\"text-block\">\r\n                <p>Interfoanele BAS-IP sunt dotate cu camere \u00eencorporate, asigur\u00e2nd c\u0103 personalul de administrare \u0219i securitate al cl\u0103dirii poate monitoriza activitatea liftului \u00een timp real. Aceast\u0103 caracteristic\u0103 nu numai c\u0103 spore\u0219te securitatea general\u0103 a cl\u0103dirii, dar serve\u0219te \u0219i ca factor de descurajare pentru poten\u021bialii infractori.<\/p>\n              <\/div>\r\n                  <\/div>\r\n    <\/div>\r\n<\/div>\r\n                    <div class=\"features-item\" data-aos=\"fade-up\">\r\n    <div class=\"features-box\">\r\n                    <div class=\"image-holder\">\r\n                <img loading=\"lazy\" decoding=\"async\" width=\"350\" height=\"320\" src=\"https:\/\/bas-ip.com\/wp-content\/uploads\/2023\/04\/5-6-350x320.jpg\" class=\"attachment-thumbnail_350x320 size-thumbnail_350x320\" alt=\"\" \/>            <\/div>\r\n        \r\n        <div class=\"text-holder\">\r\n                        <h3 class=\"title-block\">Dispozitive nelimitate \u0219i suport pentru terminale Concierge<\/h3>\r\n          \r\n                        <div class=\"text-block\">\r\n                <p>Solu\u021bia BAS-IP accept\u0103 un num\u0103r nelimitat de dispozitive \u00een cadrul unei re\u021bele, inclusiv integrarea unui terminal de concierge. Aceast\u0103 scalabilitate asigur\u0103 faptul c\u0103 sistemul poate cre\u0219te odat\u0103 cu cl\u0103direa, adapt\u00e2ndu-se oric\u0103ror modific\u0103ri ale cerin\u021belor f\u0103r\u0103 a compromite performan\u021ba sau fiabilitatea.<\/p>\n              <\/div>\r\n                  <\/div>\r\n    <\/div>\r\n<\/div>\r\n                    <div class=\"features-item\" data-aos=\"fade-up\">\r\n    <div class=\"features-box\">\r\n                    <div class=\"image-holder\">\r\n                <img loading=\"lazy\" decoding=\"async\" width=\"350\" height=\"320\" src=\"https:\/\/bas-ip.com\/wp-content\/uploads\/2023\/04\/6-5-350x320.jpg\" class=\"attachment-thumbnail_350x320 size-thumbnail_350x320\" alt=\"\" \/>            <\/div>\r\n        \r\n        <div class=\"text-holder\">\r\n                        <h3 class=\"title-block\">Instalare \u0219i \u00eentre\u021binere mai u\u0219oar\u0103<\/h3>\r\n          \r\n                        <div class=\"text-block\">\r\n                <p>Interfoanele IP pentru lifturi utilizeaz\u0103 infrastructura de re\u021bea existent\u0103, ceea ce le face mai simple \u0219i mai rentabile pentru instalare \u0219i \u00eentre\u021binere.<\/p>\n<p>\u00cen lumea din ce \u00een ce mai conectat\u0103 de ast\u0103zi, nevoia de comunicare eficient\u0103 \u0219i fiabil\u0103 \u00een lifturi nu poate fi supraestimat\u0103. Sistemele de interfon pentru lifturi bazate pe IP, cum ar fi solu\u021bia BAS-IP, au ap\u0103rut ca standardul de aur \u00een acest domeniu, oferind numeroase avantaje fa\u021b\u0103 de sistemele analogice tradi\u021bionale. De la o calitate audio \u0219i video \u00eembun\u0103t\u0103\u021bit\u0103 la integrarea perfect\u0103 cu alte sisteme de gestionare a cl\u0103dirilor, interfoanele IP transform\u0103 \u00een bine experien\u021ba ascensorului. Ca rezultat, proprietarii, administratorii \u0219i ocupan\u021bii cl\u0103dirilor se pot bucura de mai mult\u0103 siguran\u021b\u0103, confort \u0219i lini\u0219te.<\/p>\n              <\/div>\r\n                  <\/div>\r\n    <\/div>\r\n<\/div>\r\n            <\/div>\r\n<\/section>\r\n<!-- END Block Features -->\n\n<!-- START Block FAQ --><section id=\"block_6426d69cbc4a0\" class=\"faq-section\">\r\n\t\t    <h2 class=\"title-section\" data-aos=\"fade-right\">\u00centreb\u0103ri frecvente<\/h2>\r\n\t\t\t    <div class=\"faq-list js-accordion\" data-aos=\"fade-up\">\r\n\t\t\t\t\t\t\t\t\t\t\t    <div class=\"accordion-item faq-item\">\r\n                        <div class=\"accordion-opener\">\r\n                            Q: De ce sunt considerate obligatorii interfoanele pentru lift?                            <i class=\"fa-solid fa-chevron-down\"><\/i>\r\n                        <\/div>\r\n                        <div class=\"accordion-slide\">\r\n\t\t\t\t\t\t    <p>Interfoanele pentru lifturi sunt considerate obligatorii deoarece ofer\u0103 un canal de comunicare direct\u0103 \u00eentre pasageri \u0219i conducerea cl\u0103dirii sau serviciile de urgen\u021b\u0103, asigur\u00e2nd asisten\u021b\u0103 \u00een timp util \u00een caz de urgen\u021be sau probleme tehnice.<\/p>\n                        <\/div>\r\n\t\t\t\t\t<\/div>\r\n\t\t\t\t\t\t\t\t\t\t\t\t\t\t\t    <div class=\"accordion-item faq-item\">\r\n                        <div class=\"accordion-opener\">\r\n                            Q: Ce face ca interfoanele de lift bazate pe IP s\u0103 fie mai bune dec\u00e2t sistemele analogice tradi\u021bionale?                            <i class=\"fa-solid fa-chevron-down\"><\/i>\r\n                        <\/div>\r\n                        <div class=\"accordion-slide\">\r\n\t\t\t\t\t\t    <p>Interfoanele pentru lifturi bazate pe IP, cum ar fi solu\u021bia BAS-IP, ofer\u0103 mai multe avantaje fa\u021b\u0103 de sistemele analogice tradi\u021bionale, inclusiv o calitate audio \u0219i video \u00eembun\u0103t\u0103\u021bit\u0103, scalabilitate, instalare \u0219i \u00eentre\u021binere mai u\u0219oar\u0103, func\u021bii de camer\u0103 \u00eencorporate \u0219i integrare perfect\u0103 cu alte sisteme bazate pe IP.<\/p>\n                        <\/div>\r\n\t\t\t\t\t<\/div>\r\n\t\t\t\t\t\t\t\t\t\t\t\t\t\t\t    <div class=\"accordion-item faq-item\">\r\n                        <div class=\"accordion-opener\">\r\n                            Q: Cum func\u021bia de camer\u0103 \u00eencorporat\u0103 \u00een interfoanele IP \u00eembun\u0103t\u0103\u021be\u0219te siguran\u021ba liftului?                            <i class=\"fa-solid fa-chevron-down\"><\/i>\r\n                        <\/div>\r\n                        <div class=\"accordion-slide\">\r\n\t\t\t\t\t\t    <p>Func\u021bia de camer\u0103 \u00eencorporat\u0103 \u00een interfoanele IP permite personalului de administrare a cl\u0103dirii \u0219i de securitate s\u0103 monitorizeze activitatea liftului \u00een timp real. Acest nivel suplimentar de securitate poate ac\u021biona ca un factor de descurajare pentru poten\u021bialii infractori \u0219i ofer\u0103 dovezi vizuale \u00een cazul oric\u0103ror incidente.<\/p>\n                        <\/div>\r\n\t\t\t\t\t<\/div>\r\n\t\t\t\t\t\t\t\t\t\t\t\t\t\t\t    <div class=\"accordion-item faq-item\">\r\n                        <div class=\"accordion-opener\">\r\n                            Q: Interfoanele de lift bazate pe IP pot func\u021biona cu alte sisteme de management al cl\u0103dirii?                            <i class=\"fa-solid fa-chevron-down\"><\/i>\r\n                        <\/div>\r\n                        <div class=\"accordion-slide\">\r\n\t\t\t\t\t\t    <p>Da, interfoanele IP pentru lifturi sunt concepute pentru a se integra perfect cu alte sisteme IP de gestionare a cl\u0103dirilor. Acest lucru faciliteaz\u0103 un ecosistem de gestionare a cl\u0103dirilor mai conectat \u0219i mai eficient, sporind securitatea \u0219i confortul general.<\/p>\n                        <\/div>\r\n\t\t\t\t\t<\/div>\r\n\t\t\t\t\t\t\t\t\t\t\t\t\t\t\t    <div class=\"accordion-item faq-item\">\r\n                        <div class=\"accordion-opener\">\r\n                            Q: Cum beneficiaz\u0103 utilizatorii parteneriatul dintre BAS-IP \u0219i produc\u0103torii de lifturi precum Kone?                            <i class=\"fa-solid fa-chevron-down\"><\/i>\r\n                        <\/div>\r\n                        <div class=\"accordion-slide\">\r\n\t\t\t\t\t\t    <p>Parteneriatul dintre BAS-IP \u0219i produc\u0103torii de lifturi precum Kone permite integrarea perfect\u0103 a produselor lor respective. Aceast\u0103 colaborare permite controlul complet al lifturilor Kone de la interfoanele BAS-IP instalate \u00een apartamente, oferind o experien\u021b\u0103 de utilizare coerent\u0103 \u0219i ra\u021bionalizat\u0103.<\/p>\n                        <\/div>\r\n\t\t\t\t\t<\/div>\r\n\t\t\t\t\t\t\t\t\t<\/div>\r\n\t<\/section>\r\n<!-- END Block FAQ -->","protected":false},"excerpt":{"rendered":"<p>Interfon pentru lifturi bazat pe tehnologia IP \u00centr-o lume mereu conectat\u0103, comunicarea a devenit primordial\u0103. Acest lucru este valabil \u00een special \u00een mediile \u00een care siguran\u021ba \u0219i accesibilitatea sunt cruciale, cum ar fi ascensoarele. Sistemul de interfon pentru lifturi joac\u0103 un rol vital \u00een asigurarea bun\u0103st\u0103rii pasagerilor \u0219i este v\u0103zut din ce \u00een ce mai [&hellip;]<\/p>","protected":false},"author":3,"featured_media":0,"parent":0,"menu_order":0,"comment_status":"closed","ping_status":"closed","template":"","meta":{"inline_featured_image":false,"footnotes":""},"class_list":["post-123087","page","type-page","status-publish","hentry"],"acf":[],"_links":{"self":[{"href":"https:\/\/bas-ip.com\/ro\/wp-json\/wp\/v2\/pages\/123087","targetHints":{"allow":["GET"]}}],"collection":[{"href":"https:\/\/bas-ip.com\/ro\/wp-json\/wp\/v2\/pages"}],"about":[{"href":"https:\/\/bas-ip.com\/ro\/wp-json\/wp\/v2\/types\/page"}],"author":[{"embeddable":true,"href":"https:\/\/bas-ip.com\/ro\/wp-json\/wp\/v2\/users\/3"}],"replies":[{"embeddable":true,"href":"https:\/\/bas-ip.com\/ro\/wp-json\/wp\/v2\/comments?post=123087"}],"version-history":[{"count":3,"href":"https:\/\/bas-ip.com\/ro\/wp-json\/wp\/v2\/pages\/123087\/revisions"}],"predecessor-version":[{"id":133685,"href":"https:\/\/bas-ip.com\/ro\/wp-json\/wp\/v2\/pages\/123087\/revisions\/133685"}],"wp:attachment":[{"href":"https:\/\/bas-ip.com\/ro\/wp-json\/wp\/v2\/media?parent=123087"}],"curies":[{"name":"wp","href":"https:\/\/api.w.org\/{rel}","templated":true}]}}