{"id":122479,"date":"2024-05-15T14:21:12","date_gmt":"2024-05-15T14:21:12","guid":{"rendered":"https:\/\/bas-ip.com\/?page_id=122479"},"modified":"2024-11-05T14:44:24","modified_gmt":"2024-11-05T14:44:24","slug":"politica-de-asistenta-pentru-firmware","status":"publish","type":"page","link":"https:\/\/bas-ip.com\/ro\/politica-de-asistenta-pentru-firmware\/","title":{"rendered":"Politica de asisten\u021b\u0103 pentru firmware"},"content":{"rendered":"<p><strong>\u00centre\u021binerea firmware-ului<\/strong><\/p>\n\n\n\n<p id=\"block-9023a175-eb20-4106-a829-3c94756201cb\">BAS-IP poate, la propria discre\u021bie, s\u0103 ofere asisten\u021b\u0103 de baz\u0103 pentru firmware \u00een timpul perioadei de garan\u021bie aplicabile pentru hardware. \u00cen timpul perioadei de garan\u021bie, BAS-IP poate lansa versiuni de \u00eentre\u021binere sau remedieri de erori pentru hardware.<\/p>\n\n\n\n<p id=\"block-39b1aceb-70f0-4fb8-94d3-ddd331036f5d\">La expirarea perioadei de garan\u021bie, BAS-IP nu va mai dezvolta, \u00eentre\u021bine sau testa firmware-ul \u00een cauz\u0103. Cu toate acestea, BAS-IP poate, la alegerea sa exclusiv\u0103 \u0219i pentru fiecare produs \u00een parte, s\u0103 ofere asisten\u021b\u0103 dup\u0103 expirarea perioadei de garan\u021bie. Toate firmware-urile BAS-IP, inclusiv, dar f\u0103r\u0103 a se limita la firmware-urile livrate preinstalate pe hardware-ul BAS-IP \u0219i \u00een cazul \u00een care hardware-ul face obiectul serviciului RMA, sunt livrate &#8222;ca atare&#8221;.<\/p>\n\n\n\n<p>Firmware-ul BAS-IP nu este acoperit de garan\u021bia BAS-IP.<\/p>\n\n\n\n<p><\/p>\n\n\n\n<p><\/p>","protected":false},"excerpt":{"rendered":"<p>\u00centre\u021binerea firmware-ului BAS-IP poate, la propria discre\u021bie, s\u0103 ofere asisten\u021b\u0103 de baz\u0103 pentru firmware \u00een timpul perioadei de garan\u021bie aplicabile pentru hardware. \u00cen timpul perioadei de garan\u021bie, BAS-IP poate lansa versiuni de \u00eentre\u021binere sau remedieri de erori pentru hardware. La expirarea perioadei de garan\u021bie, BAS-IP nu va mai dezvolta, \u00eentre\u021bine sau testa firmware-ul \u00een cauz\u0103. [&hellip;]<\/p>","protected":false},"author":3,"featured_media":0,"parent":0,"menu_order":0,"comment_status":"closed","ping_status":"closed","template":"","meta":{"inline_featured_image":false,"footnotes":""},"class_list":["post-122479","page","type-page","status-publish","hentry"],"acf":[],"_links":{"self":[{"href":"https:\/\/bas-ip.com\/ro\/wp-json\/wp\/v2\/pages\/122479","targetHints":{"allow":["GET"]}}],"collection":[{"href":"https:\/\/bas-ip.com\/ro\/wp-json\/wp\/v2\/pages"}],"about":[{"href":"https:\/\/bas-ip.com\/ro\/wp-json\/wp\/v2\/types\/page"}],"author":[{"embeddable":true,"href":"https:\/\/bas-ip.com\/ro\/wp-json\/wp\/v2\/users\/3"}],"replies":[{"embeddable":true,"href":"https:\/\/bas-ip.com\/ro\/wp-json\/wp\/v2\/comments?post=122479"}],"version-history":[{"count":1,"href":"https:\/\/bas-ip.com\/ro\/wp-json\/wp\/v2\/pages\/122479\/revisions"}],"predecessor-version":[{"id":122480,"href":"https:\/\/bas-ip.com\/ro\/wp-json\/wp\/v2\/pages\/122479\/revisions\/122480"}],"wp:attachment":[{"href":"https:\/\/bas-ip.com\/ro\/wp-json\/wp\/v2\/media?parent=122479"}],"curies":[{"name":"wp","href":"https:\/\/api.w.org\/{rel}","templated":true}]}}