{"id":121711,"date":"2024-02-14T09:43:47","date_gmt":"2024-02-14T09:43:47","guid":{"rendered":"https:\/\/bas-ip.com\/?page_id=121711"},"modified":"2024-11-04T17:55:30","modified_gmt":"2024-11-04T17:55:30","slug":"axis","status":"publish","type":"page","link":"https:\/\/bas-ip.com\/ro\/axis\/","title":{"rendered":"Axis"},"content":{"rendered":"<div class=\"wp-block-image\">\n<figure class=\"aligncenter size-medium\"><img loading=\"lazy\" decoding=\"async\" width=\"300\" height=\"108\" src=\"https:\/\/bas-ip.com\/wp-content\/uploads\/2024\/02\/Axis_Communications_logo.svg-300x108.png\" alt=\"\" class=\"wp-image-108863\" srcset=\"https:\/\/bas-ip.com\/wp-content\/uploads\/2024\/02\/Axis_Communications_logo.svg-300x108.png 300w,  https:\/\/bas-ip.com\/wp-content\/uploads\/2024\/02\/Axis_Communications_logo.svg-1024x369.png 1024w,  https:\/\/bas-ip.com\/wp-content\/uploads\/2024\/02\/Axis_Communications_logo.svg-768x277.png 768w,  https:\/\/bas-ip.com\/wp-content\/uploads\/2024\/02\/Axis_Communications_logo.svg-767x276.png 767w,  https:\/\/bas-ip.com\/wp-content\/uploads\/2024\/02\/Axis_Communications_logo.svg.png 1280w\" sizes=\"auto, (max-width: 300px) 100vw, 300px\" \/><\/figure>\n<\/div>\n\n\n<p>Integrarea interfoanelor BAS-IP cu camerele AXIS CCTV, \u00een special pentru func\u021bia de recunoa\u0219tere automat\u0103 a pl\u0103cu\u021belor de \u00eenmatriculare (ALPR), implic\u0103 o configurare simpl\u0103, dar eficient\u0103. Aceast\u0103 integrare permite func\u021bionarea f\u0103r\u0103 \u00eentreruperi \u0219i eficien\u021ba costurilor prin eliminarea necesit\u0103\u021bii unui software ALPR profesional. Iat\u0103 o descriere detaliat\u0103 a modului \u00een care func\u021bioneaz\u0103 aceast\u0103 integrare:<\/p>\n\n\n\n<p><strong>Prezentare general\u0103 a integr\u0103rii<\/strong><\/p>\n\n\n\n<p>Obiectiv: Automatizarea deschiderii por\u021bii prin recunoa\u0219terea pl\u0103cu\u021belor de \u00eenmatriculare utiliz\u00e2nd interfoanele BAS-IP \u0219i camerele AXIS CCTV cu func\u021bie ALPR.<\/p>\n\n\n\n<p><strong>Componente:<\/strong><\/p>\n\n\n\n<p><strong>1.<\/strong> Panou de interfon BAS-IP: Un sistem de interfon sofisticat capabil s\u0103 se integreze cu camere IP.<\/p>\n\n\n\n<p id=\"block-4e35a94b-0a7e-465b-889b-0f044b346788\"><strong>2. <\/strong>Camer\u0103 AXIS cu func\u021bionalitate ALPR: Modele specifice precum AXIS P1455-LE-3, AXIS P3245-LVE-3 sau AXIS Q1700-LE sunt potrivite pentru aceast\u0103 integrare.<\/p>\n\n\n\n<p><strong>3.<\/strong> Baza de date a pl\u0103cu\u021belor de \u00eenmatriculare: Stocat fie \u00een memoria panoului exterior al interfonului BAS-IP, fie \u00een software-ul BAS-IP Link.<\/p>\n\n\n\n<p><strong>Cum func\u021bioneaz\u0103<\/strong><\/p>\n\n\n\n<p><strong>1.<\/strong> Instalare \u0219i configurare: Utilizatorul achizi\u021bioneaz\u0103 un panou de interfon BAS-IP \u0219i o camer\u0103 AXIS echipat\u0103 cu tehnologia ALPR.<\/p>\n\n\n\n<p id=\"block-f1efa43c-b0b8-4fa7-b9e8-362b12539ce5\"><strong>2.<\/strong> Configurarea re\u021belei: Camera AXIS \u0219i panoul de intrare BAS-IP trebuie s\u0103 fie \u00een aceea\u0219i subre\u021bea pentru a comunica eficient.<\/p>\n\n\n\n<p id=\"block-11754f1f-6ebd-4ca7-b9e8-42779bc8d1e7\"><strong>3.<\/strong> \u00cenregistrarea pl\u0103cu\u021belor de \u00eenmatriculare: Pl\u0103cu\u021bele de \u00eenmatriculare ale vehiculelor sunt \u00eenregistrate \u0219i stocate. Acest lucru se poate face prin interfa\u021ba web a interfonului sau prin software-ul BAS-IP Link.<\/p>\n\n\n\n<p id=\"block-daa85c2a-f934-49ed-819b-a3e78278c360\"><strong>4.<\/strong> Scanarea pl\u0103cu\u021belor de \u00eenmatriculare: Atunci c\u00e2nd un vehicul se apropie de poart\u0103, camera AXIS scaneaz\u0103 pl\u0103cu\u021ba de \u00eenmatriculare.<\/p>\n\n\n\n<p><strong>5.<\/strong> Recunoa\u0219tere \u0219i ac\u021biune: Dac\u0103 pl\u0103cu\u021ba scanat\u0103 corespunde cu una din baza de date stocat\u0103, panoul de interfon BAS-IP declan\u0219eaz\u0103 deschiderea automat\u0103 a por\u021bii.<\/p>\n\n\n\n<p><strong>Beneficii<\/strong><\/p>\n\n\n\n<p>Rentabil: Elimin\u0103 nevoia de software ALPR profesional costisitor.<\/p>\n\n\n\n<p id=\"block-496c254c-81cf-4465-a6a7-9f9cd640c5a1\">U\u0219urin\u021b\u0103 de utilizare: Configurare simpl\u0103 \u0219i gestionare u\u0219oar\u0103 a pl\u0103cu\u021belor de \u00eenmatriculare prin interfa\u021ba web sau software-ul BAS-IP.<\/p>\n\n\n\n<p id=\"block-69e1c9cc-5f97-4ded-bc1b-988372b00aa0\">Securitate sporit\u0103: Func\u021bionarea automat\u0103 a por\u021bii pe baza pl\u0103cu\u021belor de \u00eenmatriculare recunoscute adaug\u0103 un nivel suplimentar de securitate.<\/p>\n\n\n\n<p>Flexibilitate: Potrivit pentru diverse aplica\u021bii, cum ar fi complexe reziden\u021biale, cl\u0103diri de birouri sau comunit\u0103\u021bi \u00eenchise.<\/p>\n\n\n\n<p>Prin combinarea tehnologiei avansate a interfoanelor BAS-IP cu precizia camerelor AXIS echipate cu ALPR, utilizatorii se pot bucura de un nivel ridicat de securitate \u0219i confort f\u0103r\u0103 a fi nevoie de software ALPR suplimentar.<\/p>\n\n\n<!-- START Block Sign Up --><section id=\"block_629678229e935\" class=\"sign-up-section\">\r\n\r\n    <div class=\"form-holder js-form\" data-aos=\"fade-right\">\r\n                    <div class=\"title-block h3\">Sign up for connection<\/div>\r\n        \r\n                    <div class=\"text-block\">\r\n                Filling out all the information needed to answer you as quickly as possible            <\/div>\r\n        \r\n                    \n<div class=\"wpcf7 no-js\" id=\"wpcf7-f102-o1\" lang=\"en-US\" dir=\"ltr\">\n<div class=\"screen-reader-response\"><p role=\"status\" aria-live=\"polite\" aria-atomic=\"true\"><\/p> <ul><\/ul><\/div>\n<form action=\"\/ro\/wp-json\/wp\/v2\/pages\/121711#wpcf7-f102-o1\" method=\"post\" class=\"wpcf7-form init\" aria-label=\"Contact form\" enctype=\"multipart\/form-data\" novalidate=\"novalidate\" data-status=\"init\">\n<div style=\"display: none;\">\n<input type=\"hidden\" name=\"_wpcf7\" value=\"102\" \/>\n<input type=\"hidden\" name=\"_wpcf7_version\" value=\"5.8.3\" \/>\n<input type=\"hidden\" name=\"_wpcf7_locale\" value=\"en_US\" \/>\n<input type=\"hidden\" name=\"_wpcf7_unit_tag\" value=\"wpcf7-f102-o1\" \/>\n<input type=\"hidden\" name=\"_wpcf7_container_post\" value=\"0\" \/>\n<input type=\"hidden\" name=\"_wpcf7_posted_data_hash\" value=\"\" \/>\n<input type=\"hidden\" name=\"_wpcf7_recaptcha_response\" value=\"\" \/>\n<\/div>\n<div class=\"row\"> \n <label><span class=\"label-text\">Name<\/span> \n  <span class=\"wpcf7-form-control-wrap\" data-name=\"text-full-name\"><input size=\"40\" class=\"wpcf7-form-control wpcf7-text wpcf7-validates-as-required\" aria-required=\"true\" aria-invalid=\"false\" placeholder=\"Name\" value=\"\" type=\"text\" name=\"text-full-name\" \/><\/span><\/label> \n<\/div> \n<div class=\"row\"> \n <label><span class=\"label-text\">Phone*<\/span> \n<span class=\"wpcf7-form-control-wrap\" data-name=\"phonetext-270\"><input size=\"40\" class=\"wpcf7-form-control wpcf7-phonetext wpcf7-validates-as-required wpcf7-text wpcf7-validates-as-phonetext\" aria-required=\"true\" aria-invalid=\"false\" placeholder=\"Phone*\" value=\"\" type=\"text\" name=\"phonetext-270\" \/><input type=\"hidden\" name=\"phonetext-270-country-code\" class=\"wpcf7-phonetext-country-code\" \/><\/span><\/label> \n<\/div> \n<div class=\"row\"> \n <label><span class=\"label-text\">E-mail<\/span> \n  <span class=\"wpcf7-form-control-wrap\" data-name=\"email-e-mail\"><input size=\"40\" class=\"wpcf7-form-control wpcf7-email wpcf7-validates-as-required wpcf7-text wpcf7-validates-as-email\" aria-required=\"true\" aria-invalid=\"false\" placeholder=\"E-mail\" value=\"\" type=\"email\" name=\"email-e-mail\" \/><\/span><\/label> \n<\/div> \n<div class=\"row\"><span>Your country<\/span> \n <label><span class=\"wpcf7-form-control-wrap\" data-name=\"countrytext-126\"><input size=\"40\" class=\"wpcf7-form-control wpcf7-countrytext wpcf7-text wpcf7-validates-as-countrytext\" aria-invalid=\"false\" value=\"\" type=\"text\" name=\"countrytext-126\" \/><\/span> <\/label>\n<\/div> \n<div class=\"row\"> \n <button type=\"submit\" class=\"btn\">Send<\/button> \n<\/div> \n<div class=\"row\"> \n <span class=\"wpcf7-form-control-wrap\" data-name=\"checkbox-931\"><span class=\"wpcf7-form-control wpcf7-checkbox\"><span class=\"wpcf7-list-item first\"><label><input type=\"checkbox\" name=\"checkbox-931[]\" value=\"Integrator\" \/><span class=\"wpcf7-list-item-label\">Integrator<\/span><\/label><\/span><span class=\"wpcf7-list-item\"><label><input type=\"checkbox\" name=\"checkbox-931[]\" value=\"Builder\" \/><span class=\"wpcf7-list-item-label\">Builder<\/span><\/label><\/span><span class=\"wpcf7-list-item last\"><label><input type=\"checkbox\" name=\"checkbox-931[]\" value=\"End-User\" \/><span class=\"wpcf7-list-item-label\">End-User<\/span><\/label><\/span><\/span><\/span> \n<\/div> \n<div class=\"row row-upload-file\"> \n <label class=\"upload-file-block js-upload-file\">Attach file \n  <span class=\"wpcf7-form-control-wrap\" data-name=\"file-466\"><input size=\"40\" class=\"wpcf7-form-control wpcf7-file\" accept=\"audio\/*,video\/*,image\/*\" aria-invalid=\"false\" type=\"file\" name=\"file-466\" \/><\/span><\/label> \n<\/div><input type='hidden' class='wpcf7-pum' value='{\"closepopup\":false,\"closedelay\":0,\"openpopup\":false,\"openpopup_id\":0}' \/><div class=\"wpcf7-response-output\" aria-hidden=\"true\"><\/div>\n<\/form>\n<\/div>\n            <\/div>\r\n\r\n\t\t    <div class=\"text-holder\" data-aos=\"fade-left\">\r\n\t\t\t\t\t\t    <h3 class=\"title-block\">How Can We Help?<\/h3>\r\n\t\t\t\r\n\t\t\t                <div class=\"text-block\">\r\n                    Please select a topic below related to your inquiry. If you don&#8217;t find what you need, fill out our contact form.                <\/div>\r\n\t\t\t\r\n\t\t\t\t\t\t    <ul class=\"link-list\">\r\n\t\t\t\t\t\t\t\t\t\t\t\t\t\t\t\t\t\t<li>\r\n\t\t\t\t\t\t\t\t\t\t\t\t\t\t\t\t    <strong>Get Inspired<\/strong>\r\n\t\t\t\t\t\t\t\t\t\t\t\t\t\t\t\t\t\t\t\t\t\t\t\t    <a href=\"\/features\/\">\r\n\t\t\t\t\t\t\t\t        Discover what&#8217;s beneath our intercom\t\t\t\t\t\t\t\t    <\/a>\r\n\t\t\t\t\t\t\t\t\t\t\t\t\t\t\t<\/li>\r\n\t\t\t\t\t\t\t\t\t\t\t\t\t\t\t\t\t\t\t\t\t\t\t\t<li>\r\n\t\t\t\t\t\t\t\t\t\t\t\t\t\t\t\t    <strong>Become a Partner<\/strong>\r\n\t\t\t\t\t\t\t\t\t\t\t\t\t\t\t\t\t\t\t\t\t\t\t\t    <a href=\"\/distributors\/\">\r\n\t\t\t\t\t\t\t\t        Expand your business with BAS-IP intercom\t\t\t\t\t\t\t\t    <\/a>\r\n\t\t\t\t\t\t\t\t\t\t\t\t\t\t\t<\/li>\r\n\t\t\t\t\t\t\t\t\t\t\t\t\t\t\t\t\t\t\t\t\t\t\t\t<li>\r\n\t\t\t\t\t\t\t\t\t\t\t\t\t\t\t\t    <strong>Check the Guides<\/strong>\r\n\t\t\t\t\t\t\t\t\t\t\t\t\t\t\t\t\t\t\t\t\t\t\t\t    <a href=\"\/support\/\">\r\n\t\t\t\t\t\t\t\t        Download detailed manuals and schemes\t\t\t\t\t\t\t\t    <\/a>\r\n\t\t\t\t\t\t\t\t\t\t\t\t\t\t\t<\/li>\r\n\t\t\t\t\t\t\t\t\t\t\t\t\t\t\t<\/ul>\r\n\t\t\t\r\n\t\t\t\t\t\t    <h3 class=\"title-block\">Our contacts<\/h3>\r\n\t\t\t\r\n\t\t\t\t\t\t\t<ul class=\"contact-list\">\r\n\t\t\t\t\t\t\t\t\t\t\t\t\t\t\t\t\t\t<li>\r\n\t\t\t\t\t\t\t\t\t\t\t\t\t\t\t\t\t<strong>Sales:<\/strong>\r\n\t\t\t\t\t\t\t\t\t\t\t\t\t\t\t\t\t\t\t\t\t\t\t\t    <a href=\"mailto:s&#97;les&#64;b&#97;&#115;&#45;i&#112;.&#99;o&#109;\">&#115;&#97;&#108;&#101;s&#64;bas-&#105;&#112;.com<\/a>\r\n\t\t\t\t\t\t\t\t\t\t\t\t\t\t\t<\/li>\r\n\t\t\t\t\t\t\t\t\t\t\t\t\t\t\t\t\t\t\t\t\t\t\t\t<li>\r\n\t\t\t\t\t\t\t\t\t\t\t\t\t\t\t\t\t<strong>Technical support:<\/strong>\r\n\t\t\t\t\t\t\t\t\t\t\t\t\t\t\t\t\t\t\t\t\t\t\t\t    <a href=\"mailto:s&#117;p&#112;&#111;r&#116;&#64;&#98;as-&#105;p&#46;c&#111;m\">&#115;u&#112;&#112;ort&#64;&#98;&#97;&#115;-&#105;p.&#99;om<\/a>\r\n\t\t\t\t\t\t\t\t\t\t\t\t\t\t\t<\/li>\r\n\t\t\t\t\t\t\t\t\t\t\t\t\t\t\t<\/ul>\r\n\t\t\t\t\t<\/div>\r\n\t<\/section>\r\n\r\n\r\n\r\n<!-- END Block Sign Up -->","protected":false},"excerpt":{"rendered":"<p>Integrarea interfoanelor BAS-IP cu camerele AXIS CCTV, \u00een special pentru func\u021bia de recunoa\u0219tere automat\u0103 a pl\u0103cu\u021belor de \u00eenmatriculare (ALPR), implic\u0103 o configurare simpl\u0103, dar eficient\u0103. Aceast\u0103 integrare permite func\u021bionarea f\u0103r\u0103 \u00eentreruperi \u0219i eficien\u021ba costurilor prin eliminarea necesit\u0103\u021bii unui software ALPR profesional. Iat\u0103 o descriere detaliat\u0103 a modului \u00een care func\u021bioneaz\u0103 aceast\u0103 integrare: Prezentare general\u0103 a [&hellip;]<\/p>","protected":false},"author":3,"featured_media":0,"parent":0,"menu_order":0,"comment_status":"closed","ping_status":"closed","template":"page-custom-breadcrumbs.php","meta":{"inline_featured_image":false,"footnotes":""},"class_list":["post-121711","page","type-page","status-publish","hentry"],"acf":[],"_links":{"self":[{"href":"https:\/\/bas-ip.com\/ro\/wp-json\/wp\/v2\/pages\/121711","targetHints":{"allow":["GET"]}}],"collection":[{"href":"https:\/\/bas-ip.com\/ro\/wp-json\/wp\/v2\/pages"}],"about":[{"href":"https:\/\/bas-ip.com\/ro\/wp-json\/wp\/v2\/types\/page"}],"author":[{"embeddable":true,"href":"https:\/\/bas-ip.com\/ro\/wp-json\/wp\/v2\/users\/3"}],"replies":[{"embeddable":true,"href":"https:\/\/bas-ip.com\/ro\/wp-json\/wp\/v2\/comments?post=121711"}],"version-history":[{"count":1,"href":"https:\/\/bas-ip.com\/ro\/wp-json\/wp\/v2\/pages\/121711\/revisions"}],"predecessor-version":[{"id":121712,"href":"https:\/\/bas-ip.com\/ro\/wp-json\/wp\/v2\/pages\/121711\/revisions\/121712"}],"wp:attachment":[{"href":"https:\/\/bas-ip.com\/ro\/wp-json\/wp\/v2\/media?parent=121711"}],"curies":[{"name":"wp","href":"https:\/\/api.w.org\/{rel}","templated":true}]}}