{"id":121628,"date":"2023-04-06T09:30:48","date_gmt":"2023-04-06T09:30:48","guid":{"rendered":"https:\/\/bas-ip.com\/?page_id=121628"},"modified":"2024-11-04T15:31:05","modified_gmt":"2024-11-04T15:31:05","slug":"ajax","status":"publish","type":"page","link":"https:\/\/bas-ip.com\/ro\/ajax\/","title":{"rendered":"Ajax"},"content":{"rendered":"<div class=\"wp-block-image\">\n<figure class=\"aligncenter size-large is-resized\"><img loading=\"lazy\" decoding=\"async\" width=\"1024\" height=\"261\" src=\"https:\/\/bas-ip.com\/wp-content\/uploads\/2023\/04\/Ajax_system-1024x261.png\" alt=\"\" class=\"wp-image-69060\" style=\"width:512px;height:131px\" srcset=\"https:\/\/bas-ip.com\/wp-content\/uploads\/2023\/04\/Ajax_system-1024x261.png 1024w,  https:\/\/bas-ip.com\/wp-content\/uploads\/2023\/04\/Ajax_system-300x77.png 300w,  https:\/\/bas-ip.com\/wp-content\/uploads\/2023\/04\/Ajax_system-768x196.png 768w,  https:\/\/bas-ip.com\/wp-content\/uploads\/2023\/04\/Ajax_system-767x196.png 767w,  https:\/\/bas-ip.com\/wp-content\/uploads\/2023\/04\/Ajax_system.png 1200w\" sizes=\"auto, (max-width: 1024px) 100vw, 1024px\" \/><\/figure>\n<\/div>\n\n<!-- START Block Integrations Text & Image --><section id=\"block_642e9087eb6e3\" class=\"integrations-text-image-section\">\r\n\t\t<div class=\"image-holder\" data-aos=\"fade-left\">\r\n\t\t<img loading=\"lazy\" decoding=\"async\" width=\"800\" height=\"500\" src=\"https:\/\/bas-ip.com\/wp-content\/uploads\/2023\/04\/Ajax_system2.png\" class=\"attachment-large size-large\" alt=\"\" srcset=\"https:\/\/bas-ip.com\/wp-content\/uploads\/2023\/04\/Ajax_system2.png 800w,  https:\/\/bas-ip.com\/wp-content\/uploads\/2023\/04\/Ajax_system2-300x188.png 300w,  https:\/\/bas-ip.com\/wp-content\/uploads\/2023\/04\/Ajax_system2-768x480.png 768w,  https:\/\/bas-ip.com\/wp-content\/uploads\/2023\/04\/Ajax_system2-767x479.png 767w\" sizes=\"auto, (max-width: 800px) 100vw, 800px\" \/>\t<\/div>\r\n\t\r\n\t<div class=\"text-holder\" data-aos=\"fade-right\">\r\n\t\t\t\t\t\t<div class=\"text-block\">\r\n\t\t\t<p>Integrarea dintre sistemele Ajax \u0219i BAS-IP permite instalarea aplica\u021biei Ajax Security System pe monitoarele BAS-IP. Acest lucru permite utilizatorilor s\u0103 primeasc\u0103 notific\u0103ri privind evenimentele de securitate direct pe monitor.<\/p>\n<p>Aplica\u021bia Ajax Security System permite utilizatorilor s\u0103 vizualizeze evenimentele \u00een timp real \u0219i s\u0103 primeasc\u0103 notific\u0103ri privind intruziunile, detectarea mi\u0219c\u0103rii, deschiderea u\u0219ilor \u0219i ferestrelor \u0219i alte tipuri de evenimente. De asemenea, utilizatorii pot primi notific\u0103ri cu privire la starea bateriei senzorilor \u0219i alte informa\u021bii legate de securitate.<\/p>\n<p>Integrarea Ajax \u0219i BAS-IP permite \u00eembun\u0103t\u0103\u021birea nivelului de securitate al instala\u021biilor \u0219i cre\u0219terea eficien\u021bei operatorilor prin furnizarea unui acces convenabil la informa\u021biile privind evenimentele de securitate pe monitoarele BAS-IP.<\/p>\n<p>Mai multe detalii pe <a href=\"https:\/\/basip.atlassian.net\/wiki\/spaces\/Integrations\/pages\/5047027\/Installation+of+Ajax+security+system+app+on+BAS-IP+monitor\" target=\"_blank\" rel=\"noopener\"><strong>wiki-ul nostru<\/strong><\/a>.<\/p>\t\t<\/div>\r\n\t\t\r\n\t\t\r\n\t\t\t<\/div>\r\n<\/section>\r\n<!-- END Block Integrations Text & Image -->\n\n<!-- START Block Sign Up --><section id=\"block_629678229e935\" class=\"sign-up-section\">\r\n\r\n    <div class=\"form-holder js-form\" data-aos=\"fade-right\">\r\n                    <div class=\"title-block h3\">Sign up for connection<\/div>\r\n        \r\n                    <div class=\"text-block\">\r\n                Filling out all the information needed to answer you as quickly as possible            <\/div>\r\n        \r\n                    \n<div class=\"wpcf7 no-js\" id=\"wpcf7-f102-o1\" lang=\"en-US\" dir=\"ltr\">\n<div class=\"screen-reader-response\"><p role=\"status\" aria-live=\"polite\" aria-atomic=\"true\"><\/p> <ul><\/ul><\/div>\n<form action=\"\/ro\/wp-json\/wp\/v2\/pages\/121628#wpcf7-f102-o1\" method=\"post\" class=\"wpcf7-form init\" aria-label=\"Contact form\" enctype=\"multipart\/form-data\" novalidate=\"novalidate\" data-status=\"init\">\n<div style=\"display: none;\">\n<input type=\"hidden\" name=\"_wpcf7\" value=\"102\" \/>\n<input type=\"hidden\" name=\"_wpcf7_version\" value=\"5.8.3\" \/>\n<input type=\"hidden\" name=\"_wpcf7_locale\" value=\"en_US\" \/>\n<input type=\"hidden\" name=\"_wpcf7_unit_tag\" value=\"wpcf7-f102-o1\" \/>\n<input type=\"hidden\" name=\"_wpcf7_container_post\" value=\"0\" \/>\n<input type=\"hidden\" name=\"_wpcf7_posted_data_hash\" value=\"\" \/>\n<input type=\"hidden\" name=\"_wpcf7_recaptcha_response\" value=\"\" \/>\n<\/div>\n<div class=\"row\"> \n <label><span class=\"label-text\">Name<\/span> \n  <span class=\"wpcf7-form-control-wrap\" data-name=\"text-full-name\"><input size=\"40\" class=\"wpcf7-form-control wpcf7-text wpcf7-validates-as-required\" aria-required=\"true\" aria-invalid=\"false\" placeholder=\"Name\" value=\"\" type=\"text\" name=\"text-full-name\" \/><\/span><\/label> \n<\/div> \n<div class=\"row\"> \n <label><span class=\"label-text\">Phone*<\/span> \n<span class=\"wpcf7-form-control-wrap\" data-name=\"phonetext-270\"><input size=\"40\" class=\"wpcf7-form-control wpcf7-phonetext wpcf7-validates-as-required wpcf7-text wpcf7-validates-as-phonetext\" aria-required=\"true\" aria-invalid=\"false\" placeholder=\"Phone*\" value=\"\" type=\"text\" name=\"phonetext-270\" \/><input type=\"hidden\" name=\"phonetext-270-country-code\" class=\"wpcf7-phonetext-country-code\" \/><\/span><\/label> \n<\/div> \n<div class=\"row\"> \n <label><span class=\"label-text\">E-mail<\/span> \n  <span class=\"wpcf7-form-control-wrap\" data-name=\"email-e-mail\"><input size=\"40\" class=\"wpcf7-form-control wpcf7-email wpcf7-validates-as-required wpcf7-text wpcf7-validates-as-email\" aria-required=\"true\" aria-invalid=\"false\" placeholder=\"E-mail\" value=\"\" type=\"email\" name=\"email-e-mail\" \/><\/span><\/label> \n<\/div> \n<div class=\"row\"><span>Your country<\/span> \n <label><span class=\"wpcf7-form-control-wrap\" data-name=\"countrytext-126\"><input size=\"40\" class=\"wpcf7-form-control wpcf7-countrytext wpcf7-text wpcf7-validates-as-countrytext\" aria-invalid=\"false\" value=\"\" type=\"text\" name=\"countrytext-126\" \/><\/span> <\/label>\n<\/div> \n<div class=\"row\"> \n <button type=\"submit\" class=\"btn\">Send<\/button> \n<\/div> \n<div class=\"row\"> \n <span class=\"wpcf7-form-control-wrap\" data-name=\"checkbox-931\"><span class=\"wpcf7-form-control wpcf7-checkbox\"><span class=\"wpcf7-list-item first\"><label><input type=\"checkbox\" name=\"checkbox-931[]\" value=\"Integrator\" \/><span class=\"wpcf7-list-item-label\">Integrator<\/span><\/label><\/span><span class=\"wpcf7-list-item\"><label><input type=\"checkbox\" name=\"checkbox-931[]\" value=\"Builder\" \/><span class=\"wpcf7-list-item-label\">Builder<\/span><\/label><\/span><span class=\"wpcf7-list-item last\"><label><input type=\"checkbox\" name=\"checkbox-931[]\" value=\"End-User\" \/><span class=\"wpcf7-list-item-label\">End-User<\/span><\/label><\/span><\/span><\/span> \n<\/div> \n<div class=\"row row-upload-file\"> \n <label class=\"upload-file-block js-upload-file\">Attach file \n  <span class=\"wpcf7-form-control-wrap\" data-name=\"file-466\"><input size=\"40\" class=\"wpcf7-form-control wpcf7-file\" accept=\"audio\/*,video\/*,image\/*\" aria-invalid=\"false\" type=\"file\" name=\"file-466\" \/><\/span><\/label> \n<\/div><input type='hidden' class='wpcf7-pum' value='{\"closepopup\":false,\"closedelay\":0,\"openpopup\":false,\"openpopup_id\":0}' \/><div class=\"wpcf7-response-output\" aria-hidden=\"true\"><\/div>\n<\/form>\n<\/div>\n            <\/div>\r\n\r\n\t\t    <div class=\"text-holder\" data-aos=\"fade-left\">\r\n\t\t\t\t\t\t    <h3 class=\"title-block\">How Can We Help?<\/h3>\r\n\t\t\t\r\n\t\t\t                <div class=\"text-block\">\r\n                    Please select a topic below related to your inquiry. If you don&#8217;t find what you need, fill out our contact form.                <\/div>\r\n\t\t\t\r\n\t\t\t\t\t\t    <ul class=\"link-list\">\r\n\t\t\t\t\t\t\t\t\t\t\t\t\t\t\t\t\t\t<li>\r\n\t\t\t\t\t\t\t\t\t\t\t\t\t\t\t\t    <strong>Get Inspired<\/strong>\r\n\t\t\t\t\t\t\t\t\t\t\t\t\t\t\t\t\t\t\t\t\t\t\t\t    <a href=\"\/features\/\">\r\n\t\t\t\t\t\t\t\t        Discover what&#8217;s beneath our intercom\t\t\t\t\t\t\t\t    <\/a>\r\n\t\t\t\t\t\t\t\t\t\t\t\t\t\t\t<\/li>\r\n\t\t\t\t\t\t\t\t\t\t\t\t\t\t\t\t\t\t\t\t\t\t\t\t<li>\r\n\t\t\t\t\t\t\t\t\t\t\t\t\t\t\t\t    <strong>Become a Partner<\/strong>\r\n\t\t\t\t\t\t\t\t\t\t\t\t\t\t\t\t\t\t\t\t\t\t\t\t    <a href=\"\/distributors\/\">\r\n\t\t\t\t\t\t\t\t        Expand your business with BAS-IP intercom\t\t\t\t\t\t\t\t    <\/a>\r\n\t\t\t\t\t\t\t\t\t\t\t\t\t\t\t<\/li>\r\n\t\t\t\t\t\t\t\t\t\t\t\t\t\t\t\t\t\t\t\t\t\t\t\t<li>\r\n\t\t\t\t\t\t\t\t\t\t\t\t\t\t\t\t    <strong>Check the Guides<\/strong>\r\n\t\t\t\t\t\t\t\t\t\t\t\t\t\t\t\t\t\t\t\t\t\t\t\t    <a href=\"\/support\/\">\r\n\t\t\t\t\t\t\t\t        Download detailed manuals and schemes\t\t\t\t\t\t\t\t    <\/a>\r\n\t\t\t\t\t\t\t\t\t\t\t\t\t\t\t<\/li>\r\n\t\t\t\t\t\t\t\t\t\t\t\t\t\t\t<\/ul>\r\n\t\t\t\r\n\t\t\t\t\t\t    <h3 class=\"title-block\">Our contacts<\/h3>\r\n\t\t\t\r\n\t\t\t\t\t\t\t<ul class=\"contact-list\">\r\n\t\t\t\t\t\t\t\t\t\t\t\t\t\t\t\t\t\t<li>\r\n\t\t\t\t\t\t\t\t\t\t\t\t\t\t\t\t\t<strong>Sales:<\/strong>\r\n\t\t\t\t\t\t\t\t\t\t\t\t\t\t\t\t\t\t\t\t\t\t\t\t    <a href=\"mailto:&#115;&#97;les&#64;b&#97;s-i&#112;&#46;c&#111;&#109;\">s&#97;les&#64;&#98;a&#115;&#45;i&#112;&#46;&#99;o&#109;<\/a>\r\n\t\t\t\t\t\t\t\t\t\t\t\t\t\t\t<\/li>\r\n\t\t\t\t\t\t\t\t\t\t\t\t\t\t\t\t\t\t\t\t\t\t\t\t<li>\r\n\t\t\t\t\t\t\t\t\t\t\t\t\t\t\t\t\t<strong>Technical support:<\/strong>\r\n\t\t\t\t\t\t\t\t\t\t\t\t\t\t\t\t\t\t\t\t\t\t\t\t    <a href=\"mailto:&#115;&#117;pp&#111;&#114;&#116;&#64;b&#97;&#115;-&#105;&#112;.&#99;&#111;&#109;\">&#115;&#117;p&#112;ort&#64;ba&#115;&#45;ip.&#99;&#111;m<\/a>\r\n\t\t\t\t\t\t\t\t\t\t\t\t\t\t\t<\/li>\r\n\t\t\t\t\t\t\t\t\t\t\t\t\t\t\t<\/ul>\r\n\t\t\t\t\t<\/div>\r\n\t<\/section>\r\n\r\n\r\n\r\n<!-- END Block Sign Up -->","protected":false},"excerpt":{"rendered":"","protected":false},"author":3,"featured_media":0,"parent":0,"menu_order":0,"comment_status":"closed","ping_status":"closed","template":"page-custom-breadcrumbs.php","meta":{"inline_featured_image":false,"footnotes":""},"class_list":["post-121628","page","type-page","status-publish","hentry"],"acf":[],"_links":{"self":[{"href":"https:\/\/bas-ip.com\/ro\/wp-json\/wp\/v2\/pages\/121628","targetHints":{"allow":["GET"]}}],"collection":[{"href":"https:\/\/bas-ip.com\/ro\/wp-json\/wp\/v2\/pages"}],"about":[{"href":"https:\/\/bas-ip.com\/ro\/wp-json\/wp\/v2\/types\/page"}],"author":[{"embeddable":true,"href":"https:\/\/bas-ip.com\/ro\/wp-json\/wp\/v2\/users\/3"}],"replies":[{"embeddable":true,"href":"https:\/\/bas-ip.com\/ro\/wp-json\/wp\/v2\/comments?post=121628"}],"version-history":[{"count":2,"href":"https:\/\/bas-ip.com\/ro\/wp-json\/wp\/v2\/pages\/121628\/revisions"}],"predecessor-version":[{"id":121630,"href":"https:\/\/bas-ip.com\/ro\/wp-json\/wp\/v2\/pages\/121628\/revisions\/121630"}],"wp:attachment":[{"href":"https:\/\/bas-ip.com\/ro\/wp-json\/wp\/v2\/media?parent=121628"}],"curies":[{"name":"wp","href":"https:\/\/api.w.org\/{rel}","templated":true}]}}