{"id":151761,"date":"2025-09-24T10:20:27","date_gmt":"2025-09-24T10:20:27","guid":{"rendered":"https:\/\/bas-ip.com\/warranty-policy-global-south\/"},"modified":"2025-12-03T14:22:31","modified_gmt":"2025-12-03T14:22:31","slug":"warranty-policy-global-south","status":"publish","type":"page","link":"https:\/\/bas-ip.com\/pt-pt\/warranty-policy-global-south\/","title":{"rendered":"Pol\u00edtica de Garantia (Sul Global)"},"content":{"rendered":"<div id=\"model-response-message-contentr_3dd1702e61e49d19\" class=\"markdown markdown-main-panel animate stronger enable-updated-hr-color\" dir=\"ltr\" aria-live=\"polite\" aria-busy=\"true\">\n<p data-path-to-node=\"2\"><span class=\"\">Est\u00e1 em vigor uma pol\u00edtica de substitui\u00e7\u00e3o de pe\u00e7as sob garantia de dispositivos por <\/span><b class=\"\">m\u00f3dulos completos e montados<\/b><span class=\"\">.<\/span><\/p>\n<p data-path-to-node=\"3\"><span class=\"\">De acordo com dados estat\u00edsticos sobre solicita\u00e7\u00f5es de servi\u00e7o,<\/span><span class=\"\"> a maioria dos problemas pode ser resolvida remotamente atrav\u00e9s de atualiza\u00e7\u00f5es de <\/span><i class=\"\">firmware<\/i><span class=\"\"> ou reconfigura\u00e7\u00e3o do dispositivo.<\/span><span class=\"\"> Para tentar resolver seu problema remotamente,<\/span><span class=\"\"> entre em contato conosco atrav\u00e9s dos seguintes canais de comunica\u00e7\u00e3o:<\/span><\/p>\n<p data-path-to-node=\"4,0,0\"><b class=\"\">WhatsApp:<\/b> <a class=\"ng-star-inserted\" href=\"https:\/\/wa.me\/message\/TQPHTSMDUD6UE1\" target=\"_blank\" rel=\"noopener\" data-hveid=\"0\" data-ved=\"0CAAQ_4QMahgKEwiI69i1yqGRAxUAAAAAHQAAAAAQvgE\">https:\/\/wa.me\/message\/TQPHTSMDUD6UE1<\/a><\/p>\n<p data-path-to-node=\"4,1,0\"><b class=\"\">Telegram:<\/b> <a class=\"ng-star-inserted\" href=\"https:\/\/t.me\/bas_ip_international_support_bot\" target=\"_blank\" rel=\"noopener\" data-hveid=\"0\" data-ved=\"0CAAQ_4QMahgKEwiI69i1yqGRAxUAAAAAHQAAAAAQvwE\">https:\/\/t.me\/bas_ip_international_support_bot<\/a><\/p>\n<p data-path-to-node=\"4,2,0\"><b class=\"\">Email:<\/b><a href=\"mailto:support@bas-ip.com\"><span class=\"\"> support@bas-ip.<\/span><span class=\"\">com<\/span><\/a><\/p>\n<p data-path-to-node=\"4,3,0\"><b class=\"\">Hor\u00e1rio de funcionamento:<\/b><span class=\"\"> Segunda a Sexta-feira,<\/span><span class=\"\"> 06:<\/span><span class=\"\">00\u201322:<\/span><span class=\"\">00 (GMT)<\/span><\/p>\n<p data-path-to-node=\"6\"><span class=\"\">Se o seu problema n\u00e3o puder ser resolvido remotamente,<\/span><span class=\"\"> siga o procedimento descrito abaixo:<\/span><\/p>\n<p data-path-to-node=\"7\"><span class=\"\">Queira preparar antecipadamente as informa\u00e7\u00f5es relativas \u00e0 <\/span><b class=\"\">data de compra<\/b><span class=\"\"> e \u00e0 <\/span><b class=\"\">empresa parceira<\/b><span class=\"\"> de quem o produto foi adquirido.<\/span><\/p>\n<p data-path-to-node=\"8,0,0\"><span class=\"\">&#8211; Mediante sua solicita\u00e7\u00e3o,<\/span><span class=\"\"> nossos especialistas exigir\u00e3o <\/span><b class=\"\">todas as informa\u00e7\u00f5es necess\u00e1rias<\/b><span class=\"\"> (modelo do dispositivo,<\/span><span class=\"\"> n\u00famero de s\u00e9rie,<\/span><span class=\"\"> motivo da reclama\u00e7\u00e3o,<\/span><span class=\"\"> data de compra,<\/span><span class=\"\"> poss\u00edveis reclama\u00e7\u00f5es,<\/span><span class=\"\"> fotografias) para iniciar o procedimento de despacho de m\u00f3dulos totalmente montados.<\/span><\/p>\n<p data-path-to-node=\"8,1,0\"><span class=\"\">&#8211; Assim que todas as informa\u00e7\u00f5es fornecidas forem analisadas,<\/span><span class=\"\"> voc\u00ea ser\u00e1 contactado atrav\u00e9s dos seus contactos fornecidos e <\/span><b class=\"\">informado da decis\u00e3o tomada e dos passos subsequentes<\/b><span class=\"\"> a serem realizados para o despacho dos m\u00f3dulos totalmente montados.<\/span><\/p>\n<p data-path-to-node=\"8,2,0\"><span class=\"\">&#8211; Em caso de despacho de m\u00f3dulos totalmente montados,<\/span> <b class=\"\">o envio ser\u00e1 realizado pela empresa parceira<\/b><span class=\"\"> de quem voc\u00ea adquiriu o dispositivo.<\/span><\/p>\n<p data-path-to-node=\"10\"><strong><span class=\"\">O <\/span>per\u00edodo de garantia<span class=\"\"> do produto \u00e9 de <\/span>trinta e seis (36) meses<span class=\"\"> a contar da data de venda.<\/span><\/strong><\/p>\n<p data-path-to-node=\"11,0,0\"><span class=\"\">&#8211; O transporte dos dispositivos deve ser realizado na <\/span><b class=\"\">embalagem original<\/b><span class=\"\"> fornecida pelo vendedor ou em embalagens com <\/span><b class=\"\">caracter\u00edsticas protetoras e operacionais equivalentes<\/b><span class=\"\">.<\/span><\/p>\n<p data-path-to-node=\"11,1,0\"><span class=\"\">&#8211; Uma <\/span><b class=\"\">garantia limitada de doze (12) meses<\/b><span class=\"\"> a contar da data de venda aplica-se a v\u00e1rios tipos de suportes de montagem,<\/span><span class=\"\"> incluindo montagens embutidas,<\/span><span class=\"\"> montagens de superf\u00edcie,<\/span><span class=\"\"> montagens de mesa,<\/span><span class=\"\"> palas de chuva e sol e cantos girat\u00f3rios.<\/span><\/p>\n<p data-path-to-node=\"11,2,0\"><span class=\"\">&#8211; Estas condi\u00e7\u00f5es de garantia s\u00e3o <\/span><b class=\"\">suplementares<\/b> aos direitos constitucionais e outros direitos do consumidor aplic\u00e1veis no pa\u00eds de resid\u00eancia do consumidor e <b>n\u00e3o limitam de forma alguma<\/b> tais direitos.<\/p>\n<h2 class=\"animating\" data-path-to-node=\"13\">Condi\u00e7\u00f5es de Garantia<\/h2>\n<ol>\n<li data-path-to-node=\"14\">Ao submeter uma reclama\u00e7\u00e3o RMA \u00e0 BAS-IP, \u00e9 necess\u00e1rio fornecer informa\u00e7\u00f5es detalhadas sobre o modelo exato do dispositivo, incluindo a sua cor, o n\u00famero de s\u00e9rie do dispositivo, a data de compra e a reclama\u00e7\u00e3o com uma descri\u00e7\u00e3o completa e precisa do problema que deu origem ao RMA.<\/li>\n<li data-path-to-node=\"15\">A entrega \u00e0 BAS-IP ou ao seu Centro de Servi\u00e7o \u00e9 de responsabilidade e despesa do comprador.<\/li>\n<li data-path-to-node=\"16\">O servi\u00e7o de garantia \u00e9 fornecido apenas dentro do per\u00edodo de garantia especificado nesta pol\u00edtica de garantia.<\/li>\n<li data-path-to-node=\"17\">O tempo gasto na recupera\u00e7\u00e3o da operacionalidade do dispositivo ser\u00e1 adicionado ao per\u00edodo de garantia estabelecido nesta pol\u00edtica de garantia.<\/li>\n<\/ol>\n<h2 data-path-to-node=\"19\">Viola\u00e7\u00e3o das Condi\u00e7\u00f5es de Garantia<\/h2>\n<ol>\n<li data-path-to-node=\"20\">Estas condi\u00e7\u00f5es de garantia ser\u00e3o anuladas se os n\u00fameros padr\u00e3o ou de s\u00e9rie do produto forem alterados, apagados, removidos ou tornados ileg\u00edveis.<\/li>\n<li data-path-to-node=\"21\">As disposi\u00e7\u00f5es da garantia ser\u00e3o invalidadas em caso de quaisquer modifica\u00e7\u00f5es, adapta\u00e7\u00f5es ou altera\u00e7\u00f5es no produto destinadas a melhorar ou estender o \u00e2mbito normal de uso especificado no manual do utilizador.<\/li>\n<li data-path-to-node=\"22\">A garantia ser\u00e1 nula se o produto for usado contrariamente ao seu prop\u00f3sito pretendido ou de uma forma inconsistente com as instru\u00e7\u00f5es de uso e manuten\u00e7\u00e3o.<\/li>\n<li data-path-to-node=\"23\">A cobertura da garantia ser\u00e1 perdida se objetos estranhos, subst\u00e2ncias, l\u00edquidos, vapores, gases corrosivos ou insetos se infiltrarem nas partes internas ou externas do produto, seja acidentalmente ou intencionalmente.<\/li>\n<li data-path-to-node=\"24\">A garantia ser\u00e1 nula em casos de conex\u00e3o inadequada do produto a outros sistemas ou instala\u00e7\u00e3o e montagem incorretas.<\/li>\n<li data-path-to-node=\"25\">Esta garantia n\u00e3o se estende a defeitos ou danos incorridos por qualquer sistema no qual o produto tenha sido integrado ou usado em conjunto.<\/li>\n<li data-path-to-node=\"26\">A garantia ser\u00e1 considerada inv\u00e1lida e nula se o produto apresentar danos mec\u00e2nicos, lascas, amassados, rachaduras, sinais de adultera\u00e7\u00e3o (<i>tampering<\/i>) ou defeitos semelhantes.<\/li>\n<li data-path-to-node=\"27\">A garantia n\u00e3o cobre produtos danificados devido ao n\u00e3o cumprimento dos padr\u00f5es aplic\u00e1veis no pa\u00eds de opera\u00e7\u00e3o, incluindo quest\u00f5es relacionadas a par\u00e2metros de alimenta\u00e7\u00e3o, telecomunica\u00e7\u00f5es, redes de cablagem ou outros fatores externos.<\/li>\n<li data-path-to-node=\"28\">A cobertura da garantia exclui danos resultantes de fatores externos como desastres naturais, guerra, inc\u00eandio, inunda\u00e7\u00f5es, raios, tempestades, flutua\u00e7\u00f5es de tens\u00e3o ou outras causas fora do controlo do fabricante.<\/li>\n<li data-path-to-node=\"29\">A garantia ser\u00e1 nula se reparos ou modifica\u00e7\u00f5es forem tentados por centros de servi\u00e7o n\u00e3o autorizados ou pessoas\/organiza\u00e7\u00f5es que n\u00e3o possuam autoridade legal para realizar tais reparos ou modifica\u00e7\u00f5es.<\/li>\n<li data-path-to-node=\"30\">Estas condi\u00e7\u00f5es de garantia n\u00e3o se aplicam a acess\u00f3rios (incluindo, mas n\u00e3o se limitando a baterias, fontes de alimenta\u00e7\u00e3o externas, cabos de conex\u00e3o, porta-chaves (<i>key fobs<\/i>), cart\u00f5es, identificadores) ou partes do produto sujeitas a desgaste normal.<\/li>\n<\/ol>\n<\/div>","protected":false},"excerpt":{"rendered":"<p>Est\u00e1 em vigor uma pol\u00edtica de substitui\u00e7\u00e3o de pe\u00e7as sob garantia de dispositivos por m\u00f3dulos completos e montados. De acordo com dados estat\u00edsticos sobre solicita\u00e7\u00f5es de servi\u00e7o, a maioria dos problemas pode ser resolvida remotamente atrav\u00e9s de atualiza\u00e7\u00f5es de firmware ou reconfigura\u00e7\u00e3o do dispositivo. Para tentar resolver seu problema remotamente, entre em contato conosco atrav\u00e9s [&hellip;]<\/p>","protected":false},"author":1,"featured_media":0,"parent":0,"menu_order":0,"comment_status":"closed","ping_status":"closed","template":"","meta":{"inline_featured_image":false,"footnotes":""},"class_list":["post-151761","page","type-page","status-publish","hentry"],"acf":[],"_links":{"self":[{"href":"https:\/\/bas-ip.com\/pt-pt\/wp-json\/wp\/v2\/pages\/151761","targetHints":{"allow":["GET"]}}],"collection":[{"href":"https:\/\/bas-ip.com\/pt-pt\/wp-json\/wp\/v2\/pages"}],"about":[{"href":"https:\/\/bas-ip.com\/pt-pt\/wp-json\/wp\/v2\/types\/page"}],"author":[{"embeddable":true,"href":"https:\/\/bas-ip.com\/pt-pt\/wp-json\/wp\/v2\/users\/1"}],"replies":[{"embeddable":true,"href":"https:\/\/bas-ip.com\/pt-pt\/wp-json\/wp\/v2\/comments?post=151761"}],"version-history":[{"count":2,"href":"https:\/\/bas-ip.com\/pt-pt\/wp-json\/wp\/v2\/pages\/151761\/revisions"}],"predecessor-version":[{"id":151829,"href":"https:\/\/bas-ip.com\/pt-pt\/wp-json\/wp\/v2\/pages\/151761\/revisions\/151829"}],"wp:attachment":[{"href":"https:\/\/bas-ip.com\/pt-pt\/wp-json\/wp\/v2\/media?parent=151761"}],"curies":[{"name":"wp","href":"https:\/\/api.w.org\/{rel}","templated":true}]}}