{"id":151548,"date":"2025-09-24T10:12:14","date_gmt":"2025-09-24T10:12:14","guid":{"rendered":"https:\/\/bas-ip.com\/warranty-policy-north-america\/"},"modified":"2025-12-02T13:34:48","modified_gmt":"2025-12-02T13:34:48","slug":"warranty-policy-north-america","status":"publish","type":"page","link":"https:\/\/bas-ip.com\/pt-pt\/warranty-policy-north-america\/","title":{"rendered":"Pol\u00edtica de Garantia (Am\u00e9rica do Norte)"},"content":{"rendered":"<p data-path-to-node=\"2\">As condi\u00e7\u00f5es de servi\u00e7o ao cliente diferem e est\u00e3o sujeitas \u00e0 regi\u00e3o geogr\u00e1fica em que os nossos clientes est\u00e3o situados e operam. Consequentemente, as pol\u00edticas e obriga\u00e7\u00f5es de garantia tamb\u00e9m podem apresentar pequenas varia\u00e7\u00f5es dependendo da localiza\u00e7\u00e3o e do contexto operacional do cliente. Para a correta presta\u00e7\u00e3o de servi\u00e7os, por favor, proceda selecionando a regi\u00e3o em que se encontra atualmente.<\/p>\n<p data-path-to-node=\"3\">Est\u00e1 em vigor uma pol\u00edtica de substitui\u00e7\u00e3o de dispositivos em garantia e de substitui\u00e7\u00e3o de pe\u00e7as de dispositivos por m\u00f3dulos totalmente montados.<\/p>\n<p data-path-to-node=\"4\">De acordo com dados estat\u00edsticos sobre pedidos de servi\u00e7o, <b>a maioria dos problemas encontrados pode ser resolvida remotamente<\/b> atrav\u00e9s de atualiza\u00e7\u00f5es de firmware ou reconfigura\u00e7\u00e3o do dispositivo. Para tentar resolver o seu problema remotamente, por favor, contacte-nos atrav\u00e9s dos seguintes canais de comunica\u00e7\u00e3o:<\/p>\n<p data-path-to-node=\"5,0,0\"><b>WhatsApp:<\/b> <a class=\"ng-star-inserted\" href=\"https:\/\/wa.me\/message\/TQPHTSMDUD6UE1\" target=\"_blank\" rel=\"noopener\" data-hveid=\"0\" data-ved=\"0CAAQ_4QMahcKEwj1lqnJ_56RAxUAAAAAHQAAAAAQJQ\">https:\/\/wa.me\/message\/TQPHTSMDUD6UE1<\/a><\/p>\n<p data-path-to-node=\"5,1,0\"><b>Telegram:<\/b> <a class=\"ng-star-inserted\" href=\"https:\/\/t.me\/bas_ip_international_support_bot\" target=\"_blank\" rel=\"noopener\" data-hveid=\"0\" data-ved=\"0CAAQ_4QMahcKEwj1lqnJ_56RAxUAAAAAHQAAAAAQJg\">https:\/\/t.me\/bas_ip_international_support_bot<\/a><\/p>\n<p data-path-to-node=\"5,2,0\"><b>E-mail:<\/b> <a href=\"mailto:support@bas-ip.com\">support@bas-ip.com<\/a><\/p>\n<p data-path-to-node=\"5,3,0\"><b>Hor\u00e1rio de funcionamento:<\/b> Segunda a Sexta-feira, 06:00\u201322:00 (GMT)<\/p>\n<p data-path-to-node=\"6\">Se o seu problema n\u00e3o puder ser resolvido remotamente, por favor, siga o seguinte procedimento:<\/p>\n<p data-path-to-node=\"7,0,0\"><b>Queira preparar antecipadamente as informa\u00e7\u00f5es<\/b> relativas \u00e0 data de compra e aos detalhes do parceiro de quem o produto foi adquirido.<\/p>\n<p data-path-to-node=\"7,1,0\">&#8211; A seu pedido, os nossos especialistas exigir\u00e3o todas as informa\u00e7\u00f5es necess\u00e1rias (modelo do dispositivo, n\u00famero de s\u00e9rie, motivo da reclama\u00e7\u00e3o, data de compra, quaisquer poss\u00edveis reclama\u00e7\u00f5es, fotografias) para iniciar o procedimento de substitui\u00e7\u00e3o ou o envio de m\u00f3dulos totalmente montados.<\/p>\n<p data-path-to-node=\"7,2,0\">&#8211; Ap\u00f3s analisar todas as informa\u00e7\u00f5es submetidas, ser\u00e1 contactado atrav\u00e9s dos dados fornecidos para ser informado da decis\u00e3o e dos passos subsequentes a serem tomados, como a substitui\u00e7\u00e3o do dispositivo ou o envio de m\u00f3dulos totalmente montados. Al\u00e9m disso, os nossos especialistas aconselhar\u00e3o se \u00e9 necess\u00e1rio devolver o seu dispositivo atual.<\/p>\n<p data-path-to-node=\"7,3,0\">&#8211; No caso de uma substitui\u00e7\u00e3o completa do dispositivo ou envio de m\u00f3dulos totalmente montados, <b>o envio ser\u00e1 feito pela empresa parceira de quem comprou o dispositivo<\/b>. Se aplic\u00e1vel, o seu dispositivo defeituoso atual ser\u00e1 devolvido \u00e0 mesma empresa parceira.<\/p>\n<p data-path-to-node=\"10\"><strong>O per\u00edodo de garantia para o produto \u00e9 de trinta e seis (36) meses a partir da data de venda.<\/strong><\/p>\n<p data-path-to-node=\"11,0,0\">&#8211; O transporte dos dispositivos deve ser efetuado na embalagem original fornecida pelo vendedor ou em embalagem de caracter\u00edsticas protetoras e operacionais equivalentes.<\/p>\n<p data-path-to-node=\"11,1,0\">&#8211; Uma garantia limitada de <b>doze (12) meses<\/b> a partir da data de venda aplica-se a v\u00e1rios tipos de suportes de montagem, incluindo montagens embutidas, de superf\u00edcie, de secret\u00e1ria, pala de chuva e sol, e cantos girat\u00f3rios.<\/p>\n<p data-path-to-node=\"11,2,0\">&#8211; Estas condi\u00e7\u00f5es de garantia s\u00e3o suplementares aos direitos constitucionais e outros direitos do consumidor aplic\u00e1veis no pa\u00eds de resid\u00eancia do consumidor e n\u00e3o limitam de forma alguma tais direitos.<\/p>\n<h3 data-path-to-node=\"13\">Condi\u00e7\u00f5es de Garantia<\/h3>\n<ol>\n<li data-path-to-node=\"14\">Ao submeter uma reclama\u00e7\u00e3o de RMA (Autoriza\u00e7\u00e3o de Devolu\u00e7\u00e3o de Mercadoria) \u00e0 BAS-IP, \u00e9 necess\u00e1rio fornecer informa\u00e7\u00f5es detalhadas sobre o <b>modelo exato do dispositivo, incluindo a sua cor, o n\u00famero de s\u00e9rie do dispositivo, a data de compra e a reclama\u00e7\u00e3o com uma descri\u00e7\u00e3o completa e precisa do problema<\/b> que deu origem ao RMA.<\/li>\n<li data-path-to-node=\"14\">A entrega \u00e0 BAS-IP ou ao seu Centro de Servi\u00e7o \u00e9 <b style=\"font-size: revert; color: initial;\">responsabilidade e despesa do comprador<\/b><span style=\"font-size: revert; color: initial;\">.<\/span><\/li>\n<li data-path-to-node=\"14\">O servi\u00e7o de garantia \u00e9 fornecido apenas <b style=\"font-size: revert; color: initial;\">dentro do per\u00edodo de garantia<\/b><span style=\"font-size: revert; color: initial;\"> especificado nesta pol\u00edtica de garantia.<\/span><\/li>\n<li data-path-to-node=\"14\">O tempo gasto na restaura\u00e7\u00e3o da operacionalidade do dispositivo <b style=\"font-size: revert; color: initial;\">ser\u00e1 adicionado ao per\u00edodo de garantia estabelecido<\/b><span style=\"font-size: revert; color: initial;\"> conforme definido nesta pol\u00edtica de garantia.<\/span><\/li>\n<\/ol>\n<h3 data-path-to-node=\"19\">Viola\u00e7\u00e3o das Condi\u00e7\u00f5es de Garantia<\/h3>\n<ol>\n<li data-path-to-node=\"20\">Estas condi\u00e7\u00f5es de garantia <b>ser\u00e3o anuladas<\/b> se os n\u00fameros padr\u00e3o ou de s\u00e9rie do produto forem alterados, apagados, removidos ou tornados ileg\u00edveis.<\/li>\n<li data-path-to-node=\"20\">As disposi\u00e7\u00f5es de garantia <b style=\"font-size: revert; color: initial;\">ser\u00e3o invalidadas<\/b><span style=\"font-size: revert; color: initial;\"> no caso de quaisquer modifica\u00e7\u00f5es, adapta\u00e7\u00f5es ou altera\u00e7\u00f5es no produto destinadas a melhorar ou estender o \u00e2mbito normal de uso especificado no manual do utilizador.<\/span><\/li>\n<li data-path-to-node=\"20\">A garantia <b style=\"font-size: revert; color: initial;\">ser\u00e1 nula<\/b><span style=\"font-size: revert; color: initial;\"> se o produto for usado de forma contr\u00e1ria ao seu prop\u00f3sito pretendido ou de uma maneira inconsistente com as instru\u00e7\u00f5es de uso e manuten\u00e7\u00e3o.<\/span><\/li>\n<li data-path-to-node=\"20\">A cobertura da garantia <b style=\"font-size: revert; color: initial;\">ser\u00e1 perdida<\/b><span style=\"font-size: revert; color: initial;\"> se objetos estranhos, subst\u00e2ncias, l\u00edquidos, vapores, gases corrosivos ou insetos se infiltrarem nas partes internas ou externas do produto, seja acidentalmente ou intencionalmente.<\/span><\/li>\n<li data-path-to-node=\"20\">A garantia <b style=\"font-size: revert; color: initial;\">ser\u00e1 nula<\/b><span style=\"font-size: revert; color: initial;\"> em casos de liga\u00e7\u00e3o inadequada do produto a outros sistemas ou instala\u00e7\u00e3o e montagem incorretas.<\/span><\/li>\n<li data-path-to-node=\"20\">Esta garantia <b style=\"font-size: revert; color: initial;\">n\u00e3o se estende a defeitos ou danos<\/b><span style=\"font-size: revert; color: initial;\"> incorridos por qualquer sistema no qual o produto tenha sido integrado ou usado em conjunto.<\/span><\/li>\n<li data-path-to-node=\"20\">A garantia <b style=\"font-size: revert; color: initial;\">ser\u00e1 considerada inv\u00e1lida e nula<\/b><span style=\"font-size: revert; color: initial;\"> se o produto exibir danos mec\u00e2nicos, lascas, amolgadelas, rachaduras, sinais de adultera\u00e7\u00e3o ou defeitos semelhantes.<\/span><\/li>\n<li data-path-to-node=\"20\">A garantia <b style=\"font-size: revert; color: initial;\">n\u00e3o cobre<\/b><span style=\"font-size: revert; color: initial;\"> produtos danificados devido ao incumprimento das normas aplic\u00e1veis no pa\u00eds de opera\u00e7\u00e3o, incluindo quest\u00f5es relacionadas com par\u00e2metros de alimenta\u00e7\u00e3o, telecomunica\u00e7\u00f5es, redes de cablagem ou outros fatores externos.<\/span><\/li>\n<li data-path-to-node=\"20\">A cobertura da garantia <b style=\"font-size: revert; color: initial;\">exclui danos<\/b><span style=\"font-size: revert; color: initial;\"> resultantes de fatores externos como desastres naturais, guerra, inc\u00eandio, inunda\u00e7\u00f5es, raios, tempestades, flutua\u00e7\u00f5es de tens\u00e3o ou outras causas fora do controlo do fabricante.<\/span><\/li>\n<li data-path-to-node=\"20\">A garantia <b style=\"font-size: revert; color: initial;\">ser\u00e1 nula<\/b><span style=\"font-size: revert; color: initial;\"> se repara\u00e7\u00f5es ou modifica\u00e7\u00f5es forem tentadas por centros de servi\u00e7o n\u00e3o autorizados ou por pessoas\/organiza\u00e7\u00f5es que n\u00e3o possuam autoridade legal para realizar tais repara\u00e7\u00f5es ou modifica\u00e7\u00f5es.<\/span><\/li>\n<li data-path-to-node=\"20\">Estas condi\u00e7\u00f5es de garantia <b style=\"font-size: revert; color: initial;\">n\u00e3o se aplicam a acess\u00f3rios<\/b><span style=\"font-size: revert; color: initial;\"> (incluindo, mas n\u00e3o se limitando a baterias, fontes de alimenta\u00e7\u00e3o externas, cabos de liga\u00e7\u00e3o, porta-chaves, cart\u00f5es, identificadores) ou pe\u00e7as do produto sujeitas a desgaste normal.<\/span><\/li>\n<\/ol>","protected":false},"excerpt":{"rendered":"<p>As condi\u00e7\u00f5es de servi\u00e7o ao cliente diferem e est\u00e3o sujeitas \u00e0 regi\u00e3o geogr\u00e1fica em que os nossos clientes est\u00e3o situados e operam. Consequentemente, as pol\u00edticas e obriga\u00e7\u00f5es de garantia tamb\u00e9m podem apresentar pequenas varia\u00e7\u00f5es dependendo da localiza\u00e7\u00e3o e do contexto operacional do cliente. Para a correta presta\u00e7\u00e3o de servi\u00e7os, por favor, proceda selecionando a regi\u00e3o [&hellip;]<\/p>","protected":false},"author":1,"featured_media":0,"parent":0,"menu_order":0,"comment_status":"closed","ping_status":"closed","template":"","meta":{"inline_featured_image":false,"footnotes":""},"class_list":["post-151548","page","type-page","status-publish","hentry"],"acf":[],"_links":{"self":[{"href":"https:\/\/bas-ip.com\/pt-pt\/wp-json\/wp\/v2\/pages\/151548","targetHints":{"allow":["GET"]}}],"collection":[{"href":"https:\/\/bas-ip.com\/pt-pt\/wp-json\/wp\/v2\/pages"}],"about":[{"href":"https:\/\/bas-ip.com\/pt-pt\/wp-json\/wp\/v2\/types\/page"}],"author":[{"embeddable":true,"href":"https:\/\/bas-ip.com\/pt-pt\/wp-json\/wp\/v2\/users\/1"}],"replies":[{"embeddable":true,"href":"https:\/\/bas-ip.com\/pt-pt\/wp-json\/wp\/v2\/comments?post=151548"}],"version-history":[{"count":2,"href":"https:\/\/bas-ip.com\/pt-pt\/wp-json\/wp\/v2\/pages\/151548\/revisions"}],"predecessor-version":[{"id":151614,"href":"https:\/\/bas-ip.com\/pt-pt\/wp-json\/wp\/v2\/pages\/151548\/revisions\/151614"}],"wp:attachment":[{"href":"https:\/\/bas-ip.com\/pt-pt\/wp-json\/wp\/v2\/media?parent=151548"}],"curies":[{"name":"wp","href":"https:\/\/api.w.org\/{rel}","templated":true}]}}