{"id":150029,"date":"2025-02-06T12:58:36","date_gmt":"2025-02-06T12:58:36","guid":{"rendered":"https:\/\/bas-ip.com\/napco\/"},"modified":"2025-11-18T15:19:28","modified_gmt":"2025-11-18T15:19:28","slug":"napco","status":"publish","type":"page","link":"https:\/\/bas-ip.com\/pt-pt\/napco\/","title":{"rendered":"NAPCO"},"content":{"rendered":"<h2 class=\"wp-block-heading\"><strong>BAS-IP e NAPCO: Integra\u00e7\u00e3o para Gerenciamento de Acesso Conveniente<\/strong><\/h2>\n\n\n<div class=\"wp-block-image\">\n<figure class=\"aligncenter size-full\"><img loading=\"lazy\" decoding=\"async\" width=\"900\" height=\"183\" src=\"https:\/\/bas-ip.com\/wp-content\/uploads\/2025\/02\/napco-security-logo.png\" alt=\"\" class=\"wp-image-130197\" srcset=\"https:\/\/bas-ip.com\/wp-content\/uploads\/2025\/02\/napco-security-logo.png 900w,  https:\/\/bas-ip.com\/wp-content\/uploads\/2025\/02\/napco-security-logo-300x61.png 300w,  https:\/\/bas-ip.com\/wp-content\/uploads\/2025\/02\/napco-security-logo-768x156.png 768w,  https:\/\/bas-ip.com\/wp-content\/uploads\/2025\/02\/napco-security-logo-767x156.png 767w\" sizes=\"auto, (max-width: 900px) 100vw, 900px\" \/><\/figure>\n<\/div>\n\n<p data-path-to-node=\"2\">A integra\u00e7\u00e3o com a <b>NAPCO<\/b> opera atrav\u00e9s do painel <b>AV-08FB<\/b> baseado em <b>Android<\/b>. Ao conectar o painel ao software <b>Card Access Software v1.2.x<\/b>, os usu\u00e1rios podem gerenciar credenciais atrav\u00e9s de uma \u00fanica interface, eliminando a necessidade de uma interface web separada, o que simplifica o processo.<\/p>\n<p data-path-to-node=\"3\">A integra\u00e7\u00e3o abrange <b>controle de acesso<\/b>, <b>videovigil\u00e2ncia<\/b> e <b>monitoramento em tempo real<\/b>, tornando o sistema flex\u00edvel e conveniente, especialmente para complexos residenciais e escrit\u00f3rios onde a gest\u00e3o r\u00e1pida e a resposta imediata a eventos s\u00e3o cruciais.<\/p>\n<p data-path-to-node=\"5\">\u00a0<\/p>\n<h3>Benef\u00edcios da Integra\u00e7\u00e3o BAS-IP e NAPCO:<\/h3>\n<p>\u00a0<\/p>\n<ul>\n<li data-path-to-node=\"6,0,0\"><b>Facilidade de Gest\u00e3o:<\/b> Uma \u00fanica interface permite aos usu\u00e1rios gerenciar facilmente credenciais e acesso, simplificando o processo administrativo.<\/li>\n<li data-path-to-node=\"6,0,0\"><b>Sistema Flex\u00edvel:<\/b> A integra\u00e7\u00e3o permite o uso de v\u00e1rias fun\u00e7\u00f5es, incluindo controle de acesso e videovigil\u00e2ncia, tornando o sistema vers\u00e1til.<\/li>\n<li data-path-to-node=\"6,0,0\"><b>Monitoramento em Tempo Real:<\/b> A capacidade de monitorar eventos em tempo real aumenta a seguran\u00e7a e permite uma resposta mais r\u00e1pida a incidentes.<\/li>\n<li data-path-to-node=\"6,0,0\"><b>Ideal para Complexos Residenciais e de Escrit\u00f3rios:<\/b> A solu\u00e7\u00e3o \u00e9 adequada para propriedades onde a resposta r\u00e1pida e o gerenciamento de acesso conveniente s\u00e3o essenciais.<\/li>\n<\/ul>\n<p data-path-to-node=\"8\">\u00a0<\/p>\n<h3>Destaques Principais da Integra\u00e7\u00e3o:<\/h3>\n<p>\u00a0<\/p>\n<p data-path-to-node=\"9\">A colabora\u00e7\u00e3o entre a <b>BAS-IP<\/b> e a <b>NAPCO<\/b> oferece:<\/p>\n<ul>\n<li data-path-to-node=\"10,0,0\">Integra\u00e7\u00e3o com o painel <b>AV-08FB<\/b> e o software <b>Card Access<\/b>, proporcionando gerenciamento de acesso conveniente.<\/li>\n<li data-path-to-node=\"10,0,0\">Interconectividade entre v\u00e1rios aspetos de seguran\u00e7a, como videovigil\u00e2ncia e controle de acesso.<\/li>\n<li data-path-to-node=\"10,0,0\">Configura\u00e7\u00f5es flex\u00edveis para se adaptar \u00e0s diferentes necessidades dos usu\u00e1rios.<\/li>\n<\/ul>\n<p data-path-to-node=\"11\">Esta integra\u00e7\u00e3o permite a consolida\u00e7\u00e3o da gest\u00e3o de acesso e da videovigil\u00e2ncia num \u00fanico sistema, tornando-a uma solu\u00e7\u00e3o ideal para propriedades modernas. A colabora\u00e7\u00e3o entre a <b>BAS-IP<\/b> e a <b>NAPCO<\/b> fornece uma ferramenta eficaz e segura para o gerenciamento e monitoramento de acesso.<\/p>\n<p data-path-to-node=\"12\">Para orienta\u00e7\u00f5es detalhadas sobre instala\u00e7\u00e3o e configura\u00e7\u00e3o, consulte o nosso <a href=\"https:\/\/basip.atlassian.net\/wiki\/spaces\/Integrations\/pages\/248479748\/Integration+with+NAPCO\" target=\"_blank\" rel=\"noopener\"><b>Manual Wiki<\/b><\/a>.<\/p>\n\n<!-- START Block Sign Up --><section id=\"block_629678229e935\" class=\"sign-up-section\">\r\n\r\n    <div class=\"form-holder js-form\" data-aos=\"fade-right\">\r\n                    <div class=\"title-block h3\">Sign up for connection<\/div>\r\n        \r\n                    <div class=\"text-block\">\r\n                Filling out all the information needed to answer you as quickly as possible            <\/div>\r\n        \r\n                    \n<div class=\"wpcf7 no-js\" id=\"wpcf7-f102-o1\" lang=\"en-US\" dir=\"ltr\">\n<div class=\"screen-reader-response\"><p role=\"status\" aria-live=\"polite\" aria-atomic=\"true\"><\/p> <ul><\/ul><\/div>\n<form action=\"\/pt-pt\/wp-json\/wp\/v2\/pages\/150029#wpcf7-f102-o1\" method=\"post\" class=\"wpcf7-form init\" aria-label=\"Contact form\" enctype=\"multipart\/form-data\" novalidate=\"novalidate\" data-status=\"init\">\n<div style=\"display: none;\">\n<input type=\"hidden\" name=\"_wpcf7\" value=\"102\" \/>\n<input type=\"hidden\" name=\"_wpcf7_version\" value=\"5.8.3\" \/>\n<input type=\"hidden\" name=\"_wpcf7_locale\" value=\"en_US\" \/>\n<input type=\"hidden\" name=\"_wpcf7_unit_tag\" value=\"wpcf7-f102-o1\" \/>\n<input type=\"hidden\" name=\"_wpcf7_container_post\" value=\"0\" \/>\n<input type=\"hidden\" name=\"_wpcf7_posted_data_hash\" value=\"\" \/>\n<input type=\"hidden\" name=\"_wpcf7_recaptcha_response\" value=\"\" \/>\n<\/div>\n<div class=\"row\"> \n <label><span class=\"label-text\">Name<\/span> \n  <span class=\"wpcf7-form-control-wrap\" data-name=\"text-full-name\"><input size=\"40\" class=\"wpcf7-form-control wpcf7-text wpcf7-validates-as-required\" aria-required=\"true\" aria-invalid=\"false\" placeholder=\"Name\" value=\"\" type=\"text\" name=\"text-full-name\" \/><\/span><\/label> \n<\/div> \n<div class=\"row\"> \n <label><span class=\"label-text\">Phone*<\/span> \n<span class=\"wpcf7-form-control-wrap\" data-name=\"phonetext-270\"><input size=\"40\" class=\"wpcf7-form-control wpcf7-phonetext wpcf7-validates-as-required wpcf7-text wpcf7-validates-as-phonetext\" aria-required=\"true\" aria-invalid=\"false\" placeholder=\"Phone*\" value=\"\" type=\"text\" name=\"phonetext-270\" \/><input type=\"hidden\" name=\"phonetext-270-country-code\" class=\"wpcf7-phonetext-country-code\" \/><\/span><\/label> \n<\/div> \n<div class=\"row\"> \n <label><span class=\"label-text\">E-mail<\/span> \n  <span class=\"wpcf7-form-control-wrap\" data-name=\"email-e-mail\"><input size=\"40\" class=\"wpcf7-form-control wpcf7-email wpcf7-validates-as-required wpcf7-text wpcf7-validates-as-email\" aria-required=\"true\" aria-invalid=\"false\" placeholder=\"E-mail\" value=\"\" type=\"email\" name=\"email-e-mail\" \/><\/span><\/label> \n<\/div> \n<div class=\"row\"><span>Your country<\/span> \n <label><span class=\"wpcf7-form-control-wrap\" data-name=\"countrytext-126\"><input size=\"40\" class=\"wpcf7-form-control wpcf7-countrytext wpcf7-text wpcf7-validates-as-countrytext\" aria-invalid=\"false\" value=\"\" type=\"text\" name=\"countrytext-126\" \/><\/span> <\/label>\n<\/div> \n<div class=\"row\"> \n <button type=\"submit\" class=\"btn\">Send<\/button> \n<\/div> \n<div class=\"row\"> \n <span class=\"wpcf7-form-control-wrap\" data-name=\"checkbox-931\"><span class=\"wpcf7-form-control wpcf7-checkbox\"><span class=\"wpcf7-list-item first\"><label><input type=\"checkbox\" name=\"checkbox-931[]\" value=\"Integrator\" \/><span class=\"wpcf7-list-item-label\">Integrator<\/span><\/label><\/span><span class=\"wpcf7-list-item\"><label><input type=\"checkbox\" name=\"checkbox-931[]\" value=\"Builder\" \/><span class=\"wpcf7-list-item-label\">Builder<\/span><\/label><\/span><span class=\"wpcf7-list-item last\"><label><input type=\"checkbox\" name=\"checkbox-931[]\" value=\"End-User\" \/><span class=\"wpcf7-list-item-label\">End-User<\/span><\/label><\/span><\/span><\/span> \n<\/div> \n<div class=\"row row-upload-file\"> \n <label class=\"upload-file-block js-upload-file\">Attach file \n  <span class=\"wpcf7-form-control-wrap\" data-name=\"file-466\"><input size=\"40\" class=\"wpcf7-form-control wpcf7-file\" accept=\"audio\/*,video\/*,image\/*\" aria-invalid=\"false\" type=\"file\" name=\"file-466\" \/><\/span><\/label> \n<\/div><input type='hidden' class='wpcf7-pum' value='{\"closepopup\":false,\"closedelay\":0,\"openpopup\":false,\"openpopup_id\":0}' \/><div class=\"wpcf7-response-output\" aria-hidden=\"true\"><\/div>\n<\/form>\n<\/div>\n            <\/div>\r\n\r\n\t\t    <div class=\"text-holder\" data-aos=\"fade-left\">\r\n\t\t\t\t\t\t    <h3 class=\"title-block\">How Can We Help?<\/h3>\r\n\t\t\t\r\n\t\t\t                <div class=\"text-block\">\r\n                    Please select a topic below related to your inquiry. If you don&#8217;t find what you need, fill out our contact form.                <\/div>\r\n\t\t\t\r\n\t\t\t\t\t\t    <ul class=\"link-list\">\r\n\t\t\t\t\t\t\t\t\t\t\t\t\t\t\t\t\t\t<li>\r\n\t\t\t\t\t\t\t\t\t\t\t\t\t\t\t\t    <strong>Get Inspired<\/strong>\r\n\t\t\t\t\t\t\t\t\t\t\t\t\t\t\t\t\t\t\t\t\t\t\t\t    <a href=\"\/features\/\">\r\n\t\t\t\t\t\t\t\t        Discover what&#8217;s beneath our intercom\t\t\t\t\t\t\t\t    <\/a>\r\n\t\t\t\t\t\t\t\t\t\t\t\t\t\t\t<\/li>\r\n\t\t\t\t\t\t\t\t\t\t\t\t\t\t\t\t\t\t\t\t\t\t\t\t<li>\r\n\t\t\t\t\t\t\t\t\t\t\t\t\t\t\t\t    <strong>Become a Partner<\/strong>\r\n\t\t\t\t\t\t\t\t\t\t\t\t\t\t\t\t\t\t\t\t\t\t\t\t    <a href=\"\/distributors\/\">\r\n\t\t\t\t\t\t\t\t        Expand your business with BAS-IP intercom\t\t\t\t\t\t\t\t    <\/a>\r\n\t\t\t\t\t\t\t\t\t\t\t\t\t\t\t<\/li>\r\n\t\t\t\t\t\t\t\t\t\t\t\t\t\t\t\t\t\t\t\t\t\t\t\t<li>\r\n\t\t\t\t\t\t\t\t\t\t\t\t\t\t\t\t    <strong>Check the Guides<\/strong>\r\n\t\t\t\t\t\t\t\t\t\t\t\t\t\t\t\t\t\t\t\t\t\t\t\t    <a href=\"\/support\/\">\r\n\t\t\t\t\t\t\t\t        Download detailed manuals and schemes\t\t\t\t\t\t\t\t    <\/a>\r\n\t\t\t\t\t\t\t\t\t\t\t\t\t\t\t<\/li>\r\n\t\t\t\t\t\t\t\t\t\t\t\t\t\t\t<\/ul>\r\n\t\t\t\r\n\t\t\t\t\t\t    <h3 class=\"title-block\">Our contacts<\/h3>\r\n\t\t\t\r\n\t\t\t\t\t\t\t<ul class=\"contact-list\">\r\n\t\t\t\t\t\t\t\t\t\t\t\t\t\t\t\t\t\t<li>\r\n\t\t\t\t\t\t\t\t\t\t\t\t\t\t\t\t\t<strong>Sales:<\/strong>\r\n\t\t\t\t\t\t\t\t\t\t\t\t\t\t\t\t\t\t\t\t\t\t\t\t    <a href=\"mailto:&#115;&#97;&#108;&#101;&#115;&#64;&#98;&#97;&#115;-&#105;p&#46;c&#111;m\">sa&#108;&#101;s&#64;ba&#115;&#45;&#105;p.&#99;&#111;m<\/a>\r\n\t\t\t\t\t\t\t\t\t\t\t\t\t\t\t<\/li>\r\n\t\t\t\t\t\t\t\t\t\t\t\t\t\t\t\t\t\t\t\t\t\t\t\t<li>\r\n\t\t\t\t\t\t\t\t\t\t\t\t\t\t\t\t\t<strong>Technical support:<\/strong>\r\n\t\t\t\t\t\t\t\t\t\t\t\t\t\t\t\t\t\t\t\t\t\t\t\t    <a href=\"mailto:&#115;&#117;ppor&#116;&#64;b&#97;s&#45;&#105;&#112;&#46;c&#111;m\">s&#117;&#112;&#112;&#111;r&#116;&#64;ba&#115;&#45;&#105;&#112;&#46;c&#111;&#109;<\/a>\r\n\t\t\t\t\t\t\t\t\t\t\t\t\t\t\t<\/li>\r\n\t\t\t\t\t\t\t\t\t\t\t\t\t\t\t<\/ul>\r\n\t\t\t\t\t<\/div>\r\n\t<\/section>\r\n\r\n\r\n\r\n<!-- END Block Sign Up -->","protected":false},"excerpt":{"rendered":"<p>BAS-IP e NAPCO: Integra\u00e7\u00e3o para Gerenciamento de Acesso Conveniente A integra\u00e7\u00e3o com a NAPCO opera atrav\u00e9s do painel AV-08FB baseado em Android. Ao conectar o painel ao software Card Access Software v1.2.x, os usu\u00e1rios podem gerenciar credenciais atrav\u00e9s de uma \u00fanica interface, eliminando a necessidade de uma interface web separada, o que simplifica o processo. [&hellip;]<\/p>","protected":false},"author":1,"featured_media":0,"parent":0,"menu_order":0,"comment_status":"closed","ping_status":"closed","template":"page-custom-breadcrumbs.php","meta":{"inline_featured_image":false,"footnotes":""},"class_list":["post-150029","page","type-page","status-publish","hentry"],"acf":[],"_links":{"self":[{"href":"https:\/\/bas-ip.com\/pt-pt\/wp-json\/wp\/v2\/pages\/150029","targetHints":{"allow":["GET"]}}],"collection":[{"href":"https:\/\/bas-ip.com\/pt-pt\/wp-json\/wp\/v2\/pages"}],"about":[{"href":"https:\/\/bas-ip.com\/pt-pt\/wp-json\/wp\/v2\/types\/page"}],"author":[{"embeddable":true,"href":"https:\/\/bas-ip.com\/pt-pt\/wp-json\/wp\/v2\/users\/1"}],"replies":[{"embeddable":true,"href":"https:\/\/bas-ip.com\/pt-pt\/wp-json\/wp\/v2\/comments?post=150029"}],"version-history":[{"count":2,"href":"https:\/\/bas-ip.com\/pt-pt\/wp-json\/wp\/v2\/pages\/150029\/revisions"}],"predecessor-version":[{"id":150146,"href":"https:\/\/bas-ip.com\/pt-pt\/wp-json\/wp\/v2\/pages\/150029\/revisions\/150146"}],"wp:attachment":[{"href":"https:\/\/bas-ip.com\/pt-pt\/wp-json\/wp\/v2\/media?parent=150029"}],"curies":[{"name":"wp","href":"https:\/\/api.w.org\/{rel}","templated":true}]}}