{"id":148257,"date":"2023-04-05T09:42:38","date_gmt":"2023-04-05T09:42:38","guid":{"rendered":"https:\/\/bas-ip.com\/integration-u-prox\/"},"modified":"2025-11-13T14:33:36","modified_gmt":"2025-11-13T14:33:36","slug":"integration-u-prox","status":"publish","type":"page","link":"https:\/\/bas-ip.com\/pt-pt\/integration-u-prox\/","title":{"rendered":"U-Prox"},"content":{"rendered":"<div class=\"wp-block-image\">\n<figure class=\"aligncenter size-large is-resized\"><img loading=\"lazy\" decoding=\"async\" width=\"1024\" height=\"225\" src=\"https:\/\/bas-ip.com\/wp-content\/uploads\/2023\/04\/UPROX-2-1024x225.png\" alt=\"\" class=\"wp-image-67550\" style=\"width:768px;height:169px\" srcset=\"https:\/\/bas-ip.com\/wp-content\/uploads\/2023\/04\/UPROX-2-1024x225.png 1024w,  https:\/\/bas-ip.com\/wp-content\/uploads\/2023\/04\/UPROX-2-300x66.png 300w,  https:\/\/bas-ip.com\/wp-content\/uploads\/2023\/04\/UPROX-2-768x169.png 768w,  https:\/\/bas-ip.com\/wp-content\/uploads\/2023\/04\/UPROX-2-767x169.png 767w,  https:\/\/bas-ip.com\/wp-content\/uploads\/2023\/04\/UPROX-2.png 1200w\" sizes=\"auto, (max-width: 1024px) 100vw, 1024px\" \/><\/figure>\n<\/div>\n\n<!-- START Block Integrations Text & Image --><section id=\"block_642d403e495e8\" class=\"integrations-text-image-section\">\r\n\t\t<div class=\"image-holder\" data-aos=\"fade-left\">\r\n\t\t<img loading=\"lazy\" decoding=\"async\" width=\"900\" height=\"195\" src=\"https:\/\/bas-ip.com\/wp-content\/uploads\/2023\/04\/upro_image-1024x222.jpg\" class=\"attachment-large size-large\" alt=\"\" srcset=\"https:\/\/bas-ip.com\/wp-content\/uploads\/2023\/04\/upro_image-1024x222.jpg 1024w,  https:\/\/bas-ip.com\/wp-content\/uploads\/2023\/04\/upro_image-300x65.jpg 300w,  https:\/\/bas-ip.com\/wp-content\/uploads\/2023\/04\/upro_image-768x166.jpg 768w,  https:\/\/bas-ip.com\/wp-content\/uploads\/2023\/04\/upro_image-767x166.jpg 767w,  https:\/\/bas-ip.com\/wp-content\/uploads\/2023\/04\/upro_image.jpg 1029w\" sizes=\"auto, (max-width: 900px) 100vw, 900px\" \/>\t<\/div>\r\n\t\r\n\t<div class=\"text-holder\" data-aos=\"fade-right\">\r\n\t\t\t\t\t\t<div class=\"text-block\">\r\n\t\t\t<div class=\"wrapper container margin_t_b_80_p\">\n<div class=\"auntk_text_p\">\n<h1>Integra\u00e7\u00e3o de Seguran\u00e7a U-Prox<\/h1>\n<p>&nbsp;<\/p>\n<p>A utiliza\u00e7\u00e3o de sistemas de intercomunica\u00e7\u00e3o BAS-IP em complexos com equipamentos U-Prox \u00e9 de interesse n\u00e3o s\u00f3 para promotores e organiza\u00e7\u00f5es de instala\u00e7\u00e3o, mas tamb\u00e9m para as pr\u00f3prias empresas, escrit\u00f3rios ou centros comerciais.<\/p>\n<p>Apenas o <b>servidor U-Prox<\/b> e os <b>pain\u00e9is de intercomunica\u00e7\u00e3o BAS-IP<\/b> precisam ser instalados na instala\u00e7\u00e3o. Basta especificar o endere\u00e7o do Proxy server no intercomunicador BAS-IP e o equipamento do sistema de intercomunica\u00e7\u00e3o ser\u00e1 adicionado automaticamente ao servidor numa \u00fanica interface.<\/p>\n<p>Isto ajudar\u00e1 a expandir a gama de oportunidades nas tarefas executadas, bem como a reduzir o custo de equipamentos ou postos de trabalho adicionais.<\/p>\n<p>Gra\u00e7as \u00e0 fus\u00e3o dos dois sistemas num \u00fanico, um novo n\u00edvel de seguran\u00e7a e usabilidade (<i>usability<\/i>) tornou-se dispon\u00edvel:<\/p>\n<ul>\n<li>Capacidade de controlar fechaduras<\/li>\n<li>Leitura, adi\u00e7\u00e3o e elimina\u00e7\u00e3o de identificadores<\/li>\n<li>Estat\u00edsticas de passagem<\/li>\n<li>Suporte total dos pain\u00e9is BAS-IP no software U-Prox<\/li>\n<li>Utiliza\u00e7\u00e3o de um <i>smartphone<\/i> como identificador<\/li>\n<li>Interface unificada de controlo de acesso<\/li>\n<li>Registo de eventos unificado com filtros personaliz\u00e1veis<\/li>\n<li>Distribui\u00e7\u00e3o centralizada de n\u00edveis de acesso nos dispositivos BAS-IP e U-Prox<\/li>\n<\/ul>\n<p>Para informa\u00e7\u00f5es mais detalhadas, visite o nosso <a href=\"https:\/\/basip.atlassian.net\/wiki\/spaces\/Integrations\/pages\/5046964\/Integration+with+U-Prox+software\" target=\"_blank\" rel=\"noopener\">WIKI<\/a>.<\/p>\n<\/div>\n<\/div>\t\t<\/div>\r\n\t\t\r\n\t\t\r\n\t\t\t<\/div>\r\n<\/section>\r\n<!-- END Block Integrations Text & Image -->\n\n<!-- START Block Sign Up --><section id=\"block_642d4169495e9\" class=\"sign-up-section\">\r\n\r\n    <div class=\"form-holder js-form\" data-aos=\"fade-right\">\r\n                    <div class=\"title-block h3\">Inscreva-se para conex\u00e3o<\/div>\r\n        \r\n                    <div class=\"text-block\">\r\n                Preenchendo todas as informa\u00e7\u00f5es necess\u00e1rias para que possamos responder o mais r\u00e1pido poss\u00edvel.            <\/div>\r\n        \r\n                    \n<div class=\"wpcf7 no-js\" id=\"wpcf7-f102-o1\" lang=\"en-US\" dir=\"ltr\">\n<div class=\"screen-reader-response\"><p role=\"status\" aria-live=\"polite\" aria-atomic=\"true\"><\/p> <ul><\/ul><\/div>\n<form action=\"\/pt-pt\/wp-json\/wp\/v2\/pages\/148257#wpcf7-f102-o1\" method=\"post\" class=\"wpcf7-form init\" aria-label=\"Contact form\" enctype=\"multipart\/form-data\" novalidate=\"novalidate\" data-status=\"init\">\n<div style=\"display: none;\">\n<input type=\"hidden\" name=\"_wpcf7\" value=\"102\" \/>\n<input type=\"hidden\" name=\"_wpcf7_version\" value=\"5.8.3\" \/>\n<input type=\"hidden\" name=\"_wpcf7_locale\" value=\"en_US\" \/>\n<input type=\"hidden\" name=\"_wpcf7_unit_tag\" value=\"wpcf7-f102-o1\" \/>\n<input type=\"hidden\" name=\"_wpcf7_container_post\" value=\"0\" \/>\n<input type=\"hidden\" name=\"_wpcf7_posted_data_hash\" value=\"\" \/>\n<input type=\"hidden\" name=\"_wpcf7_recaptcha_response\" value=\"\" \/>\n<\/div>\n<div class=\"row\"> \n <label><span class=\"label-text\">Name<\/span> \n  <span class=\"wpcf7-form-control-wrap\" data-name=\"text-full-name\"><input size=\"40\" class=\"wpcf7-form-control wpcf7-text wpcf7-validates-as-required\" aria-required=\"true\" aria-invalid=\"false\" placeholder=\"Name\" value=\"\" type=\"text\" name=\"text-full-name\" \/><\/span><\/label> \n<\/div> \n<div class=\"row\"> \n <label><span class=\"label-text\">Phone*<\/span> \n<span class=\"wpcf7-form-control-wrap\" data-name=\"phonetext-270\"><input size=\"40\" class=\"wpcf7-form-control wpcf7-phonetext wpcf7-validates-as-required wpcf7-text wpcf7-validates-as-phonetext\" aria-required=\"true\" aria-invalid=\"false\" placeholder=\"Phone*\" value=\"\" type=\"text\" name=\"phonetext-270\" \/><input type=\"hidden\" name=\"phonetext-270-country-code\" class=\"wpcf7-phonetext-country-code\" \/><\/span><\/label> \n<\/div> \n<div class=\"row\"> \n <label><span class=\"label-text\">E-mail<\/span> \n  <span class=\"wpcf7-form-control-wrap\" data-name=\"email-e-mail\"><input size=\"40\" class=\"wpcf7-form-control wpcf7-email wpcf7-validates-as-required wpcf7-text wpcf7-validates-as-email\" aria-required=\"true\" aria-invalid=\"false\" placeholder=\"E-mail\" value=\"\" type=\"email\" name=\"email-e-mail\" \/><\/span><\/label> \n<\/div> \n<div class=\"row\"><span>Your country<\/span> \n <label><span class=\"wpcf7-form-control-wrap\" data-name=\"countrytext-126\"><input size=\"40\" class=\"wpcf7-form-control wpcf7-countrytext wpcf7-text wpcf7-validates-as-countrytext\" aria-invalid=\"false\" value=\"\" type=\"text\" name=\"countrytext-126\" \/><\/span> <\/label>\n<\/div> \n<div class=\"row\"> \n <button type=\"submit\" class=\"btn\">Send<\/button> \n<\/div> \n<div class=\"row\"> \n <span class=\"wpcf7-form-control-wrap\" data-name=\"checkbox-931\"><span class=\"wpcf7-form-control wpcf7-checkbox\"><span class=\"wpcf7-list-item first\"><label><input type=\"checkbox\" name=\"checkbox-931[]\" value=\"Integrator\" \/><span class=\"wpcf7-list-item-label\">Integrator<\/span><\/label><\/span><span class=\"wpcf7-list-item\"><label><input type=\"checkbox\" name=\"checkbox-931[]\" value=\"Builder\" \/><span class=\"wpcf7-list-item-label\">Builder<\/span><\/label><\/span><span class=\"wpcf7-list-item last\"><label><input type=\"checkbox\" name=\"checkbox-931[]\" value=\"End-User\" \/><span class=\"wpcf7-list-item-label\">End-User<\/span><\/label><\/span><\/span><\/span> \n<\/div> \n<div class=\"row row-upload-file\"> \n <label class=\"upload-file-block js-upload-file\">Attach file \n  <span class=\"wpcf7-form-control-wrap\" data-name=\"file-466\"><input size=\"40\" class=\"wpcf7-form-control wpcf7-file\" accept=\"audio\/*,video\/*,image\/*\" aria-invalid=\"false\" type=\"file\" name=\"file-466\" \/><\/span><\/label> \n<\/div><input type='hidden' class='wpcf7-pum' value='{\"closepopup\":false,\"closedelay\":0,\"openpopup\":false,\"openpopup_id\":0}' \/><div class=\"wpcf7-response-output\" aria-hidden=\"true\"><\/div>\n<\/form>\n<\/div>\n            <\/div>\r\n\r\n\t\t    <div class=\"text-holder\" data-aos=\"fade-left\">\r\n\t\t\t\t\t\t    <h3 class=\"title-block\">Como podemos ajudar?<\/h3>\r\n\t\t\t\r\n\t\t\t                <div class=\"text-block\">\r\n                    Selecione abaixo um t\u00f3pico relacionado \u00e0 sua d\u00favida. Caso n\u00e3o encontre o que procura, preencha nosso formul\u00e1rio de contato.                <\/div>\r\n\t\t\t\r\n\t\t\t\t\t\t    <ul class=\"link-list\">\r\n\t\t\t\t\t\t\t\t\t\t\t\t\t\t\t\t\t\t<li>\r\n\t\t\t\t\t\t\t\t\t\t\t\t\t\t\t\t    <strong>Inspire-se<\/strong>\r\n\t\t\t\t\t\t\t\t\t\t\t\t\t\t\t\t\t\t\t\t\t\t\t\t    <a href=\"\/features\/\">\r\n\t\t\t\t\t\t\t\t        Descubra o que est\u00e1 por baixo do nosso interfone.\t\t\t\t\t\t\t\t    <\/a>\r\n\t\t\t\t\t\t\t\t\t\t\t\t\t\t\t<\/li>\r\n\t\t\t\t\t\t\t\t\t\t\t\t\t\t\t\t\t\t\t\t\t\t\t\t<li>\r\n\t\t\t\t\t\t\t\t\t\t\t\t\t\t\t\t    <strong>Torne-se um parceiro<\/strong>\r\n\t\t\t\t\t\t\t\t\t\t\t\t\t\t\t\t\t\t\t\t\t\t\t\t    <a href=\"\/distributors\/\">\r\n\t\t\t\t\t\t\t\t        Expanda seus neg\u00f3cios com o interfone BAS-IP.\t\t\t\t\t\t\t\t    <\/a>\r\n\t\t\t\t\t\t\t\t\t\t\t\t\t\t\t<\/li>\r\n\t\t\t\t\t\t\t\t\t\t\t\t\t\t\t\t\t\t\t\t\t\t\t\t<li>\r\n\t\t\t\t\t\t\t\t\t\t\t\t\t\t\t\t    <strong>Consulte os guias<\/strong>\r\n\t\t\t\t\t\t\t\t\t\t\t\t\t\t\t\t\t\t\t\t\t\t\t\t    <a href=\"\/support\/\">\r\n\t\t\t\t\t\t\t\t        Baixe manuais e esquemas detalhados.\t\t\t\t\t\t\t\t    <\/a>\r\n\t\t\t\t\t\t\t\t\t\t\t\t\t\t\t<\/li>\r\n\t\t\t\t\t\t\t\t\t\t\t\t\t\t\t<\/ul>\r\n\t\t\t\r\n\t\t\t\t\t\t    <h3 class=\"title-block\">Nossos contatos<\/h3>\r\n\t\t\t\r\n\t\t\t\t\t\t\t<ul class=\"contact-list\">\r\n\t\t\t\t\t\t\t\t\t\t\t\t\t\t\t\t\t\t<li>\r\n\t\t\t\t\t\t\t\t\t\t\t\t\t\t\t\t\t<strong>Vendas:<\/strong>\r\n\t\t\t\t\t\t\t\t\t\t\t\t\t\t\t\t\t\t\t\t\t\t\t\t    <a href=\"mailto:sale&#115;&#64;ba&#115;-&#105;&#112;&#46;&#99;om\">sal&#101;&#115;&#64;b&#97;&#115;&#45;ip.c&#111;&#109;<\/a>\r\n\t\t\t\t\t\t\t\t\t\t\t\t\t\t\t<\/li>\r\n\t\t\t\t\t\t\t\t\t\t\t\t\t\t\t\t\t\t\t\t\t\t\t\t<li>\r\n\t\t\t\t\t\t\t\t\t\t\t\t\t\t\t\t\t<strong>Suporte t\u00e9cnico:<\/strong>\r\n\t\t\t\t\t\t\t\t\t\t\t\t\t\t\t\t\t\t\t\t\t\t\t\t    <a href=\"mailto:&#115;&#117;ppor&#116;&#64;&#98;as&#45;i&#112;.c&#111;m\">&#115;up&#112;o&#114;&#116;&#64;bas-&#105;p&#46;c&#111;&#109;<\/a>\r\n\t\t\t\t\t\t\t\t\t\t\t\t\t\t\t<\/li>\r\n\t\t\t\t\t\t\t\t\t\t\t\t\t\t\t<\/ul>\r\n\t\t\t\t\t<\/div>\r\n\t<\/section>\r\n\r\n\r\n\r\n<!-- END Block Sign Up -->","protected":false},"excerpt":{"rendered":"","protected":false},"author":1,"featured_media":0,"parent":0,"menu_order":0,"comment_status":"closed","ping_status":"closed","template":"page-custom-breadcrumbs.php","meta":{"inline_featured_image":false,"footnotes":""},"class_list":["post-148257","page","type-page","status-publish","hentry"],"acf":[],"_links":{"self":[{"href":"https:\/\/bas-ip.com\/pt-pt\/wp-json\/wp\/v2\/pages\/148257","targetHints":{"allow":["GET"]}}],"collection":[{"href":"https:\/\/bas-ip.com\/pt-pt\/wp-json\/wp\/v2\/pages"}],"about":[{"href":"https:\/\/bas-ip.com\/pt-pt\/wp-json\/wp\/v2\/types\/page"}],"author":[{"embeddable":true,"href":"https:\/\/bas-ip.com\/pt-pt\/wp-json\/wp\/v2\/users\/1"}],"replies":[{"embeddable":true,"href":"https:\/\/bas-ip.com\/pt-pt\/wp-json\/wp\/v2\/comments?post=148257"}],"version-history":[{"count":3,"href":"https:\/\/bas-ip.com\/pt-pt\/wp-json\/wp\/v2\/pages\/148257\/revisions"}],"predecessor-version":[{"id":148353,"href":"https:\/\/bas-ip.com\/pt-pt\/wp-json\/wp\/v2\/pages\/148257\/revisions\/148353"}],"wp:attachment":[{"href":"https:\/\/bas-ip.com\/pt-pt\/wp-json\/wp\/v2\/media?parent=148257"}],"curies":[{"name":"wp","href":"https:\/\/api.w.org\/{rel}","templated":true}]}}