{"id":145731,"date":"2025-09-22T13:03:10","date_gmt":"2025-09-22T13:03:10","guid":{"rendered":"https:\/\/bas-ip.com\/career\/"},"modified":"2025-10-06T13:04:43","modified_gmt":"2025-10-06T13:04:43","slug":"career","status":"publish","type":"page","link":"https:\/\/bas-ip.com\/pt-pt\/career\/","title":{"rendered":"Carreira"},"content":{"rendered":"<!-- START Block Career Hero -->   <div class=\"careers-hero\" style=\"background-image:url(https:\/\/bas-ip.com\/wp-content\/uploads\/2025\/09\/career_top_bg_2-scaled.jpg)\">\r\n    <div class=\"careers-hero__overlay\"><\/div>\r\n    <div class=\"careers-container careers-hero__content\">\r\n      <h1 class=\"careers-hero__title\">Estamos <span>procurando<\/span> pessoas qualificadas<\/h1>\r\n              <p class=\"careers-hero__subtitle\">Desenvolvemos solu\u00e7\u00f5es de ponta na \u00e1rea de seguran\u00e7a \u2014 desde interfones IP at\u00e9 controle de acesso e sistemas de videovigil\u00e2ncia.<br>\r\nMas a coisa mais importante que estamos construindo \u00e9 uma equipe.<\/p>\r\n                    <a class=\"careers-btn careers-btn--primary\" href=\"https:\/\/bas-ip.com\/vacancies\/\">\r\n          trabalhe connosco        <\/a>\r\n          <\/div>\r\n  <\/div>\r\n     <section class=\"careers-benefits\">\r\n    <div class=\"careers-container\">\r\n              <h2 class=\"careers-section-title\">Porqu\u00ea juntar-se a n\u00f3s<\/h2>\r\n                    <div class=\"careers-benefits__grid\">\r\n                      <div class=\"careers-benefit\">\r\n                              <div class=\"careers-benefit__icon\"><img decoding=\"async\" src=\"https:\/\/bas-ip.com\/wp-content\/uploads\/2025\/09\/hugeicons_global.svg\" alt=\"icon\"><\/div>\r\n                                            <h3>Remoto em primeiro lugar<\/h3>\r\n                                            <p>Trabalhe a partir de qualquer parte do mundo<\/p>\r\n                          <\/div>\r\n                      <div class=\"careers-benefit\">\r\n                              <div class=\"careers-benefit__icon\"><img decoding=\"async\" src=\"https:\/\/bas-ip.com\/wp-content\/uploads\/2025\/09\/iconoir_brain.svg\" alt=\"icon\"><\/div>\r\n                                            <h3>Produtos inovadores<\/h3>\r\n                                            <p>Tecnologia de ponta no mercado da seguran\u00e7a<\/p>\r\n                          <\/div>\r\n                      <div class=\"careers-benefit\">\r\n                              <div class=\"careers-benefit__icon\"><img decoding=\"async\" src=\"https:\/\/bas-ip.com\/wp-content\/uploads\/2025\/09\/fluent_people-team-16-regular.svg\" alt=\"icon\"><\/div>\r\n                                            <h3>Equipa global<\/h3>\r\n                                            <p>Colabore para al\u00e9m das fronteiras e fusos hor\u00e1rios<\/p>\r\n                          <\/div>\r\n                      <div class=\"careers-benefit\">\r\n                              <div class=\"careers-benefit__icon\"><img decoding=\"async\" src=\"https:\/\/bas-ip.com\/wp-content\/uploads\/2025\/09\/tabler_rocket.svg\" alt=\"icon\"><\/div>\r\n                                            <h3>Impulsionado pelo crescimento<\/h3>\r\n                                            <p>Apoiamos a sua aprendizagem e desenvolvimento de carreira<\/p>\r\n                          <\/div>\r\n                      <div class=\"careers-benefit\">\r\n                              <div class=\"careers-benefit__icon\"><img decoding=\"async\" src=\"https:\/\/bas-ip.com\/wp-content\/uploads\/2025\/09\/octicon_goal-24.svg\" alt=\"icon\"><\/div>\r\n                                            <h3>Resultados sobre burocracia<\/h3>\r\n                                            <p>Valorizamos a a\u00e7\u00e3o e a propriedade<\/p>\r\n                          <\/div>\r\n                      <div class=\"careers-benefit\">\r\n                              <div class=\"careers-benefit__icon\"><img decoding=\"async\" src=\"https:\/\/bas-ip.com\/wp-content\/uploads\/2025\/09\/hugeicons_idea.svg\" alt=\"icon\"><\/div>\r\n                                            <h3>A sua voz importa<\/h3>\r\n                                            <p>A iniciativa \u00e9 bem-vinda e recompensada<\/p>\r\n                          <\/div>\r\n                  <\/div>\r\n          <\/div>\r\n  <\/section>\r\n    <section class=\"careers-vision\">\r\n    <div class=\"careers-container careers-vision__grid\">\r\n      <div class=\"careers-vision__media\">\r\n                  <img decoding=\"async\" src=\"https:\/\/bas-ip.com\/wp-content\/uploads\/2025\/09\/vision.jpg\" alt=\"\" class=\"careers-vision__img careers-vision__img--single\">\r\n              <\/div>\r\n      <div class=\"careers-vision__text\">\r\n                  <h2 class=\"careers-section-title careers-section-title--left\">A nossa vis\u00e3o<\/h2>\r\n                          <p data-start=\"398\" data-end=\"642\">Na BAS-IP, voc\u00ea encontrar\u00e1 oportunidades de crescimento, projetos inspiradores e uma equipe global moldando o futuro da seguran\u00e7a inteligente. Somos mais de 60 pessoas trabalhando de diferentes cantos do mundo \u2014 sem fronteiras para o talento.<\/p>\n<p data-start=\"644\" data-end=\"791\">Nossa equipe re\u00fane profissionais de P&amp;D, Vendas, Suporte, Marketing, Compras &amp; Log\u00edstica, Finan\u00e7as e RH. Somos diversos \u2013 e essa \u00e9 a nossa for\u00e7a.<\/p>\n<p data-start=\"793\" data-end=\"974\" data-is-last-node=\"\" data-is-only-node=\"\">Apoiamos os novos integrantes, inspiramo-nos mutuamente, tomamos decis\u00f5es rapidamente e valorizamos a iniciativa. Aqui, voc\u00ea n\u00e3o vai apenas trabalhar \u2014 voc\u00ea vai fazer a diferen\u00e7a.<\/p>\n                          <a class=\"careers-btn careers-btn--primary\" href=\"https:\/\/bas-ip.com\/vacancies\/\">\r\n            trabalhe connosco          <\/a>\r\n              <\/div>\r\n    <\/div>\r\n  <\/section>\r\n  <section class=\"careers-values\">\r\n    <div class=\"careers-container\">\r\n              <h2 class=\"careers-section-title\">Os Nossos Valores<\/h2>\r\n        <p>Na BAS-IP, a nossa cultura \u00e9 constru\u00edda em mais do que objetivos \u2013 \u00e9 moldada por valores partilhados que orientam a forma como trabalhamos todos os dias:<\/p>\r\n                    <div class=\"careers-values__grid\">\r\n                      <article class=\"careers-card\">\r\n                              <img decoding=\"async\" src=\"https:\/\/bas-ip.com\/wp-content\/uploads\/2025\/09\/honesty3.jpg\" alt=\"\">\r\n                            <div class=\"careers-card__body\">\r\n                                  <h3>Honestidade<\/h3>\r\n                                                  <p>Abertura e transpar\u00eancia em tudo o que fazemos<\/p>\r\n                              <\/div>\r\n            <\/article>\r\n                      <article class=\"careers-card\">\r\n                              <img decoding=\"async\" src=\"https:\/\/bas-ip.com\/wp-content\/uploads\/2025\/09\/optimism.jpg\" alt=\"\">\r\n                            <div class=\"careers-card__body\">\r\n                                  <h3>Otimismo<\/h3>\r\n                                                  <p>Acreditar em n\u00f3s pr\u00f3prios e no sucesso da nossa equipa<\/p>\r\n                              <\/div>\r\n            <\/article>\r\n                      <article class=\"careers-card\">\r\n                              <img decoding=\"async\" src=\"https:\/\/bas-ip.com\/wp-content\/uploads\/2025\/09\/support2.jpg\" alt=\"\">\r\n                            <div class=\"careers-card__body\">\r\n                                  <h3>Apoio<\/h3>\r\n                                                  <p>Ajudando-nos uns aos outros com gentileza e cuidado<\/p>\r\n                              <\/div>\r\n            <\/article>\r\n                      <article class=\"careers-card\">\r\n                              <img decoding=\"async\" src=\"https:\/\/bas-ip.com\/wp-content\/uploads\/2025\/09\/selfdev-1.jpg\" alt=\"\">\r\n                            <div class=\"careers-card__body\">\r\n                                  <h3>Autodesenvolvimento<\/h3>\r\n                                                  <p>Esfor\u00e7ando-nos sempre para aprender e crescer<\/p>\r\n                              <\/div>\r\n            <\/article>\r\n                  <\/div>\r\n          <\/div>\r\n  <\/section>\r\n    <section class=\"careers-banner\">\r\n    <div class=\"careers-banner__bg\" style=\"background-image:url(https:\/\/bas-ip.com\/wp-content\/uploads\/2025\/09\/careerbannerbg1-scaled.jpg)\"><\/div>\r\n    <div class=\"careers-container careers-banner__content\">\r\n              <p class=\"careers-banner__title\">N\u00c3O ESTAMOS APENAS CONSTRUINDO TECNOLOGIA \u2014 <span>ESTAMOS CONSTRUINDO<br>\r\nUMA EQUIPE<\/span> QUE REFLETE ESSES VALORES EM CADA ETAPA.<\/p>\r\n          <\/div>\r\n  <\/section>\r\n\r\n  \r\n    <section id=\"open\" class=\"careers-open\">\r\n    <div class=\"careers-container careers-open__inner\">\r\n              <h2 class=\"careers-section-title\">Posi\u00e7\u00f5es em aberto<\/h2>\r\n                    <p>Explore as nossas vagas atuais e candidate-se diretamente. Estamos sempre \u00e0 procura de profissionais apaixonados para se juntarem \u00e0 nossa jornada.<\/p>\r\n                    <a class=\"careers-btn careers-btn--primary\" href=\"https:\/\/bas-ip.com\/vacancies\/\">\r\n          trabalhe connosco        <\/a>\r\n          <\/div>\r\n  <\/section><!-- END Block Career Hero -->","protected":false},"excerpt":{"rendered":"","protected":false},"author":2,"featured_media":0,"parent":0,"menu_order":0,"comment_status":"closed","ping_status":"closed","template":"","meta":{"inline_featured_image":false,"footnotes":""},"class_list":["post-145731","page","type-page","status-publish","hentry"],"acf":[],"_links":{"self":[{"href":"https:\/\/bas-ip.com\/pt-pt\/wp-json\/wp\/v2\/pages\/145731","targetHints":{"allow":["GET"]}}],"collection":[{"href":"https:\/\/bas-ip.com\/pt-pt\/wp-json\/wp\/v2\/pages"}],"about":[{"href":"https:\/\/bas-ip.com\/pt-pt\/wp-json\/wp\/v2\/types\/page"}],"author":[{"embeddable":true,"href":"https:\/\/bas-ip.com\/pt-pt\/wp-json\/wp\/v2\/users\/2"}],"replies":[{"embeddable":true,"href":"https:\/\/bas-ip.com\/pt-pt\/wp-json\/wp\/v2\/comments?post=145731"}],"version-history":[{"count":3,"href":"https:\/\/bas-ip.com\/pt-pt\/wp-json\/wp\/v2\/pages\/145731\/revisions"}],"predecessor-version":[{"id":145941,"href":"https:\/\/bas-ip.com\/pt-pt\/wp-json\/wp\/v2\/pages\/145731\/revisions\/145941"}],"wp:attachment":[{"href":"https:\/\/bas-ip.com\/pt-pt\/wp-json\/wp\/v2\/media?parent=145731"}],"curies":[{"name":"wp","href":"https:\/\/api.w.org\/{rel}","templated":true}]}}