{"id":140963,"date":"2025-06-03T12:48:57","date_gmt":"2025-06-03T12:48:57","guid":{"rendered":"https:\/\/bas-ip.com\/condo-control\/"},"modified":"2025-08-06T09:48:44","modified_gmt":"2025-08-06T09:48:44","slug":"condo-control","status":"publish","type":"page","link":"https:\/\/bas-ip.com\/pt-pt\/condo-control\/","title":{"rendered":"Condo Control"},"content":{"rendered":"<h2>BAS-IP e Condo Control Anunciam Integra\u00e7\u00e3o para Melhorar a Experi\u00eancia de Vida Residencial<\/h2>\n\n<div class=\"wp-block-image\">\n<figure class=\"aligncenter size-large\"><img loading=\"lazy\" decoding=\"async\" width=\"1024\" height=\"235\" src=\"https:\/\/bas-ip.com\/wp-content\/uploads\/2025\/06\/Condo-Control-1024x235.png\" alt=\"\" class=\"wp-image-138764\" srcset=\"https:\/\/bas-ip.com\/wp-content\/uploads\/2025\/06\/Condo-Control-1024x235.png 1024w,  https:\/\/bas-ip.com\/wp-content\/uploads\/2025\/06\/Condo-Control-300x69.png 300w,  https:\/\/bas-ip.com\/wp-content\/uploads\/2025\/06\/Condo-Control-768x177.png 768w,  https:\/\/bas-ip.com\/wp-content\/uploads\/2025\/06\/Condo-Control-767x176.png 767w,  https:\/\/bas-ip.com\/wp-content\/uploads\/2025\/06\/Condo-Control.png 1266w\" sizes=\"auto, (max-width: 1024px) 100vw, 1024px\" \/><\/figure>\n<\/div>\n\n<p>A BAS-IP, uma desenvolvedora l\u00edder de sistemas de intercomunica\u00e7\u00e3o IP, e a Condo Control, a plataforma completa que digitaliza as opera\u00e7\u00f5es para mais de 2 milh\u00f5es de residentes, anunciaram hoje uma integra\u00e7\u00e3o estrat\u00e9gica. Essa colabora\u00e7\u00e3o cria uma fonte \u00fanica de verdade para os dados dos residentes, eliminando a entrada duplicada e permitindo a sincroniza\u00e7\u00e3o cont\u00ednua dos dados dos residentes entre os dois sistemas, proporcionando um novo n\u00edvel de conveni\u00eancia e precis\u00e3o de dados para os residentes e gestores de propriedade no Canad\u00e1.<\/p>\n<p>A principal caracter\u00edstica desta integra\u00e7\u00e3o \u00e9 a sincroniza\u00e7\u00e3o da lista de residentes da plataforma Condo Control com os intercomunicadores BAS-IP. Em vez de discar n\u00fameros de apartamento, os visitantes podem rolar um diret\u00f3rio inteligente alfabetizado, tocar em um nome e o painel de chamada exibe agora uma lista telef\u00f3nica com os nomes dos residentes, oferecendo uma abordagem mais intuitiva e centrada no usu\u00e1rio.<\/p>\n<p>O sistema Condo Control serve como a interface principal para que os administradores de propriedade possam facilmente adicionar, excluir e atualizar os registos dos residentes. Estas altera\u00e7\u00f5es s\u00e3o transferidas automaticamente para o diret\u00f3rio inteligente do sistema de intercomunica\u00e7\u00e3o atrav\u00e9s da plataforma de gest\u00e3o BAS-IP Link, que atua como middleware. O BAS-IP Link tamb\u00e9m gere o processo de chamada, garantindo uma comunica\u00e7\u00e3o fi\u00e1vel.<\/p>\n<p>Esta melhoria foi implementada tendo em mente as prefer\u00eancias dos residentes canadianos, que est\u00e3o habituados a receber chamadas nos seus n\u00fameros de telem\u00f3vel pessoais em vez de num dispositivo fixo no apartamento.<\/p>\n<p>\u201cA nossa miss\u00e3o \u00e9 digitalizar e simplificar as opera\u00e7\u00f5es da comunidade\u201d, disse Brian Bosscher, da Condo Control. \u201cA parceria com a BAS-IP permite que os gestores atualizem os dados uma vez e d\u00e1 aos residentes o acesso m\u00f3vel sem atrito que eles esperam.\u201d<\/p>\n<p><strong><u>Principais benef\u00edcios:<\/u><\/strong><\/p>\n<ul>\n<li><b>Zero entradas duplicadas<\/b> \u2013 os registos dos residentes fluem automaticamente.<\/li>\n<li><b>As chamadas chegam \u00e0 pessoa certa na primeira tentativa<\/b> \u2013 menos devolu\u00e7\u00f5es de chamada no lobby..<\/li>\n<li><b>Experi\u00eancia mobile-first<\/b> \u2013 os residentes podem atender a partir de qualquer telem\u00f3vel.<\/li>\n<li><b>Sempre atualizado:<\/b> n\u00fameros de telefone e entradas\/sa\u00eddas sincronizam instantaneamente.<\/li>\n<\/ul>\n<p><strong><u>O processo de chamada foi aprimorado para m\u00e1xima flexibilidade:<\/u><\/strong><\/p>\n<ul>\n<li><b>Chamada Direta para o Residente:<\/b> Os visitantes podem ligar para um residente espec\u00edfico no seu n\u00famero de telem\u00f3vel pessoal ou na aplica\u00e7\u00e3o m\u00f3vel BAS-IP Link, selecionando o seu nome no diret\u00f3rio inteligente ou digitando um c\u00f3digo espec\u00edfico.<\/li>\n<li><b>Chamada para o Apartamento:<\/b> A op\u00e7\u00e3o tradicional de ligar para todos os residentes de um apartamento simultaneamente ainda est\u00e1 dispon\u00edvel.<\/li>\n<li><b>Modelo H\u00edbrido:<\/b> Ambas as op\u00e7\u00f5es podem ser suportadas simultaneamente num \u00fanico dispositivo de chamada.<\/li>\n<\/ul>\n<p><strong><u>Como a Integra\u00e7\u00e3o Funciona:<\/u><\/strong><\/p>\n<ul>\n<li><b>Registo:<\/b> O administrador regista um residente no sistema Condo Control e adiciona as suas informa\u00e7\u00f5es de contacto.<\/li>\n<li><b>Sincroniza\u00e7\u00e3o:<\/b> O servidor BAS-IP Link envia automaticamente os dados do residente para o Diret\u00f3rio Inteligente do painel de chamada.<\/li>\n<li><b>Chamada:<\/b> Um estafeta ou convidado seleciona o residente pelo nome ou digita o seu c\u00f3digo.<\/li>\n<li><b>Atender:<\/b> O residente atende a chamada a partir do painel no seu n\u00famero de telem\u00f3vel pessoal (atrav\u00e9s de um tronco SIP Twilio conectado) ou na aplica\u00e7\u00e3o BAS-IP Link.<\/li>\n<li><b>Acesso:<\/b> O residente pode abrir a porta remotamente.<\/li>\n<\/ul>\n<p>A integra\u00e7\u00e3o tamb\u00e9m garante atualiza\u00e7\u00f5es autom\u00e1ticas de dados. Quaisquer altera\u00e7\u00f5es no n\u00famero de telefone de um residente, a exclus\u00e3o de um usu\u00e1rio ou uma sess\u00e3o da aplica\u00e7\u00e3o m\u00f3vel no sistema Condo Control s\u00e3o imediatamente refletidas no esquema de encaminhamento do BAS-IP Link, garantindo que as informa\u00e7\u00f5es de contacto estejam sempre atualizadas.<\/p>\n<p>Esta integra\u00e7\u00e3o representa um passo significativo na cria\u00e7\u00e3o de espa\u00e7os de vida mais inteligentes e convenientes. Ao combinar a tecnologia de ponta de intercomunica\u00e7\u00e3o IP da BAS-IP com as poderosas capacidades de gest\u00e3o de propriedade da Condo Control, as empresas est\u00e3o a fornecer uma solu\u00e7\u00e3o que atende \u00e0s necessidades modernas dos residentes e simplifica o fluxo de trabalho para os administradores.<\/p>\n\n<!-- START Block Sign Up --><section id=\"block_629678229e935\" class=\"sign-up-section\">\r\n\r\n    <div class=\"form-holder js-form\" data-aos=\"fade-right\">\r\n                    <div class=\"title-block h3\">Sign up for connection<\/div>\r\n        \r\n                    <div class=\"text-block\">\r\n                Filling out all the information needed to answer you as quickly as possible            <\/div>\r\n        \r\n                    \n<div class=\"wpcf7 no-js\" id=\"wpcf7-f102-o1\" lang=\"en-US\" dir=\"ltr\">\n<div class=\"screen-reader-response\"><p role=\"status\" aria-live=\"polite\" aria-atomic=\"true\"><\/p> <ul><\/ul><\/div>\n<form action=\"\/pt-pt\/wp-json\/wp\/v2\/pages\/140963#wpcf7-f102-o1\" method=\"post\" class=\"wpcf7-form init\" aria-label=\"Contact form\" enctype=\"multipart\/form-data\" novalidate=\"novalidate\" data-status=\"init\">\n<div style=\"display: none;\">\n<input type=\"hidden\" name=\"_wpcf7\" value=\"102\" \/>\n<input type=\"hidden\" name=\"_wpcf7_version\" value=\"5.8.3\" \/>\n<input type=\"hidden\" name=\"_wpcf7_locale\" value=\"en_US\" \/>\n<input type=\"hidden\" name=\"_wpcf7_unit_tag\" value=\"wpcf7-f102-o1\" \/>\n<input type=\"hidden\" name=\"_wpcf7_container_post\" value=\"0\" \/>\n<input type=\"hidden\" name=\"_wpcf7_posted_data_hash\" value=\"\" \/>\n<input type=\"hidden\" name=\"_wpcf7_recaptcha_response\" value=\"\" \/>\n<\/div>\n<div class=\"row\"> \n <label><span class=\"label-text\">Name<\/span> \n  <span class=\"wpcf7-form-control-wrap\" data-name=\"text-full-name\"><input size=\"40\" class=\"wpcf7-form-control wpcf7-text wpcf7-validates-as-required\" aria-required=\"true\" aria-invalid=\"false\" placeholder=\"Name\" value=\"\" type=\"text\" name=\"text-full-name\" \/><\/span><\/label> \n<\/div> \n<div class=\"row\"> \n <label><span class=\"label-text\">Phone*<\/span> \n<span class=\"wpcf7-form-control-wrap\" data-name=\"phonetext-270\"><input size=\"40\" class=\"wpcf7-form-control wpcf7-phonetext wpcf7-validates-as-required wpcf7-text wpcf7-validates-as-phonetext\" aria-required=\"true\" aria-invalid=\"false\" placeholder=\"Phone*\" value=\"\" type=\"text\" name=\"phonetext-270\" \/><input type=\"hidden\" name=\"phonetext-270-country-code\" class=\"wpcf7-phonetext-country-code\" \/><\/span><\/label> \n<\/div> \n<div class=\"row\"> \n <label><span class=\"label-text\">E-mail<\/span> \n  <span class=\"wpcf7-form-control-wrap\" data-name=\"email-e-mail\"><input size=\"40\" class=\"wpcf7-form-control wpcf7-email wpcf7-validates-as-required wpcf7-text wpcf7-validates-as-email\" aria-required=\"true\" aria-invalid=\"false\" placeholder=\"E-mail\" value=\"\" type=\"email\" name=\"email-e-mail\" \/><\/span><\/label> \n<\/div> \n<div class=\"row\"><span>Your country<\/span> \n <label><span class=\"wpcf7-form-control-wrap\" data-name=\"countrytext-126\"><input size=\"40\" class=\"wpcf7-form-control wpcf7-countrytext wpcf7-text wpcf7-validates-as-countrytext\" aria-invalid=\"false\" value=\"\" type=\"text\" name=\"countrytext-126\" \/><\/span> <\/label>\n<\/div> \n<div class=\"row\"> \n <button type=\"submit\" class=\"btn\">Send<\/button> \n<\/div> \n<div class=\"row\"> \n <span class=\"wpcf7-form-control-wrap\" data-name=\"checkbox-931\"><span class=\"wpcf7-form-control wpcf7-checkbox\"><span class=\"wpcf7-list-item first\"><label><input type=\"checkbox\" name=\"checkbox-931[]\" value=\"Integrator\" \/><span class=\"wpcf7-list-item-label\">Integrator<\/span><\/label><\/span><span class=\"wpcf7-list-item\"><label><input type=\"checkbox\" name=\"checkbox-931[]\" value=\"Builder\" \/><span class=\"wpcf7-list-item-label\">Builder<\/span><\/label><\/span><span class=\"wpcf7-list-item last\"><label><input type=\"checkbox\" name=\"checkbox-931[]\" value=\"End-User\" \/><span class=\"wpcf7-list-item-label\">End-User<\/span><\/label><\/span><\/span><\/span> \n<\/div> \n<div class=\"row row-upload-file\"> \n <label class=\"upload-file-block js-upload-file\">Attach file \n  <span class=\"wpcf7-form-control-wrap\" data-name=\"file-466\"><input size=\"40\" class=\"wpcf7-form-control wpcf7-file\" accept=\"audio\/*,video\/*,image\/*\" aria-invalid=\"false\" type=\"file\" name=\"file-466\" \/><\/span><\/label> \n<\/div><input type='hidden' class='wpcf7-pum' value='{\"closepopup\":false,\"closedelay\":0,\"openpopup\":false,\"openpopup_id\":0}' \/><div class=\"wpcf7-response-output\" aria-hidden=\"true\"><\/div>\n<\/form>\n<\/div>\n            <\/div>\r\n\r\n\t\t    <div class=\"text-holder\" data-aos=\"fade-left\">\r\n\t\t\t\t\t\t    <h3 class=\"title-block\">How Can We Help?<\/h3>\r\n\t\t\t\r\n\t\t\t                <div class=\"text-block\">\r\n                    Please select a topic below related to your inquiry. If you don&#8217;t find what you need, fill out our contact form.                <\/div>\r\n\t\t\t\r\n\t\t\t\t\t\t    <ul class=\"link-list\">\r\n\t\t\t\t\t\t\t\t\t\t\t\t\t\t\t\t\t\t<li>\r\n\t\t\t\t\t\t\t\t\t\t\t\t\t\t\t\t    <strong>Get Inspired<\/strong>\r\n\t\t\t\t\t\t\t\t\t\t\t\t\t\t\t\t\t\t\t\t\t\t\t\t    <a href=\"\/features\/\">\r\n\t\t\t\t\t\t\t\t        Discover what&#8217;s beneath our intercom\t\t\t\t\t\t\t\t    <\/a>\r\n\t\t\t\t\t\t\t\t\t\t\t\t\t\t\t<\/li>\r\n\t\t\t\t\t\t\t\t\t\t\t\t\t\t\t\t\t\t\t\t\t\t\t\t<li>\r\n\t\t\t\t\t\t\t\t\t\t\t\t\t\t\t\t    <strong>Become a Partner<\/strong>\r\n\t\t\t\t\t\t\t\t\t\t\t\t\t\t\t\t\t\t\t\t\t\t\t\t    <a href=\"\/distributors\/\">\r\n\t\t\t\t\t\t\t\t        Expand your business with BAS-IP intercom\t\t\t\t\t\t\t\t    <\/a>\r\n\t\t\t\t\t\t\t\t\t\t\t\t\t\t\t<\/li>\r\n\t\t\t\t\t\t\t\t\t\t\t\t\t\t\t\t\t\t\t\t\t\t\t\t<li>\r\n\t\t\t\t\t\t\t\t\t\t\t\t\t\t\t\t    <strong>Check the Guides<\/strong>\r\n\t\t\t\t\t\t\t\t\t\t\t\t\t\t\t\t\t\t\t\t\t\t\t\t    <a href=\"\/support\/\">\r\n\t\t\t\t\t\t\t\t        Download detailed manuals and schemes\t\t\t\t\t\t\t\t    <\/a>\r\n\t\t\t\t\t\t\t\t\t\t\t\t\t\t\t<\/li>\r\n\t\t\t\t\t\t\t\t\t\t\t\t\t\t\t<\/ul>\r\n\t\t\t\r\n\t\t\t\t\t\t    <h3 class=\"title-block\">Our contacts<\/h3>\r\n\t\t\t\r\n\t\t\t\t\t\t\t<ul class=\"contact-list\">\r\n\t\t\t\t\t\t\t\t\t\t\t\t\t\t\t\t\t\t<li>\r\n\t\t\t\t\t\t\t\t\t\t\t\t\t\t\t\t\t<strong>Sales:<\/strong>\r\n\t\t\t\t\t\t\t\t\t\t\t\t\t\t\t\t\t\t\t\t\t\t\t\t    <a href=\"mailto:&#115;a&#108;&#101;&#115;&#64;bas-ip.co&#109;\">sal&#101;&#115;&#64;&#98;&#97;s&#45;i&#112;.&#99;om<\/a>\r\n\t\t\t\t\t\t\t\t\t\t\t\t\t\t\t<\/li>\r\n\t\t\t\t\t\t\t\t\t\t\t\t\t\t\t\t\t\t\t\t\t\t\t\t<li>\r\n\t\t\t\t\t\t\t\t\t\t\t\t\t\t\t\t\t<strong>Technical support:<\/strong>\r\n\t\t\t\t\t\t\t\t\t\t\t\t\t\t\t\t\t\t\t\t\t\t\t\t    <a href=\"mailto:support&#64;&#98;as&#45;ip&#46;com\">&#115;&#117;pp&#111;r&#116;&#64;&#98;a&#115;&#45;ip&#46;c&#111;m<\/a>\r\n\t\t\t\t\t\t\t\t\t\t\t\t\t\t\t<\/li>\r\n\t\t\t\t\t\t\t\t\t\t\t\t\t\t\t<\/ul>\r\n\t\t\t\t\t<\/div>\r\n\t<\/section>\r\n\r\n\r\n\r\n<!-- END Block Sign Up -->","protected":false},"excerpt":{"rendered":"<p>BAS-IP e Condo Control Anunciam Integra\u00e7\u00e3o para Melhorar a Experi\u00eancia de Vida Residencial A BAS-IP, uma desenvolvedora l\u00edder de sistemas de intercomunica\u00e7\u00e3o IP, e a Condo Control, a plataforma completa que digitaliza as opera\u00e7\u00f5es para mais de 2 milh\u00f5es de residentes, anunciaram hoje uma integra\u00e7\u00e3o estrat\u00e9gica. Essa colabora\u00e7\u00e3o cria uma fonte \u00fanica de verdade para [&hellip;]<\/p>","protected":false},"author":1,"featured_media":0,"parent":0,"menu_order":0,"comment_status":"closed","ping_status":"closed","template":"page-custom-breadcrumbs.php","meta":{"inline_featured_image":false,"footnotes":""},"class_list":["post-140963","page","type-page","status-publish","hentry"],"acf":[],"_links":{"self":[{"href":"https:\/\/bas-ip.com\/pt-pt\/wp-json\/wp\/v2\/pages\/140963","targetHints":{"allow":["GET"]}}],"collection":[{"href":"https:\/\/bas-ip.com\/pt-pt\/wp-json\/wp\/v2\/pages"}],"about":[{"href":"https:\/\/bas-ip.com\/pt-pt\/wp-json\/wp\/v2\/types\/page"}],"author":[{"embeddable":true,"href":"https:\/\/bas-ip.com\/pt-pt\/wp-json\/wp\/v2\/users\/1"}],"replies":[{"embeddable":true,"href":"https:\/\/bas-ip.com\/pt-pt\/wp-json\/wp\/v2\/comments?post=140963"}],"version-history":[{"count":3,"href":"https:\/\/bas-ip.com\/pt-pt\/wp-json\/wp\/v2\/pages\/140963\/revisions"}],"predecessor-version":[{"id":140995,"href":"https:\/\/bas-ip.com\/pt-pt\/wp-json\/wp\/v2\/pages\/140963\/revisions\/140995"}],"wp:attachment":[{"href":"https:\/\/bas-ip.com\/pt-pt\/wp-json\/wp\/v2\/media?parent=140963"}],"curies":[{"name":"wp","href":"https:\/\/api.w.org\/{rel}","templated":true}]}}