{"id":133962,"date":"2023-03-27T09:32:04","date_gmt":"2023-03-27T09:32:04","guid":{"rendered":"https:\/\/bas-ip.com\/medical\/"},"modified":"2025-03-24T09:12:51","modified_gmt":"2025-03-24T09:12:51","slug":"medical","status":"publish","type":"page","link":"https:\/\/bas-ip.com\/pt-pt\/medical\/","title":{"rendered":"Para hospitais\/Instala\u00e7\u00f5es m\u00e9dicas"},"content":{"rendered":"<h1 class=\"wp-block-heading\"><strong>Sistema de intercomunica\u00e7\u00e3o hospitalar por BAS-IP &#8211; Elevate Patient Care<\/strong><\/h1>\n\n\n\n<p>A ind\u00fastria m\u00e9dica est\u00e1 em constante evolu\u00e7\u00e3o para fornecer aos pacientes o melhor atendimento poss\u00edvel. Como a comunica\u00e7\u00e3o desempenha um papel crucial na presta\u00e7\u00e3o de servi\u00e7os m\u00e9dicos eficientes e seguros, a atualiza\u00e7\u00e3o para um sistema de intercomunica\u00e7\u00e3o hospitalar de ponta \u00e9 indispens\u00e1vel. Os inovadores sistemas de intercomunica\u00e7\u00e3o m\u00e9dica da BAS-IP, projetados especificamente para salas limpas e instala\u00e7\u00f5es m\u00e9dicas, trazem conveni\u00eancia e confiabilidade incompar\u00e1veis aos profissionais de sa\u00fade e seus pacientes. Neste artigo, exploramos os recursos e benef\u00edcios do intercomunicador hospitalar da BAS-IP e como ele pode revolucionar a forma como as instala\u00e7\u00f5es m\u00e9dicas operam.<\/p>\n\n\n\n<h2 class=\"wp-block-heading\"><strong>O poder do intercomunicador hospitalar BAS-IP<\/strong><\/h2>\n\n\n<!-- START Block Features --><section id=\"block_64304f018b5e4\" class=\"features-section\">\r\n\t\r\n    <div class=\"features-list\">\r\n                    <div class=\"features-item\" data-aos=\"fade-up\">\r\n    <div class=\"features-box\">\r\n                    <div class=\"image-holder\">\r\n                <img loading=\"lazy\" decoding=\"async\" width=\"350\" height=\"320\" src=\"https:\/\/bas-ip.com\/wp-content\/uploads\/2023\/04\/1-2-350x320.jpg\" class=\"attachment-thumbnail_350x320 size-thumbnail_350x320\" alt=\"\" \/>            <\/div>\r\n        \r\n        <div class=\"text-holder\">\r\n                        <h3 class=\"title-block\">Integra\u00e7\u00e3o perfeita com redes locais IP<\/h3>\r\n          \r\n                        <div class=\"text-block\">\r\n                <p>Uma das vantagens significativas dos sistemas de intercomunica\u00e7\u00e3o m\u00e9dica da BAS-IP \u00e9 a sua capacidade de operar perfeitamente dentro da mesma rede local IP. Essa compatibilidade garante uma comunica\u00e7\u00e3o fluida entre diferentes dispositivos de intercomunica\u00e7\u00e3o, reduzindo a lat\u00eancia e melhorando a efici\u00eancia geral.<\/p>\n              <\/div>\r\n                  <\/div>\r\n    <\/div>\r\n<\/div>\r\n                    <div class=\"features-item\" data-aos=\"fade-up\">\r\n    <div class=\"features-box\">\r\n                    <div class=\"image-holder\">\r\n                <img loading=\"lazy\" decoding=\"async\" width=\"350\" height=\"320\" src=\"https:\/\/bas-ip.com\/wp-content\/uploads\/2023\/04\/2-2-350x320.jpg\" class=\"attachment-thumbnail_350x320 size-thumbnail_350x320\" alt=\"\" \/>            <\/div>\r\n        \r\n        <div class=\"text-holder\">\r\n                        <h3 class=\"title-block\">Recursos avan\u00e7ados para comunica\u00e7\u00e3o melhorada<\/h3>\r\n          \r\n                        <div class=\"text-block\">\r\n                <p>A BAS-IP oferece uma ampla gama de recursos exclusivos para seu sistema de intercomunica\u00e7\u00e3o hospitalar, diferenciando-o dos concorrentes. Alguns desses recursos incluem videochamadas HD, controle de acesso e compatibilidade com v\u00e1rios dispositivos IP, garantindo comunica\u00e7\u00e3o simplificada e maior seguran\u00e7a para instala\u00e7\u00f5es m\u00e9dicas.<\/p>\n              <\/div>\r\n                  <\/div>\r\n    <\/div>\r\n<\/div>\r\n                    <div class=\"features-item\" data-aos=\"fade-up\">\r\n    <div class=\"features-box\">\r\n                    <div class=\"image-holder\">\r\n                <img loading=\"lazy\" decoding=\"async\" width=\"350\" height=\"320\" src=\"https:\/\/bas-ip.com\/wp-content\/uploads\/2023\/04\/3-2-350x320.jpg\" class=\"attachment-thumbnail_350x320 size-thumbnail_350x320\" alt=\"\" \/>            <\/div>\r\n        \r\n        <div class=\"text-holder\">\r\n                        <h3 class=\"title-block\">Capacidades de intercomunica\u00e7\u00e3o para salas limpas<\/h3>\r\n          \r\n                        <div class=\"text-block\">\r\n                <p>As salas limpas exigem padr\u00f5es higi\u00eanicos rigorosos, e o sistema de intercomunica\u00e7\u00e3o hospitalar da BAS-IP foi projetado para atender a esses requisitos. O intercomunicador de sala limpa garante que a comunica\u00e7\u00e3o entre os profissionais de sa\u00fade permane\u00e7a ininterrupta, sem comprometer a esterilidade e a seguran\u00e7a desses ambientes especializados.<\/p>\n              <\/div>\r\n                  <\/div>\r\n    <\/div>\r\n<\/div>\r\n            <\/div>\r\n<\/section>\r\n<!-- END Block Features -->\n\n\n<h2 class=\"wp-block-heading\"><strong>Componentes de hardware de alta qualidade da BAS-IP<\/strong><\/h2>\n\n\n<!-- START Block Features --><section id=\"block_64304f888b5e8\" class=\"features-section\">\r\n\t\r\n    <div class=\"features-list\">\r\n                    <div class=\"features-item\" data-aos=\"fade-up\">\r\n    <div class=\"features-box\">\r\n                    <div class=\"image-holder\">\r\n                <img loading=\"lazy\" decoding=\"async\" width=\"350\" height=\"320\" src=\"https:\/\/bas-ip.com\/wp-content\/uploads\/2023\/04\/4-2-350x320.jpg\" class=\"attachment-thumbnail_350x320 size-thumbnail_350x320\" alt=\"\" \/>            <\/div>\r\n        \r\n        <div class=\"text-holder\">\r\n                        <h3 class=\"title-block\">AV-04AFD \u2013 O dispositivo de intercomunica\u00e7\u00e3o definitivo<\/h3>\r\n          \r\n                        <div class=\"text-block\">\r\n                <p>O AV-04AFD \u00e9 um dispositivo de intercomunica\u00e7\u00e3o vers\u00e1til, projetado para fornecer desempenho de alto n\u00edvel para instala\u00e7\u00f5es m\u00e9dicas. Com seus recursos de chamadas de \u00e1udio HD, integra\u00e7\u00e3o de controle de acesso e compatibilidade com v\u00e1rios dispositivos IP, ele oferece recursos de comunica\u00e7\u00e3o e seguran\u00e7a incompar\u00e1veis em um design elegante e moderno.<\/p>\n              <\/div>\r\n                  <\/div>\r\n    <\/div>\r\n<\/div>\r\n                    <div class=\"features-item\" data-aos=\"fade-up\">\r\n    <div class=\"features-box\">\r\n                    <div class=\"image-holder\">\r\n                <img loading=\"lazy\" decoding=\"async\" width=\"350\" height=\"320\" src=\"https:\/\/bas-ip.com\/wp-content\/uploads\/2023\/04\/5-3-350x320.jpg\" class=\"attachment-thumbnail_350x320 size-thumbnail_350x320\" alt=\"\" \/>            <\/div>\r\n        \r\n        <div class=\"text-holder\">\r\n                        <h3 class=\"title-block\">AM-02 \u2013 Terminal de Consierge Eficiente<\/h3>\r\n          \r\n                        <div class=\"text-block\">\r\n                <p>O terminal de concierge AM-02 garante uma comunica\u00e7\u00e3o clara e confi\u00e1vel entre os profissionais de sa\u00fade. Este dispositivo de f\u00e1cil instala\u00e7\u00e3o pode ser integrado perfeitamente ao sistema de intercomunica\u00e7\u00e3o hospitalar, fornecendo uma solu\u00e7\u00e3o eficiente e econ\u00f4mica para instala\u00e7\u00f5es m\u00e9dicas.<\/p>\n              <\/div>\r\n                  <\/div>\r\n    <\/div>\r\n<\/div>\r\n                    <div class=\"features-item\" data-aos=\"fade-up\">\r\n    <div class=\"features-box\">\r\n                    <div class=\"image-holder\">\r\n                <img loading=\"lazy\" decoding=\"async\" width=\"350\" height=\"320\" src=\"https:\/\/bas-ip.com\/wp-content\/uploads\/2023\/04\/6-2-350x320.jpg\" class=\"attachment-thumbnail_350x320 size-thumbnail_350x320\" alt=\"\" \/>            <\/div>\r\n        \r\n        <div class=\"text-holder\">\r\n                        <h3 class=\"title-block\">SH-31TM &#8211; M\u00f3dulo de Temperatura do Painel de Entrada<\/h3>\r\n          \r\n                        <div class=\"text-block\">\r\n                <p>O m\u00f3dulo de intercomunica\u00e7\u00e3o de porta com medi\u00e7\u00e3o de temperatura do pulso sem contato \u00e9 uma parte essencial de um sistema de intercomunica\u00e7\u00e3o hospitalar. Este dispositivo inovador combina controle de acesso e recursos de triagem de sa\u00fade para garantir um ambiente seguro e protegido para pacientes e funcion\u00e1rios em instala\u00e7\u00f5es de sa\u00fade.<\/p>\n              <\/div>\r\n                  <\/div>\r\n    <\/div>\r\n<\/div>\r\n            <\/div>\r\n<\/section>\r\n<!-- END Block Features -->\n\n<!-- START Block FAQ --><section id=\"block_642163c6f4e28\" class=\"faq-section\">\r\n\t\t    <h2 class=\"title-section\" data-aos=\"fade-right\">Perguntas Frequentes (FAQs)<\/h2>\r\n\t\t\t    <div class=\"faq-list js-accordion\" data-aos=\"fade-up\">\r\n\t\t\t\t\t\t\t\t\t\t\t    <div class=\"accordion-item faq-item\">\r\n                        <div class=\"accordion-opener\">\r\n                            Q: Como \u00e9 que o sistema de intercomunica\u00e7\u00e3o hospitalar da BAS-IP melhora a efici\u00eancia em instala\u00e7\u00f5es m\u00e9dicas?                            <i class=\"fa-solid fa-chevron-down\"><\/i>\r\n                        <\/div>\r\n                        <div class=\"accordion-slide\">\r\n\t\t\t\t\t\t    <p>O sistema de intercomunica\u00e7\u00e3o hospitalar da BAS-IP permite que os profissionais de sa\u00fade se comuniquem de forma integrada e segura, aumentando a efici\u00eancia geral. Ao integrar recursos avan\u00e7ados como chamadas de \u00e1udio e v\u00eddeo HD, controle de acesso e compatibilidade com v\u00e1rios dispositivos IP, o sistema agiliza a comunica\u00e7\u00e3o e reduz o tempo de resposta em situa\u00e7\u00f5es cr\u00edticas.<\/p>\n                        <\/div>\r\n\t\t\t\t\t<\/div>\r\n\t\t\t\t\t\t\t\t\t\t\t\t\t\t\t    <div class=\"accordion-item faq-item\">\r\n                        <div class=\"accordion-opener\">\r\n                            Q: O sistema de intercomunica\u00e7\u00e3o hospitalar BAS-IP pode ser personalizado para satisfazer os requisitos de uma unidade m\u00e9dica espec\u00edfica?                            <i class=\"fa-solid fa-chevron-down\"><\/i>\r\n                        <\/div>\r\n                        <div class=\"accordion-slide\">\r\n\t\t\t\t\t\t    <p>Sim, o sistema de intercomunica\u00e7\u00e3o hospitalar da BAS-IP pode ser adaptado para atender \u00e0s necessidades espec\u00edficas de uma instala\u00e7\u00e3o m\u00e9dica. Sua compatibilidade com v\u00e1rios dispositivos IP e integra\u00e7\u00e3o perfeita com redes locais IP garantem que o sistema possa ser personalizado para fornecer a solu\u00e7\u00e3o de comunica\u00e7\u00e3o mais eficiente e eficaz para sua instala\u00e7\u00e3o.<\/p>\n                        <\/div>\r\n\t\t\t\t\t<\/div>\r\n\t\t\t\t\t\t\t\t\t\t\t\t\t\t\t    <div class=\"accordion-item faq-item\">\r\n                        <div class=\"accordion-opener\">\r\n                            Q: O que torna o intercomunicador de sala limpa da BAS-IP adequado para ambientes est\u00e9reis?                            <i class=\"fa-solid fa-chevron-down\"><\/i>\r\n                        <\/div>\r\n                        <div class=\"accordion-slide\">\r\n\t\t\t\t\t\t    <p>O intercomunicador de sala limpa da BAS-IP foi projetado para atender aos rigorosos padr\u00f5es higi\u00eanicos exigidos em ambientes est\u00e9reis. O sistema garante comunica\u00e7\u00e3o ininterrupta sem comprometer a esterilidade e a seguran\u00e7a das salas limpas, tornando-o uma escolha ideal para instala\u00e7\u00f5es m\u00e9dicas com requisitos de higiene rigorosos.<\/p>\n                        <\/div>\r\n\t\t\t\t\t<\/div>\r\n\t\t\t\t\t\t\t\t\t\t\t\t\t\t\t    <div class=\"accordion-item faq-item\">\r\n                        <div class=\"accordion-opener\">\r\n                            Q: Qu\u00e3o f\u00e1cil \u00e9 instalar e manter o sistema de intercomunica\u00e7\u00e3o hospitalar da BAS-IP?                            <i class=\"fa-solid fa-chevron-down\"><\/i>\r\n                        <\/div>\r\n                        <div class=\"accordion-slide\">\r\n\t\t\t\t\t\t    <p>O sistema de intercomunica\u00e7\u00e3o hospitalar da BAS-IP \u00e9 projetado para f\u00e1cil instala\u00e7\u00e3o e manuten\u00e7\u00e3o. A integra\u00e7\u00e3o perfeita do sistema com redes locais IP simplifica o processo de instala\u00e7\u00e3o, enquanto seus componentes de hardware de alta qualidade, como o AV-04AFD e o AM-02, garantem confiabilidade e durabilidade para uso a longo prazo.<\/p>\n                        <\/div>\r\n\t\t\t\t\t<\/div>\r\n\t\t\t\t\t\t\t\t\t<\/div>\r\n\t<\/section>\r\n<!-- END Block FAQ -->\n\n\n<p>O sistema de intercomunica\u00e7\u00e3o hospitalar da BAS-IP oferece uma solu\u00e7\u00e3o de comunica\u00e7\u00e3o avan\u00e7ada para instala\u00e7\u00f5es m\u00e9dicas, melhorando a efici\u00eancia, a seguran\u00e7a e a higiene. Atualize para o sistema de intercomunica\u00e7\u00e3o hospitalar da BAS-IP hoje e experimente a diferen\u00e7a na comunica\u00e7\u00e3o e nas opera\u00e7\u00f5es de sua instala\u00e7\u00e3o de sa\u00fade.<\/p>","protected":false},"excerpt":{"rendered":"<p>Sistema de intercomunica\u00e7\u00e3o hospitalar por BAS-IP &#8211; Elevate Patient Care A ind\u00fastria m\u00e9dica est\u00e1 em constante evolu\u00e7\u00e3o para fornecer aos pacientes o melhor atendimento poss\u00edvel. Como a comunica\u00e7\u00e3o desempenha um papel crucial na presta\u00e7\u00e3o de servi\u00e7os m\u00e9dicos eficientes e seguros, a atualiza\u00e7\u00e3o para um sistema de intercomunica\u00e7\u00e3o hospitalar de ponta \u00e9 indispens\u00e1vel. Os inovadores sistemas [&hellip;]<\/p>","protected":false},"author":1,"featured_media":0,"parent":0,"menu_order":0,"comment_status":"closed","ping_status":"closed","template":"","meta":{"inline_featured_image":false,"footnotes":""},"class_list":["post-133962","page","type-page","status-publish","hentry"],"acf":[],"_links":{"self":[{"href":"https:\/\/bas-ip.com\/pt-pt\/wp-json\/wp\/v2\/pages\/133962","targetHints":{"allow":["GET"]}}],"collection":[{"href":"https:\/\/bas-ip.com\/pt-pt\/wp-json\/wp\/v2\/pages"}],"about":[{"href":"https:\/\/bas-ip.com\/pt-pt\/wp-json\/wp\/v2\/types\/page"}],"author":[{"embeddable":true,"href":"https:\/\/bas-ip.com\/pt-pt\/wp-json\/wp\/v2\/users\/1"}],"replies":[{"embeddable":true,"href":"https:\/\/bas-ip.com\/pt-pt\/wp-json\/wp\/v2\/comments?post=133962"}],"version-history":[{"count":3,"href":"https:\/\/bas-ip.com\/pt-pt\/wp-json\/wp\/v2\/pages\/133962\/revisions"}],"predecessor-version":[{"id":134045,"href":"https:\/\/bas-ip.com\/pt-pt\/wp-json\/wp\/v2\/pages\/133962\/revisions\/134045"}],"wp:attachment":[{"href":"https:\/\/bas-ip.com\/pt-pt\/wp-json\/wp\/v2\/media?parent=133962"}],"curies":[{"name":"wp","href":"https:\/\/api.w.org\/{rel}","templated":true}]}}