{"id":133781,"date":"2023-03-27T16:07:41","date_gmt":"2023-03-27T16:07:41","guid":{"rendered":"https:\/\/bas-ip.com\/gates\/"},"modified":"2025-03-18T14:13:53","modified_gmt":"2025-03-18T14:13:53","slug":"gates","status":"publish","type":"page","link":"https:\/\/bas-ip.com\/pt-pt\/gates\/","title":{"rendered":"Port\u00f5es"},"content":{"rendered":"<h1 class=\"wp-block-heading\"><strong>Sistema de intercomunica\u00e7\u00e3o de port\u00f5es: melhore a sua seguran\u00e7a<\/strong><\/h1>\n\n\n\n<p>Bem-vindo ao futuro da gest\u00e3o de acesso a propriedades, onde conveni\u00eancia, seguran\u00e7a e tecnologia de ponta se unem. Com o sistema de interfone BAS-IP, voc\u00ea pode experimentar um controle incompar\u00e1vel sobre os pontos de acesso \u00e0 sua propriedade. Seja uma resid\u00eancia, um complexo de apartamentos ou uma instala\u00e7\u00e3o comercial, nossos sistemas de interfone para port\u00f5es oferecem recursos exclusivos que atendem a todas as suas necessidades. Vamos explorar as principais caracter\u00edsticas e vantagens do interfone BAS-IP para port\u00f5es, fornecendo todas as informa\u00e7\u00f5es necess\u00e1rias para que voc\u00ea tome uma decis\u00e3o informada.<\/p>\n\n\n\n<h2 class=\"wp-block-heading\"><strong>Porqu\u00ea escolher um sistema de intercomunica\u00e7\u00e3o BAS-IP?<\/strong><\/h2>\n\n\n\n<p>Os sistemas de interfone BAS-IP para port\u00f5es oferecem uma variedade de recursos que os destacam dos interfones tradicionais. Aqui est\u00e3o alguns dos principais benef\u00edcios de escolher um sistema de interfone BAS-IP para o port\u00e3o de entrada:<\/p>\n\n\n<!-- START Block Features --><section id=\"block_6430528dc3f3e\" class=\"features-section\">\r\n\t\r\n    <div class=\"features-list\">\r\n                    <div class=\"features-item\" data-aos=\"fade-up\">\r\n    <div class=\"features-box\">\r\n                    <div class=\"image-holder\">\r\n                <img loading=\"lazy\" decoding=\"async\" width=\"350\" height=\"320\" src=\"https:\/\/bas-ip.com\/wp-content\/uploads\/2023\/04\/1-3-350x320.jpg\" class=\"attachment-thumbnail_350x320 size-thumbnail_350x320\" alt=\"\" \/>            <\/div>\r\n        \r\n        <div class=\"text-holder\">\r\n                        <h3 class=\"title-block\">Integra\u00e7\u00e3o perfeita dentro da rede local IP<\/h3>\r\n          \r\n                        <div class=\"text-block\">\r\n                <p>Os sistemas de interfone BAS-IP para port\u00f5es s\u00e3o projetados para funcionar de forma suave dentro da mesma rede local IP, garantindo uma instala\u00e7\u00e3o e configura\u00e7\u00e3o f\u00e1ceis. Essa integra\u00e7\u00e3o sem interrup\u00e7\u00f5es permite que voc\u00ea incorpore seu sistema de interfone \u00e0 infraestrutura de rede existente de maneira simples, minimizando problemas de compatibilidade e reduzindo a complexidade.<\/p>\n              <\/div>\r\n                  <\/div>\r\n    <\/div>\r\n<\/div>\r\n                    <div class=\"features-item\" data-aos=\"fade-up\">\r\n    <div class=\"features-box\">\r\n                    <div class=\"image-holder\">\r\n                <img loading=\"lazy\" decoding=\"async\" width=\"350\" height=\"320\" src=\"https:\/\/bas-ip.com\/wp-content\/uploads\/2023\/04\/2-3-350x320.jpg\" class=\"attachment-thumbnail_350x320 size-thumbnail_350x320\" alt=\"\" \/>            <\/div>\r\n        \r\n        <div class=\"text-holder\">\r\n                        <h3 class=\"title-block\">Conectividade de longa dist\u00e2ncia<\/h3>\r\n          \r\n                        <div class=\"text-block\">\r\n                <p>Uma das caracter\u00edsticas de destaque dos sistemas de interfone BAS-IP para port\u00f5es \u00e9 a capacidade de funcionar em longas dist\u00e2ncias. Isso os torna uma escolha ideal para propriedades grandes, complexos residenciais extensos ou instala\u00e7\u00f5es comerciais, onde os pontos de acesso podem estar espalhados. Com as solu\u00e7\u00f5es de interfone BAS-IP para port\u00f5es, voc\u00ea pode manter comunica\u00e7\u00e3o segura e controle em toda a sua propriedade, independentemente da dist\u00e2ncia.<\/p>\n              <\/div>\r\n                  <\/div>\r\n    <\/div>\r\n<\/div>\r\n                    <div class=\"features-item\" data-aos=\"fade-up\">\r\n    <div class=\"features-box\">\r\n                    <div class=\"image-holder\">\r\n                <img loading=\"lazy\" decoding=\"async\" width=\"350\" height=\"320\" src=\"https:\/\/bas-ip.com\/wp-content\/uploads\/2023\/04\/3-3-350x320.jpg\" class=\"attachment-thumbnail_350x320 size-thumbnail_350x320\" alt=\"\" \/>            <\/div>\r\n        \r\n        <div class=\"text-holder\">\r\n                        <h3 class=\"title-block\">Controlo de port\u00e3o baseado em PC<\/h3>\r\n          \r\n                        <div class=\"text-block\">\r\n                <p>Os sistemas de interfone BAS-IP para port\u00f5es oferecem a flexibilidade de abrir e gerenciar seus port\u00f5es a partir de um PC. Isso significa que voc\u00ea pode controlar o acesso de forma remota e conveniente, sem a necessidade de uma interface f\u00edsica dedicada. Esteja voc\u00ea em casa ou no escrit\u00f3rio, ter\u00e1 controle total sobre os pontos de acesso \u00e0 sua propriedade, ao alcance dos seus dedos.<\/p>\n              <\/div>\r\n                  <\/div>\r\n    <\/div>\r\n<\/div>\r\n                    <div class=\"features-item\" data-aos=\"fade-up\">\r\n    <div class=\"features-box\">\r\n                    <div class=\"image-holder\">\r\n                <img loading=\"lazy\" decoding=\"async\" width=\"350\" height=\"320\" src=\"https:\/\/bas-ip.com\/wp-content\/uploads\/2023\/04\/4-3-350x320.jpg\" class=\"attachment-thumbnail_350x320 size-thumbnail_350x320\" alt=\"\" \/>            <\/div>\r\n        \r\n        <div class=\"text-holder\">\r\n                        <h3 class=\"title-block\">M\u00f3dulo de fecho duplo para gest\u00e3o de v\u00e1rios port\u00f5es<\/h3>\r\n          \r\n                        <div class=\"text-block\">\r\n                <p>O m\u00f3dulo de dupla fechadura BAS-IP SH-42 permite controlar dois port\u00f5es simultaneamente usando um \u00fanico sistema de interfone para port\u00f5es. Esse recurso \u00e9 perfeito para propriedades com m\u00faltiplos pontos de acesso ou entradas separadas para pedestres e ve\u00edculos, permitindo o gerenciamento eficiente de todos os seus port\u00f5es a partir de um sistema centralizado.<\/p>\n              <\/div>\r\n                  <\/div>\r\n    <\/div>\r\n<\/div>\r\n                    <div class=\"features-item\" data-aos=\"fade-up\">\r\n    <div class=\"features-box\">\r\n                    <div class=\"image-holder\">\r\n                <img loading=\"lazy\" decoding=\"async\" width=\"350\" height=\"320\" src=\"https:\/\/bas-ip.com\/wp-content\/uploads\/2023\/04\/5-4-350x320.jpg\" class=\"attachment-thumbnail_350x320 size-thumbnail_350x320\" alt=\"\" \/>            <\/div>\r\n        \r\n        <div class=\"text-holder\">\r\n                        <h3 class=\"title-block\">Integra\u00e7\u00e3o com sistemas de CCTV IP existentes<\/h3>\r\n          \r\n                        <div class=\"text-block\">\r\n                <p>Os sistemas de interfone de v\u00eddeo BAS-IP para port\u00f5es podem ser facilmente integrados \u00e0 sua infraestrutura existente de CCTV IP. Isso permite que voc\u00ea monitore e controle os pontos de acesso \u00e0 sua propriedade usando a mesma interface das suas c\u00e2meras de seguran\u00e7a, simplificando a gest\u00e3o de seguran\u00e7a e aumentando a efici\u00eancia geral.<\/p>\n              <\/div>\r\n                  <\/div>\r\n    <\/div>\r\n<\/div>\r\n                    <div class=\"features-item\" data-aos=\"fade-up\">\r\n    <div class=\"features-box\">\r\n                    <div class=\"image-holder\">\r\n                <img loading=\"lazy\" decoding=\"async\" width=\"350\" height=\"320\" src=\"https:\/\/bas-ip.com\/wp-content\/uploads\/2023\/04\/6-3-350x320.jpg\" class=\"attachment-thumbnail_350x320 size-thumbnail_350x320\" alt=\"\" \/>            <\/div>\r\n        \r\n        <div class=\"text-holder\">\r\n                        <h3 class=\"title-block\">Integra\u00e7\u00e3o de reconhecimento de matr\u00edculas<\/h3>\r\n          \r\n                        <div class=\"text-block\">\r\n                <p>Os pain\u00e9is de entrada BAS-IP podem ser integrados com c\u00e2meras de reconhecimento de placas de ve\u00edculos, permitindo automatizar o acesso para ve\u00edculos pr\u00e9-autorizados. Esse recurso avan\u00e7ado melhora significativamente a seguran\u00e7a e a conveni\u00eancia, abrindo automaticamente as barreiras para ve\u00edculos autorizados, minimizando os tempos de espera e reduzindo a necessidade de controle manual de acesso.<\/p>\n              <\/div>\r\n                  <\/div>\r\n    <\/div>\r\n<\/div>\r\n            <\/div>\r\n<\/section>\r\n<!-- END Block Features -->\n\n\n<h2 class=\"wp-block-heading\"><strong>Compat\u00edvel com v\u00e1rios tipos de port\u00f5es<\/strong><\/h2>\n\n\n\n<p>Os interfones BAS-IP para port\u00f5es podem ser integrados com diferentes mecanismos de port\u00f5es, proporcionando uma experi\u00eancia de comunica\u00e7\u00e3o fluida para os usu\u00e1rios:<\/p>\n\n\n\n<ol class=\"wp-block-list\">\n<li><strong>Port\u00f5es de abertura:<\/strong> Esses port\u00f5es abrem e fecham com um movimento de balan\u00e7o, para dentro ou para fora. S\u00e3o populares em ambientes residenciais e comerciais devido \u00e0 sua apar\u00eancia cl\u00e1ssica e facilidade de uso.<\/li>\n\n\n\n<li><strong>Port\u00f5es deslizantes:<\/strong> Comumente usados em ambientes comerciais e industriais, os port\u00f5es deslizantes movem-se horizontalmente ao longo de uma trilha para abrir e fechar.<\/li>\n\n\n\n<li><strong>Port\u00f5es de barreira:<\/strong> Frequentemente encontrados em estacionamentos e \u00e1reas com controle de acesso, os port\u00f5es de barreira usam um bra\u00e7o vertical para controlar a entrada e sa\u00edda.<\/li>\n\n\n\n<li><strong>Port\u00f5es de dobrar:<\/strong> Esses port\u00f5es consistem em dois pain\u00e9is que se dobram juntos ao abrir, economizando espa\u00e7o e proporcionando uma apar\u00eancia elegante.<\/li>\n\n\n\n<li><strong>Port\u00f5es de levantamento vertical:<\/strong> Normalmente usados em \u00e1reas de alta seguran\u00e7a, os port\u00f5es de levantamento vertical movem-se para cima e para baixo para abrir e fechar.<\/li>\n\n\n\n<li><strong>Catracas:<\/strong> Comuns em centros de transporte p\u00fablico e alguns edif\u00edcios comerciais, as catracas controlam o acesso permitindo que apenas uma pessoa passe de cada vez.<\/li>\n\n\n\n<li><strong>Port\u00f5es para pedestres:<\/strong> Esses port\u00f5es s\u00e3o projetados especificamente para o tr\u00e1fego de pedestres e podem ser encontrados em v\u00e1rios ambientes, como comunidades residenciais, parques ou complexos comerciais..<\/li>\n<\/ol>\n\n\n\n<p>A adaptabilidade do interfone BAS-IP o torna uma escolha ideal para uma ampla gama de tipos de port\u00f5es, garantindo controle de acesso eficiente e seguro para propriedades residenciais, comerciais e industriais.<\/p>\n\n\n\n<h2 class=\"wp-block-heading\"><strong>Compreender os componentes de um sistema de intercomunica\u00e7\u00e3o BAS-IP para port\u00f5es<\/strong><\/h2>\n\n\n\n<p>Os sistemas de interfone BAS-IP para port\u00f5es consistem em tr\u00eas componentes principais, cada um desempenhando um papel crucial na cria\u00e7\u00e3o de um sistema completo e eficiente de interfone para entrada de port\u00f5es:<\/p>\n\n\n<!-- START Block Features --><section id=\"block_643053d1c3f45\" class=\"features-section\">\r\n\t\r\n    <div class=\"features-list\">\r\n                    <div class=\"features-item\" data-aos=\"fade-up\">\r\n    <div class=\"features-box\">\r\n                    <div class=\"image-holder\">\r\n                <img loading=\"lazy\" decoding=\"async\" width=\"350\" height=\"320\" src=\"https:\/\/bas-ip.com\/wp-content\/uploads\/2023\/04\/7-1-350x320.jpg\" class=\"attachment-thumbnail_350x320 size-thumbnail_350x320\" alt=\"\" \/>            <\/div>\r\n        \r\n        <div class=\"text-holder\">\r\n                        <h3 class=\"title-block\">Pain\u00e9is de porta de intercomunica\u00e7\u00e3o IP<\/h3>\r\n          \r\n                        <div class=\"text-block\">\r\n                <p>Os pain\u00e9is de entrada BAS-IP servem como a interface principal para o seu sistema de interfone para port\u00f5es. Eles s\u00e3o projetados para ser dur\u00e1veis, resistentes \u00e0s intemp\u00e9ries e f\u00e1ceis de usar. Com uma variedade de designs e acabamentos, esses pain\u00e9is podem ser personalizados para se adequar \u00e0 est\u00e9tica da sua propriedade. Com c\u00e2meras, microfones e alto-falantes integrados, os pain\u00e9is de entrada BAS-IP oferecem comunica\u00e7\u00e3o de \u00e1udio e v\u00eddeo cristalina entre o visitante e o residente ou pessoal de seguran\u00e7a.<\/p>\n              <\/div>\r\n                  <\/div>\r\n    <\/div>\r\n<\/div>\r\n                    <div class=\"features-item\" data-aos=\"fade-up\">\r\n    <div class=\"features-box\">\r\n                    <div class=\"image-holder\">\r\n                <img loading=\"lazy\" decoding=\"async\" width=\"350\" height=\"320\" src=\"https:\/\/bas-ip.com\/wp-content\/uploads\/2023\/04\/8-1-350x320.jpg\" class=\"attachment-thumbnail_350x320 size-thumbnail_350x320\" alt=\"\" \/>            <\/div>\r\n        \r\n        <div class=\"text-holder\">\r\n                        <h3 class=\"title-block\">Telefones de v\u00eddeo<\/h3>\r\n          \r\n                        <div class=\"text-block\">\r\n                <p>Os videoporteiros BAS-IP servem como a interface interna do seu sistema de interfone, permitindo que voc\u00ea veja e converse com os visitantes no seu port\u00e3o. Esses dispositivos oferecem comunica\u00e7\u00e3o de v\u00eddeo e \u00e1udio de alta qualidade, garantindo que voc\u00ea possa identificar claramente e se comunicar com seus visitantes antes de conceder acesso \u00e0 sua propriedade.<\/p>\n              <\/div>\r\n                  <\/div>\r\n    <\/div>\r\n<\/div>\r\n                    <div class=\"features-item\" data-aos=\"fade-up\">\r\n    <div class=\"features-box\">\r\n                    <div class=\"image-holder\">\r\n                <img loading=\"lazy\" decoding=\"async\" width=\"350\" height=\"320\" src=\"https:\/\/bas-ip.com\/wp-content\/uploads\/2023\/04\/9-1-350x320.jpg\" class=\"attachment-thumbnail_350x320 size-thumbnail_350x320\" alt=\"\" \/>            <\/div>\r\n        \r\n        <div class=\"text-holder\">\r\n                        <h3 class=\"title-block\">Interruptores POE<\/h3>\r\n          \r\n                        <div class=\"text-block\">\r\n                <p>Os switches Power over Ethernet (POE) s\u00e3o um componente essencial de um interfone BAS-IP para port\u00f5es el\u00e9tricos. Eles fornecem tanto energia quanto conectividade de dados para seus dispositivos de interfone usando um \u00fanico cabo Ethernet. Isso simplifica a instala\u00e7\u00e3o, reduz a bagun\u00e7a de cabos e garante uma conex\u00e3o confi\u00e1vel e de alta velocidade entre os componentes do seu sistema de interfone para port\u00f5es.<\/p>\n              <\/div>\r\n                  <\/div>\r\n    <\/div>\r\n<\/div>\r\n            <\/div>\r\n<\/section>\r\n<!-- END Block Features -->\n\n<!-- START Block FAQ --><section id=\"block_6421c0e7ae86e\" class=\"faq-section\">\r\n\t\t    <h2 class=\"title-section\" data-aos=\"fade-right\">Perguntas Frequentes (FAQs)<\/h2>\r\n\t\t\t    <div class=\"faq-list js-accordion\" data-aos=\"fade-up\">\r\n\t\t\t\t\t\t\t\t\t\t\t    <div class=\"accordion-item faq-item\">\r\n                        <div class=\"accordion-opener\">\r\n                            Q: Posso utilizar um sistema de intercomunica\u00e7\u00e3o BAS-IP com a minha rede local IP existente?                            <i class=\"fa-solid fa-chevron-down\"><\/i>\r\n                        <\/div>\r\n                        <div class=\"accordion-slide\">\r\n\t\t\t\t\t\t    <p>Sim, os sistemas de interfone BAS-IP para port\u00f5es s\u00e3o projetados para funcionar de forma integrada \u00e0 sua rede local IP existente, tornando a integra\u00e7\u00e3o f\u00e1cil e sem complica\u00e7\u00f5es.<\/p>\n                        <\/div>\r\n\t\t\t\t\t<\/div>\r\n\t\t\t\t\t\t\t\t\t\t\t\t\t\t\t    <div class=\"accordion-item faq-item\">\r\n                        <div class=\"accordion-opener\">\r\n                            Q: Como funcionam os sistemas de intercomunica\u00e7\u00e3o BAS-IP para port\u00f5es em longas dist\u00e2ncias?                            <i class=\"fa-solid fa-chevron-down\"><\/i>\r\n                        <\/div>\r\n                        <div class=\"accordion-slide\">\r\n\t\t\t\t\t\t    <p>Os sistemas de interfone BAS-IP para port\u00f5es s\u00e3o projetados para funcionar de forma eficiente em longas dist\u00e2ncias, tornando-os uma escolha ideal para propriedades com pontos de acesso espalhados ou grandes instala\u00e7\u00f5es.<\/p>\n                        <\/div>\r\n\t\t\t\t\t<\/div>\r\n\t\t\t\t\t\t\t\t\t\t\t\t\t\t\t    <div class=\"accordion-item faq-item\">\r\n                        <div class=\"accordion-opener\">\r\n                            Q: Como posso integrar o meu videoporteiro BAS-IP com o meu sistema de CCTV IP existente?                            <i class=\"fa-solid fa-chevron-down\"><\/i>\r\n                        <\/div>\r\n                        <div class=\"accordion-slide\">\r\n\t\t\t\t\t\t    <p>Os sistemas de interfone BAS-IP para port\u00f5es podem ser facilmente integrados \u00e0 sua infraestrutura existente de CCTV IP, permitindo que voc\u00ea gerencie e monitore os pontos de acesso \u00e0 sua propriedade usando a mesma interface das suas c\u00e2meras de seguran\u00e7a.<\/p>\n                        <\/div>\r\n\t\t\t\t\t<\/div>\r\n\t\t\t\t\t\t\t\t\t\t\t\t\t\t\t    <div class=\"accordion-item faq-item\">\r\n                        <div class=\"accordion-opener\">\r\n                            Q: \u00c9 poss\u00edvel controlar v\u00e1rios port\u00f5es utilizando um \u00fanico dispositivo de intercomunica\u00e7\u00e3o BAS-IP?                            <i class=\"fa-solid fa-chevron-down\"><\/i>\r\n                        <\/div>\r\n                        <div class=\"accordion-slide\">\r\n\t\t\t\t\t\t    <p>Sim, com o m\u00f3dulo de dupla fechadura BAS-IP SH-42, voc\u00ea pode controlar dois port\u00f5es simultaneamente usando um \u00fanico sistema de interfone para port\u00f5es. Esse recurso \u00e9 perfeito para propriedades com m\u00faltiplos pontos de acesso ou entradas separadas para pedestres e ve\u00edculos.<\/p>\n                        <\/div>\r\n\t\t\t\t\t<\/div>\r\n\t\t\t\t\t\t\t\t\t<\/div>\r\n\t<\/section>\r\n<!-- END Block FAQ -->\n\n\n<p>Os sistemas de interfone BAS-IP para port\u00f5es oferecem uma combina\u00e7\u00e3o perfeita de conveni\u00eancia, seguran\u00e7a e tecnologia avan\u00e7ada para um controle incompar\u00e1vel sobre o acesso \u00e0 sua propriedade. Com recursos exclusivos, como integra\u00e7\u00e3o perfeita com a rede local IP, conectividade de longa dist\u00e2ncia, controle de port\u00e3o baseado em PC, funcionalidade de m\u00f3dulo de dupla fechadura, integra\u00e7\u00e3o com sistemas de CCTV IP e compatibilidade com c\u00e2meras de reconhecimento de placas de ve\u00edculos, os sistemas de interfone BAS-IP para port\u00f5es s\u00e3o uma escolha excepcional para qualquer propriet\u00e1rio que deseje aprimorar a gest\u00e3o de acessos.<\/p>\n\n\n\n<p>Ao escolher um sistema de interfone para o port\u00e3o de entrada BAS-IP, voc\u00ea estar\u00e1 investindo em uma solu\u00e7\u00e3o que pode se adaptar facilmente \u00e0s suas necessidades, crescer junto com sua propriedade e proporcionar a tranquilidade de saber que sua propriedade est\u00e1 segura e acess\u00edvel apenas para aqueles em quem voc\u00ea confia. Experimente a diferen\u00e7a que um sistema de interfone BAS-IP pode fazer pela sua propriedade hoje mesmo.<\/p>","protected":false},"excerpt":{"rendered":"<p>Sistema de intercomunica\u00e7\u00e3o de port\u00f5es: melhore a sua seguran\u00e7a Bem-vindo ao futuro da gest\u00e3o de acesso a propriedades, onde conveni\u00eancia, seguran\u00e7a e tecnologia de ponta se unem. Com o sistema de interfone BAS-IP, voc\u00ea pode experimentar um controle incompar\u00e1vel sobre os pontos de acesso \u00e0 sua propriedade. Seja uma resid\u00eancia, um complexo de apartamentos ou [&hellip;]<\/p>","protected":false},"author":1,"featured_media":0,"parent":0,"menu_order":0,"comment_status":"closed","ping_status":"closed","template":"","meta":{"inline_featured_image":false,"footnotes":""},"class_list":["post-133781","page","type-page","status-publish","hentry"],"acf":[],"_links":{"self":[{"href":"https:\/\/bas-ip.com\/pt-pt\/wp-json\/wp\/v2\/pages\/133781","targetHints":{"allow":["GET"]}}],"collection":[{"href":"https:\/\/bas-ip.com\/pt-pt\/wp-json\/wp\/v2\/pages"}],"about":[{"href":"https:\/\/bas-ip.com\/pt-pt\/wp-json\/wp\/v2\/types\/page"}],"author":[{"embeddable":true,"href":"https:\/\/bas-ip.com\/pt-pt\/wp-json\/wp\/v2\/users\/1"}],"replies":[{"embeddable":true,"href":"https:\/\/bas-ip.com\/pt-pt\/wp-json\/wp\/v2\/comments?post=133781"}],"version-history":[{"count":3,"href":"https:\/\/bas-ip.com\/pt-pt\/wp-json\/wp\/v2\/pages\/133781\/revisions"}],"predecessor-version":[{"id":133900,"href":"https:\/\/bas-ip.com\/pt-pt\/wp-json\/wp\/v2\/pages\/133781\/revisions\/133900"}],"wp:attachment":[{"href":"https:\/\/bas-ip.com\/pt-pt\/wp-json\/wp\/v2\/media?parent=133781"}],"curies":[{"name":"wp","href":"https:\/\/api.w.org\/{rel}","templated":true}]}}