{"id":133500,"date":"2023-03-27T12:22:38","date_gmt":"2023-03-27T12:22:38","guid":{"rendered":"https:\/\/bas-ip.com\/school\/"},"modified":"2025-03-13T10:56:09","modified_gmt":"2025-03-13T10:56:09","slug":"school","status":"publish","type":"page","link":"https:\/\/bas-ip.com\/pt-pt\/school\/","title":{"rendered":"Escola"},"content":{"rendered":"<h1 class=\"wp-block-heading\"><strong>Sistemas de Intercomunica\u00e7\u00e3o para Escolas<\/strong><\/h1>\n\n\n\n<p>No mundo de hoje, a comunica\u00e7\u00e3o perfeita e a seguran\u00e7a s\u00e3o componentes essenciais de qualquer institui\u00e7\u00e3o de ensino. Um sistema de intercomunica\u00e7\u00e3o escolar eficiente n\u00e3o s\u00f3 garante uma comunica\u00e7\u00e3o r\u00e1pida, mas tamb\u00e9m aumenta a seguran\u00e7a de alunos, professores e funcion\u00e1rios. Apresentamos o sistema de intercomunica\u00e7\u00e3o escolar BAS-IP, a solu\u00e7\u00e3o definitiva que combina tecnologia robusta, recursos inovadores e desempenho incompar\u00e1vel. Este artigo analisa os principais recursos e vantagens dos sistemas de intercomunica\u00e7\u00e3o BAS-IP, mostrando por que eles s\u00e3o a melhor escolha para a sua escola.<\/p>\n\n\n\n<h2 class=\"wp-block-heading\"><strong>O poder do intercomunicador IP para as escolas<\/strong><\/h2>\n\n\n\n<h3 class=\"wp-block-heading\"><strong>Sistema de intercomunica\u00e7\u00e3o IP com fios: a escolha superior<\/strong><\/h3>\n\n\n\n<p>Embora os sistemas de intercomunica\u00e7\u00e3o sem fio ofere\u00e7am algum n\u00edvel de conveni\u00eancia, os sistemas de intercomunica\u00e7\u00e3o IP com fio fornecem um n\u00edvel mais alto de confiabilidade, seguran\u00e7a e desempenho. Ao usar o sistema de intercomunica\u00e7\u00e3o BAS-IP para escolas, voc\u00ea est\u00e1 investindo em uma solu\u00e7\u00e3o segura e est\u00e1vel que garante comunica\u00e7\u00e3o e controle ininterruptos.<\/p>\n\n\n\n<h3 class=\"wp-block-heading\"><strong>Uma solu\u00e7\u00e3o abrangente para as institui\u00e7\u00f5es de ensino<\/strong><\/h3>\n\n\n\n<p>O sistema de intercomunica\u00e7\u00e3o BAS-IP foi projetado para atender escolas, campi e faculdades. Ele integra perfeitamente pain\u00e9is de \u00e1udio, terminais de concierge e switches POE, criando uma rede de comunica\u00e7\u00e3o unificada que \u00e9 eficiente e econ\u00f4mica. Com seus recursos exclusivos, como monitoramento de temperatura na entrada da escola, este sistema de intercomunica\u00e7\u00e3o garante maior seguran\u00e7a e conforto para todos os usu\u00e1rios.<\/p>\n\n\n\n<h2 class=\"wp-block-heading\"><strong>Principais componentes do sistema de intercomunica\u00e7\u00e3o escolar BAS-IP<\/strong><\/h2>\n\n\n<!-- START Block Features --><section id=\"block_6430565dc8a2b\" class=\"features-section\">\r\n\t\r\n    <div class=\"features-list\">\r\n                    <div class=\"features-item\" data-aos=\"fade-up\">\r\n    <div class=\"features-box\">\r\n                    <div class=\"image-holder\">\r\n                <img loading=\"lazy\" decoding=\"async\" width=\"350\" height=\"320\" src=\"https:\/\/bas-ip.com\/wp-content\/uploads\/2023\/04\/1-4-350x320.jpg\" class=\"attachment-thumbnail_350x320 size-thumbnail_350x320\" alt=\"\" \/>            <\/div>\r\n        \r\n        <div class=\"text-holder\">\r\n                        <h3 class=\"title-block\">Painel de \u00e1udio BAS-IP AV-04AFD<\/h3>\r\n          \r\n                        <div class=\"text-block\">\r\n                <p>O painel de \u00e1udio AV-04AFD \u00e9 uma solu\u00e7\u00e3o de intercomunica\u00e7\u00e3o acess\u00edvel e rica em recursos, projetada especificamente para institui\u00e7\u00f5es de ensino. Ele permite uma comunica\u00e7\u00e3o cristalina entre diferentes \u00e1reas da escola, garantindo um controle de acesso r\u00e1pido.<\/p>\n              <\/div>\r\n                  <\/div>\r\n    <\/div>\r\n<\/div>\r\n                    <div class=\"features-item\" data-aos=\"fade-up\">\r\n    <div class=\"features-box\">\r\n                    <div class=\"image-holder\">\r\n                <img loading=\"lazy\" decoding=\"async\" width=\"350\" height=\"320\" src=\"https:\/\/bas-ip.com\/wp-content\/uploads\/2023\/04\/2-4-350x320.jpg\" class=\"attachment-thumbnail_350x320 size-thumbnail_350x320\" alt=\"\" \/>            <\/div>\r\n        \r\n        <div class=\"text-holder\">\r\n                        <h3 class=\"title-block\">Terminal de Concierge BAS-IP AM-02<\/h3>\r\n          \r\n                        <div class=\"text-block\">\r\n                <p>O terminal de concierge AM-02 serve como um ponto de controle central para todo o sistema de intercomunica\u00e7\u00e3o, permitindo que a equipe gerencie chamadas, monitore entradas e conceda acesso com facilidade. Sua interface amig\u00e1vel o torna a escolha perfeita para comunica\u00e7\u00e3o e administra\u00e7\u00e3o eficientes.<\/p>\n              <\/div>\r\n                  <\/div>\r\n    <\/div>\r\n<\/div>\r\n                    <div class=\"features-item\" data-aos=\"fade-up\">\r\n    <div class=\"features-box\">\r\n                    <div class=\"image-holder\">\r\n                <img loading=\"lazy\" decoding=\"async\" width=\"350\" height=\"320\" src=\"https:\/\/bas-ip.com\/wp-content\/uploads\/2023\/04\/3-4-350x320.jpg\" class=\"attachment-thumbnail_350x320 size-thumbnail_350x320\" alt=\"\" \/>            <\/div>\r\n        \r\n        <div class=\"text-holder\">\r\n                        <h3 class=\"title-block\">Switch POE BAS-IP SH-20.16 de 16 portas<\/h3>\r\n          \r\n                        <div class=\"text-block\">\r\n                <p>O switch POE de 16 portas SH-20.16 fornece a energia e a conectividade necess\u00e1rias para o sistema de intercomunica\u00e7\u00e3o BAS-IP, garantindo um desempenho suave e ininterrupto em todo o campus escolar.<\/p>\n              <\/div>\r\n                  <\/div>\r\n    <\/div>\r\n<\/div>\r\n                    <div class=\"features-item\" data-aos=\"fade-up\">\r\n    <div class=\"features-box\">\r\n                    <div class=\"image-holder\">\r\n                <img loading=\"lazy\" decoding=\"async\" width=\"350\" height=\"320\" src=\"https:\/\/bas-ip.com\/wp-content\/uploads\/2023\/04\/4-4-350x320.jpg\" class=\"attachment-thumbnail_350x320 size-thumbnail_350x320\" alt=\"\" \/>            <\/div>\r\n        \r\n        <div class=\"text-holder\">\r\n                        <h3 class=\"title-block\">Modelo de temperatura BAS-IP SH-31TM<\/h3>\r\n          \r\n                        <div class=\"text-block\">\r\n                <p>O modelo de temperatura SH-31TM pode ser instalado na entrada da escola, permitindo o monitoramento de temperatura em tempo real e ajudando a manter um ambiente saud\u00e1vel para alunos, funcion\u00e1rios e visitantes. Ao adicionar esta camada extra de seguran\u00e7a, sua escola pode abordar proativamente poss\u00edveis preocupa\u00e7\u00f5es com a sa\u00fade e garantir o bem-estar de todos no campus.<\/p>\n              <\/div>\r\n                  <\/div>\r\n    <\/div>\r\n<\/div>\r\n                    <div class=\"features-item features-full-width\" data-aos=\"fade-up\">\r\n    <div class=\"features-box image-position-left\">\r\n                <div class=\"image-holder\">\r\n            <img loading=\"lazy\" decoding=\"async\" width=\"1\" height=\"1\" src=\"https:\/\/bas-ip.com\/wp-content\/uploads\/2023\/04\/school-1.svg\" class=\"attachment-thumbnail_350x320 size-thumbnail_350x320\" alt=\"\" \/>          <\/div>\r\n      \r\n      <div class=\"text-holder\">\r\n                        <h3 class=\"title-block\">Aproveitando as redes IP para uma integra\u00e7\u00e3o perfeita<\/h3>\r\n          \r\n                        <div class=\"text-block\">\r\n                <p>Os sistemas de intercomunica\u00e7\u00e3o BAS-IP s\u00e3o projetados para funcionar perfeitamente na rede local IP existente da sua escola, permitindo f\u00e1cil instala\u00e7\u00e3o e manuten\u00e7\u00e3o. Esta integra\u00e7\u00e3o facilita melhor comunica\u00e7\u00e3o, controle de acesso e seguran\u00e7a em toda a institui\u00e7\u00e3o de ensino.<\/p>\n              <\/div>\r\n                <\/div>\r\n    <\/div>\r\n<\/div>\r\n                    <div class=\"features-item features-full-width\" data-aos=\"fade-up\">\r\n    <div class=\"features-box image-position-right\">\r\n                <div class=\"image-holder\">\r\n            <img loading=\"lazy\" decoding=\"async\" width=\"1\" height=\"1\" src=\"https:\/\/bas-ip.com\/wp-content\/uploads\/2023\/04\/collage-1.svg\" class=\"attachment-thumbnail_350x320 size-thumbnail_350x320\" alt=\"\" \/>          <\/div>\r\n      \r\n      <div class=\"text-holder\">\r\n                        <h3 class=\"title-block\">Acesso e controlo remoto do seu PC<\/h3>\r\n          \r\n                        <div class=\"text-block\">\r\n                <p>Com o sistema de intercomunica\u00e7\u00e3o avan\u00e7ado da BAS-IP, a equipe escolar pode facilmente usar seus PCs para se comunicar atrav\u00e9s do intercomunicador, monitorar entradas e controlar o acesso \u00e0s portas. Essa flexibilidade permite tempos de resposta aprimorados e maior efici\u00eancia no gerenciamento de tarefas di\u00e1rias e emerg\u00eancias.<\/p>\n              <\/div>\r\n                <\/div>\r\n    <\/div>\r\n<\/div>\r\n            <\/div>\r\n<\/section>\r\n<!-- END Block Features -->\n\n<!-- START Block FAQ --><section id=\"block_64218de5ac119\" class=\"faq-section\">\r\n\t\t    <h2 class=\"title-section\" data-aos=\"fade-right\">Perguntas frequentes<\/h2>\r\n\t\t\t    <div class=\"faq-list js-accordion\" data-aos=\"fade-up\">\r\n\t\t\t\t\t\t\t\t\t\t\t    <div class=\"accordion-item faq-item\">\r\n                        <div class=\"accordion-opener\">\r\n                            Q: O sistema de intercomunica\u00e7\u00e3o BAS-IP para escolas pode ser facilmente integrado na nossa infraestrutura existente?                            <i class=\"fa-solid fa-chevron-down\"><\/i>\r\n                        <\/div>\r\n                        <div class=\"accordion-slide\">\r\n\t\t\t\t\t\t    <p>Sim, os sistemas de intercomunica\u00e7\u00e3o BAS-IP podem ser facilmente integrados \u00e0 rede local IP existente da sua escola, permitindo um processo de instala\u00e7\u00e3o cont\u00ednuo e econ\u00f4mico.<\/p>\n                        <\/div>\r\n\t\t\t\t\t<\/div>\r\n\t\t\t\t\t\t\t\t\t\t\t\t\t\t\t    <div class=\"accordion-item faq-item\">\r\n                        <div class=\"accordion-opener\">\r\n                            Q: Como \u00e9 que o sistema de intercomunica\u00e7\u00e3o BAS-IP garante a seguran\u00e7a dos nossos alunos e colaboradores?                            <i class=\"fa-solid fa-chevron-down\"><\/i>\r\n                        <\/div>\r\n                        <div class=\"accordion-slide\">\r\n\t\t\t\t\t\t    <p>O sistema de intercomunica\u00e7\u00e3o BAS-IP oferece m\u00faltiplos recursos de seguran\u00e7a, como monitoramento de temperatura nas entradas, controle de acesso r\u00e1pido e a capacidade de monitorar e gerenciar a comunica\u00e7\u00e3o e o acesso \u00e0s portas a partir do seu PC, garantindo um ambiente seguro para todos.<\/p>\n                        <\/div>\r\n\t\t\t\t\t<\/div>\r\n\t\t\t\t\t\t\t\t\t\t\t\t\t\t\t    <div class=\"accordion-item faq-item\">\r\n                        <div class=\"accordion-opener\">\r\n                            Q: O sistema de intercomunica\u00e7\u00e3o BAS-IP \u00e9 compat\u00edvel com outros dispositivos e sistemas de comunica\u00e7\u00e3o?                            <i class=\"fa-solid fa-chevron-down\"><\/i>\r\n                        <\/div>\r\n                        <div class=\"accordion-slide\">\r\n\t\t\t\t\t\t    <p>Sim, o sistema de intercomunica\u00e7\u00e3o BAS-IP \u00e9 projetado para funcionar perfeitamente com uma variedade de dispositivos e sistemas de comunica\u00e7\u00e3o, fornecendo uma solu\u00e7\u00e3o abrangente e flex\u00edvel para as necessidades de comunica\u00e7\u00e3o da sua escola.<\/p>\n                        <\/div>\r\n\t\t\t\t\t<\/div>\r\n\t\t\t\t\t\t\t\t\t\t\t\t\t\t\t    <div class=\"accordion-item faq-item\">\r\n                        <div class=\"accordion-opener\">\r\n                            Q: Qu\u00e3o fi\u00e1veis \u200b\u200bs\u00e3o os sistemas de intercomunica\u00e7\u00e3o IP com fios em compara\u00e7\u00e3o com os sistemas de intercomunica\u00e7\u00e3o sem fios?                            <i class=\"fa-solid fa-chevron-down\"><\/i>\r\n                        <\/div>\r\n                        <div class=\"accordion-slide\">\r\n\t\t\t\t\t\t    <p>Sistemas de intercomunica\u00e7\u00e3o IP com fio, como o sistema de intercomunica\u00e7\u00e3o BAS-IP para escolas, oferecem confiabilidade, seguran\u00e7a e desempenho superiores em compara\u00e7\u00e3o com sistemas de intercomunica\u00e7\u00e3o sem fio. Eles garantem comunica\u00e7\u00e3o e controle est\u00e1veis e ininterruptos, tornando-os a escolha ideal para institui\u00e7\u00f5es de ensino.<\/p>\n                        <\/div>\r\n\t\t\t\t\t<\/div>\r\n\t\t\t\t\t\t\t\t\t\t\t\t\t\t\t    <div class=\"accordion-item faq-item\">\r\n                        <div class=\"accordion-opener\">\r\n                            Q: Podemos personalizar o sistema de intercomunica\u00e7\u00e3o BAS-IP para atender \u00e0s necessidades espec\u00edficas da nossa escola?                            <i class=\"fa-solid fa-chevron-down\"><\/i>\r\n                        <\/div>\r\n                        <div class=\"accordion-slide\">\r\n\t\t\t\t\t\t    <p>Sim, o sistema de intercomunica\u00e7\u00e3o BAS-IP \u00e9 altamente personaliz\u00e1vel e pode ser adaptado para atender aos requisitos exclusivos da sua escola. Seu design modular permite a adi\u00e7\u00e3o de v\u00e1rios componentes, como o modelo de temperatura, para aumentar a seguran\u00e7a e a funcionalidade.<\/p>\n                        <\/div>\r\n\t\t\t\t\t<\/div>\r\n\t\t\t\t\t\t\t\t\t<\/div>\r\n\t<\/section>\r\n<!-- END Block FAQ -->\n\n\n<p>Investir em um sistema de intercomunica\u00e7\u00e3o confi\u00e1vel, rico em recursos e seguro \u00e9 crucial para a seguran\u00e7a e efici\u00eancia de qualquer institui\u00e7\u00e3o de ensino. O sistema de intercomunica\u00e7\u00e3o BAS-IP para escolas oferece desempenho incompar\u00e1vel, recursos inovadores e integra\u00e7\u00e3o perfeita com redes IP existentes. Ao escolher BAS-IP, voc\u00ea est\u00e1 investindo no futuro da infraestrutura de comunica\u00e7\u00e3o e seguran\u00e7a da sua escola. Experimente a revolu\u00e7\u00e3o na comunica\u00e7\u00e3o com o melhor sistema de intercomunica\u00e7\u00e3o escolar \u2013 BAS-IP. Melhore a seguran\u00e7a, a comunica\u00e7\u00e3o e o ambiente geral da sua institui\u00e7\u00e3o de ensino, garantindo o bem-estar de alunos, funcion\u00e1rios e visitantes. N\u00e3o comprometa a qualidade; confie na BAS-IP para oferecer desempenho e confiabilidade excepcionais para a sua escola.<\/p>","protected":false},"excerpt":{"rendered":"<p>Sistemas de Intercomunica\u00e7\u00e3o para Escolas No mundo de hoje, a comunica\u00e7\u00e3o perfeita e a seguran\u00e7a s\u00e3o componentes essenciais de qualquer institui\u00e7\u00e3o de ensino. Um sistema de intercomunica\u00e7\u00e3o escolar eficiente n\u00e3o s\u00f3 garante uma comunica\u00e7\u00e3o r\u00e1pida, mas tamb\u00e9m aumenta a seguran\u00e7a de alunos, professores e funcion\u00e1rios. Apresentamos o sistema de intercomunica\u00e7\u00e3o escolar BAS-IP, a solu\u00e7\u00e3o definitiva [&hellip;]<\/p>","protected":false},"author":1,"featured_media":0,"parent":0,"menu_order":0,"comment_status":"closed","ping_status":"closed","template":"","meta":{"inline_featured_image":false,"footnotes":""},"class_list":["post-133500","page","type-page","status-publish","hentry"],"acf":[],"_links":{"self":[{"href":"https:\/\/bas-ip.com\/pt-pt\/wp-json\/wp\/v2\/pages\/133500","targetHints":{"allow":["GET"]}}],"collection":[{"href":"https:\/\/bas-ip.com\/pt-pt\/wp-json\/wp\/v2\/pages"}],"about":[{"href":"https:\/\/bas-ip.com\/pt-pt\/wp-json\/wp\/v2\/types\/page"}],"author":[{"embeddable":true,"href":"https:\/\/bas-ip.com\/pt-pt\/wp-json\/wp\/v2\/users\/1"}],"replies":[{"embeddable":true,"href":"https:\/\/bas-ip.com\/pt-pt\/wp-json\/wp\/v2\/comments?post=133500"}],"version-history":[{"count":3,"href":"https:\/\/bas-ip.com\/pt-pt\/wp-json\/wp\/v2\/pages\/133500\/revisions"}],"predecessor-version":[{"id":133613,"href":"https:\/\/bas-ip.com\/pt-pt\/wp-json\/wp\/v2\/pages\/133500\/revisions\/133613"}],"wp:attachment":[{"href":"https:\/\/bas-ip.com\/pt-pt\/wp-json\/wp\/v2\/media?parent=133500"}],"curies":[{"name":"wp","href":"https:\/\/api.w.org\/{rel}","templated":true}]}}