{"id":133091,"date":"2023-03-28T17:03:55","date_gmt":"2023-03-28T17:03:55","guid":{"rendered":"https:\/\/bas-ip.com\/case-studies\/"},"modified":"2025-03-07T09:05:08","modified_gmt":"2025-03-07T09:05:08","slug":"case-studies","status":"publish","type":"page","link":"https:\/\/bas-ip.com\/pt-pt\/case-studies\/","title":{"rendered":"Solu\u00e7\u00f5es"},"content":{"rendered":"<h1 class=\"wp-block-heading\"><strong>Solu\u00e7\u00f5es de intercomunica\u00e7\u00e3o<\/strong><\/h1>\n\n\n\n<p>A BAS-IP \u00e9 l\u00edder no fornecimento de solu\u00e7\u00f5es de intercomunica\u00e7\u00e3o de ponta para diversas ind\u00fastrias, oferecendo experi\u00eancias excepcionais de seguran\u00e7a e comunica\u00e7\u00e3o. Neste artigo, exploramos seis estudos de caso de intercomunica\u00e7\u00e3o convincentes que demonstram a versatilidade e efic\u00e1cia dos produtos da BAS-IP em diferentes ambientes. De edif\u00edcios residenciais multifamiliares a instala\u00e7\u00f5es hospitalares, esses estudos de caso destacam o poder transformador dos sistemas de intercomunica\u00e7\u00e3o da BAS-IP.<\/p>\n\n\n<!-- START Block Info 3 Columns with links --><section id=\"block_6437b6d9794a8\" class=\"info-columns-section\">\r\n   <div class=\"column-list\">\r\n                        <div class=\"column-item\" data-aos=\"fade-up\" data-aos-delay=\"100\">\r\n                  <div class=\"image-block\">\r\n            <a href=\"\/building-intercom-system\/\">\r\n               <img loading=\"lazy\" decoding=\"async\" width=\"320\" height=\"232\" src=\"https:\/\/bas-ip.com\/wp-content\/uploads\/2023\/04\/1-5.jpg\" class=\"attachment-thumbnail_345x250 size-thumbnail_345x250\" alt=\"\" srcset=\"https:\/\/bas-ip.com\/wp-content\/uploads\/2023\/04\/1-5.jpg 320w,  https:\/\/bas-ip.com\/wp-content\/uploads\/2023\/04\/1-5-300x218.jpg 300w\" sizes=\"auto, (max-width: 320px) 100vw, 320px\" \/><\/a>\r\n         <\/div>\r\n         \r\n                  <a href=\"\/building-intercom-system\/\">\r\n            <h3 class=\"title-section\">Edif\u00edcio Multifamiliar: Uma Experi\u00eancia de Vida Perfeita<\/h3>\r\n         <\/a>\r\n                           <div class=\"text-block\">\r\n            <p>As solu\u00e7\u00f5es de intercomunica\u00e7\u00e3o da BAS-IP revolucionaram a forma como os residentes interagem com seu ambiente de vida. Em um edif\u00edcio multifamiliar, a implementa\u00e7\u00e3o do sistema de intercomunica\u00e7\u00e3o da BAS-IP n\u00e3o apenas aumentou a seguran\u00e7a, mas tamb\u00e9m facilitou a comunica\u00e7\u00e3o perfeita entre inquilinos, visitantes e administra\u00e7\u00e3o do pr\u00e9dio. A interface amig\u00e1vel do sistema e a integra\u00e7\u00e3o com a tecnologia de casa inteligente proporcionaram um novo n\u00edvel de conveni\u00eancia e acessibilidade aos residentes, elevando sua experi\u00eancia de vida.<\/p>\n         <\/div>\r\n               <\/div>\r\n                              <div class=\"column-item\" data-aos=\"fade-up\" data-aos-delay=\"200\">\r\n                  <div class=\"image-block\">\r\n            <a href=\"\/business-intercom-systems-for-office\/\">\r\n               <img loading=\"lazy\" decoding=\"async\" width=\"320\" height=\"232\" src=\"https:\/\/bas-ip.com\/wp-content\/uploads\/2023\/04\/2-5.jpg\" class=\"attachment-thumbnail_345x250 size-thumbnail_345x250\" alt=\"\" srcset=\"https:\/\/bas-ip.com\/wp-content\/uploads\/2023\/04\/2-5.jpg 320w,  https:\/\/bas-ip.com\/wp-content\/uploads\/2023\/04\/2-5-300x218.jpg 300w\" sizes=\"auto, (max-width: 320px) 100vw, 320px\" \/><\/a>\r\n         <\/div>\r\n         \r\n                  <a href=\"\/business-intercom-systems-for-office\/\">\r\n            <h3 class=\"title-section\">Comercial: Otimizando Opera\u00e7\u00f5es e Seguran\u00e7a<\/h3>\r\n         <\/a>\r\n                           <div class=\"text-block\">\r\n            <p>Em um ambiente comercial ou industrial, a comunica\u00e7\u00e3o eficiente e a seguran\u00e7a s\u00e3o cruciais para opera\u00e7\u00f5es tranquilas. As solu\u00e7\u00f5es de intercomunica\u00e7\u00e3o da BAS-IP desempenharam um papel fundamental na melhoria do fluxo de trabalho e das medidas de seguran\u00e7a em uma grande instala\u00e7\u00e3o de fabrica\u00e7\u00e3o. Ao integrar o sistema de intercomunica\u00e7\u00e3o com controle de acesso, vigil\u00e2ncia por v\u00eddeo e recursos de resposta a emerg\u00eancias, a instala\u00e7\u00e3o experimentou uma melhoria significativa na comunica\u00e7\u00e3o e na seguran\u00e7a geral.<\/p>\n         <\/div>\r\n               <\/div>\r\n                              <div class=\"column-item\" data-aos=\"fade-up\" data-aos-delay=\"300\">\r\n                  <div class=\"image-block\">\r\n            <a href=\"\/intercom-systems-for-home-and-house\/\">\r\n               <img loading=\"lazy\" decoding=\"async\" width=\"320\" height=\"232\" src=\"https:\/\/bas-ip.com\/wp-content\/uploads\/2023\/04\/3-5.jpg\" class=\"attachment-thumbnail_345x250 size-thumbnail_345x250\" alt=\"\" srcset=\"https:\/\/bas-ip.com\/wp-content\/uploads\/2023\/04\/3-5.jpg 320w,  https:\/\/bas-ip.com\/wp-content\/uploads\/2023\/04\/3-5-300x218.jpg 300w\" sizes=\"auto, (max-width: 320px) 100vw, 320px\" \/><\/a>\r\n         <\/div>\r\n         \r\n                  <a href=\"\/intercom-systems-for-home-and-house\/\">\r\n            <h3 class=\"title-section\">Resid\u00eancia: Aprimorando Seguran\u00e7a e Conectividade<\/h3>\r\n         <\/a>\r\n                           <div class=\"text-block\">\r\n            <p>\u00c0 medida que os propriet\u00e1rios de casas priorizam cada vez mais a seguran\u00e7a e a tecnologia de casa inteligente, as solu\u00e7\u00f5es de intercomunica\u00e7\u00e3o da BAS-IP surgiram como uma escolha popular. Em uma casa suburbana, a instala\u00e7\u00e3o de um sistema de intercomunica\u00e7\u00e3o da BAS-IP n\u00e3o apenas aumentou a seguran\u00e7a, mas tamb\u00e9m melhorou a conectividade com familiares e convidados. A interface intuitiva e a compatibilidade com smartphones permitiram que os propriet\u00e1rios monitorassem sua propriedade e se comunicassem sem esfor\u00e7o, criando um ambiente de vida seguro e conectado.<\/p>\n         <\/div>\r\n               <\/div>\r\n                              <div class=\"column-item\" data-aos=\"fade-up\" data-aos-delay=\"400\">\r\n                  <div class=\"image-block\">\r\n            <a href=\"\/medical-hospital-intercom-system\/\">\r\n               <img loading=\"lazy\" decoding=\"async\" width=\"320\" height=\"232\" src=\"https:\/\/bas-ip.com\/wp-content\/uploads\/2023\/04\/4-5.jpg\" class=\"attachment-thumbnail_345x250 size-thumbnail_345x250\" alt=\"\" srcset=\"https:\/\/bas-ip.com\/wp-content\/uploads\/2023\/04\/4-5.jpg 320w,  https:\/\/bas-ip.com\/wp-content\/uploads\/2023\/04\/4-5-300x218.jpg 300w\" sizes=\"auto, (max-width: 320px) 100vw, 320px\" \/><\/a>\r\n         <\/div>\r\n         \r\n                  <a href=\"\/medical-hospital-intercom-system\/\">\r\n            <h3 class=\"title-section\">Hospital: Refor\u00e7ando o Cuidado e a Seguran\u00e7a do Paciente<\/h3>\r\n         <\/a>\r\n                           <div class=\"text-block\">\r\n            <p>Hospitais e instala\u00e7\u00f5es m\u00e9dicas requerem sistemas de comunica\u00e7\u00e3o avan\u00e7ados para garantir atendimento eficiente e seguran\u00e7a do paciente. Em um hospital de \u00faltima gera\u00e7\u00e3o, as solu\u00e7\u00f5es de intercomunica\u00e7\u00e3o da BAS-IP foram utilizadas para otimizar a comunica\u00e7\u00e3o entre a equipe m\u00e9dica, pacientes e visitantes. O sistema facilitou a resposta r\u00e1pida a emerg\u00eancias, aumentou a privacidade do paciente e melhorou a seguran\u00e7a geral do hospital. A integra\u00e7\u00e3o do sistema de intercomunica\u00e7\u00e3o da BAS-IP provou ser um divisor de \u00e1guas na presta\u00e7\u00e3o de cuidados excepcionais ao paciente.<\/p>\n         <\/div>\r\n               <\/div>\r\n                              <div class=\"column-item\" data-aos=\"fade-up\" data-aos-delay=\"500\">\r\n                  <div class=\"image-block\">\r\n            <a href=\"\/intercom-systems-for-schools\/\">\r\n               <img loading=\"lazy\" decoding=\"async\" width=\"320\" height=\"232\" src=\"https:\/\/bas-ip.com\/wp-content\/uploads\/2023\/04\/5-5.jpg\" class=\"attachment-thumbnail_345x250 size-thumbnail_345x250\" alt=\"\" srcset=\"https:\/\/bas-ip.com\/wp-content\/uploads\/2023\/04\/5-5.jpg 320w,  https:\/\/bas-ip.com\/wp-content\/uploads\/2023\/04\/5-5-300x218.jpg 300w\" sizes=\"auto, (max-width: 320px) 100vw, 320px\" \/><\/a>\r\n         <\/div>\r\n         \r\n                  <a href=\"\/intercom-systems-for-schools\/\">\r\n            <h3 class=\"title-section\">Escola: Promovendo um Ambiente de Aprendizagem Seguro<\/h3>\r\n         <\/a>\r\n                           <div class=\"text-block\">\r\n            <p>Institui\u00e7\u00f5es de ensino precisam de sistemas de seguran\u00e7a e comunica\u00e7\u00e3o robustos para proteger alunos e funcion\u00e1rios. Em uma escola progressista, as solu\u00e7\u00f5es de intercomunica\u00e7\u00e3o da BAS-IP foram fundamentais para fornecer um ambiente de aprendizado seguro. O sistema permitiu a comunica\u00e7\u00e3o perfeita entre salas de aula, escrit\u00f3rios administrativos e visitantes externos, garantindo a seguran\u00e7a de alunos e funcion\u00e1rios. Al\u00e9m disso, a integra\u00e7\u00e3o do sistema de intercomunica\u00e7\u00e3o com recursos de controle de acesso e vigil\u00e2ncia por v\u00eddeo melhorou significativamente a seguran\u00e7a geral da escola.<\/p>\n         <\/div>\r\n               <\/div>\r\n                              <div class=\"column-item\" data-aos=\"fade-up\" data-aos-delay=\"600\">\r\n                  <div class=\"image-block\">\r\n            <a href=\"\/gate-intercom-system\/\">\r\n               <img loading=\"lazy\" decoding=\"async\" width=\"320\" height=\"232\" src=\"https:\/\/bas-ip.com\/wp-content\/uploads\/2023\/04\/6-4.jpg\" class=\"attachment-thumbnail_345x250 size-thumbnail_345x250\" alt=\"\" srcset=\"https:\/\/bas-ip.com\/wp-content\/uploads\/2023\/04\/6-4.jpg 320w,  https:\/\/bas-ip.com\/wp-content\/uploads\/2023\/04\/6-4-300x218.jpg 300w\" sizes=\"auto, (max-width: 320px) 100vw, 320px\" \/><\/a>\r\n         <\/div>\r\n         \r\n                  <a href=\"\/gate-intercom-system\/\">\r\n            <h3 class=\"title-section\">Port\u00f5es: Refor\u00e7ando a Seguran\u00e7a Perimetral<\/h3>\r\n         <\/a>\r\n                           <div class=\"text-block\">\r\n            <p>A seguran\u00e7a dos port\u00f5es \u00e9 crucial para proteger a propriedade e manter a privacidade. Em um condom\u00ednio residencial de alto padr\u00e3o, as solu\u00e7\u00f5es de intercomunica\u00e7\u00e3o da BAS-IP foram implementadas para fortalecer a seguran\u00e7a perimetral. O sistema permitiu que os residentes concedessem ou negassem acesso remotamente aos visitantes, e a integra\u00e7\u00e3o com a vigil\u00e2ncia por v\u00eddeo permitiu o monitoramento cont\u00ednuo das entradas e sa\u00eddas do condom\u00ednio. Esta solu\u00e7\u00e3o avan\u00e7ada de intercomunica\u00e7\u00e3o contribuiu para um aumento da sensa\u00e7\u00e3o de seguran\u00e7a e tranquilidade para os residentes.<\/p>\n         <\/div>\r\n               <\/div>\r\n                     <\/div>\r\n<\/section>\r\n<!-- END Block Info 3 Columns with links -->\n\n\n<p>Estes estudos de caso de intercomunica\u00e7\u00e3o demonstram a not\u00e1vel versatilidade e efic\u00e1cia das solu\u00e7\u00f5es de intercomunica\u00e7\u00e3o da BAS-IP em diversos setores. De comunidades residenciais a hospitais, a implementa\u00e7\u00e3o dos sistemas de intercomunica\u00e7\u00e3o da BAS-IP transformou a comunica\u00e7\u00e3o, a seguran\u00e7a e a experi\u00eancia geral do usu\u00e1rio. \u00c0 medida que a tecnologia continua a avan\u00e7ar, a BAS-IP permanece comprometida em fornecer solu\u00e7\u00f5es de intercomunica\u00e7\u00e3o inovadoras e superiores que atendam \u00e0s necessidades em evolu\u00e7\u00e3o de diversas ind\u00fastrias.<\/p>\n\n\n<!-- START Block FAQ --><section id=\"block_64231e53deae2\" class=\"faq-section\">\r\n\t\t    <h2 class=\"title-section\" data-aos=\"fade-right\">Perguntas Frequentes<\/h2>\r\n\t\t\t    <div class=\"faq-list js-accordion\" data-aos=\"fade-up\">\r\n\t\t\t\t\t\t\t\t\t\t\t    <div class=\"accordion-item faq-item\">\r\n                        <div class=\"accordion-opener\">\r\n                            Q: Como a BAS-IP garante a seguran\u00e7a e a confiabilidade de suas solu\u00e7\u00f5es de intercomunica\u00e7\u00e3o?                            <i class=\"fa-solid fa-chevron-down\"><\/i>\r\n                        <\/div>\r\n                        <div class=\"accordion-slide\">\r\n\t\t\t\t\t\t    <p>A BAS-IP emprega protocolos de criptografia avan\u00e7ados e hardware robusto para garantir a seguran\u00e7a e a confiabilidade de seus sistemas de intercomunica\u00e7\u00e3o. Esse compromisso em fornecer tecnologia de ponta tornou a BAS-IP uma escolha confi\u00e1vel para diversas ind\u00fastrias em todo o mundo.<\/p>\n                        <\/div>\r\n\t\t\t\t\t<\/div>\r\n\t\t\t\t\t\t\t\t\t\t\t\t\t\t\t    <div class=\"accordion-item faq-item\">\r\n                        <div class=\"accordion-opener\">\r\n                            Q: Como as solu\u00e7\u00f5es de intercomunica\u00e7\u00e3o da BAS-IP contribuem para a efici\u00eancia energ\u00e9tica?                            <i class=\"fa-solid fa-chevron-down\"><\/i>\r\n                        <\/div>\r\n                        <div class=\"accordion-slide\">\r\n\t\t\t\t\t\t    <p>Os sistemas de intercomunica\u00e7\u00e3o da BAS-IP s\u00e3o projetados com a efici\u00eancia energ\u00e9tica em mente. Ao incorporar recursos como ilumina\u00e7\u00e3o ativada por movimento, controle clim\u00e1tico inteligente e modos de espera com economia de energia, as solu\u00e7\u00f5es de intercomunica\u00e7\u00e3o da BAS-IP contribuem para um ambiente mais verde e sustent\u00e1vel.<\/p>\n                        <\/div>\r\n\t\t\t\t\t<\/div>\r\n\t\t\t\t\t\t\t\t\t\t\t\t\t\t\t    <div class=\"accordion-item faq-item\">\r\n                        <div class=\"accordion-opener\">\r\n                            Q: Que tipo de suporte a BAS-IP oferece para suas solu\u00e7\u00f5es de intercomunica\u00e7\u00e3o?                            <i class=\"fa-solid fa-chevron-down\"><\/i>\r\n                        <\/div>\r\n                        <div class=\"accordion-slide\">\r\n\t\t\t\t\t\t    <p>A BAS-IP est\u00e1 comprometida em fornecer um suporte ao cliente excepcional, oferecendo assist\u00eancia t\u00e9cnica abrangente e recursos para garantir uma implementa\u00e7\u00e3o e opera\u00e7\u00e3o suaves de seus sistemas de intercomunica\u00e7\u00e3o. Essa dedica\u00e7\u00e3o \u00e0 satisfa\u00e7\u00e3o do cliente rendeu \u00e0 BAS-IP uma reputa\u00e7\u00e3o estelar no setor.<\/p>\n                        <\/div>\r\n\t\t\t\t\t<\/div>\r\n\t\t\t\t\t\t\t\t\t<\/div>\r\n\t<\/section>\r\n<!-- END Block FAQ -->","protected":false},"excerpt":{"rendered":"<p>Solu\u00e7\u00f5es de intercomunica\u00e7\u00e3o A BAS-IP \u00e9 l\u00edder no fornecimento de solu\u00e7\u00f5es de intercomunica\u00e7\u00e3o de ponta para diversas ind\u00fastrias, oferecendo experi\u00eancias excepcionais de seguran\u00e7a e comunica\u00e7\u00e3o. Neste artigo, exploramos seis estudos de caso de intercomunica\u00e7\u00e3o convincentes que demonstram a versatilidade e efic\u00e1cia dos produtos da BAS-IP em diferentes ambientes. De edif\u00edcios residenciais multifamiliares a instala\u00e7\u00f5es hospitalares, [&hellip;]<\/p>","protected":false},"author":1,"featured_media":0,"parent":0,"menu_order":0,"comment_status":"closed","ping_status":"closed","template":"","meta":{"inline_featured_image":false,"footnotes":""},"class_list":["post-133091","page","type-page","status-publish","hentry"],"acf":[],"_links":{"self":[{"href":"https:\/\/bas-ip.com\/pt-pt\/wp-json\/wp\/v2\/pages\/133091","targetHints":{"allow":["GET"]}}],"collection":[{"href":"https:\/\/bas-ip.com\/pt-pt\/wp-json\/wp\/v2\/pages"}],"about":[{"href":"https:\/\/bas-ip.com\/pt-pt\/wp-json\/wp\/v2\/types\/page"}],"author":[{"embeddable":true,"href":"https:\/\/bas-ip.com\/pt-pt\/wp-json\/wp\/v2\/users\/1"}],"replies":[{"embeddable":true,"href":"https:\/\/bas-ip.com\/pt-pt\/wp-json\/wp\/v2\/comments?post=133091"}],"version-history":[{"count":3,"href":"https:\/\/bas-ip.com\/pt-pt\/wp-json\/wp\/v2\/pages\/133091\/revisions"}],"predecessor-version":[{"id":133191,"href":"https:\/\/bas-ip.com\/pt-pt\/wp-json\/wp\/v2\/pages\/133091\/revisions\/133191"}],"wp:attachment":[{"href":"https:\/\/bas-ip.com\/pt-pt\/wp-json\/wp\/v2\/media?parent=133091"}],"curies":[{"name":"wp","href":"https:\/\/api.w.org\/{rel}","templated":true}]}}