{"id":131237,"date":"2025-02-19T15:47:09","date_gmt":"2025-02-19T15:47:09","guid":{"rendered":"https:\/\/bas-ip.com\/intercom-migration-to-link\/"},"modified":"2025-02-25T11:18:09","modified_gmt":"2025-02-25T11:18:09","slug":"intercom-migration-to-link","status":"publish","type":"page","link":"https:\/\/bas-ip.com\/pt-pt\/intercom-migration-to-link\/","title":{"rendered":"Migra\u00e7\u00e3o do Intercom para o Link"},"content":{"rendered":"<h2 data-sourcepos=\"1:1-1:67\">Intercom est\u00e1 mudando para Link: O que isso significa para voc\u00ea?<\/h2>\n<p data-sourcepos=\"3:1-3:349\">A partir de 4 de mar\u00e7o de 2025, o aplicativo Intercom para Android n\u00e3o estar\u00e1 mais dispon\u00edvel na Google Play Store. No entanto, a vers\u00e3o web e o aplicativo para iOS continuar\u00e3o funcionando sem nenhuma altera\u00e7\u00e3o, e os servidores do Intercom permanecer\u00e3o ativos para garantir estabilidade e acesso aos seus dados at\u00e9 que o suporte ao servidor termine.<\/p>\n<p data-sourcepos=\"5:1-5:247\">Convidamos voc\u00ea a fazer a transi\u00e7\u00e3o para o Link &#8211; uma solu\u00e7\u00e3o poderosa projetada para sua conveni\u00eancia. A plataforma oferece recursos avan\u00e7ados de gerenciamento, alto n\u00edvel de estabilidade e seguran\u00e7a que atende aos mais recentes padr\u00f5es do setor.<\/p>\n<p data-sourcepos=\"7:1-7:169\">Entendemos que essa mudan\u00e7a pode gerar d\u00favidas, por isso preparamos instru\u00e7\u00f5es detalhadas e suporte abrangente para tornar a transi\u00e7\u00e3o o mais tranquila e f\u00e1cil poss\u00edvel.<\/p>\n<h2 data-sourcepos=\"9:1-9:40\">Por que estamos fazendo essa mudan\u00e7a?<\/h2>\n<p data-sourcepos=\"11:1-11:421\">Nossa decis\u00e3o de migrar para o Link \u00e9 impulsionada pela necessidade de fornecer a voc\u00ea melhor qualidade de servi\u00e7o e ferramentas modernas para gerenciamento de dispositivos. O aplicativo Intercom para Android est\u00e1 desatualizado e n\u00e3o atende mais aos requisitos atuais. Em vez de atualizar a plataforma antiga, optamos por desenvolver uma solu\u00e7\u00e3o mais poderosa e amig\u00e1vel que definir\u00e1 um novo padr\u00e3o para sua conveni\u00eancia.<\/p>\n<h2 data-sourcepos=\"13:1-13:18\">O que \u00e9 o Link?<\/h2>\n<p data-sourcepos=\"15:1-15:223\">O Link \u00e9 uma plataforma projetada para quem valoriza conveni\u00eancia e confiabilidade. Ele substitui o Intercom e oferece mais recursos, um design aprimorado e suporte de longo prazo. Aqui est\u00e1 o que voc\u00ea pode esperar do Link:<\/p>\n<ul data-sourcepos=\"17:1-21:0\">\n<li data-sourcepos=\"17:1-17:107\"><strong>Interface redesenhada:<\/strong> Um design simples e intuitivo criado para uma experi\u00eancia de usu\u00e1rio perfeita.<\/li>\n<li data-sourcepos=\"18:1-18:138\"><strong>Suporte para dispositivos modernos:<\/strong> O Link \u00e9 compat\u00edvel com os sistemas operacionais mais recentes e se integra a novas tecnologias.<\/li>\n<li data-sourcepos=\"19:1-19:138\"><strong>Recursos avan\u00e7ados:<\/strong> Gerenciamento de acesso, seguran\u00e7a e configura\u00e7\u00e3o flex\u00edvel de dispositivos &#8211; tudo dispon\u00edvel na nova plataforma.<\/li>\n<li data-sourcepos=\"20:1-21:0\"><strong>Estabilidade e confiabilidade:<\/strong> Constru\u00eddo para lidar com altas cargas, garantindo desempenho ininterrupto.<\/li>\n<\/ul>\n<h2 data-sourcepos=\"22:1-22:31\">Como a transi\u00e7\u00e3o acontecer\u00e1?<\/h2>\n<p data-sourcepos=\"24:1-24:380\">Tornamos o processo de transi\u00e7\u00e3o o mais tranquilo poss\u00edvel. As contas ativas do Intercom ser\u00e3o migradas automaticamente para a plataforma Link e os usu\u00e1rios receber\u00e3o licen\u00e7as da vers\u00e3o b\u00e1sica iguais ao n\u00famero de n\u00fameros SIP em sua conta. O processo foi projetado para minimizar quaisquer dificuldades potenciais, garantindo o acesso a todos os recursos dispon\u00edveis da plataforma.<\/p>\n<p data-sourcepos=\"26:1-26:56\">Para propriet\u00e1rios de im\u00f3veis, a transi\u00e7\u00e3o ser\u00e1 simples:<\/p>\n<ol data-sourcepos=\"28:1-30:0\">\n<li data-sourcepos=\"28:1-28:81\">Configure sua conta e conecte os dispositivos de intercomunica\u00e7\u00e3o ao servidor.<\/li>\n<li data-sourcepos=\"29:1-30:0\">Preencha uma tabela com as informa\u00e7\u00f5es do residente e envie-a para o sistema.<\/li>\n<\/ol>\n<p data-sourcepos=\"31:1-31:149\">O sistema cuidar\u00e1 do resto: criar\u00e1 contas de usu\u00e1rio, enviar\u00e1 convites, configurar\u00e1 dispositivos de intercomunica\u00e7\u00e3o e conceder\u00e1 acesso \u00e0 plataforma.<\/p>\n<p data-sourcepos=\"33:1-33:124\">Os residentes s\u00f3 precisar\u00e3o concluir o registro por meio do convite &#8211; e poder\u00e3o come\u00e7ar a usar o novo sistema imediatamente.<\/p>\n<h2 data-sourcepos=\"35:1-35:27\">O que a plataforma far\u00e1:<\/h2>\n<ul data-sourcepos=\"37:1-40:0\">\n<li data-sourcepos=\"37:1-37:99\">Vincular automaticamente as contas de usu\u00e1rio aos seus dispositivos e fornecer acesso ao servi\u00e7o.<\/li>\n<li data-sourcepos=\"38:1-38:102\">Configurar a integra\u00e7\u00e3o do interfone, incluindo a sincroniza\u00e7\u00e3o da agenda telef\u00f4nica, se necess\u00e1rio.<\/li>\n<li data-sourcepos=\"39:1-40:0\">Processar dados e emitir licen\u00e7as da vers\u00e3o b\u00e1sica para o Link.<\/li>\n<\/ul>\n<p data-sourcepos=\"41:1-41:178\">Para casos mais complexos, como trabalhar com dispositivos mais antigos ou transferir dados manualmente, desenvolvemos ferramentas para ajudar os parceiros a otimizar o processo.<\/p>\n<h2 data-sourcepos=\"43:1-43:37\">Quais s\u00e3o os benef\u00edcios para voc\u00ea?<\/h2>\n<p data-sourcepos=\"45:1-45:109\">Para tornar a transi\u00e7\u00e3o o mais ben\u00e9fica poss\u00edvel, a plataforma Link oferece uma ampla gama de novos recursos:<\/p>\n<p data-sourcepos=\"47:1-47:28\"><strong>Gerenciamento de acesso:<\/strong><\/p>\n<ul data-sourcepos=\"49:1-50:0\">\n<li data-sourcepos=\"49:1-50:0\">Controle total sobre o acesso ao edif\u00edcio por meio do aplicativo m\u00f3vel, incluindo desbloqueio remoto de portas e gerenciamento de acesso de convidados.<\/li>\n<\/ul>\n<p data-sourcepos=\"51:1-51:38\"><strong>Recursos aprimorados de intera\u00e7\u00e3o:<\/strong><\/p>\n<ul data-sourcepos=\"53:1-54:0\">\n<li data-sourcepos=\"53:1-54:0\">Integra\u00e7\u00e3o com dispositivos modernos como Apple Watch e Siri, gerenciamento de eventos familiares e reserva de quartos pela plataforma.<\/li>\n<\/ul>\n<p data-sourcepos=\"55:1-55:29\"><strong>Registro e monitoramento:<\/strong><\/p>\n<ul data-sourcepos=\"57:1-58:0\">\n<li data-sourcepos=\"57:1-58:0\">Visualize o hist\u00f3rico de chamadas, registros de acesso e gerencie agendas e restri\u00e7\u00f5es.<\/li>\n<\/ul>\n<p data-sourcepos=\"59:1-59:34\"><strong>Modularidade e personaliza\u00e7\u00e3o:<\/strong><\/p>\n<ul data-sourcepos=\"61:1-62:0\">\n<li data-sourcepos=\"61:1-62:0\">Crie espa\u00e7os para propriedades residenciais e comerciais, configure regras flex\u00edveis de encaminhamento de chamadas e gerencie listas telef\u00f4nicas.<\/li>\n<\/ul>\n<p data-sourcepos=\"63:1-63:36\"><strong>Recursos avan\u00e7ados de telefonia:<\/strong><\/p>\n<ul data-sourcepos=\"65:1-66:0\">\n<li data-sourcepos=\"65:1-66:0\">Suporte para troncos SIP, n\u00fameros virtuais e funcionalidade de softphone para comunica\u00e7\u00e3o perfeita.<\/li>\n<\/ul>\n<p data-sourcepos=\"67:1-67:29\"><strong>Ferramentas de seguran\u00e7a:<\/strong><\/p>\n<ul data-sourcepos=\"69:1-70:0\">\n<li data-sourcepos=\"69:1-70:0\">Integra\u00e7\u00e3o com dispositivos de chamada de emerg\u00eancia, gerenciamento de acesso ao elevador e controle de \u00e1reas restritas.<\/li>\n<\/ul>\n<h2 data-sourcepos=\"71:1-71:34\">Como notificaremos os usu\u00e1rios?<\/h2>\n<p data-sourcepos=\"73:1-73:77\">Preparamos uma s\u00e9rie de notifica\u00e7\u00f5es para gui\u00e1-lo em cada etapa da transi\u00e7\u00e3o:<\/p>\n<ul data-sourcepos=\"75:1-79:0\">\n<li data-sourcepos=\"75:1-75:162\"><strong>E-mails informativos:<\/strong> Voc\u00ea receber\u00e1 e-mails detalhando as mudan\u00e7as, cronograma de transi\u00e7\u00e3o, benef\u00edcios do Link e instru\u00e7\u00f5es passo a passo sobre a migra\u00e7\u00e3o.<\/li>\n<li data-sourcepos=\"76:1-76:127\"><strong>Convites para registro:<\/strong> Ap\u00f3s a migra\u00e7\u00e3o de dados, voc\u00ea receber\u00e1 um convite para concluir seu registro na nova plataforma.<\/li>\n<li data-sourcepos=\"77:1-77:134\"><strong>Lembretes:<\/strong> Se necess\u00e1rio, enviaremos lembretes para garantir que voc\u00ea conclua a configura\u00e7\u00e3o e comece a usar o Link sem atrasos.<\/li>\n<li data-sourcepos=\"78:1-79:0\"><strong>Suporte ao usu\u00e1rio:<\/strong> Nossa equipe estar\u00e1 dispon\u00edvel para responder \u00e0s suas perguntas por e-mail e outros canais de suporte.<\/li>\n<\/ul>\n<h2 data-sourcepos=\"80:1-80:58\">Migrando do Intercom para o Link: um guia passo a passo<\/h2>\n<p data-sourcepos=\"82:1-82:296\">Para garantir uma transi\u00e7\u00e3o tranquila, voc\u00ea receber\u00e1 um convite para ingressar no novo servidor Link entre 20 e 25 de fevereiro. Este convite ser\u00e1 enviado para o endere\u00e7o de e-mail que voc\u00ea usou para se registrar no Intercom. Verifique sua caixa de entrada (e pasta de spam) durante este per\u00edodo.<\/p>\n<h2 data-sourcepos=\"84:1-84:23\">Come\u00e7ando com o Link<\/h2>\n<ol data-sourcepos=\"86:1-90:0\">\n<li data-sourcepos=\"86:1-86:90\"><strong>Aceite o convite:<\/strong> Clique no link no e-mail de convite para acessar o servidor Link.<\/li>\n<li data-sourcepos=\"87:1-87:90\"><strong>Crie uma senha:<\/strong> Voc\u00ea ser\u00e1 solicitado a criar uma nova senha para sua conta do Link.<\/li>\n<li data-sourcepos=\"88:1-88:143\"><strong>Fa\u00e7a login:<\/strong> Depois de criar sua senha, voc\u00ea pode fazer login no servidor Link usando seu endere\u00e7o de e-mail registrado e sua nova senha.<\/li>\n<li data-sourcepos=\"89:1-90:0\"><strong>Siga as instru\u00e7\u00f5es de configura\u00e7\u00e3o:<\/strong> Ap\u00f3s fazer o login, voc\u00ea ser\u00e1 guiado pelo processo de configura\u00e7\u00e3o. As instru\u00e7\u00f5es variam de acordo com o tipo de usu\u00e1rio e equipamento.<\/li>\n<\/ol>\n<h2 data-sourcepos=\"91:1-91:36\">Instru\u00e7\u00f5es espec\u00edficas do usu\u00e1rio<\/h2>\n<p data-sourcepos=\"93:1-93:126\">Para tornar o processo de migra\u00e7\u00e3o o mais f\u00e1cil poss\u00edvel, fornecemos instru\u00e7\u00f5es detalhadas para diferentes grupos de usu\u00e1rios:<\/p>\n<p data-sourcepos=\"95:1-95:14\"><strong>Parceiros<\/strong><strong style=\"font-size: revert; color: initial;\">:<\/strong><\/p>\n<div id=\"model-response-message-contentr_7cc64dd4d44cdcb4\" class=\"markdown markdown-main-panel\" dir=\"ltr\">\n<ul>\n<li><a href=\"https:\/\/basip.atlassian.net\/wiki\/spaces\/migrationtothelink\/pages\/354812908\" target=\"_blank\" rel=\"noopener\">Propriet\u00e1rios de novos equipamentos ou respons\u00e1veis pela sua configura\u00e7\u00e3o<\/a><\/li>\n<li><a href=\"https:\/\/basip.atlassian.net\/wiki\/spaces\/migrationtothelink\/pages\/354713882\" target=\"_blank\" rel=\"noopener\">Propriet\u00e1rios de equipamentos antigos (ou respons\u00e1veis pela sua configura\u00e7\u00e3o) que n\u00e3o podem ser conectados ao novo servidor Link<\/a><\/li>\n<li><a style=\"font-size: revert;\" href=\"https:\/\/basip.atlassian.net\/wiki\/spaces\/migrationtothelink\/pages\/354877460\" target=\"_blank\" rel=\"noopener\">Propriet\u00e1rios de equipamentos antigos (ou respons\u00e1veis pela sua configura\u00e7\u00e3o) que <em>podem<\/em> ser conectados ao novo servidor Link<\/a><\/li>\n<\/ul>\n<p><strong>Moradores de complexos residenciais ou clientes particulares:<\/strong><\/p>\n<ul>\n<li><a href=\"https:\/\/basip.atlassian.net\/wiki\/spaces\/migrationtothelink\/pages\/354713902\" target=\"_blank\" rel=\"noopener\">Usu\u00e1rios do Intercom que n\u00e3o t\u00eam um interfone, mas t\u00eam um aplicativo m\u00f3vel<\/a><\/li>\n<li><a href=\"https:\/\/basip.atlassian.net\/wiki\/spaces\/migrationtothelink\/pages\/354713892\" target=\"_blank\" rel=\"noopener\">Usu\u00e1rios do Intercom que t\u00eam tanto um interfone quanto um aplicativo m\u00f3vel<\/a><\/li>\n<\/ul>\n<p data-sourcepos=\"5:3-5:227\">Recomendamos que voc\u00ea revise as instru\u00e7\u00f5es relevantes para o seu tipo de usu\u00e1rio e equipamento. Se tiver alguma d\u00favida ou precisar de assist\u00eancia durante o processo de migra\u00e7\u00e3o, n\u00e3o hesite em contatar nossa equipe de suporte.<\/p>\n<p data-sourcepos=\"7:3-7:131\">Temos certeza de que voc\u00ea apreciar\u00e1 a experi\u00eancia de comunica\u00e7\u00e3o aprimorada que o Link oferece. Obrigado pelo seu apoio cont\u00ednuo!<\/p>\n<p data-sourcepos=\"9:3-9:20\">Bem-vindo ao Link!<\/p>\n<\/div>\n\n<!-- START Block Sign Up --><section id=\"block_629678229e935\" class=\"sign-up-section\">\r\n\r\n    <div class=\"form-holder js-form\" data-aos=\"fade-right\">\r\n                    <div class=\"title-block h3\">Sign up for connection<\/div>\r\n        \r\n                    <div class=\"text-block\">\r\n                Filling out all the information needed to answer you as quickly as possible            <\/div>\r\n        \r\n                    \n<div class=\"wpcf7 no-js\" id=\"wpcf7-f102-o1\" lang=\"en-US\" dir=\"ltr\">\n<div class=\"screen-reader-response\"><p role=\"status\" aria-live=\"polite\" aria-atomic=\"true\"><\/p> <ul><\/ul><\/div>\n<form action=\"\/pt-pt\/wp-json\/wp\/v2\/pages\/131237#wpcf7-f102-o1\" method=\"post\" class=\"wpcf7-form init\" aria-label=\"Contact form\" enctype=\"multipart\/form-data\" novalidate=\"novalidate\" data-status=\"init\">\n<div style=\"display: none;\">\n<input type=\"hidden\" name=\"_wpcf7\" value=\"102\" \/>\n<input type=\"hidden\" name=\"_wpcf7_version\" value=\"5.8.3\" \/>\n<input type=\"hidden\" name=\"_wpcf7_locale\" value=\"en_US\" \/>\n<input type=\"hidden\" name=\"_wpcf7_unit_tag\" value=\"wpcf7-f102-o1\" \/>\n<input type=\"hidden\" name=\"_wpcf7_container_post\" value=\"0\" \/>\n<input type=\"hidden\" name=\"_wpcf7_posted_data_hash\" value=\"\" \/>\n<input type=\"hidden\" name=\"_wpcf7_recaptcha_response\" value=\"\" \/>\n<\/div>\n<div class=\"row\"> \n <label><span class=\"label-text\">Name<\/span> \n  <span class=\"wpcf7-form-control-wrap\" data-name=\"text-full-name\"><input size=\"40\" class=\"wpcf7-form-control wpcf7-text wpcf7-validates-as-required\" aria-required=\"true\" aria-invalid=\"false\" placeholder=\"Name\" value=\"\" type=\"text\" name=\"text-full-name\" \/><\/span><\/label> \n<\/div> \n<div class=\"row\"> \n <label><span class=\"label-text\">Phone*<\/span> \n<span class=\"wpcf7-form-control-wrap\" data-name=\"phonetext-270\"><input size=\"40\" class=\"wpcf7-form-control wpcf7-phonetext wpcf7-validates-as-required wpcf7-text wpcf7-validates-as-phonetext\" aria-required=\"true\" aria-invalid=\"false\" placeholder=\"Phone*\" value=\"\" type=\"text\" name=\"phonetext-270\" \/><input type=\"hidden\" name=\"phonetext-270-country-code\" class=\"wpcf7-phonetext-country-code\" \/><\/span><\/label> \n<\/div> \n<div class=\"row\"> \n <label><span class=\"label-text\">E-mail<\/span> \n  <span class=\"wpcf7-form-control-wrap\" data-name=\"email-e-mail\"><input size=\"40\" class=\"wpcf7-form-control wpcf7-email wpcf7-validates-as-required wpcf7-text wpcf7-validates-as-email\" aria-required=\"true\" aria-invalid=\"false\" placeholder=\"E-mail\" value=\"\" type=\"email\" name=\"email-e-mail\" \/><\/span><\/label> \n<\/div> \n<div class=\"row\"><span>Your country<\/span> \n <label><span class=\"wpcf7-form-control-wrap\" data-name=\"countrytext-126\"><input size=\"40\" class=\"wpcf7-form-control wpcf7-countrytext wpcf7-text wpcf7-validates-as-countrytext\" aria-invalid=\"false\" value=\"\" type=\"text\" name=\"countrytext-126\" \/><\/span> <\/label>\n<\/div> \n<div class=\"row\"> \n <button type=\"submit\" class=\"btn\">Send<\/button> \n<\/div> \n<div class=\"row\"> \n <span class=\"wpcf7-form-control-wrap\" data-name=\"checkbox-931\"><span class=\"wpcf7-form-control wpcf7-checkbox\"><span class=\"wpcf7-list-item first\"><label><input type=\"checkbox\" name=\"checkbox-931[]\" value=\"Integrator\" \/><span class=\"wpcf7-list-item-label\">Integrator<\/span><\/label><\/span><span class=\"wpcf7-list-item\"><label><input type=\"checkbox\" name=\"checkbox-931[]\" value=\"Builder\" \/><span class=\"wpcf7-list-item-label\">Builder<\/span><\/label><\/span><span class=\"wpcf7-list-item last\"><label><input type=\"checkbox\" name=\"checkbox-931[]\" value=\"End-User\" \/><span class=\"wpcf7-list-item-label\">End-User<\/span><\/label><\/span><\/span><\/span> \n<\/div> \n<div class=\"row row-upload-file\"> \n <label class=\"upload-file-block js-upload-file\">Attach file \n  <span class=\"wpcf7-form-control-wrap\" data-name=\"file-466\"><input size=\"40\" class=\"wpcf7-form-control wpcf7-file\" accept=\"audio\/*,video\/*,image\/*\" aria-invalid=\"false\" type=\"file\" name=\"file-466\" \/><\/span><\/label> \n<\/div><input type='hidden' class='wpcf7-pum' value='{\"closepopup\":false,\"closedelay\":0,\"openpopup\":false,\"openpopup_id\":0}' \/><div class=\"wpcf7-response-output\" aria-hidden=\"true\"><\/div>\n<\/form>\n<\/div>\n            <\/div>\r\n\r\n\t\t    <div class=\"text-holder\" data-aos=\"fade-left\">\r\n\t\t\t\t\t\t    <h3 class=\"title-block\">How Can We Help?<\/h3>\r\n\t\t\t\r\n\t\t\t                <div class=\"text-block\">\r\n                    Please select a topic below related to your inquiry. If you don&#8217;t find what you need, fill out our contact form.                <\/div>\r\n\t\t\t\r\n\t\t\t\t\t\t    <ul class=\"link-list\">\r\n\t\t\t\t\t\t\t\t\t\t\t\t\t\t\t\t\t\t<li>\r\n\t\t\t\t\t\t\t\t\t\t\t\t\t\t\t\t    <strong>Get Inspired<\/strong>\r\n\t\t\t\t\t\t\t\t\t\t\t\t\t\t\t\t\t\t\t\t\t\t\t\t    <a href=\"\/features\/\">\r\n\t\t\t\t\t\t\t\t        Discover what&#8217;s beneath our intercom\t\t\t\t\t\t\t\t    <\/a>\r\n\t\t\t\t\t\t\t\t\t\t\t\t\t\t\t<\/li>\r\n\t\t\t\t\t\t\t\t\t\t\t\t\t\t\t\t\t\t\t\t\t\t\t\t<li>\r\n\t\t\t\t\t\t\t\t\t\t\t\t\t\t\t\t    <strong>Become a Partner<\/strong>\r\n\t\t\t\t\t\t\t\t\t\t\t\t\t\t\t\t\t\t\t\t\t\t\t\t    <a href=\"\/distributors\/\">\r\n\t\t\t\t\t\t\t\t        Expand your business with BAS-IP intercom\t\t\t\t\t\t\t\t    <\/a>\r\n\t\t\t\t\t\t\t\t\t\t\t\t\t\t\t<\/li>\r\n\t\t\t\t\t\t\t\t\t\t\t\t\t\t\t\t\t\t\t\t\t\t\t\t<li>\r\n\t\t\t\t\t\t\t\t\t\t\t\t\t\t\t\t    <strong>Check the Guides<\/strong>\r\n\t\t\t\t\t\t\t\t\t\t\t\t\t\t\t\t\t\t\t\t\t\t\t\t    <a href=\"\/support\/\">\r\n\t\t\t\t\t\t\t\t        Download detailed manuals and schemes\t\t\t\t\t\t\t\t    <\/a>\r\n\t\t\t\t\t\t\t\t\t\t\t\t\t\t\t<\/li>\r\n\t\t\t\t\t\t\t\t\t\t\t\t\t\t\t<\/ul>\r\n\t\t\t\r\n\t\t\t\t\t\t    <h3 class=\"title-block\">Our contacts<\/h3>\r\n\t\t\t\r\n\t\t\t\t\t\t\t<ul class=\"contact-list\">\r\n\t\t\t\t\t\t\t\t\t\t\t\t\t\t\t\t\t\t<li>\r\n\t\t\t\t\t\t\t\t\t\t\t\t\t\t\t\t\t<strong>Sales:<\/strong>\r\n\t\t\t\t\t\t\t\t\t\t\t\t\t\t\t\t\t\t\t\t\t\t\t\t    <a href=\"mailto:&#115;al&#101;&#115;&#64;&#98;&#97;&#115;-ip.&#99;o&#109;\">s&#97;&#108;&#101;&#115;&#64;b&#97;s-&#105;p&#46;co&#109;<\/a>\r\n\t\t\t\t\t\t\t\t\t\t\t\t\t\t\t<\/li>\r\n\t\t\t\t\t\t\t\t\t\t\t\t\t\t\t\t\t\t\t\t\t\t\t\t<li>\r\n\t\t\t\t\t\t\t\t\t\t\t\t\t\t\t\t\t<strong>Technical support:<\/strong>\r\n\t\t\t\t\t\t\t\t\t\t\t\t\t\t\t\t\t\t\t\t\t\t\t\t    <a href=\"mailto:&#115;&#117;p&#112;ort&#64;&#98;a&#115;&#45;&#105;&#112;.com\">su&#112;&#112;ort&#64;bas&#45;ip&#46;c&#111;m<\/a>\r\n\t\t\t\t\t\t\t\t\t\t\t\t\t\t\t<\/li>\r\n\t\t\t\t\t\t\t\t\t\t\t\t\t\t\t<\/ul>\r\n\t\t\t\t\t<\/div>\r\n\t<\/section>\r\n\r\n\r\n\r\n<!-- END Block Sign Up -->","protected":false},"excerpt":{"rendered":"<p>Intercom est\u00e1 mudando para Link: O que isso significa para voc\u00ea? A partir de 4 de mar\u00e7o de 2025, o aplicativo Intercom para Android n\u00e3o estar\u00e1 mais dispon\u00edvel na Google Play Store. No entanto, a vers\u00e3o web e o aplicativo para iOS continuar\u00e3o funcionando sem nenhuma altera\u00e7\u00e3o, e os servidores do Intercom permanecer\u00e3o ativos para [&hellip;]<\/p>","protected":false},"author":1,"featured_media":0,"parent":0,"menu_order":0,"comment_status":"closed","ping_status":"closed","template":"","meta":{"inline_featured_image":false,"footnotes":""},"class_list":["post-131237","page","type-page","status-publish","hentry"],"acf":[],"_links":{"self":[{"href":"https:\/\/bas-ip.com\/pt-pt\/wp-json\/wp\/v2\/pages\/131237","targetHints":{"allow":["GET"]}}],"collection":[{"href":"https:\/\/bas-ip.com\/pt-pt\/wp-json\/wp\/v2\/pages"}],"about":[{"href":"https:\/\/bas-ip.com\/pt-pt\/wp-json\/wp\/v2\/types\/page"}],"author":[{"embeddable":true,"href":"https:\/\/bas-ip.com\/pt-pt\/wp-json\/wp\/v2\/users\/1"}],"replies":[{"embeddable":true,"href":"https:\/\/bas-ip.com\/pt-pt\/wp-json\/wp\/v2\/comments?post=131237"}],"version-history":[{"count":3,"href":"https:\/\/bas-ip.com\/pt-pt\/wp-json\/wp\/v2\/pages\/131237\/revisions"}],"predecessor-version":[{"id":131536,"href":"https:\/\/bas-ip.com\/pt-pt\/wp-json\/wp\/v2\/pages\/131237\/revisions\/131536"}],"wp:attachment":[{"href":"https:\/\/bas-ip.com\/pt-pt\/wp-json\/wp\/v2\/media?parent=131237"}],"curies":[{"name":"wp","href":"https:\/\/api.w.org\/{rel}","templated":true}]}}