{"id":123084,"date":"2023-03-31T12:50:05","date_gmt":"2023-03-31T12:50:05","guid":{"rendered":"https:\/\/bas-ip.com\/?page_id=123084"},"modified":"2025-03-14T10:08:22","modified_gmt":"2025-03-14T10:08:22","slug":"elevador-ascensor","status":"publish","type":"page","link":"https:\/\/bas-ip.com\/pt-pt\/elevador\/","title":{"rendered":"Elevador"},"content":{"rendered":"<h1 class=\"wp-block-heading\"><strong>Intercomunicador de elevador baseado em tecnologia IP<\/strong><\/h1>\n\n\n\n<p>Num mundo sempre ligado, a comunica\u00e7\u00e3o tornou-se primordial. Isto \u00e9 particularmente verdade em ambientes onde a seguran\u00e7a e a acessibilidade s\u00e3o cruciais, como \u00e9 o caso dos elevadores. O sistema de intercomunica\u00e7\u00e3o para elevadores desempenha um papel vital na garantia do bem-estar dos passageiros e \u00e9 cada vez mais visto como uma carater\u00edstica obrigat\u00f3ria. Vamos analisar os benef\u00edcios da utiliza\u00e7\u00e3o de sistemas de intercomunica\u00e7\u00e3o para elevadores baseados em BAS-IP IP, e como estes est\u00e3o a revolucionar a experi\u00eancia do elevador.<\/p>\n\n\n<!-- START Block Features --><section id=\"block_6437d003aff43\" class=\"features-section\">\r\n\t\r\n    <div class=\"features-list\">\r\n                    <div class=\"features-item\" data-aos=\"fade-up\">\r\n    <div class=\"features-box\">\r\n                    <div class=\"image-holder\">\r\n                <img loading=\"lazy\" decoding=\"async\" width=\"350\" height=\"320\" src=\"https:\/\/bas-ip.com\/wp-content\/uploads\/2023\/04\/1-6-350x320.jpg\" class=\"attachment-thumbnail_350x320 size-thumbnail_350x320\" alt=\"\" \/>            <\/div>\r\n        \r\n        <div class=\"text-holder\">\r\n                        <h3 class=\"title-block\">A necessidade de intercomunicadores nos elevadores<\/h3>\r\n          \r\n                        <div class=\"text-block\">\r\n                <p>Os intercomunicadores dos elevadores funcionam como uma t\u00e1bua de salva\u00e7\u00e3o para os passageiros em caso de emerg\u00eancia ou problemas t\u00e9cnicos. Proporcionam um canal de comunica\u00e7\u00e3o direto com a administra\u00e7\u00e3o do edif\u00edcio ou com os servi\u00e7os de emerg\u00eancia, garantindo uma assist\u00eancia r\u00e1pida quando necess\u00e1rio. Como tal, ter um sistema de intercomunica\u00e7\u00e3o fi\u00e1vel e eficiente nos elevadores \u00e9 essencial para manter os padr\u00f5es de seguran\u00e7a e tranquilizar os passageiros.<\/p>\n              <\/div>\r\n                  <\/div>\r\n    <\/div>\r\n<\/div>\r\n                    <div class=\"features-item\" data-aos=\"fade-up\">\r\n    <div class=\"features-box\">\r\n                    <div class=\"image-holder\">\r\n                <img loading=\"lazy\" decoding=\"async\" width=\"350\" height=\"320\" src=\"https:\/\/bas-ip.com\/wp-content\/uploads\/2023\/04\/2-6-350x320.jpg\" class=\"attachment-thumbnail_350x320 size-thumbnail_350x320\" alt=\"\" \/>            <\/div>\r\n        \r\n        <div class=\"text-holder\">\r\n                        <h3 class=\"title-block\">Intercomunicadores baseados em IP: um passo acima dos sistemas tradicionais<\/h3>\r\n          \r\n                        <div class=\"text-block\">\r\n                <p>Os sistemas de intercomunica\u00e7\u00e3o anal\u00f3gicos tradicionais t\u00eam sido o padr\u00e3o durante muitos anos. No entanto, o advento de solu\u00e7\u00f5es baseadas em IP, que aproveitam o protocolo de Internet (IP) e o Protocolo de Inicia\u00e7\u00e3o de Sess\u00e3o (SIP), provocou uma mudan\u00e7a de paradigma na forma como comunicamos dentro dos elevadores.<\/p>\n              <\/div>\r\n                  <\/div>\r\n    <\/div>\r\n<\/div>\r\n                    <div class=\"features-item\" data-aos=\"fade-up\">\r\n    <div class=\"features-box\">\r\n                    <div class=\"image-holder\">\r\n                <img loading=\"lazy\" decoding=\"async\" width=\"350\" height=\"320\" src=\"https:\/\/bas-ip.com\/wp-content\/uploads\/2023\/04\/3-6-350x320.jpg\" class=\"attachment-thumbnail_350x320 size-thumbnail_350x320\" alt=\"\" \/>            <\/div>\r\n        \r\n        <div class=\"text-holder\">\r\n                        <h3 class=\"title-block\">Parceria com fabricantes globais de elevadores<\/h3>\r\n          \r\n                        <div class=\"text-block\">\r\n                <p>A BAS-IP estabeleceu parcerias com os principais fabricantes de elevadores, como a Kone, para proporcionar uma integra\u00e7\u00e3o perfeita com os seus produtos. Esta colabora\u00e7\u00e3o permite o controlo total dos elevadores Kone a partir dos intercomunicadores BAS-IP instalados nos apartamentos, criando uma experi\u00eancia de utilizador coesa e simplificada.<\/p>\n              <\/div>\r\n                  <\/div>\r\n    <\/div>\r\n<\/div>\r\n            <\/div>\r\n<\/section>\r\n<!-- END Block Features -->\n\n\n<h2 class=\"wp-block-heading\"><strong>Vantagens dos intercomunicadores de elevador BAS-IP<\/strong><\/h2>\n\n\n\n<p>Em compara\u00e7\u00e3o com os sistemas anal\u00f3gicos tradicionais, os intercomunicadores de elevador baseados em IP, como a solu\u00e7\u00e3o BAS-IP, oferecem v\u00e1rias vantagens:<\/p>\n\n\n<!-- START Block Features --><section id=\"block_6437d09daff47\" class=\"features-section\">\r\n\t\r\n    <div class=\"features-list\">\r\n                    <div class=\"features-item\" data-aos=\"fade-up\">\r\n    <div class=\"features-box\">\r\n                    <div class=\"image-holder\">\r\n                <img loading=\"lazy\" decoding=\"async\" width=\"350\" height=\"320\" src=\"https:\/\/bas-ip.com\/wp-content\/uploads\/2023\/04\/4-6-350x320.jpg\" class=\"attachment-thumbnail_350x320 size-thumbnail_350x320\" alt=\"\" \/>            <\/div>\r\n        \r\n        <div class=\"text-holder\">\r\n                        <h3 class=\"title-block\">Qualidade de \u00e1udio e v\u00eddeo melhorada<\/h3>\r\n          \r\n                        <div class=\"text-block\">\r\n                <p>Os intercomunicadores BAS-IP v\u00eam com c\u00e2maras incorporadas, assegurando que o pessoal de gest\u00e3o e seguran\u00e7a do edif\u00edcio pode monitorizar a atividade do elevador em tempo real. Esta funcionalidade n\u00e3o s\u00f3 aumenta a seguran\u00e7a geral do edif\u00edcio, como tamb\u00e9m serve de dissuasor para potenciais infractores.<\/p>\n              <\/div>\r\n                  <\/div>\r\n    <\/div>\r\n<\/div>\r\n                    <div class=\"features-item\" data-aos=\"fade-up\">\r\n    <div class=\"features-box\">\r\n                    <div class=\"image-holder\">\r\n                <img loading=\"lazy\" decoding=\"async\" width=\"350\" height=\"320\" src=\"https:\/\/bas-ip.com\/wp-content\/uploads\/2023\/04\/5-6-350x320.jpg\" class=\"attachment-thumbnail_350x320 size-thumbnail_350x320\" alt=\"\" \/>            <\/div>\r\n        \r\n        <div class=\"text-holder\">\r\n                        <h3 class=\"title-block\">Dispositivos Ilimitados e Suporte ao Terminal Concierge<\/h3>\r\n          \r\n                        <div class=\"text-block\">\r\n                <p>A solu\u00e7\u00e3o BAS-IP suporta um n\u00famero ilimitado de dispositivos numa rede, incluindo a integra\u00e7\u00e3o de um terminal de concierge. Esta escalabilidade assegura que o sistema pode crescer com o edif\u00edcio, acomodando quaisquer altera\u00e7\u00f5es nos requisitos sem comprometer o desempenho ou a fiabilidade.<\/p>\n              <\/div>\r\n                  <\/div>\r\n    <\/div>\r\n<\/div>\r\n                    <div class=\"features-item\" data-aos=\"fade-up\">\r\n    <div class=\"features-box\">\r\n                    <div class=\"image-holder\">\r\n                <img loading=\"lazy\" decoding=\"async\" width=\"350\" height=\"320\" src=\"https:\/\/bas-ip.com\/wp-content\/uploads\/2023\/04\/6-5-350x320.jpg\" class=\"attachment-thumbnail_350x320 size-thumbnail_350x320\" alt=\"\" \/>            <\/div>\r\n        \r\n        <div class=\"text-holder\">\r\n                        <h3 class=\"title-block\">Instala\u00e7\u00e3o e manuten\u00e7\u00e3o mais f\u00e1ceis<\/h3>\r\n          \r\n                        <div class=\"text-block\">\r\n                <p>Os intercomunicadores de elevador IP utilizam a infraestrutura de rede existente, tornando-os mais simples e mais econ\u00f3micos de instalar e manter.<\/p>\n<p>No mundo cada vez mais conectado de hoje, a necessidade de uma comunica\u00e7\u00e3o eficiente e fi\u00e1vel dentro dos elevadores n\u00e3o pode ser exagerada. Os sistemas de intercomunica\u00e7\u00e3o de elevadores baseados em IP, como a solu\u00e7\u00e3o BAS-IP, emergiram como o padr\u00e3o de ouro neste dom\u00ednio, oferecendo in\u00fameras vantagens em rela\u00e7\u00e3o aos sistemas anal\u00f3gicos tradicionais. Desde uma melhor qualidade de \u00e1udio e v\u00eddeo at\u00e9 \u00e0 integra\u00e7\u00e3o perfeita com outros sistemas de gest\u00e3o de edif\u00edcios, os intercomunicadores IP est\u00e3o a transformar a experi\u00eancia do elevador para melhor. Como resultado, os propriet\u00e1rios, gestores e ocupantes dos edif\u00edcios podem desfrutar de maior seguran\u00e7a, comodidade e paz de esp\u00edrito.<\/p>\n              <\/div>\r\n                  <\/div>\r\n    <\/div>\r\n<\/div>\r\n            <\/div>\r\n<\/section>\r\n<!-- END Block Features -->\n\n<!-- START Block FAQ --><section id=\"block_6426d69cbc4a0\" class=\"faq-section\">\r\n\t\t    <h2 class=\"title-section\" data-aos=\"fade-right\">Perguntas frequentes<\/h2>\r\n\t\t\t    <div class=\"faq-list js-accordion\" data-aos=\"fade-up\">\r\n\t\t\t\t\t\t\t\t\t\t\t    <div class=\"accordion-item faq-item\">\r\n                        <div class=\"accordion-opener\">\r\n                            Q: Porque \u00e9 que os intercomunicadores de elevador s\u00e3o considerados obrigat\u00f3rios?                            <i class=\"fa-solid fa-chevron-down\"><\/i>\r\n                        <\/div>\r\n                        <div class=\"accordion-slide\">\r\n\t\t\t\t\t\t    <p>Os intercomunicadores dos elevadores s\u00e3o considerados obrigat\u00f3rios porque proporcionam um canal de comunica\u00e7\u00e3o direto entre os passageiros e a administra\u00e7\u00e3o do edif\u00edcio ou os servi\u00e7os de emerg\u00eancia, garantindo uma assist\u00eancia atempada em caso de emerg\u00eancia ou problemas t\u00e9cnicos.<\/p>\n                        <\/div>\r\n\t\t\t\t\t<\/div>\r\n\t\t\t\t\t\t\t\t\t\t\t\t\t\t\t    <div class=\"accordion-item faq-item\">\r\n                        <div class=\"accordion-opener\">\r\n                            Q: O que torna os intercomunicadores de elevador baseados em IP melhores do que os sistemas anal\u00f3gicos tradicionais?                            <i class=\"fa-solid fa-chevron-down\"><\/i>\r\n                        <\/div>\r\n                        <div class=\"accordion-slide\">\r\n\t\t\t\t\t\t    <p>Os intercomunicadores de elevador baseados em IP, como a solu\u00e7\u00e3o BAS-IP, oferecem v\u00e1rias vantagens em rela\u00e7\u00e3o aos sistemas anal\u00f3gicos tradicionais, incluindo uma melhor qualidade de \u00e1udio e v\u00eddeo, escalabilidade, instala\u00e7\u00e3o e manuten\u00e7\u00e3o mais f\u00e1ceis, funcionalidades de c\u00e2mara incorporadas e integra\u00e7\u00e3o perfeita com outros sistemas baseados em IP.<\/p>\n                        <\/div>\r\n\t\t\t\t\t<\/div>\r\n\t\t\t\t\t\t\t\t\t\t\t\t\t\t\t    <div class=\"accordion-item faq-item\">\r\n                        <div class=\"accordion-opener\">\r\n                            Q: Como \u00e9 que a funcionalidade de c\u00e2mara integrada nos intercomunicadores IP melhora a seguran\u00e7a do elevador?                            <i class=\"fa-solid fa-chevron-down\"><\/i>\r\n                        <\/div>\r\n                        <div class=\"accordion-slide\">\r\n\t\t\t\t\t\t    <p>A funcionalidade de c\u00e2mara incorporada nos intercomunicadores IP permite que o pessoal de gest\u00e3o e seguran\u00e7a do edif\u00edcio monitorize a atividade do elevador em tempo real. Esta camada adicional de seguran\u00e7a pode atuar como um dissuasor para potenciais malfeitores e fornece provas visuais em caso de incidentes.<\/p>\n                        <\/div>\r\n\t\t\t\t\t<\/div>\r\n\t\t\t\t\t\t\t\t\t\t\t\t\t\t\t    <div class=\"accordion-item faq-item\">\r\n                        <div class=\"accordion-opener\">\r\n                            Q: Os intercomunicadores de elevador baseados em IP podem funcionar com outros sistemas de gest\u00e3o de edif\u00edcios?                            <i class=\"fa-solid fa-chevron-down\"><\/i>\r\n                        <\/div>\r\n                        <div class=\"accordion-slide\">\r\n\t\t\t\t\t\t    <p>Sim, os intercomunicadores de elevador baseados em IP s\u00e3o concebidos para se integrarem perfeitamente com outros sistemas de gest\u00e3o de edif\u00edcios baseados em IP. Isto facilita um ecossistema de gest\u00e3o de edif\u00edcios mais ligado e eficiente, aumentando a seguran\u00e7a e a comodidade gerais.<\/p>\n                        <\/div>\r\n\t\t\t\t\t<\/div>\r\n\t\t\t\t\t\t\t\t\t\t\t\t\t\t\t    <div class=\"accordion-item faq-item\">\r\n                        <div class=\"accordion-opener\">\r\n                            Q: De que forma a parceria entre a BAS-IP e fabricantes de elevadores como a Kone beneficia os utilizadores?                            <i class=\"fa-solid fa-chevron-down\"><\/i>\r\n                        <\/div>\r\n                        <div class=\"accordion-slide\">\r\n\t\t\t\t\t\t    <p>A parceria entre a BAS-IP e fabricantes de elevadores como a Kone permite uma integra\u00e7\u00e3o perfeita dos respectivos produtos. Esta colabora\u00e7\u00e3o permite o controlo total dos elevadores Kone a partir dos intercomunicadores BAS-IP instalados nos apartamentos, proporcionando uma experi\u00eancia de utilizador coesa e simplificada.<\/p>\n                        <\/div>\r\n\t\t\t\t\t<\/div>\r\n\t\t\t\t\t\t\t\t\t<\/div>\r\n\t<\/section>\r\n<!-- END Block FAQ -->","protected":false},"excerpt":{"rendered":"<p>Intercomunicador de elevador baseado em tecnologia IP Num mundo sempre ligado, a comunica\u00e7\u00e3o tornou-se primordial. Isto \u00e9 particularmente verdade em ambientes onde a seguran\u00e7a e a acessibilidade s\u00e3o cruciais, como \u00e9 o caso dos elevadores. O sistema de intercomunica\u00e7\u00e3o para elevadores desempenha um papel vital na garantia do bem-estar dos passageiros e \u00e9 cada vez [&hellip;]<\/p>","protected":false},"author":3,"featured_media":0,"parent":0,"menu_order":0,"comment_status":"closed","ping_status":"closed","template":"","meta":{"inline_featured_image":false,"footnotes":""},"class_list":["post-123084","page","type-page","status-publish","hentry"],"acf":[],"_links":{"self":[{"href":"https:\/\/bas-ip.com\/pt-pt\/wp-json\/wp\/v2\/pages\/123084","targetHints":{"allow":["GET"]}}],"collection":[{"href":"https:\/\/bas-ip.com\/pt-pt\/wp-json\/wp\/v2\/pages"}],"about":[{"href":"https:\/\/bas-ip.com\/pt-pt\/wp-json\/wp\/v2\/types\/page"}],"author":[{"embeddable":true,"href":"https:\/\/bas-ip.com\/pt-pt\/wp-json\/wp\/v2\/users\/3"}],"replies":[{"embeddable":true,"href":"https:\/\/bas-ip.com\/pt-pt\/wp-json\/wp\/v2\/comments?post=123084"}],"version-history":[{"count":3,"href":"https:\/\/bas-ip.com\/pt-pt\/wp-json\/wp\/v2\/pages\/123084\/revisions"}],"predecessor-version":[{"id":133684,"href":"https:\/\/bas-ip.com\/pt-pt\/wp-json\/wp\/v2\/pages\/123084\/revisions\/133684"}],"wp:attachment":[{"href":"https:\/\/bas-ip.com\/pt-pt\/wp-json\/wp\/v2\/media?parent=123084"}],"curies":[{"name":"wp","href":"https:\/\/api.w.org\/{rel}","templated":true}]}}