{"id":122477,"date":"2024-05-15T14:21:12","date_gmt":"2024-05-15T14:21:12","guid":{"rendered":"https:\/\/bas-ip.com\/?page_id=122477"},"modified":"2024-11-05T14:43:37","modified_gmt":"2024-11-05T14:43:37","slug":"politica-de-suporte-de-firmware","status":"publish","type":"page","link":"https:\/\/bas-ip.com\/pt-pt\/politica-de-suporte-de-firmware\/","title":{"rendered":"Pol\u00edtica de suporte de firmware"},"content":{"rendered":"<p><strong>Manuten\u00e7\u00e3o do firmware<\/strong><\/p>\n\n\n\n<p id=\"block-42d81afc-3999-4c23-8e53-b5842df17783\">A BAS-IP pode, a seu exclusivo crit\u00e9rio, fornecer um suporte b\u00e1sico de firmware durante o per\u00edodo de garantia aplic\u00e1vel ao hardware. Durante o per\u00edodo de garantia, a BAS-IP pode lan\u00e7ar vers\u00f5es de manuten\u00e7\u00e3o ou correc\u00e7\u00f5es de erros para o hardware.<\/p>\n\n\n\n<p id=\"block-6a99b27f-24e1-40b1-8ddc-3ce4d3c827e1\">Depois de decorrido o per\u00edodo de garantia, a BAS-IP deixar\u00e1 de desenvolver, manter ou testar o firmware em quest\u00e3o. No entanto, a BAS-IP pode, a seu exclusivo crit\u00e9rio e com base em cada produto, oferecer apoio ap\u00f3s o termo do per\u00edodo de garantia. Todo o firmware BAS-IP, incluindo, mas n\u00e3o limitado a, firmware fornecido pr\u00e9-instalado no hardware BAS-IP e onde o hardware est\u00e1 sujeito ao servi\u00e7o RMA, \u00e9 fornecido &#8220;tal como est\u00e1&#8221;.<\/p>\n\n\n\n<p>O firmware BAS-IP n\u00e3o est\u00e1 coberto pela garantia BAS-IP.<\/p>\n\n\n\n<p><\/p>\n\n\n\n<p><\/p>","protected":false},"excerpt":{"rendered":"<p>Manuten\u00e7\u00e3o do firmware A BAS-IP pode, a seu exclusivo crit\u00e9rio, fornecer um suporte b\u00e1sico de firmware durante o per\u00edodo de garantia aplic\u00e1vel ao hardware. Durante o per\u00edodo de garantia, a BAS-IP pode lan\u00e7ar vers\u00f5es de manuten\u00e7\u00e3o ou correc\u00e7\u00f5es de erros para o hardware. Depois de decorrido o per\u00edodo de garantia, a BAS-IP deixar\u00e1 de desenvolver, [&hellip;]<\/p>","protected":false},"author":3,"featured_media":0,"parent":0,"menu_order":0,"comment_status":"closed","ping_status":"closed","template":"","meta":{"inline_featured_image":false,"footnotes":""},"class_list":["post-122477","page","type-page","status-publish","hentry"],"acf":[],"_links":{"self":[{"href":"https:\/\/bas-ip.com\/pt-pt\/wp-json\/wp\/v2\/pages\/122477","targetHints":{"allow":["GET"]}}],"collection":[{"href":"https:\/\/bas-ip.com\/pt-pt\/wp-json\/wp\/v2\/pages"}],"about":[{"href":"https:\/\/bas-ip.com\/pt-pt\/wp-json\/wp\/v2\/types\/page"}],"author":[{"embeddable":true,"href":"https:\/\/bas-ip.com\/pt-pt\/wp-json\/wp\/v2\/users\/3"}],"replies":[{"embeddable":true,"href":"https:\/\/bas-ip.com\/pt-pt\/wp-json\/wp\/v2\/comments?post=122477"}],"version-history":[{"count":1,"href":"https:\/\/bas-ip.com\/pt-pt\/wp-json\/wp\/v2\/pages\/122477\/revisions"}],"predecessor-version":[{"id":122478,"href":"https:\/\/bas-ip.com\/pt-pt\/wp-json\/wp\/v2\/pages\/122477\/revisions\/122478"}],"wp:attachment":[{"href":"https:\/\/bas-ip.com\/pt-pt\/wp-json\/wp\/v2\/media?parent=122477"}],"curies":[{"name":"wp","href":"https:\/\/api.w.org\/{rel}","templated":true}]}}