{"id":150027,"date":"2025-02-06T12:58:36","date_gmt":"2025-02-06T12:58:36","guid":{"rendered":"https:\/\/bas-ip.com\/napco\/"},"modified":"2025-11-18T15:18:13","modified_gmt":"2025-11-18T15:18:13","slug":"napco","status":"publish","type":"page","link":"https:\/\/bas-ip.com\/pl\/napco\/","title":{"rendered":"NAPCO"},"content":{"rendered":"<h2 class=\"wp-block-heading\"><strong>BAS-IP i NAPCO: Integracja dla Wygodnego Zarz\u0105dzania Dost\u0119pem<\/strong><\/h2>\n\n\n<div class=\"wp-block-image\">\n<figure class=\"aligncenter size-full\"><img loading=\"lazy\" decoding=\"async\" width=\"900\" height=\"183\" src=\"https:\/\/bas-ip.com\/wp-content\/uploads\/2025\/02\/napco-security-logo.png\" alt=\"\" class=\"wp-image-130197\" srcset=\"https:\/\/bas-ip.com\/wp-content\/uploads\/2025\/02\/napco-security-logo.png 900w,  https:\/\/bas-ip.com\/wp-content\/uploads\/2025\/02\/napco-security-logo-300x61.png 300w,  https:\/\/bas-ip.com\/wp-content\/uploads\/2025\/02\/napco-security-logo-768x156.png 768w,  https:\/\/bas-ip.com\/wp-content\/uploads\/2025\/02\/napco-security-logo-767x156.png 767w\" sizes=\"auto, (max-width: 900px) 100vw, 900px\" \/><\/figure>\n<\/div>\n\n<p data-path-to-node=\"2\">Integracja z <b>NAPCO<\/b> odbywa si\u0119 za po\u015brednictwem panelu <b>AV-08FB<\/b> opartego na systemie <b>Android<\/b>. Poprzez pod\u0142\u0105czenie panelu do oprogramowania <b>Card Access Software v1.2.x<\/b>, u\u017cytkownicy mog\u0105 zarz\u0105dza\u0107 danymi uwierzytelniaj\u0105cymi za pomoc\u0105 pojedynczego interfejsu, eliminuj\u0105c potrzeb\u0119 oddzielnego interfejsu webowego, co upraszcza proces.<\/p>\n<p data-path-to-node=\"3\">Integracja obejmuje <b>kontrol\u0119 dost\u0119pu<\/b>, <b>nadz\u00f3r wideo<\/b> oraz <b>monitorowanie w czasie rzeczywistym<\/b>, dzi\u0119ki czemu system jest elastyczny i wygodny, zw\u0142aszcza w kompleksach mieszkalnych i biurach, gdzie szybkie zarz\u0105dzanie i natychmiastowa reakcja na zdarzenia s\u0105 kluczowe.<\/p>\n<p data-path-to-node=\"5\">\u00a0<\/p>\n<h3>Korzy\u015bci z Integracji BAS-IP i NAPCO:<\/h3>\n<p>\u00a0<\/p>\n<ul>\n<li data-path-to-node=\"6,0,0\"><b>\u0141atwo\u015b\u0107 Zarz\u0105dzania:<\/b> Pojedynczy interfejs umo\u017cliwia u\u017cytkownikom \u0142atwe zarz\u0105dzanie po\u015bwiadczeniami i dost\u0119pem, upraszczaj\u0105c proces administracyjny.<\/li>\n<li data-path-to-node=\"6,0,0\"><b>Elastyczny System:<\/b> Integracja pozwala na wykorzystanie r\u00f3\u017cnych funkcji, w tym kontroli dost\u0119pu i nadzoru wideo, co sprawia, \u017ce system jest wszechstronny.<\/li>\n<li data-path-to-node=\"6,0,0\"><b>Monitorowanie w Czasie Rzeczywistym:<\/b> Mo\u017cliwo\u015b\u0107 monitorowania zdarze\u0144 w czasie rzeczywistym zwi\u0119ksza bezpiecze\u0144stwo i umo\u017cliwia szybsz\u0105 reakcj\u0119 na incydenty.<\/li>\n<li data-path-to-node=\"6,0,0\"><b>Idealne dla Kompleks\u00f3w Mieszkalnych i Biurowych:<\/b> Rozwi\u0105zanie jest odpowiednie dla obiekt\u00f3w, w kt\u00f3rych kluczowa jest szybka reakcja i wygodne zarz\u0105dzanie dost\u0119pem.<\/li>\n<\/ul>\n<p data-path-to-node=\"8\">\u00a0<\/p>\n<h3>Najwa\u017cniejsze Cechy Integracji:<\/h3>\n<p>\u00a0<\/p>\n<p data-path-to-node=\"9\">Wsp\u00f3\u0142praca mi\u0119dzy <b>BAS-IP<\/b> a <b>NAPCO<\/b> oferuje:<\/p>\n<ul>\n<li data-path-to-node=\"10,0,0\">Integracj\u0119 z panelem <b>AV-08FB<\/b> i oprogramowaniem <b>Card Access<\/b>, zapewniaj\u0105c wygodne zarz\u0105dzanie dost\u0119pem.<\/li>\n<li data-path-to-node=\"10,0,0\">Wzajemne po\u0142\u0105czenie r\u00f3\u017cnych aspekt\u00f3w bezpiecze\u0144stwa, takich jak nadz\u00f3r wideo i kontrola dost\u0119pu.<\/li>\n<li data-path-to-node=\"10,0,0\">Elastyczne konfiguracje, kt\u00f3re mo\u017cna dostosowa\u0107 do r\u00f3\u017cnych potrzeb u\u017cytkownik\u00f3w.<\/li>\n<\/ul>\n<p data-path-to-node=\"11\">Integracja ta pozwala na konsolidacj\u0119 zarz\u0105dzania dost\u0119pem i nadzoru wideo w jednym systemie, co czyni j\u0105 idealnym rozwi\u0105zaniem dla nowoczesnych nieruchomo\u015bci. Wsp\u00f3\u0142praca mi\u0119dzy <b>BAS-IP<\/b> a <b>NAPCO<\/b> zapewnia skuteczne i bezpieczne narz\u0119dzie do zarz\u0105dzania i monitorowania dost\u0119pu.<\/p>\n<p data-path-to-node=\"12\">Bardziej szczeg\u00f3\u0142owe wskaz\u00f3wki dotycz\u0105ce instalacji i konfiguracji mo\u017cna znale\u017a\u0107 w naszym <a href=\"https:\/\/basip.atlassian.net\/wiki\/spaces\/Integrations\/pages\/248479748\/Integration+with+NAPCO\" target=\"_blank\" rel=\"noopener\"><b>Instrukta\u017cu Wiki<\/b><\/a>.<\/p>\n\n<!-- START Block Sign Up --><section id=\"block_629678229e935\" class=\"sign-up-section\">\r\n\r\n    <div class=\"form-holder js-form\" data-aos=\"fade-right\">\r\n                    <div class=\"title-block h3\">Sign up for connection<\/div>\r\n        \r\n                    <div class=\"text-block\">\r\n                Filling out all the information needed to answer you as quickly as possible            <\/div>\r\n        \r\n                    \n<div class=\"wpcf7 no-js\" id=\"wpcf7-f102-o1\" lang=\"en-US\" dir=\"ltr\">\n<div class=\"screen-reader-response\"><p role=\"status\" aria-live=\"polite\" aria-atomic=\"true\"><\/p> <ul><\/ul><\/div>\n<form action=\"\/pl\/wp-json\/wp\/v2\/pages\/150027#wpcf7-f102-o1\" method=\"post\" class=\"wpcf7-form init\" aria-label=\"Contact form\" enctype=\"multipart\/form-data\" novalidate=\"novalidate\" data-status=\"init\">\n<div style=\"display: none;\">\n<input type=\"hidden\" name=\"_wpcf7\" value=\"102\" \/>\n<input type=\"hidden\" name=\"_wpcf7_version\" value=\"5.8.3\" \/>\n<input type=\"hidden\" name=\"_wpcf7_locale\" value=\"en_US\" \/>\n<input type=\"hidden\" name=\"_wpcf7_unit_tag\" value=\"wpcf7-f102-o1\" \/>\n<input type=\"hidden\" name=\"_wpcf7_container_post\" value=\"0\" \/>\n<input type=\"hidden\" name=\"_wpcf7_posted_data_hash\" value=\"\" \/>\n<input type=\"hidden\" name=\"_wpcf7_recaptcha_response\" value=\"\" \/>\n<\/div>\n<div class=\"row\"> \n <label><span class=\"label-text\">Name<\/span> \n  <span class=\"wpcf7-form-control-wrap\" data-name=\"text-full-name\"><input size=\"40\" class=\"wpcf7-form-control wpcf7-text wpcf7-validates-as-required\" aria-required=\"true\" aria-invalid=\"false\" placeholder=\"Name\" value=\"\" type=\"text\" name=\"text-full-name\" \/><\/span><\/label> \n<\/div> \n<div class=\"row\"> \n <label><span class=\"label-text\">Phone*<\/span> \n<span class=\"wpcf7-form-control-wrap\" data-name=\"phonetext-270\"><input size=\"40\" class=\"wpcf7-form-control wpcf7-phonetext wpcf7-validates-as-required wpcf7-text wpcf7-validates-as-phonetext\" aria-required=\"true\" aria-invalid=\"false\" placeholder=\"Phone*\" value=\"\" type=\"text\" name=\"phonetext-270\" \/><input type=\"hidden\" name=\"phonetext-270-country-code\" class=\"wpcf7-phonetext-country-code\" \/><\/span><\/label> \n<\/div> \n<div class=\"row\"> \n <label><span class=\"label-text\">E-mail<\/span> \n  <span class=\"wpcf7-form-control-wrap\" data-name=\"email-e-mail\"><input size=\"40\" class=\"wpcf7-form-control wpcf7-email wpcf7-validates-as-required wpcf7-text wpcf7-validates-as-email\" aria-required=\"true\" aria-invalid=\"false\" placeholder=\"E-mail\" value=\"\" type=\"email\" name=\"email-e-mail\" \/><\/span><\/label> \n<\/div> \n<div class=\"row\"><span>Your country<\/span> \n <label><span class=\"wpcf7-form-control-wrap\" data-name=\"countrytext-126\"><input size=\"40\" class=\"wpcf7-form-control wpcf7-countrytext wpcf7-text wpcf7-validates-as-countrytext\" aria-invalid=\"false\" value=\"\" type=\"text\" name=\"countrytext-126\" \/><\/span> <\/label>\n<\/div> \n<div class=\"row\"> \n <button type=\"submit\" class=\"btn\">Send<\/button> \n<\/div> \n<div class=\"row\"> \n <span class=\"wpcf7-form-control-wrap\" data-name=\"checkbox-931\"><span class=\"wpcf7-form-control wpcf7-checkbox\"><span class=\"wpcf7-list-item first\"><label><input type=\"checkbox\" name=\"checkbox-931[]\" value=\"Integrator\" \/><span class=\"wpcf7-list-item-label\">Integrator<\/span><\/label><\/span><span class=\"wpcf7-list-item\"><label><input type=\"checkbox\" name=\"checkbox-931[]\" value=\"Builder\" \/><span class=\"wpcf7-list-item-label\">Builder<\/span><\/label><\/span><span class=\"wpcf7-list-item last\"><label><input type=\"checkbox\" name=\"checkbox-931[]\" value=\"End-User\" \/><span class=\"wpcf7-list-item-label\">End-User<\/span><\/label><\/span><\/span><\/span> \n<\/div> \n<div class=\"row row-upload-file\"> \n <label class=\"upload-file-block js-upload-file\">Attach file \n  <span class=\"wpcf7-form-control-wrap\" data-name=\"file-466\"><input size=\"40\" class=\"wpcf7-form-control wpcf7-file\" accept=\"audio\/*,video\/*,image\/*\" aria-invalid=\"false\" type=\"file\" name=\"file-466\" \/><\/span><\/label> \n<\/div><input type='hidden' class='wpcf7-pum' value='{\"closepopup\":false,\"closedelay\":0,\"openpopup\":false,\"openpopup_id\":0}' \/><div class=\"wpcf7-response-output\" aria-hidden=\"true\"><\/div>\n<\/form>\n<\/div>\n            <\/div>\r\n\r\n\t\t    <div class=\"text-holder\" data-aos=\"fade-left\">\r\n\t\t\t\t\t\t    <h3 class=\"title-block\">How Can We Help?<\/h3>\r\n\t\t\t\r\n\t\t\t                <div class=\"text-block\">\r\n                    Please select a topic below related to your inquiry. If you don&#8217;t find what you need, fill out our contact form.                <\/div>\r\n\t\t\t\r\n\t\t\t\t\t\t    <ul class=\"link-list\">\r\n\t\t\t\t\t\t\t\t\t\t\t\t\t\t\t\t\t\t<li>\r\n\t\t\t\t\t\t\t\t\t\t\t\t\t\t\t\t    <strong>Get Inspired<\/strong>\r\n\t\t\t\t\t\t\t\t\t\t\t\t\t\t\t\t\t\t\t\t\t\t\t\t    <a href=\"\/features\/\">\r\n\t\t\t\t\t\t\t\t        Discover what&#8217;s beneath our intercom\t\t\t\t\t\t\t\t    <\/a>\r\n\t\t\t\t\t\t\t\t\t\t\t\t\t\t\t<\/li>\r\n\t\t\t\t\t\t\t\t\t\t\t\t\t\t\t\t\t\t\t\t\t\t\t\t<li>\r\n\t\t\t\t\t\t\t\t\t\t\t\t\t\t\t\t    <strong>Become a Partner<\/strong>\r\n\t\t\t\t\t\t\t\t\t\t\t\t\t\t\t\t\t\t\t\t\t\t\t\t    <a href=\"\/distributors\/\">\r\n\t\t\t\t\t\t\t\t        Expand your business with BAS-IP intercom\t\t\t\t\t\t\t\t    <\/a>\r\n\t\t\t\t\t\t\t\t\t\t\t\t\t\t\t<\/li>\r\n\t\t\t\t\t\t\t\t\t\t\t\t\t\t\t\t\t\t\t\t\t\t\t\t<li>\r\n\t\t\t\t\t\t\t\t\t\t\t\t\t\t\t\t    <strong>Check the Guides<\/strong>\r\n\t\t\t\t\t\t\t\t\t\t\t\t\t\t\t\t\t\t\t\t\t\t\t\t    <a href=\"\/support\/\">\r\n\t\t\t\t\t\t\t\t        Download detailed manuals and schemes\t\t\t\t\t\t\t\t    <\/a>\r\n\t\t\t\t\t\t\t\t\t\t\t\t\t\t\t<\/li>\r\n\t\t\t\t\t\t\t\t\t\t\t\t\t\t\t<\/ul>\r\n\t\t\t\r\n\t\t\t\t\t\t    <h3 class=\"title-block\">Our contacts<\/h3>\r\n\t\t\t\r\n\t\t\t\t\t\t\t<ul class=\"contact-list\">\r\n\t\t\t\t\t\t\t\t\t\t\t\t\t\t\t\t\t\t<li>\r\n\t\t\t\t\t\t\t\t\t\t\t\t\t\t\t\t\t<strong>Sales:<\/strong>\r\n\t\t\t\t\t\t\t\t\t\t\t\t\t\t\t\t\t\t\t\t\t\t\t\t    <a href=\"mailto:sa&#108;&#101;&#115;&#64;&#98;as&#45;i&#112;.co&#109;\">&#115;&#97;l&#101;&#115;&#64;&#98;as-ip.&#99;&#111;m<\/a>\r\n\t\t\t\t\t\t\t\t\t\t\t\t\t\t\t<\/li>\r\n\t\t\t\t\t\t\t\t\t\t\t\t\t\t\t\t\t\t\t\t\t\t\t\t<li>\r\n\t\t\t\t\t\t\t\t\t\t\t\t\t\t\t\t\t<strong>Technical support:<\/strong>\r\n\t\t\t\t\t\t\t\t\t\t\t\t\t\t\t\t\t\t\t\t\t\t\t\t    <a href=\"mailto:s&#117;p&#112;o&#114;t&#64;ba&#115;-&#105;&#112;.c&#111;m\">&#115;u&#112;&#112;&#111;&#114;&#116;&#64;bas&#45;i&#112;&#46;&#99;om<\/a>\r\n\t\t\t\t\t\t\t\t\t\t\t\t\t\t\t<\/li>\r\n\t\t\t\t\t\t\t\t\t\t\t\t\t\t\t<\/ul>\r\n\t\t\t\t\t<\/div>\r\n\t<\/section>\r\n\r\n\r\n\r\n<!-- END Block Sign Up -->","protected":false},"excerpt":{"rendered":"<p>BAS-IP i NAPCO: Integracja dla Wygodnego Zarz\u0105dzania Dost\u0119pem Integracja z NAPCO odbywa si\u0119 za po\u015brednictwem panelu AV-08FB opartego na systemie Android. Poprzez pod\u0142\u0105czenie panelu do oprogramowania Card Access Software v1.2.x, u\u017cytkownicy mog\u0105 zarz\u0105dza\u0107 danymi uwierzytelniaj\u0105cymi za pomoc\u0105 pojedynczego interfejsu, eliminuj\u0105c potrzeb\u0119 oddzielnego interfejsu webowego, co upraszcza proces. Integracja obejmuje kontrol\u0119 dost\u0119pu, nadz\u00f3r wideo oraz monitorowanie [&hellip;]<\/p>","protected":false},"author":1,"featured_media":0,"parent":0,"menu_order":0,"comment_status":"closed","ping_status":"closed","template":"page-custom-breadcrumbs.php","meta":{"inline_featured_image":false,"footnotes":""},"class_list":["post-150027","page","type-page","status-publish","hentry"],"acf":[],"_links":{"self":[{"href":"https:\/\/bas-ip.com\/pl\/wp-json\/wp\/v2\/pages\/150027","targetHints":{"allow":["GET"]}}],"collection":[{"href":"https:\/\/bas-ip.com\/pl\/wp-json\/wp\/v2\/pages"}],"about":[{"href":"https:\/\/bas-ip.com\/pl\/wp-json\/wp\/v2\/types\/page"}],"author":[{"embeddable":true,"href":"https:\/\/bas-ip.com\/pl\/wp-json\/wp\/v2\/users\/1"}],"replies":[{"embeddable":true,"href":"https:\/\/bas-ip.com\/pl\/wp-json\/wp\/v2\/comments?post=150027"}],"version-history":[{"count":2,"href":"https:\/\/bas-ip.com\/pl\/wp-json\/wp\/v2\/pages\/150027\/revisions"}],"predecessor-version":[{"id":150145,"href":"https:\/\/bas-ip.com\/pl\/wp-json\/wp\/v2\/pages\/150027\/revisions\/150145"}],"wp:attachment":[{"href":"https:\/\/bas-ip.com\/pl\/wp-json\/wp\/v2\/media?parent=150027"}],"curies":[{"name":"wp","href":"https:\/\/api.w.org\/{rel}","templated":true}]}}